{"id":3875,"date":"2025-10-23T16:01:53","date_gmt":"2025-10-23T09:01:53","guid":{"rendered":"https:\/\/noithathuuthinh.vn\/?post_type=product&#038;p=3875"},"modified":"2025-10-23T16:01:53","modified_gmt":"2025-10-23T09:01:53","slug":"tu-ho-so-ntv880d","status":"publish","type":"product","link":"https:\/\/noithathuuthinh.vn\/zh-hans\/san-pham\/tu-ho-so-ntv880d\/","title":{"rendered":"T\u1ee7 h\u1ed3 s\u01a1 NTV880D"},"content":{"rendered":"<p data-start=\"708\" data-end=\"1174\">T\u1ee7 h\u1ed3 s\u01a1 NTV880D thu\u1ed9c d\u00f2ng t\u1ee7 t\u00e0i li\u1ec7u Newtrend VIP cao c\u1ea5p, \u0111\u01b0\u1ee3c thi\u1ebft k\u1ebf theo phong c\u00e1ch hi\u1ec7n \u0111\u1ea1i v\u1edbi s\u1ef1 k\u1ebft h\u1ee3p h\u00e0i h\u00f2a gi\u1eefa ch\u1ea5t li\u1ec7u Laminate v\u00e0 Melamine, mang \u0111\u1ebfn v\u1ebb ngo\u00e0i tinh t\u1ebf c\u00f9ng \u0111\u1ed9 b\u1ec1n v\u01b0\u1ee3t tr\u1ed9i. V\u1edbi chi\u1ec1u cao v\u1eeba ph\u1ea3i ch\u1ec9 880 mm, t\u1ee7 NTV880D ph\u00f9 h\u1ee3p cho nhi\u1ec1u kh\u00f4ng gian v\u0103n ph\u00f2ng t\u1eeb ph\u00f2ng l\u00e0m vi\u1ec7c c\u00e1 nh\u00e2n, khu v\u1ef1c h\u00e0nh ch\u00ednh \u0111\u1ebfn kh\u00f4ng gian gi\u00e1m \u0111\u1ed1c \u2013 n\u01a1i c\u1ea7n s\u1ef1 g\u1ecdn g\u00e0ng nh\u01b0ng v\u1eabn \u0111\u1ea3m b\u1ea3o t\u00ednh th\u1ea9m m\u1ef9 cao.<\/p>\n<p data-start=\"1176\" data-end=\"1445\">\u0110i\u1ec3m n\u1ed5i b\u1eadt c\u1ee7a t\u1ee7 h\u1ed3 s\u01a1 NTV880D ch\u00ednh l\u00e0 thi\u1ebft k\u1ebf g\u1ed3m hai c\u00e1nh d\u00e0i k\u00edn \u0111\u00e1o, \u0111\u01b0\u1ee3c trang b\u1ecb kh\u00f3a s\u1ed1 an to\u00e0n gi\u00fap b\u1ea3o m\u1eadt tuy\u1ec7t \u0111\u1ed1i cho c\u00e1c lo\u1ea1i h\u1ed3 s\u01a1 quan tr\u1ecdng. C\u1ea5u tr\u00fac t\u1ee7 \u0111\u01b0\u1ee3c t\u1ed1i \u01b0u \u0111\u1ec3 ng\u01b0\u1eddi d\u00f9ng d\u1ec5 d\u00e0ng ph\u00e2n lo\u1ea1i, s\u1eafp x\u1ebfp t\u00e0i li\u1ec7u m\u00e0 kh\u00f4ng chi\u1ebfm nhi\u1ec1u di\u1ec7n t\u00edch.<\/p>\n<p data-start=\"1447\" data-end=\"1533\">S\u1ea3n ph\u1ea9m \u0111\u01b0\u1ee3c \u00e1p d\u1ee5ng v\u1edbi hai t\u00f9y ch\u1ecdn ch\u1ea5t li\u1ec7u \u0111\u1ec3 \u0111\u00e1p \u1ee9ng \u0111a d\u1ea1ng nhu c\u1ea7u s\u1eed d\u1ee5ng:<\/p>\n<ul data-start=\"1534\" data-end=\"1869\">\n<li data-start=\"1534\" data-end=\"1716\">\n<p data-start=\"1536\" data-end=\"1716\"><strong data-start=\"1536\" data-end=\"1557\">Phi\u00ean b\u1ea3n cao c\u1ea5p<\/strong>: Laminate k\u1ebft h\u1ee3p Melamine, s\u1eed d\u1ee5ng m\u00e0u L2M12 v\u00e0 L5M52. N\u00f3c t\u1ee7 \u0111\u01b0\u1ee3c bo m\u1ecf v\u1ecbt m\u1ec1m m\u1ea1i, c\u00e1nh t\u1ee7 bo tr\u00f2n \u00bc \u0111\u01b0\u1eddng tr\u00f2n mang l\u1ea1i c\u1ea3m gi\u00e1c sang tr\u1ecdng v\u00e0 tinh t\u1ebf.<\/p>\n<\/li>\n<li data-start=\"1717\" data-end=\"1869\">\n<p data-start=\"1719\" data-end=\"1869\"><strong data-start=\"1719\" data-end=\"1742\">Phi\u00ean b\u1ea3n ph\u1ed5 th\u00f4ng<\/strong>: To\u00e0n b\u1ed9 t\u1ee7 s\u1eed d\u1ee5ng Melamine m\u00e0u M32M26, c\u00e1c c\u1ea1nh vu\u00f4ng v\u1eafn, \u0111\u01b0\u1eddng n\u00e9t d\u1ee9t kho\u00e1t, ph\u00f9 h\u1ee3p cho m\u00f4i tr\u01b0\u1eddng v\u0103n ph\u00f2ng hi\u1ec7n \u0111\u1ea1i.<\/p>\n<\/li>\n<\/ul>\n<p data-start=\"1871\" data-end=\"2183\">T\u1ee7 h\u1ed3 s\u01a1 NTV880D hi\u1ec7n \u0111\u01b0\u1ee3c <strong data-start=\"1898\" data-end=\"1932\">s\u1ea3n xu\u1ea5t t\u1ed3n kho v\u1edbi m\u00e0u L5M52<\/strong>, gam m\u00e0u trung t\u00ednh hi\u1ec7n \u0111\u1ea1i, d\u1ec5 d\u00e0ng ph\u1ed1i h\u1ee3p v\u1edbi nhi\u1ec1u ki\u1ec3u b\u00e0n l\u00e0m vi\u1ec7c kh\u00e1c nhau trong c\u00f9ng b\u1ed9 s\u01b0u t\u1eadp Newtrend VIP. Ngo\u00e0i ra, c\u00e1c phi\u00ean b\u1ea3n m\u00e0u L2M12 v\u00e0 M32M26 \u0111\u01b0\u1ee3c nh\u1eadn <strong data-start=\"2108\" data-end=\"2137\">\u0111\u1eb7t s\u1ea3n xu\u1ea5t theo y\u00eau c\u1ea7u<\/strong>, \u0111\u00e1p \u1ee9ng linh ho\u1ea1t m\u1ecdi kh\u00f4ng gian n\u1ed9i th\u1ea5t.<\/p>\n<p data-start=\"2185\" data-end=\"2515\">B\u00ean c\u1ea1nh t\u00ednh n\u0103ng l\u01b0u tr\u1eef, t\u1ee7 h\u1ed3 s\u01a1 NTV880D c\u00f2n l\u00e0 chi ti\u1ebft n\u1ed9i th\u1ea5t g\u00f3p ph\u1ea7n ho\u00e0n thi\u1ec7n phong c\u00e1ch kh\u00f4ng gian l\u00e0m vi\u1ec7c chuy\u00ean nghi\u1ec7p. V\u1edbi ki\u1ec3u d\u00e1ng thanh l\u1ecbch, \u0111\u1ed9 ho\u00e0n thi\u1ec7n cao v\u00e0 kh\u1ea3 n\u0103ng k\u1ebft h\u1ee3p d\u1ec5 d\u00e0ng c\u00f9ng b\u00e0n gi\u00e1m \u0111\u1ed1c ho\u1eb7c b\u00e0n nh\u00e2n vi\u00ean c\u00f9ng t\u00f4ng m\u00e0u, s\u1ea3n ph\u1ea9m gi\u00fap mang l\u1ea1i t\u1ed5ng th\u1ec3 v\u0103n ph\u00f2ng \u0111\u1ed3ng b\u1ed9 v\u00e0 sang tr\u1ecdng h\u01a1n.<\/p>\n<p data-start=\"2517\" data-end=\"2787\" data-is-last-node=\"\" data-is-only-node=\"\">N\u1ebfu b\u1ea1n \u0111ang t\u00ecm ki\u1ebfm m\u1ed9t m\u1eabu t\u1ee7 th\u1ea5p v\u1eeba ti\u1ec7n d\u1ee5ng, v\u1eeba c\u00f3 t\u00ednh th\u1ea9m m\u1ef9 cao, <strong data-start=\"2595\" data-end=\"2615\">t\u1ee7 h\u1ed3 s\u01a1 NTV880D<\/strong> ch\u1eafc ch\u1eafn l\u00e0 l\u1ef1a ch\u1ecdn \u0111\u00e1ng c\u00e2n nh\u1eafc. S\u1ea3n ph\u1ea9m kh\u00f4ng ch\u1ec9 gi\u00fap kh\u00f4ng gian l\u00e0m vi\u1ec7c tr\u1edf n\u00ean g\u1ecdn g\u00e0ng, ng\u0103n n\u1eafp m\u00e0 c\u00f2n th\u1ec3 hi\u1ec7n phong c\u00e1ch hi\u1ec7n \u0111\u1ea1i, \u0111\u1eb3ng c\u1ea5p c\u1ee7a doanh nghi\u1ec7p.<\/p>\n","protected":false},"excerpt":{"rendered":"<p data-start=\"24\" data-end=\"354\">T\u1ee7 h\u1ed3 s\u01a1 NTV880D l\u00e0 m\u1eabu t\u1ee7 th\u1ea5p thu\u1ed9c d\u00f2ng t\u1ee7 t\u00e0i li\u1ec7u Newtrend VIP, \u0111\u01b0\u1ee3c thi\u1ebft k\u1ebf hi\u1ec7n \u0111\u1ea1i v\u1edbi ch\u1ea5t li\u1ec7u Laminate k\u1ebft h\u1ee3p Melamine mang \u0111\u1ebfn s\u1ef1 b\u1ec1n b\u1ec9 v\u00e0 sang tr\u1ecdng cho kh\u00f4ng gian l\u00e0m vi\u1ec7c. T\u1ee7 g\u1ed3m hai c\u00e1nh d\u00e0i c\u00f3 kh\u00f3a s\u1ed1 an to\u00e0n, ph\u00f9 h\u1ee3p cho vi\u1ec7c l\u01b0u tr\u1eef h\u1ed3 s\u01a1, t\u00e0i li\u1ec7u ho\u1eb7c c\u00e1c v\u1eadt d\u1ee5ng c\u00e1 nh\u00e2n.<\/p>\n<p data-start=\"356\" data-end=\"393\">K\u00edch th\u01b0\u1edbc: W800 x D400 x H880 (mm)<\/p>\n<p data-start=\"356\" data-end=\"393\">Melamine to\u00e0n b\u1ed9 &#8211; <span style=\"color: #ed1c24; font-size: 120%;\"><strong>1.245.000 \u0111<\/strong><\/span><br \/>\nLaminate k\u1ebft h\u1ee3p Melamine &#8211; <span style=\"color: #ed1c24; font-size: 120%;\"><strong>2.047.000 \u0111<\/strong><\/span><\/p>\n<p data-start=\"395\" data-end=\"545\">Xu\u1ea5t x\u1ee9: S\u1ea3n ph\u1ea9m c\u1ee7a <strong data-start=\"417\" data-end=\"445\">C\u00d4NG TY N\u1ed8I TH\u1ea4T THE ONE<\/strong> \u2013 Ph\u00e2n ph\u1ed1i b\u1edfi <strong data-start=\"462\" data-end=\"498\">C\u00d4NG TY TNHH SXTM TTNT H\u1eeeU TH\u1ecaNH<\/strong><br data-start=\"498\" data-end=\"501\" \/>B\u1ea3o h\u00e0nh: 12 th\u00e1ng theo ti\u00eau chu\u1ea9n nh\u00e0 m\u00e1y<\/p>\n<p data-start=\"547\" data-end=\"701\"><span style=\"color: #ed1c24;\"><em data-start=\"547\" data-end=\"699\">L\u01b0u \u00fd: Gi\u00e1 tr\u00ean ch\u01b0a bao g\u1ed3m VAT v\u00e0 ph\u00ed v\u1eadn chuy\u1ec3n. Gi\u00e1 s\u1ea3n ph\u1ea9m c\u00f3 th\u1ec3 thay \u0111\u1ed5i theo t\u1eebng th\u1eddi \u0111i\u1ec3m, vui l\u00f2ng li\u00ean h\u1ec7 \u0111\u1ec3 nh\u1eadn t\u01b0 v\u1ea5n \u01b0u \u0111\u00e3i t\u1ed1t nh\u1ea5t.<\/em><\/span><\/p>\n","protected":false},"featured_media":3876,"comment_status":"open","ping_status":"closed","template":"","meta":[],"product_brand":[],"product_cat":[17,760],"product_tag":[],"class_list":{"0":"post-3875","1":"product","2":"type-product","3":"status-publish","4":"has-post-thumbnail","6":"product_cat-noi-that-van-phong","7":"product_cat-tu-go-van-phong","9":"first","10":"instock","11":"shipping-taxable","12":"purchasable","13":"product-type-simple"},"_links":{"self":[{"href":"https:\/\/noithathuuthinh.vn\/zh-hans\/wp-json\/wp\/v2\/product\/3875","targetHints":{"allow":["GET"]}}],"collection":[{"href":"https:\/\/noithathuuthinh.vn\/zh-hans\/wp-json\/wp\/v2\/product"}],"about":[{"href":"https:\/\/noithathuuthinh.vn\/zh-hans\/wp-json\/wp\/v2\/types\/product"}],"replies":[{"embeddable":true,"href":"https:\/\/noithathuuthinh.vn\/zh-hans\/wp-json\/wp\/v2\/comments?post=3875"}],"wp:featuredmedia":[{"embeddable":true,"href":"https:\/\/noithathuuthinh.vn\/zh-hans\/wp-json\/wp\/v2\/media\/3876"}],"wp:attachment":[{"href":"https:\/\/noithathuuthinh.vn\/zh-hans\/wp-json\/wp\/v2\/media?parent=3875"}],"wp:term":[{"taxonomy":"product_brand","embeddable":true,"href":"https:\/\/noithathuuthinh.vn\/zh-hans\/wp-json\/wp\/v2\/product_brand?post=3875"},{"taxonomy":"product_cat","embeddable":true,"href":"https:\/\/noithathuuthinh.vn\/zh-hans\/wp-json\/wp\/v2\/product_cat?post=3875"},{"taxonomy":"product_tag","embeddable":true,"href":"https:\/\/noithathuuthinh.vn\/zh-hans\/wp-json\/wp\/v2\/product_tag?post=3875"}],"curies":[{"name":"wp","href":"https:\/\/api.w.org\/{rel}","templated":true}]}}