{"id":3885,"date":"2025-10-23T16:35:34","date_gmt":"2025-10-23T09:35:34","guid":{"rendered":"https:\/\/noithathuuthinh.vn\/?post_type=product&#038;p=3885"},"modified":"2025-10-23T16:35:35","modified_gmt":"2025-10-23T09:35:35","slug":"ban-giam-doc-atp1890","status":"publish","type":"product","link":"https:\/\/noithathuuthinh.vn\/zh-hans\/san-pham\/ban-giam-doc-atp1890\/","title":{"rendered":"B\u00e0n Gi\u00e1m \u0111\u1ed1c ATP1890"},"content":{"rendered":"<p data-start=\"744\" data-end=\"1161\">B\u00e0n Gi\u00e1m \u0111\u1ed1c ATP1890 l\u00e0 l\u1ef1a ch\u1ecdn ho\u00e0n h\u1ea3o cho kh\u00f4ng gian l\u00e0m vi\u1ec7c c\u1ee7a c\u00e1c l\u00e3nh \u0111\u1ea1o doanh nghi\u1ec7p, n\u01a1i \u0111\u1ec1 cao s\u1ef1 sang tr\u1ecdng, tinh t\u1ebf v\u00e0 hi\u1ec7u qu\u1ea3 s\u1eed d\u1ee5ng. V\u1edbi thi\u1ebft k\u1ebf hi\u1ec7n \u0111\u1ea1i, ch\u1ea5t li\u1ec7u Melamine cao c\u1ea5p v\u00e0 s\u1ef1 k\u1ebft h\u1ee3p h\u00e0i h\u00f2a gi\u1eefa b\u00e0n ch\u00ednh, t\u1ee7 ph\u1ee5 v\u00e0 h\u1ed9c di \u0111\u1ed9ng, b\u1ed9 b\u00e0n n\u00e0y kh\u00f4ng ch\u1ec9 \u0111\u00e1p \u1ee9ng nhu c\u1ea7u c\u00f4ng vi\u1ec7c m\u00e0 c\u00f2n th\u1ec3 hi\u1ec7n \u0111\u1eb3ng c\u1ea5p v\u00e0 phong c\u00e1ch ri\u00eang c\u1ee7a ng\u01b0\u1eddi s\u1eed d\u1ee5ng.<\/p>\n<p data-start=\"1163\" data-end=\"1575\">B\u00e0n ATP1890 \u0111\u01b0\u1ee3c thi\u1ebft k\u1ebf v\u1edbi ki\u1ec3u d\u00e1ng vu\u00f4ng v\u1eafn, m\u1eb7t b\u00e0n r\u1ed9ng r\u00e3i gi\u00fap ng\u01b0\u1eddi d\u00f9ng c\u00f3 kh\u00f4ng gian tho\u1ea3i m\u00e1i \u0111\u1ec3 s\u1eafp x\u1ebfp h\u1ed3 s\u01a1, m\u00e1y t\u00ednh, ph\u1ee5 ki\u1ec7n v\u0103n ph\u00f2ng. C\u00e1c chi ti\u1ebft c\u1ea1nh b\u00e0n \u0111\u01b0\u1ee3c x\u1eed l\u00fd tinh t\u1ebf, t\u1ea1o c\u1ea3m gi\u00e1c m\u1ec1m m\u1ea1i nh\u01b0ng v\u1eabn gi\u1eef \u0111\u01b0\u1ee3c n\u00e9t kh\u1ecfe kho\u1eafn v\u00e0 hi\u1ec7n \u0111\u1ea1i. S\u1eed d\u1ee5ng ch\u1ea5t li\u1ec7u g\u1ed7 c\u00f4ng nghi\u1ec7p ph\u1ee7 Melamine cao c\u1ea5p gi\u00fap s\u1ea3n ph\u1ea9m c\u00f3 kh\u1ea3 n\u0103ng ch\u1ed1ng tr\u1ea7y x\u01b0\u1edbc, ch\u1ed1ng \u1ea9m, d\u1ec5 v\u1ec7 sinh v\u00e0 b\u1ec1n m\u00e0u theo th\u1eddi gian.<\/p>\n<p data-start=\"1577\" data-end=\"2089\">\u0110i\u1ec3m n\u1ed5i b\u1eadt c\u1ee7a <strong data-start=\"1594\" data-end=\"1618\">b\u00e0n Gi\u00e1m \u0111\u1ed1c ATP1890<\/strong> n\u1eb1m \u1edf s\u1ef1 k\u1ebft h\u1ee3p \u0111\u1ed3ng b\u1ed9 gi\u1eefa 3 ph\u1ea7n: b\u00e0n ch\u00ednh, t\u1ee7 ph\u1ee5 v\u00e0 h\u1ed9c di \u0111\u1ed9ng. B\u00e0n l\u00e0m vi\u1ec7c ch\u00ednh c\u00f3 thi\u1ebft k\u1ebf c\u00e2n \u0111\u1ed1i, trang nh\u00e3 v\u1edbi ph\u1ea7n ch\u00e2n v\u1eefng ch\u1eafc, gi\u00fap \u0111\u1ea3m b\u1ea3o s\u1ef1 \u1ed5n \u0111\u1ecbnh trong qu\u00e1 tr\u00ecnh s\u1eed d\u1ee5ng. T\u1ee7 ph\u1ee5 \u0111\u01b0\u1ee3c b\u1ed1 tr\u00ed li\u1ec1n k\u1ec1, gi\u00fap t\u0103ng kh\u00f4ng gian l\u01b0u tr\u1eef h\u1ed3 s\u01a1, t\u00e0i li\u1ec7u v\u00e0 c\u00e1c v\u1eadt d\u1ee5ng c\u00e1 nh\u00e2n, \u0111\u1ed3ng th\u1eddi t\u1ea1o c\u1ea3m gi\u00e1c li\u1ec1n m\u1ea1ch, sang tr\u1ecdng cho t\u1ed5ng th\u1ec3. B\u00ean c\u1ea1nh \u0111\u00f3, h\u1ed9c di \u0111\u1ed9ng c\u00f3 b\u00e1nh xe linh ho\u1ea1t, d\u1ec5 d\u00e0ng di chuy\u1ec3n v\u00e0 c\u00f3 th\u1ec3 b\u1ed1 tr\u00ed t\u00f9y theo nhu c\u1ea7u s\u1eed d\u1ee5ng th\u1ef1c t\u1ebf.<\/p>\n<p data-start=\"2091\" data-end=\"2370\">M\u00e0u s\u1eafc c\u1ee7a b\u00e0n ATP1890 \u0111\u01b0\u1ee3c ph\u1ed1i tinh t\u1ebf gi\u1eefa c\u00e1c t\u00f4ng g\u1ed7 tr\u1ea7m v\u00e0 s\u00e1ng, t\u1ea1o \u0111i\u1ec3m nh\u1ea5n sang tr\u1ecdng v\u00e0 chuy\u00ean nghi\u1ec7p. S\u1ef1 k\u1ebft h\u1ee3p n\u00e0y kh\u00f4ng ch\u1ec9 ph\u00f9 h\u1ee3p cho ph\u00f2ng gi\u00e1m \u0111\u1ed1c m\u00e0 c\u00f2n d\u1ec5 d\u00e0ng h\u00e0i h\u00f2a v\u1edbi c\u00e1c n\u1ed9i th\u1ea5t kh\u00e1c trong c\u00f9ng kh\u00f4ng gian nh\u01b0 t\u1ee7 t\u00e0i li\u1ec7u, b\u00e0n h\u1ecdp hay gh\u1ebf l\u00e3nh \u0111\u1ea1o.<\/p>\n<p data-start=\"2372\" data-end=\"2705\">V\u1edbi ch\u1ea5t li\u1ec7u Melamine, b\u00e0n c\u00f3 kh\u1ea3 n\u0103ng ch\u1ecbu l\u1ef1c t\u1ed1t, h\u1ea1n ch\u1ebf cong v\u00eanh v\u00e0 bong tr\u00f3c, \u0111\u1ea3m b\u1ea3o \u0111\u1ed9 b\u1ec1n cao ngay c\u1ea3 trong m\u00f4i tr\u01b0\u1eddng l\u00e0m vi\u1ec7c th\u01b0\u1eddng xuy\u00ean. L\u1edbp ph\u1ee7 b\u1ec1 m\u1eb7t gi\u00fap b\u00e0n ch\u1ed1ng th\u1ea5m n\u01b0\u1edbc, d\u1ec5 lau ch\u00f9i, duy tr\u00ec v\u1ebb \u0111\u1eb9p m\u1edbi m\u1ebb l\u00e2u d\u00e0i. \u0110\u00e2y l\u00e0 m\u1ed9t trong nh\u1eefng \u01b0u \u0111i\u1ec3m khi\u1ebfn b\u00e0n ATP1890 \u0111\u01b0\u1ee3c nhi\u1ec1u doanh nghi\u1ec7p v\u00e0 t\u1ed5 ch\u1ee9c tin d\u00f9ng.<\/p>\n<p data-start=\"2707\" data-end=\"3130\">Kh\u00f4ng ch\u1ec9 ch\u00fa tr\u1ecdng v\u00e0o thi\u1ebft k\u1ebf v\u00e0 \u0111\u1ed9 b\u1ec1n, <strong data-start=\"2751\" data-end=\"2775\">b\u00e0n Gi\u00e1m \u0111\u1ed1c ATP1890<\/strong> c\u00f2n mang l\u1ea1i s\u1ef1 ti\u1ec7n nghi t\u1ed1i \u0111a. C\u00e1c chi ti\u1ebft \u0111\u01b0\u1ee3c t\u00ednh to\u00e1n k\u1ef9 l\u01b0\u1ee1ng \u0111\u1ec3 h\u1ed7 tr\u1ee3 ng\u01b0\u1eddi s\u1eed d\u1ee5ng l\u00e0m vi\u1ec7c hi\u1ec7u qu\u1ea3 \u2013 t\u1eeb v\u1ecb tr\u00ed ng\u1ed3i tho\u1ea3i m\u00e1i, chi\u1ec1u cao ti\u00eau chu\u1ea9n, \u0111\u1ebfn h\u1ec7 th\u1ed1ng l\u01b0u tr\u1eef ti\u1ec7n l\u1ee3i. T\u1ee7 ph\u1ee5 c\u00f3 th\u1ec3 d\u00f9ng \u0111\u1ec3 \u0111\u1eb7t m\u00e1y in, h\u1ed3 s\u01a1 ho\u1eb7c c\u00e1c thi\u1ebft b\u1ecb v\u0103n ph\u00f2ng, trong khi h\u1ed9c di \u0111\u1ed9ng gi\u00fap l\u01b0u tr\u1eef t\u00e0i li\u1ec7u quan tr\u1ecdng m\u1ed9t c\u00e1ch an to\u00e0n v\u1edbi kh\u00f3a b\u1ea3o m\u1eadt.<\/p>\n<p data-start=\"3132\" data-end=\"3420\">B\u1ed9 b\u00e0n gi\u00e1m \u0111\u1ed1c n\u00e0y kh\u00f4ng ch\u1ec9 l\u00e0 m\u1ed9t m\u00f3n \u0111\u1ed3 n\u1ed9i th\u1ea5t th\u00f4ng th\u01b0\u1eddng, m\u00e0 c\u00f2n l\u00e0 bi\u1ec3u t\u01b0\u1ee3ng c\u1ee7a s\u1ef1 th\u00e0nh c\u00f4ng v\u00e0 v\u1ecb th\u1ebf c\u1ee7a ng\u01b0\u1eddi l\u00e3nh \u0111\u1ea1o. Khi \u0111\u1eb7t trong ph\u00f2ng gi\u00e1m \u0111\u1ed1c, ATP1890 gi\u00fap kh\u00f4ng gian tr\u1edf n\u00ean sang tr\u1ecdng, chuy\u00ean nghi\u1ec7p v\u00e0 t\u1ea1o \u1ea5n t\u01b0\u1ee3ng m\u1ea1nh v\u1edbi \u0111\u1ed1i t\u00e1c, kh\u00e1ch h\u00e0ng khi \u0111\u1ebfn l\u00e0m vi\u1ec7c.<\/p>\n<p data-start=\"3422\" data-end=\"3737\">N\u1ebfu b\u1ea1n \u0111ang t\u00ecm ki\u1ebfm m\u1ed9t b\u1ed9 b\u00e0n gi\u00e1m \u0111\u1ed1c v\u1eeba mang phong c\u00e1ch hi\u1ec7n \u0111\u1ea1i, v\u1eeba th\u1ec3 hi\u1ec7n \u0111\u1eb3ng c\u1ea5p v\u00e0 s\u1ef1 tinh t\u1ebf, <strong data-start=\"3531\" data-end=\"3555\">b\u00e0n Gi\u00e1m \u0111\u1ed1c ATP1890<\/strong> ch\u1eafc ch\u1eafn l\u00e0 l\u1ef1a ch\u1ecdn l\u00fd t\u01b0\u1edfng. S\u1ea3n ph\u1ea9m kh\u00f4ng ch\u1ec9 \u0111\u1ea3m b\u1ea3o t\u00ednh th\u1ea9m m\u1ef9, m\u00e0 c\u00f2n mang l\u1ea1i gi\u00e1 tr\u1ecb s\u1eed d\u1ee5ng b\u1ec1n l\u00e2u, ph\u00f9 h\u1ee3p v\u1edbi nhi\u1ec1u phong c\u00e1ch kh\u00f4ng gian t\u1eeb c\u1ed5 \u0111i\u1ec3n \u0111\u1ebfn \u0111\u01b0\u01a1ng \u0111\u1ea1i.<\/p>\n<p data-start=\"3739\" data-end=\"3948\">V\u1edbi ATP1890, ng\u01b0\u1eddi l\u00e3nh \u0111\u1ea1o c\u00f3 th\u1ec3 t\u1ef1 tin l\u00e0m vi\u1ec7c trong m\u1ed9t kh\u00f4ng gian ti\u1ec7n nghi, \u0111\u1eb3ng c\u1ea5p v\u00e0 \u0111\u1ea7y c\u1ea3m h\u1ee9ng s\u00e1ng t\u1ea1o \u2013 n\u01a1i m\u1ecdi quy\u1ebft \u0111\u1ecbnh quan tr\u1ecdng \u0111\u01b0\u1ee3c \u0111\u01b0a ra trong phong th\u00e1i t\u1ef1 tin v\u00e0 chuy\u00ean nghi\u1ec7p nh\u1ea5t.<\/p>\n","protected":false},"excerpt":{"rendered":"<p data-start=\"28\" data-end=\"299\">B\u00e0n Gi\u00e1m \u0111\u1ed1c ATP1890 l\u00e0 b\u1ed9 b\u00e0n l\u00e3nh \u0111\u1ea1o \u0111\u01b0\u1ee3c thi\u1ebft k\u1ebf tinh t\u1ebf, g\u1ed3m 3 ph\u1ea7n ch\u00ednh: b\u00e0n l\u00e0m vi\u1ec7c, t\u1ee7 ph\u1ee5 v\u00e0 h\u1ed9c di \u0111\u1ed9ng, t\u1ea5t c\u1ea3 \u0111\u1ec1u s\u1eed d\u1ee5ng ch\u1ea5t li\u1ec7u g\u1ed7 c\u00f4ng nghi\u1ec7p Melamine cao c\u1ea5p mang l\u1ea1i v\u1ebb sang tr\u1ecdng v\u00e0 hi\u1ec7n \u0111\u1ea1i cho kh\u00f4ng gian l\u00e0m vi\u1ec7c.<\/p>\n<p data-start=\"301\" data-end=\"429\">K\u00edch th\u01b0\u1edbc:<br data-start=\"312\" data-end=\"315\" \/>B\u00e0n l\u00e0m vi\u1ec7c: W1800 x D900 x H760 (mm)<br data-start=\"353\" data-end=\"356\" \/>T\u1ee7 ph\u1ee5: W1400 x D400 x H610 (mm)<br data-start=\"388\" data-end=\"391\" \/>H\u1ed9c di \u0111\u1ed9ng: W450 x D650 x H610 (mm)<\/p>\n<p data-start=\"431\" data-end=\"581\">Xu\u1ea5t x\u1ee9: S\u1ea3n ph\u1ea9m c\u1ee7a <strong data-start=\"453\" data-end=\"481\">C\u00f4ng ty N\u1ed8I TH\u1ea4T THE ONE<\/strong> \u2013 Ph\u00e2n ph\u1ed1i b\u1edfi <strong data-start=\"498\" data-end=\"534\">C\u00d4NG TY TNHH SXTM TTNT H\u1eeeU TH\u1ecaNH<\/strong><br data-start=\"534\" data-end=\"537\" \/>B\u1ea3o h\u00e0nh: 12 th\u00e1ng theo ti\u00eau chu\u1ea9n nh\u00e0 m\u00e1y<\/p>\n<p data-start=\"583\" data-end=\"737\"><span style=\"color: #ed1c24;\"><em data-start=\"583\" data-end=\"735\">L\u01b0u \u00fd: Gi\u00e1 tr\u00ean ch\u01b0a bao g\u1ed3m VAT v\u00e0 ph\u00ed v\u1eadn chuy\u1ec3n. Gi\u00e1 s\u1ea3n ph\u1ea9m c\u00f3 th\u1ec3 thay \u0111\u1ed5i theo t\u1eebng th\u1eddi \u0111i\u1ec3m, vui l\u00f2ng li\u00ean h\u1ec7 \u0111\u1ec3 nh\u1eadn t\u01b0 v\u1ea5n \u01b0u \u0111\u00e3i t\u1ed1t nh\u1ea5t.<\/em><\/span><\/p>\n","protected":false},"featured_media":3886,"comment_status":"open","ping_status":"closed","template":"","meta":[],"product_brand":[],"product_cat":[17,756],"product_tag":[],"class_list":{"0":"post-3885","1":"product","2":"type-product","3":"status-publish","4":"has-post-thumbnail","6":"product_cat-noi-that-van-phong","7":"product_cat-ban-giam-doc","9":"first","10":"instock","11":"shipping-taxable","12":"purchasable","13":"product-type-simple"},"_links":{"self":[{"href":"https:\/\/noithathuuthinh.vn\/zh-hans\/wp-json\/wp\/v2\/product\/3885","targetHints":{"allow":["GET"]}}],"collection":[{"href":"https:\/\/noithathuuthinh.vn\/zh-hans\/wp-json\/wp\/v2\/product"}],"about":[{"href":"https:\/\/noithathuuthinh.vn\/zh-hans\/wp-json\/wp\/v2\/types\/product"}],"replies":[{"embeddable":true,"href":"https:\/\/noithathuuthinh.vn\/zh-hans\/wp-json\/wp\/v2\/comments?post=3885"}],"wp:featuredmedia":[{"embeddable":true,"href":"https:\/\/noithathuuthinh.vn\/zh-hans\/wp-json\/wp\/v2\/media\/3886"}],"wp:attachment":[{"href":"https:\/\/noithathuuthinh.vn\/zh-hans\/wp-json\/wp\/v2\/media?parent=3885"}],"wp:term":[{"taxonomy":"product_brand","embeddable":true,"href":"https:\/\/noithathuuthinh.vn\/zh-hans\/wp-json\/wp\/v2\/product_brand?post=3885"},{"taxonomy":"product_cat","embeddable":true,"href":"https:\/\/noithathuuthinh.vn\/zh-hans\/wp-json\/wp\/v2\/product_cat?post=3885"},{"taxonomy":"product_tag","embeddable":true,"href":"https:\/\/noithathuuthinh.vn\/zh-hans\/wp-json\/wp\/v2\/product_tag?post=3885"}],"curies":[{"name":"wp","href":"https:\/\/api.w.org\/{rel}","templated":true}]}}