{"id":3914,"date":"2025-10-24T09:35:23","date_gmt":"2025-10-24T02:35:23","guid":{"rendered":"https:\/\/noithathuuthinh.vn\/?post_type=product&#038;p=3914"},"modified":"2025-10-24T09:35:23","modified_gmt":"2025-10-24T02:35:23","slug":"tu-tai-lieu-hs1","status":"publish","type":"product","link":"https:\/\/noithathuuthinh.vn\/zh-hans\/san-pham\/tu-tai-lieu-hs1\/","title":{"rendered":"T\u1ee7 t\u00e0i li\u1ec7u HS1"},"content":{"rendered":"<p data-start=\"767\" data-end=\"1118\">T\u1ee7 t\u00e0i li\u1ec7u HS1 l\u00e0 gi\u1ea3i ph\u00e1p l\u01b0u tr\u1eef th\u00f4ng minh v\u00e0 ti\u1ec7n l\u1ee3i cho v\u0103n ph\u00f2ng hi\u1ec7n \u0111\u1ea1i, mang \u0111\u1ebfn s\u1ef1 g\u1ecdn g\u00e0ng, ng\u0103n n\u1eafp v\u00e0 th\u1ea9m m\u1ef9 cao cho kh\u00f4ng gian l\u00e0m vi\u1ec7c. V\u1edbi thi\u1ebft k\u1ebf tinh g\u1ecdn, h\u1ed9c s\u1eaft HS1 c\u00f3 th\u1ec3 d\u1ec5 d\u00e0ng b\u1ed1 tr\u00ed d\u01b0\u1edbi b\u00e0n l\u00e0m vi\u1ec7c ho\u1eb7c di chuy\u1ec3n \u0111\u1ebfn b\u1ea5t k\u1ef3 v\u1ecb tr\u00ed n\u00e0o khi c\u1ea7n, nh\u1edd h\u1ec7 th\u1ed1ng b\u00e1nh xe linh ho\u1ea1t.<\/p>\n<p data-start=\"1120\" data-end=\"1442\">S\u1ea3n ph\u1ea9m \u0111\u01b0\u1ee3c <strong data-start=\"1134\" data-end=\"1185\">ch\u1ebf t\u1ea1o ho\u00e0n to\u00e0n t\u1eeb th\u00e9p s\u01a1n t\u0129nh \u0111i\u1ec7n cao c\u1ea5p<\/strong>, \u0111\u1ea3m b\u1ea3o \u0111\u1ed9 b\u1ec1n v\u01b0\u1ee3t tr\u1ed9i v\u00e0 kh\u1ea3 n\u0103ng ch\u1ed1ng oxy h\u00f3a trong m\u1ecdi \u0111i\u1ec1u ki\u1ec7n m\u00f4i tr\u01b0\u1eddng. L\u1edbp s\u01a1n t\u0129nh \u0111i\u1ec7n kh\u00f4ng ch\u1ec9 b\u1ea3o v\u1ec7 b\u1ec1 m\u1eb7t kh\u1ecfi tr\u1ea7y x\u01b0\u1edbc, bong tr\u00f3c m\u00e0 c\u00f2n mang l\u1ea1i v\u1ebb ngo\u00e0i hi\u1ec7n \u0111\u1ea1i, ph\u00f9 h\u1ee3p v\u1edbi phong c\u00e1ch n\u1ed9i th\u1ea5t c\u1ee7a h\u1ea7u h\u1ebft c\u00e1c v\u0103n ph\u00f2ng hi\u1ec7n nay.<\/p>\n<p data-start=\"1444\" data-end=\"1767\">\u0110i\u1ec3m n\u1ed5i b\u1eadt c\u1ee7a <strong data-start=\"1461\" data-end=\"1480\">t\u1ee7 t\u00e0i li\u1ec7u HS1<\/strong> n\u1eb1m \u1edf <strong data-start=\"1487\" data-end=\"1512\">c\u01a1 c\u1ea5u ray bi cao c\u1ea5p<\/strong>. Ba ng\u0103n k\u00e9o \u0111\u01b0\u1ee3c l\u1eafp ray tr\u01b0\u1ee3t bi gi\u00fap thao t\u00e1c m\u1edf \u2013 \u0111\u00f3ng nh\u1eb9 nh\u00e0ng, kh\u00f4ng g\u00e2y ti\u1ebfng \u1ed3n v\u00e0 \u0111\u1eb7c bi\u1ec7t b\u1ec1n b\u1ec9 trong qu\u00e1 tr\u00ecnh s\u1eed d\u1ee5ng l\u00e2u d\u00e0i. H\u1ec7 th\u1ed1ng ray bi c\u00f2n gi\u00fap ng\u0103n k\u00e9o tr\u01b0\u1ee3t ra ho\u00e0n to\u00e0n, t\u1ea1o \u0111i\u1ec1u ki\u1ec7n thu\u1eadn l\u1ee3i cho vi\u1ec7c s\u1eafp x\u1ebfp v\u00e0 l\u1ea5y t\u00e0i li\u1ec7u.<\/p>\n<p data-start=\"1769\" data-end=\"1865\">Ba ng\u0103n k\u00e9o c\u00f3 k\u00edch th\u01b0\u1edbc kh\u00e1c nhau, \u0111\u01b0\u1ee3c thi\u1ebft k\u1ebf khoa h\u1ecdc \u0111\u1ec3 ph\u1ee5c v\u1ee5 nhi\u1ec1u m\u1ee5c \u0111\u00edch l\u01b0u tr\u1eef:<\/p>\n<ul data-start=\"1866\" data-end=\"2081\">\n<li data-start=\"1866\" data-end=\"1948\">\n<p data-start=\"1868\" data-end=\"1948\"><strong data-start=\"1868\" data-end=\"1886\">Ng\u0103n tr\u00ean c\u00f9ng<\/strong> th\u01b0\u1eddng d\u00f9ng \u0111\u1ec3 c\u1ea5t gi\u1eef \u0111\u1ed3 d\u00f9ng c\u00e1 nh\u00e2n ho\u1eb7c v\u0103n ph\u00f2ng ph\u1ea9m.<\/p>\n<\/li>\n<li data-start=\"1949\" data-end=\"2081\">\n<p data-start=\"1951\" data-end=\"2081\"><strong data-start=\"1951\" data-end=\"1968\">Hai ng\u0103n d\u01b0\u1edbi<\/strong> c\u00f3 s\u1ee9c ch\u1ee9a l\u1edbn, ph\u00f9 h\u1ee3p \u0111\u1ec3 l\u01b0u tr\u1eef h\u1ed3 s\u01a1, t\u00e0i li\u1ec7u, s\u1ed5 s\u00e1ch,\u2026 gi\u00fap b\u00e0n l\u00e0m vi\u1ec7c lu\u00f4n g\u1ecdn g\u00e0ng, chuy\u00ean nghi\u1ec7p.<\/p>\n<\/li>\n<\/ul>\n<p data-start=\"2083\" data-end=\"2302\"><strong data-start=\"2083\" data-end=\"2090\">HS1<\/strong> \u0111\u01b0\u1ee3c trang b\u1ecb <strong data-start=\"2105\" data-end=\"2136\">b\u00e1nh xe di chuy\u1ec3n linh ho\u1ea1t<\/strong>, gi\u00fap ng\u01b0\u1eddi d\u00f9ng d\u1ec5 d\u00e0ng thay \u0111\u1ed5i v\u1ecb tr\u00ed h\u1ed9c m\u00e0 kh\u00f4ng c\u1ea7n t\u1ed1n s\u1ee9c n\u00e2ng \u0111\u1ee1. B\u00e1nh xe c\u00f3 th\u1ec3 kh\u00f3a c\u1ed1 \u0111\u1ecbnh khi c\u1ea7n, \u0111\u1ea3m b\u1ea3o h\u1ed9c lu\u00f4n \u0111\u1ee9ng v\u1eefng trong qu\u00e1 tr\u00ecnh s\u1eed d\u1ee5ng.<\/p>\n<p data-start=\"2304\" data-end=\"2554\">V\u1edbi k\u00edch th\u01b0\u1edbc ti\u00eau chu\u1ea9n <strong data-start=\"2330\" data-end=\"2355\">W396 x D480 x H655 mm<\/strong>, t\u1ee7 HS1 chi\u1ebfm \u00edt di\u1ec7n t\u00edch nh\u01b0ng mang l\u1ea1i hi\u1ec7u qu\u1ea3 l\u01b0u tr\u1eef cao. \u0110\u00e2y l\u00e0 l\u1ef1a ch\u1ecdn l\u00fd t\u01b0\u1edfng cho nh\u00e2n vi\u00ean v\u0103n ph\u00f2ng, k\u1ebf to\u00e1n, h\u00e0nh ch\u00ednh ho\u1eb7c c\u00e1 nh\u00e2n l\u00e0m vi\u1ec7c t\u1ea1i nh\u00e0 mu\u1ed1n t\u1ed1i \u01b0u kh\u00f4ng gian l\u00e0m vi\u1ec7c.<\/p>\n<p data-start=\"2556\" data-end=\"2818\">B\u00ean c\u1ea1nh t\u00ednh ti\u1ec7n d\u1ee5ng, <strong data-start=\"2581\" data-end=\"2600\">t\u1ee7 t\u00e0i li\u1ec7u HS1<\/strong> c\u00f2n ghi \u0111i\u1ec3m nh\u1edd ki\u1ec3u d\u00e1ng hi\u1ec7n \u0111\u1ea1i, \u0111\u01b0\u1eddng n\u00e9t vu\u00f4ng v\u1ee9c, s\u1eafc s\u1ea3o v\u00e0 m\u00e0u s\u1eafc trung t\u00ednh d\u1ec5 ph\u1ed1i h\u1ee3p v\u1edbi nhi\u1ec1u m\u1eabu b\u00e0n l\u00e0m vi\u1ec7c kh\u00e1c nhau nh\u01b0 b\u00e0n ch\u00e2n s\u1eaft, b\u00e0n modul hay b\u00e0n nh\u00e2n vi\u00ean ti\u00eau chu\u1ea9n c\u1ee7a N\u1ed9i Th\u1ea5t The One.<\/p>\n<p data-start=\"2820\" data-end=\"3073\" data-is-last-node=\"\" data-is-only-node=\"\">Nh\u1edd s\u1ef1 k\u1ebft h\u1ee3p ho\u00e0n h\u1ea3o gi\u1eefa c\u00f4ng n\u0103ng, \u0111\u1ed9 b\u1ec1n v\u00e0 t\u00ednh th\u1ea9m m\u1ef9, <strong data-start=\"2884\" data-end=\"2903\">t\u1ee7 t\u00e0i li\u1ec7u HS1<\/strong> kh\u00f4ng ch\u1ec9 gi\u00fap kh\u00f4ng gian l\u00e0m vi\u1ec7c tr\u1edf n\u00ean ng\u0103n n\u1eafp, chuy\u00ean nghi\u1ec7p h\u01a1n m\u00e0 c\u00f2n th\u1ec3 hi\u1ec7n phong c\u00e1ch qu\u1ea3n l\u00fd khoa h\u1ecdc, hi\u1ec7n \u0111\u1ea1i \u2013 m\u1ed9t l\u1ef1a ch\u1ecdn th\u00f4ng minh cho m\u1ecdi v\u0103n ph\u00f2ng.<\/p>\n","protected":false},"excerpt":{"rendered":"<p data-start=\"23\" data-end=\"415\">T\u1ee7 t\u00e0i li\u1ec7u HS1 l\u00e0 m\u1eabu <strong data-start=\"77\" data-end=\"96\">h\u1ed9c s\u1eaft di \u0111\u1ed9ng<\/strong> hi\u1ec7n \u0111\u1ea1i, \u0111\u01b0\u1ee3c s\u01a1n t\u0129nh \u0111i\u1ec7n cao c\u1ea5p gi\u00fap b\u1ec1 m\u1eb7t s\u00e1ng m\u1ecbn, b\u1ec1n m\u00e0u v\u00e0 ch\u1ed1ng g\u1ec9 s\u00e9t hi\u1ec7u qu\u1ea3. S\u1ea3n ph\u1ea9m g\u1ed3m <strong data-start=\"203\" data-end=\"228\">03 ng\u0103n k\u00e9o ti\u1ec7n d\u1ee5ng<\/strong>, s\u1eed d\u1ee5ng <strong data-start=\"238\" data-end=\"265\" data-is-only-node=\"\">c\u01a1 c\u1ea5u ray bi tr\u01b0\u1ee3t nh\u1eb9<\/strong>, cho thao t\u00e1c k\u00e9o m\u1edf \u00eam \u00e1i v\u00e0 b\u1ec1n b\u1ec9 trong qu\u00e1 tr\u00ecnh s\u1eed d\u1ee5ng. Thi\u1ebft k\u1ebf nh\u1ecf g\u1ecdn, d\u1ec5 d\u00e0ng di chuy\u1ec3n, ph\u00f9 h\u1ee3p v\u1edbi nhi\u1ec1u kh\u00f4ng gian l\u00e0m vi\u1ec7c kh\u00e1c nhau.<\/p>\n<p data-start=\"417\" data-end=\"760\">K\u00edch th\u01b0\u1edbc: W396 x D480 x H655 (mm)<br data-start=\"452\" data-end=\"455\" \/>Xu\u1ea5t x\u1ee9: S\u1ea3n ph\u1ea9m c\u1ee7a <strong data-start=\"477\" data-end=\"505\">C\u00d4NG TY N\u1ed8I TH\u1ea4T THE ONE<\/strong> \u2013 Ph\u00e2n ph\u1ed1i b\u1edfi <strong data-start=\"522\" data-end=\"558\">C\u00d4NG TY TNHH SXTM TTNT H\u1eeeU TH\u1ecaNH<\/strong><br data-start=\"558\" data-end=\"561\" \/>B\u1ea3o h\u00e0nh: 12 th\u00e1ng theo ti\u00eau chu\u1ea9n nh\u00e0 m\u00e1y<br data-start=\"603\" data-end=\"606\" \/><span style=\"color: #ed1c24;\"><em data-start=\"606\" data-end=\"758\">L\u01b0u \u00fd: Gi\u00e1 tr\u00ean ch\u01b0a bao g\u1ed3m VAT v\u00e0 ph\u00ed v\u1eadn chuy\u1ec3n. Gi\u00e1 s\u1ea3n ph\u1ea9m c\u00f3 th\u1ec3 thay \u0111\u1ed5i theo t\u1eebng th\u1eddi \u0111i\u1ec3m, vui l\u00f2ng li\u00ean h\u1ec7 \u0111\u1ec3 nh\u1eadn t\u01b0 v\u1ea5n \u01b0u \u0111\u00e3i t\u1ed1t nh\u1ea5t.<\/em><\/span><\/p>\n","protected":false},"featured_media":3915,"comment_status":"open","ping_status":"closed","template":"","meta":[],"product_brand":[],"product_cat":[17,761],"product_tag":[],"class_list":{"0":"post-3914","1":"product","2":"type-product","3":"status-publish","4":"has-post-thumbnail","6":"product_cat-noi-that-van-phong","7":"product_cat-tu-sat-van-phong","9":"first","10":"instock","11":"shipping-taxable","12":"purchasable","13":"product-type-simple"},"_links":{"self":[{"href":"https:\/\/noithathuuthinh.vn\/zh-hans\/wp-json\/wp\/v2\/product\/3914","targetHints":{"allow":["GET"]}}],"collection":[{"href":"https:\/\/noithathuuthinh.vn\/zh-hans\/wp-json\/wp\/v2\/product"}],"about":[{"href":"https:\/\/noithathuuthinh.vn\/zh-hans\/wp-json\/wp\/v2\/types\/product"}],"replies":[{"embeddable":true,"href":"https:\/\/noithathuuthinh.vn\/zh-hans\/wp-json\/wp\/v2\/comments?post=3914"}],"wp:featuredmedia":[{"embeddable":true,"href":"https:\/\/noithathuuthinh.vn\/zh-hans\/wp-json\/wp\/v2\/media\/3915"}],"wp:attachment":[{"href":"https:\/\/noithathuuthinh.vn\/zh-hans\/wp-json\/wp\/v2\/media?parent=3914"}],"wp:term":[{"taxonomy":"product_brand","embeddable":true,"href":"https:\/\/noithathuuthinh.vn\/zh-hans\/wp-json\/wp\/v2\/product_brand?post=3914"},{"taxonomy":"product_cat","embeddable":true,"href":"https:\/\/noithathuuthinh.vn\/zh-hans\/wp-json\/wp\/v2\/product_cat?post=3914"},{"taxonomy":"product_tag","embeddable":true,"href":"https:\/\/noithathuuthinh.vn\/zh-hans\/wp-json\/wp\/v2\/product_tag?post=3914"}],"curies":[{"name":"wp","href":"https:\/\/api.w.org\/{rel}","templated":true}]}}