{"id":3916,"date":"2025-10-24T11:55:38","date_gmt":"2025-10-24T04:55:38","guid":{"rendered":"https:\/\/noithathuuthinh.vn\/?post_type=product&#038;p=3916"},"modified":"2025-10-24T12:52:17","modified_gmt":"2025-10-24T05:52:17","slug":"tu-ho-so-hs1d","status":"publish","type":"product","link":"https:\/\/noithathuuthinh.vn\/zh-hans\/san-pham\/tu-ho-so-hs1d\/","title":{"rendered":"T\u1ee7 h\u1ed3 s\u01a1 HS1D"},"content":{"rendered":"<p data-start=\"735\" data-end=\"1032\">T\u1ee7 h\u1ed3 s\u01a1 HS1D l\u00e0 l\u1ef1a ch\u1ecdn ho\u00e0n h\u1ea3o cho nh\u1eefng v\u0103n ph\u00f2ng y\u00eau c\u1ea7u t\u00ednh th\u1ea9m m\u1ef9 cao, g\u1ecdn g\u00e0ng v\u00e0 chuy\u00ean nghi\u1ec7p. V\u1edbi thi\u1ebft k\u1ebf di \u0111\u1ed9ng, m\u00e0u tr\u1eafng s\u00e1ng sang tr\u1ecdng c\u00f9ng 3 ng\u0103n k\u00e9o ti\u1ec7n d\u1ee5ng, s\u1ea3n ph\u1ea9m gi\u00fap t\u1ed1i \u01b0u kh\u00f4ng gian l\u00e0m vi\u1ec7c v\u00e0 n\u00e2ng cao hi\u1ec7u qu\u1ea3 l\u01b0u tr\u1eef.<\/p>\n<p data-start=\"1034\" data-end=\"1322\">\u0110i\u1ec3m n\u1ed5i b\u1eadt c\u1ee7a <strong data-start=\"1051\" data-end=\"1059\">HS1D<\/strong> n\u1eb1m \u1edf <strong data-start=\"1066\" data-end=\"1106\">ch\u1ea5t li\u1ec7u th\u00e9p s\u01a1n t\u0129nh \u0111i\u1ec7n cao c\u1ea5p<\/strong>, mang l\u1ea1i kh\u1ea3 n\u0103ng ch\u1ed1ng g\u1ec9 s\u00e9t, ch\u1ed1ng b\u00e1m b\u1ee5i v\u00e0 ch\u1ed1ng tr\u1ea7y x\u01b0\u1edbc hi\u1ec7u qu\u1ea3. L\u1edbp s\u01a1n t\u0129nh \u0111i\u1ec7n m\u1ecbn, b\u00e1m ch\u1eafc v\u00e0 c\u00f3 \u0111\u1ed9 b\u1ec1n m\u00e0u cao, gi\u00fap h\u1ed9c lu\u00f4n s\u00e1ng b\u00f3ng nh\u01b0 m\u1edbi, \u0111\u1ed3ng th\u1eddi d\u1ec5 d\u00e0ng v\u1ec7 sinh trong qu\u00e1 tr\u00ecnh s\u1eed d\u1ee5ng.<\/p>\n<p data-start=\"1324\" data-end=\"1446\"><strong data-start=\"1324\" data-end=\"1358\">C\u1ea5u tr\u00fac 3 ng\u0103n k\u00e9o th\u00f4ng minh<\/strong> \u0111\u01b0\u1ee3c thi\u1ebft k\u1ebf v\u1edbi k\u00edch th\u01b0\u1edbc h\u1ee3p l\u00fd, cho ph\u00e9p ng\u01b0\u1eddi d\u00f9ng ph\u00e2n lo\u1ea1i t\u00e0i li\u1ec7u khoa h\u1ecdc:<\/p>\n<ul data-start=\"1447\" data-end=\"1666\">\n<li data-start=\"1447\" data-end=\"1537\">\n<p data-start=\"1449\" data-end=\"1537\"><strong data-start=\"1449\" data-end=\"1467\">Ng\u0103n tr\u00ean c\u00f9ng<\/strong> th\u00edch h\u1ee3p \u0111\u1ec3 \u0111\u1ef1ng c\u00e1c v\u1eadt d\u1ee5ng nh\u1ecf, v\u0103n ph\u00f2ng ph\u1ea9m ho\u1eb7c \u0111\u1ed3 c\u00e1 nh\u00e2n.<\/p>\n<\/li>\n<li data-start=\"1538\" data-end=\"1666\">\n<p data-start=\"1540\" data-end=\"1666\"><strong data-start=\"1540\" data-end=\"1557\">Hai ng\u0103n d\u01b0\u1edbi<\/strong> c\u00f3 dung t\u00edch l\u1edbn, ph\u00f9 h\u1ee3p \u0111\u1ec3 l\u01b0u tr\u1eef h\u1ed3 s\u01a1, t\u00e0i li\u1ec7u, s\u1ed5 s\u00e1ch,\u2026 gi\u00fap b\u00e0n l\u00e0m vi\u1ec7c lu\u00f4n g\u1ecdn g\u00e0ng, ng\u0103n n\u1eafp.<\/p>\n<\/li>\n<\/ul>\n<p data-start=\"1668\" data-end=\"1826\">H\u1ec7 th\u1ed1ng <strong data-start=\"1677\" data-end=\"1701\">ray tr\u01b0\u1ee3t bi cao c\u1ea5p<\/strong> gi\u00fap c\u00e1c ng\u0103n k\u00e9o v\u1eadn h\u00e0nh tr\u01a1n tru, \u00eam \u00e1i, kh\u00f4ng g\u00e2y ti\u1ebfng \u1ed3n, \u0111\u1ed3ng th\u1eddi \u0111\u1ea3m b\u1ea3o \u0111\u1ed9 b\u1ec1n v\u00e0 \u0111\u1ed9 ch\u00ednh x\u00e1c cao khi thao t\u00e1c.<\/p>\n<p data-start=\"1828\" data-end=\"2118\">M\u1ed9t \u01b0u \u0111i\u1ec3m kh\u00e1c c\u1ee7a <strong data-start=\"1849\" data-end=\"1866\">t\u1ee7 h\u1ed3 s\u01a1 HS1D<\/strong> l\u00e0 t\u00ednh <strong data-start=\"1875\" data-end=\"1896\">di \u0111\u1ed9ng linh ho\u1ea1t<\/strong>. H\u1ed9c \u0111\u01b0\u1ee3c trang b\u1ecb <strong data-start=\"1916\" data-end=\"1937\">b\u00e1nh xe ch\u1eafc ch\u1eafn<\/strong>, gi\u00fap d\u1ec5 d\u00e0ng di chuy\u1ec3n \u0111\u1ebfn nhi\u1ec1u v\u1ecb tr\u00ed kh\u00e1c nhau m\u00e0 kh\u00f4ng t\u1ed1n c\u00f4ng s\u1ee9c. Khi c\u1ea7n c\u1ed1 \u0111\u1ecbnh, b\u00e1nh xe c\u00f3 th\u1ec3 kh\u00f3a ch\u1eb7t \u0111\u1ec3 gi\u1eef h\u1ed9c \u0111\u1ee9ng v\u1eefng, \u0111\u1ea3m b\u1ea3o an to\u00e0n trong qu\u00e1 tr\u00ecnh s\u1eed d\u1ee5ng.<\/p>\n<p data-start=\"2120\" data-end=\"2453\">V\u1edbi <strong data-start=\"2124\" data-end=\"2171\">k\u00edch th\u01b0\u1edbc ti\u00eau chu\u1ea9n W420 x D500 x H665 mm<\/strong>, HS1D c\u00f3 th\u1ec3 \u0111\u1eb7t g\u1ecdn d\u01b0\u1edbi b\u00e0n l\u00e0m vi\u1ec7c ho\u1eb7c b\u00ean c\u1ea1nh b\u00e0n nh\u00e2n vi\u00ean, ti\u1ebft ki\u1ec7m t\u1ed1i \u0111a di\u1ec7n t\u00edch v\u0103n ph\u00f2ng. Thi\u1ebft k\u1ebf m\u00e0u tr\u1eafng s\u00e1ng trung t\u00ednh d\u1ec5 d\u00e0ng k\u1ebft h\u1ee3p c\u00f9ng c\u00e1c m\u1eabu b\u00e0n ch\u00e2n s\u1eaft, b\u00e0n g\u1ed7 c\u00f4ng nghi\u1ec7p ho\u1eb7c c\u1ee5m b\u00e0n modul, mang \u0111\u1ebfn s\u1ef1 \u0111\u1ed3ng b\u1ed9 v\u00e0 hi\u1ec7n \u0111\u1ea1i cho kh\u00f4ng gian l\u00e0m vi\u1ec7c.<\/p>\n<p data-start=\"2455\" data-end=\"2782\">Ngo\u00e0i c\u00f4ng n\u0103ng l\u01b0u tr\u1eef, <strong data-start=\"2480\" data-end=\"2497\">t\u1ee7 h\u1ed3 s\u01a1 HS1D<\/strong> c\u00f2n l\u00e0 \u0111i\u1ec3m nh\u1ea5n th\u1ea9m m\u1ef9 tinh t\u1ebf, gi\u00fap kh\u00f4ng gian v\u0103n ph\u00f2ng tr\u1edf n\u00ean chuy\u00ean nghi\u1ec7p, s\u00e1ng s\u1ee7a v\u00e0 n\u0103ng \u0111\u1ed9ng h\u01a1n. \u0110\u00e2y l\u00e0 s\u1ea3n ph\u1ea9m ph\u00f9 h\u1ee3p cho nh\u00e2n vi\u00ean h\u00e0nh ch\u00ednh, k\u1ebf to\u00e1n, v\u0103n ph\u00f2ng \u0111i\u1ec1u h\u00e0nh ho\u1eb7c c\u1ea3 c\u00e1 nh\u00e2n l\u00e0m vi\u1ec7c t\u1ea1i nh\u00e0 mu\u1ed1n t\u1ea1o d\u1ef1ng m\u1ed9t m\u00f4i tr\u01b0\u1eddng l\u00e0m vi\u1ec7c khoa h\u1ecdc v\u00e0 ti\u1ec7n nghi.<\/p>\n<p data-start=\"2784\" data-end=\"3035\" data-is-last-node=\"\" data-is-only-node=\"\">Nh\u1edd s\u1ef1 k\u1ebft h\u1ee3p ho\u00e0n h\u1ea3o gi\u1eefa <strong data-start=\"2813\" data-end=\"2850\">ch\u1ea5t l\u01b0\u1ee3ng, t\u00ednh n\u0103ng v\u00e0 thi\u1ebft k\u1ebf<\/strong>, <strong data-start=\"2852\" data-end=\"2869\">t\u1ee7 h\u1ed3 s\u01a1 HS1D<\/strong> kh\u00f4ng ch\u1ec9 gi\u00fap n\u00e2ng cao hi\u1ec7u qu\u1ea3 l\u00e0m vi\u1ec7c m\u00e0 c\u00f2n th\u1ec3 hi\u1ec7n phong c\u00e1ch hi\u1ec7n \u0111\u1ea1i, t\u1ed1i gi\u1ea3n \u2013 l\u1ef1a ch\u1ecdn l\u00fd t\u01b0\u1edfng cho m\u1ecdi v\u0103n ph\u00f2ng h\u01b0\u1edbng t\u1edbi s\u1ef1 chuy\u00ean nghi\u1ec7p v\u00e0 tinh g\u1ecdn.<\/p>\n","protected":false},"excerpt":{"rendered":"<p data-start=\"21\" data-end=\"383\">T\u1ee7 h\u1ed3 s\u01a1 HS1D l\u00e0 m\u1eabu <strong data-start=\"73\" data-end=\"103\">h\u1ed9c s\u1eaft di \u0111\u1ed9ng 3 ng\u0103n k\u00e9o<\/strong> \u0111\u01b0\u1ee3c s\u1ea3n xu\u1ea5t t\u1eeb th\u00e9p s\u01a1n t\u0129nh \u0111i\u1ec7n cao c\u1ea5p, mang m\u00e0u tr\u1eafng s\u00e1ng trang nh\u00e3, ph\u00f9 h\u1ee3p v\u1edbi kh\u00f4ng gian v\u0103n ph\u00f2ng hi\u1ec7n \u0111\u1ea1i. S\u1ea3n ph\u1ea9m c\u00f3 thi\u1ebft k\u1ebf nh\u1ecf g\u1ecdn, d\u1ec5 di chuy\u1ec3n v\u00e0 linh ho\u1ea1t trong b\u1ed1 tr\u00ed, gi\u00fap ng\u01b0\u1eddi d\u00f9ng l\u01b0u tr\u1eef t\u00e0i li\u1ec7u, h\u1ed3 s\u01a1 v\u00e0 v\u1eadt d\u1ee5ng c\u00e1 nh\u00e2n m\u1ed9t c\u00e1ch g\u1ecdn g\u00e0ng, khoa h\u1ecdc.<\/p>\n<p data-start=\"385\" data-end=\"728\">K\u00edch th\u01b0\u1edbc: W420 x D500 x H665 (mm)<br data-start=\"420\" data-end=\"423\" \/>Xu\u1ea5t x\u1ee9: S\u1ea3n ph\u1ea9m c\u1ee7a <strong data-start=\"445\" data-end=\"473\">C\u00d4NG TY N\u1ed8I TH\u1ea4T THE ONE<\/strong> \u2013 Ph\u00e2n ph\u1ed1i b\u1edfi <strong data-start=\"490\" data-end=\"526\">C\u00d4NG TY TNHH SXTM TTNT H\u1eeeU TH\u1ecaNH<\/strong><br data-start=\"526\" data-end=\"529\" \/>B\u1ea3o h\u00e0nh: 12 th\u00e1ng theo ti\u00eau chu\u1ea9n nh\u00e0 m\u00e1y<br data-start=\"571\" data-end=\"574\" \/><span style=\"color: #ed1c24;\"><em data-start=\"574\" data-end=\"726\">L\u01b0u \u00fd: Gi\u00e1 tr\u00ean ch\u01b0a bao g\u1ed3m VAT v\u00e0 ph\u00ed v\u1eadn chuy\u1ec3n. Gi\u00e1 s\u1ea3n ph\u1ea9m c\u00f3 th\u1ec3 thay \u0111\u1ed5i theo t\u1eebng th\u1eddi \u0111i\u1ec3m, vui l\u00f2ng li\u00ean h\u1ec7 \u0111\u1ec3 nh\u1eadn t\u01b0 v\u1ea5n \u01b0u \u0111\u00e3i t\u1ed1t nh\u1ea5t.<\/em><\/span><\/p>\n","protected":false},"featured_media":3917,"comment_status":"open","ping_status":"closed","template":"","meta":[],"product_brand":[],"product_cat":[17,761],"product_tag":[],"class_list":{"0":"post-3916","1":"product","2":"type-product","3":"status-publish","4":"has-post-thumbnail","6":"product_cat-noi-that-van-phong","7":"product_cat-tu-sat-van-phong","9":"first","10":"instock","11":"taxable","12":"shipping-taxable","13":"purchasable","14":"product-type-simple"},"_links":{"self":[{"href":"https:\/\/noithathuuthinh.vn\/zh-hans\/wp-json\/wp\/v2\/product\/3916","targetHints":{"allow":["GET"]}}],"collection":[{"href":"https:\/\/noithathuuthinh.vn\/zh-hans\/wp-json\/wp\/v2\/product"}],"about":[{"href":"https:\/\/noithathuuthinh.vn\/zh-hans\/wp-json\/wp\/v2\/types\/product"}],"replies":[{"embeddable":true,"href":"https:\/\/noithathuuthinh.vn\/zh-hans\/wp-json\/wp\/v2\/comments?post=3916"}],"wp:featuredmedia":[{"embeddable":true,"href":"https:\/\/noithathuuthinh.vn\/zh-hans\/wp-json\/wp\/v2\/media\/3917"}],"wp:attachment":[{"href":"https:\/\/noithathuuthinh.vn\/zh-hans\/wp-json\/wp\/v2\/media?parent=3916"}],"wp:term":[{"taxonomy":"product_brand","embeddable":true,"href":"https:\/\/noithathuuthinh.vn\/zh-hans\/wp-json\/wp\/v2\/product_brand?post=3916"},{"taxonomy":"product_cat","embeddable":true,"href":"https:\/\/noithathuuthinh.vn\/zh-hans\/wp-json\/wp\/v2\/product_cat?post=3916"},{"taxonomy":"product_tag","embeddable":true,"href":"https:\/\/noithathuuthinh.vn\/zh-hans\/wp-json\/wp\/v2\/product_tag?post=3916"}],"curies":[{"name":"wp","href":"https:\/\/api.w.org\/{rel}","templated":true}]}}