{"id":3921,"date":"2025-10-24T12:07:52","date_gmt":"2025-10-24T05:07:52","guid":{"rendered":"https:\/\/noithathuuthinh.vn\/?post_type=product&#038;p=3921"},"modified":"2025-10-24T12:07:52","modified_gmt":"2025-10-24T05:07:52","slug":"tu-ho-so-hs2","status":"publish","type":"product","link":"https:\/\/noithathuuthinh.vn\/zh-hans\/san-pham\/tu-ho-so-hs2\/","title":{"rendered":"T\u1ee7 h\u1ed3 s\u01a1 HS2"},"content":{"rendered":"<p data-start=\"1049\" data-end=\"1378\">T\u1ee7 h\u1ed3 s\u01a1 HS2 l\u00e0 l\u1ef1a ch\u1ecdn l\u00fd t\u01b0\u1edfng cho nh\u1eefng v\u0103n ph\u00f2ng hi\u1ec7n \u0111\u1ea1i c\u1ea7n s\u1ef1 k\u1ebft h\u1ee3p gi\u1eefa <strong data-start=\"1174\" data-end=\"1228\">t\u00ednh ti\u1ec7n d\u1ee5ng, \u0111\u1ed9 b\u1ec1n cao v\u00e0 t\u00ednh th\u1ea9m m\u1ef9 tinh t\u1ebf<\/strong>. V\u1edbi thi\u1ebft k\u1ebf di \u0111\u1ed9ng v\u00e0 c\u1ea5u tr\u00fac v\u1eefng ch\u1eafc, s\u1ea3n ph\u1ea9m gi\u00fap t\u1ed1i \u01b0u kh\u00f4ng gian l\u00e0m vi\u1ec7c, \u0111\u1ed3ng th\u1eddi mang \u0111\u1ebfn v\u1ebb chuy\u00ean nghi\u1ec7p, hi\u1ec7n \u0111\u1ea1i cho v\u0103n ph\u00f2ng.<\/p>\n<p data-start=\"1380\" data-end=\"1642\">To\u00e0n b\u1ed9 th\u00e2n t\u1ee7 \u0111\u01b0\u1ee3c <strong data-start=\"1401\" data-end=\"1445\">s\u1ea3n xu\u1ea5t b\u1eb1ng th\u00e9p s\u01a1n t\u0129nh \u0111i\u1ec7n cao c\u1ea5p<\/strong>, \u0111\u1ea3m b\u1ea3o kh\u1ea3 n\u0103ng ch\u1ed1ng oxy h\u00f3a, kh\u00f4ng bong tr\u00f3c v\u00e0 d\u1ec5 d\u00e0ng v\u1ec7 sinh. B\u1ec1 m\u1eb7t s\u01a1n m\u1ecbn, \u0111\u1ed3ng \u0111\u1ec1u v\u00e0 c\u00f3 \u0111\u1ed9 s\u00e1ng b\u00f3ng v\u1eeba ph\u1ea3i, gi\u00fap s\u1ea3n ph\u1ea9m gi\u1eef \u0111\u01b0\u1ee3c v\u1ebb m\u1edbi l\u00e2u d\u00e0i ngay c\u1ea3 khi s\u1eed d\u1ee5ng th\u01b0\u1eddng xuy\u00ean.<\/p>\n<p data-start=\"1644\" data-end=\"1907\">T\u1ee7 \u0111\u01b0\u1ee3c trang b\u1ecb <strong data-start=\"1661\" data-end=\"1676\">03 ng\u0103n k\u00e9o<\/strong> v\u1edbi <strong data-start=\"1681\" data-end=\"1712\">ray tr\u01b0\u1ee3t bi ch\u1ea5t l\u01b0\u1ee3ng cao<\/strong>, cho ph\u00e9p m\u1edf r\u1ed9ng ho\u00e0n to\u00e0n ng\u0103n k\u00e9o m\u00e0 v\u1eabn \u0111\u1ea3m b\u1ea3o \u0111\u1ed9 \u00eam, nh\u1eb9 v\u00e0 kh\u00f4ng g\u00e2y ti\u1ebfng \u1ed3n. Thi\u1ebft k\u1ebf n\u00e0y gi\u00fap ng\u01b0\u1eddi d\u00f9ng d\u1ec5 d\u00e0ng s\u1eafp x\u1ebfp v\u00e0 l\u1ea5y t\u00e0i li\u1ec7u, \u0111\u1ed3ng th\u1eddi k\u00e9o d\u00e0i tu\u1ed5i th\u1ecd c\u1ee7a c\u01a1 c\u1ea5u tr\u01b0\u1ee3t.<\/p>\n<p data-start=\"1909\" data-end=\"2271\">M\u1ed9t trong nh\u1eefng \u0111i\u1ec3m nh\u1ea5n c\u1ee7a <strong data-start=\"1939\" data-end=\"1955\">t\u1ee7 h\u1ed3 s\u01a1 HS2<\/strong> ch\u00ednh l\u00e0 <strong data-start=\"1965\" data-end=\"2010\">thi\u1ebft k\u1ebf m\u1eb7t ng\u0103n k\u00e9o v\u00e0 th\u00e2n h\u1ed9c \u0111\u1ed9c \u0111\u00e1o<\/strong>. C\u00e1c \u0111\u01b0\u1eddng g\u00e2n n\u1ed5i nh\u1eb9 t\u1ea1o hi\u1ec7u \u1ee9ng th\u1ea9m m\u1ef9 sang tr\u1ecdng, \u0111\u1ed3ng th\u1eddi t\u0103ng kh\u1ea3 n\u0103ng ch\u1ecbu l\u1ef1c c\u1ee7a khung t\u1ee7. Ki\u1ec3u d\u00e1ng t\u1ed1i gi\u1ea3n, hi\u1ec7n \u0111\u1ea1i v\u1edbi t\u00f4ng m\u00e0u trung t\u00ednh gi\u00fap HS2 d\u1ec5 d\u00e0ng ph\u1ed1i h\u1ee3p c\u00f9ng c\u00e1c m\u1eabu b\u00e0n l\u00e0m vi\u1ec7c ch\u00e2n s\u1eaft, b\u00e0n modul ho\u1eb7c b\u00e0n nh\u00e2n vi\u00ean ti\u00eau chu\u1ea9n.<\/p>\n<p data-start=\"2273\" data-end=\"2573\">Ngo\u00e0i ra, <strong data-start=\"2283\" data-end=\"2323\">t\u1ee7 HS2 \u0111\u01b0\u1ee3c trang b\u1ecb b\u00e1nh xe di \u0111\u1ed9ng<\/strong> ch\u1eafc ch\u1eafn, linh ho\u1ea1t di chuy\u1ec3n tr\u00ean nhi\u1ec1u lo\u1ea1i s\u00e0n kh\u00e1c nhau. Ng\u01b0\u1eddi d\u00f9ng c\u00f3 th\u1ec3 d\u1ec5 d\u00e0ng k\u00e9o h\u1ed9c \u0111\u1ebfn g\u1ea7n b\u00e0n l\u00e0m vi\u1ec7c, ho\u1eb7c c\u1ea5t g\u1ecdn d\u01b0\u1edbi g\u1ea7m b\u00e0n khi kh\u00f4ng s\u1eed d\u1ee5ng. M\u1ed9t s\u1ed1 b\u00e1nh xe c\u00f3 kh\u00f3a c\u1ed1 \u0111\u1ecbnh gi\u00fap \u0111\u1ea3m b\u1ea3o an to\u00e0n, gi\u1eef t\u1ee7 \u0111\u1ee9ng v\u1eefng khi c\u1ea7n thi\u1ebft.<\/p>\n<p data-start=\"2575\" data-end=\"2784\">V\u1edbi <strong data-start=\"2579\" data-end=\"2617\">k\u00edch th\u01b0\u1edbc W396 x D545 x H655 (mm)<\/strong>, s\u1ea3n ph\u1ea9m c\u00f3 k\u00edch c\u1ee1 g\u1ecdn g\u00e0ng, ph\u00f9 h\u1ee3p cho c\u00e1c v\u0103n ph\u00f2ng nh\u1ecf \u0111\u1ebfn l\u1edbn. Ba ng\u0103n k\u00e9o c\u00f3 dung t\u00edch h\u1ee3p l\u00fd, \u0111\u00e1p \u1ee9ng nhu c\u1ea7u l\u01b0u tr\u1eef t\u00e0i li\u1ec7u, h\u1ed3 s\u01a1 ho\u1eb7c \u0111\u1ed3 d\u00f9ng c\u00e1 nh\u00e2n.<\/p>\n<p data-start=\"2786\" data-end=\"3064\">T\u1ee7 h\u1ed3 s\u01a1 HS2 kh\u00f4ng ch\u1ec9 \u0111\u00e1p \u1ee9ng c\u00f4ng n\u0103ng l\u01b0u tr\u1eef m\u00e0 c\u00f2n g\u00f3p ph\u1ea7n ho\u00e0n thi\u1ec7n kh\u00f4ng gian l\u00e0m vi\u1ec7c chuy\u00ean nghi\u1ec7p. S\u1ea3n ph\u1ea9m l\u00e0 s\u1ef1 k\u1ebft h\u1ee3p h\u00e0i h\u00f2a gi\u1eefa <strong data-start=\"2933\" data-end=\"3005\">thi\u1ebft k\u1ebf hi\u1ec7n \u0111\u1ea1i, \u0111\u1ed9 b\u1ec1n c\u01a1 h\u1ecdc cao v\u00e0 kh\u1ea3 n\u0103ng di chuy\u1ec3n linh ho\u1ea1t<\/strong>, mang \u0111\u1ebfn gi\u1ea3i ph\u00e1p t\u1ed1i \u01b0u cho m\u1ecdi m\u00f4i tr\u01b0\u1eddng v\u0103n ph\u00f2ng.<\/p>\n<p data-start=\"3066\" data-end=\"3264\" data-is-last-node=\"\" data-is-only-node=\"\">V\u1edbi ch\u1ea5t l\u01b0\u1ee3ng \u0111\u1ea1t ti\u00eau chu\u1ea9n c\u1ee7a <strong data-start=\"3100\" data-end=\"3120\">N\u1ed9i Th\u1ea5t The One<\/strong>, <strong data-start=\"3122\" data-end=\"3138\">t\u1ee7 h\u1ed3 s\u01a1 HS2<\/strong> l\u00e0 l\u1ef1a ch\u1ecdn b\u1ec1n \u0111\u1eb9p, ti\u1ec7n d\u1ee5ng v\u00e0 th\u1ea9m m\u1ef9 cho nh\u1eefng ai mong mu\u1ed1n x\u00e2y d\u1ef1ng kh\u00f4ng gian l\u00e0m vi\u1ec7c hi\u1ec7n \u0111\u1ea1i, g\u1ecdn g\u00e0ng v\u00e0 hi\u1ec7u qu\u1ea3.<\/p>\n","protected":false},"excerpt":{"rendered":"<p data-start=\"20\" data-end=\"408\">T\u1ee7 h\u1ed3 s\u01a1 HS2 l\u00e0 m\u1eabu <strong data-start=\"71\" data-end=\"98\">h\u1ed9c s\u1eaft di \u0111\u1ed9ng cao c\u1ea5p<\/strong> \u0111\u01b0\u1ee3c thi\u1ebft k\u1ebf v\u1edbi phong c\u00e1ch hi\u1ec7n \u0111\u1ea1i, tinh t\u1ebf v\u00e0 ti\u1ec7n d\u1ee5ng. S\u1ea3n ph\u1ea9m \u0111\u01b0\u1ee3c ch\u1ebf t\u1ea1o t\u1eeb <strong data-start=\"185\" data-end=\"222\">th\u00e9p s\u01a1n t\u0129nh \u0111i\u1ec7n ch\u1ea5t l\u01b0\u1ee3ng cao<\/strong>, c\u00f3 kh\u1ea3 n\u0103ng ch\u1ed1ng g\u1ec9 s\u00e9t, ch\u1ed1ng tr\u1ea7y x\u01b0\u1edbc v\u00e0 gi\u1eef m\u00e0u b\u1ec1n \u0111\u1eb9p theo th\u1eddi gian. T\u1ee7 g\u1ed3m <strong data-start=\"308\" data-end=\"353\">3 ng\u0103n k\u00e9o s\u1eed d\u1ee5ng c\u01a1 c\u1ea5u ray bi tr\u01b0\u1ee3t \u00eam<\/strong>, gi\u00fap thao t\u00e1c m\u1edf \u2013 \u0111\u00f3ng nh\u1eb9 nh\u00e0ng, \u00eam \u00e1i v\u00e0 b\u1ec1n b\u1ec9.<\/p>\n<p data-start=\"410\" data-end=\"697\">Ph\u1ea7n <strong data-start=\"415\" data-end=\"443\">m\u1eb7t ng\u0103n k\u00e9o v\u00e0 th\u00e2n h\u1ed9c<\/strong> \u0111\u01b0\u1ee3c <strong data-start=\"449\" data-end=\"470\">thi\u1ebft k\u1ebf \u0111\u1eb7c bi\u1ec7t<\/strong> v\u1edbi c\u00e1c \u0111\u01b0\u1eddng n\u00e9t d\u1eadp n\u1ed5i tinh t\u1ebf, t\u1ea1o \u0111i\u1ec3m nh\u1ea5n th\u1ea9m m\u1ef9 hi\u1ec7n \u0111\u1ea1i, \u0111\u1ed3ng th\u1eddi t\u0103ng \u0111\u1ed9 c\u1ee9ng v\u1eefng cho s\u1ea3n ph\u1ea9m. H\u1ed9c \u0111\u01b0\u1ee3c trang b\u1ecb <strong data-start=\"598\" data-end=\"619\">b\u00e1nh xe linh ho\u1ea1t<\/strong>, gi\u00fap d\u1ec5 d\u00e0ng di chuy\u1ec3n v\u00e0 b\u1ed1 tr\u00ed \u1edf nhi\u1ec1u v\u1ecb tr\u00ed kh\u00e1c nhau trong v\u0103n ph\u00f2ng.<\/p>\n<p data-start=\"699\" data-end=\"1042\">K\u00edch th\u01b0\u1edbc: W396 x D545 x H655 (mm)<br data-start=\"734\" data-end=\"737\" \/>Xu\u1ea5t x\u1ee9: S\u1ea3n ph\u1ea9m c\u1ee7a <strong data-start=\"759\" data-end=\"787\">C\u00d4NG TY N\u1ed8I TH\u1ea4T THE ONE<\/strong> \u2013 Ph\u00e2n ph\u1ed1i b\u1edfi <strong data-start=\"804\" data-end=\"840\">C\u00d4NG TY TNHH SXTM TTNT H\u1eeeU TH\u1ecaNH<\/strong><br data-start=\"840\" data-end=\"843\" \/>B\u1ea3o h\u00e0nh: 12 th\u00e1ng theo ti\u00eau chu\u1ea9n nh\u00e0 m\u00e1y<br data-start=\"885\" data-end=\"888\" \/><span style=\"color: #ed1c24;\"><em data-start=\"888\" data-end=\"1040\" data-is-only-node=\"\">L\u01b0u \u00fd: Gi\u00e1 tr\u00ean ch\u01b0a bao g\u1ed3m VAT v\u00e0 ph\u00ed v\u1eadn chuy\u1ec3n. Gi\u00e1 s\u1ea3n ph\u1ea9m c\u00f3 th\u1ec3 thay \u0111\u1ed5i theo t\u1eebng th\u1eddi \u0111i\u1ec3m, vui l\u00f2ng li\u00ean h\u1ec7 \u0111\u1ec3 nh\u1eadn t\u01b0 v\u1ea5n \u01b0u \u0111\u00e3i t\u1ed1t nh\u1ea5t.<\/em><\/span><\/p>\n","protected":false},"featured_media":3922,"comment_status":"open","ping_status":"closed","template":"","meta":[],"product_brand":[],"product_cat":[17,761],"product_tag":[],"class_list":{"0":"post-3921","1":"product","2":"type-product","3":"status-publish","4":"has-post-thumbnail","6":"product_cat-noi-that-van-phong","7":"product_cat-tu-sat-van-phong","9":"first","10":"instock","11":"taxable","12":"shipping-taxable","13":"purchasable","14":"product-type-simple"},"_links":{"self":[{"href":"https:\/\/noithathuuthinh.vn\/zh-hans\/wp-json\/wp\/v2\/product\/3921","targetHints":{"allow":["GET"]}}],"collection":[{"href":"https:\/\/noithathuuthinh.vn\/zh-hans\/wp-json\/wp\/v2\/product"}],"about":[{"href":"https:\/\/noithathuuthinh.vn\/zh-hans\/wp-json\/wp\/v2\/types\/product"}],"replies":[{"embeddable":true,"href":"https:\/\/noithathuuthinh.vn\/zh-hans\/wp-json\/wp\/v2\/comments?post=3921"}],"wp:featuredmedia":[{"embeddable":true,"href":"https:\/\/noithathuuthinh.vn\/zh-hans\/wp-json\/wp\/v2\/media\/3922"}],"wp:attachment":[{"href":"https:\/\/noithathuuthinh.vn\/zh-hans\/wp-json\/wp\/v2\/media?parent=3921"}],"wp:term":[{"taxonomy":"product_brand","embeddable":true,"href":"https:\/\/noithathuuthinh.vn\/zh-hans\/wp-json\/wp\/v2\/product_brand?post=3921"},{"taxonomy":"product_cat","embeddable":true,"href":"https:\/\/noithathuuthinh.vn\/zh-hans\/wp-json\/wp\/v2\/product_cat?post=3921"},{"taxonomy":"product_tag","embeddable":true,"href":"https:\/\/noithathuuthinh.vn\/zh-hans\/wp-json\/wp\/v2\/product_tag?post=3921"}],"curies":[{"name":"wp","href":"https:\/\/api.w.org\/{rel}","templated":true}]}}