{"id":3939,"date":"2025-10-24T12:50:45","date_gmt":"2025-10-24T05:50:45","guid":{"rendered":"https:\/\/noithathuuthinh.vn\/?post_type=product&#038;p=3939"},"modified":"2025-11-24T14:31:59","modified_gmt":"2025-11-24T07:31:59","slug":"ban-lam-viec-chan-sat-bnh01","status":"publish","type":"product","link":"https:\/\/noithathuuthinh.vn\/zh-hans\/san-pham\/ban-lam-viec-chan-sat-bnh01\/","title":{"rendered":"B\u00e0n l\u00e0m vi\u1ec7c ch\u00e2n s\u1eaft BNH01"},"content":{"rendered":"<p data-start=\"988\" data-end=\"1372\">B\u00e0n l\u00e0m vi\u1ec7c ch\u00e2n s\u1eaft BNH01 l\u00e0 l\u1ef1a ch\u1ecdn ho\u00e0n h\u1ea3o cho nh\u1eefng ai \u0111ang t\u00ecm ki\u1ebfm m\u1ed9t <strong data-start=\"1110\" data-end=\"1167\">gi\u1ea3i ph\u00e1p b\u00e0n l\u00e0m vi\u1ec7c linh ho\u1ea1t, g\u1ecdn nh\u1eb9 v\u00e0 hi\u1ec7n \u0111\u1ea1i<\/strong>. V\u1edbi thi\u1ebft k\u1ebf th\u00f4ng minh, kh\u1ea3 n\u0103ng \u0111i\u1ec1u ch\u1ec9nh \u0111\u1ed9 cao v\u00e0 h\u1ec7 th\u1ed1ng b\u00e1nh xe di \u0111\u1ed9ng, s\u1ea3n ph\u1ea9m mang l\u1ea1i tr\u1ea3i nghi\u1ec7m l\u00e0m vi\u1ec7c ti\u1ec7n nghi v\u00e0 n\u0103ng \u0111\u1ed9ng, ph\u00f9 h\u1ee3p cho c\u1ea3 v\u0103n ph\u00f2ng l\u1eabn kh\u00f4ng gian l\u00e0m vi\u1ec7c t\u1ea1i nh\u00e0.<\/p>\n<p data-start=\"1374\" data-end=\"1698\">Khung b\u00e0n \u0111\u01b0\u1ee3c l\u00e0m t\u1eeb <strong data-start=\"1396\" data-end=\"1426\">th\u00e9p s\u01a1n t\u0129nh \u0111i\u1ec7n cao c\u1ea5p<\/strong>, \u0111\u1ea3m b\u1ea3o \u0111\u1ed9 b\u1ec1n v\u01b0\u1ee3t tr\u1ed9i, kh\u1ea3 n\u0103ng ch\u1ecbu t\u1ea3i t\u1ed1t v\u00e0 ch\u1ed1ng \u0103n m\u00f2n hi\u1ec7u qu\u1ea3. L\u1edbp s\u01a1n t\u0129nh \u0111i\u1ec7n m\u00e0u ghi s\u00e1ng kh\u00f4ng ch\u1ec9 gi\u00fap b\u00e0n ch\u1ed1ng g\u1ec9 m\u00e0 c\u00f2n t\u0103ng t\u00ednh th\u1ea9m m\u1ef9, d\u1ec5 d\u00e0ng ph\u1ed1i h\u1ee3p v\u1edbi nhi\u1ec1u phong c\u00e1ch n\u1ed9i th\u1ea5t kh\u00e1c nhau \u2013 t\u1eeb hi\u1ec7n \u0111\u1ea1i, t\u1ed1i gi\u1ea3n cho \u0111\u1ebfn kh\u00f4ng gian s\u00e1ng t\u1ea1o.<\/p>\n<p data-start=\"1700\" data-end=\"1934\"><strong data-start=\"1700\" data-end=\"1736\">M\u1eb7t b\u00e0n b\u1eb1ng g\u1ed7 Melamine cao c\u1ea5p<\/strong>, ph\u1ee7 l\u1edbp ch\u1ed1ng tr\u1ea7y x\u01b0\u1edbc v\u00e0 ch\u1ed1ng \u1ea9m, gi\u00fap d\u1ec5 d\u00e0ng lau ch\u00f9i, v\u1ec7 sinh trong qu\u00e1 tr\u00ecnh s\u1eed d\u1ee5ng. M\u00e0u v\u00e2n g\u1ed7 t\u1ef1 nhi\u00ean mang \u0111\u1ebfn c\u1ea3m gi\u00e1c g\u1ea7n g\u0169i, t\u1ea1o \u0111i\u1ec3m nh\u1ea5n \u1ea5m \u00e1p gi\u1eefa kh\u00f4ng gian l\u00e0m vi\u1ec7c hi\u1ec7n \u0111\u1ea1i.<\/p>\n<p data-start=\"1936\" data-end=\"2302\">\u0110i\u1ec3m n\u1ed5i b\u1eadt nh\u1ea5t c\u1ee7a <strong data-start=\"1958\" data-end=\"1971\">b\u00e0n BNH01<\/strong> l\u00e0 kh\u1ea3 n\u0103ng <strong data-start=\"1984\" data-end=\"2039\">\u0111i\u1ec1u ch\u1ec9nh chi\u1ec1u cao linh ho\u1ea1t t\u1eeb 610 mm \u0111\u1ebfn 960 mm<\/strong>, gi\u00fap ng\u01b0\u1eddi d\u00f9ng c\u00f3 th\u1ec3 thay \u0111\u1ed5i t\u01b0 th\u1ebf l\u00e0m vi\u1ec7c m\u1ed9t c\u00e1ch d\u1ec5 d\u00e0ng \u2013 t\u1eeb ng\u1ed3i sang \u0111\u1ee9ng v\u00e0 ng\u01b0\u1ee3c l\u1ea1i. \u0110\u00e2y l\u00e0 y\u1ebfu t\u1ed1 \u0111\u1eb7c bi\u1ec7t quan tr\u1ecdng trong xu h\u01b0\u1edbng \u201cl\u00e0m vi\u1ec7c linh ho\u1ea1t\u201d hi\u1ec7n nay, gi\u00fap gi\u1ea3m c\u0103ng th\u1eb3ng c\u01a1 b\u1eafp, c\u1ea3i thi\u1ec7n tu\u1ea7n ho\u00e0n m\u00e1u v\u00e0 t\u0103ng n\u0103ng su\u1ea5t lao \u0111\u1ed9ng.<\/p>\n<p data-start=\"2304\" data-end=\"2565\">Ngo\u00e0i ra, b\u00e0n \u0111\u01b0\u1ee3c thi\u1ebft k\u1ebf <strong data-start=\"2332\" data-end=\"2365\">4 b\u00e1nh xe di \u0111\u1ed9ng xoay 360 \u0111\u1ed9<\/strong>, gi\u00fap vi\u1ec7c di chuy\u1ec3n tr\u1edf n\u00ean v\u00f4 c\u00f9ng thu\u1eadn ti\u1ec7n, ngay c\u1ea3 trong kh\u00f4ng gian h\u1eb9p. M\u1ed7i b\u00e1nh xe \u0111\u1ec1u \u0111\u01b0\u1ee3c <strong data-start=\"2466\" data-end=\"2497\">trang b\u1ecb kh\u00f3a h\u00e3m ch\u1eafc ch\u1eafn<\/strong>, gi\u00fap b\u00e0n c\u1ed1 \u0111\u1ecbnh an to\u00e0n khi l\u00e0m vi\u1ec7c ho\u1eb7c \u0111\u1eb7t thi\u1ebft b\u1ecb \u0111i\u1ec7n t\u1eed.<\/p>\n<p data-start=\"2567\" data-end=\"2874\">V\u1edbi <strong data-start=\"2571\" data-end=\"2604\">k\u00edch th\u01b0\u1edbc W690 x D670\u2013820 mm<\/strong>, b\u00e0n c\u00f3 di\u1ec7n t\u00edch \u0111\u1ee7 r\u1ed9ng \u0111\u1ec3 b\u1ed1 tr\u00ed m\u00e1y t\u00ednh x\u00e1ch tay, m\u00e0n h\u00ecnh, s\u1ed5 s\u00e1ch v\u00e0 c\u00e1c v\u1eadt d\u1ee5ng v\u0103n ph\u00f2ng kh\u00e1c m\u00e0 v\u1eabn \u0111\u1ea3m b\u1ea3o s\u1ef1 g\u1ecdn g\u00e0ng. Chi\u1ec1u s\u00e2u m\u1eb7t b\u00e0n c\u00f3 th\u1ec3 m\u1edf r\u1ed9ng \u0111\u1ebfn 820 mm, r\u1ea5t ph\u00f9 h\u1ee3p cho nh\u1eefng c\u00f4ng vi\u1ec7c c\u1ea7n kh\u00f4ng gian thao t\u00e1c l\u1edbn ho\u1eb7c \u0111\u1eb7t th\u00eam ph\u1ee5 ki\u1ec7n h\u1ed7 tr\u1ee3.<\/p>\n<p data-start=\"2876\" data-end=\"3201\">Thi\u1ebft k\u1ebf t\u1ed5ng th\u1ec3 c\u1ee7a <strong data-start=\"2898\" data-end=\"2911\">b\u00e0n BNH01<\/strong> h\u01b0\u1edbng \u0111\u1ebfn s\u1ef1 t\u1ed1i gi\u1ea3n nh\u01b0ng tinh t\u1ebf, c\u00e1c \u0111\u01b0\u1eddng n\u00e9t khung th\u00e9p bo tr\u00f2n m\u1ec1m m\u1ea1i, gi\u1ea3m va ch\u1ea1m trong qu\u00e1 tr\u00ecnh s\u1eed d\u1ee5ng. C\u1ea5u tr\u00fac kh\u1edbp n\u1ed1i linh ho\u1ea1t gi\u00fap vi\u1ec7c \u0111i\u1ec1u ch\u1ec9nh chi\u1ec1u cao nh\u1eb9 nh\u00e0ng, ph\u00f9 h\u1ee3p cho m\u1ecdi \u0111\u1ed1i t\u01b0\u1ee3ng \u2013 t\u1eeb nh\u00e2n vi\u00ean v\u0103n ph\u00f2ng, h\u1ecdc sinh \u2013 sinh vi\u00ean \u0111\u1ebfn ng\u01b0\u1eddi l\u00e0m vi\u1ec7c t\u1ea1i nh\u00e0.<\/p>\n<p data-start=\"3203\" data-end=\"3526\">Kh\u00f4ng ch\u1ec9 l\u00e0 m\u1ed9t chi\u1ebfc b\u00e0n l\u00e0m vi\u1ec7c th\u00f4ng th\u01b0\u1eddng, <strong data-start=\"3253\" data-end=\"3262\">BNH01<\/strong> c\u00f2n l\u00e0 <strong data-start=\"3270\" data-end=\"3308\">s\u1ea3n ph\u1ea9m c\u00f4ng th\u00e1i h\u1ecdc (ergonomic)<\/strong> gi\u00fap ng\u01b0\u1eddi d\u00f9ng duy tr\u00ec t\u01b0 th\u1ebf l\u00e0m vi\u1ec7c khoa h\u1ecdc, gi\u1ea3m c\u00e1c b\u1ec7nh l\u00fd v\u1ec1 c\u1ed9t s\u1ed1ng v\u00e0 c\u1ed5 vai g\u00e1y do ng\u1ed3i l\u00e2u. \u0110\u00e2y l\u00e0 l\u1ef1a ch\u1ecdn tuy\u1ec7t v\u1eddi cho nh\u1eefng ai y\u00eau th\u00edch s\u1ef1 ch\u1ee7 \u0111\u1ed9ng, ti\u1ec7n \u00edch v\u00e0 hi\u1ec7n \u0111\u1ea1i trong kh\u00f4ng gian l\u00e0m vi\u1ec7c.<\/p>\n<p data-start=\"3528\" data-end=\"3888\" data-is-last-node=\"\" data-is-only-node=\"\">V\u1edbi s\u1ef1 k\u1ebft h\u1ee3p gi\u1eefa <strong data-start=\"3548\" data-end=\"3610\">ch\u1ea5t li\u1ec7u b\u1ec1n b\u1ec9, thi\u1ebft k\u1ebf tinh g\u1ecdn v\u00e0 c\u00f4ng n\u0103ng linh ho\u1ea1t<\/strong>, <strong data-start=\"3612\" data-end=\"3643\">b\u00e0n l\u00e0m vi\u1ec7c ch\u00e2n s\u1eaft BNH01<\/strong> x\u1ee9ng \u0111\u00e1ng l\u00e0 ng\u01b0\u1eddi b\u1ea1n \u0111\u1ed3ng h\u00e0nh l\u00fd t\u01b0\u1edfng trong m\u1ecdi m\u00f4i tr\u01b0\u1eddng l\u00e0m vi\u1ec7c. S\u1ea3n ph\u1ea9m kh\u00f4ng ch\u1ec9 gi\u00fap t\u1ed1i \u01b0u kh\u00f4ng gian m\u00e0 c\u00f2n mang l\u1ea1i tr\u1ea3i nghi\u1ec7m s\u1eed d\u1ee5ng tho\u1ea3i m\u00e1i, an to\u00e0n v\u00e0 chuy\u00ean nghi\u1ec7p \u2013 th\u1ec3 hi\u1ec7n \u0111\u1eb3ng c\u1ea5p thi\u1ebft k\u1ebf \u0111\u1ebfn t\u1eeb <strong data-start=\"3867\" data-end=\"3887\">N\u1ed9i Th\u1ea5t The One<\/strong>.<\/p>\n","protected":false},"excerpt":{"rendered":"<p data-start=\"35\" data-end=\"348\">B\u00e0n l\u00e0m vi\u1ec7c ch\u00e2n s\u1eaft BNH01 l\u00e0 m\u1eabu <strong data-start=\"101\" data-end=\"127\">b\u00e0n di \u0111\u1ed9ng th\u00f4ng minh<\/strong>, \u0111\u01b0\u1ee3c thi\u1ebft k\u1ebf v\u1edbi <strong data-start=\"147\" data-end=\"175\">khung th\u00e9p s\u01a1n t\u0129nh \u0111i\u1ec7n<\/strong> ch\u1eafc ch\u1eafn, ch\u1ed1ng g\u1ec9 s\u00e9t v\u00e0 b\u1ec1n b\u1ec9 theo th\u1eddi gian. M\u1eb7t b\u00e0n s\u1eed d\u1ee5ng <strong data-start=\"242\" data-end=\"287\">ch\u1ea5t li\u1ec7u g\u1ed7 Melamine m\u00e0u v\u00e2n g\u1ed7 t\u1ef1 nhi\u00ean<\/strong>, t\u1ea1o c\u1ea3m gi\u00e1c \u1ea5m \u00e1p v\u00e0 th\u00e2n thi\u1ec7n cho kh\u00f4ng gian l\u00e0m vi\u1ec7c.<\/p>\n<p data-start=\"350\" data-end=\"630\">\u0110\u1eb7c bi\u1ec7t, b\u00e0n BNH01 cho ph\u00e9p <strong data-start=\"379\" data-end=\"415\">\u0111i\u1ec1u ch\u1ec9nh \u0111\u1ed9 cao th\u1ea5p linh ho\u1ea1t<\/strong>, gi\u00fap ng\u01b0\u1eddi d\u00f9ng d\u1ec5 d\u00e0ng thay \u0111\u1ed5i t\u01b0 th\u1ebf ng\u1ed3i \u2013 \u0111\u1ee9ng khi l\u00e0m vi\u1ec7c, h\u1ed7 tr\u1ee3 t\u1ed1t cho s\u1ee9c kh\u1ecfe v\u00e0 n\u00e2ng cao hi\u1ec7u su\u1ea5t. <strong data-start=\"530\" data-end=\"586\">Ch\u00e2n b\u00e0n \u0111\u01b0\u1ee3c trang b\u1ecb 4 b\u00e1nh xe di \u0111\u1ed9ng c\u00f3 kh\u00f3a h\u00e3m<\/strong>, thu\u1eadn ti\u1ec7n di chuy\u1ec3n v\u00e0 c\u1ed1 \u0111\u1ecbnh khi c\u1ea7n.<\/p>\n<p data-start=\"632\" data-end=\"981\">K\u00edch th\u01b0\u1edbc: W690 x D670\u2013820 x H610\u2013960 mm<br data-start=\"673\" data-end=\"676\" \/>Xu\u1ea5t x\u1ee9: S\u1ea3n ph\u1ea9m c\u1ee7a <strong data-start=\"698\" data-end=\"726\">C\u00d4NG TY N\u1ed8I TH\u1ea4T THE ONE<\/strong> \u2013 Ph\u00e2n ph\u1ed1i b\u1edfi <strong data-start=\"743\" data-end=\"779\">C\u00d4NG TY TNHH SXTM TTNT H\u1eeeU TH\u1ecaNH<\/strong><br data-start=\"779\" data-end=\"782\" \/>B\u1ea3o h\u00e0nh: 12 th\u00e1ng theo ti\u00eau chu\u1ea9n nh\u00e0 m\u00e1y<br data-start=\"824\" data-end=\"827\" \/><span style=\"color: #ed1c24;\"><em data-start=\"827\" data-end=\"979\">L\u01b0u \u00fd: Gi\u00e1 tr\u00ean ch\u01b0a bao g\u1ed3m VAT v\u00e0 ph\u00ed v\u1eadn chuy\u1ec3n. Gi\u00e1 s\u1ea3n ph\u1ea9m c\u00f3 th\u1ec3 thay \u0111\u1ed5i theo t\u1eebng th\u1eddi \u0111i\u1ec3m, vui l\u00f2ng li\u00ean h\u1ec7 \u0111\u1ec3 nh\u1eadn t\u01b0 v\u1ea5n \u01b0u \u0111\u00e3i t\u1ed1t nh\u1ea5t.<\/em><\/span><\/p>\n","protected":false},"featured_media":3940,"comment_status":"open","ping_status":"closed","template":"","meta":[],"product_brand":[],"product_cat":[17,179],"product_tag":[],"class_list":{"0":"post-3939","1":"product","2":"type-product","3":"status-publish","4":"has-post-thumbnail","6":"product_cat-noi-that-van-phong","7":"product_cat-ban-lam-viec-chan-sat","9":"first","10":"instock","11":"taxable","12":"shipping-taxable","13":"purchasable","14":"product-type-simple"},"_links":{"self":[{"href":"https:\/\/noithathuuthinh.vn\/zh-hans\/wp-json\/wp\/v2\/product\/3939","targetHints":{"allow":["GET"]}}],"collection":[{"href":"https:\/\/noithathuuthinh.vn\/zh-hans\/wp-json\/wp\/v2\/product"}],"about":[{"href":"https:\/\/noithathuuthinh.vn\/zh-hans\/wp-json\/wp\/v2\/types\/product"}],"replies":[{"embeddable":true,"href":"https:\/\/noithathuuthinh.vn\/zh-hans\/wp-json\/wp\/v2\/comments?post=3939"}],"wp:featuredmedia":[{"embeddable":true,"href":"https:\/\/noithathuuthinh.vn\/zh-hans\/wp-json\/wp\/v2\/media\/3940"}],"wp:attachment":[{"href":"https:\/\/noithathuuthinh.vn\/zh-hans\/wp-json\/wp\/v2\/media?parent=3939"}],"wp:term":[{"taxonomy":"product_brand","embeddable":true,"href":"https:\/\/noithathuuthinh.vn\/zh-hans\/wp-json\/wp\/v2\/product_brand?post=3939"},{"taxonomy":"product_cat","embeddable":true,"href":"https:\/\/noithathuuthinh.vn\/zh-hans\/wp-json\/wp\/v2\/product_cat?post=3939"},{"taxonomy":"product_tag","embeddable":true,"href":"https:\/\/noithathuuthinh.vn\/zh-hans\/wp-json\/wp\/v2\/product_tag?post=3939"}],"curies":[{"name":"wp","href":"https:\/\/api.w.org\/{rel}","templated":true}]}}