{"id":3944,"date":"2025-10-24T13:07:42","date_gmt":"2025-10-24T06:07:42","guid":{"rendered":"https:\/\/noithathuuthinh.vn\/?post_type=product&#038;p=3944"},"modified":"2025-11-24T14:31:24","modified_gmt":"2025-11-24T07:31:24","slug":"ban-lam-viec-chan-sat-bnh02","status":"publish","type":"product","link":"https:\/\/noithathuuthinh.vn\/zh-hans\/san-pham\/ban-lam-viec-chan-sat-bnh02\/","title":{"rendered":"B\u00e0n l\u00e0m vi\u1ec7c ch\u00e2n s\u1eaft BNH02"},"content":{"rendered":"<p data-start=\"1083\" data-end=\"1460\">B\u00e0n l\u00e0m vi\u1ec7c ch\u00e2n s\u1eaft BNH02 l\u00e0 \u0111\u1ea1i di\u1ec7n ti\u00eau bi\u1ec3u cho d\u00f2ng <strong data-start=\"1184\" data-end=\"1215\">b\u00e0n \u0111i\u1ec7n n\u00e2ng h\u1ea1 th\u00f4ng minh<\/strong> \u2013 m\u1ed9t gi\u1ea3i ph\u00e1p hi\u1ec7n \u0111\u1ea1i gi\u00fap ng\u01b0\u1eddi d\u00f9ng linh ho\u1ea1t thay \u0111\u1ed5i t\u01b0 th\u1ebf l\u00e0m vi\u1ec7c, t\u1ed1i \u01b0u s\u1ee9c kh\u1ecfe v\u00e0 hi\u1ec7u su\u1ea5t c\u00f4ng vi\u1ec7c. V\u1edbi kh\u1ea3 n\u0103ng \u0111i\u1ec1u ch\u1ec9nh chi\u1ec1u cao b\u1eb1ng <strong data-start=\"1372\" data-end=\"1397\">h\u1ec7 th\u1ed1ng \u0111i\u1ec7n t\u1ef1 \u0111\u1ed9ng<\/strong>, b\u00e0n mang \u0111\u1ebfn s\u1ef1 ti\u1ec7n l\u1ee3i v\u01b0\u1ee3t tr\u1ed9i so v\u1edbi b\u00e0n truy\u1ec1n th\u1ed1ng.<\/p>\n<p data-start=\"1462\" data-end=\"1926\">\u0110i\u1ec3m n\u1ed5i b\u1eadt c\u1ee7a <strong data-start=\"1479\" data-end=\"1488\">BNH02<\/strong> n\u1eb1m \u1edf <strong data-start=\"1495\" data-end=\"1531\">b\u1ed9 \u0111i\u1ec1u khi\u1ec3n \u0111i\u1ec7n t\u1eed th\u00f4ng minh<\/strong> \u0111\u01b0\u1ee3c g\u1eafn \u1edf m\u00e9p b\u00e0n. M\u00e0n h\u00ecnh LED hi\u1ec3n th\u1ecb ch\u00ednh x\u00e1c chi\u1ec1u cao hi\u1ec7n t\u1ea1i, gi\u00fap ng\u01b0\u1eddi d\u00f9ng \u0111i\u1ec1u ch\u1ec9nh \u0111\u1ed9 cao ph\u00f9 h\u1ee3p cho t\u1eebng t\u01b0 th\u1ebf \u2013 t\u1eeb ng\u1ed3i l\u00e0m vi\u1ec7c tho\u1ea3i m\u00e1i \u0111\u1ebfn \u0111\u1ee9ng th\u01b0 gi\u00e3n. \u0110\u1eb7c bi\u1ec7t, b\u00e0n c\u00f3 <strong data-start=\"1727\" data-end=\"1761\">ch\u1ee9c n\u0103ng nh\u1edb v\u1ecb tr\u00ed chi\u1ec1u cao<\/strong> (memory presets), cho ph\u00e9p l\u01b0u nhi\u1ec1u m\u1ee9c chi\u1ec1u cao kh\u00e1c nhau. Ch\u1ec9 v\u1edbi m\u1ed9t n\u00fat b\u1ea5m, b\u00e0n s\u1ebd t\u1ef1 \u0111\u1ed9ng di chuy\u1ec3n \u0111\u1ebfn v\u1ecb tr\u00ed mong mu\u1ed1n m\u00e0 kh\u00f4ng c\u1ea7n \u0111i\u1ec1u ch\u1ec9nh th\u1ee7 c\u00f4ng.<\/p>\n<p data-start=\"1928\" data-end=\"2192\">M\u1ed9t \u0111i\u1ec3m c\u1ed9ng l\u1edbn kh\u00e1c l\u00e0 <strong data-start=\"1954\" data-end=\"2003\">t\u00ednh n\u0103ng s\u1ea1c kh\u00f4ng d\u00e2y t\u00edch h\u1ee3p tr\u00ean m\u1eb7t b\u00e0n<\/strong>, gi\u00fap ng\u01b0\u1eddi d\u00f9ng s\u1ea1c \u0111i\u1ec7n tho\u1ea1i th\u00f4ng minh ho\u1eb7c c\u00e1c thi\u1ebft b\u1ecb h\u1ed7 tr\u1ee3 s\u1ea1c Qi m\u00e0 kh\u00f4ng c\u1ea7n d\u00e2y c\u00e1p r\u01b0\u1eddm r\u00e0. \u0110\u00e2y l\u00e0 m\u1ed9t chi ti\u1ebft nh\u1ecf nh\u01b0ng th\u1ec3 hi\u1ec7n r\u00f5 s\u1ef1 tinh t\u1ebf v\u00e0 ti\u1ec7n d\u1ee5ng trong thi\u1ebft k\u1ebf.<\/p>\n<p data-start=\"2194\" data-end=\"2571\">Khung b\u00e0n \u0111\u01b0\u1ee3c l\u00e0m t\u1eeb <strong data-start=\"2216\" data-end=\"2246\">th\u00e9p s\u01a1n t\u0129nh \u0111i\u1ec7n cao c\u1ea5p<\/strong>, \u0111\u1ea3m b\u1ea3o \u0111\u1ed9 v\u1eefng ch\u1eafc v\u00e0 kh\u1ea3 n\u0103ng ch\u1ecbu l\u1ef1c v\u01b0\u1ee3t tr\u1ed9i. C\u1ea5u tr\u00fac n\u00e2ng h\u1ea1 ho\u1ea1t \u0111\u1ed9ng \u00eam \u00e1i, kh\u00f4ng g\u00e2y ti\u1ebfng \u1ed3n, th\u00edch h\u1ee3p cho c\u1ea3 v\u0103n ph\u00f2ng l\u00e0m vi\u1ec7c chuy\u00ean nghi\u1ec7p l\u1eabn kh\u00f4ng gian h\u1ecdc t\u1eadp t\u1ea1i nh\u00e0. B\u1ec1 m\u1eb7t b\u00e0n c\u00f3 k\u00edch th\u01b0\u1edbc <strong data-start=\"2462\" data-end=\"2481\">W1200 x D600 mm<\/strong>, v\u1eeba \u0111\u1ee7 r\u1ed9ng \u0111\u1ec3 b\u1ed1 tr\u00ed m\u00e1y t\u00ednh, t\u00e0i li\u1ec7u, thi\u1ebft b\u1ecb \u0111i\u1ec7n t\u1eed m\u00e0 v\u1eabn \u0111\u1ea3m b\u1ea3o s\u1ef1 g\u1ecdn g\u00e0ng.<\/p>\n<p data-start=\"2573\" data-end=\"2656\">Ng\u01b0\u1eddi d\u00f9ng c\u00f3 th\u1ec3 t\u00f9y ch\u1ecdn <strong data-start=\"2600\" data-end=\"2628\">3 lo\u1ea1i m\u1eb7t b\u00e0n kh\u00e1c nhau<\/strong> theo s\u1edf th\u00edch v\u00e0 nhu c\u1ea7u:<\/p>\n<ul data-start=\"2657\" data-end=\"3028\">\n<li data-start=\"2657\" data-end=\"2767\">\n<p data-start=\"2659\" data-end=\"2767\"><strong data-start=\"2659\" data-end=\"2671\">BNH02M12<\/strong> v\u1edbi m\u1eb7t g\u1ed7 Melamine m\u00e0u M12: \u0111\u01a1n gi\u1ea3n, tinh t\u1ebf, d\u1ec5 ph\u1ed1i h\u1ee3p v\u1edbi kh\u00f4ng gian n\u1ed9i th\u1ea5t hi\u1ec7n \u0111\u1ea1i.<\/p>\n<\/li>\n<li data-start=\"2768\" data-end=\"2882\">\n<p data-start=\"2770\" data-end=\"2882\"><strong data-start=\"2770\" data-end=\"2781\">BNH02L2<\/strong> s\u1eed d\u1ee5ng m\u1eb7t Laminate cao c\u1ea5p: ch\u1ed1ng tr\u1ea7y x\u01b0\u1edbc, ch\u1ed1ng \u1ea9m, c\u00f3 \u0111\u1ed9 b\u00f3ng nh\u1eb9 v\u00e0 b\u1ec1n m\u00e0u theo th\u1eddi gian.<\/p>\n<\/li>\n<li data-start=\"2883\" data-end=\"3028\">\n<p data-start=\"2885\" data-end=\"3028\"><strong data-start=\"2885\" data-end=\"2895\">BNH02G<\/strong> l\u00e0 l\u1ef1a ch\u1ecdn cho nh\u1eefng ai y\u00eau th\u00edch ch\u1ea5t li\u1ec7u t\u1ef1 nhi\u00ean, v\u1edbi m\u1eb7t g\u1ed7 cao su d\u00e0y 18 mm mang l\u1ea1i c\u1ea3m gi\u00e1c \u1ea5m \u00e1p, th\u00e2n thi\u1ec7n v\u00e0 g\u1ea7n g\u0169i.<\/p>\n<\/li>\n<\/ul>\n<p data-start=\"3030\" data-end=\"3389\">Kho\u1ea3ng \u0111i\u1ec1u ch\u1ec9nh chi\u1ec1u cao c\u1ee7a b\u00e0n <strong data-start=\"3066\" data-end=\"3088\">t\u1eeb 820 \u0111\u1ebfn 1120 mm<\/strong> gi\u00fap ph\u00f9 h\u1ee3p cho nhi\u1ec1u \u0111\u1ed1i t\u01b0\u1ee3ng s\u1eed d\u1ee5ng \u2013 t\u1eeb nh\u00e2n vi\u00ean v\u0103n ph\u00f2ng, h\u1ecdc sinh, sinh vi\u00ean \u0111\u1ebfn ng\u01b0\u1eddi l\u00e0m vi\u1ec7c s\u00e1ng t\u1ea1o ho\u1eb7c k\u1ef9 s\u01b0 thi\u1ebft k\u1ebf. Vi\u1ec7c thay \u0111\u1ed5i t\u01b0 th\u1ebf l\u00e0m vi\u1ec7c th\u01b0\u1eddng xuy\u00ean gi\u00fap <strong data-start=\"3273\" data-end=\"3345\">gi\u1ea3m \u00e1p l\u1ef1c c\u1ed9t s\u1ed1ng, h\u1ea1n ch\u1ebf m\u1ecfi vai g\u00e1y v\u00e0 t\u0103ng kh\u1ea3 n\u0103ng t\u1eadp trung<\/strong> \u2013 y\u1ebfu t\u1ed1 quan tr\u1ecdng cho s\u1ee9c kh\u1ecfe l\u00e2u d\u00e0i.<\/p>\n<p data-start=\"3391\" data-end=\"3709\">Thi\u1ebft k\u1ebf t\u1ed5ng th\u1ec3 c\u1ee7a <strong data-start=\"3413\" data-end=\"3422\">BNH02<\/strong> h\u01b0\u1edbng \u0111\u1ebfn phong c\u00e1ch <strong data-start=\"3444\" data-end=\"3467\">t\u1ed1i gi\u1ea3n \u2013 hi\u1ec7n \u0111\u1ea1i<\/strong>, v\u1edbi c\u00e1c \u0111\u01b0\u1eddng n\u00e9t tinh t\u1ebf, khung kim lo\u1ea1i kh\u1ecfe kho\u1eafn v\u00e0 m\u1eb7t g\u1ed7 sang tr\u1ecdng. B\u00e0n d\u1ec5 d\u00e0ng ph\u1ed1i h\u1ee3p v\u1edbi nhi\u1ec1u lo\u1ea1i gh\u1ebf kh\u00e1c nhau, \u0111\u1eb7c bi\u1ec7t l\u00e0 <strong data-start=\"3607\" data-end=\"3646\">gh\u1ebf c\u00f4ng th\u00e1i h\u1ecdc (ergonomic chair)<\/strong>, t\u1ea1o n\u00ean b\u1ed9 \u0111\u00f4i l\u00fd t\u01b0\u1edfng cho kh\u00f4ng gian l\u00e0m vi\u1ec7c th\u00f4ng minh.<\/p>\n<p data-start=\"3711\" data-end=\"4055\">Kh\u00f4ng ch\u1ec9 l\u00e0 m\u1ed9t s\u1ea3n ph\u1ea9m n\u1ed9i th\u1ea5t, <strong data-start=\"3747\" data-end=\"3778\">b\u00e0n l\u00e0m vi\u1ec7c ch\u00e2n s\u1eaft BNH02<\/strong> c\u00f2n l\u00e0 <strong data-start=\"3786\" data-end=\"3831\">m\u1ed9t thi\u1ebft b\u1ecb h\u1ed7 tr\u1ee3 s\u1ee9c kh\u1ecfe v\u00e0 c\u00f4ng ngh\u1ec7<\/strong>, gi\u00fap ng\u01b0\u1eddi d\u00f9ng n\u00e2ng t\u1ea7m tr\u1ea3i nghi\u1ec7m l\u00e0m vi\u1ec7c h\u1eb1ng ng\u00e0y. \u0110\u00e2y l\u00e0 l\u1ef1a ch\u1ecdn ho\u00e0n h\u1ea3o cho c\u00e1c v\u0103n ph\u00f2ng hi\u1ec7n \u0111\u1ea1i, doanh nghi\u1ec7p c\u00f4ng ngh\u1ec7, ho\u1eb7c b\u1ea5t k\u1ef3 ai mu\u1ed1n x\u00e2y d\u1ef1ng kh\u00f4ng gian l\u00e0m vi\u1ec7c chuy\u00ean nghi\u1ec7p, ti\u1ec7n nghi v\u00e0 \u0111\u1eb3ng c\u1ea5p.<\/p>\n<p data-start=\"4057\" data-end=\"4305\" data-is-last-node=\"\" data-is-only-node=\"\">S\u1ef1 k\u1ebft h\u1ee3p gi\u1eefa <strong data-start=\"4073\" data-end=\"4135\">c\u00f4ng n\u0103ng v\u01b0\u1ee3t tr\u1ed9i, thi\u1ebft k\u1ebf tinh t\u1ebf v\u00e0 t\u00ednh ti\u1ec7n \u00edch cao<\/strong> \u0111\u00e3 gi\u00fap <strong data-start=\"4144\" data-end=\"4153\">BNH02<\/strong> tr\u1edf th\u00e0nh m\u1ed9t trong nh\u1eefng m\u1eabu b\u00e0n \u0111i\u1ec1u ch\u1ec9nh \u0111i\u1ec7n \u0111\u00e1ng s\u1edf h\u1eefu nh\u1ea5t hi\u1ec7n nay \u2013 minh ch\u1ee9ng r\u00f5 n\u00e9t cho ch\u1ea5t l\u01b0\u1ee3ng v\u00e0 \u0111\u1eb3ng c\u1ea5p \u0111\u1ebfn t\u1eeb <strong data-start=\"4284\" data-end=\"4304\">N\u1ed9i Th\u1ea5t The One<\/strong>.<\/p>\n","protected":false},"excerpt":{"rendered":"<p data-start=\"35\" data-end=\"551\">B\u00e0n l\u00e0m vi\u1ec7c ch\u00e2n s\u1eaft BNH02 l\u00e0 m\u1eabu <strong data-start=\"101\" data-end=\"159\">b\u00e0n th\u00f4ng minh \u0111i\u1ec1u ch\u1ec9nh chi\u1ec1u cao b\u1eb1ng h\u1ec7 th\u1ed1ng \u0111i\u1ec7n<\/strong>, \u0111\u01b0\u1ee3c thi\u1ebft k\u1ebf \u0111\u1ec3 mang l\u1ea1i tr\u1ea3i nghi\u1ec7m l\u00e0m vi\u1ec7c ti\u1ec7n nghi v\u00e0 hi\u1ec7n \u0111\u1ea1i. B\u00e0n c\u00f3 <strong data-start=\"238\" data-end=\"288\">m\u00e0n h\u00ecnh \u0111i\u1ec1u khi\u1ec3n hi\u1ec3n th\u1ecb chi\u1ec1u cao th\u1ef1c t\u1ebf<\/strong> v\u00e0 <strong data-start=\"292\" data-end=\"321\">c\u00e1c v\u1ecb tr\u00ed nh\u1edb th\u00f4ng minh<\/strong>, gi\u00fap ng\u01b0\u1eddi d\u00f9ng d\u1ec5 d\u00e0ng l\u01b0u v\u00e0 ch\u1ecdn l\u1ea1i \u0111\u1ed9 cao mong mu\u1ed1n ch\u1ec9 v\u1edbi m\u1ed9t thao t\u00e1c ch\u1ea1m. Ngo\u00e0i ra, s\u1ea3n ph\u1ea9m c\u00f2n \u0111\u01b0\u1ee3c <strong data-start=\"435\" data-end=\"471\">trang b\u1ecb s\u1ea1c kh\u00f4ng d\u00e2y ti\u1ec7n d\u1ee5ng<\/strong> t\u00edch h\u1ee3p ngay tr\u00ean m\u1eb7t b\u00e0n, ph\u00f9 h\u1ee3p v\u1edbi xu h\u01b0\u1edbng l\u00e0m vi\u1ec7c c\u00f4ng ngh\u1ec7 hi\u1ec7n nay.<\/p>\n<p data-start=\"553\" data-end=\"594\">K\u00edch th\u01b0\u1edbc: W1200 x D600 x H820\u20131120 mm<\/p>\n<p data-start=\"596\" data-end=\"624\">B\u00e0n c\u00f3 03 l\u1ef1a ch\u1ecdn m\u1eb7t g\u1ed7:<\/p>\n<p data-start=\"628\" data-end=\"677\"><strong data-start=\"628\" data-end=\"640\">BNH02M12<\/strong>: M\u1eb7t g\u1ed7 Melamine m\u00e0u M12 d\u00e0y 17 mm &#8211; <span style=\"font-size: 120%; color: #ed1c24;\"><strong>4.478.000 \u0111<\/strong><\/span><br \/>\n<strong data-start=\"681\" data-end=\"692\">BNH02L2<\/strong>: M\u1eb7t g\u1ed7 Laminate m\u00e0u L2 d\u00e0y 18 mm &#8211; <span style=\"font-size: 120%; color: #ed1c24;\"><strong>4.887.000 \u0111<\/strong><\/span><br \/>\n<strong data-start=\"732\" data-end=\"742\">BNH02G<\/strong>: M\u1eb7t g\u1ed7 cao su d\u00e0y 18 mm &#8211; <span style=\"font-size: 120%; color: #ed1c24;\"><strong>4.637.000 \u0111<\/strong><\/span><\/p>\n<p data-start=\"771\" data-end=\"1076\">Xu\u1ea5t x\u1ee9: S\u1ea3n ph\u1ea9m c\u1ee7a <strong data-start=\"793\" data-end=\"821\">C\u00d4NG TY N\u1ed8I TH\u1ea4T THE ONE<\/strong> \u2013 Ph\u00e2n ph\u1ed1i b\u1edfi <strong data-start=\"838\" data-end=\"874\">C\u00d4NG TY TNHH SXTM TTNT H\u1eeeU TH\u1ecaNH<\/strong><br data-start=\"874\" data-end=\"877\" \/>B\u1ea3o h\u00e0nh: 12 th\u00e1ng theo ti\u00eau chu\u1ea9n nh\u00e0 m\u00e1y<br data-start=\"919\" data-end=\"922\" \/><span style=\"color: #ed1c24;\"><em data-start=\"922\" data-end=\"1074\">L\u01b0u \u00fd: Gi\u00e1 tr\u00ean ch\u01b0a bao g\u1ed3m VAT v\u00e0 ph\u00ed v\u1eadn chuy\u1ec3n. Gi\u00e1 s\u1ea3n ph\u1ea9m c\u00f3 th\u1ec3 thay \u0111\u1ed5i theo t\u1eebng th\u1eddi \u0111i\u1ec3m, vui l\u00f2ng li\u00ean h\u1ec7 \u0111\u1ec3 nh\u1eadn t\u01b0 v\u1ea5n \u01b0u \u0111\u00e3i t\u1ed1t nh\u1ea5t.<\/em><\/span><\/p>\n","protected":false},"featured_media":3945,"comment_status":"open","ping_status":"closed","template":"","meta":[],"product_brand":[],"product_cat":[17,179],"product_tag":[],"class_list":{"0":"post-3944","1":"product","2":"type-product","3":"status-publish","4":"has-post-thumbnail","6":"product_cat-noi-that-van-phong","7":"product_cat-ban-lam-viec-chan-sat","9":"first","10":"instock","11":"taxable","12":"shipping-taxable","13":"purchasable","14":"product-type-simple"},"_links":{"self":[{"href":"https:\/\/noithathuuthinh.vn\/zh-hans\/wp-json\/wp\/v2\/product\/3944","targetHints":{"allow":["GET"]}}],"collection":[{"href":"https:\/\/noithathuuthinh.vn\/zh-hans\/wp-json\/wp\/v2\/product"}],"about":[{"href":"https:\/\/noithathuuthinh.vn\/zh-hans\/wp-json\/wp\/v2\/types\/product"}],"replies":[{"embeddable":true,"href":"https:\/\/noithathuuthinh.vn\/zh-hans\/wp-json\/wp\/v2\/comments?post=3944"}],"wp:featuredmedia":[{"embeddable":true,"href":"https:\/\/noithathuuthinh.vn\/zh-hans\/wp-json\/wp\/v2\/media\/3945"}],"wp:attachment":[{"href":"https:\/\/noithathuuthinh.vn\/zh-hans\/wp-json\/wp\/v2\/media?parent=3944"}],"wp:term":[{"taxonomy":"product_brand","embeddable":true,"href":"https:\/\/noithathuuthinh.vn\/zh-hans\/wp-json\/wp\/v2\/product_brand?post=3944"},{"taxonomy":"product_cat","embeddable":true,"href":"https:\/\/noithathuuthinh.vn\/zh-hans\/wp-json\/wp\/v2\/product_cat?post=3944"},{"taxonomy":"product_tag","embeddable":true,"href":"https:\/\/noithathuuthinh.vn\/zh-hans\/wp-json\/wp\/v2\/product_tag?post=3944"}],"curies":[{"name":"wp","href":"https:\/\/api.w.org\/{rel}","templated":true}]}}