{"id":3984,"date":"2025-10-24T15:28:43","date_gmt":"2025-10-24T08:28:43","guid":{"rendered":"https:\/\/noithathuuthinh.vn\/?post_type=product&#038;p=3984"},"modified":"2025-11-24T14:26:43","modified_gmt":"2025-11-24T07:26:43","slug":"ban-lam-viec-chan-sat-bmt97a","status":"publish","type":"product","link":"https:\/\/noithathuuthinh.vn\/zh-hans\/san-pham\/ban-lam-viec-chan-sat-bmt97a\/","title":{"rendered":"B\u00e0n l\u00e0m vi\u1ec7c ch\u00e2n s\u1eaft BMT97A"},"content":{"rendered":"<p data-start=\"653\" data-end=\"1031\">B\u00e0n l\u00e0m vi\u1ec7c ch\u00e2n s\u1eaft <strong data-start=\"717\" data-end=\"727\">BMT97A<\/strong> l\u00e0 l\u1ef1a ch\u1ecdn ho\u00e0n h\u1ea3o cho kh\u00f4ng gian l\u00e0m vi\u1ec7c hi\u1ec7n \u0111\u1ea1i, n\u01a1i \u0111\u1ec1 cao s\u1ef1 g\u1ecdn g\u00e0ng, ti\u1ec7n d\u1ee5ng v\u00e0 t\u00ednh th\u1ea9m m\u1ef9. V\u1edbi k\u1ebft c\u1ea5u khung th\u00e9p ch\u1eafc ch\u1eafn v\u00e0 m\u1eb7t b\u00e0n g\u1ed7 \u00e9p ch\u00e2n kh\u00f4ng cao c\u1ea5p, s\u1ea3n ph\u1ea9m mang l\u1ea1i c\u1ea3m gi\u00e1c v\u1eeba m\u1ea1nh m\u1ebd, v\u1eeba tinh t\u1ebf, th\u00edch h\u1ee3p cho nh\u00e2n vi\u00ean v\u0103n ph\u00f2ng, sinh vi\u00ean hay ng\u01b0\u1eddi l\u00e0m vi\u1ec7c t\u1ea1i nh\u00e0.<\/p>\n<p data-start=\"1033\" data-end=\"1375\">\u0110i\u1ec3m n\u1ed5i b\u1eadt \u0111\u1ea7u ti\u00ean c\u1ee7a b\u00e0n BMT97A ch\u00ednh l\u00e0 <strong data-start=\"1079\" data-end=\"1107\">khung th\u00e9p s\u01a1n t\u0129nh \u0111i\u1ec7n<\/strong> \u0111\u01b0\u1ee3c x\u1eed l\u00fd b\u1eb1ng c\u00f4ng ngh\u1ec7 ti\u00ean ti\u1ebfn, gi\u00fap b\u1ec1 m\u1eb7t khung lu\u00f4n s\u00e1ng b\u00f3ng, ch\u1ed1ng tr\u1ea7y x\u01b0\u1edbc, ch\u1ed1ng han g\u1ec9 v\u00e0 duy tr\u00ec \u0111\u1ed9 b\u1ec1n theo th\u1eddi gian. Ph\u1ea7n ch\u00e2n b\u00e0n \u0111\u01b0\u1ee3c thi\u1ebft k\u1ebf v\u1eefng ch\u00e3i, \u0111\u1ea3m b\u1ea3o \u0111\u1ed9 \u1ed5n \u0111\u1ecbnh cao ngay c\u1ea3 khi \u0111\u1eb7t m\u00e1y t\u00ednh, t\u00e0i li\u1ec7u ho\u1eb7c c\u00e1c thi\u1ebft b\u1ecb v\u0103n ph\u00f2ng kh\u00e1c.<\/p>\n<p data-start=\"1377\" data-end=\"1692\"><strong data-start=\"1377\" data-end=\"1405\">M\u1eb7t b\u00e0n g\u1ed7 \u00e9p ch\u00e2n kh\u00f4ng<\/strong> l\u00e0 y\u1ebfu t\u1ed1 t\u1ea1o n\u00ean n\u00e9t sang tr\u1ecdng cho s\u1ea3n ph\u1ea9m. L\u1edbp ph\u1ee7 \u00e9p ch\u00e2n kh\u00f4ng gi\u00fap ch\u1ed1ng \u1ea9m, ch\u1ed1ng tr\u1ea7y, \u0111\u1ed3ng th\u1eddi d\u1ec5 lau ch\u00f9i khi s\u1eed d\u1ee5ng. M\u00e0u v\u00e2n g\u1ed7 t\u1ef1 nhi\u00ean c\u1ee7a m\u1eb7t b\u00e0n k\u1ebft h\u1ee3p v\u1edbi khung th\u00e9p m\u00e0u trung t\u00ednh mang l\u1ea1i v\u1ebb h\u00e0i h\u00f2a, ph\u00f9 h\u1ee3p v\u1edbi nhi\u1ec1u phong c\u00e1ch n\u1ed9i th\u1ea5t t\u1eeb c\u1ed5 \u0111i\u1ec3n \u0111\u1ebfn hi\u1ec7n \u0111\u1ea1i.<\/p>\n<p data-start=\"1694\" data-end=\"2072\">V\u1edbi <strong data-start=\"1698\" data-end=\"1743\">k\u00edch th\u01b0\u1edbc nh\u1ecf g\u1ecdn W600 x D575 x H1245 mm<\/strong>, b\u00e0n l\u00e0m vi\u1ec7c ch\u00e2n s\u1eaft BMT97A \u0111\u1eb7c bi\u1ec7t ph\u00f9 h\u1ee3p cho kh\u00f4ng gian c\u00f3 di\u1ec7n t\u00edch h\u1ea1n ch\u1ebf nh\u01b0 ph\u00f2ng l\u00e0m vi\u1ec7c c\u00e1 nh\u00e2n, k\u00fd t\u00fac x\u00e1, c\u0103n h\u1ed9 mini ho\u1eb7c g\u00f3c h\u1ecdc t\u1eadp t\u1ea1i nh\u00e0. Thi\u1ebft k\u1ebf nhi\u1ec1u t\u1ea7ng \u0111\u1ec3 \u0111\u1ed3 ph\u00eda tr\u00ean gi\u00fap ng\u01b0\u1eddi d\u00f9ng d\u1ec5 d\u00e0ng b\u1ed1 tr\u00ed m\u00e0n h\u00ecnh, s\u00e1ch v\u1edf ho\u1eb7c ph\u1ee5 ki\u1ec7n trang tr\u00ed m\u00e0 v\u1eabn gi\u1eef kh\u00f4ng gian b\u00e0n l\u00e0m vi\u1ec7c tho\u00e1ng \u0111\u00e3ng, ng\u0103n n\u1eafp.<\/p>\n<p data-start=\"2074\" data-end=\"2414\">B\u00e0n BMT97A kh\u00f4ng ch\u1ec9 ch\u00fa tr\u1ecdng c\u00f4ng n\u0103ng m\u00e0 c\u00f2n th\u1ec3 hi\u1ec7n t\u00ednh <strong data-start=\"2136\" data-end=\"2174\">ergonomic \u2013 thi\u1ebft k\u1ebf c\u00f4ng th\u00e1i h\u1ecdc<\/strong>, \u0111\u1ea3m b\u1ea3o t\u01b0 th\u1ebf ng\u1ed3i l\u00e0m vi\u1ec7c khoa h\u1ecdc, gi\u00fap gi\u1ea3m m\u1ecfi vai g\u00e1y v\u00e0 c\u1ed5 khi s\u1eed d\u1ee5ng trong th\u1eddi gian d\u00e0i. T\u1eebng chi ti\u1ebft c\u1ee7a b\u00e0n \u0111\u01b0\u1ee3c gia c\u00f4ng t\u1ec9 m\u1ec9, c\u00e1c g\u00f3c c\u1ea1nh \u0111\u01b0\u1ee3c bo tr\u00f2n \u0111\u1ec3 \u0111\u1ea3m b\u1ea3o an to\u00e0n, \u0111\u1eb7c bi\u1ec7t khi s\u1eed d\u1ee5ng trong gia \u0111\u00ecnh c\u00f3 tr\u1ebb nh\u1ecf.<\/p>\n<p data-start=\"2416\" data-end=\"2718\">S\u1ea3n ph\u1ea9m c\u00f2n n\u1ed5i b\u1eadt v\u1edbi <strong data-start=\"2441\" data-end=\"2473\">t\u00ednh linh ho\u1ea1t v\u00e0 d\u1ec5 l\u1eafp \u0111\u1eb7t<\/strong> \u2013 ng\u01b0\u1eddi d\u00f9ng c\u00f3 th\u1ec3 d\u1ec5 d\u00e0ng di chuy\u1ec3n, th\u00e1o l\u1eafp khi c\u1ea7n thay \u0111\u1ed5i kh\u00f4ng gian ho\u1eb7c chuy\u1ec3n v\u1ecb tr\u00ed l\u00e0m vi\u1ec7c. Nh\u1edd c\u1ea5u tr\u00fac khung th\u00e9p ch\u1eafc ch\u1eafn, b\u00e0n c\u00f3 kh\u1ea3 n\u0103ng ch\u1ecbu t\u1ea3i t\u1ed1t m\u00e0 v\u1eabn gi\u1eef \u0111\u01b0\u1ee3c tr\u1ecdng l\u01b0\u1ee3ng t\u1ed5ng th\u1ec3 nh\u1eb9, thu\u1eadn ti\u1ec7n cho vi\u1ec7c v\u1eadn chuy\u1ec3n.<\/p>\n<p data-start=\"2720\" data-end=\"3043\">B\u00e0n l\u00e0m vi\u1ec7c ch\u00e2n s\u1eaft <strong data-start=\"2742\" data-end=\"2752\">BMT97A<\/strong> kh\u00f4ng ch\u1ec9 l\u00e0 m\u1ed9t s\u1ea3n ph\u1ea9m n\u1ed9i th\u1ea5t th\u00f4ng th\u01b0\u1eddng m\u00e0 c\u00f2n l\u00e0 gi\u1ea3i ph\u00e1p t\u1ed1i \u01b0u cho kh\u00f4ng gian l\u00e0m vi\u1ec7c hi\u1ec7n \u0111\u1ea1i, g\u1ecdn g\u00e0ng v\u00e0 hi\u1ec7u qu\u1ea3. D\u00f9 b\u1ea1n l\u00e0 nh\u00e2n vi\u00ean v\u0103n ph\u00f2ng, sinh vi\u00ean hay ng\u01b0\u1eddi l\u00e0m vi\u1ec7c t\u1ef1 do, m\u1eabu b\u00e0n n\u00e0y \u0111\u1ec1u mang \u0111\u1ebfn s\u1ef1 tho\u1ea3i m\u00e1i, chuy\u00ean nghi\u1ec7p v\u00e0 c\u1ea3m h\u1ee9ng s\u00e1ng t\u1ea1o trong c\u00f4ng vi\u1ec7c.<\/p>\n<p data-start=\"3045\" data-end=\"3195\" data-is-last-node=\"\" data-is-only-node=\"\">H\u00e3y \u0111\u1ec3 <strong data-start=\"3052\" data-end=\"3062\">BMT97A<\/strong> tr\u1edf th\u00e0nh ng\u01b0\u1eddi b\u1ea1n \u0111\u1ed3ng h\u00e0nh \u0111\u00e1ng tin c\u1eady, gi\u00fap b\u1ea1n t\u1ea1o d\u1ef1ng m\u1ed9t kh\u00f4ng gian l\u00e0m vi\u1ec7c tinh g\u1ecdn, ti\u1ec7n \u00edch v\u00e0 \u0111\u1ea7y phong c\u00e1ch m\u1ed7i ng\u00e0y.<\/p>\n","protected":false},"excerpt":{"rendered":"<p data-start=\"36\" data-end=\"299\">B\u00e0n l\u00e0m vi\u1ec7c ch\u00e2n s\u1eaft BMT97A l\u00e0 m\u1eabu b\u00e0n m\u00e1y t\u00ednh nh\u1ecf g\u1ecdn, \u0111\u01b0\u1ee3c thi\u1ebft k\u1ebf v\u1edbi <strong data-start=\"143\" data-end=\"171\">khung th\u00e9p s\u01a1n t\u0129nh \u0111i\u1ec7n<\/strong> k\u1ebft h\u1ee3p <strong data-start=\"180\" data-end=\"204\">m\u1eb7t g\u1ed7 \u00e9p ch\u00e2n kh\u00f4ng<\/strong>, mang phong c\u00e1ch hi\u1ec7n \u0111\u1ea1i, t\u1ed1i \u01b0u kh\u00f4ng gian v\u00e0 ph\u00f9 h\u1ee3p cho nhi\u1ec1u nhu c\u1ea7u s\u1eed d\u1ee5ng kh\u00e1c nhau.<\/p>\n<p data-start=\"301\" data-end=\"490\">K\u00edch th\u01b0\u1edbc: W600 x D575 x H1245 (mm)<br data-start=\"337\" data-end=\"340\" \/>Xu\u1ea5t x\u1ee9: S\u1ea3n ph\u1ea9m c\u1ee7a c\u00f4ng ty <strong data-start=\"370\" data-end=\"390\">N\u1ed8I TH\u1ea4T THE ONE<\/strong> \u2013 Ph\u00e2n ph\u1ed1i b\u1edfi <strong data-start=\"407\" data-end=\"443\">C\u00d4NG TY TNHH SXTM TTNT H\u1eeeU TH\u1ecaNH<\/strong><br data-start=\"443\" data-end=\"446\" \/>B\u1ea3o h\u00e0nh: 12 th\u00e1ng theo ti\u00eau chu\u1ea9n nh\u00e0 m\u00e1y<\/p>\n<p data-start=\"492\" data-end=\"646\"><span style=\"color: #ed1c24;\"><em data-start=\"492\" data-end=\"644\">L\u01b0u \u00fd: Gi\u00e1 tr\u00ean ch\u01b0a bao g\u1ed3m VAT v\u00e0 ph\u00ed v\u1eadn chuy\u1ec3n. Gi\u00e1 s\u1ea3n ph\u1ea9m c\u00f3 th\u1ec3 thay \u0111\u1ed5i theo t\u1eebng th\u1eddi \u0111i\u1ec3m, vui l\u00f2ng li\u00ean h\u1ec7 \u0111\u1ec3 nh\u1eadn t\u01b0 v\u1ea5n \u01b0u \u0111\u00e3i t\u1ed1t nh\u1ea5t.<\/em><\/span><\/p>\n","protected":false},"featured_media":3985,"comment_status":"open","ping_status":"closed","template":"","meta":[],"product_brand":[],"product_cat":[17,179],"product_tag":[],"class_list":{"0":"post-3984","1":"product","2":"type-product","3":"status-publish","4":"has-post-thumbnail","6":"product_cat-noi-that-van-phong","7":"product_cat-ban-lam-viec-chan-sat","9":"first","10":"instock","11":"taxable","12":"shipping-taxable","13":"purchasable","14":"product-type-simple"},"_links":{"self":[{"href":"https:\/\/noithathuuthinh.vn\/zh-hans\/wp-json\/wp\/v2\/product\/3984","targetHints":{"allow":["GET"]}}],"collection":[{"href":"https:\/\/noithathuuthinh.vn\/zh-hans\/wp-json\/wp\/v2\/product"}],"about":[{"href":"https:\/\/noithathuuthinh.vn\/zh-hans\/wp-json\/wp\/v2\/types\/product"}],"replies":[{"embeddable":true,"href":"https:\/\/noithathuuthinh.vn\/zh-hans\/wp-json\/wp\/v2\/comments?post=3984"}],"wp:featuredmedia":[{"embeddable":true,"href":"https:\/\/noithathuuthinh.vn\/zh-hans\/wp-json\/wp\/v2\/media\/3985"}],"wp:attachment":[{"href":"https:\/\/noithathuuthinh.vn\/zh-hans\/wp-json\/wp\/v2\/media?parent=3984"}],"wp:term":[{"taxonomy":"product_brand","embeddable":true,"href":"https:\/\/noithathuuthinh.vn\/zh-hans\/wp-json\/wp\/v2\/product_brand?post=3984"},{"taxonomy":"product_cat","embeddable":true,"href":"https:\/\/noithathuuthinh.vn\/zh-hans\/wp-json\/wp\/v2\/product_cat?post=3984"},{"taxonomy":"product_tag","embeddable":true,"href":"https:\/\/noithathuuthinh.vn\/zh-hans\/wp-json\/wp\/v2\/product_tag?post=3984"}],"curies":[{"name":"wp","href":"https:\/\/api.w.org\/{rel}","templated":true}]}}