{"id":3986,"date":"2025-10-24T15:42:01","date_gmt":"2025-10-24T08:42:01","guid":{"rendered":"https:\/\/noithathuuthinh.vn\/?post_type=product&#038;p=3986"},"modified":"2025-11-24T14:26:15","modified_gmt":"2025-11-24T07:26:15","slug":"ban-lam-viec-chan-sat-bmt97b","status":"publish","type":"product","link":"https:\/\/noithathuuthinh.vn\/zh-hans\/san-pham\/ban-lam-viec-chan-sat-bmt97b\/","title":{"rendered":"B\u00e0n l\u00e0m vi\u1ec7c ch\u00e2n s\u1eaft BMT97B"},"content":{"rendered":"<p data-start=\"692\" data-end=\"1082\">B\u00e0n l\u00e0m vi\u1ec7c ch\u00e2n s\u1eaft <strong data-start=\"756\" data-end=\"766\">BMT97B<\/strong> thu\u1ed9c d\u00f2ng b\u00e0n m\u00e1y t\u00ednh khung th\u00e9p \u2013 g\u1ed7 \u00e9p ch\u00e2n kh\u00f4ng hi\u1ec7n \u0111\u1ea1i, \u0111\u01b0\u1ee3c thi\u1ebft k\u1ebf h\u01b0\u1edbng \u0111\u1ebfn ng\u01b0\u1eddi d\u00f9ng c\u1ea7n m\u1ed9t kh\u00f4ng gian l\u00e0m vi\u1ec7c ti\u1ec7n d\u1ee5ng, g\u1ecdn g\u00e0ng v\u00e0 c\u00f3 t\u00ednh th\u1ea9m m\u1ef9 cao. V\u1edbi ch\u1ea5t li\u1ec7u b\u1ec1n b\u1ec9, ki\u1ec3u d\u00e1ng thanh tho\u00e1t v\u00e0 c\u00f4ng n\u0103ng linh ho\u1ea1t, s\u1ea3n ph\u1ea9m mang \u0111\u1ebfn tr\u1ea3i nghi\u1ec7m s\u1eed d\u1ee5ng t\u1ed1i \u01b0u cho nhi\u1ec1u m\u1ee5c \u0111\u00edch kh\u00e1c nhau.<\/p>\n<p data-start=\"1084\" data-end=\"1354\">Khung b\u00e0n \u0111\u01b0\u1ee3c l\u00e0m t\u1eeb <strong data-start=\"1106\" data-end=\"1136\">th\u00e9p s\u01a1n t\u0129nh \u0111i\u1ec7n cao c\u1ea5p<\/strong>, gi\u00fap b\u00e0n lu\u00f4n s\u00e1ng b\u00f3ng, ch\u1ed1ng g\u1ec9 s\u00e9t v\u00e0 ch\u1ecbu l\u1ef1c t\u1ed1t. L\u1edbp s\u01a1n t\u0129nh \u0111i\u1ec7n kh\u00f4ng ch\u1ec9 gi\u00fap b\u1ea3o v\u1ec7 b\u1ec1 m\u1eb7t khung m\u00e0 c\u00f2n t\u1ea1o n\u00ean m\u00e0u s\u1eafc hi\u1ec7n \u0111\u1ea1i, d\u1ec5 ph\u1ed1i h\u1ee3p v\u1edbi c\u00e1c s\u1ea3n ph\u1ea9m n\u1ed9i th\u1ea5t kh\u00e1c trong v\u0103n ph\u00f2ng ho\u1eb7c gia \u0111\u00ecnh.<\/p>\n<p data-start=\"1356\" data-end=\"1582\">Ph\u1ea7n <strong data-start=\"1361\" data-end=\"1389\">m\u1eb7t b\u00e0n g\u1ed7 \u00e9p ch\u00e2n kh\u00f4ng<\/strong> \u0111\u01b0\u1ee3c x\u1eed l\u00fd k\u1ef9 l\u01b0\u1ee1ng, ph\u1ee7 l\u1edbp b\u1ea3o v\u1ec7 ch\u1ed1ng tr\u1ea7y x\u01b0\u1edbc, \u1ea9m m\u1ed1c v\u00e0 d\u1ec5 d\u00e0ng v\u1ec7 sinh. B\u1ec1 m\u1eb7t ph\u1eb3ng m\u1ecbn, m\u00e0u s\u1eafc t\u1ef1 nhi\u00ean, gi\u00fap t\u1ea1o c\u1ea3m gi\u00e1c tho\u1ea3i m\u00e1i khi l\u00e0m vi\u1ec7c ho\u1eb7c h\u1ecdc t\u1eadp trong th\u1eddi gian d\u00e0i.<\/p>\n<p data-start=\"1584\" data-end=\"1892\">V\u1edbi <strong data-start=\"1588\" data-end=\"1625\">k\u00edch th\u01b0\u1edbc W900 x D575 x H1245 mm<\/strong>, b\u00e0n BMT97B mang \u0111\u1ebfn kh\u00f4ng gian l\u00e0m vi\u1ec7c \u0111\u1ee7 r\u1ed9ng \u0111\u1ec3 b\u1ed1 tr\u00ed m\u00e1y t\u00ednh, t\u00e0i li\u1ec7u, s\u00e1ch v\u1edf v\u00e0 c\u00e1c v\u1eadt d\u1ee5ng c\u1ea7n thi\u1ebft kh\u00e1c. B\u00e0n \u0111\u01b0\u1ee3c thi\u1ebft k\u1ebf th\u00f4ng minh v\u1edbi nhi\u1ec1u t\u1ea7ng v\u00e0 k\u1ec7 ph\u1ee5 gi\u00fap t\u1eadn d\u1ee5ng t\u1ed1i \u0111a di\u1ec7n t\u00edch, \u0111\u1ed3ng th\u1eddi gi\u1eef cho khu v\u1ef1c l\u00e0m vi\u1ec7c lu\u00f4n g\u1ecdn g\u00e0ng, khoa h\u1ecdc.<\/p>\n<p data-start=\"1894\" data-end=\"2225\">M\u1ed9t trong nh\u1eefng \u01b0u \u0111i\u1ec3m n\u1ed5i b\u1eadt c\u1ee7a b\u00e0n l\u00e0m vi\u1ec7c ch\u00e2n s\u1eaft BMT97B l\u00e0 <strong data-start=\"1962\" data-end=\"2005\">k\u1ebft c\u1ea5u ch\u1eafc ch\u1eafn nh\u01b0ng tr\u1ecdng l\u01b0\u1ee3ng nh\u1eb9<\/strong>, d\u1ec5 d\u00e0ng di chuy\u1ec3n ho\u1eb7c l\u1eafp \u0111\u1eb7t t\u1ea1i nhi\u1ec1u v\u1ecb tr\u00ed kh\u00e1c nhau. Nh\u1edd v\u1eady, s\u1ea3n ph\u1ea9m r\u1ea5t ph\u00f9 h\u1ee3p cho ng\u01b0\u1eddi l\u00e0m vi\u1ec7c t\u1ef1 do, sinh vi\u00ean, ho\u1eb7c nh\u00e2n vi\u00ean v\u0103n ph\u00f2ng mu\u1ed1n c\u00f3 g\u00f3c l\u00e0m vi\u1ec7c c\u00e1 nh\u00e2n ri\u00eang bi\u1ec7t trong kh\u00f4ng gian h\u1ea1n ch\u1ebf.<\/p>\n<p data-start=\"2227\" data-end=\"2474\">Ngo\u00e0i y\u1ebfu t\u1ed1 c\u00f4ng n\u0103ng, b\u00e0n BMT97B c\u00f2n \u0111\u01b0\u1ee3c \u0111\u00e1nh gi\u00e1 cao v\u1ec1 <strong data-start=\"2287\" data-end=\"2307\">thi\u1ebft k\u1ebf th\u1ea9m m\u1ef9<\/strong>. C\u00e1c \u0111\u01b0\u1eddng n\u00e9t t\u1ed1i gi\u1ea3n, hi\u1ec7n \u0111\u1ea1i c\u00f9ng gam m\u00e0u trung t\u00ednh gi\u00fap b\u00e0n d\u1ec5 d\u00e0ng h\u00f2a h\u1ee3p v\u1edbi m\u1ecdi phong c\u00e1ch n\u1ed9i th\u1ea5t \u2013 t\u1eeb t\u1ed1i gi\u1ea3n, scandinavian \u0111\u1ebfn hi\u1ec7n \u0111\u1ea1i c\u00f4ng nghi\u1ec7p.<\/p>\n<p data-start=\"2476\" data-end=\"2688\">\u0110\u1eb7c bi\u1ec7t, b\u00e0n c\u00f2n \u0111\u00e1p \u1ee9ng t\u1ed1t ti\u00eau ch\u00ed <strong data-start=\"2515\" data-end=\"2544\">c\u00f4ng th\u00e1i h\u1ecdc (ergonomic)<\/strong> khi chi\u1ec1u cao v\u00e0 kho\u1ea3ng c\u00e1ch c\u00e1c t\u1ea7ng \u0111\u01b0\u1ee3c t\u00ednh to\u00e1n k\u1ef9 l\u01b0\u1ee1ng, gi\u00fap ng\u01b0\u1eddi d\u00f9ng ng\u1ed3i \u0111\u00fang t\u01b0 th\u1ebf, gi\u1ea3m m\u1ecfi c\u1ed5 v\u00e0 vai g\u00e1y khi l\u00e0m vi\u1ec7c l\u00e2u d\u00e0i.<\/p>\n<p data-start=\"2690\" data-end=\"2968\">B\u00e0n l\u00e0m vi\u1ec7c ch\u00e2n s\u1eaft <strong data-start=\"2712\" data-end=\"2722\">BMT97B<\/strong> l\u00e0 l\u1ef1a ch\u1ecdn ho\u00e0n h\u1ea3o cho nh\u1eefng ai c\u1ea7n m\u1ed9t chi\u1ebfc b\u00e0n m\u00e1y t\u00ednh nh\u1ecf g\u1ecdn nh\u01b0ng ti\u1ec7n d\u1ee5ng, b\u1ec1n b\u1ec9 v\u00e0 \u0111\u1eb9p m\u1eaft. S\u1ea3n ph\u1ea9m kh\u00f4ng ch\u1ec9 mang l\u1ea1i s\u1ef1 tho\u1ea3i m\u00e1i trong c\u00f4ng vi\u1ec7c m\u00e0 c\u00f2n g\u00f3p ph\u1ea7n t\u1ea1o n\u00ean kh\u00f4ng gian l\u00e0m vi\u1ec7c n\u0103ng \u0111\u1ed9ng, s\u00e1ng t\u1ea1o v\u00e0 chuy\u00ean nghi\u1ec7p.<\/p>\n<p data-start=\"2970\" data-end=\"3139\" data-is-last-node=\"\" data-is-only-node=\"\">N\u1ebfu b\u1ea1n \u0111ang t\u00ecm ki\u1ebfm m\u1ed9t chi\u1ebfc b\u00e0n v\u1eeba <strong data-start=\"3010\" data-end=\"3054\">\u0111a n\u0103ng, hi\u1ec7n \u0111\u1ea1i v\u00e0 ti\u1ebft ki\u1ec7m di\u1ec7n t\u00edch<\/strong>, b\u00e0n nh\u00e2n vi\u00ean BMT97B ch\u1eafc ch\u1eafn l\u00e0 l\u1ef1a ch\u1ecdn \u0111\u00e1ng \u0111\u1ec3 \u0111\u1ea7u t\u01b0 cho g\u00f3c l\u00e0m vi\u1ec7c c\u1ee7a b\u1ea1n.<\/p>\n","protected":false},"excerpt":{"rendered":"<p data-start=\"36\" data-end=\"338\">B\u00e0n l\u00e0m vi\u1ec7c ch\u00e2n s\u1eaft BMT97B l\u00e0 m\u1eabu b\u00e0n m\u00e1y t\u00ednh thi\u1ebft k\u1ebf hi\u1ec7n \u0111\u1ea1i, k\u1ebft h\u1ee3p gi\u1eefa <strong data-start=\"148\" data-end=\"176\">khung th\u00e9p s\u01a1n t\u0129nh \u0111i\u1ec7n<\/strong> v\u00e0 <strong data-start=\"180\" data-end=\"204\">m\u1eb7t g\u1ed7 \u00e9p ch\u00e2n kh\u00f4ng<\/strong> b\u1ec1n \u0111\u1eb9p. V\u1edbi ki\u1ec3u d\u00e1ng g\u1ecdn g\u00e0ng v\u00e0 chi\u1ec1u cao h\u1ee3p l\u00fd, s\u1ea3n ph\u1ea9m ph\u00f9 h\u1ee3p cho c\u1ea3 v\u0103n ph\u00f2ng, ph\u00f2ng h\u1ecdc ho\u1eb7c kh\u00f4ng gian l\u00e0m vi\u1ec7c t\u1ea1i nh\u00e0.<\/p>\n<p data-start=\"340\" data-end=\"529\">K\u00edch th\u01b0\u1edbc: W900 x D575 x H1245 (mm)<br data-start=\"376\" data-end=\"379\" \/>Xu\u1ea5t x\u1ee9: S\u1ea3n ph\u1ea9m c\u1ee7a c\u00f4ng ty <strong data-start=\"409\" data-end=\"429\">N\u1ed8I TH\u1ea4T THE ONE<\/strong> \u2013 Ph\u00e2n ph\u1ed1i b\u1edfi <strong data-start=\"446\" data-end=\"482\">C\u00d4NG TY TNHH SXTM TTNT H\u1eeeU TH\u1ecaNH<\/strong><br data-start=\"482\" data-end=\"485\" \/>B\u1ea3o h\u00e0nh: 12 th\u00e1ng theo ti\u00eau chu\u1ea9n nh\u00e0 m\u00e1y<\/p>\n<p data-start=\"531\" data-end=\"685\"><span style=\"color: #ed1c24;\"><em data-start=\"531\" data-end=\"683\">L\u01b0u \u00fd: Gi\u00e1 tr\u00ean ch\u01b0a bao g\u1ed3m VAT v\u00e0 ph\u00ed v\u1eadn chuy\u1ec3n. Gi\u00e1 s\u1ea3n ph\u1ea9m c\u00f3 th\u1ec3 thay \u0111\u1ed5i theo t\u1eebng th\u1eddi \u0111i\u1ec3m, vui l\u00f2ng li\u00ean h\u1ec7 \u0111\u1ec3 nh\u1eadn t\u01b0 v\u1ea5n \u01b0u \u0111\u00e3i t\u1ed1t nh\u1ea5t.<\/em><\/span><\/p>\n","protected":false},"featured_media":3987,"comment_status":"open","ping_status":"closed","template":"","meta":[],"product_brand":[],"product_cat":[17,179],"product_tag":[],"class_list":{"0":"post-3986","1":"product","2":"type-product","3":"status-publish","4":"has-post-thumbnail","6":"product_cat-noi-that-van-phong","7":"product_cat-ban-lam-viec-chan-sat","9":"first","10":"instock","11":"taxable","12":"shipping-taxable","13":"purchasable","14":"product-type-simple"},"_links":{"self":[{"href":"https:\/\/noithathuuthinh.vn\/zh-hans\/wp-json\/wp\/v2\/product\/3986","targetHints":{"allow":["GET"]}}],"collection":[{"href":"https:\/\/noithathuuthinh.vn\/zh-hans\/wp-json\/wp\/v2\/product"}],"about":[{"href":"https:\/\/noithathuuthinh.vn\/zh-hans\/wp-json\/wp\/v2\/types\/product"}],"replies":[{"embeddable":true,"href":"https:\/\/noithathuuthinh.vn\/zh-hans\/wp-json\/wp\/v2\/comments?post=3986"}],"wp:featuredmedia":[{"embeddable":true,"href":"https:\/\/noithathuuthinh.vn\/zh-hans\/wp-json\/wp\/v2\/media\/3987"}],"wp:attachment":[{"href":"https:\/\/noithathuuthinh.vn\/zh-hans\/wp-json\/wp\/v2\/media?parent=3986"}],"wp:term":[{"taxonomy":"product_brand","embeddable":true,"href":"https:\/\/noithathuuthinh.vn\/zh-hans\/wp-json\/wp\/v2\/product_brand?post=3986"},{"taxonomy":"product_cat","embeddable":true,"href":"https:\/\/noithathuuthinh.vn\/zh-hans\/wp-json\/wp\/v2\/product_cat?post=3986"},{"taxonomy":"product_tag","embeddable":true,"href":"https:\/\/noithathuuthinh.vn\/zh-hans\/wp-json\/wp\/v2\/product_tag?post=3986"}],"curies":[{"name":"wp","href":"https:\/\/api.w.org\/{rel}","templated":true}]}}