{"id":3988,"date":"2025-10-24T16:09:53","date_gmt":"2025-10-24T09:09:53","guid":{"rendered":"https:\/\/noithathuuthinh.vn\/?post_type=product&#038;p=3988"},"modified":"2025-11-24T14:25:30","modified_gmt":"2025-11-24T07:25:30","slug":"ban-lam-viec-chan-sat-bmt11","status":"publish","type":"product","link":"https:\/\/noithathuuthinh.vn\/zh-hans\/san-pham\/ban-lam-viec-chan-sat-bmt11\/","title":{"rendered":"B\u00e0n l\u00e0m vi\u1ec7c ch\u00e2n s\u1eaft BMT11"},"content":{"rendered":"<p data-start=\"624\" data-end=\"1024\">B\u00e0n l\u00e0m vi\u1ec7c ch\u00e2n s\u1eaft BMT11 l\u00e0 l\u1ef1a ch\u1ecdn l\u00fd t\u01b0\u1edfng cho nh\u1eefng kh\u00f4ng gian v\u0103n ph\u00f2ng, ph\u00f2ng h\u1ecdc ho\u1eb7c khu v\u1ef1c l\u00e0m vi\u1ec7c t\u1ea1i nh\u00e0 c\u1ea7n s\u1ef1 g\u1ecdn g\u00e0ng nh\u01b0ng v\u1eabn \u0111\u1ea3m b\u1ea3o c\u00f4ng n\u0103ng. S\u1ea3n ph\u1ea9m \u0111\u01b0\u1ee3c thi\u1ebft k\u1ebf tinh t\u1ebf v\u1edbi k\u1ebft c\u1ea5u khung th\u00e9p s\u01a1n t\u0129nh \u0111i\u1ec7n ch\u1eafc ch\u1eafn, k\u1ebft h\u1ee3p c\u00f9ng m\u1eb7t b\u00e0n g\u1ed7 \u00e9p ch\u00e2n kh\u00f4ng c\u00f3 kh\u1ea3 n\u0103ng ch\u1ed1ng cong v\u00eanh, gi\u00fap duy tr\u00ec \u0111\u1ed9 b\u1ec1n \u0111\u1eb9p trong th\u1eddi gian d\u00e0i.<\/p>\n<p data-start=\"1026\" data-end=\"1400\">\u0110i\u1ec3m n\u1ed5i b\u1eadt c\u1ee7a b\u00e0n BMT11 n\u1eb1m \u1edf thi\u1ebft k\u1ebf t\u1ed1i gi\u1ea3n nh\u01b0ng hi\u1ec7u qu\u1ea3. C\u00e1c chi ti\u1ebft \u0111\u01b0\u1ee3c t\u00ednh to\u00e1n h\u1ee3p l\u00fd, mang \u0111\u1ebfn kh\u00f4ng gian l\u00e0m vi\u1ec7c ti\u1ec7n nghi m\u00e0 kh\u00f4ng chi\u1ebfm qu\u00e1 nhi\u1ec1u di\u1ec7n t\u00edch. M\u1eb7t b\u00e0n c\u00f3 \u0111\u1ed9 r\u1ed9ng v\u1eeba ph\u1ea3i, \u0111\u1ee7 \u0111\u1ec3 b\u1ed1 tr\u00ed m\u00e1y t\u00ednh, t\u00e0i li\u1ec7u v\u00e0 c\u00e1c v\u1eadt d\u1ee5ng c\u00e1 nh\u00e2n. Ch\u00e2n b\u00e0n b\u1eb1ng th\u00e9p s\u01a1n t\u0129nh \u0111i\u1ec7n kh\u00f4ng ch\u1ec9 mang \u0111\u1ebfn s\u1ef1 \u1ed5n \u0111\u1ecbnh m\u00e0 c\u00f2n t\u1ea1o \u0111i\u1ec3m nh\u1ea5n hi\u1ec7n \u0111\u1ea1i cho kh\u00f4ng gian.<\/p>\n<p data-start=\"1402\" data-end=\"1664\">S\u1ea3n ph\u1ea9m ph\u00f9 h\u1ee3p v\u1edbi nhi\u1ec1u m\u00f4i tr\u01b0\u1eddng kh\u00e1c nhau \u2014 t\u1eeb v\u0103n ph\u00f2ng c\u00f4ng s\u1edf \u0111\u1ebfn ph\u00f2ng h\u1ecdc ho\u1eb7c kh\u00f4ng gian l\u00e0m vi\u1ec7c t\u1ea1i nh\u00e0. V\u1edbi gam m\u00e0u trung t\u00ednh, b\u00e0n d\u1ec5 d\u00e0ng ph\u1ed1i h\u1ee3p c\u00f9ng c\u00e1c d\u00f2ng gh\u1ebf xoay, gh\u1ebf v\u0103n ph\u00f2ng ho\u1eb7c t\u1ee7 ph\u1ee5, mang l\u1ea1i t\u1ed5ng th\u1ec3 \u0111\u1ed3ng nh\u1ea5t v\u00e0 chuy\u00ean nghi\u1ec7p.<\/p>\n<p data-start=\"1666\" data-end=\"2032\">V\u1eadt li\u1ec7u g\u1ed7 \u00e9p ch\u00e2n kh\u00f4ng \u0111\u01b0\u1ee3c x\u1eed l\u00fd k\u1ef9 c\u00e0ng gi\u00fap b\u1ec1 m\u1eb7t b\u00e0n nh\u1eb5n m\u1ecbn, d\u1ec5 v\u1ec7 sinh v\u00e0 ch\u1ed1ng tr\u1ea7y x\u01b0\u1edbc nh\u1eb9. Khung th\u00e9p \u0111\u01b0\u1ee3c ph\u1ee7 l\u1edbp s\u01a1n t\u0129nh \u0111i\u1ec7n cao c\u1ea5p gi\u00fap ch\u1ed1ng g\u1ec9 s\u00e9t v\u00e0 t\u0103ng tu\u1ed5i th\u1ecd s\u1eed d\u1ee5ng. Ch\u00ednh nh\u1edd s\u1ef1 k\u1ebft h\u1ee3p h\u00e0i h\u00f2a gi\u1eefa v\u1eadt li\u1ec7u v\u00e0 ki\u1ec3u d\u00e1ng, b\u00e0n BMT11 kh\u00f4ng ch\u1ec9 l\u00e0 m\u1ed9t s\u1ea3n ph\u1ea9m n\u1ed9i th\u1ea5t h\u1eefu d\u1ee5ng m\u00e0 c\u00f2n g\u00f3p ph\u1ea7n n\u00e2ng t\u1ea7m th\u1ea9m m\u1ef9 cho kh\u00f4ng gian l\u00e0m vi\u1ec7c.<\/p>\n<p data-start=\"2034\" data-end=\"2275\">B\u00ean c\u1ea1nh \u0111\u00f3, v\u1edbi k\u00edch th\u01b0\u1edbc W945 x D550 x H750 (mm), b\u00e0n \u0111\u01b0\u1ee3c t\u1ed1i \u01b0u h\u00f3a cho nh\u1eefng khu v\u1ef1c c\u00f3 di\u1ec7n t\u00edch nh\u1ecf nh\u01b0ng v\u1eabn \u0111\u1ea3m b\u1ea3o s\u1ef1 tho\u1ea3i m\u00e1i khi l\u00e0m vi\u1ec7c. Ng\u01b0\u1eddi d\u00f9ng c\u00f3 th\u1ec3 b\u1ed1 tr\u00ed th\u00eam k\u1ec7 CPU ho\u1eb7c ng\u0103n k\u00e9o ph\u1ee5 \u0111\u1ec3 t\u0103ng th\u00eam c\u00f4ng n\u0103ng l\u01b0u tr\u1eef.<\/p>\n<p data-start=\"2277\" data-end=\"2566\">B\u00e0n l\u00e0m vi\u1ec7c ch\u00e2n s\u1eaft BMT11 l\u00e0 minh ch\u1ee9ng cho tri\u1ebft l\u00fd thi\u1ebft k\u1ebf hi\u1ec7n \u0111\u1ea1i c\u1ee7a N\u1ed8I TH\u1ea4T THE ONE \u2013 t\u1eadp trung v\u00e0o t\u00ednh \u1ee9ng d\u1ee5ng, \u0111\u1ed9 b\u1ec1n v\u00e0 th\u1ea9m m\u1ef9. \u0110\u00e2y l\u00e0 l\u1ef1a ch\u1ecdn ph\u00f9 h\u1ee3p cho nh\u1eefng ai \u0111ang t\u00ecm ki\u1ebfm m\u1ed9t chi\u1ebfc b\u00e0n l\u00e0m vi\u1ec7c ch\u1ea5t l\u01b0\u1ee3ng, gi\u00e1 h\u1ee3p l\u00fd v\u00e0 c\u00f3 th\u1ec3 s\u1eed d\u1ee5ng l\u00e2u d\u00e0i m\u00e0 kh\u00f4ng lo l\u1ed7i m\u1ed1t.<\/p>\n<p data-start=\"2568\" data-end=\"2903\" data-is-last-node=\"\" data-is-only-node=\"\">S\u1ea3n ph\u1ea9m \u0111\u01b0\u1ee3c <strong data-start=\"2582\" data-end=\"2618\">C\u00d4NG TY TNHH SXTM TTNT H\u1eeeU TH\u1ecaNH<\/strong> ph\u00e2n ph\u1ed1i ch\u00ednh h\u00e3ng, cam k\u1ebft mang \u0111\u1ebfn cho kh\u00e1ch h\u00e0ng ch\u1ea5t l\u01b0\u1ee3ng t\u1ed1t nh\u1ea5t c\u00f9ng ch\u1ebf \u0111\u1ed9 b\u1ea3o h\u00e0nh r\u00f5 r\u00e0ng, h\u1ed7 tr\u1ee3 t\u1eadn t\u00e2m. N\u1ebfu b\u1ea1n \u0111ang t\u00ecm ki\u1ebfm m\u1ed9t chi\u1ebfc b\u00e0n m\u00e1y t\u00ednh nh\u1ecf g\u1ecdn, b\u1ec1n b\u1ec9 v\u00e0 ti\u1ec7n d\u1ee5ng, th\u00ec BMT11 ch\u00ednh l\u00e0 gi\u1ea3i ph\u00e1p ho\u00e0n h\u1ea3o \u0111\u1ec3 n\u00e2ng cao tr\u1ea3i nghi\u1ec7m l\u00e0m vi\u1ec7c h\u1eb1ng ng\u00e0y c\u1ee7a b\u1ea1n.<\/p>\n","protected":false},"excerpt":{"rendered":"<p data-start=\"35\" data-end=\"272\">B\u00e0n l\u00e0m vi\u1ec7c ch\u00e2n s\u1eaft BMT11 l\u00e0 m\u1eabu b\u00e0n m\u00e1y t\u00ednh nh\u1ecf g\u1ecdn, \u0111\u01b0\u1ee3c thi\u1ebft k\u1ebf k\u1ebft h\u1ee3p gi\u1eefa khung th\u00e9p s\u01a1n t\u0129nh \u0111i\u1ec7n v\u1eefng ch\u1eafc v\u00e0 m\u1eb7t b\u00e0n g\u1ed7 \u00e9p ch\u00e2n kh\u00f4ng b\u1ec1n \u0111\u1eb9p, mang l\u1ea1i s\u1ef1 h\u00e0i h\u00f2a gi\u1eefa \u0111\u1ed9 b\u1ec1n v\u00e0 t\u00ednh th\u1ea9m m\u1ef9.<\/p>\n<p data-start=\"274\" data-end=\"617\">K\u00edch th\u01b0\u1edbc: W945 x D550 x H750 (mm)<br data-start=\"309\" data-end=\"312\" \/>Xu\u1ea5t x\u1ee9: S\u1ea3n ph\u1ea9m c\u1ee7a c\u00f4ng ty <strong data-start=\"342\" data-end=\"362\">N\u1ed8I TH\u1ea4T THE ONE<\/strong> \u2013 Ph\u00e2n ph\u1ed1i b\u1edfi <strong data-start=\"379\" data-end=\"415\">C\u00d4NG TY TNHH SXTM TTNT H\u1eeeU TH\u1ecaNH<\/strong><br data-start=\"415\" data-end=\"418\" \/>B\u1ea3o h\u00e0nh: 12 th\u00e1ng theo ti\u00eau chu\u1ea9n nh\u00e0 m\u00e1y<br data-start=\"460\" data-end=\"463\" \/><span style=\"color: #ed1c24;\"><em data-start=\"463\" data-end=\"615\">L\u01b0u \u00fd: Gi\u00e1 tr\u00ean ch\u01b0a bao g\u1ed3m VAT v\u00e0 ph\u00ed v\u1eadn chuy\u1ec3n. Gi\u00e1 s\u1ea3n ph\u1ea9m c\u00f3 th\u1ec3 thay \u0111\u1ed5i theo t\u1eebng th\u1eddi \u0111i\u1ec3m, vui l\u00f2ng li\u00ean h\u1ec7 \u0111\u1ec3 nh\u1eadn t\u01b0 v\u1ea5n \u01b0u \u0111\u00e3i t\u1ed1t nh\u1ea5t.<\/em><\/span><\/p>\n","protected":false},"featured_media":3989,"comment_status":"open","ping_status":"closed","template":"","meta":[],"product_brand":[],"product_cat":[17,179],"product_tag":[],"class_list":{"0":"post-3988","1":"product","2":"type-product","3":"status-publish","4":"has-post-thumbnail","6":"product_cat-noi-that-van-phong","7":"product_cat-ban-lam-viec-chan-sat","9":"first","10":"instock","11":"taxable","12":"shipping-taxable","13":"purchasable","14":"product-type-simple"},"_links":{"self":[{"href":"https:\/\/noithathuuthinh.vn\/zh-hans\/wp-json\/wp\/v2\/product\/3988","targetHints":{"allow":["GET"]}}],"collection":[{"href":"https:\/\/noithathuuthinh.vn\/zh-hans\/wp-json\/wp\/v2\/product"}],"about":[{"href":"https:\/\/noithathuuthinh.vn\/zh-hans\/wp-json\/wp\/v2\/types\/product"}],"replies":[{"embeddable":true,"href":"https:\/\/noithathuuthinh.vn\/zh-hans\/wp-json\/wp\/v2\/comments?post=3988"}],"wp:featuredmedia":[{"embeddable":true,"href":"https:\/\/noithathuuthinh.vn\/zh-hans\/wp-json\/wp\/v2\/media\/3989"}],"wp:attachment":[{"href":"https:\/\/noithathuuthinh.vn\/zh-hans\/wp-json\/wp\/v2\/media?parent=3988"}],"wp:term":[{"taxonomy":"product_brand","embeddable":true,"href":"https:\/\/noithathuuthinh.vn\/zh-hans\/wp-json\/wp\/v2\/product_brand?post=3988"},{"taxonomy":"product_cat","embeddable":true,"href":"https:\/\/noithathuuthinh.vn\/zh-hans\/wp-json\/wp\/v2\/product_cat?post=3988"},{"taxonomy":"product_tag","embeddable":true,"href":"https:\/\/noithathuuthinh.vn\/zh-hans\/wp-json\/wp\/v2\/product_tag?post=3988"}],"curies":[{"name":"wp","href":"https:\/\/api.w.org\/{rel}","templated":true}]}}