{"id":3992,"date":"2025-10-24T16:15:08","date_gmt":"2025-10-24T09:15:08","guid":{"rendered":"https:\/\/noithathuuthinh.vn\/?post_type=product&#038;p=3992"},"modified":"2025-11-24T14:25:17","modified_gmt":"2025-11-24T07:25:17","slug":"ban-lam-viec-chan-sat-bmt05","status":"publish","type":"product","link":"https:\/\/noithathuuthinh.vn\/zh-hans\/san-pham\/ban-lam-viec-chan-sat-bmt05\/","title":{"rendered":"B\u00e0n l\u00e0m vi\u1ec7c ch\u00e2n s\u1eaft BMT05"},"content":{"rendered":"<p data-start=\"665\" data-end=\"1029\">B\u00e0n l\u00e0m vi\u1ec7c ch\u00e2n s\u1eaft BMT05 l\u00e0 m\u1ed9t trong nh\u1eefng m\u1eabu b\u00e0n m\u00e1y t\u00ednh nh\u1ecf g\u1ecdn, ti\u1ec7n d\u1ee5ng v\u00e0 \u0111\u01b0\u1ee3c \u01b0a chu\u1ed9ng trong ph\u00e2n kh\u00fac n\u1ed9i th\u1ea5t v\u0103n ph\u00f2ng hi\u1ec7n nay. S\u1ea3n ph\u1ea9m \u0111\u01b0\u1ee3c thi\u1ebft k\u1ebf d\u1ef1a tr\u00ean ti\u00eau ch\u00ed t\u1ed1i gi\u1ea3n, ti\u1ebft ki\u1ec7m kh\u00f4ng gian nh\u01b0ng v\u1eabn \u0111\u1ea3m b\u1ea3o \u0111\u1ea7y \u0111\u1ee7 c\u00f4ng n\u0103ng, gi\u00fap ng\u01b0\u1eddi d\u00f9ng c\u00f3 \u0111\u01b0\u1ee3c m\u1ed9t khu v\u1ef1c l\u00e0m vi\u1ec7c ng\u0103n n\u1eafp v\u00e0 hi\u1ec7u qu\u1ea3.<\/p>\n<p data-start=\"1031\" data-end=\"1427\">Khung b\u00e0n \u0111\u01b0\u1ee3c l\u00e0m t\u1eeb th\u00e9p s\u01a1n t\u0129nh \u0111i\u1ec7n cao c\u1ea5p, mang l\u1ea1i \u0111\u1ed9 b\u1ec1n v\u01b0\u1ee3t tr\u1ed9i, kh\u1ea3 n\u0103ng ch\u1ecbu l\u1ef1c t\u1ed1t v\u00e0 ch\u1ed1ng g\u1ec9 s\u00e9t trong qu\u00e1 tr\u00ecnh s\u1eed d\u1ee5ng l\u00e2u d\u00e0i. L\u1edbp s\u01a1n t\u0129nh \u0111i\u1ec7n gi\u00fap b\u1ec1 m\u1eb7t khung lu\u00f4n s\u00e1ng b\u00f3ng, h\u1ea1n ch\u1ebf tr\u1ea7y x\u01b0\u1edbc v\u00e0 d\u1ec5 d\u00e0ng v\u1ec7 sinh. M\u1eb7t b\u00e0n s\u1eed d\u1ee5ng ch\u1ea5t li\u1ec7u g\u1ed7 \u00e9p ch\u00e2n kh\u00f4ng \u0111\u01b0\u1ee3c x\u1eed l\u00fd k\u1ef9 c\u00e0ng, c\u00f3 \u0111\u1ed9 c\u1ee9ng cao, ch\u1ed1ng cong v\u00eanh v\u00e0 m\u1ed1i m\u1ecdt, \u0111\u1ed3ng th\u1eddi mang \u0111\u1ebfn v\u1ebb ngo\u00e0i thanh l\u1ecbch, hi\u1ec7n \u0111\u1ea1i.<\/p>\n<p data-start=\"1429\" data-end=\"1834\">\u0110i\u1ec3m \u0111\u1eb7c bi\u1ec7t c\u1ee7a b\u00e0n BMT05 l\u00e0 thi\u1ebft k\u1ebf th\u00f4ng minh v\u1edbi chi\u1ec1u cao l\u00ean t\u1edbi 1200 mm, t\u1ea1o n\u00ean k\u1ebft c\u1ea5u d\u1ea1ng k\u1ec7 b\u00e0n \u0111a t\u1ea7ng. Ph\u1ea7n m\u1eb7t tr\u00ean c\u00f3 th\u1ec3 d\u00f9ng \u0111\u1ec3 \u0111\u1eb7t m\u00e0n h\u00ecnh, s\u00e1ch v\u1edf, ch\u1eadu c\u00e2y ho\u1eb7c c\u00e1c v\u1eadt trang tr\u00ed, trong khi m\u1eb7t d\u01b0\u1edbi d\u00e0nh cho laptop, m\u00e1y t\u00ednh ho\u1eb7c t\u00e0i li\u1ec7u l\u00e0m vi\u1ec7c. Ki\u1ec3u d\u00e1ng n\u00e0y gi\u00fap t\u1eadn d\u1ee5ng t\u1ed1i \u0111a kh\u00f4ng gian theo chi\u1ec1u d\u1ecdc, r\u1ea5t ph\u00f9 h\u1ee3p cho nh\u1eefng khu v\u1ef1c l\u00e0m vi\u1ec7c nh\u1ecf ho\u1eb7c g\u00f3c h\u1ecdc t\u1eadp t\u1ea1i nh\u00e0.<\/p>\n<p data-start=\"1836\" data-end=\"2259\">B\u00e0n c\u00f3 k\u00edch th\u01b0\u1edbc g\u1ecdn g\u00e0ng W605 x D525 x H1200 (mm), d\u1ec5 d\u00e0ng b\u1ed1 tr\u00ed \u1edf nhi\u1ec1u v\u1ecb tr\u00ed kh\u00e1c nhau m\u00e0 kh\u00f4ng chi\u1ebfm nhi\u1ec1u di\u1ec7n t\u00edch. S\u1ef1 k\u1ebft h\u1ee3p gi\u1eefa khung th\u00e9p v\u00e0 m\u1eb7t g\u1ed7 mang l\u1ea1i phong c\u00e1ch hi\u1ec7n \u0111\u1ea1i, ph\u00f9 h\u1ee3p v\u1edbi c\u00e1c kh\u00f4ng gian l\u00e0m vi\u1ec7c s\u00e1ng s\u1ee7a, n\u0103ng \u0111\u1ed9ng. V\u1edbi gam m\u00e0u trung t\u00ednh v\u00e0 ki\u1ec3u d\u00e1ng thanh tho\u00e1t, b\u00e0n BMT05 d\u1ec5 d\u00e0ng ph\u1ed1i h\u1ee3p v\u1edbi c\u00e1c d\u00f2ng gh\u1ebf xoay v\u0103n ph\u00f2ng ho\u1eb7c gh\u1ebf nh\u00e2n vi\u00ean ph\u1ed5 th\u00f4ng, t\u1ea1o n\u00ean t\u1ed5ng th\u1ec3 h\u00e0i h\u00f2a, tinh t\u1ebf.<\/p>\n<p data-start=\"2261\" data-end=\"2551\">Ngo\u00e0i ra, nh\u1edd thi\u1ebft k\u1ebf ch\u1eafc ch\u1eafn v\u00e0 v\u1eadt li\u1ec7u ch\u1ea5t l\u01b0\u1ee3ng cao, s\u1ea3n ph\u1ea9m c\u00f3 th\u1ec3 ch\u1ecbu \u0111\u01b0\u1ee3c tr\u1ecdng l\u01b0\u1ee3ng l\u1edbn, \u0111\u1ea3m b\u1ea3o an to\u00e0n khi \u0111\u1eb7t m\u00e1y t\u00ednh, thi\u1ebft b\u1ecb v\u0103n ph\u00f2ng hay s\u00e1ch v\u1edf. M\u1ecdi chi ti\u1ebft \u0111\u1ec1u \u0111\u01b0\u1ee3c gia c\u00f4ng t\u1ec9 m\u1ec9, t\u1eeb m\u1ed1i n\u1ed1i khung cho \u0111\u1ebfn b\u1ec1 m\u1eb7t b\u00e0n, mang \u0111\u1ebfn c\u1ea3m gi\u00e1c ch\u1eafc ch\u1eafn v\u00e0 th\u1ea9m m\u1ef9 cao.<\/p>\n<p data-start=\"2553\" data-end=\"2840\">B\u00e0n l\u00e0m vi\u1ec7c ch\u00e2n s\u1eaft BMT05 kh\u00f4ng ch\u1ec9 l\u00e0 gi\u1ea3i ph\u00e1p t\u1ed1i \u01b0u cho kh\u00f4ng gian nh\u1ecf m\u00e0 c\u00f2n l\u00e0 l\u1ef1a ch\u1ecdn l\u00fd t\u01b0\u1edfng cho nh\u1eefng ai y\u00eau th\u00edch phong c\u00e1ch n\u1ed9i th\u1ea5t t\u1ed1i gi\u1ea3n v\u00e0 hi\u1ec7n \u0111\u1ea1i. S\u1ea3n ph\u1ea9m th\u1ec3 hi\u1ec7n s\u1ef1 tinh t\u1ebf trong thi\u1ebft k\u1ebf, t\u00ednh b\u1ec1n b\u1ec9 trong ch\u1ea5t li\u1ec7u v\u00e0 s\u1ef1 ti\u1ec7n d\u1ee5ng trong tr\u1ea3i nghi\u1ec7m th\u1ef1c t\u1ebf.<\/p>\n<p data-start=\"2842\" data-end=\"3209\" data-is-last-node=\"\" data-is-only-node=\"\">\u0110\u01b0\u1ee3c s\u1ea3n xu\u1ea5t b\u1edfi <strong data-start=\"2860\" data-end=\"2880\">N\u1ed8I TH\u1ea4T THE ONE<\/strong> v\u00e0 ph\u00e2n ph\u1ed1i \u0111\u1ed9c quy\u1ec1n b\u1edfi <strong data-start=\"2908\" data-end=\"2944\">C\u00d4NG TY TNHH SXTM TTNT H\u1eeeU TH\u1ecaNH<\/strong>, b\u00e0n BMT05 cam k\u1ebft mang \u0111\u1ebfn cho kh\u00e1ch h\u00e0ng ch\u1ea5t l\u01b0\u1ee3ng \u1ed5n \u0111\u1ecbnh, ki\u1ec3u d\u00e1ng \u0111\u1eb9p v\u00e0 gi\u00e1 tr\u1ecb s\u1eed d\u1ee5ng l\u00e2u d\u00e0i. N\u1ebfu b\u1ea1n \u0111ang t\u00ecm m\u1ed9t chi\u1ebfc b\u00e0n m\u00e1y t\u00ednh nh\u1ecf g\u1ecdn, b\u1ec1n \u0111\u1eb9p v\u00e0 ti\u1ec7n d\u1ee5ng, th\u00ec BMT05 ch\u00ednh l\u00e0 l\u1ef1a ch\u1ecdn ho\u00e0n h\u1ea3o \u0111\u1ec3 ho\u00e0n thi\u1ec7n kh\u00f4ng gian l\u00e0m vi\u1ec7c hi\u1ec7n \u0111\u1ea1i c\u1ee7a b\u1ea1n.<\/p>\n","protected":false},"excerpt":{"rendered":"<p data-start=\"35\" data-end=\"312\">B\u00e0n l\u00e0m vi\u1ec7c ch\u00e2n s\u1eaft BMT05 l\u00e0 m\u1eabu b\u00e0n m\u00e1y t\u00ednh nh\u1ecf g\u1ecdn, \u0111\u01b0\u1ee3c thi\u1ebft k\u1ebf v\u1edbi khung th\u00e9p s\u01a1n t\u0129nh \u0111i\u1ec7n ch\u1eafc ch\u1eafn k\u1ebft h\u1ee3p c\u00f9ng m\u1eb7t b\u00e0n g\u1ed7 \u00e9p ch\u00e2n kh\u00f4ng b\u1ec1n \u0111\u1eb9p, ph\u00f9 h\u1ee3p v\u1edbi kh\u00f4ng gian v\u0103n ph\u00f2ng, ph\u00f2ng h\u1ecdc ho\u1eb7c l\u00e0m vi\u1ec7c t\u1ea1i nh\u00e0 c\u00f3 di\u1ec7n t\u00edch h\u1ea1n ch\u1ebf.<\/p>\n<p data-start=\"314\" data-end=\"658\">K\u00edch th\u01b0\u1edbc: W605 x D525 x H1200 (mm)<br data-start=\"350\" data-end=\"353\" \/>Xu\u1ea5t x\u1ee9: S\u1ea3n ph\u1ea9m c\u1ee7a c\u00f4ng ty <strong data-start=\"383\" data-end=\"403\">N\u1ed8I TH\u1ea4T THE ONE<\/strong> \u2013 Ph\u00e2n ph\u1ed1i b\u1edfi <strong data-start=\"420\" data-end=\"456\">C\u00d4NG TY TNHH SXTM TTNT H\u1eeeU TH\u1ecaNH<\/strong><br data-start=\"456\" data-end=\"459\" \/>B\u1ea3o h\u00e0nh: 12 th\u00e1ng theo ti\u00eau chu\u1ea9n nh\u00e0 m\u00e1y<br data-start=\"501\" data-end=\"504\" \/><span style=\"color: #ed1c24;\"><em data-start=\"504\" data-end=\"656\" data-is-only-node=\"\">L\u01b0u \u00fd: Gi\u00e1 tr\u00ean ch\u01b0a bao g\u1ed3m VAT v\u00e0 ph\u00ed v\u1eadn chuy\u1ec3n. Gi\u00e1 s\u1ea3n ph\u1ea9m c\u00f3 th\u1ec3 thay \u0111\u1ed5i theo t\u1eebng th\u1eddi \u0111i\u1ec3m, vui l\u00f2ng li\u00ean h\u1ec7 \u0111\u1ec3 nh\u1eadn t\u01b0 v\u1ea5n \u01b0u \u0111\u00e3i t\u1ed1t nh\u1ea5t.<\/em><\/span><\/p>\n","protected":false},"featured_media":3993,"comment_status":"open","ping_status":"closed","template":"","meta":[],"product_brand":[],"product_cat":[17,179],"product_tag":[],"class_list":{"0":"post-3992","1":"product","2":"type-product","3":"status-publish","4":"has-post-thumbnail","6":"product_cat-noi-that-van-phong","7":"product_cat-ban-lam-viec-chan-sat","9":"first","10":"instock","11":"taxable","12":"shipping-taxable","13":"purchasable","14":"product-type-simple"},"_links":{"self":[{"href":"https:\/\/noithathuuthinh.vn\/zh-hans\/wp-json\/wp\/v2\/product\/3992","targetHints":{"allow":["GET"]}}],"collection":[{"href":"https:\/\/noithathuuthinh.vn\/zh-hans\/wp-json\/wp\/v2\/product"}],"about":[{"href":"https:\/\/noithathuuthinh.vn\/zh-hans\/wp-json\/wp\/v2\/types\/product"}],"replies":[{"embeddable":true,"href":"https:\/\/noithathuuthinh.vn\/zh-hans\/wp-json\/wp\/v2\/comments?post=3992"}],"wp:featuredmedia":[{"embeddable":true,"href":"https:\/\/noithathuuthinh.vn\/zh-hans\/wp-json\/wp\/v2\/media\/3993"}],"wp:attachment":[{"href":"https:\/\/noithathuuthinh.vn\/zh-hans\/wp-json\/wp\/v2\/media?parent=3992"}],"wp:term":[{"taxonomy":"product_brand","embeddable":true,"href":"https:\/\/noithathuuthinh.vn\/zh-hans\/wp-json\/wp\/v2\/product_brand?post=3992"},{"taxonomy":"product_cat","embeddable":true,"href":"https:\/\/noithathuuthinh.vn\/zh-hans\/wp-json\/wp\/v2\/product_cat?post=3992"},{"taxonomy":"product_tag","embeddable":true,"href":"https:\/\/noithathuuthinh.vn\/zh-hans\/wp-json\/wp\/v2\/product_tag?post=3992"}],"curies":[{"name":"wp","href":"https:\/\/api.w.org\/{rel}","templated":true}]}}