{"id":4010,"date":"2025-10-24T17:15:33","date_gmt":"2025-10-24T10:15:33","guid":{"rendered":"https:\/\/noithathuuthinh.vn\/?post_type=product&#038;p=4010"},"modified":"2025-10-24T17:15:33","modified_gmt":"2025-10-24T10:15:33","slug":"ban-hop-van-phong-ct2010h5","status":"publish","type":"product","link":"https:\/\/noithathuuthinh.vn\/zh-hans\/san-pham\/ban-hop-van-phong-ct2010h5\/","title":{"rendered":"B\u00e0n h\u1ecdp v\u0103n ph\u00f2ng CT2010H5"},"content":{"rendered":"<p data-start=\"759\" data-end=\"1167\">B\u00e0n h\u1ecdp v\u0103n ph\u00f2ng CT2010H5 thu\u1ed9c d\u00f2ng b\u00e0n h\u1ecdp g\u1ed7 s\u01a1n PU cao c\u1ea5p c\u1ee7a <strong data-start=\"869\" data-end=\"889\">N\u1ed8I TH\u1ea4T THE ONE<\/strong>, \u0111\u01b0\u1ee3c thi\u1ebft k\u1ebf nh\u1eb1m mang l\u1ea1i v\u1ebb \u0111\u1eb9p sang tr\u1ecdng, b\u1ec1n v\u1eefng v\u00e0 \u0111\u1ea7y tinh t\u1ebf cho kh\u00f4ng gian l\u00e0m vi\u1ec7c. S\u1ea3n ph\u1ea9m kh\u00f4ng ch\u1ec9 l\u00e0 n\u01a1i di\u1ec5n ra nh\u1eefng bu\u1ed5i h\u1ecdp quan tr\u1ecdng m\u00e0 c\u00f2n l\u00e0 \u0111i\u1ec3m nh\u1ea5n th\u1ec3 hi\u1ec7n phong c\u00e1ch, \u0111\u1eb3ng c\u1ea5p v\u00e0 s\u1ef1 chuy\u00ean nghi\u1ec7p c\u1ee7a doanh nghi\u1ec7p trong m\u1eaft \u0111\u1ed1i t\u00e1c v\u00e0 nh\u00e2n vi\u00ean.<\/p>\n<p data-start=\"1169\" data-end=\"1603\">B\u00e0n h\u1ecdp CT2010H5 g\u00e2y \u1ea5n t\u01b0\u1ee3ng ngay t\u1eeb c\u00e1i nh\u00ecn \u0111\u1ea7u ti\u00ean v\u1edbi <strong data-start=\"1229\" data-end=\"1262\">thi\u1ebft k\u1ebf m\u1eb7t b\u00e0n l\u01b0\u1ee3n m\u1ec1m m\u1ea1i<\/strong>, mang \u0111\u1ebfn c\u1ea3m gi\u00e1c th\u00e2n thi\u1ec7n, g\u1ea7n g\u0169i v\u00e0 t\u1ea1o s\u1ef1 k\u1ebft n\u1ed1i gi\u1eefa c\u00e1c th\u00e0nh vi\u00ean trong cu\u1ed9c h\u1ecdp. Ki\u1ec3u d\u00e1ng l\u01b0\u1ee3n c\u00f2n gi\u00fap kh\u00f4ng gian tr\u1edf n\u00ean h\u00e0i h\u00f2a, gi\u1ea3m s\u1ef1 kh\u00f4 c\u1ee9ng th\u01b0\u1eddng th\u1ea5y \u1edf c\u00e1c d\u00f2ng b\u00e0n h\u1ecdp h\u00ecnh ch\u1eef nh\u1eadt truy\u1ec1n th\u1ed1ng. S\u1ef1 uy\u1ec3n chuy\u1ec3n trong thi\u1ebft k\u1ebf th\u1ec3 hi\u1ec7n n\u00e9t th\u1ea9m m\u1ef9 tinh t\u1ebf, \u0111\u1ed3ng th\u1eddi gi\u00fap c\u0103n ph\u00f2ng th\u00eam ph\u1ea7n r\u1ed9ng r\u00e3i, tho\u00e1ng \u0111\u00e3ng.<\/p>\n<p data-start=\"1605\" data-end=\"2009\">Ph\u1ea7n <strong data-start=\"1610\" data-end=\"1646\">ch\u00e2n b\u00e0n \u0111\u01b0\u1ee3c gh\u00e9p h\u1ed9p trang tr\u00ed<\/strong> l\u00e0 \u0111i\u1ec3m nh\u1ea5n \u0111\u1eb7c tr\u01b0ng c\u1ee7a m\u1eabu CT2010H5. Thi\u1ebft k\u1ebf n\u00e0y kh\u00f4ng ch\u1ec9 t\u1ea1o n\u00ean s\u1ef1 v\u1eefng ch\u00e3i v\u00e0 ch\u1eafc ch\u1eafn m\u00e0 c\u00f2n gi\u00fap t\u1ed5ng th\u1ec3 b\u00e0n th\u00eam ph\u1ea7n sang tr\u1ecdng v\u00e0 hi\u1ec7n \u0111\u1ea1i. C\u00e1c chi ti\u1ebft gh\u00e9p h\u1ed9p \u0111\u01b0\u1ee3c x\u1eed l\u00fd t\u1ec9 m\u1ec9, \u0111\u1ea3m b\u1ea3o t\u00ednh th\u1ea9m m\u1ef9 cao v\u00e0 \u0111\u1ed9 ch\u00ednh x\u00e1c tuy\u1ec7t \u0111\u1ed1i trong t\u1eebng m\u1ed1i n\u1ed1i, th\u1ec3 hi\u1ec7n tay ngh\u1ec1 kh\u00e9o l\u00e9o v\u00e0 s\u1ef1 tinh t\u1ebf trong ch\u1ebf t\u00e1c c\u1ee7a th\u01b0\u01a1ng hi\u1ec7u <strong data-start=\"1986\" data-end=\"2006\">N\u1ed8I TH\u1ea4T THE ONE<\/strong>.<\/p>\n<p data-start=\"2011\" data-end=\"2445\">S\u1ea3n ph\u1ea9m \u0111\u01b0\u1ee3c l\u00e0m t\u1eeb <strong data-start=\"2032\" data-end=\"2089\">ch\u1ea5t li\u1ec7u g\u1ed7 c\u00f4ng nghi\u1ec7p cao c\u1ea5p ph\u1ee7 s\u01a1n PU to\u00e0n ph\u1ea7n<\/strong>, mang \u0111\u1ebfn \u0111\u1ed9 b\u1ec1n v\u01b0\u1ee3t tr\u1ed9i, kh\u1ea3 n\u0103ng ch\u1ed1ng \u1ea9m, ch\u1ed1ng tr\u1ea7y x\u01b0\u1edbc v\u00e0 d\u1ec5 d\u00e0ng v\u1ec7 sinh. L\u1edbp s\u01a1n PU kh\u00f4ng ch\u1ec9 b\u1ea3o v\u1ec7 b\u1ec1 m\u1eb7t b\u00e0n m\u00e0 c\u00f2n gi\u00fap v\u00e2n g\u1ed7 tr\u1edf n\u00ean r\u00f5 n\u00e9t, t\u1ef1 nhi\u00ean v\u00e0 b\u00f3ng m\u1ecbn, t\u1ea1o c\u1ea3m gi\u00e1c sang tr\u1ecdng, \u1ea5m c\u00fang cho kh\u00f4ng gian h\u1ecdp. \u0110\u00e2y l\u00e0 s\u1ef1 k\u1ebft h\u1ee3p ho\u00e0n h\u1ea3o gi\u1eefa t\u00ednh th\u1ea9m m\u1ef9 v\u00e0 \u0111\u1ed9 b\u1ec1n \u2013 y\u1ebfu t\u1ed1 quan tr\u1ecdng trong c\u00e1c s\u1ea3n ph\u1ea9m n\u1ed9i th\u1ea5t v\u0103n ph\u00f2ng cao c\u1ea5p.<\/p>\n<p data-start=\"2447\" data-end=\"2881\">V\u1edbi <strong data-start=\"2451\" data-end=\"2500\">k\u00edch th\u01b0\u1edbc ti\u00eau chu\u1ea9n W2000 x D1000 x H750 mm<\/strong>, b\u00e0n h\u1ecdp CT2010H5 ph\u00f9 h\u1ee3p cho ph\u00f2ng h\u1ecdp nh\u1ecf v\u00e0 v\u1eeba, c\u00f3 th\u1ec3 s\u1eed d\u1ee5ng cho kho\u1ea3ng 6\u20138 ng\u01b0\u1eddi. Ngo\u00e0i ra, s\u1ea3n ph\u1ea9m c\u00f2n c\u00f3 phi\u00ean b\u1ea3n l\u1edbn h\u01a1n <strong data-start=\"2634\" data-end=\"2672\">CT2412H5 (W2400 x D1200 x H750 mm)<\/strong>, ph\u00f9 h\u1ee3p v\u1edbi c\u00e1c ph\u00f2ng h\u1ecdp c\u00f3 quy m\u00f4 l\u1edbn h\u01a1n. C\u1ea3 hai k\u00edch th\u01b0\u1edbc \u0111\u1ec1u \u0111\u01b0\u1ee3c thi\u1ebft k\u1ebf theo ti\u00eau chu\u1ea9n c\u00f4ng th\u00e1i h\u1ecdc, \u0111\u1ea3m b\u1ea3o mang l\u1ea1i c\u1ea3m gi\u00e1c tho\u1ea3i m\u00e1i v\u00e0 thu\u1eadn ti\u1ec7n cho ng\u01b0\u1eddi s\u1eed d\u1ee5ng trong su\u1ed1t bu\u1ed5i l\u00e0m vi\u1ec7c.<\/p>\n<p data-start=\"2883\" data-end=\"3318\">Thi\u1ebft k\u1ebf c\u1ee7a b\u00e0n h\u1ecdp CT2010H5 mang \u0111\u1ebfn <strong data-start=\"2922\" data-end=\"2972\">s\u1ef1 k\u1ebft h\u1ee3p h\u00e0i h\u00f2a gi\u1eefa h\u00ecnh th\u1ee9c v\u00e0 c\u00f4ng n\u0103ng<\/strong>. M\u1eb7t b\u00e0n l\u01b0\u1ee3n \u0111\u01b0\u1ee3c bo c\u1ea1nh tinh t\u1ebf, tr\u00e1nh va ch\u1ea1m, \u0111\u1ea3m b\u1ea3o an to\u00e0n trong qu\u00e1 tr\u00ecnh s\u1eed d\u1ee5ng. B\u1ec1 m\u1eb7t b\u00e0n r\u1ed9ng r\u00e3i, c\u00f3 th\u1ec3 b\u1ed1 tr\u00ed th\u00eam thi\u1ebft b\u1ecb h\u1ecdp tr\u1ef1c tuy\u1ebfn, laptop, t\u00e0i li\u1ec7u ho\u1eb7c micro m\u1ed9t c\u00e1ch g\u1ecdn g\u00e0ng v\u00e0 ti\u1ec7n l\u1ee3i. Ngo\u00e0i ra, ph\u1ea7n ch\u00e2n b\u00e0n d\u1ea1ng h\u1ed9p gi\u00fap t\u1ea1o kh\u00f4ng gian tho\u00e1ng b\u00ean d\u01b0\u1edbi, thu\u1eadn ti\u1ec7n cho vi\u1ec7c \u0111i d\u00e2y \u0111i\u1ec7n ho\u1eb7c b\u1ed1 tr\u00ed \u1ed5 c\u1eafm \u00e2m b\u00e0n.<\/p>\n<p data-start=\"3320\" data-end=\"3618\">B\u00e0n h\u1ecdp CT2010H5 d\u1ec5 d\u00e0ng <strong data-start=\"3345\" data-end=\"3418\">k\u1ebft h\u1ee3p v\u1edbi c\u00e1c m\u1eabu gh\u1ebf h\u1ecdp da, gh\u1ebf ch\u00e2n qu\u1ef3 ho\u1eb7c gh\u1ebf xoay l\u01b0ng trung<\/strong> \u0111\u1ec3 t\u1ea1o n\u00ean m\u1ed9t t\u1ed5ng th\u1ec3 th\u1ed1ng nh\u1ea5t, h\u00e0i h\u00f2a v\u1ec1 m\u00e0u s\u1eafc v\u00e0 ki\u1ec3u d\u00e1ng. V\u1edbi t\u00f4ng m\u00e0u g\u1ed7 s\u01a1n PU t\u1ef1 nhi\u00ean, b\u00e0n ph\u00f9 h\u1ee3p v\u1edbi nhi\u1ec1u phong c\u00e1ch n\u1ed9i th\u1ea5t kh\u00e1c nhau \u2013 t\u1eeb c\u1ed5 \u0111i\u1ec3n, t\u00e2n c\u1ed5 \u0111i\u1ec3n cho \u0111\u1ebfn hi\u1ec7n \u0111\u1ea1i.<\/p>\n<p data-start=\"3620\" data-end=\"4027\">Kh\u00f4ng ch\u1ec9 d\u1eebng l\u1ea1i \u1edf c\u00f4ng n\u0103ng, s\u1ea3n ph\u1ea9m c\u00f2n mang gi\u00e1 tr\u1ecb <strong data-start=\"3678\" data-end=\"3703\">th\u1ea9m m\u1ef9 v\u00e0 phong th\u1ee7y<\/strong> cho kh\u00f4ng gian l\u00e0m vi\u1ec7c. Theo quan ni\u1ec7m phong th\u1ee7y, c\u00e1c v\u1eadt d\u1ee5ng n\u1ed9i th\u1ea5t b\u1eb1ng g\u1ed7 c\u00f3 kh\u1ea3 n\u0103ng mang l\u1ea1i s\u1ef1 \u1ed5n \u0111\u1ecbnh, v\u1eefng ch\u1eafc v\u00e0 t\u1ea1o ngu\u1ed3n n\u0103ng l\u01b0\u1ee3ng t\u00edch c\u1ef1c. V\u00ec v\u1eady, vi\u1ec7c s\u1eed d\u1ee5ng b\u00e0n h\u1ecdp g\u1ed7 PU nh\u01b0 CT2010H5 kh\u00f4ng ch\u1ec9 gi\u00fap kh\u00f4ng gian tr\u1edf n\u00ean sang tr\u1ecdng m\u00e0 c\u00f2n g\u00f3p ph\u1ea7n t\u1ea1o c\u1ea3m h\u1ee9ng l\u00e0m vi\u1ec7c v\u00e0 n\u00e2ng cao hi\u1ec7u qu\u1ea3 th\u1ea3o lu\u1eadn.<\/p>\n<p data-start=\"4029\" data-end=\"4395\" data-is-last-node=\"\" data-is-only-node=\"\">V\u1edbi thi\u1ebft k\u1ebf tinh t\u1ebf, ch\u1ea5t li\u1ec7u cao c\u1ea5p v\u00e0 t\u00ednh \u1ee9ng d\u1ee5ng cao, <strong data-start=\"4091\" data-end=\"4121\">b\u00e0n h\u1ecdp v\u0103n ph\u00f2ng CT2010H5<\/strong> l\u00e0 l\u1ef1a ch\u1ecdn ho\u00e0n h\u1ea3o cho nh\u1eefng doanh nghi\u1ec7p mong mu\u1ed1n x\u00e2y d\u1ef1ng m\u1ed9t kh\u00f4ng gian h\u1ecdp hi\u1ec7n \u0111\u1ea1i, \u0111\u1eb3ng c\u1ea5p v\u00e0 chuy\u00ean nghi\u1ec7p. S\u1ea3n ph\u1ea9m kh\u00f4ng ch\u1ec9 mang \u0111\u1ebfn s\u1ef1 ti\u1ec7n nghi v\u00e0 b\u1ec1n b\u1ec9 theo th\u1eddi gian m\u00e0 c\u00f2n g\u00f3p ph\u1ea7n kh\u1eb3ng \u0111\u1ecbnh h\u00ecnh \u1ea3nh v\u00e0 uy t\u00edn c\u1ee7a c\u00f4ng ty trong m\u1eaft \u0111\u1ed1i t\u00e1c, kh\u00e1ch h\u00e0ng.<\/p>\n","protected":false},"excerpt":{"rendered":"<p data-start=\"34\" data-end=\"353\">B\u00e0n h\u1ecdp v\u0103n ph\u00f2ng CT2010H5 l\u00e0 m\u1eabu b\u00e0n h\u1ecdp g\u1ed7 s\u01a1n PU cao c\u1ea5p, c\u00f3 thi\u1ebft k\u1ebf m\u1eb7t l\u01b0\u1ee3n m\u1ec1m m\u1ea1i k\u1ebft h\u1ee3p c\u00f9ng ph\u1ea7n ch\u00e2n b\u00e0n gh\u00e9p h\u1ed9p trang tr\u00ed tinh t\u1ebf. V\u1edbi ki\u1ec3u d\u00e1ng sang tr\u1ecdng v\u00e0 \u0111\u01b0\u1eddng n\u00e9t uy\u1ec3n chuy\u1ec3n, s\u1ea3n ph\u1ea9m mang l\u1ea1i kh\u00f4ng gian h\u1ecdp hi\u1ec7n \u0111\u1ea1i, chuy\u00ean nghi\u1ec7p v\u00e0 \u0111\u1eb3ng c\u1ea5p cho m\u1ecdi doanh nghi\u1ec7p.<\/p>\n<p data-start=\"355\" data-end=\"444\">K\u00edch th\u01b0\u1edbc:<br data-start=\"366\" data-end=\"369\" \/>W2000 x D1000 x H750 (mm) &#8211; <span style=\"color: #ed1c24; font-size: 120%;\"><strong>3.955.000 \u0111<\/strong><\/span><br data-start=\"404\" data-end=\"407\" \/>W2400 x D1200 x H750 (mm) &#8211; <span style=\"color: #ed1c24; font-size: 120%;\"><strong>4.830.000 \u0111<\/strong><\/span><\/p>\n<p data-start=\"446\" data-end=\"596\">Xu\u1ea5t x\u1ee9: S\u1ea3n ph\u1ea9m c\u1ee7a <strong data-start=\"468\" data-end=\"496\">C\u00f4ng ty N\u1ed8I TH\u1ea4T THE ONE<\/strong> \u2013 Ph\u00e2n ph\u1ed1i b\u1edfi <strong data-start=\"513\" data-end=\"549\">C\u00d4NG TY TNHH SXTM TTNT H\u1eeeU TH\u1ecaNH<\/strong><br data-start=\"549\" data-end=\"552\" \/>B\u1ea3o h\u00e0nh: 12 th\u00e1ng theo ti\u00eau chu\u1ea9n nh\u00e0 m\u00e1y<\/p>\n<p data-start=\"598\" data-end=\"752\"><span style=\"color: #ed1c24;\"><em data-start=\"598\" data-end=\"750\">L\u01b0u \u00fd: Gi\u00e1 tr\u00ean ch\u01b0a bao g\u1ed3m VAT v\u00e0 ph\u00ed v\u1eadn chuy\u1ec3n. Gi\u00e1 s\u1ea3n ph\u1ea9m c\u00f3 th\u1ec3 thay \u0111\u1ed5i theo t\u1eebng th\u1eddi \u0111i\u1ec3m, vui l\u00f2ng li\u00ean h\u1ec7 \u0111\u1ec3 nh\u1eadn t\u01b0 v\u1ea5n \u01b0u \u0111\u00e3i t\u1ed1t nh\u1ea5t.<\/em><\/span><\/p>\n","protected":false},"featured_media":4011,"comment_status":"open","ping_status":"closed","template":"","meta":[],"product_brand":[],"product_cat":[17,178],"product_tag":[],"class_list":{"0":"post-4010","1":"product","2":"type-product","3":"status-publish","4":"has-post-thumbnail","6":"product_cat-noi-that-van-phong","7":"product_cat-ban-hop-van-phong","9":"first","10":"instock","11":"shipping-taxable","12":"purchasable","13":"product-type-simple"},"_links":{"self":[{"href":"https:\/\/noithathuuthinh.vn\/zh-hans\/wp-json\/wp\/v2\/product\/4010","targetHints":{"allow":["GET"]}}],"collection":[{"href":"https:\/\/noithathuuthinh.vn\/zh-hans\/wp-json\/wp\/v2\/product"}],"about":[{"href":"https:\/\/noithathuuthinh.vn\/zh-hans\/wp-json\/wp\/v2\/types\/product"}],"replies":[{"embeddable":true,"href":"https:\/\/noithathuuthinh.vn\/zh-hans\/wp-json\/wp\/v2\/comments?post=4010"}],"wp:featuredmedia":[{"embeddable":true,"href":"https:\/\/noithathuuthinh.vn\/zh-hans\/wp-json\/wp\/v2\/media\/4011"}],"wp:attachment":[{"href":"https:\/\/noithathuuthinh.vn\/zh-hans\/wp-json\/wp\/v2\/media?parent=4010"}],"wp:term":[{"taxonomy":"product_brand","embeddable":true,"href":"https:\/\/noithathuuthinh.vn\/zh-hans\/wp-json\/wp\/v2\/product_brand?post=4010"},{"taxonomy":"product_cat","embeddable":true,"href":"https:\/\/noithathuuthinh.vn\/zh-hans\/wp-json\/wp\/v2\/product_cat?post=4010"},{"taxonomy":"product_tag","embeddable":true,"href":"https:\/\/noithathuuthinh.vn\/zh-hans\/wp-json\/wp\/v2\/product_tag?post=4010"}],"curies":[{"name":"wp","href":"https:\/\/api.w.org\/{rel}","templated":true}]}}