{"id":4012,"date":"2025-10-24T17:19:21","date_gmt":"2025-10-24T10:19:21","guid":{"rendered":"https:\/\/noithathuuthinh.vn\/?post_type=product&#038;p=4012"},"modified":"2025-10-24T17:20:25","modified_gmt":"2025-10-24T10:20:25","slug":"ban-hop-van-phong-ct2010h5cn","status":"publish","type":"product","link":"https:\/\/noithathuuthinh.vn\/zh-hans\/san-pham\/ban-hop-van-phong-ct2010h5cn\/","title":{"rendered":"B\u00e0n h\u1ecdp v\u0103n ph\u00f2ng CT2010H5CN"},"content":{"rendered":"<p data-start=\"809\" data-end=\"1247\">B\u00e0n h\u1ecdp v\u0103n ph\u00f2ng CT2010H5CN thu\u1ed9c d\u00f2ng b\u00e0n h\u1ecdp g\u1ed7 s\u01a1n PU cao c\u1ea5p c\u1ee7a N\u1ed9i th\u1ea5t The One, \u0111\u01b0\u1ee3c thi\u1ebft k\u1ebf h\u01b0\u1edbng \u0111\u1ebfn s\u1ef1 trang tr\u1ecdng, b\u1ec1n b\u1ec9 v\u00e0 chuy\u00ean nghi\u1ec7p \u2013 nh\u1eefng y\u1ebfu t\u1ed1 quan tr\u1ecdng trong kh\u00f4ng gian h\u1ed9i h\u1ecdp doanh nghi\u1ec7p. V\u1edbi ki\u1ec3u d\u00e1ng ch\u1eef nh\u1eadt truy\u1ec1n th\u1ed1ng, b\u00e0n mang l\u1ea1i c\u1ea3m gi\u00e1c c\u00e2n \u0111\u1ed1i, d\u1ec5 d\u00e0ng b\u1ed1 tr\u00ed trong c\u00e1c ph\u00f2ng h\u1ecdp l\u1edbn nh\u1ecf, \u0111\u1ed3ng th\u1eddi th\u1ec3 hi\u1ec7n phong c\u00e1ch qu\u1ea3n tr\u1ecb hi\u1ec7n \u0111\u1ea1i c\u1ee7a doanh nghi\u1ec7p.<\/p>\n<p data-start=\"1249\" data-end=\"1613\">To\u00e0n b\u1ed9 b\u00e0n \u0111\u01b0\u1ee3c gia c\u00f4ng t\u1eeb g\u1ed7 c\u00f4ng nghi\u1ec7p ch\u1ea5t l\u01b0\u1ee3ng cao, b\u1ec1 m\u1eb7t ph\u1ee7 s\u01a1n PU nhi\u1ec1u l\u1edbp gi\u00fap t\u1ea1o \u0111\u1ed9 b\u00f3ng sang tr\u1ecdng, t\u0103ng kh\u1ea3 n\u0103ng ch\u1ed1ng tr\u1ea7y x\u01b0\u1edbc, ch\u1ed1ng \u1ea9m m\u1ed1c v\u00e0 d\u1ec5 v\u1ec7 sinh trong qu\u00e1 tr\u00ecnh s\u1eed d\u1ee5ng. M\u00e0u s\u1eafc g\u1ed7 t\u1ef1 nhi\u00ean c\u00f9ng \u0111\u1ed9 b\u00f3ng v\u1eeba ph\u1ea3i mang l\u1ea1i c\u1ea3m gi\u00e1c \u1ea5m \u00e1p v\u00e0 g\u1ea7n g\u0169i, ph\u00f9 h\u1ee3p v\u1edbi nhi\u1ec1u phong c\u00e1ch n\u1ed9i th\u1ea5t v\u0103n ph\u00f2ng kh\u00e1c nhau \u2013 t\u1eeb c\u1ed5 \u0111i\u1ec3n \u0111\u1ebfn hi\u1ec7n \u0111\u1ea1i.<\/p>\n<p data-start=\"1615\" data-end=\"1934\">\u0110i\u1ec3m nh\u1ea5n n\u1ed5i b\u1eadt c\u1ee7a b\u00e0n h\u1ecdp CT2010H5CN n\u1eb1m \u1edf ph\u1ea7n <strong data-start=\"1667\" data-end=\"1688\">ch\u00e2n b\u00e0n gh\u00e9p h\u1ed9p<\/strong> \u0111\u01b0\u1ee3c thi\u1ebft k\u1ebf v\u1eefng ch\u1eafc, mang d\u00e1ng v\u1ebb kh\u1ecfe kho\u1eafn, \u0111\u1ed3ng th\u1eddi t\u1ea1o s\u1ef1 \u1ed5n \u0111\u1ecbnh tuy\u1ec7t \u0111\u1ed1i trong qu\u00e1 tr\u00ecnh s\u1eed d\u1ee5ng. C\u00e1c chi ti\u1ebft \u1ed1p trang tr\u00ed \u1edf ph\u1ea7n ch\u00e2n kh\u00f4ng ch\u1ec9 t\u0103ng t\u00ednh th\u1ea9m m\u1ef9 m\u00e0 c\u00f2n gi\u00fap kh\u00f4ng gian ph\u00f2ng h\u1ecdp th\u00eam ph\u1ea7n chuy\u00ean nghi\u1ec7p, \u0111\u1eb3ng c\u1ea5p.<\/p>\n<p data-start=\"1936\" data-end=\"2266\">V\u1edbi k\u00edch th\u01b0\u1edbc ti\u00eau chu\u1ea9n W2000 x D1000 x H760 mm, b\u00e0n h\u1ecdp CT2010H5CN ph\u00f9 h\u1ee3p cho c\u00e1c cu\u1ed9c h\u1ecdp t\u1eeb 6\u20138 ng\u01b0\u1eddi. Ngo\u00e0i ra, m\u1eabu b\u00e0n c\u00f2n c\u00f3 phi\u00ean b\u1ea3n <strong data-start=\"2080\" data-end=\"2094\">CT2412H5CN<\/strong> v\u1edbi k\u00edch th\u01b0\u1edbc l\u1edbn h\u01a1n (W2400 x D1200 x H760 mm), \u0111\u00e1p \u1ee9ng nhu c\u1ea7u s\u1eed d\u1ee5ng cho nh\u1eefng kh\u00f4ng gian h\u1ecdp \u0111\u00f4ng ng\u01b0\u1eddi h\u01a1n, mang \u0111\u1ebfn s\u1ef1 linh ho\u1ea1t trong l\u1ef1a ch\u1ecdn cho doanh nghi\u1ec7p.<\/p>\n<p data-start=\"2268\" data-end=\"2617\">M\u1ed9t \u01b0u \u0111i\u1ec3m kh\u00e1c c\u1ee7a s\u1ea3n ph\u1ea9m l\u00e0 kh\u1ea3 n\u0103ng <strong data-start=\"2310\" data-end=\"2383\">ph\u1ed1i h\u1ee3p d\u1ec5 d\u00e0ng v\u1edbi c\u00e1c m\u1eabu gh\u1ebf h\u1ecdp ch\u00e2n qu\u1ef3 ho\u1eb7c gh\u1ebf xoay v\u0103n ph\u00f2ng<\/strong>, gi\u00fap t\u1ea1o n\u00ean t\u1ed5ng th\u1ec3 \u0111\u1ed3ng b\u1ed9 v\u00e0 chuy\u00ean nghi\u1ec7p cho kh\u00f4ng gian l\u00e0m vi\u1ec7c. B\u00e0n c\u00f3 th\u1ec3 k\u1ebft h\u1ee3p v\u1edbi c\u00e1c t\u00f4ng m\u00e0u n\u1ed9i th\u1ea5t kh\u00e1c nh\u01b0 n\u00e2u \u0111\u1eadm, v\u00e0ng s\u00e1ng ho\u1eb7c ghi s\u00e1ng t\u00f9y phong c\u00e1ch thi\u1ebft k\u1ebf, mang l\u1ea1i \u0111i\u1ec3m nh\u1ea5n ri\u00eang cho m\u1ed7i doanh nghi\u1ec7p.<\/p>\n<p data-start=\"2619\" data-end=\"2971\">Kh\u00f4ng ch\u1ec9 mang t\u00ednh th\u1ea9m m\u1ef9 cao, b\u00e0n h\u1ecdp CT2010H5CN c\u00f2n \u0111\u1ea3m b\u1ea3o y\u1ebfu t\u1ed1 c\u00f4ng n\u0103ng \u2013 m\u1eb7t b\u00e0n ph\u1eb3ng, r\u1ed9ng, d\u1ec5 b\u1ed1 tr\u00ed t\u00e0i li\u1ec7u, laptop, micro ho\u1eb7c c\u00e1c thi\u1ebft b\u1ecb h\u1ed9i h\u1ecdp kh\u00e1c. V\u1edbi ch\u1ea5t li\u1ec7u g\u1ed7 s\u01a1n PU cao c\u1ea5p, s\u1ea3n ph\u1ea9m c\u00f3 tu\u1ed5i th\u1ecd l\u00e2u d\u00e0i, ph\u00f9 h\u1ee3p v\u1edbi m\u00f4i tr\u01b0\u1eddng s\u1eed d\u1ee5ng th\u01b0\u1eddng xuy\u00ean nh\u01b0 ph\u00f2ng h\u1ecdp c\u00f4ng ty, c\u01a1 quan h\u00e0nh ch\u00ednh, ho\u1eb7c ph\u00f2ng h\u1ed9i ngh\u1ecb kh\u00e1ch s\u1ea1n.<\/p>\n<p data-start=\"2973\" data-end=\"3291\">B\u00e0n h\u1ecdp v\u0103n ph\u00f2ng CT2010H5CN l\u00e0 l\u1ef1a ch\u1ecdn l\u00fd t\u01b0\u1edfng cho c\u00e1c \u0111\u01a1n v\u1ecb \u0111ang t\u00ecm ki\u1ebfm m\u1ed9t s\u1ea3n ph\u1ea9m v\u1eeba \u0111\u1eb9p, v\u1eeba b\u1ec1n, v\u1eeba th\u1ec3 hi\u1ec7n \u0111\u01b0\u1ee3c v\u1ecb th\u1ebf doanh nghi\u1ec7p trong m\u1eaft \u0111\u1ed1i t\u00e1c. S\u1ef1 k\u1ebft h\u1ee3p h\u00e0i h\u00f2a gi\u1eefa ki\u1ec3u d\u00e1ng, ch\u1ea5t li\u1ec7u v\u00e0 c\u00f4ng n\u0103ng gi\u00fap m\u1eabu b\u00e0n n\u00e0y lu\u00f4n n\u1eb1m trong nh\u00f3m s\u1ea3n ph\u1ea9m \u0111\u01b0\u1ee3c \u01b0a chu\u1ed9ng h\u00e0ng \u0111\u1ea7u c\u1ee7a N\u1ed9i th\u1ea5t The One.<\/p>\n<p data-start=\"3293\" data-end=\"3558\" data-is-last-node=\"\" data-is-only-node=\"\">V\u1edbi b\u00e0n h\u1ecdp CT2010H5CN, kh\u00f4ng gian l\u00e0m vi\u1ec7c c\u1ee7a b\u1ea1n s\u1ebd tr\u1edf n\u00ean tinh t\u1ebf, chuy\u00ean nghi\u1ec7p v\u00e0 mang \u0111\u1eadm d\u1ea5u \u1ea5n th\u01b0\u01a1ng hi\u1ec7u doanh nghi\u1ec7p. \u0110\u00e2y ch\u00ednh l\u00e0 gi\u1ea3i ph\u00e1p ho\u00e0n h\u1ea3o \u0111\u1ec3 n\u00e2ng t\u1ea7m ph\u00f2ng h\u1ecdp \u2013 n\u01a1i h\u1ed9i t\u1ee5 nh\u1eefng quy\u1ebft \u0111\u1ecbnh quan tr\u1ecdng cho s\u1ef1 ph\u00e1t tri\u1ec3n b\u1ec1n v\u1eefng c\u1ee7a c\u00f4ng ty.<\/p>\n","protected":false},"excerpt":{"rendered":"<p data-start=\"36\" data-end=\"403\">B\u00e0n h\u1ecdp v\u0103n ph\u00f2ng CT2010H5CN l\u00e0 m\u1eabu b\u00e0n h\u1ecdp truy\u1ec1n th\u1ed1ng \u0111\u01b0\u1ee3c thi\u1ebft k\u1ebf v\u1edbi m\u1eb7t b\u00e0n h\u00ecnh ch\u1eef nh\u1eadt sang tr\u1ecdng, s\u1eed d\u1ee5ng ch\u1ea5t li\u1ec7u g\u1ed7 s\u01a1n PU cao c\u1ea5p mang \u0111\u1ebfn v\u1ebb \u0111\u1eb9p b\u1ec1n b\u1ec9 v\u00e0 \u0111\u1eb3ng c\u1ea5p cho kh\u00f4ng gian l\u00e0m vi\u1ec7c. Ch\u00e2n b\u00e0n gh\u00e9p h\u1ed9p v\u1eefng ch\u1eafc, c\u00f3 \u1ed1p trang tr\u00ed tinh t\u1ebf gi\u00fap t\u1ed5ng th\u1ec3 b\u00e0n th\u00eam ph\u1ea7n n\u1ed5i b\u1eadt v\u00e0 h\u00e0i h\u00f2a trong c\u00e1c ph\u00f2ng h\u1ecdp hi\u1ec7n \u0111\u1ea1i.<\/p>\n<p data-start=\"405\" data-end=\"494\">K\u00edch th\u01b0\u1edbc:<br \/>\nW2000 x D1000 x H760 mm &#8211; <span style=\"color: #ed1c24; font-size: 120%;\"><strong>3.955.000 \u0111<\/strong><\/span><br data-start=\"454\" data-end=\"457\" \/>W2400 x D1200 x H760 mm &#8211; <strong><span style=\"color: #ed1c24; font-size: 120%;\">4.830.000 \u0111<\/span><\/strong><\/p>\n<p data-start=\"496\" data-end=\"646\">Xu\u1ea5t x\u1ee9: S\u1ea3n ph\u1ea9m c\u1ee7a <strong data-start=\"518\" data-end=\"546\">C\u00f4ng ty N\u1ed8I TH\u1ea4T THE ONE<\/strong> \u2013 Ph\u00e2n ph\u1ed1i b\u1edfi <strong data-start=\"563\" data-end=\"599\">C\u00d4NG TY TNHH SXTM TTNT H\u1eeeU TH\u1ecaNH<\/strong><br data-start=\"599\" data-end=\"602\" \/>B\u1ea3o h\u00e0nh: 12 th\u00e1ng theo ti\u00eau chu\u1ea9n nh\u00e0 m\u00e1y<\/p>\n<p data-start=\"648\" data-end=\"802\"><span style=\"color: #ed1c24;\"><em data-start=\"648\" data-end=\"800\">L\u01b0u \u00fd: Gi\u00e1 tr\u00ean ch\u01b0a bao g\u1ed3m VAT v\u00e0 ph\u00ed v\u1eadn chuy\u1ec3n. Gi\u00e1 s\u1ea3n ph\u1ea9m c\u00f3 th\u1ec3 thay \u0111\u1ed5i theo t\u1eebng th\u1eddi \u0111i\u1ec3m, vui l\u00f2ng li\u00ean h\u1ec7 \u0111\u1ec3 nh\u1eadn t\u01b0 v\u1ea5n \u01b0u \u0111\u00e3i t\u1ed1t nh\u1ea5t.<\/em><\/span><\/p>\n","protected":false},"featured_media":4013,"comment_status":"open","ping_status":"closed","template":"","meta":[],"product_brand":[],"product_cat":[17,178],"product_tag":[],"class_list":{"0":"post-4012","1":"product","2":"type-product","3":"status-publish","4":"has-post-thumbnail","6":"product_cat-noi-that-van-phong","7":"product_cat-ban-hop-van-phong","9":"first","10":"instock","11":"shipping-taxable","12":"purchasable","13":"product-type-simple"},"_links":{"self":[{"href":"https:\/\/noithathuuthinh.vn\/zh-hans\/wp-json\/wp\/v2\/product\/4012","targetHints":{"allow":["GET"]}}],"collection":[{"href":"https:\/\/noithathuuthinh.vn\/zh-hans\/wp-json\/wp\/v2\/product"}],"about":[{"href":"https:\/\/noithathuuthinh.vn\/zh-hans\/wp-json\/wp\/v2\/types\/product"}],"replies":[{"embeddable":true,"href":"https:\/\/noithathuuthinh.vn\/zh-hans\/wp-json\/wp\/v2\/comments?post=4012"}],"wp:featuredmedia":[{"embeddable":true,"href":"https:\/\/noithathuuthinh.vn\/zh-hans\/wp-json\/wp\/v2\/media\/4013"}],"wp:attachment":[{"href":"https:\/\/noithathuuthinh.vn\/zh-hans\/wp-json\/wp\/v2\/media?parent=4012"}],"wp:term":[{"taxonomy":"product_brand","embeddable":true,"href":"https:\/\/noithathuuthinh.vn\/zh-hans\/wp-json\/wp\/v2\/product_brand?post=4012"},{"taxonomy":"product_cat","embeddable":true,"href":"https:\/\/noithathuuthinh.vn\/zh-hans\/wp-json\/wp\/v2\/product_cat?post=4012"},{"taxonomy":"product_tag","embeddable":true,"href":"https:\/\/noithathuuthinh.vn\/zh-hans\/wp-json\/wp\/v2\/product_tag?post=4012"}],"curies":[{"name":"wp","href":"https:\/\/api.w.org\/{rel}","templated":true}]}}