{"id":4025,"date":"2025-10-25T09:07:17","date_gmt":"2025-10-25T02:07:17","guid":{"rendered":"https:\/\/noithathuuthinh.vn\/?post_type=product&#038;p=4025"},"modified":"2025-10-25T09:07:17","modified_gmt":"2025-10-25T02:07:17","slug":"ban-hop-van-phong-ct4016h2","status":"publish","type":"product","link":"https:\/\/noithathuuthinh.vn\/zh-hans\/san-pham\/ban-hop-van-phong-ct4016h2\/","title":{"rendered":"B\u00e0n h\u1ecdp v\u0103n ph\u00f2ng CT4016H2"},"content":{"rendered":"<p data-start=\"699\" data-end=\"1084\">B\u00e0n h\u1ecdp v\u0103n ph\u00f2ng CT4016H2 thu\u1ed9c d\u00f2ng b\u00e0n h\u1ecdp g\u1ed7 s\u01a1n PU cao c\u1ea5p, \u0111\u01b0\u1ee3c thi\u1ebft k\u1ebf d\u00e0nh ri\u00eang cho nh\u1eefng kh\u00f4ng gian l\u00e0m vi\u1ec7c quy m\u00f4 l\u1edbn, n\u01a1i \u0111\u1ec1 cao t\u00ednh th\u1ea9m m\u1ef9 v\u00e0 s\u1ef1 chuy\u00ean nghi\u1ec7p. V\u1edbi ki\u1ec3u d\u00e1ng qu\u00e2y h\u00ecnh h\u1ea1t xoan \u0111\u1ed9c \u0111\u00e1o, s\u1ea3n ph\u1ea9m mang l\u1ea1i c\u1ea3m gi\u00e1c m\u1ec1m m\u1ea1i, thanh tho\u00e1t nh\u01b0ng v\u1eabn gi\u1eef \u0111\u01b0\u1ee3c s\u1ef1 b\u1ec1 th\u1ebf v\u00e0 uy nghi c\u1ea7n c\u00f3 c\u1ee7a m\u1ed9t ph\u00f2ng h\u1ecdp hi\u1ec7n \u0111\u1ea1i.<\/p>\n<p data-start=\"1086\" data-end=\"1424\">M\u1eb7t b\u00e0n \u0111\u01b0\u1ee3c ph\u1ee7 s\u01a1n PU nhi\u1ec1u l\u1edbp, t\u1ea1o n\u00ean l\u1edbp b\u00f3ng m\u1ecbn t\u1ef1 nhi\u00ean, v\u1eeba gi\u00fap b\u1ea3o v\u1ec7 b\u1ec1 m\u1eb7t kh\u1ecfi tr\u1ea7y x\u01b0\u1edbc, \u1ea9m m\u1ed1c, v\u1eeba t\u00f4n l\u00ean v\u1ebb \u0111\u1eb9p sang tr\u1ecdng c\u1ee7a v\u00e2n g\u1ed7. S\u1ef1 t\u1ec9 m\u1ec9 trong t\u1eebng \u0111\u01b0\u1eddng n\u00e9t ho\u00e0n thi\u1ec7n th\u1ec3 hi\u1ec7n \u0111\u1eb3ng c\u1ea5p c\u1ee7a th\u01b0\u01a1ng hi\u1ec7u <strong data-start=\"1316\" data-end=\"1336\">N\u1ed8I TH\u1ea4T THE ONE<\/strong>, mang \u0111\u1ebfn cho ng\u01b0\u1eddi d\u00f9ng m\u1ed9t s\u1ea3n ph\u1ea9m kh\u00f4ng ch\u1ec9 b\u1ec1n b\u1ec9 m\u00e0 c\u00f2n c\u00f3 gi\u00e1 tr\u1ecb th\u1ea9m m\u1ef9 cao.<\/p>\n<p data-start=\"1426\" data-end=\"1855\">M\u1ed9t trong nh\u1eefng \u0111i\u1ec3m nh\u1ea5n n\u1ed5i b\u1eadt c\u1ee7a b\u00e0n h\u1ecdp CT4016H2 l\u00e0 ph\u1ea7n \u0111\u1ee3t \u0111\u1ec3 hoa trang tr\u00ed \u1edf gi\u1eefa b\u00e0n. Thi\u1ebft k\u1ebf n\u00e0y kh\u00f4ng ch\u1ec9 t\u1ea1o s\u1ef1 sinh \u0111\u1ed9ng, m\u1ec1m m\u1ea1i cho kh\u00f4ng gian h\u1ecdp m\u00e0 c\u00f2n gi\u00fap t\u0103ng t\u00ednh k\u1ebft n\u1ed1i gi\u1eefa c\u00e1c th\u00e0nh vi\u00ean, mang l\u1ea1i b\u1ea7u kh\u00f4ng kh\u00ed th\u00e2n thi\u1ec7n, d\u1ec5 ch\u1ecbu trong su\u1ed1t qu\u00e1 tr\u00ecnh l\u00e0m vi\u1ec7c. Ng\u01b0\u1eddi d\u00f9ng c\u00f3 th\u1ec3 \u0111\u1eb7t hoa t\u01b0\u01a1i, c\u00e2y xanh mini ho\u1eb7c ph\u1ee5 ki\u1ec7n trang tr\u00ed nh\u1ecf \u0111\u1ec3 t\u1ea1o c\u1ea3m gi\u00e1c t\u01b0\u01a1i m\u1edbi v\u00e0 c\u00e2n b\u1eb1ng n\u0103ng l\u01b0\u1ee3ng trong ph\u00f2ng h\u1ecdp.<\/p>\n<p data-start=\"1857\" data-end=\"2203\">V\u1edbi k\u00edch th\u01b0\u1edbc W4000 x D1600 mm, b\u00e0n h\u1ecdp CT4016H2 c\u00f3 th\u1ec3 \u0111\u00e1p \u1ee9ng ch\u1ed7 ng\u1ed3i cho t\u1eeb 12 \u0111\u1ebfn 16 ng\u01b0\u1eddi, ph\u00f9 h\u1ee3p cho c\u00e1c cu\u1ed9c h\u1ecdp h\u1ed9i \u0111\u1ed3ng qu\u1ea3n tr\u1ecb, h\u1ed9i ngh\u1ecb n\u1ed9i b\u1ed9 ho\u1eb7c ti\u1ebfp \u0111\u00f3n \u0111\u1ed1i t\u00e1c c\u1ea5p cao. Thi\u1ebft k\u1ebf qu\u00e2y h\u00ecnh h\u1ea1t xoan gi\u00fap t\u1ea7m nh\u00ecn gi\u1eefa c\u00e1c th\u00e0nh vi\u00ean \u0111\u01b0\u1ee3c m\u1edf r\u1ed9ng, d\u1ec5 d\u00e0ng quan s\u00e1t v\u00e0 trao \u0111\u1ed5i h\u01a1n so v\u1edbi c\u00e1c m\u1eabu b\u00e0n h\u00ecnh ch\u1eef nh\u1eadt th\u00f4ng th\u01b0\u1eddng.<\/p>\n<p data-start=\"2205\" data-end=\"2554\">K\u1ebft c\u1ea5u b\u00e0n CT4016H2 ch\u1eafc ch\u1eafn nh\u1edd h\u1ec7 th\u1ed1ng khung gh\u00e9p h\u1ed9p v\u1eefng ch\u00e3i, \u0111\u1ea3m b\u1ea3o \u0111\u1ed9 \u1ed5n \u0111\u1ecbnh tuy\u1ec7t \u0111\u1ed1i trong qu\u00e1 tr\u00ecnh s\u1eed d\u1ee5ng. M\u1eb7t b\u00e0n gh\u00e9p tinh t\u1ebf, c\u00e1c chi ti\u1ebft li\u00ean k\u1ebft \u0111\u01b0\u1ee3c gia c\u00f4ng t\u1ec9 m\u1ec9 gi\u00fap s\u1ea3n ph\u1ea9m c\u00f3 \u0111\u1ed9 ho\u00e0n thi\u1ec7n cao v\u00e0 tu\u1ed5i th\u1ecd l\u00e2u d\u00e0i. C\u00e1c g\u00f3c c\u1ea1nh b\u00e0n \u0111\u01b0\u1ee3c bo tr\u00f2n m\u1ec1m m\u1ea1i, \u0111\u1ea3m b\u1ea3o an to\u00e0n v\u00e0 t\u1ea1o c\u1ea3m gi\u00e1c h\u00e0i h\u00f2a cho t\u1ed5ng th\u1ec3 kh\u00f4ng gian.<\/p>\n<p data-start=\"2556\" data-end=\"2850\">B\u00e0n h\u1ecdp CT4016H2 kh\u00f4ng ch\u1ec9 mang \u0111\u1ebfn gi\u00e1 tr\u1ecb s\u1eed d\u1ee5ng m\u00e0 c\u00f2n g\u00f3p ph\u1ea7n th\u1ec3 hi\u1ec7n h\u00ecnh \u1ea3nh, \u0111\u1eb3ng c\u1ea5p c\u1ee7a doanh nghi\u1ec7p. M\u1ed9t ph\u00f2ng h\u1ecdp \u0111\u01b0\u1ee3c trang b\u1ecb b\u00e0n h\u1ecdp sang tr\u1ecdng, tinh t\u1ebf s\u1ebd \u0111\u1ec3 l\u1ea1i \u1ea5n t\u01b0\u1ee3ng m\u1ea1nh m\u1ebd v\u1edbi \u0111\u1ed1i t\u00e1c v\u00e0 kh\u00e1ch h\u00e0ng, \u0111\u1ed3ng th\u1eddi th\u1ec3 hi\u1ec7n s\u1ef1 chuy\u00ean nghi\u1ec7p v\u00e0 t\u1ea7m nh\u00ecn d\u00e0i h\u1ea1n c\u1ee7a c\u00f4ng ty.<\/p>\n<p data-start=\"2852\" data-end=\"3152\">S\u1ea3n ph\u1ea9m d\u1ec5 d\u00e0ng k\u1ebft h\u1ee3p v\u1edbi nhi\u1ec1u m\u1eabu gh\u1ebf h\u1ecdp cao c\u1ea5p kh\u00e1c nhau nh\u01b0 gh\u1ebf ch\u00e2n qu\u1ef3, gh\u1ebf b\u1ecdc da ho\u1eb7c gh\u1ebf xoay l\u01b0ng trung. Khi \u0111\u01b0\u1ee3c ph\u1ed1i h\u1ee3p \u0111\u1ed3ng b\u1ed9, t\u1ed5ng th\u1ec3 kh\u00f4ng gian tr\u1edf n\u00ean th\u1ed1ng nh\u1ea5t, \u0111\u1eb3ng c\u1ea5p v\u00e0 hi\u1ec7n \u0111\u1ea1i h\u01a1n, ph\u00f9 h\u1ee3p v\u1edbi c\u00e1c v\u0103n ph\u00f2ng \u0111i\u1ec1u h\u00e0nh, ph\u00f2ng h\u1ecdp gi\u00e1m \u0111\u1ed1c ho\u1eb7c h\u1ed9i tr\u01b0\u1eddng doanh nghi\u1ec7p.<\/p>\n<p data-start=\"3154\" data-end=\"3436\">Ngo\u00e0i ra, b\u00e0n h\u1ecdp CT4016H2 c\u00f2n c\u00f3 th\u1ec3 \u0111\u01b0\u1ee3c t\u00f9y ch\u1ecdn m\u00e0u s\u1eafc ho\u1eb7c ph\u1ed1i m\u00e0u theo y\u00eau c\u1ea7u \u0111\u1ec3 ph\u00f9 h\u1ee3p v\u1edbi phong c\u00e1ch n\u1ed9i th\u1ea5t t\u1ed5ng th\u1ec3 c\u1ee7a t\u1eebng doanh nghi\u1ec7p. Ch\u1ea5t li\u1ec7u g\u1ed7 s\u01a1n PU cao c\u1ea5p kh\u00f4ng ch\u1ec9 b\u1ec1n \u0111\u1eb9p m\u00e0 c\u00f2n d\u1ec5 v\u1ec7 sinh, gi\u00fap duy tr\u00ec v\u1ebb m\u1edbi v\u00e0 s\u00e1ng b\u00f3ng trong th\u1eddi gian d\u00e0i s\u1eed d\u1ee5ng.<\/p>\n<p data-start=\"3438\" data-end=\"3715\">N\u1ebfu b\u1ea1n \u0111ang t\u00ecm ki\u1ebfm m\u1ed9t m\u1eabu b\u00e0n h\u1ecdp mang phong c\u00e1ch hi\u1ec7n \u0111\u1ea1i, tinh t\u1ebf v\u00e0 sang tr\u1ecdng, <strong data-start=\"3525\" data-end=\"3555\">b\u00e0n h\u1ecdp v\u0103n ph\u00f2ng CT4016H2<\/strong> ch\u1eafc ch\u1eafn l\u00e0 l\u1ef1a ch\u1ecdn ho\u00e0n h\u1ea3o. S\u1ea3n ph\u1ea9m kh\u00f4ng ch\u1ec9 \u0111\u00e1p \u1ee9ng nhu c\u1ea7u v\u1ec1 c\u00f4ng n\u0103ng m\u00e0 c\u00f2n g\u00f3p ph\u1ea7n kh\u1eb3ng \u0111\u1ecbnh v\u1ecb th\u1ebf v\u00e0 h\u00ecnh \u1ea3nh chuy\u00ean nghi\u1ec7p c\u1ee7a doanh nghi\u1ec7p.<\/p>\n<p data-start=\"3717\" data-end=\"3938\" data-is-last-node=\"\" data-is-only-node=\"\">Li\u00ean h\u1ec7 ngay <strong data-start=\"3730\" data-end=\"3766\">C\u00d4NG TY TNHH SXTM TTNT H\u1eeeU TH\u1ecaNH<\/strong> \u0111\u1ec3 \u0111\u01b0\u1ee3c t\u01b0 v\u1ea5n chi ti\u1ebft v\u00e0 nh\u1eadn b\u00e1o gi\u00e1 \u01b0u \u0111\u00e3i cho m\u1eabu <strong data-start=\"3822\" data-end=\"3852\">b\u00e0n h\u1ecdp v\u0103n ph\u00f2ng CT4016H2<\/strong> \u2013 gi\u1ea3i ph\u00e1p n\u1ed9i th\u1ea5t cao c\u1ea5p cho kh\u00f4ng gian ph\u00f2ng h\u1ecdp hi\u1ec7n \u0111\u1ea1i, \u0111\u1eb3ng c\u1ea5p v\u00e0 \u1ea5n t\u01b0\u1ee3ng.<\/p>\n","protected":false},"excerpt":{"rendered":"<p data-start=\"34\" data-end=\"345\">B\u00e0n h\u1ecdp v\u0103n ph\u00f2ng CT4016H2 l\u00e0 m\u1eabu b\u00e0n h\u1ecdp cao c\u1ea5p \u0111\u01b0\u1ee3c thi\u1ebft k\u1ebf theo ki\u1ec3u qu\u00e2y h\u00ecnh h\u1ea1t xoan sang tr\u1ecdng, ph\u00f9 h\u1ee3p cho c\u00e1c ph\u00f2ng h\u1ecdp l\u1edbn v\u00e0 kh\u00f4ng gian l\u00e0m vi\u1ec7c hi\u1ec7n \u0111\u1ea1i. M\u1eb7t b\u00e0n \u0111\u01b0\u1ee3c s\u01a1n PU b\u00f3ng m\u1ecbn, c\u00f3 \u0111\u1ee3t \u0111\u1ec3 hoa trang tr\u00ed \u1edf gi\u1eefa, gi\u00fap kh\u00f4ng gian h\u1ecdp th\u00eam tinh t\u1ebf v\u00e0 g\u1ea7n g\u0169i h\u01a1n.<\/p>\n<p data-start=\"347\" data-end=\"384\">K\u00edch th\u01b0\u1edbc: W4000 x D1600 x H760 mm<\/p>\n<p data-start=\"386\" data-end=\"536\">Xu\u1ea5t x\u1ee9: S\u1ea3n ph\u1ea9m c\u1ee7a <strong data-start=\"408\" data-end=\"436\">C\u00f4ng ty N\u1ed8I TH\u1ea4T THE ONE<\/strong> \u2013 Ph\u00e2n ph\u1ed1i b\u1edfi <strong data-start=\"453\" data-end=\"489\">C\u00d4NG TY TNHH SXTM TTNT H\u1eeeU TH\u1ecaNH<\/strong><br data-start=\"489\" data-end=\"492\" \/>B\u1ea3o h\u00e0nh: 12 th\u00e1ng theo ti\u00eau chu\u1ea9n nh\u00e0 m\u00e1y<\/p>\n<p data-start=\"538\" data-end=\"692\"><span style=\"color: #ed1c24;\"><em data-start=\"538\" data-end=\"690\">L\u01b0u \u00fd: Gi\u00e1 tr\u00ean ch\u01b0a bao g\u1ed3m VAT v\u00e0 ph\u00ed v\u1eadn chuy\u1ec3n. Gi\u00e1 s\u1ea3n ph\u1ea9m c\u00f3 th\u1ec3 thay \u0111\u1ed5i theo t\u1eebng th\u1eddi \u0111i\u1ec3m, vui l\u00f2ng li\u00ean h\u1ec7 \u0111\u1ec3 nh\u1eadn t\u01b0 v\u1ea5n \u01b0u \u0111\u00e3i t\u1ed1t nh\u1ea5t.<\/em><\/span><\/p>\n","protected":false},"featured_media":4026,"comment_status":"open","ping_status":"closed","template":"","meta":[],"product_brand":[],"product_cat":[17,178],"product_tag":[],"class_list":{"0":"post-4025","1":"product","2":"type-product","3":"status-publish","4":"has-post-thumbnail","6":"product_cat-noi-that-van-phong","7":"product_cat-ban-hop-van-phong","9":"first","10":"instock","11":"taxable","12":"shipping-taxable","13":"purchasable","14":"product-type-simple"},"_links":{"self":[{"href":"https:\/\/noithathuuthinh.vn\/zh-hans\/wp-json\/wp\/v2\/product\/4025","targetHints":{"allow":["GET"]}}],"collection":[{"href":"https:\/\/noithathuuthinh.vn\/zh-hans\/wp-json\/wp\/v2\/product"}],"about":[{"href":"https:\/\/noithathuuthinh.vn\/zh-hans\/wp-json\/wp\/v2\/types\/product"}],"replies":[{"embeddable":true,"href":"https:\/\/noithathuuthinh.vn\/zh-hans\/wp-json\/wp\/v2\/comments?post=4025"}],"wp:featuredmedia":[{"embeddable":true,"href":"https:\/\/noithathuuthinh.vn\/zh-hans\/wp-json\/wp\/v2\/media\/4026"}],"wp:attachment":[{"href":"https:\/\/noithathuuthinh.vn\/zh-hans\/wp-json\/wp\/v2\/media?parent=4025"}],"wp:term":[{"taxonomy":"product_brand","embeddable":true,"href":"https:\/\/noithathuuthinh.vn\/zh-hans\/wp-json\/wp\/v2\/product_brand?post=4025"},{"taxonomy":"product_cat","embeddable":true,"href":"https:\/\/noithathuuthinh.vn\/zh-hans\/wp-json\/wp\/v2\/product_cat?post=4025"},{"taxonomy":"product_tag","embeddable":true,"href":"https:\/\/noithathuuthinh.vn\/zh-hans\/wp-json\/wp\/v2\/product_tag?post=4025"}],"curies":[{"name":"wp","href":"https:\/\/api.w.org\/{rel}","templated":true}]}}