{"id":4027,"date":"2025-10-25T09:37:06","date_gmt":"2025-10-25T02:37:06","guid":{"rendered":"https:\/\/noithathuuthinh.vn\/?post_type=product&#038;p=4027"},"modified":"2025-10-25T09:37:06","modified_gmt":"2025-10-25T02:37:06","slug":"ban-hop-van-phong-ct5022h1r8","status":"publish","type":"product","link":"https:\/\/noithathuuthinh.vn\/zh-hans\/san-pham\/ban-hop-van-phong-ct5022h1r8\/","title":{"rendered":"B\u00e0n h\u1ecdp v\u0103n ph\u00f2ng CT5022H1R8"},"content":{"rendered":"<p data-start=\"748\" data-end=\"1173\">B\u00e0n h\u1ecdp v\u0103n ph\u00f2ng CT5022H1R8 thu\u1ed9c d\u00f2ng b\u00e0n h\u1ecdp cao c\u1ea5p d\u00e0nh cho nh\u1eefng kh\u00f4ng gian h\u1ed9i ngh\u1ecb, ph\u00f2ng h\u1ecdp gi\u00e1m \u0111\u1ed1c, hay khu v\u1ef1c h\u1ecdp chi\u1ebfn l\u01b0\u1ee3c c\u1ee7a doanh nghi\u1ec7p. V\u1edbi thi\u1ebft k\u1ebf qu\u00e2y r\u1ed7ng gi\u1eefa r\u1ed9ng 800mm, b\u00e0n kh\u00f4ng ch\u1ec9 t\u1ea1o c\u1ea3m gi\u00e1c th\u00f4ng tho\u00e1ng m\u00e0 c\u00f2n cho ph\u00e9p b\u1ed1 tr\u00ed c\u00e1c chi ti\u1ebft trang tr\u00ed nh\u01b0 b\u00ecnh hoa, ch\u1eadu c\u00e2y, ho\u1eb7c h\u1ec7 th\u1ed1ng micro h\u1ed9i ngh\u1ecb, gi\u00fap kh\u00f4ng gian th\u00eam sinh \u0111\u1ed9ng v\u00e0 ti\u1ec7n nghi.<\/p>\n<p data-start=\"1175\" data-end=\"1488\">S\u1ea3n ph\u1ea9m \u0111\u01b0\u1ee3c s\u1ea3n xu\u1ea5t t\u1eeb ch\u1ea5t li\u1ec7u g\u1ed7 c\u00f4ng nghi\u1ec7p cao c\u1ea5p, ph\u1ee7 s\u01a1n PU to\u00e0n ph\u1ea7n mang l\u1ea1i b\u1ec1 m\u1eb7t s\u00e1ng b\u00f3ng, sang tr\u1ecdng v\u00e0 kh\u1ea3 n\u0103ng ch\u1ed1ng tr\u1ea7y x\u01b0\u1edbc, ch\u1ed1ng \u1ea9m hi\u1ec7u qu\u1ea3. L\u1edbp s\u01a1n PU kh\u00f4ng ch\u1ec9 t\u0103ng t\u00ednh th\u1ea9m m\u1ef9 m\u00e0 c\u00f2n b\u1ea3o v\u1ec7 c\u1ea5u tr\u00fac g\u1ed7 b\u00ean trong, gi\u00fap b\u00e0n gi\u1eef \u0111\u01b0\u1ee3c \u0111\u1ed9 b\u1ec1n v\u00e0 m\u00e0u s\u1eafc t\u1ef1 nhi\u00ean theo th\u1eddi gian s\u1eed d\u1ee5ng.<\/p>\n<p data-start=\"1490\" data-end=\"1882\">Thi\u1ebft k\u1ebf c\u1ee7a b\u00e0n h\u1ecdp CT5022H1R8 \u0111\u1eb7c bi\u1ec7t \u1ea5n t\u01b0\u1ee3ng v\u1edbi ph\u1ea7n qu\u00e2y r\u1ed7ng \u0111\u01b0\u1ee3c t\u00ednh to\u00e1n t\u1ec9 m\u1ec9, c\u00e1c c\u1ea1nh \u0111\u01b0\u1ee3c x\u1eed l\u00fd k\u1ef9 l\u01b0\u1ee1ng t\u1ea1o c\u1ea3m gi\u00e1c m\u1ec1m m\u1ea1i v\u00e0 tinh t\u1ebf. Ki\u1ec3u d\u00e1ng b\u00e0n h\u00ecnh b\u1ea7u d\u1ee5c l\u1edbn k\u1ebft h\u1ee3p c\u00f9ng c\u1ea5u tr\u00fac qu\u00e2y r\u1ed7ng gi\u1eefa mang l\u1ea1i s\u1ef1 \u0111\u1ed1i x\u1ee9ng v\u00e0 c\u00e2n b\u1eb1ng cho kh\u00f4ng gian ph\u00f2ng h\u1ecdp, gi\u00fap t\u1ea7m nh\u00ecn gi\u1eefa c\u00e1c th\u00e0nh vi\u00ean tr\u1edf n\u00ean thu\u1eadn ti\u1ec7n h\u01a1n, h\u1ed7 tr\u1ee3 t\u1ed1i \u0111a cho c\u00e1c cu\u1ed9c th\u1ea3o lu\u1eadn, trao \u0111\u1ed5i nh\u00f3m.<\/p>\n<p data-start=\"1884\" data-end=\"2231\">M\u1ed9t \u0111i\u1ec3m \u0111\u00e1ng ch\u00fa \u00fd l\u00e0 s\u1ea3n ph\u1ea9m \u0111\u01b0\u1ee3c cung c\u1ea5p v\u1edbi hai l\u1ef1a ch\u1ecdn linh ho\u1ea1t: <strong data-start=\"1958\" data-end=\"1984\">c\u00e1c m\u1eb7t b\u00e0n chung ch\u00e2n<\/strong> ho\u1eb7c <strong data-start=\"1990\" data-end=\"2017\">m\u1eb7t v\u00e0 ch\u00e2n b\u00e0n \u0111\u1ed9c l\u1eadp<\/strong>, gi\u00fap kh\u00e1ch h\u00e0ng d\u1ec5 d\u00e0ng t\u00f9y ch\u1ec9nh theo nhu c\u1ea7u v\u00e0 kh\u00f4ng gian b\u1ed1 tr\u00ed. Thi\u1ebft k\u1ebf n\u00e0y \u0111\u1eb7c bi\u1ec7t h\u1eefu \u00edch trong nh\u1eefng v\u0103n ph\u00f2ng c\u00f3 di\u1ec7n t\u00edch l\u1edbn, ho\u1eb7c khi c\u1ea7n th\u00e1o l\u1eafp, di chuy\u1ec3n b\u00e0n trong qu\u00e1 tr\u00ecnh thay \u0111\u1ed5i n\u1ed9i th\u1ea5t.<\/p>\n<p data-start=\"2233\" data-end=\"2535\">Nh\u1edd k\u00edch th\u01b0\u1edbc l\u1edbn W5000 x D2200 x H760 mm, b\u00e0n h\u1ecdp CT5022H1R8 c\u00f3 th\u1ec3 \u0111\u00e1p \u1ee9ng cho c\u00e1c cu\u1ed9c h\u1ecdp t\u1eeb 12\u201316 ng\u01b0\u1eddi, mang \u0111\u1ebfn s\u1ef1 tho\u1ea3i m\u00e1i v\u00e0 chuy\u00ean nghi\u1ec7p cho t\u1eebng v\u1ecb tr\u00ed ng\u1ed3i. C\u00e1c chi ti\u1ebft gh\u00e9p n\u1ed1i gi\u1eefa c\u00e1c ph\u1ea7n b\u00e0n \u0111\u01b0\u1ee3c gia c\u00f4ng ch\u00ednh x\u00e1c, \u0111\u1ea3m b\u1ea3o t\u00ednh \u1ed5n \u0111\u1ecbnh v\u00e0 v\u1eefng ch\u1eafc trong su\u1ed1t qu\u00e1 tr\u00ecnh s\u1eed d\u1ee5ng.<\/p>\n<p data-start=\"2537\" data-end=\"2813\">M\u00e0u g\u1ed7 t\u1ef1 nhi\u00ean k\u1ebft h\u1ee3p \u0111\u01b0\u1eddng v\u00e2n s\u01a1n PU trang nh\u00e3 gi\u00fap b\u00e0n d\u1ec5 d\u00e0ng h\u00f2a h\u1ee3p v\u1edbi nhi\u1ec1u phong c\u00e1ch n\u1ed9i th\u1ea5t kh\u00e1c nhau, t\u1eeb c\u1ed5 \u0111i\u1ec3n \u0111\u1ebfn hi\u1ec7n \u0111\u1ea1i. B\u00e0n h\u1ecdp CT5022H1R8 kh\u00f4ng ch\u1ec9 l\u00e0 n\u01a1i l\u00e0m vi\u1ec7c, h\u1ecdp b\u00e0n chi\u1ebfn l\u01b0\u1ee3c m\u00e0 c\u00f2n l\u00e0 \u0111i\u1ec3m nh\u1ea5n th\u1ec3 hi\u1ec7n phong c\u00e1ch, \u0111\u1eb3ng c\u1ea5p c\u1ee7a doanh nghi\u1ec7p.<\/p>\n<p data-start=\"2815\" data-end=\"3119\">N\u1ebfu b\u1ea1n \u0111ang t\u00ecm ki\u1ebfm m\u1ed9t m\u1eabu b\u00e0n h\u1ecdp v\u1eeba sang tr\u1ecdng, v\u1eeba \u0111\u00e1p \u1ee9ng \u0111\u01b0\u1ee3c nhu c\u1ea7u s\u1eed d\u1ee5ng cho c\u00e1c cu\u1ed9c h\u1ecdp quy m\u00f4 l\u1edbn, <strong data-start=\"2931\" data-end=\"2963\">b\u00e0n h\u1ecdp v\u0103n ph\u00f2ng CT5022H1R8<\/strong> ch\u1eafc ch\u1eafn l\u00e0 l\u1ef1a ch\u1ecdn l\u00fd t\u01b0\u1edfng. S\u1ea3n ph\u1ea9m kh\u00f4ng ch\u1ec9 mang \u0111\u1ebfn s\u1ef1 ti\u1ec7n nghi, b\u1ec1n b\u1ec9 m\u00e0 c\u00f2n g\u00f3p ph\u1ea7n n\u00e2ng t\u1ea7m h\u00ecnh \u1ea3nh chuy\u00ean nghi\u1ec7p cho kh\u00f4ng gian l\u00e0m vi\u1ec7c.<\/p>\n","protected":false},"excerpt":{"rendered":"<p data-start=\"36\" data-end=\"395\">B\u00e0n h\u1ecdp v\u0103n ph\u00f2ng CT5022H1R8 l\u00e0 m\u1eabu b\u00e0n h\u1ecdp cao c\u1ea5p \u0111\u01b0\u1ee3c thi\u1ebft k\u1ebf d\u1ea1ng qu\u00e2y r\u1ed7ng gi\u1eefa, t\u1ea1o kh\u00f4ng gian trung t\u00e2m r\u1ed9ng 800mm gi\u00fap vi\u1ec7c trang tr\u00ed hoa, \u0111\u1eb7t c\u00e2y xanh ho\u1eb7c thi\u1ebft b\u1ecb h\u1ed9i ngh\u1ecb tr\u1edf n\u00ean thu\u1eadn ti\u1ec7n h\u01a1n. S\u1ea3n ph\u1ea9m \u0111\u01b0\u1ee3c ho\u00e0n thi\u1ec7n tinh t\u1ebf v\u1edbi \u0111\u01b0\u1eddng n\u00e9t bo tr\u00f2n m\u1ec1m m\u1ea1i, mang l\u1ea1i s\u1ef1 sang tr\u1ecdng v\u00e0 chuy\u00ean nghi\u1ec7p cho ph\u00f2ng h\u1ecdp.<\/p>\n<p data-start=\"397\" data-end=\"585\">K\u00edch th\u01b0\u1edbc: W5000 x D2200 x H760 mm<\/p>\n<p data-start=\"397\" data-end=\"585\">C\u00e1c m\u1eb7t b\u00e0n chung th\u00e2n &#8211; <span style=\"color: #ed1c24; font-size: 120%;\"><strong>17.148.000 \u0111<\/strong><\/span><br \/>\nM\u1eb7t v\u00e0 ch\u00e2n b\u00e0n \u0111\u1ed9c l\u1eadp &#8211; <span style=\"color: #ed1c24; font-size: 120%;\"><strong>19.216.000 \u0111<\/strong><\/span><br data-start=\"432\" data-end=\"435\" \/>Xu\u1ea5t x\u1ee9: S\u1ea3n ph\u1ea9m c\u1ee7a <strong data-start=\"457\" data-end=\"485\">C\u00d4NG TY N\u1ed8I TH\u1ea4T THE ONE<\/strong> \u2013 Ph\u00e2n ph\u1ed1i b\u1edfi <strong data-start=\"502\" data-end=\"538\">C\u00d4NG TY TNHH SXTM TTNT H\u1eeeU TH\u1ecaNH<\/strong><br data-start=\"538\" data-end=\"541\" \/>B\u1ea3o h\u00e0nh: 12 th\u00e1ng theo ti\u00eau chu\u1ea9n nh\u00e0 m\u00e1y<\/p>\n<p data-start=\"587\" data-end=\"741\"><span style=\"color: #ed1c24;\"><em data-start=\"587\" data-end=\"739\">L\u01b0u \u00fd: Gi\u00e1 tr\u00ean ch\u01b0a bao g\u1ed3m VAT v\u00e0 ph\u00ed v\u1eadn chuy\u1ec3n. Gi\u00e1 s\u1ea3n ph\u1ea9m c\u00f3 th\u1ec3 thay \u0111\u1ed5i theo t\u1eebng th\u1eddi \u0111i\u1ec3m, vui l\u00f2ng li\u00ean h\u1ec7 \u0111\u1ec3 nh\u1eadn t\u01b0 v\u1ea5n \u01b0u \u0111\u00e3i t\u1ed1t nh\u1ea5t.<\/em><\/span><\/p>\n","protected":false},"featured_media":4028,"comment_status":"open","ping_status":"closed","template":"","meta":[],"product_brand":[],"product_cat":[17,178],"product_tag":[],"class_list":{"0":"post-4027","1":"product","2":"type-product","3":"status-publish","4":"has-post-thumbnail","6":"product_cat-noi-that-van-phong","7":"product_cat-ban-hop-van-phong","9":"first","10":"instock","11":"taxable","12":"shipping-taxable","13":"purchasable","14":"product-type-simple"},"_links":{"self":[{"href":"https:\/\/noithathuuthinh.vn\/zh-hans\/wp-json\/wp\/v2\/product\/4027","targetHints":{"allow":["GET"]}}],"collection":[{"href":"https:\/\/noithathuuthinh.vn\/zh-hans\/wp-json\/wp\/v2\/product"}],"about":[{"href":"https:\/\/noithathuuthinh.vn\/zh-hans\/wp-json\/wp\/v2\/types\/product"}],"replies":[{"embeddable":true,"href":"https:\/\/noithathuuthinh.vn\/zh-hans\/wp-json\/wp\/v2\/comments?post=4027"}],"wp:featuredmedia":[{"embeddable":true,"href":"https:\/\/noithathuuthinh.vn\/zh-hans\/wp-json\/wp\/v2\/media\/4028"}],"wp:attachment":[{"href":"https:\/\/noithathuuthinh.vn\/zh-hans\/wp-json\/wp\/v2\/media?parent=4027"}],"wp:term":[{"taxonomy":"product_brand","embeddable":true,"href":"https:\/\/noithathuuthinh.vn\/zh-hans\/wp-json\/wp\/v2\/product_brand?post=4027"},{"taxonomy":"product_cat","embeddable":true,"href":"https:\/\/noithathuuthinh.vn\/zh-hans\/wp-json\/wp\/v2\/product_cat?post=4027"},{"taxonomy":"product_tag","embeddable":true,"href":"https:\/\/noithathuuthinh.vn\/zh-hans\/wp-json\/wp\/v2\/product_tag?post=4027"}],"curies":[{"name":"wp","href":"https:\/\/api.w.org\/{rel}","templated":true}]}}