{"id":4029,"date":"2025-10-25T09:41:38","date_gmt":"2025-10-25T02:41:38","guid":{"rendered":"https:\/\/noithathuuthinh.vn\/?post_type=product&#038;p=4029"},"modified":"2025-10-25T09:41:38","modified_gmt":"2025-10-25T02:41:38","slug":"ban-hop-van-phong-ct5022h1r10","status":"publish","type":"product","link":"https:\/\/noithathuuthinh.vn\/zh-hans\/san-pham\/ban-hop-van-phong-ct5022h1r10\/","title":{"rendered":"B\u00e0n h\u1ecdp v\u0103n ph\u00f2ng CT5022H1R10"},"content":{"rendered":"<p data-start=\"755\" data-end=\"1169\">B\u00e0n h\u1ecdp v\u0103n ph\u00f2ng CT5022H1R10 l\u00e0 s\u1ef1 l\u1ef1a ch\u1ecdn ho\u00e0n h\u1ea3o cho nh\u1eefng kh\u00f4ng gian h\u1ed9i ngh\u1ecb cao c\u1ea5p ho\u1eb7c ph\u00f2ng h\u1ecdp gi\u00e1m \u0111\u1ed1c c\u1ea7n \u0111\u1ebfn s\u1ef1 sang tr\u1ecdng v\u00e0 tinh t\u1ebf. Thi\u1ebft k\u1ebf qu\u00e2y r\u1ed7ng gi\u1eefa 1000mm kh\u00f4ng ch\u1ec9 t\u1ea1o n\u00ean s\u1ef1 th\u00f4ng tho\u00e1ng, gi\u00fap \u00e1nh s\u00e1ng ph\u00e2n b\u1ed5 \u0111\u1ec1u m\u00e0 c\u00f2n l\u00e0 v\u1ecb tr\u00ed l\u00fd t\u01b0\u1edfng \u0111\u1ec3 \u0111\u1eb7t hoa trang tr\u00ed, c\u00e2y xanh hay thi\u1ebft b\u1ecb tr\u00ecnh chi\u1ebfu, t\u0103ng t\u00ednh th\u1ea9m m\u1ef9 v\u00e0 ti\u1ec7n d\u1ee5ng cho ph\u00f2ng h\u1ecdp.<\/p>\n<p data-start=\"1171\" data-end=\"1449\">S\u1ea3n ph\u1ea9m \u0111\u01b0\u1ee3c ch\u1ebf t\u00e1c t\u1eeb g\u1ed7 c\u00f4ng nghi\u1ec7p ch\u1ea5t l\u01b0\u1ee3ng cao, ph\u1ee7 s\u01a1n PU to\u00e0n ph\u1ea7n gi\u00fap b\u1ec1 m\u1eb7t b\u00f3ng m\u1ecbn, ch\u1ed1ng \u1ea9m v\u00e0 ch\u1ed1ng tr\u1ea7y x\u01b0\u1edbc t\u1ed1t. L\u1edbp s\u01a1n PU c\u00f2n gi\u00fap m\u00e0u s\u1eafc b\u00e0n gi\u1eef \u0111\u01b0\u1ee3c \u0111\u1ed9 t\u01b0\u01a1i m\u1edbi l\u00e2u d\u00e0i, \u0111\u1ed3ng th\u1eddi l\u00e0m n\u1ed5i b\u1eadt v\u00e2n g\u1ed7 t\u1ef1 nhi\u00ean, mang l\u1ea1i c\u1ea3m gi\u00e1c \u1ea5m c\u00fang v\u00e0 chuy\u00ean nghi\u1ec7p.<\/p>\n<p data-start=\"1451\" data-end=\"1806\">B\u00e0n h\u1ecdp CT5022H1R10 \u0111\u01b0\u1ee3c thi\u1ebft k\u1ebf v\u1edbi ki\u1ec3u d\u00e1ng b\u1ea7u d\u1ee5c m\u1ec1m m\u1ea1i, gi\u00fap m\u1ecdi th\u00e0nh vi\u00ean trong cu\u1ed9c h\u1ecdp d\u1ec5 d\u00e0ng quan s\u00e1t v\u00e0 trao \u0111\u1ed5i tr\u1ef1c ti\u1ebfp v\u1edbi nhau, t\u1ea1o n\u00ean s\u1ef1 t\u01b0\u01a1ng t\u00e1c hi\u1ec7u qu\u1ea3 trong qu\u00e1 tr\u00ecnh l\u00e0m vi\u1ec7c. Ki\u1ec3u qu\u00e2y r\u1ed7ng gi\u1eefa \u0111\u01b0\u1ee3c x\u1eed l\u00fd tinh x\u1ea3o v\u1edbi c\u00e1c \u0111\u01b0\u1eddng bo c\u1ea1nh m\u1ec1m, \u0111\u1ea3m b\u1ea3o an to\u00e0n khi s\u1eed d\u1ee5ng v\u00e0 t\u00f4n l\u00ean n\u00e9t th\u1ea9m m\u1ef9 cao c\u1ea5p c\u1ee7a t\u1ed5ng th\u1ec3 s\u1ea3n ph\u1ea9m.<\/p>\n<p data-start=\"1808\" data-end=\"2152\">\u0110i\u1ec3m c\u1ed9ng c\u1ee7a m\u1eabu b\u00e0n n\u00e0y n\u1eb1m \u1edf s\u1ef1 linh ho\u1ea1t trong l\u1ef1a ch\u1ecdn c\u1ea5u tr\u00fac: kh\u00e1ch h\u00e0ng c\u00f3 th\u1ec3 ch\u1ecdn <strong data-start=\"1901\" data-end=\"1927\">c\u00e1c m\u1eb7t b\u00e0n chung ch\u00e2n<\/strong> \u0111\u1ec3 t\u0103ng t\u00ednh \u0111\u1ed3ng b\u1ed9, ho\u1eb7c <strong data-start=\"1955\" data-end=\"1986\">m\u1eb7t b\u00e0n v\u00e0 ch\u00e2n b\u00e0n \u0111\u1ed9c l\u1eadp<\/strong> gi\u00fap d\u1ec5 d\u00e0ng th\u00e1o l\u1eafp, di chuy\u1ec3n khi c\u1ea7n b\u1ed1 tr\u00ed l\u1ea1i kh\u00f4ng gian. \u0110\u00e2y l\u00e0 gi\u1ea3i ph\u00e1p r\u1ea5t ti\u1ec7n l\u1ee3i cho c\u00e1c v\u0103n ph\u00f2ng hi\u1ec7n \u0111\u1ea1i c\u00f3 nhu c\u1ea7u thay \u0111\u1ed5i n\u1ed9i th\u1ea5t th\u01b0\u1eddng xuy\u00ean.<\/p>\n<p data-start=\"2154\" data-end=\"2471\">V\u1edbi k\u00edch th\u01b0\u1edbc l\u1edbn W5000 x D2200 x H760 mm, b\u00e0n h\u1ecdp CT5022H1R10 c\u00f3 th\u1ec3 ph\u1ee5c v\u1ee5 cho c\u00e1c bu\u1ed5i h\u1ecdp t\u1eeb 12 \u0111\u1ebfn 16 ng\u01b0\u1eddi, mang l\u1ea1i c\u1ea3m gi\u00e1c tho\u1ea3i m\u00e1i v\u00e0 chuy\u00ean nghi\u1ec7p. Ph\u1ea7n qu\u00e2y gi\u1eefa r\u1ed9ng 1000mm t\u1ea1o kho\u1ea3ng c\u00e1ch h\u1ee3p l\u00fd, v\u1eeba \u0111\u1ea3m b\u1ea3o t\u1ea7m nh\u00ecn gi\u1eefa c\u00e1c th\u00e0nh vi\u00ean, v\u1eeba gi\u00fap ph\u00f2ng h\u1ecdp tho\u00e1ng \u0111\u00e3ng, c\u00e2n \u0111\u1ed1i v\u00e0 c\u00f3 chi\u1ec1u s\u00e2u h\u01a1n.<\/p>\n<p data-start=\"2473\" data-end=\"2741\">T\u1eebng chi ti\u1ebft c\u1ee7a s\u1ea3n ph\u1ea9m \u0111\u01b0\u1ee3c gia c\u00f4ng k\u1ef9 l\u01b0\u1ee1ng, c\u00e1c m\u1ed1i n\u1ed1i \u0111\u01b0\u1ee3c x\u1eed l\u00fd ch\u1eafc ch\u1eafn, \u0111\u1ea3m b\u1ea3o t\u00ednh \u1ed5n \u0111\u1ecbnh cao khi s\u1eed d\u1ee5ng l\u00e2u d\u00e0i. \u0110\u1eb7c bi\u1ec7t, b\u1ec1 m\u1eb7t b\u00e0n c\u00f3 th\u1ec3 k\u1ebft h\u1ee3p v\u1edbi c\u00e1c gh\u1ebf h\u1ecdp b\u1ecdc da ho\u1eb7c gh\u1ebf ch\u00e2n qu\u1ef3 \u0111\u1ec3 t\u1ea1o n\u00ean t\u1ed5ng th\u1ec3 n\u1ed9i th\u1ea5t h\u00e0i h\u00f2a, \u0111\u1eb3ng c\u1ea5p v\u00e0 \u0111\u1ed3ng b\u1ed9.<\/p>\n<p data-start=\"2743\" data-end=\"3054\">B\u00e0n h\u1ecdp v\u0103n ph\u00f2ng CT5022H1R10 kh\u00f4ng ch\u1ec9 l\u00e0 s\u1ea3n ph\u1ea9m n\u1ed9i th\u1ea5t ch\u1ee9c n\u0103ng m\u00e0 c\u00f2n l\u00e0 bi\u1ec3u t\u01b0\u1ee3ng th\u1ec3 hi\u1ec7n phong c\u00e1ch chuy\u00ean nghi\u1ec7p, s\u1ef1 t\u00f4n tr\u1ecdng v\u00e0 uy t\u00edn c\u1ee7a doanh nghi\u1ec7p. \u0110\u00e2y l\u00e0 m\u1eabu b\u00e0n h\u1ecdp l\u00fd t\u01b0\u1edfng cho c\u00e1c c\u00f4ng ty, t\u1ed5 ch\u1ee9c mu\u1ed1n \u0111\u1ea7u t\u01b0 v\u00e0o kh\u00f4ng gian l\u00e0m vi\u1ec7c hi\u1ec7n \u0111\u1ea1i, ti\u1ec7n nghi v\u00e0 th\u1ec3 hi\u1ec7n t\u1ea7m v\u00f3c th\u01b0\u01a1ng hi\u1ec7u.<\/p>\n","protected":false},"excerpt":{"rendered":"<p data-start=\"37\" data-end=\"402\">B\u00e0n h\u1ecdp v\u0103n ph\u00f2ng CT5022H1R10 l\u00e0 m\u1eabu b\u00e0n h\u1ecdp cao c\u1ea5p \u0111\u01b0\u1ee3c thi\u1ebft k\u1ebf theo d\u1ea1ng qu\u00e2y r\u1ed7ng gi\u1eefa 1000mm, mang \u0111\u1ebfn kh\u00f4ng gian trung t\u00e2m r\u1ed9ng r\u00e3i, l\u00fd t\u01b0\u1edfng \u0111\u1ec3 trang tr\u00ed ho\u1eb7c b\u1ed1 tr\u00ed thi\u1ebft b\u1ecb h\u1ed9i ngh\u1ecb. Ki\u1ec3u d\u00e1ng b\u00e0n b\u1ea7u d\u1ee5c sang tr\u1ecdng k\u1ebft h\u1ee3p v\u1edbi ch\u1ea5t li\u1ec7u g\u1ed7 s\u01a1n PU cao c\u1ea5p gi\u00fap t\u00f4n l\u00ean v\u1ebb chuy\u00ean nghi\u1ec7p v\u00e0 \u0111\u1eb3ng c\u1ea5p cho kh\u00f4ng gian l\u00e0m vi\u1ec7c.<\/p>\n<p data-start=\"404\" data-end=\"592\">K\u00edch th\u01b0\u1edbc: W5000 x D2200 x H760 mm<\/p>\n<p data-start=\"404\" data-end=\"592\">C\u00e1c m\u1eb7t b\u00e0n chung th\u00e2n &#8211; <span style=\"color: #ed1c24; font-size: 120%;\"><strong>17.000.000 \u0111<\/strong><\/span><br \/>\nM\u1eb7t v\u00e0 ch\u00e2n b\u00e0n \u0111\u1ed9c l\u1eadp &#8211; <span style=\"color: #ed1c24; font-size: 120%;\"><strong>17.739.000 \u0111<\/strong><\/span><br data-start=\"439\" data-end=\"442\" \/>Xu\u1ea5t x\u1ee9: S\u1ea3n ph\u1ea9m c\u1ee7a <strong data-start=\"464\" data-end=\"492\">C\u00d4NG TY N\u1ed8I TH\u1ea4T THE ONE<\/strong> \u2013 Ph\u00e2n ph\u1ed1i b\u1edfi <strong data-start=\"509\" data-end=\"545\">C\u00d4NG TY TNHH SXTM TTNT H\u1eeeU TH\u1ecaNH<\/strong><br data-start=\"545\" data-end=\"548\" \/>B\u1ea3o h\u00e0nh: 12 th\u00e1ng theo ti\u00eau chu\u1ea9n nh\u00e0 m\u00e1y<\/p>\n<p data-start=\"594\" data-end=\"748\"><span style=\"color: #ed1c24;\"><em data-start=\"594\" data-end=\"746\">L\u01b0u \u00fd: Gi\u00e1 tr\u00ean ch\u01b0a bao g\u1ed3m VAT v\u00e0 ph\u00ed v\u1eadn chuy\u1ec3n. Gi\u00e1 s\u1ea3n ph\u1ea9m c\u00f3 th\u1ec3 thay \u0111\u1ed5i theo t\u1eebng th\u1eddi \u0111i\u1ec3m, vui l\u00f2ng li\u00ean h\u1ec7 \u0111\u1ec3 nh\u1eadn t\u01b0 v\u1ea5n \u01b0u \u0111\u00e3i t\u1ed1t nh\u1ea5t.<\/em><\/span><\/p>\n","protected":false},"featured_media":4030,"comment_status":"open","ping_status":"closed","template":"","meta":[],"product_brand":[],"product_cat":[17,178],"product_tag":[],"class_list":{"0":"post-4029","1":"product","2":"type-product","3":"status-publish","4":"has-post-thumbnail","6":"product_cat-noi-that-van-phong","7":"product_cat-ban-hop-van-phong","9":"first","10":"instock","11":"taxable","12":"shipping-taxable","13":"purchasable","14":"product-type-simple"},"_links":{"self":[{"href":"https:\/\/noithathuuthinh.vn\/zh-hans\/wp-json\/wp\/v2\/product\/4029","targetHints":{"allow":["GET"]}}],"collection":[{"href":"https:\/\/noithathuuthinh.vn\/zh-hans\/wp-json\/wp\/v2\/product"}],"about":[{"href":"https:\/\/noithathuuthinh.vn\/zh-hans\/wp-json\/wp\/v2\/types\/product"}],"replies":[{"embeddable":true,"href":"https:\/\/noithathuuthinh.vn\/zh-hans\/wp-json\/wp\/v2\/comments?post=4029"}],"wp:featuredmedia":[{"embeddable":true,"href":"https:\/\/noithathuuthinh.vn\/zh-hans\/wp-json\/wp\/v2\/media\/4030"}],"wp:attachment":[{"href":"https:\/\/noithathuuthinh.vn\/zh-hans\/wp-json\/wp\/v2\/media?parent=4029"}],"wp:term":[{"taxonomy":"product_brand","embeddable":true,"href":"https:\/\/noithathuuthinh.vn\/zh-hans\/wp-json\/wp\/v2\/product_brand?post=4029"},{"taxonomy":"product_cat","embeddable":true,"href":"https:\/\/noithathuuthinh.vn\/zh-hans\/wp-json\/wp\/v2\/product_cat?post=4029"},{"taxonomy":"product_tag","embeddable":true,"href":"https:\/\/noithathuuthinh.vn\/zh-hans\/wp-json\/wp\/v2\/product_tag?post=4029"}],"curies":[{"name":"wp","href":"https:\/\/api.w.org\/{rel}","templated":true}]}}