{"id":4033,"date":"2025-10-25T09:56:44","date_gmt":"2025-10-25T02:56:44","guid":{"rendered":"https:\/\/noithathuuthinh.vn\/?post_type=product&#038;p=4033"},"modified":"2025-10-25T15:00:46","modified_gmt":"2025-10-25T08:00:46","slug":"ban-hop-van-phong-ct5522h1","status":"publish","type":"product","link":"https:\/\/noithathuuthinh.vn\/zh-hans\/san-pham\/ban-hop-van-phong-ct5522h1\/","title":{"rendered":"B\u00e0n h\u1ecdp v\u0103n ph\u00f2ng CT5522H1"},"content":{"rendered":"<p data-start=\"917\" data-end=\"1397\">B\u00e0n h\u1ecdp v\u0103n ph\u00f2ng CT5522H1 l\u00e0 d\u00f2ng s\u1ea3n ph\u1ea9m cao c\u1ea5p n\u1eb1m trong b\u1ed9 s\u01b0u t\u1eadp b\u00e0n h\u1ecdp s\u01a1n PU sang tr\u1ecdng c\u1ee7a N\u1ed9i th\u1ea5t The One, \u0111\u01b0\u1ee3c thi\u1ebft k\u1ebf h\u01b0\u1edbng \u0111\u1ebfn nh\u1eefng kh\u00f4ng gian h\u1ed9i h\u1ecdp quy m\u00f4 l\u1edbn, n\u01a1i y\u00eau c\u1ea7u s\u1ef1 \u0111\u1eb3ng c\u1ea5p v\u00e0 chuy\u00ean nghi\u1ec7p trong t\u1eebng chi ti\u1ebft. V\u1edbi ki\u1ec3u d\u00e1ng qu\u00e2y r\u1ed7ng gi\u1eefa hi\u1ec7n \u0111\u1ea1i, b\u00e0n gi\u00fap t\u1ea1o n\u00ean kh\u00f4ng gian tho\u00e1ng \u0111\u00e3ng, gi\u00fap \u00e1nh s\u00e1ng v\u00e0 kh\u00f4ng kh\u00ed l\u01b0u th\u00f4ng t\u1ed1t h\u01a1n, \u0111\u1ed3ng th\u1eddi mang l\u1ea1i c\u1ea3m gi\u00e1c r\u1ed9ng r\u00e3i v\u00e0 trang tr\u1ecdng cho c\u0103n ph\u00f2ng.<\/p>\n<p data-start=\"1399\" data-end=\"1770\">Thi\u1ebft k\u1ebf <strong data-start=\"1408\" data-end=\"1435\">hai c\u1ea1nh ng\u1eafn l\u01b0\u1ee3n cong<\/strong> l\u00e0 \u0111i\u1ec3m nh\u1ea5n \u0111\u1ed9c \u0111\u00e1o c\u1ee7a b\u00e0n h\u1ecdp CT5522H1. C\u00e1c \u0111\u01b0\u1eddng bo m\u1ec1m m\u1ea1i \u0111\u01b0\u1ee3c x\u1eed l\u00fd tinh x\u1ea3o, kh\u00f4ng ch\u1ec9 gi\u00fap gi\u1ea3m c\u1ea3m gi\u00e1c th\u00f4 c\u1ee9ng c\u1ee7a thi\u1ebft k\u1ebf truy\u1ec1n th\u1ed1ng m\u00e0 c\u00f2n t\u0103ng t\u00ednh th\u1ea9m m\u1ef9 v\u00e0 s\u1ef1 an to\u00e0n khi s\u1eed d\u1ee5ng. S\u1ef1 k\u1ebft h\u1ee3p h\u00e0i h\u00f2a gi\u1eefa ki\u1ec3u d\u00e1ng bo cong v\u00e0 qu\u00e2y r\u1ed7ng gi\u1eefa gi\u00fap chi\u1ebfc b\u00e0n to\u00e1t l\u00ean v\u1ebb nh\u1eb9 nh\u00e0ng, thanh tho\u00e1t d\u00f9 c\u00f3 k\u00edch th\u01b0\u1edbc l\u1edbn.<\/p>\n<p data-start=\"1772\" data-end=\"2145\">B\u1ec1 m\u1eb7t b\u00e0n \u0111\u01b0\u1ee3c l\u00e0m t\u1eeb <strong data-start=\"1795\" data-end=\"1842\">g\u1ed7 c\u00f4ng nghi\u1ec7p cao c\u1ea5p ph\u1ee7 s\u01a1n PU to\u00e0n ph\u1ea7n<\/strong>, mang l\u1ea1i \u0111\u1ed9 b\u00f3ng m\u1ecbn sang tr\u1ecdng, ch\u1ed1ng tr\u1ea7y x\u01b0\u1edbc v\u00e0 b\u1ec1n m\u00e0u theo th\u1eddi gian. L\u1edbp s\u01a1n PU c\u00f2n gi\u00fap b\u1ea3o v\u1ec7 b\u1ec1 m\u1eb7t b\u00e0n kh\u1ecfi t\u00e1c \u0111\u1ed9ng c\u1ee7a \u0111\u1ed9 \u1ea9m, \u0111\u1ed3ng th\u1eddi t\u00f4n l\u00ean v\u00e2n g\u1ed7 t\u1ef1 nhi\u00ean m\u1ed9t c\u00e1ch tinh t\u1ebf. \u0110\u00e2y l\u00e0 l\u1ef1a ch\u1ecdn ho\u00e0n h\u1ea3o cho c\u00e1c kh\u00f4ng gian h\u1ed9i h\u1ecdp cao c\u1ea5p c\u1ee7a doanh nghi\u1ec7p, t\u1ed5 ch\u1ee9c ho\u1eb7c c\u01a1 quan nh\u00e0 n\u01b0\u1edbc.<\/p>\n<p data-start=\"2147\" data-end=\"2473\">Ph\u1ea7n <strong data-start=\"2152\" data-end=\"2195\">y\u1ebfm b\u00e0n trang tr\u00ed k\u1ebft h\u1ee3p gi\u1ea5y kh\u00e1c m\u00e0u<\/strong> t\u1ea1o n\u00ean \u0111i\u1ec3m nh\u1ea5n th\u1ea9m m\u1ef9 tinh t\u1ebf, gi\u00fap t\u1ed5ng th\u1ec3 s\u1ea3n ph\u1ea9m tr\u1edf n\u00ean sinh \u0111\u1ed9ng, hi\u1ec7n \u0111\u1ea1i v\u00e0 c\u00f3 chi\u1ec1u s\u00e2u. Chi ti\u1ebft n\u00e0y kh\u00f4ng ch\u1ec9 th\u1ec3 hi\u1ec7n gu th\u1ea9m m\u1ef9 tinh t\u1ebf c\u1ee7a ng\u01b0\u1eddi thi\u1ebft k\u1ebf m\u00e0 c\u00f2n gi\u00fap s\u1ea3n ph\u1ea9m d\u1ec5 d\u00e0ng h\u00f2a h\u1ee3p v\u1edbi nhi\u1ec1u phong c\u00e1ch n\u1ed9i th\u1ea5t kh\u00e1c nhau, t\u1eeb c\u1ed5 \u0111i\u1ec3n \u0111\u1ebfn hi\u1ec7n \u0111\u1ea1i.<\/p>\n<p data-start=\"2475\" data-end=\"2805\">\u0110\u1eb7c bi\u1ec7t, b\u00e0n h\u1ecdp CT5522H1 \u0111\u01b0\u1ee3c t\u00edch h\u1ee3p <strong data-start=\"2516\" data-end=\"2535\">l\u1ed7 \u0111i d\u00e2y micro<\/strong>, h\u1ed7 tr\u1ee3 b\u1ed1 tr\u00ed thi\u1ebft b\u1ecb \u00e2m thanh, tr\u00ecnh chi\u1ebfu ho\u1eb7c \u0111i\u1ec7n t\u1eed m\u1ed9t c\u00e1ch g\u1ecdn g\u00e0ng, chuy\u00ean nghi\u1ec7p. \u0110\u00e2y l\u00e0 y\u1ebfu t\u1ed1 quan tr\u1ecdng gi\u00fap kh\u00f4ng gian h\u1ecdp lu\u00f4n s\u1ea1ch s\u1ebd, ng\u0103n n\u1eafp, t\u1ea1o c\u1ea3m gi\u00e1c tho\u1ea3i m\u00e1i cho ng\u01b0\u1eddi tham d\u1ef1 v\u00e0 t\u0103ng t\u00ednh hi\u1ec7u qu\u1ea3 trong c\u00e1c bu\u1ed5i h\u1ed9i ngh\u1ecb ho\u1eb7c thuy\u1ebft tr\u00ecnh.<\/p>\n<p data-start=\"2807\" data-end=\"3120\">V\u1edbi k\u00edch th\u01b0\u1edbc <strong data-start=\"2822\" data-end=\"2849\">W5500 x D2200 x H760 mm<\/strong>, b\u00e0n h\u1ecdp CT5522H1 ph\u00f9 h\u1ee3p cho nh\u1eefng cu\u1ed9c h\u1ecdp quy m\u00f4 t\u1eeb 14\u201318 ng\u01b0\u1eddi, mang \u0111\u1ebfn kh\u00f4ng gian l\u00e0m vi\u1ec7c tho\u1ea3i m\u00e1i, r\u1ed9ng r\u00e3i v\u00e0 ti\u1ec7n nghi. Thi\u1ebft k\u1ebf r\u1ed7ng gi\u1eefa kh\u00f4ng ch\u1ec9 t\u1ea1o kho\u1ea3ng tr\u1ed1ng trang tr\u00ed m\u00e0 c\u00f2n gi\u00fap lu\u1ed3ng giao ti\u1ebfp gi\u1eefa c\u00e1c th\u00e0nh vi\u00ean tr\u1edf n\u00ean t\u1ef1 nhi\u00ean, thu\u1eadn ti\u1ec7n h\u01a1n.<\/p>\n<p data-start=\"3122\" data-end=\"3376\">M\u1ed7i chi ti\u1ebft c\u1ee7a b\u00e0n \u0111\u1ec1u \u0111\u01b0\u1ee3c gia c\u00f4ng t\u1ec9 m\u1ec9 v\u1edbi \u0111\u1ed9 ch\u00ednh x\u00e1c cao, t\u1eeb b\u1ec1 m\u1eb7t b\u00f3ng m\u1ecbn, c\u00e1c m\u1ed1i n\u1ed1i kh\u00edt ch\u1eb7t cho \u0111\u1ebfn ch\u00e2n b\u00e0n gh\u00e9p h\u1ed9p v\u1eefng ch\u1eafc. S\u1ea3n ph\u1ea9m kh\u00f4ng ch\u1ec9 \u0111\u1ea3m b\u1ea3o \u0111\u1ed9 b\u1ec1n cao m\u00e0 c\u00f2n gi\u1eef \u0111\u01b0\u1ee3c v\u1ebb \u0111\u1eb9p tinh t\u1ebf trong su\u1ed1t qu\u00e1 tr\u00ecnh s\u1eed d\u1ee5ng l\u00e2u d\u00e0i.<\/p>\n<p data-start=\"3378\" data-end=\"3631\">B\u00e0n h\u1ecdp v\u0103n ph\u00f2ng CT5522H1 l\u00e0 s\u1ef1 k\u1ebft h\u1ee3p ho\u00e0n h\u1ea3o gi\u1eefa <strong data-start=\"3433\" data-end=\"3479\">c\u00f4ng n\u0103ng, th\u1ea9m m\u1ef9 v\u00e0 \u0111\u1eb3ng c\u1ea5p th\u01b0\u01a1ng hi\u1ec7u<\/strong>. \u0110\u00e2y l\u00e0 l\u1ef1a ch\u1ecdn t\u1ed1i \u01b0u d\u00e0nh cho c\u00e1c doanh nghi\u1ec7p mong mu\u1ed1n s\u1edf h\u1eefu m\u1ed9t kh\u00f4ng gian h\u1ed9i h\u1ecdp chuy\u00ean nghi\u1ec7p, hi\u1ec7n \u0111\u1ea1i v\u00e0 th\u1ec3 hi\u1ec7n r\u00f5 phong th\u00e1i l\u00e3nh \u0111\u1ea1o.<\/p>\n","protected":false},"excerpt":{"rendered":"<p data-start=\"34\" data-end=\"564\">B\u00e0n h\u1ecdp v\u0103n ph\u00f2ng CT5522H1 l\u00e0 m\u1eabu b\u00e0n h\u1ecdp cao c\u1ea5p \u0111\u01b0\u1ee3c thi\u1ebft k\u1ebf theo ki\u1ec3u qu\u00e2y r\u1ed7ng gi\u1eefa hi\u1ec7n \u0111\u1ea1i, gi\u00fap t\u1ea1o kh\u00f4ng gian m\u1edf, tho\u00e1ng \u0111\u00e3ng v\u00e0 sang tr\u1ecdng cho ph\u00f2ng h\u1ecdp. Hai c\u1ea1nh ng\u1eafn c\u1ee7a b\u00e0n \u0111\u01b0\u1ee3c u\u1ed1n cong m\u1ec1m m\u1ea1i, mang l\u1ea1i s\u1ef1 tinh t\u1ebf trong t\u1eebng chi ti\u1ebft. Ph\u1ea7n y\u1ebfm b\u00e0n \u0111\u01b0\u1ee3c trang tr\u00ed n\u1ed5i b\u1eadt v\u1edbi c\u00e1c m\u1ea3ng gi\u1ea5y kh\u00e1c m\u00e0u, t\u1ea1o \u0111i\u1ec3m nh\u1ea5n \u1ea5n t\u01b0\u1ee3ng cho t\u1ed5ng th\u1ec3 thi\u1ebft k\u1ebf. Ngo\u00e0i ra, b\u00e0n c\u00f2n \u0111\u01b0\u1ee3c trang b\u1ecb <strong data-start=\"457\" data-end=\"480\">l\u1ed7 \u0111i d\u00e2y cho micro<\/strong>, ti\u1ec7n l\u1ee3i trong qu\u00e1 tr\u00ecnh s\u1eed d\u1ee5ng trong c\u00e1c bu\u1ed5i h\u1ecdp, thuy\u1ebft tr\u00ecnh ho\u1eb7c h\u1ed9i ngh\u1ecb.<\/p>\n<p data-start=\"566\" data-end=\"754\">K\u00edch th\u01b0\u1edbc: W5500 x D2200 x H760 mm<br data-start=\"601\" data-end=\"604\" \/>Xu\u1ea5t x\u1ee9: S\u1ea3n ph\u1ea9m c\u1ee7a <strong data-start=\"626\" data-end=\"654\">C\u00d4NG TY N\u1ed8I TH\u1ea4T THE ONE<\/strong> \u2013 Ph\u00e2n ph\u1ed1i b\u1edfi <strong data-start=\"671\" data-end=\"707\">C\u00d4NG TY TNHH SXTM TTNT H\u1eeeU TH\u1ecaNH<\/strong><br data-start=\"707\" data-end=\"710\" \/>B\u1ea3o h\u00e0nh: 12 th\u00e1ng theo ti\u00eau chu\u1ea9n nh\u00e0 m\u00e1y<\/p>\n<p data-start=\"756\" data-end=\"910\"><span style=\"color: #ed1c24;\"><em data-start=\"756\" data-end=\"908\">L\u01b0u \u00fd: Gi\u00e1 tr\u00ean ch\u01b0a bao g\u1ed3m VAT v\u00e0 ph\u00ed v\u1eadn chuy\u1ec3n. Gi\u00e1 s\u1ea3n ph\u1ea9m c\u00f3 th\u1ec3 thay \u0111\u1ed5i theo t\u1eebng th\u1eddi \u0111i\u1ec3m, vui l\u00f2ng li\u00ean h\u1ec7 \u0111\u1ec3 nh\u1eadn t\u01b0 v\u1ea5n \u01b0u \u0111\u00e3i t\u1ed1t nh\u1ea5t.<\/em><\/span><\/p>\n","protected":false},"featured_media":4034,"comment_status":"open","ping_status":"closed","template":"","meta":[],"product_brand":[],"product_cat":[17,178],"product_tag":[],"class_list":{"0":"post-4033","1":"product","2":"type-product","3":"status-publish","4":"has-post-thumbnail","6":"product_cat-noi-that-van-phong","7":"product_cat-ban-hop-van-phong","9":"first","10":"instock","11":"taxable","12":"shipping-taxable","13":"purchasable","14":"product-type-simple"},"_links":{"self":[{"href":"https:\/\/noithathuuthinh.vn\/zh-hans\/wp-json\/wp\/v2\/product\/4033","targetHints":{"allow":["GET"]}}],"collection":[{"href":"https:\/\/noithathuuthinh.vn\/zh-hans\/wp-json\/wp\/v2\/product"}],"about":[{"href":"https:\/\/noithathuuthinh.vn\/zh-hans\/wp-json\/wp\/v2\/types\/product"}],"replies":[{"embeddable":true,"href":"https:\/\/noithathuuthinh.vn\/zh-hans\/wp-json\/wp\/v2\/comments?post=4033"}],"wp:featuredmedia":[{"embeddable":true,"href":"https:\/\/noithathuuthinh.vn\/zh-hans\/wp-json\/wp\/v2\/media\/4034"}],"wp:attachment":[{"href":"https:\/\/noithathuuthinh.vn\/zh-hans\/wp-json\/wp\/v2\/media?parent=4033"}],"wp:term":[{"taxonomy":"product_brand","embeddable":true,"href":"https:\/\/noithathuuthinh.vn\/zh-hans\/wp-json\/wp\/v2\/product_brand?post=4033"},{"taxonomy":"product_cat","embeddable":true,"href":"https:\/\/noithathuuthinh.vn\/zh-hans\/wp-json\/wp\/v2\/product_cat?post=4033"},{"taxonomy":"product_tag","embeddable":true,"href":"https:\/\/noithathuuthinh.vn\/zh-hans\/wp-json\/wp\/v2\/product_tag?post=4033"}],"curies":[{"name":"wp","href":"https:\/\/api.w.org\/{rel}","templated":true}]}}