{"id":4043,"date":"2025-10-25T10:24:00","date_gmt":"2025-10-25T03:24:00","guid":{"rendered":"https:\/\/noithathuuthinh.vn\/?post_type=product&#038;p=4043"},"modified":"2025-10-25T10:24:00","modified_gmt":"2025-10-25T03:24:00","slug":"ban-hop-van-phong-luxh3615","status":"publish","type":"product","link":"https:\/\/noithathuuthinh.vn\/zh-hans\/san-pham\/ban-hop-van-phong-luxh3615\/","title":{"rendered":"B\u00e0n h\u1ecdp v\u0103n ph\u00f2ng LUXH3615"},"content":{"rendered":"<p data-start=\"825\" data-end=\"1278\">B\u00e0n h\u1ecdp v\u0103n ph\u00f2ng LUXH3615 l\u00e0 s\u1ef1 l\u1ef1a ch\u1ecdn ho\u00e0n h\u1ea3o cho nh\u1eefng doanh nghi\u1ec7p \u0111\u1ec1 cao t\u00ednh th\u1ea9m m\u1ef9 v\u00e0 s\u1ef1 chuy\u00ean nghi\u1ec7p trong kh\u00f4ng gian l\u00e0m vi\u1ec7c. Thu\u1ed9c d\u00f2ng s\u1ea3n ph\u1ea9m LUXURY cao c\u1ea5p, m\u1eabu b\u00e0n n\u00e0y kh\u00f4ng ch\u1ec9 mang \u0111\u1ebfn v\u1ebb ngo\u00e0i sang tr\u1ecdng m\u00e0 c\u00f2n th\u1ec3 hi\u1ec7n \u0111\u1eb3ng c\u1ea5p c\u1ee7a th\u01b0\u01a1ng hi\u1ec7u. V\u1edbi thi\u1ebft k\u1ebf hi\u1ec7n \u0111\u1ea1i, t\u1eebng chi ti\u1ebft c\u1ee7a b\u00e0n \u0111\u1ec1u \u0111\u01b0\u1ee3c t\u00ednh to\u00e1n k\u1ef9 l\u01b0\u1ee1ng nh\u1eb1m t\u1ea1o n\u00ean s\u1ef1 h\u00e0i h\u00f2a gi\u1eefa c\u00f4ng n\u0103ng s\u1eed d\u1ee5ng v\u00e0 gi\u00e1 tr\u1ecb th\u1ea9m m\u1ef9.<\/p>\n<p data-start=\"1280\" data-end=\"1665\">M\u1eb7t b\u00e0n \u0111\u01b0\u1ee3c gh\u00e9p gi\u1ea3 d\u00e0y, s\u1eed d\u1ee5ng v\u1eadt li\u1ec7u g\u1ed7 c\u00f4ng nghi\u1ec7p ch\u1ea5t l\u01b0\u1ee3ng cao ph\u1ee7 melamine ch\u1ed1ng tr\u1ea7y x\u01b0\u1edbc, d\u1ec5 lau ch\u00f9i v\u00e0 c\u00f3 \u0111\u1ed9 b\u1ec1n v\u01b0\u1ee3t tr\u1ed9i. S\u1ef1 k\u1ebft h\u1ee3p gi\u1eefa t\u00f4ng m\u00e0u v\u00e2n g\u1ed7 t\u1ef1 nhi\u00ean c\u00f9ng m\u1ea3ng m\u00e0u \u0111en \u1edf gi\u1eefa kh\u00f4ng ch\u1ec9 t\u1ea1o \u0111i\u1ec3m nh\u1ea5n th\u1ecb gi\u00e1c \u0111\u1ed9c \u0111\u00e1o m\u00e0 c\u00f2n gi\u00fap t\u1ed5ng th\u1ec3 b\u00e0n tr\u1edf n\u00ean hi\u1ec7n \u0111\u1ea1i, ph\u00f9 h\u1ee3p v\u1edbi nhi\u1ec1u phong c\u00e1ch thi\u1ebft k\u1ebf n\u1ed9i th\u1ea5t v\u0103n ph\u00f2ng kh\u00e1c nhau \u2014 t\u1eeb t\u1ed1i gi\u1ea3n \u0111\u1ebfn cao c\u1ea5p.<\/p>\n<p data-start=\"1667\" data-end=\"2121\">M\u1ed9t trong nh\u1eefng \u01b0u \u0111i\u1ec3m n\u1ed5i b\u1eadt c\u1ee7a b\u00e0n h\u1ecdp LUXH3615 ch\u00ednh l\u00e0 <strong data-start=\"1729\" data-end=\"1761\">h\u1ed9p \u0111i d\u00e2y b\u1eb1ng nh\u00f4m cao c\u1ea5p<\/strong> \u0111\u01b0\u1ee3c b\u1ed1 tr\u00ed gi\u1eefa b\u00e0n. Thi\u1ebft k\u1ebf n\u00e0y gi\u00fap vi\u1ec7c k\u1ebft n\u1ed1i thi\u1ebft b\u1ecb \u0111i\u1ec7n t\u1eed, micro hay laptop trong c\u00e1c bu\u1ed5i h\u1ecdp tr\u1edf n\u00ean thu\u1eadn ti\u1ec7n v\u00e0 g\u1ecdn g\u00e0ng, g\u00f3p ph\u1ea7n gi\u1eef kh\u00f4ng gian l\u00e0m vi\u1ec7c lu\u00f4n s\u1ea1ch s\u1ebd, chuy\u00ean nghi\u1ec7p. B\u00ean c\u1ea1nh \u0111\u00f3, <strong data-start=\"1976\" data-end=\"1998\">n\u1eb9p nh\u00f4m trang tr\u00ed<\/strong> \u1edf hai \u0111\u1ea7u ch\u00e2n b\u00e0n kh\u00f4ng ch\u1ec9 t\u0103ng t\u00ednh th\u1ea9m m\u1ef9 m\u00e0 c\u00f2n b\u1ea3o v\u1ec7 c\u1ea1nh b\u00e0n, gi\u00fap s\u1ea3n ph\u1ea9m b\u1ec1n b\u1ec9 h\u01a1n trong qu\u00e1 tr\u00ecnh s\u1eed d\u1ee5ng.<\/p>\n<p data-start=\"2123\" data-end=\"2436\">Khung v\u00e0 ch\u00e2n b\u00e0n \u0111\u01b0\u1ee3c <strong data-start=\"2146\" data-end=\"2168\">gh\u00e9p h\u1ed9p v\u1eefng ch\u1eafc<\/strong>, mang l\u1ea1i c\u1ea3m gi\u00e1c \u1ed5n \u0111\u1ecbnh khi s\u1eed d\u1ee5ng, k\u1ec3 c\u1ea3 khi c\u00f3 nhi\u1ec1u ng\u01b0\u1eddi ng\u1ed3i h\u1ecdp c\u00f9ng l\u00fac. S\u1ef1 k\u1ebft h\u1ee3p gi\u1eefa c\u00e1c \u0111\u01b0\u1eddng n\u00e9t m\u1ea1nh m\u1ebd v\u00e0 ch\u1ea5t li\u1ec7u hi\u1ec7n \u0111\u1ea1i gi\u00fap b\u00e0n LUXH3615 v\u1eeba mang phong c\u00e1ch t\u1ed1i gi\u1ea3n, v\u1eeba th\u1ec3 hi\u1ec7n \u0111\u01b0\u1ee3c s\u1ef1 uy nghi\u00eam v\u00e0 chuy\u00ean nghi\u1ec7p c\u1ee7a kh\u00f4ng gian ph\u00f2ng h\u1ecdp.<\/p>\n<p data-start=\"2438\" data-end=\"2764\">B\u00e0n h\u1ecdp LUXH3615 c\u00f3 k\u00edch th\u01b0\u1edbc <strong data-start=\"2469\" data-end=\"2496\">W3600 x D1500 x H760 mm<\/strong>, ph\u00f9 h\u1ee3p cho c\u00e1c ph\u00f2ng h\u1ecdp v\u1eeba v\u00e0 l\u1edbn, \u0111\u00e1p \u1ee9ng t\u1ed1t nhu c\u1ea7u c\u1ee7a kho\u1ea3ng 10\u201312 ng\u01b0\u1eddi. T\u00f9y v\u00e0o kh\u00f4ng gian v\u00e0 phong c\u00e1ch n\u1ed9i th\u1ea5t, b\u00e0n c\u00f3 th\u1ec3 k\u1ebft h\u1ee3p c\u00f9ng <strong data-start=\"2647\" data-end=\"2674\">gh\u1ebf h\u1ecdp ch\u00e2n qu\u1ef3 b\u1ecdc da<\/strong> ho\u1eb7c <strong data-start=\"2680\" data-end=\"2700\">gh\u1ebf xoay cao c\u1ea5p<\/strong> \u0111\u1ec3 mang l\u1ea1i s\u1ef1 \u0111\u1ed3ng b\u1ed9 v\u00e0 tho\u1ea3i m\u00e1i t\u1ed1i \u0111a cho ng\u01b0\u1eddi s\u1eed d\u1ee5ng.<\/p>\n<p data-start=\"2766\" data-end=\"3116\">V\u1edbi thi\u1ebft k\u1ebf tinh t\u1ebf, v\u1eadt li\u1ec7u cao c\u1ea5p v\u00e0 c\u00f4ng n\u0103ng ti\u1ec7n \u00edch, <strong data-start=\"2828\" data-end=\"2858\">b\u00e0n h\u1ecdp v\u0103n ph\u00f2ng LUXH3615<\/strong> kh\u00f4ng ch\u1ec9 l\u00e0 m\u1ed9t m\u00f3n \u0111\u1ed3 n\u1ed9i th\u1ea5t \u0111\u01a1n thu\u1ea7n m\u00e0 c\u00f2n l\u00e0 y\u1ebfu t\u1ed1 g\u00f3p ph\u1ea7n kh\u1eb3ng \u0111\u1ecbnh h\u00ecnh \u1ea3nh chuy\u00ean nghi\u1ec7p c\u1ee7a doanh nghi\u1ec7p. \u0110\u00e2y l\u00e0 l\u1ef1a ch\u1ecdn l\u00fd t\u01b0\u1edfng cho c\u00e1c c\u00f4ng ty, t\u1eadp \u0111o\u00e0n, hay ph\u00f2ng h\u1ecdp gi\u00e1m \u0111\u1ed1c mu\u1ed1n \u0111\u1ea7u t\u01b0 cho kh\u00f4ng gian l\u00e0m vi\u1ec7c hi\u1ec7n \u0111\u1ea1i v\u00e0 sang tr\u1ecdng.<\/p>\n<p data-start=\"3118\" data-end=\"3439\">S\u1ea3n ph\u1ea9m \u0111\u01b0\u1ee3c s\u1ea3n xu\u1ea5t b\u1edfi <strong data-start=\"3145\" data-end=\"3173\">C\u00f4ng ty N\u1ed8I TH\u1ea4T THE ONE<\/strong>, th\u01b0\u01a1ng hi\u1ec7u h\u00e0ng \u0111\u1ea7u trong l\u0129nh v\u1ef1c n\u1ed9i th\u1ea5t v\u0103n ph\u00f2ng t\u1ea1i Vi\u1ec7t Nam, \u0111\u1ea3m b\u1ea3o ch\u1ea5t l\u01b0\u1ee3ng v\u00e0 \u0111\u1ed9 b\u1ec1n v\u01b0\u1ee3t tr\u1ed9i theo ti\u00eau chu\u1ea9n nh\u00e0 m\u00e1y. Khi mua t\u1ea1i <strong data-start=\"3320\" data-end=\"3356\">C\u00d4NG TY TNHH SXTM TTNT H\u1eeeU TH\u1ecaNH<\/strong>, kh\u00e1ch h\u00e0ng s\u1ebd nh\u1eadn \u0111\u01b0\u1ee3c ch\u00ednh s\u00e1ch b\u1ea3o h\u00e0nh 12 th\u00e1ng c\u00f9ng nhi\u1ec1u \u01b0u \u0111\u00e3i h\u1ea5p d\u1eabn.<\/p>\n<p data-start=\"3441\" data-end=\"3573\" data-is-last-node=\"\" data-is-only-node=\"\"><strong data-start=\"3441\" data-end=\"3461\">B\u00e0n h\u1ecdp LUXH3615<\/strong> \u2013 l\u1ef1a ch\u1ecdn ho\u00e0n h\u1ea3o mang \u0111\u1ebfn s\u1ef1 chuy\u00ean nghi\u1ec7p, \u0111\u1eb3ng c\u1ea5p v\u00e0 phong c\u00e1ch cho kh\u00f4ng gian l\u00e0m vi\u1ec7c hi\u1ec7n \u0111\u1ea1i c\u1ee7a b\u1ea1n.<\/p>\n","protected":false},"excerpt":{"rendered":"<p data-start=\"34\" data-end=\"473\">B\u00e0n h\u1ecdp v\u0103n ph\u00f2ng LUXH3615 l\u00e0 m\u1eabu b\u00e0n h\u1ecdp cao c\u1ea5p thu\u1ed9c d\u00f2ng s\u1ea3n ph\u1ea9m LUXURY, \u0111\u01b0\u1ee3c thi\u1ebft k\u1ebf v\u1edbi ki\u1ec3u d\u00e1ng hi\u1ec7n \u0111\u1ea1i, sang tr\u1ecdng. M\u1eb7t b\u00e0n gh\u00e9p gi\u1ea3 d\u00e0y ph\u1ed1i gi\u1eefa t\u00f4ng m\u00e0u \u0111en v\u00e0 v\u00e2n g\u1ed7 t\u1ef1 nhi\u00ean, t\u1ea1o \u0111i\u1ec3m nh\u1ea5n tinh t\u1ebf v\u00e0 n\u1ed5i b\u1eadt cho kh\u00f4ng gian ph\u00f2ng h\u1ecdp. \u1ede gi\u1eefa b\u00e0n \u0111\u01b0\u1ee3c trang b\u1ecb h\u1ed9p \u0111i d\u00e2y b\u1eb1ng nh\u00f4m ti\u1ec7n l\u1ee3i, hai \u0111\u1ea7u ch\u00e2n b\u00e0n g\u1eafn n\u1eb9p nh\u00f4m trang tr\u00ed gi\u00fap t\u1ed5ng th\u1ec3 s\u1ea3n ph\u1ea9m th\u00eam ph\u1ea7n \u0111\u1eb3ng c\u1ea5p v\u00e0 chuy\u00ean nghi\u1ec7p.<\/p>\n<p data-start=\"475\" data-end=\"818\">K\u00edch th\u01b0\u1edbc: W3600 x D1500 x H760 mm<br data-start=\"510\" data-end=\"513\" \/>Xu\u1ea5t x\u1ee9: S\u1ea3n ph\u1ea9m c\u1ee7a <strong data-start=\"535\" data-end=\"563\">C\u00f4ng ty N\u1ed8I TH\u1ea4T THE ONE<\/strong> \u2013 Ph\u00e2n ph\u1ed1i b\u1edfi <strong data-start=\"580\" data-end=\"616\">C\u00d4NG TY TNHH SXTM TTNT H\u1eeeU TH\u1ecaNH<\/strong><br data-start=\"616\" data-end=\"619\" \/>B\u1ea3o h\u00e0nh: 12 th\u00e1ng theo ti\u00eau chu\u1ea9n nh\u00e0 m\u00e1y<br data-start=\"661\" data-end=\"664\" data-is-only-node=\"\" \/><span style=\"color: #ed1c24;\"><em data-start=\"664\" data-end=\"816\">L\u01b0u \u00fd: Gi\u00e1 tr\u00ean ch\u01b0a bao g\u1ed3m VAT v\u00e0 ph\u00ed v\u1eadn chuy\u1ec3n. Gi\u00e1 s\u1ea3n ph\u1ea9m c\u00f3 th\u1ec3 thay \u0111\u1ed5i theo t\u1eebng th\u1eddi \u0111i\u1ec3m, vui l\u00f2ng li\u00ean h\u1ec7 \u0111\u1ec3 nh\u1eadn t\u01b0 v\u1ea5n \u01b0u \u0111\u00e3i t\u1ed1t nh\u1ea5t.<\/em><\/span><\/p>\n","protected":false},"featured_media":4044,"comment_status":"open","ping_status":"closed","template":"","meta":[],"product_brand":[],"product_cat":[17,178],"product_tag":[],"class_list":{"0":"post-4043","1":"product","2":"type-product","3":"status-publish","4":"has-post-thumbnail","6":"product_cat-noi-that-van-phong","7":"product_cat-ban-hop-van-phong","9":"first","10":"instock","11":"taxable","12":"shipping-taxable","13":"purchasable","14":"product-type-simple"},"_links":{"self":[{"href":"https:\/\/noithathuuthinh.vn\/zh-hans\/wp-json\/wp\/v2\/product\/4043","targetHints":{"allow":["GET"]}}],"collection":[{"href":"https:\/\/noithathuuthinh.vn\/zh-hans\/wp-json\/wp\/v2\/product"}],"about":[{"href":"https:\/\/noithathuuthinh.vn\/zh-hans\/wp-json\/wp\/v2\/types\/product"}],"replies":[{"embeddable":true,"href":"https:\/\/noithathuuthinh.vn\/zh-hans\/wp-json\/wp\/v2\/comments?post=4043"}],"wp:featuredmedia":[{"embeddable":true,"href":"https:\/\/noithathuuthinh.vn\/zh-hans\/wp-json\/wp\/v2\/media\/4044"}],"wp:attachment":[{"href":"https:\/\/noithathuuthinh.vn\/zh-hans\/wp-json\/wp\/v2\/media?parent=4043"}],"wp:term":[{"taxonomy":"product_brand","embeddable":true,"href":"https:\/\/noithathuuthinh.vn\/zh-hans\/wp-json\/wp\/v2\/product_brand?post=4043"},{"taxonomy":"product_cat","embeddable":true,"href":"https:\/\/noithathuuthinh.vn\/zh-hans\/wp-json\/wp\/v2\/product_cat?post=4043"},{"taxonomy":"product_tag","embeddable":true,"href":"https:\/\/noithathuuthinh.vn\/zh-hans\/wp-json\/wp\/v2\/product_tag?post=4043"}],"curies":[{"name":"wp","href":"https:\/\/api.w.org\/{rel}","templated":true}]}}