{"id":4047,"date":"2025-10-25T10:41:58","date_gmt":"2025-10-25T03:41:58","guid":{"rendered":"https:\/\/noithathuuthinh.vn\/?post_type=product&#038;p=4047"},"modified":"2025-10-25T14:59:28","modified_gmt":"2025-10-25T07:59:28","slug":"ban-hop-van-phong-luxh2412v4","status":"publish","type":"product","link":"https:\/\/noithathuuthinh.vn\/zh-hans\/san-pham\/ban-hop-van-phong-luxh2412v4\/","title":{"rendered":"B\u00e0n h\u1ecdp v\u0103n ph\u00f2ng LUXH2412V4"},"content":{"rendered":"<p data-start=\"831\" data-end=\"1149\">B\u00e0n h\u1ecdp v\u0103n ph\u00f2ng LUXH2412V4 l\u00e0 l\u1ef1a ch\u1ecdn ho\u00e0n h\u1ea3o cho nh\u1eefng kh\u00f4ng gian l\u00e0m vi\u1ec7c hi\u1ec7n \u0111\u1ea1i, \u0111\u1ec1 cao t\u00ednh chuy\u00ean nghi\u1ec7p v\u00e0 phong c\u00e1ch. S\u1ea3n ph\u1ea9m thu\u1ed9c d\u00f2ng <strong data-start=\"1024\" data-end=\"1034\">LUXURY<\/strong> c\u1ee7a <strong data-start=\"1039\" data-end=\"1059\">N\u1ed9i th\u1ea5t The One<\/strong>, \u0111\u01b0\u1ee3c thi\u1ebft k\u1ebf tinh t\u1ebf nh\u1eb1m mang l\u1ea1i s\u1ef1 ti\u1ec7n nghi, sang tr\u1ecdng v\u00e0 \u0111\u1ed3ng b\u1ed9 cho v\u0103n ph\u00f2ng.<\/p>\n<p data-start=\"1151\" data-end=\"1542\">\u0110i\u1ec3m nh\u1ea5n \u0111\u1ea7u ti\u00ean c\u1ee7a b\u00e0n h\u1ecdp LUXH2412V4 ch\u00ednh l\u00e0 <strong data-start=\"1202\" data-end=\"1235\">ki\u1ec3u d\u00e1ng t\u1ed1i gi\u1ea3n m\u00e0 tinh t\u1ebf<\/strong>, ph\u00f9 h\u1ee3p v\u1edbi xu h\u01b0\u1edbng thi\u1ebft k\u1ebf n\u1ed9i th\u1ea5t hi\u1ec7n \u0111\u1ea1i. M\u1eb7t b\u00e0n h\u00ecnh ch\u1eef nh\u1eadt \u0111\u01b0\u1ee3c l\u00e0m t\u1eeb <strong data-start=\"1320\" data-end=\"1359\">g\u1ed7 c\u00f4ng nghi\u1ec7p cao c\u1ea5p ph\u1ee7 Melamine<\/strong>, c\u00f3 kh\u1ea3 n\u0103ng ch\u1ed1ng tr\u1ea7y x\u01b0\u1edbc, ch\u1ed1ng \u1ea9m m\u1ed1c v\u00e0 d\u1ec5 d\u00e0ng v\u1ec7 sinh. L\u1edbp ph\u1ee7 Melamine kh\u00f4ng ch\u1ec9 gi\u00fap b\u00e0n b\u1ec1n \u0111\u1eb9p theo th\u1eddi gian m\u00e0 c\u00f2n mang \u0111\u1ebfn c\u1ea3m gi\u00e1c m\u1ecbn m\u00e0ng, sang tr\u1ecdng khi s\u1eed d\u1ee5ng.<\/p>\n<p data-start=\"1544\" data-end=\"1852\">Ph\u1ea7n <strong data-start=\"1549\" data-end=\"1592\">ch\u00e2n b\u00e0n v\u00e1t nghi\u00eang k\u1ebft h\u1ee3p \u1ed1p s\u01a1n \u0111en<\/strong> l\u00e0 \u0111i\u1ec3m nh\u1ea5n n\u1ed5i b\u1eadt, t\u1ea1o c\u1ea3m gi\u00e1c v\u1eefng ch\u00e3i m\u00e0 v\u1eabn thanh tho\u00e1t, \u0111\u1ed3ng th\u1eddi mang l\u1ea1i n\u00e9t th\u1ea9m m\u1ef9 \u0111\u1ed9c \u0111\u00e1o cho t\u1ed5ng th\u1ec3 s\u1ea3n ph\u1ea9m. Ki\u1ec3u ch\u00e2n n\u00e0y kh\u00f4ng ch\u1ec9 gi\u00fap ph\u00e2n b\u1ed5 l\u1ef1c \u0111\u1ec1u m\u00e0 c\u00f2n t\u1ea1o ra kho\u1ea3ng tr\u1ed1ng ph\u00eda d\u01b0\u1edbi, gi\u00fap ng\u01b0\u1eddi ng\u1ed3i tho\u1ea3i m\u00e1i v\u00e0 d\u1ec5 d\u00e0ng di chuy\u1ec3n.<\/p>\n<p data-start=\"1854\" data-end=\"2195\">\u0110\u1eb7c bi\u1ec7t, b\u00e0n h\u1ecdp \u0111\u01b0\u1ee3c trang b\u1ecb <strong data-start=\"1886\" data-end=\"1917\">m\u1ed9t n\u1eafp h\u1ed9p \u0111i\u1ec7n th\u00f4ng minh<\/strong> ngay tr\u00ean m\u1eb7t b\u00e0n, h\u1ed7 tr\u1ee3 k\u1ebft n\u1ed1i c\u00e1c thi\u1ebft b\u1ecb \u0111i\u1ec7n t\u1eed nh\u01b0 laptop, m\u00e1y chi\u1ebfu hay micro trong su\u1ed1t qu\u00e1 tr\u00ecnh l\u00e0m vi\u1ec7c v\u00e0 h\u1ecdp h\u00e0nh. Thi\u1ebft k\u1ebf n\u00e0y gi\u00fap <strong data-start=\"2066\" data-end=\"2092\">gi\u1ea5u d\u00e2y \u0111i\u1ec7n g\u1ecdn g\u00e0ng<\/strong>, t\u1ea1o kh\u00f4ng gian b\u00e0n s\u1ea1ch s\u1ebd, chuy\u00ean nghi\u1ec7p \u2013 y\u1ebfu t\u1ed1 r\u1ea5t \u0111\u01b0\u1ee3c ch\u00fa tr\u1ecdng trong c\u00e1c v\u0103n ph\u00f2ng hi\u1ec7n \u0111\u1ea1i.<\/p>\n<p data-start=\"2197\" data-end=\"2533\">V\u1edbi <strong data-start=\"2201\" data-end=\"2239\">k\u00edch th\u01b0\u1edbc W2400 x D1200 x H760 mm<\/strong>, b\u00e0n h\u1ecdp LUXH2412V4 ph\u00f9 h\u1ee3p cho c\u00e1c ph\u00f2ng h\u1ecdp v\u1eeba, \u0111\u00e1p \u1ee9ng t\u1ed1t cho nh\u00f3m t\u1eeb 6\u20138 ng\u01b0\u1eddi. Ki\u1ec3u d\u00e1ng thanh l\u1ecbch c\u00f9ng gam m\u00e0u trung t\u00ednh c\u1ee7a s\u1ea3n ph\u1ea9m gi\u00fap d\u1ec5 d\u00e0ng ph\u1ed1i h\u1ee3p v\u1edbi nhi\u1ec1u phong c\u00e1ch n\u1ed9i th\u1ea5t kh\u00e1c nhau \u2013 t\u1eeb v\u0103n ph\u00f2ng doanh nghi\u1ec7p, c\u00f4ng ty startup, cho \u0111\u1ebfn c\u00e1c ph\u00f2ng h\u1ecdp c\u1ee7a t\u1eadp \u0111o\u00e0n l\u1edbn.<\/p>\n<p data-start=\"2535\" data-end=\"2874\">Ngo\u00e0i y\u1ebfu t\u1ed1 th\u1ea9m m\u1ef9, b\u00e0n h\u1ecdp LUXH2412V4 c\u00f2n ch\u00fa tr\u1ecdng \u0111\u1ebfn <strong data-start=\"2594\" data-end=\"2630\">t\u00ednh c\u00f4ng n\u0103ng v\u00e0 \u0111\u1ed9 b\u1ec1n s\u1eed d\u1ee5ng<\/strong>. K\u1ebft c\u1ea5u b\u00e0n \u0111\u01b0\u1ee3c l\u1eafp gh\u00e9p ch\u1eafc ch\u1eafn, \u0111\u1ea3m b\u1ea3o s\u1ef1 \u1ed5n \u0111\u1ecbnh trong su\u1ed1t qu\u00e1 tr\u00ecnh s\u1eed d\u1ee5ng l\u00e2u d\u00e0i. C\u00e1c \u0111\u01b0\u1eddng vi\u1ec1n c\u1ea1nh b\u00e0n \u0111\u01b0\u1ee3c x\u1eed l\u00fd k\u1ef9 l\u01b0\u1ee1ng, bo tr\u00f2n tinh t\u1ebf \u0111\u1ec3 \u0111\u1ea3m b\u1ea3o an to\u00e0n cho ng\u01b0\u1eddi d\u00f9ng v\u00e0 t\u1ea1o c\u1ea3m gi\u00e1c m\u1ec1m m\u1ea1i, th\u00e2n thi\u1ec7n trong thi\u1ebft k\u1ebf.<\/p>\n<p data-start=\"2876\" data-end=\"3195\">B\u00e0n h\u1ecdp v\u0103n ph\u00f2ng LUXH2412V4 kh\u00f4ng ch\u1ec9 l\u00e0 n\u01a1i di\u1ec5n ra nh\u1eefng cu\u1ed9c h\u1ecdp quan tr\u1ecdng m\u00e0 c\u00f2n th\u1ec3 hi\u1ec7n <strong data-start=\"2972\" data-end=\"3011\">b\u1ed9 m\u1eb7t v\u00e0 \u0111\u1eb3ng c\u1ea5p c\u1ee7a doanh nghi\u1ec7p<\/strong>. V\u1edbi thi\u1ebft k\u1ebf hi\u1ec7n \u0111\u1ea1i, v\u1eadt li\u1ec7u ch\u1ea5t l\u01b0\u1ee3ng cao c\u00f9ng chi ti\u1ebft ho\u00e0n thi\u1ec7n t\u1ec9 m\u1ec9, s\u1ea3n ph\u1ea9m n\u00e0y gi\u00fap n\u00e2ng t\u1ea7m kh\u00f4ng gian l\u00e0m vi\u1ec7c, t\u1ea1o \u1ea5n t\u01b0\u1ee3ng chuy\u00ean nghi\u1ec7p v\u1edbi \u0111\u1ed1i t\u00e1c v\u00e0 kh\u00e1ch h\u00e0ng.<\/p>\n<p data-start=\"3197\" data-end=\"3526\">\u0110\u01b0\u1ee3c s\u1ea3n xu\u1ea5t b\u1edfi <strong data-start=\"3215\" data-end=\"3243\">C\u00f4ng ty N\u1ed8I TH\u1ea4T THE ONE<\/strong> \u2013 th\u01b0\u01a1ng hi\u1ec7u n\u1ed9i th\u1ea5t h\u00e0ng \u0111\u1ea7u Vi\u1ec7t Nam, b\u00e0n h\u1ecdp LUXH2412V4 \u0111\u00e1p \u1ee9ng ti\u00eau chu\u1ea9n v\u1ec1 \u0111\u1ed9 b\u1ec1n, ch\u1ea5t l\u01b0\u1ee3ng v\u00e0 th\u1ea9m m\u1ef9. Khi \u0111\u1eb7t h\u00e0ng qua <strong data-start=\"3375\" data-end=\"3411\">C\u00d4NG TY TNHH SXTM TTNT H\u1eeeU TH\u1ecaNH<\/strong>, kh\u00e1ch h\u00e0ng s\u1ebd nh\u1eadn \u0111\u01b0\u1ee3c ch\u1ebf \u0111\u1ed9 b\u1ea3o h\u00e0nh ch\u00ednh h\u00e3ng 12 th\u00e1ng c\u00f9ng ch\u00ednh s\u00e1ch h\u1ed7 tr\u1ee3 t\u01b0 v\u1ea5n \u2013 v\u1eadn chuy\u1ec3n t\u1eadn n\u01a1i.<\/p>\n<p data-start=\"3528\" data-end=\"3660\" data-is-last-node=\"\" data-is-only-node=\"\"><strong data-start=\"3528\" data-end=\"3550\">B\u00e0n h\u1ecdp LUXH2412V4<\/strong> \u2013 l\u1ef1a ch\u1ecdn ho\u00e0n h\u1ea3o cho doanh nghi\u1ec7p hi\u1ec7n \u0111\u1ea1i, n\u01a1i h\u1ed9i t\u1ee5 gi\u1eefa phong c\u00e1ch, c\u00f4ng n\u0103ng v\u00e0 ch\u1ea5t l\u01b0\u1ee3ng v\u01b0\u1ee3t tr\u1ed9i.<\/p>\n","protected":false},"excerpt":{"rendered":"<p data-start=\"36\" data-end=\"479\">B\u00e0n h\u1ecdp v\u0103n ph\u00f2ng LUXH2412V4 l\u00e0 m\u1eabu b\u00e0n h\u1ecdp hi\u1ec7n \u0111\u1ea1i thu\u1ed9c d\u00f2ng LUXURY cao c\u1ea5p, \u0111\u01b0\u1ee3c s\u1ea3n xu\u1ea5t t\u1eeb g\u1ed7 c\u00f4ng nghi\u1ec7p ph\u1ee7 Melamine b\u1ec1n m\u00e0u v\u00e0 ch\u1ed1ng tr\u1ea7y x\u01b0\u1edbc. Thi\u1ebft k\u1ebf n\u1ed5i b\u1eadt v\u1edbi ch\u00e2n b\u00e0n v\u00e1t nghi\u00eang k\u1ebft h\u1ee3p \u1ed1p s\u01a1n \u0111en t\u1ea1o \u0111i\u1ec3m nh\u1ea5n tinh t\u1ebf, mang l\u1ea1i v\u1ebb sang tr\u1ecdng v\u00e0 chuy\u00ean nghi\u1ec7p cho kh\u00f4ng gian ph\u00f2ng h\u1ecdp. M\u1eb7t b\u00e0n \u0111\u01b0\u1ee3c trang b\u1ecb 1 n\u1eafp h\u1ed9p \u0111i\u1ec7n ti\u1ec7n l\u1ee3i, gi\u00fap ng\u01b0\u1eddi d\u00f9ng d\u1ec5 d\u00e0ng k\u1ebft n\u1ed1i thi\u1ebft b\u1ecb trong c\u00e1c cu\u1ed9c h\u1ecdp.<\/p>\n<p data-start=\"481\" data-end=\"824\">K\u00edch th\u01b0\u1edbc: W2400 x D1200 x H760 mm<br data-start=\"516\" data-end=\"519\" \/>Xu\u1ea5t x\u1ee9: S\u1ea3n ph\u1ea9m c\u1ee7a <strong data-start=\"541\" data-end=\"569\">C\u00f4ng ty N\u1ed8I TH\u1ea4T THE ONE<\/strong> \u2013 Ph\u00e2n ph\u1ed1i b\u1edfi <strong data-start=\"586\" data-end=\"622\">C\u00d4NG TY TNHH SXTM TTNT H\u1eeeU TH\u1ecaNH<\/strong><br data-start=\"622\" data-end=\"625\" \/>B\u1ea3o h\u00e0nh: 12 th\u00e1ng theo ti\u00eau chu\u1ea9n nh\u00e0 m\u00e1y<br data-start=\"667\" data-end=\"670\" \/><span style=\"color: #ed1c24;\"><em data-start=\"670\" data-end=\"822\">L\u01b0u \u00fd: Gi\u00e1 tr\u00ean ch\u01b0a bao g\u1ed3m VAT v\u00e0 ph\u00ed v\u1eadn chuy\u1ec3n. Gi\u00e1 s\u1ea3n ph\u1ea9m c\u00f3 th\u1ec3 thay \u0111\u1ed5i theo t\u1eebng th\u1eddi \u0111i\u1ec3m, vui l\u00f2ng li\u00ean h\u1ec7 \u0111\u1ec3 nh\u1eadn t\u01b0 v\u1ea5n \u01b0u \u0111\u00e3i t\u1ed1t nh\u1ea5t.<\/em><\/span><\/p>\n","protected":false},"featured_media":4048,"comment_status":"open","ping_status":"closed","template":"","meta":[],"product_brand":[],"product_cat":[17,178],"product_tag":[],"class_list":{"0":"post-4047","1":"product","2":"type-product","3":"status-publish","4":"has-post-thumbnail","6":"product_cat-noi-that-van-phong","7":"product_cat-ban-hop-van-phong","9":"first","10":"instock","11":"taxable","12":"shipping-taxable","13":"purchasable","14":"product-type-simple"},"_links":{"self":[{"href":"https:\/\/noithathuuthinh.vn\/zh-hans\/wp-json\/wp\/v2\/product\/4047","targetHints":{"allow":["GET"]}}],"collection":[{"href":"https:\/\/noithathuuthinh.vn\/zh-hans\/wp-json\/wp\/v2\/product"}],"about":[{"href":"https:\/\/noithathuuthinh.vn\/zh-hans\/wp-json\/wp\/v2\/types\/product"}],"replies":[{"embeddable":true,"href":"https:\/\/noithathuuthinh.vn\/zh-hans\/wp-json\/wp\/v2\/comments?post=4047"}],"wp:featuredmedia":[{"embeddable":true,"href":"https:\/\/noithathuuthinh.vn\/zh-hans\/wp-json\/wp\/v2\/media\/4048"}],"wp:attachment":[{"href":"https:\/\/noithathuuthinh.vn\/zh-hans\/wp-json\/wp\/v2\/media?parent=4047"}],"wp:term":[{"taxonomy":"product_brand","embeddable":true,"href":"https:\/\/noithathuuthinh.vn\/zh-hans\/wp-json\/wp\/v2\/product_brand?post=4047"},{"taxonomy":"product_cat","embeddable":true,"href":"https:\/\/noithathuuthinh.vn\/zh-hans\/wp-json\/wp\/v2\/product_cat?post=4047"},{"taxonomy":"product_tag","embeddable":true,"href":"https:\/\/noithathuuthinh.vn\/zh-hans\/wp-json\/wp\/v2\/product_tag?post=4047"}],"curies":[{"name":"wp","href":"https:\/\/api.w.org\/{rel}","templated":true}]}}