{"id":4068,"date":"2025-10-25T11:49:27","date_gmt":"2025-10-25T04:49:27","guid":{"rendered":"https:\/\/noithathuuthinh.vn\/?post_type=product&#038;p=4068"},"modified":"2025-10-25T11:49:27","modified_gmt":"2025-10-25T04:49:27","slug":"ban-hop-van-phong-hrh2412c7","status":"publish","type":"product","link":"https:\/\/noithathuuthinh.vn\/zh-hans\/san-pham\/ban-hop-van-phong-hrh2412c7\/","title":{"rendered":"B\u00e0n h\u1ecdp v\u0103n ph\u00f2ng HRH2412C7"},"content":{"rendered":"<p data-start=\"726\" data-end=\"1086\">B\u00e0n h\u1ecdp v\u0103n ph\u00f2ng HRH2412C7 l\u00e0 l\u1ef1a ch\u1ecdn l\u00fd t\u01b0\u1edfng cho c\u00e1c doanh nghi\u1ec7p h\u01b0\u1edbng \u0111\u1ebfn phong c\u00e1ch n\u1ed9i th\u1ea5t hi\u1ec7n \u0111\u1ea1i, g\u1ecdn g\u00e0ng v\u00e0 ti\u1ec7n d\u1ee5ng. S\u1ea3n ph\u1ea9m l\u00e0 s\u1ef1 k\u1ebft h\u1ee3p ho\u00e0n h\u1ea3o gi\u1eefa <strong data-start=\"938\" data-end=\"971\">ch\u1ea5t li\u1ec7u g\u1ed7 Melamine cao c\u1ea5p<\/strong> v\u00e0 <strong data-start=\"975\" data-end=\"1013\">khung ch\u00e2n th\u00e9p oval s\u01a1n t\u0129nh \u0111i\u1ec7n<\/strong>, t\u1ea1o n\u00ean v\u1ebb \u0111\u1eb9p tinh t\u1ebf c\u00f9ng \u0111\u1ed9 b\u1ec1n v\u01b0\u1ee3t tr\u1ed9i trong qu\u00e1 tr\u00ecnh s\u1eed d\u1ee5ng.<\/p>\n<p data-start=\"1088\" data-end=\"1433\">M\u1eb7t b\u00e0n HRH2412C7 \u0111\u01b0\u1ee3c l\u00e0m t\u1eeb <strong data-start=\"1118\" data-end=\"1149\">g\u1ed7 c\u00f4ng nghi\u1ec7p ph\u1ee7 Melamine<\/strong> \u2013 lo\u1ea1i v\u1eadt li\u1ec7u n\u1ed5i b\u1eadt v\u1edbi kh\u1ea3 n\u0103ng ch\u1ed1ng tr\u1ea7y x\u01b0\u1edbc, ch\u1ed1ng th\u1ea5m n\u01b0\u1edbc v\u00e0 ch\u1ed1ng \u1ea9m t\u1ed1t. Nh\u1edd \u0111\u00f3, b\u00e0n lu\u00f4n gi\u1eef \u0111\u01b0\u1ee3c v\u1ebb s\u00e1ng b\u00f3ng, b\u1ec1n m\u00e0u theo th\u1eddi gian. C\u00e1c \u0111\u01b0\u1eddng v\u00e2n g\u1ed7 t\u1ef1 nhi\u00ean, s\u1eafc n\u00e9t mang l\u1ea1i c\u1ea3m gi\u00e1c g\u1ea7n g\u0169i v\u00e0 \u1ea5m c\u00fang, g\u00f3p ph\u1ea7n t\u1ea1o n\u00ean kh\u00f4ng gian h\u1ecdp trang nh\u00e3, chuy\u00ean nghi\u1ec7p.<\/p>\n<p data-start=\"1435\" data-end=\"1779\">\u0110i\u1ec3m nh\u1ea5n c\u1ee7a b\u00e0n HRH2412C7 n\u1eb1m \u1edf <strong data-start=\"1469\" data-end=\"1492\">khung ch\u00e2n s\u1eaft oval<\/strong> \u0111\u01b0\u1ee3c s\u01a1n t\u0129nh \u0111i\u1ec7n c\u00f4ng ngh\u1ec7 cao. Thi\u1ebft k\u1ebf ch\u00e2n oval kh\u00f4ng ch\u1ec9 t\u1ea1o s\u1ef1 thanh tho\u00e1t, nh\u1eb9 nh\u00e0ng m\u00e0 c\u00f2n \u0111\u1ea3m b\u1ea3o t\u00ednh v\u1eefng ch\u1eafc v\u00e0 \u1ed5n \u0111\u1ecbnh cho to\u00e0n b\u1ed9 k\u1ebft c\u1ea5u b\u00e0n. L\u1edbp s\u01a1n t\u0129nh \u0111i\u1ec7n gi\u00fap khung ch\u00e2n ch\u1ed1ng bong tr\u00f3c, han g\u1ec9 v\u00e0 ch\u1ecbu \u0111\u01b0\u1ee3c va \u0111\u1eadp nh\u1eb9, gi\u00fap s\u1ea3n ph\u1ea9m gi\u1eef \u0111\u01b0\u1ee3c v\u1ebb \u0111\u1eb9p m\u1edbi l\u00e2u d\u00e0i.<\/p>\n<p data-start=\"1781\" data-end=\"2089\">M\u1ed9t chi ti\u1ebft n\u1ed5i b\u1eadt kh\u00e1c c\u1ee7a <strong data-start=\"1811\" data-end=\"1824\">HRH2412C7<\/strong> l\u00e0 <strong data-start=\"1828\" data-end=\"1853\">hai n\u1eafp \u0111i d\u00e2y \u00e2m b\u00e0n<\/strong> \u0111\u01b0\u1ee3c b\u1ed1 tr\u00ed khoa h\u1ecdc, gi\u00fap ng\u01b0\u1eddi d\u00f9ng d\u1ec5 d\u00e0ng k\u1ebft n\u1ed1i thi\u1ebft b\u1ecb \u0111i\u1ec7n t\u1eed nh\u01b0 laptop, m\u00e1y chi\u1ebfu, micro ho\u1eb7c \u0111i\u1ec7n tho\u1ea1i trong c\u00e1c bu\u1ed5i h\u1ecdp. Nh\u1edd \u0111\u00f3, b\u00e0n lu\u00f4n gi\u1eef \u0111\u01b0\u1ee3c s\u1ef1 g\u1ecdn g\u00e0ng, chuy\u00ean nghi\u1ec7p, \u0111\u00e1p \u1ee9ng y\u00eau c\u1ea7u c\u1ee7a c\u00e1c v\u0103n ph\u00f2ng hi\u1ec7n \u0111\u1ea1i.<\/p>\n<p data-start=\"2091\" data-end=\"2383\">V\u1edbi k\u00edch th\u01b0\u1edbc <strong data-start=\"2106\" data-end=\"2133\">W2400 x D1200 x H750 mm<\/strong>, b\u00e0n HRH2412C7 ph\u00f9 h\u1ee3p cho t\u1eeb 8\u201310 ng\u01b0\u1eddi ng\u1ed3i, l\u00fd t\u01b0\u1edfng cho c\u00e1c cu\u1ed9c h\u1ecdp nh\u00f3m, h\u1ed9i ngh\u1ecb ho\u1eb7c trao \u0111\u1ed5i c\u00f4ng vi\u1ec7c n\u1ed9i b\u1ed9. Thi\u1ebft k\u1ebf m\u1eb7t b\u00e0n r\u1ed9ng r\u00e3i gi\u00fap vi\u1ec7c s\u1eafp x\u1ebfp t\u00e0i li\u1ec7u, thi\u1ebft b\u1ecb d\u1ec5 d\u00e0ng h\u01a1n, \u0111\u1ed3ng th\u1eddi t\u1ea1o c\u1ea3m gi\u00e1c tho\u1ea3i m\u00e1i cho ng\u01b0\u1eddi s\u1eed d\u1ee5ng.<\/p>\n<p data-start=\"2385\" data-end=\"2725\">Kh\u00f4ng ch\u1ec9 mang l\u1ea1i gi\u00e1 tr\u1ecb v\u1ec1 c\u00f4ng n\u0103ng, b\u00e0n h\u1ecdp HRH2412C7 c\u00f2n th\u1ec3 hi\u1ec7n s\u1ef1 chuy\u00ean nghi\u1ec7p v\u00e0 phong c\u00e1ch hi\u1ec7n \u0111\u1ea1i trong thi\u1ebft k\u1ebf. D\u00e1ng b\u00e0n ch\u1eef nh\u1eadt bo g\u00f3c m\u1ec1m m\u1ea1i, k\u1ebft h\u1ee3p c\u00f9ng gam m\u00e0u g\u1ed7 trang nh\u00e3 gi\u00fap s\u1ea3n ph\u1ea9m d\u1ec5 d\u00e0ng ph\u1ed1i h\u1ee3p v\u1edbi c\u00e1c m\u1eabu <strong data-start=\"2624\" data-end=\"2674\">gh\u1ebf h\u1ecdp ch\u00e2n qu\u1ef3, gh\u1ebf xoay ho\u1eb7c gh\u1ebf da cao c\u1ea5p<\/strong>, t\u1ea1o n\u00ean kh\u00f4ng gian l\u00e0m vi\u1ec7c \u0111\u1ed3ng b\u1ed9 v\u00e0 tinh t\u1ebf.<\/p>\n<p data-start=\"2727\" data-end=\"2985\">B\u00e0n h\u1ecdp HRH2412C7 c\u00f2n \u0111\u01b0\u1ee3c \u01b0a chu\u1ed9ng b\u1edfi <strong data-start=\"2768\" data-end=\"2812\">kh\u1ea3 n\u0103ng l\u1eafp \u0111\u1eb7t linh ho\u1ea1t v\u00e0 \u0111\u1ed9 b\u1ec1n cao<\/strong>, \u0111\u00e1p \u1ee9ng t\u1ed1t nhu c\u1ea7u s\u1eed d\u1ee5ng l\u00e2u d\u00e0i c\u1ee7a c\u00e1c doanh nghi\u1ec7p. C\u1ea5u tr\u00fac khung kim lo\u1ea1i ch\u1eafc ch\u1eafn gi\u00fap b\u00e0n ch\u1ecbu t\u1ea3i t\u1ed1t m\u00e0 v\u1eabn \u0111\u1ea3m b\u1ea3o t\u00ednh th\u1ea9m m\u1ef9 v\u00e0 \u0111\u1ed9 c\u00e2n b\u1eb1ng khi s\u1eed d\u1ee5ng.<\/p>\n<p data-start=\"2987\" data-end=\"3317\" data-is-last-node=\"\" data-is-only-node=\"\">V\u1edbi thi\u1ebft k\u1ebf t\u1ed1i gi\u1ea3n, tinh t\u1ebf v\u00e0 c\u00f4ng n\u0103ng v\u01b0\u1ee3t tr\u1ed9i, <strong data-start=\"3042\" data-end=\"3073\">b\u00e0n h\u1ecdp v\u0103n ph\u00f2ng HRH2412C7<\/strong> kh\u00f4ng ch\u1ec9 l\u00e0 m\u1ed9t s\u1ea3n ph\u1ea9m n\u1ed9i th\u1ea5t ph\u1ee5c v\u1ee5 c\u00f4ng vi\u1ec7c, m\u00e0 c\u00f2n l\u00e0 \u0111i\u1ec3m nh\u1ea5n g\u00f3p ph\u1ea7n n\u00e2ng t\u1ea7m kh\u00f4ng gian ph\u00f2ng h\u1ecdp. \u0110\u00e2y l\u00e0 l\u1ef1a ch\u1ecdn ho\u00e0n h\u1ea3o cho c\u00e1c v\u0103n ph\u00f2ng hi\u1ec7n \u0111\u1ea1i, th\u1ec3 hi\u1ec7n phong c\u00e1ch chuy\u00ean nghi\u1ec7p, s\u00e1ng t\u1ea1o v\u00e0 hi\u1ec7u qu\u1ea3 trong t\u1eebng chi ti\u1ebft.<\/p>\n","protected":false},"excerpt":{"rendered":"<p data-start=\"35\" data-end=\"372\">B\u00e0n h\u1ecdp v\u0103n ph\u00f2ng HRH2412C7 l\u00e0 m\u1eabu b\u00e0n h\u1ecdp ch\u00e2n s\u1eaft oval hi\u1ec7n \u0111\u1ea1i, \u0111\u01b0\u1ee3c thi\u1ebft k\u1ebf v\u1edbi m\u1eb7t b\u00e0n g\u1ed7 Melamine b\u1ec1n \u0111\u1eb9p, mang l\u1ea1i kh\u00f4ng gian l\u00e0m vi\u1ec7c sang tr\u1ecdng v\u00e0 chuy\u00ean nghi\u1ec7p. B\u00e0n \u0111\u01b0\u1ee3c trang b\u1ecb <strong data-start=\"256\" data-end=\"274\">hai n\u1eafp \u0111i d\u00e2y<\/strong> ti\u1ec7n l\u1ee3i, gi\u00fap s\u1eafp x\u1ebfp d\u00e2y \u0111i\u1ec7n g\u1ecdn g\u00e0ng, ph\u00f9 h\u1ee3p v\u1edbi c\u00e1c cu\u1ed9c h\u1ecdp c\u00f3 s\u1eed d\u1ee5ng thi\u1ebft b\u1ecb \u0111i\u1ec7n t\u1eed.<\/p>\n<p data-start=\"374\" data-end=\"411\">K\u00edch th\u01b0\u1edbc: W2400 x D1200 x H750 mm<\/p>\n<p data-start=\"413\" data-end=\"563\">Xu\u1ea5t x\u1ee9: S\u1ea3n ph\u1ea9m c\u1ee7a <strong data-start=\"435\" data-end=\"463\">C\u00f4ng ty N\u1ed8I TH\u1ea4T THE ONE<\/strong> \u2013 Ph\u00e2n ph\u1ed1i b\u1edfi <strong data-start=\"480\" data-end=\"516\">C\u00d4NG TY TNHH SXTM TTNT H\u1eeeU TH\u1ecaNH<\/strong><br data-start=\"516\" data-end=\"519\" \/>B\u1ea3o h\u00e0nh: 12 th\u00e1ng theo ti\u00eau chu\u1ea9n nh\u00e0 m\u00e1y<\/p>\n<p data-start=\"565\" data-end=\"719\"><span style=\"color: #d83131;\"><em data-start=\"565\" data-end=\"717\">L\u01b0u \u00fd: Gi\u00e1 tr\u00ean ch\u01b0a bao g\u1ed3m VAT v\u00e0 ph\u00ed v\u1eadn chuy\u1ec3n. Gi\u00e1 s\u1ea3n ph\u1ea9m c\u00f3 th\u1ec3 thay \u0111\u1ed5i theo t\u1eebng th\u1eddi \u0111i\u1ec3m, vui l\u00f2ng li\u00ean h\u1ec7 \u0111\u1ec3 nh\u1eadn t\u01b0 v\u1ea5n \u01b0u \u0111\u00e3i t\u1ed1t nh\u1ea5t.<\/em><\/span><\/p>\n","protected":false},"featured_media":4069,"comment_status":"open","ping_status":"closed","template":"","meta":[],"product_brand":[],"product_cat":[17,178],"product_tag":[],"class_list":{"0":"post-4068","1":"product","2":"type-product","3":"status-publish","4":"has-post-thumbnail","6":"product_cat-noi-that-van-phong","7":"product_cat-ban-hop-van-phong","9":"first","10":"instock","11":"taxable","12":"shipping-taxable","13":"purchasable","14":"product-type-simple"},"_links":{"self":[{"href":"https:\/\/noithathuuthinh.vn\/zh-hans\/wp-json\/wp\/v2\/product\/4068","targetHints":{"allow":["GET"]}}],"collection":[{"href":"https:\/\/noithathuuthinh.vn\/zh-hans\/wp-json\/wp\/v2\/product"}],"about":[{"href":"https:\/\/noithathuuthinh.vn\/zh-hans\/wp-json\/wp\/v2\/types\/product"}],"replies":[{"embeddable":true,"href":"https:\/\/noithathuuthinh.vn\/zh-hans\/wp-json\/wp\/v2\/comments?post=4068"}],"wp:featuredmedia":[{"embeddable":true,"href":"https:\/\/noithathuuthinh.vn\/zh-hans\/wp-json\/wp\/v2\/media\/4069"}],"wp:attachment":[{"href":"https:\/\/noithathuuthinh.vn\/zh-hans\/wp-json\/wp\/v2\/media?parent=4068"}],"wp:term":[{"taxonomy":"product_brand","embeddable":true,"href":"https:\/\/noithathuuthinh.vn\/zh-hans\/wp-json\/wp\/v2\/product_brand?post=4068"},{"taxonomy":"product_cat","embeddable":true,"href":"https:\/\/noithathuuthinh.vn\/zh-hans\/wp-json\/wp\/v2\/product_cat?post=4068"},{"taxonomy":"product_tag","embeddable":true,"href":"https:\/\/noithathuuthinh.vn\/zh-hans\/wp-json\/wp\/v2\/product_tag?post=4068"}],"curies":[{"name":"wp","href":"https:\/\/api.w.org\/{rel}","templated":true}]}}