{"id":4070,"date":"2025-10-25T11:54:16","date_gmt":"2025-10-25T04:54:16","guid":{"rendered":"https:\/\/noithathuuthinh.vn\/?post_type=product&#038;p=4070"},"modified":"2025-10-25T11:54:16","modified_gmt":"2025-10-25T04:54:16","slug":"ban-hop-van-phong-hrh1810c8","status":"publish","type":"product","link":"https:\/\/noithathuuthinh.vn\/zh-hans\/san-pham\/ban-hop-van-phong-hrh1810c8\/","title":{"rendered":"B\u00e0n h\u1ecdp v\u0103n ph\u00f2ng HRH1810C8"},"content":{"rendered":"<p data-start=\"823\" data-end=\"1199\">B\u00e0n h\u1ecdp v\u0103n ph\u00f2ng HRH1810C8 l\u00e0 l\u1ef1a ch\u1ecdn ho\u00e0n h\u1ea3o cho c\u00e1c doanh nghi\u1ec7p y\u00eau th\u00edch phong c\u00e1ch thi\u1ebft k\u1ebf hi\u1ec7n \u0111\u1ea1i, tinh g\u1ecdn nh\u01b0ng v\u1eabn \u0111\u1ea3m b\u1ea3o t\u00ednh chuy\u00ean nghi\u1ec7p v\u00e0 \u0111\u1ed9 b\u1ec1n cao. S\u1ea3n ph\u1ea9m \u0111\u01b0\u1ee3c s\u1ea3n xu\u1ea5t v\u1edbi c\u00f4ng ngh\u1ec7 ti\u00ean ti\u1ebfn c\u1ee7a <strong data-start=\"1087\" data-end=\"1107\">N\u1ed9i th\u1ea5t The One<\/strong>, mang l\u1ea1i ch\u1ea5t l\u01b0\u1ee3ng v\u01b0\u1ee3t tr\u1ed9i c\u00f9ng ki\u1ec3u d\u00e1ng tinh t\u1ebf, gi\u00fap n\u00e2ng t\u1ea7m kh\u00f4ng gian l\u00e0m vi\u1ec7c.<\/p>\n<p data-start=\"1201\" data-end=\"1641\">\u0110i\u1ec3m nh\u1ea5n n\u1ed5i b\u1eadt c\u1ee7a b\u00e0n HRH1810C8 n\u1eb1m \u1edf <strong data-start=\"1243\" data-end=\"1276\">thi\u1ebft k\u1ebf ch\u00e2n \u1ed1ng t\u00f3p \u0111\u1ed9c \u0111\u00e1o<\/strong>. C\u1ea5u tr\u00fac n\u00e0y gi\u00fap b\u00e0n v\u1eeba ch\u1eafc ch\u1eafn v\u1eeba mang v\u1ebb \u0111\u1eb9p thanh tho\u00e1t, hi\u1ec7n \u0111\u1ea1i h\u01a1n so v\u1edbi c\u00e1c m\u1eabu ch\u00e2n vu\u00f4ng ho\u1eb7c tr\u00f2n truy\u1ec1n th\u1ed1ng. Ch\u00e2n b\u00e0n \u0111\u01b0\u1ee3c l\u00e0m t\u1eeb th\u00e9p s\u01a1n t\u0129nh \u0111i\u1ec7n, cho b\u1ec1 m\u1eb7t nh\u1eb5n m\u1ecbn, \u0111\u1ec1u m\u00e0u, c\u00f3 kh\u1ea3 n\u0103ng ch\u1ed1ng tr\u1ea7y v\u00e0 ch\u1ed1ng han g\u1ec9 hi\u1ec7u qu\u1ea3. Ch\u00ednh nh\u1edd chi ti\u1ebft n\u00e0y, HRH1810C8 kh\u00f4ng ch\u1ec9 \u0111\u00e1p \u1ee9ng y\u00eau c\u1ea7u v\u1ec1 \u0111\u1ed9 b\u1ec1n m\u00e0 c\u00f2n t\u1ea1o \u1ea5n t\u01b0\u1ee3ng m\u1ea1nh m\u1ebd v\u1ec1 m\u1eb7t th\u1ea9m m\u1ef9.<\/p>\n<p data-start=\"1643\" data-end=\"1996\">M\u1eb7t b\u00e0n \u0111\u01b0\u1ee3c ch\u1ebf t\u00e1c t\u1eeb <strong data-start=\"1667\" data-end=\"1706\">g\u1ed7 c\u00f4ng nghi\u1ec7p ph\u1ee7 Melamine cao c\u1ea5p<\/strong>, c\u00f3 kh\u1ea3 n\u0103ng ch\u1ed1ng tr\u1ea7y x\u01b0\u1edbc, ch\u1ed1ng th\u1ea5m n\u01b0\u1edbc v\u00e0 ch\u1ecbu nhi\u1ec7t t\u1ed1t. B\u1ec1 m\u1eb7t b\u00e0n ph\u1eb3ng m\u1ecbn, d\u1ec5 v\u1ec7 sinh, gi\u00fap duy tr\u00ec v\u1ebb s\u00e1ng m\u1edbi l\u00e2u d\u00e0i trong qu\u00e1 tr\u00ecnh s\u1eed d\u1ee5ng. C\u00e1c \u0111\u01b0\u1eddng v\u00e2n g\u1ed7 t\u1ef1 nhi\u00ean \u0111\u01b0\u1ee3c x\u1eed l\u00fd tinh t\u1ebf, g\u00f3p ph\u1ea7n mang \u0111\u1ebfn c\u1ea3m gi\u00e1c g\u1ea7n g\u0169i, sang tr\u1ecdng v\u00e0 hi\u1ec7n \u0111\u1ea1i cho kh\u00f4ng gian ph\u00f2ng h\u1ecdp.<\/p>\n<p data-start=\"1998\" data-end=\"2342\">V\u1edbi <strong data-start=\"2002\" data-end=\"2037\">ki\u1ec3u d\u00e1ng ch\u1eef nh\u1eadt truy\u1ec1n th\u1ed1ng<\/strong> c\u00f9ng thi\u1ebft k\u1ebf t\u1ed1i gi\u1ea3n, b\u00e0n HRH1810C8 d\u1ec5 d\u00e0ng k\u1ebft h\u1ee3p v\u1edbi nhi\u1ec1u lo\u1ea1i gh\u1ebf kh\u00e1c nhau nh\u01b0 <strong data-start=\"2125\" data-end=\"2180\">gh\u1ebf h\u1ecdp ch\u00e2n qu\u1ef3, gh\u1ebf xoay l\u01b0\u1edbi ho\u1eb7c gh\u1ebf da cao c\u1ea5p<\/strong>, gi\u00fap t\u1ea1o n\u00ean m\u1ed9t t\u1ed5ng th\u1ec3 h\u00e0i h\u00f2a, \u0111\u1ed3ng b\u1ed9 v\u00e0 chuy\u00ean nghi\u1ec7p. C\u00e1c g\u00f3c b\u00e0n \u0111\u01b0\u1ee3c bo nh\u1eb9, gi\u00fap an to\u00e0n cho ng\u01b0\u1eddi s\u1eed d\u1ee5ng \u0111\u1ed3ng th\u1eddi t\u0103ng t\u00ednh th\u1ea9m m\u1ef9 cho s\u1ea3n ph\u1ea9m.<\/p>\n<p data-start=\"2344\" data-end=\"2624\">K\u00edch th\u01b0\u1edbc ti\u00eau chu\u1ea9n c\u1ee7a b\u00e0n HRH1810C8 ph\u00f9 h\u1ee3p cho t\u1eeb 6\u20138 ng\u01b0\u1eddi ng\u1ed3i, \u0111\u00e1p \u1ee9ng t\u1ed1t nhu c\u1ea7u h\u1ecdp nh\u00f3m, h\u1ed9i ngh\u1ecb ho\u1eb7c trao \u0111\u1ed5i c\u00f4ng vi\u1ec7c th\u01b0\u1eddng xuy\u00ean. Ngo\u00e0i ra, ng\u01b0\u1eddi d\u00f9ng c\u00f3 th\u1ec3 l\u1ef1a ch\u1ecdn phi\u00ean b\u1ea3n <strong data-start=\"2539\" data-end=\"2552\">HRH2010C8<\/strong> v\u1edbi chi\u1ec1u d\u00e0i l\u1edbn h\u01a1n, th\u00edch h\u1ee3p cho c\u00e1c ph\u00f2ng h\u1ecdp c\u00f3 di\u1ec7n t\u00edch r\u1ed9ng.<\/p>\n<p data-start=\"2626\" data-end=\"2990\">Kh\u00f4ng ch\u1ec9 d\u1eebng l\u1ea1i \u1edf ki\u1ec3u d\u00e1ng hi\u1ec7n \u0111\u1ea1i, b\u00e0n h\u1ecdp HRH1810C8 c\u00f2n ghi \u0111i\u1ec3m nh\u1edd <strong data-start=\"2702\" data-end=\"2743\">k\u1ebft c\u1ea5u ch\u1eafc ch\u1eafn v\u00e0 \u0111\u1ed9 b\u1ec1n v\u01b0\u1ee3t tr\u1ed9i<\/strong>. Ph\u1ea7n khung s\u1eaft \u0111\u01b0\u1ee3c thi\u1ebft k\u1ebf li\u00ean k\u1ebft ch\u1eb7t ch\u1ebd v\u1edbi m\u1eb7t b\u00e0n, \u0111\u1ea3m b\u1ea3o s\u1ef1 \u1ed5n \u0111\u1ecbnh khi s\u1eed d\u1ee5ng v\u00e0 h\u1ea1n ch\u1ebf rung l\u1eafc. \u0110\u00e2y l\u00e0 y\u1ebfu t\u1ed1 quan tr\u1ecdng gi\u00fap s\u1ea3n ph\u1ea9m duy tr\u00ec tu\u1ed5i th\u1ecd l\u00e2u d\u00e0i, \u0111\u1eb7c bi\u1ec7t ph\u00f9 h\u1ee3p cho m\u00f4i tr\u01b0\u1eddng v\u0103n ph\u00f2ng c\u00f3 c\u01b0\u1eddng \u0111\u1ed9 s\u1eed d\u1ee5ng cao.<\/p>\n<p data-start=\"2992\" data-end=\"3310\">B\u00ean c\u1ea1nh y\u1ebfu t\u1ed1 k\u1ef9 thu\u1eadt, b\u00e0n h\u1ecdp HRH1810C8 c\u00f2n th\u1ec3 hi\u1ec7n <strong data-start=\"3049\" data-end=\"3105\">phong c\u00e1ch thi\u1ebft k\u1ebf tinh gi\u1ea3n \u2013 hi\u1ec7n \u0111\u1ea1i \u2013 linh ho\u1ea1t<\/strong>, d\u1ec5 d\u00e0ng h\u00f2a h\u1ee3p v\u1edbi nhi\u1ec1u phong c\u00e1ch n\u1ed9i th\u1ea5t kh\u00e1c nhau: t\u1eeb t\u1ed1i gi\u1ea3n, c\u00f4ng nghi\u1ec7p \u0111\u1ebfn sang tr\u1ecdng. Ch\u00ednh s\u1ef1 h\u00e0i h\u00f2a gi\u1eefa v\u1eadt li\u1ec7u g\u1ed7 v\u00e0 kim lo\u1ea1i \u0111\u00e3 t\u1ea1o n\u00ean m\u1ed9t t\u1ed5ng th\u1ec3 c\u00e2n \u0111\u1ed1i, v\u1eeba m\u1ea1nh m\u1ebd v\u1eeba tinh t\u1ebf.<\/p>\n<p data-start=\"3312\" data-end=\"3676\" data-is-last-node=\"\" data-is-only-node=\"\">V\u1edbi nh\u1eefng \u01b0u \u0111i\u1ec3m v\u01b0\u1ee3t tr\u1ed9i v\u1ec1 <strong data-start=\"3343\" data-end=\"3380\">ch\u1ea5t li\u1ec7u, ki\u1ec3u d\u00e1ng v\u00e0 c\u00f4ng n\u0103ng<\/strong>, <strong data-start=\"3382\" data-end=\"3413\">b\u00e0n h\u1ecdp v\u0103n ph\u00f2ng HRH1810C8<\/strong> kh\u00f4ng ch\u1ec9 l\u00e0 m\u00f3n n\u1ed9i th\u1ea5t ph\u1ee5c v\u1ee5 c\u00e1c cu\u1ed9c h\u1ecdp hi\u1ec7u qu\u1ea3 m\u00e0 c\u00f2n g\u00f3p ph\u1ea7n th\u1ec3 hi\u1ec7n gu th\u1ea9m m\u1ef9, s\u1ef1 chuy\u00ean nghi\u1ec7p v\u00e0 \u0111\u1eb3ng c\u1ea5p c\u1ee7a doanh nghi\u1ec7p. \u0110\u00e2y ch\u00ednh l\u00e0 l\u1ef1a ch\u1ecdn ho\u00e0n h\u1ea3o cho c\u00e1c v\u0103n ph\u00f2ng hi\u1ec7n \u0111\u1ea1i \u0111ang t\u00ecm ki\u1ebfm s\u1ef1 c\u00e2n b\u1eb1ng gi\u1eefa c\u00f4ng n\u0103ng v\u00e0 phong c\u00e1ch thi\u1ebft k\u1ebf.<\/p>\n","protected":false},"excerpt":{"rendered":"<p data-start=\"35\" data-end=\"419\">B\u00e0n h\u1ecdp v\u0103n ph\u00f2ng HRH1810C8 l\u00e0 m\u1eabu b\u00e0n h\u1ecdp hi\u1ec7n \u0111\u1ea1i, \u0111\u01b0\u1ee3c thi\u1ebft k\u1ebf v\u1edbi <strong data-start=\"137\" data-end=\"153\">ch\u00e2n \u1ed1ng t\u00f3p<\/strong> mang ki\u1ec3u d\u00e1ng thanh tho\u00e1t v\u00e0 tinh t\u1ebf, ph\u00f9 h\u1ee3p v\u1edbi xu h\u01b0\u1edbng n\u1ed9i th\u1ea5t v\u0103n ph\u00f2ng tr\u1ebb trung ng\u00e0y nay. M\u1eb7t b\u00e0n l\u00e0m t\u1eeb <strong data-start=\"268\" data-end=\"307\">g\u1ed7 c\u00f4ng nghi\u1ec7p ph\u1ee7 Melamine cao c\u1ea5p<\/strong>, c\u00f3 kh\u1ea3 n\u0103ng ch\u1ed1ng tr\u1ea7y x\u01b0\u1edbc, ch\u1ed1ng \u1ea9m v\u00e0 d\u1ec5 d\u00e0ng v\u1ec7 sinh, mang \u0111\u1ebfn kh\u00f4ng gian h\u1ecdp sang tr\u1ecdng, chuy\u00ean nghi\u1ec7p.<\/p>\n<p data-start=\"421\" data-end=\"508\">K\u00edch th\u01b0\u1edbc:<br data-start=\"432\" data-end=\"435\" \/>W1800 x D1000 x H750 mm &#8211; <strong><span style=\"color: #ed1c24; font-size: 120%;\">2.082.000 \u0111<\/span><\/strong><br data-start=\"469\" data-end=\"472\" \/>W2000 x D1000 x H750 mm &#8211; <span style=\"color: #ed1c24; font-size: 120%;\"><strong>2.198.000 \u0111<\/strong><\/span><br \/>\nW2400 x D1200 x H750 mm &#8211; <span style=\"color: #ed1c24; font-size: 120%;\"><strong>2.830.000 \u0111<\/strong><\/span><\/p>\n<p data-start=\"510\" data-end=\"660\">Xu\u1ea5t x\u1ee9: S\u1ea3n ph\u1ea9m c\u1ee7a <strong data-start=\"532\" data-end=\"560\">C\u00f4ng ty N\u1ed8I TH\u1ea4T THE ONE<\/strong> \u2013 Ph\u00e2n ph\u1ed1i b\u1edfi <strong data-start=\"577\" data-end=\"613\">C\u00d4NG TY TNHH SXTM TTNT H\u1eeeU TH\u1ecaNH<\/strong><br data-start=\"613\" data-end=\"616\" \/>B\u1ea3o h\u00e0nh: 12 th\u00e1ng theo ti\u00eau chu\u1ea9n nh\u00e0 m\u00e1y<\/p>\n<p data-start=\"662\" data-end=\"816\"><span style=\"color: #ed1c24;\"><em data-start=\"662\" data-end=\"814\">L\u01b0u \u00fd: Gi\u00e1 tr\u00ean ch\u01b0a bao g\u1ed3m VAT v\u00e0 ph\u00ed v\u1eadn chuy\u1ec3n. Gi\u00e1 s\u1ea3n ph\u1ea9m c\u00f3 th\u1ec3 thay \u0111\u1ed5i theo t\u1eebng th\u1eddi \u0111i\u1ec3m, vui l\u00f2ng li\u00ean h\u1ec7 \u0111\u1ec3 nh\u1eadn t\u01b0 v\u1ea5n \u01b0u \u0111\u00e3i t\u1ed1t nh\u1ea5t.<\/em><\/span><\/p>\n","protected":false},"featured_media":4071,"comment_status":"open","ping_status":"closed","template":"","meta":[],"product_brand":[],"product_cat":[17,178],"product_tag":[],"class_list":{"0":"post-4070","1":"product","2":"type-product","3":"status-publish","4":"has-post-thumbnail","6":"product_cat-noi-that-van-phong","7":"product_cat-ban-hop-van-phong","9":"first","10":"instock","11":"taxable","12":"shipping-taxable","13":"purchasable","14":"product-type-simple"},"_links":{"self":[{"href":"https:\/\/noithathuuthinh.vn\/zh-hans\/wp-json\/wp\/v2\/product\/4070","targetHints":{"allow":["GET"]}}],"collection":[{"href":"https:\/\/noithathuuthinh.vn\/zh-hans\/wp-json\/wp\/v2\/product"}],"about":[{"href":"https:\/\/noithathuuthinh.vn\/zh-hans\/wp-json\/wp\/v2\/types\/product"}],"replies":[{"embeddable":true,"href":"https:\/\/noithathuuthinh.vn\/zh-hans\/wp-json\/wp\/v2\/comments?post=4070"}],"wp:featuredmedia":[{"embeddable":true,"href":"https:\/\/noithathuuthinh.vn\/zh-hans\/wp-json\/wp\/v2\/media\/4071"}],"wp:attachment":[{"href":"https:\/\/noithathuuthinh.vn\/zh-hans\/wp-json\/wp\/v2\/media?parent=4070"}],"wp:term":[{"taxonomy":"product_brand","embeddable":true,"href":"https:\/\/noithathuuthinh.vn\/zh-hans\/wp-json\/wp\/v2\/product_brand?post=4070"},{"taxonomy":"product_cat","embeddable":true,"href":"https:\/\/noithathuuthinh.vn\/zh-hans\/wp-json\/wp\/v2\/product_cat?post=4070"},{"taxonomy":"product_tag","embeddable":true,"href":"https:\/\/noithathuuthinh.vn\/zh-hans\/wp-json\/wp\/v2\/product_tag?post=4070"}],"curies":[{"name":"wp","href":"https:\/\/api.w.org\/{rel}","templated":true}]}}