{"id":4078,"date":"2025-10-25T14:18:19","date_gmt":"2025-10-25T07:18:19","guid":{"rendered":"https:\/\/noithathuuthinh.vn\/?post_type=product&#038;p=4078"},"modified":"2025-10-25T14:18:20","modified_gmt":"2025-10-25T07:18:20","slug":"ban-hop-van-phong-ath1810cn","status":"publish","type":"product","link":"https:\/\/noithathuuthinh.vn\/zh-hans\/san-pham\/ban-hop-van-phong-ath1810cn\/","title":{"rendered":"B\u00e0n h\u1ecdp v\u0103n ph\u00f2ng ATH1810CN"},"content":{"rendered":"<p data-start=\"818\" data-end=\"1269\">B\u00e0n h\u1ecdp v\u0103n ph\u00f2ng ATH1810CN l\u00e0 l\u1ef1a ch\u1ecdn ho\u00e0n h\u1ea3o cho nh\u1eefng doanh nghi\u1ec7p h\u01b0\u1edbng \u0111\u1ebfn <strong data-start=\"942\" data-end=\"1005\">s\u1ef1 \u0111\u01a1n gi\u1ea3n, ti\u1ec7n d\u1ee5ng nh\u01b0ng v\u1eabn \u0111\u1ea3m b\u1ea3o t\u00ednh chuy\u00ean nghi\u1ec7p<\/strong> trong kh\u00f4ng gian l\u00e0m vi\u1ec7c. V\u1edbi thi\u1ebft k\u1ebf m\u1eb7t b\u00e0n h\u00ecnh ch\u1eef nh\u1eadt truy\u1ec1n th\u1ed1ng, b\u00e0n gi\u00fap t\u1ed1i \u01b0u di\u1ec7n t\u00edch s\u1eed d\u1ee5ng v\u00e0 d\u1ec5 d\u00e0ng b\u1ed1 tr\u00ed trong nhi\u1ec1u lo\u1ea1i ph\u00f2ng h\u1ecdp kh\u00e1c nhau \u2014 t\u1eeb ph\u00f2ng h\u1ecdp nh\u1ecf cho nh\u00f3m 4\u20136 ng\u01b0\u1eddi \u0111\u1ebfn kh\u00f4ng gian h\u1ecdp l\u1edbn khi k\u1ebft h\u1ee3p nhi\u1ec1u b\u00e0n l\u1ea1i v\u1edbi nhau.<\/p>\n<p data-start=\"1271\" data-end=\"1660\">M\u1eabu b\u00e0n h\u1ecdp ATH1810CN \u0111\u01b0\u1ee3c ch\u1ebf t\u00e1c t\u1eeb <strong data-start=\"1309\" data-end=\"1348\">g\u1ed7 c\u00f4ng nghi\u1ec7p cao c\u1ea5p ph\u1ee7 Melamine<\/strong>, mang l\u1ea1i nhi\u1ec1u \u01b0u \u0111i\u1ec3m v\u01b0\u1ee3t tr\u1ed9i. B\u1ec1 m\u1eb7t b\u00e0n <strong data-start=\"1395\" data-end=\"1445\">ch\u1ed1ng tr\u1ea7y x\u01b0\u1edbc, ch\u1ed1ng th\u1ea5m n\u01b0\u1edbc v\u00e0 d\u1ec5 v\u1ec7 sinh<\/strong>, gi\u00fap s\u1ea3n ph\u1ea9m lu\u00f4n gi\u1eef \u0111\u01b0\u1ee3c v\u1ebb m\u1edbi \u0111\u1eb9p sau th\u1eddi gian d\u00e0i s\u1eed d\u1ee5ng. L\u1edbp ph\u1ee7 Melamine c\u00f2n gi\u00fap b\u00e0n c\u00f3 <strong data-start=\"1546\" data-end=\"1577\">m\u00e0u s\u1eafc trang nh\u00e3, \u0111\u1ed3ng \u0111\u1ec1u<\/strong>, ph\u00f9 h\u1ee3p v\u1edbi nhi\u1ec1u phong c\u00e1ch n\u1ed9i th\u1ea5t v\u0103n ph\u00f2ng \u2014 t\u1eeb hi\u1ec7n \u0111\u1ea1i \u0111\u1ebfn truy\u1ec1n th\u1ed1ng.<\/p>\n<p data-start=\"1662\" data-end=\"2089\">Thi\u1ebft k\u1ebf c\u1ee7a b\u00e0n ch\u00fa tr\u1ecdng v\u00e0o <strong data-start=\"1693\" data-end=\"1729\">s\u1ef1 g\u1ecdn g\u00e0ng v\u00e0 t\u00ednh \u1ee9ng d\u1ee5ng cao<\/strong>. C\u00e1c c\u1ea1nh b\u00e0n \u0111\u01b0\u1ee3c x\u1eed l\u00fd k\u1ef9 l\u01b0\u1ee1ng, t\u1ea1o c\u1ea3m gi\u00e1c m\u1ec1m m\u1ea1i, an to\u00e0n khi s\u1eed d\u1ee5ng. M\u1eb7t b\u00e0n ph\u1eb3ng m\u1ecbn, kh\u00f4ng cong v\u00eanh, \u0111\u1ea3m b\u1ea3o t\u00ednh \u1ed5n \u0111\u1ecbnh trong su\u1ed1t qu\u00e1 tr\u00ecnh s\u1eed d\u1ee5ng. B\u00e0n c\u00f3 chi\u1ec1u cao ti\u00eau chu\u1ea9n 750 mm, k\u1ebft h\u1ee3p c\u00f9ng gh\u1ebf h\u1ecdp ch\u00e2n qu\u1ef3 ho\u1eb7c gh\u1ebf xoay, t\u1ea1o n\u00ean t\u01b0 th\u1ebf ng\u1ed3i tho\u1ea3i m\u00e1i v\u00e0 phong c\u00e1ch chuy\u00ean nghi\u1ec7p trong c\u00e1c bu\u1ed5i l\u00e0m vi\u1ec7c, h\u1ed9i th\u1ea3o hay g\u1eb7p g\u1ee1 \u0111\u1ed1i t\u00e1c.<\/p>\n<p data-start=\"2091\" data-end=\"2494\">Khung b\u00e0n v\u00e0 ch\u00e2n b\u00e0n \u0111\u01b0\u1ee3c thi\u1ebft k\u1ebf <strong data-start=\"2127\" data-end=\"2149\">v\u1eefng ch\u1eafc, c\u00e2n \u0111\u1ed1i<\/strong>, gi\u00fap b\u00e0n lu\u00f4n \u1ed5n \u0111\u1ecbnh d\u00f9 s\u1eed d\u1ee5ng l\u00e2u d\u00e0i. C\u1ea5u tr\u00fac li\u00ean k\u1ebft ch\u1eb7t ch\u1ebd gi\u1eefa m\u1eb7t b\u00e0n v\u00e0 ch\u00e2n b\u00e0n \u0111\u1ea3m b\u1ea3o kh\u1ea3 n\u0103ng <strong data-start=\"2262\" data-end=\"2278\">ch\u1ecbu l\u1ef1c t\u1ed1t<\/strong>, kh\u00f4ng rung l\u1eafc trong qu\u00e1 tr\u00ecnh s\u1eed d\u1ee5ng. \u0110\u1eb7c bi\u1ec7t, nh\u1edd thi\u1ebft k\u1ebf \u0111\u01a1n gi\u1ea3n n\u00ean qu\u00e1 tr\u00ecnh l\u1eafp \u0111\u1eb7t, di chuy\u1ec3n b\u00e0n c\u0169ng r\u1ea5t d\u1ec5 d\u00e0ng \u2014 ph\u00f9 h\u1ee3p cho nh\u1eefng v\u0103n ph\u00f2ng th\u01b0\u1eddng xuy\u00ean thay \u0111\u1ed5i b\u1ed1 c\u1ee5c ho\u1eb7c c\u1ea7n t\u1ed1i \u01b0u kh\u00f4ng gian.<\/p>\n<p data-start=\"2496\" data-end=\"2871\">M\u1ed9t \u01b0u \u0111i\u1ec3m kh\u00e1c c\u1ee7a b\u00e0n h\u1ecdp ATH1810CN l\u00e0 t\u00ednh linh ho\u1ea1t trong <strong data-start=\"2559\" data-end=\"2580\">ph\u1ed1i h\u1ee3p n\u1ed9i th\u1ea5t<\/strong>. V\u1edbi hai k\u00edch th\u01b0\u1edbc ph\u1ed5 bi\u1ebfn l\u00e0 <strong data-start=\"2613\" data-end=\"2633\">W1800 x D1000 mm<\/strong> v\u00e0 <strong data-start=\"2637\" data-end=\"2657\">W2000 x D1000 mm<\/strong>, ng\u01b0\u1eddi d\u00f9ng c\u00f3 th\u1ec3 ch\u1ecdn lo\u1ea1i ph\u00f9 h\u1ee3p v\u1edbi di\u1ec7n t\u00edch ph\u00f2ng h\u1ecdp c\u1ee7a m\u00ecnh. Khi c\u1ea7n m\u1edf r\u1ed9ng kh\u00f4ng gian, nhi\u1ec1u b\u00e0n ATH1810CN c\u00f3 th\u1ec3 <strong data-start=\"2784\" data-end=\"2806\">gh\u00e9p n\u1ed1i li\u1ec1n m\u1ea1ch<\/strong>, t\u1ea1o th\u00e0nh d\u00e3y b\u00e0n h\u1ecdp d\u00e0i, \u0111\u1ed3ng nh\u1ea5t v\u1ec1 ki\u1ec3u d\u00e1ng v\u00e0 m\u00e0u s\u1eafc.<\/p>\n<p data-start=\"2873\" data-end=\"3296\">B\u00ean c\u1ea1nh \u0111\u00f3, m\u00e0u s\u1eafc c\u1ee7a b\u00e0n h\u1ecdp c\u0169ng \u0111\u01b0\u1ee3c thi\u1ebft k\u1ebf theo <strong data-start=\"2930\" data-end=\"2960\">t\u00f4ng g\u1ed7 t\u1ef1 nhi\u00ean trang nh\u00e3<\/strong>, d\u1ec5 d\u00e0ng ph\u1ed1i h\u1ee3p c\u00f9ng c\u00e1c lo\u1ea1i gh\u1ebf h\u1ecdp ch\u00e2n qu\u1ef3, gh\u1ebf l\u01b0\u1edbi ho\u1eb7c gh\u1ebf b\u1ecdc da \u0111\u1ec3 t\u1ea1o n\u00ean t\u1ed5ng th\u1ec3 chuy\u00ean nghi\u1ec7p, hi\u1ec7n \u0111\u1ea1i v\u00e0 tinh t\u1ebf. D\u00f9 \u0111\u01b0\u1ee3c \u0111\u1eb7t trong <strong data-start=\"3110\" data-end=\"3159\">ph\u00f2ng h\u1ecdp nh\u1ecf c\u1ee7a c\u00e1c doanh nghi\u1ec7p v\u1eeba v\u00e0 nh\u1ecf<\/strong> hay trong <strong data-start=\"3170\" data-end=\"3218\">ph\u00f2ng h\u1ecdp c\u1ea5p ph\u00f2ng ban t\u1ea1i c\u00e1c t\u1eadp \u0111o\u00e0n l\u1edbn<\/strong>, b\u00e0n ATH1810CN \u0111\u1ec1u mang l\u1ea1i c\u1ea3m gi\u00e1c g\u1ecdn g\u00e0ng, nghi\u00eam t\u00fac v\u00e0 chuy\u00ean nghi\u1ec7p.<\/p>\n<p data-start=\"3298\" data-end=\"3640\">Nh\u1edd s\u1eed d\u1ee5ng ch\u1ea5t li\u1ec7u g\u1ed7 c\u00f4ng nghi\u1ec7p Melamine cao c\u1ea5p, s\u1ea3n ph\u1ea9m <strong data-start=\"3362\" data-end=\"3425\">ch\u1ed1ng m\u1ed1i m\u1ecdt, ch\u1ed1ng cong v\u00eanh v\u00e0 th\u00e2n thi\u1ec7n v\u1edbi m\u00f4i tr\u01b0\u1eddng<\/strong>, \u0111\u1ea3m b\u1ea3o tu\u1ed5i th\u1ecd cao v\u00e0 \u0111\u1ed9 b\u1ec1n v\u01b0\u1ee3t tr\u1ed9i so v\u1edbi c\u00e1c m\u1eabu b\u00e0n th\u00f4ng th\u01b0\u1eddng. Ngo\u00e0i ra, ng\u01b0\u1eddi d\u00f9ng c\u00f3 th\u1ec3 d\u1ec5 d\u00e0ng lau ch\u00f9i b\u1ee5i b\u1ea9n b\u1eb1ng kh\u0103n \u1ea9m m\u00e0 kh\u00f4ng lo h\u01b0 h\u1ea1i b\u1ec1 m\u1eb7t, gi\u00fap b\u00e0n lu\u00f4n s\u1ea1ch \u0111\u1eb9p v\u00e0 s\u00e1ng b\u00f3ng nh\u01b0 m\u1edbi.<\/p>\n<p data-start=\"3642\" data-end=\"4023\" data-is-last-node=\"\" data-is-only-node=\"\">V\u1edbi m\u1ee9c gi\u00e1 h\u1ee3p l\u00fd, thi\u1ebft k\u1ebf tinh g\u1ecdn v\u00e0 ch\u1ea5t l\u01b0\u1ee3ng b\u1ec1n b\u1ec9, <strong data-start=\"3702\" data-end=\"3733\">b\u00e0n h\u1ecdp v\u0103n ph\u00f2ng ATH1810CN<\/strong> ch\u00ednh l\u00e0 l\u1ef1a ch\u1ecdn t\u1ed1i \u01b0u cho c\u00e1c doanh nghi\u1ec7p, tr\u01b0\u1eddng h\u1ecdc, c\u01a1 quan h\u00e0nh ch\u00ednh ho\u1eb7c t\u1ed5 ch\u1ee9c c\u1ea7n m\u1ed9t <strong data-start=\"3833\" data-end=\"3908\">m\u1eabu b\u00e0n h\u1ecdp c\u01a1 b\u1ea3n, b\u1ec1n \u0111\u1eb9p, d\u1ec5 s\u1eed d\u1ee5ng v\u00e0 ph\u00f9 h\u1ee3p v\u1edbi nhi\u1ec1u kh\u00f4ng gian<\/strong>. \u0110\u00e2y l\u00e0 gi\u1ea3i ph\u00e1p ti\u1ebft ki\u1ec7m m\u00e0 v\u1eabn \u0111\u1ea3m b\u1ea3o <strong data-start=\"3952\" data-end=\"3999\">th\u1ea9m m\u1ef9, \u0111\u1ed9 b\u1ec1n v\u00e0 hi\u1ec7u qu\u1ea3 s\u1eed d\u1ee5ng l\u00e2u d\u00e0i<\/strong> cho m\u1ecdi kh\u00f4ng gian h\u1ecdp.<\/p>\n","protected":false},"excerpt":{"rendered":"<p data-start=\"35\" data-end=\"410\">B\u00e0n h\u1ecdp v\u0103n ph\u00f2ng ATH1810CN l\u00e0 m\u1eabu b\u00e0n h\u1ecdp \u0111\u01a1n gi\u1ea3n, hi\u1ec7n \u0111\u1ea1i \u0111\u01b0\u1ee3c thi\u1ebft k\u1ebf v\u1edbi <strong data-start=\"146\" data-end=\"171\">m\u1eb7t b\u00e0n h\u00ecnh ch\u1eef nh\u1eadt<\/strong> b\u1eb1ng <strong data-start=\"177\" data-end=\"208\">g\u1ed7 c\u00f4ng nghi\u1ec7p ph\u1ee7 Melamine<\/strong>, mang \u0111\u1ebfn s\u1ef1 b\u1ec1n b\u1ec9 v\u00e0 t\u00ednh th\u1ea9m m\u1ef9 cao cho kh\u00f4ng gian l\u00e0m vi\u1ec7c. B\u1ec1 m\u1eb7t Melamine gi\u00fap b\u00e0n <strong data-start=\"299\" data-end=\"351\">ch\u1ed1ng tr\u1ea7y x\u01b0\u1edbc, ch\u1ed1ng \u1ea9m m\u1ed1c v\u00e0 d\u1ec5 d\u00e0ng v\u1ec7 sinh<\/strong>, ph\u00f9 h\u1ee3p v\u1edbi c\u00e1c v\u0103n ph\u00f2ng l\u00e0m vi\u1ec7c n\u0103ng \u0111\u1ed9ng, hi\u1ec7n \u0111\u1ea1i.<\/p>\n<p data-start=\"412\" data-end=\"503\">K\u00edch th\u01b0\u1edbc:<br data-start=\"423\" data-end=\"426\" \/>W1800 x D1000 x H750 (mm) &#8211; <span style=\"color: #ed1c24; font-size: 120%;\"><strong>1.884.000 \u0111<\/strong><\/span><br data-start=\"462\" data-end=\"465\" \/>W2000 x D1000 x H750 (mm) &#8211; <span style=\"color: #ed1c24; font-size: 120%;\"><strong>2.105.000 \u0111<\/strong><\/span><\/p>\n<p data-start=\"505\" data-end=\"655\">Xu\u1ea5t x\u1ee9: S\u1ea3n ph\u1ea9m c\u1ee7a <strong data-start=\"527\" data-end=\"555\">C\u00f4ng ty N\u1ed8I TH\u1ea4T THE ONE<\/strong> \u2013 Ph\u00e2n ph\u1ed1i b\u1edfi <strong data-start=\"572\" data-end=\"608\">C\u00d4NG TY TNHH SXTM TTNT H\u1eeeU TH\u1ecaNH<\/strong><br data-start=\"608\" data-end=\"611\" \/>B\u1ea3o h\u00e0nh: 12 th\u00e1ng theo ti\u00eau chu\u1ea9n nh\u00e0 m\u00e1y<\/p>\n<p data-start=\"657\" data-end=\"811\"><span style=\"color: #ed1c24;\"><em data-start=\"657\" data-end=\"809\">L\u01b0u \u00fd: Gi\u00e1 tr\u00ean ch\u01b0a bao g\u1ed3m VAT v\u00e0 ph\u00ed v\u1eadn chuy\u1ec3n. Gi\u00e1 s\u1ea3n ph\u1ea9m c\u00f3 th\u1ec3 thay \u0111\u1ed5i theo t\u1eebng th\u1eddi \u0111i\u1ec3m, vui l\u00f2ng li\u00ean h\u1ec7 \u0111\u1ec3 nh\u1eadn t\u01b0 v\u1ea5n \u01b0u \u0111\u00e3i t\u1ed1t nh\u1ea5t.<\/em><\/span><\/p>\n","protected":false},"featured_media":4080,"comment_status":"open","ping_status":"closed","template":"","meta":[],"product_brand":[],"product_cat":[17,178],"product_tag":[],"class_list":{"0":"post-4078","1":"product","2":"type-product","3":"status-publish","4":"has-post-thumbnail","6":"product_cat-noi-that-van-phong","7":"product_cat-ban-hop-van-phong","9":"first","10":"instock","11":"taxable","12":"shipping-taxable","13":"purchasable","14":"product-type-simple"},"_links":{"self":[{"href":"https:\/\/noithathuuthinh.vn\/zh-hans\/wp-json\/wp\/v2\/product\/4078","targetHints":{"allow":["GET"]}}],"collection":[{"href":"https:\/\/noithathuuthinh.vn\/zh-hans\/wp-json\/wp\/v2\/product"}],"about":[{"href":"https:\/\/noithathuuthinh.vn\/zh-hans\/wp-json\/wp\/v2\/types\/product"}],"replies":[{"embeddable":true,"href":"https:\/\/noithathuuthinh.vn\/zh-hans\/wp-json\/wp\/v2\/comments?post=4078"}],"wp:featuredmedia":[{"embeddable":true,"href":"https:\/\/noithathuuthinh.vn\/zh-hans\/wp-json\/wp\/v2\/media\/4080"}],"wp:attachment":[{"href":"https:\/\/noithathuuthinh.vn\/zh-hans\/wp-json\/wp\/v2\/media?parent=4078"}],"wp:term":[{"taxonomy":"product_brand","embeddable":true,"href":"https:\/\/noithathuuthinh.vn\/zh-hans\/wp-json\/wp\/v2\/product_brand?post=4078"},{"taxonomy":"product_cat","embeddable":true,"href":"https:\/\/noithathuuthinh.vn\/zh-hans\/wp-json\/wp\/v2\/product_cat?post=4078"},{"taxonomy":"product_tag","embeddable":true,"href":"https:\/\/noithathuuthinh.vn\/zh-hans\/wp-json\/wp\/v2\/product_tag?post=4078"}],"curies":[{"name":"wp","href":"https:\/\/api.w.org\/{rel}","templated":true}]}}