{"id":4081,"date":"2025-10-25T14:24:16","date_gmt":"2025-10-25T07:24:16","guid":{"rendered":"https:\/\/noithathuuthinh.vn\/?post_type=product&#038;p=4081"},"modified":"2025-10-25T14:24:16","modified_gmt":"2025-10-25T07:24:16","slug":"ban-hop-van-phong-ath1810ov","status":"publish","type":"product","link":"https:\/\/noithathuuthinh.vn\/zh-hans\/san-pham\/ban-hop-van-phong-ath1810ov\/","title":{"rendered":"B\u00e0n h\u1ecdp v\u0103n ph\u00f2ng ATH1810OV"},"content":{"rendered":"<p data-start=\"794\" data-end=\"1187\">B\u00e0n h\u1ecdp v\u0103n ph\u00f2ng ATH1810OV l\u00e0 s\u1ef1 k\u1ebft h\u1ee3p h\u00e0i h\u00f2a gi\u1eefa <strong data-start=\"891\" data-end=\"932\">thi\u1ebft k\u1ebf tinh t\u1ebf v\u00e0 c\u00f4ng n\u0103ng s\u1eed d\u1ee5ng<\/strong>, mang l\u1ea1i kh\u00f4ng gian h\u1ecdp chuy\u00ean nghi\u1ec7p v\u00e0 th\u00e2n thi\u1ec7n cho m\u1ecdi doanh nghi\u1ec7p. V\u1edbi ki\u1ec3u d\u00e1ng <strong data-start=\"1022\" data-end=\"1043\">m\u1eb7t b\u00e0n h\u00ecnh oval<\/strong>, b\u00e0n gi\u00fap ng\u01b0\u1eddi tham d\u1ef1 c\u00f3 th\u1ec3 quan s\u00e1t, trao \u0111\u1ed5i d\u1ec5 d\u00e0ng, t\u0103ng t\u00ednh k\u1ebft n\u1ed1i v\u00e0 hi\u1ec7u qu\u1ea3 trong c\u00e1c cu\u1ed9c h\u1ecdp, h\u1ed9i th\u1ea3o hay bu\u1ed5i l\u00e0m vi\u1ec7c nh\u00f3m.<\/p>\n<p data-start=\"1189\" data-end=\"1522\">S\u1ea3n ph\u1ea9m \u0111\u01b0\u1ee3c l\u00e0m t\u1eeb <strong data-start=\"1210\" data-end=\"1256\">g\u1ed7 c\u00f4ng nghi\u1ec7p ph\u1ee7 Melamine ch\u1ea5t l\u01b0\u1ee3ng cao<\/strong>, c\u00f3 kh\u1ea3 n\u0103ng <strong data-start=\"1270\" data-end=\"1326\">ch\u1ed1ng tr\u1ea7y x\u01b0\u1edbc, ch\u1ed1ng th\u1ea5m n\u01b0\u1edbc v\u00e0 ch\u1ed1ng \u1ea9m m\u1ed1c t\u1ed1t<\/strong>, gi\u00fap b\u00e0n lu\u00f4n gi\u1eef \u0111\u01b0\u1ee3c v\u1ebb s\u00e1ng b\u00f3ng v\u00e0 m\u1edbi m\u1ebb theo th\u1eddi gian. B\u1ec1 m\u1eb7t Melamine c\u00f2n c\u00f3 \u01b0u \u0111i\u1ec3m d\u1ec5 lau ch\u00f9i, kh\u00f4ng b\u00e1m b\u1ee5i, r\u1ea5t thu\u1eadn ti\u1ec7n cho vi\u1ec7c v\u1ec7 sinh v\u00e0 b\u1ea3o qu\u1ea3n trong m\u00f4i tr\u01b0\u1eddng v\u0103n ph\u00f2ng.<\/p>\n<p data-start=\"1524\" data-end=\"1891\">Thi\u1ebft k\u1ebf m\u1eb7t oval bo tr\u00f2n hai \u0111\u1ea7u b\u00e0n kh\u00f4ng ch\u1ec9 mang l\u1ea1i c\u1ea3m gi\u00e1c m\u1ec1m m\u1ea1i, th\u00e2n thi\u1ec7n m\u00e0 c\u00f2n gi\u00fap <strong data-start=\"1622\" data-end=\"1642\">t\u1ed1i \u01b0u di\u1ec7n t\u00edch<\/strong> s\u1eed d\u1ee5ng, ph\u00f9 h\u1ee3p v\u1edbi c\u00e1c kh\u00f4ng gian h\u1ecdp v\u1eeba v\u00e0 nh\u1ecf. Ki\u1ec3u d\u00e1ng n\u00e0y c\u0169ng gi\u00fap t\u1ea1o kh\u00f4ng kh\u00ed c\u1edfi m\u1edf, th\u00e2n m\u1eadt h\u01a1n so v\u1edbi b\u00e0n h\u1ecdp h\u00ecnh ch\u1eef nh\u1eadt truy\u1ec1n th\u1ed1ng \u2014 \u0111\u1eb7c bi\u1ec7t h\u1eefu \u00edch trong nh\u1eefng bu\u1ed5i h\u1ecdp brainstorming, trao \u0111\u1ed5i \u00fd t\u01b0\u1edfng ho\u1eb7c h\u1ecdp nh\u00f3m n\u1ed9i b\u1ed9.<\/p>\n<p data-start=\"1893\" data-end=\"2224\">Ph\u1ea7n ch\u00e2n b\u00e0n v\u00e0 khung ch\u1ecbu l\u1ef1c c\u1ee7a b\u00e0n ATH1810OV \u0111\u01b0\u1ee3c thi\u1ebft k\u1ebf ch\u1eafc ch\u1eafn, \u0111\u1ea3m b\u1ea3o kh\u1ea3 n\u0103ng <strong data-start=\"1985\" data-end=\"2017\">ch\u1ecbu l\u1ef1c t\u1ed1t, kh\u00f4ng rung l\u1eafc<\/strong>, gi\u00fap b\u00e0n lu\u00f4n \u1ed5n \u0111\u1ecbnh ngay c\u1ea3 khi nhi\u1ec1u ng\u01b0\u1eddi c\u00f9ng s\u1eed d\u1ee5ng. M\u1eb7t b\u00e0n li\u00ean k\u1ebft v\u1edbi khung ch\u00e2n th\u00f4ng qua h\u1ec7 th\u1ed1ng v\u00edt v\u00e0 ke g\u00f3c b\u1eb1ng kim lo\u1ea1i, \u0111\u1ea3m b\u1ea3o s\u1ef1 b\u1ec1n v\u1eefng v\u00e0 an to\u00e0n trong qu\u00e1 tr\u00ecnh s\u1eed d\u1ee5ng l\u00e2u d\u00e0i.<\/p>\n<p data-start=\"2226\" data-end=\"2522\">V\u1edbi ba k\u00edch th\u01b0\u1edbc ti\u00eau chu\u1ea9n g\u1ed3m <strong data-start=\"2259\" data-end=\"2299\">ATH1810OV (W1800), ATH2010OV (W2000)<\/strong> v\u00e0 <strong data-start=\"2303\" data-end=\"2324\">ATH2412OV (W2400)<\/strong>, ng\u01b0\u1eddi d\u00f9ng c\u00f3 th\u1ec3 linh ho\u1ea1t l\u1ef1a ch\u1ecdn m\u1eabu b\u00e0n ph\u00f9 h\u1ee3p v\u1edbi di\u1ec7n t\u00edch ph\u00f2ng h\u1ecdp. B\u00e0n c\u00f3 th\u1ec3 s\u1eed d\u1ee5ng \u0111\u1ed9c l\u1eadp cho nh\u00f3m nh\u1ecf t\u1eeb 4\u20136 ng\u01b0\u1eddi ho\u1eb7c k\u1ebft h\u1ee3p nhi\u1ec1u b\u00e0n l\u1ea1i v\u1edbi nhau cho kh\u00f4ng gian h\u1ecdp l\u1edbn h\u01a1n.<\/p>\n<p data-start=\"2524\" data-end=\"2895\">B\u00ean c\u1ea1nh \u0111\u00f3, b\u00e0n h\u1ecdp ATH1810OV c\u00f3 m\u00e0u s\u1eafc <strong data-start=\"2566\" data-end=\"2591\">g\u1ed7 t\u1ef1 nhi\u00ean trang nh\u00e3<\/strong>, d\u1ec5 d\u00e0ng ph\u1ed1i h\u1ee3p v\u1edbi nhi\u1ec1u lo\u1ea1i gh\u1ebf h\u1ecdp kh\u00e1c nhau nh\u01b0 gh\u1ebf ch\u00e2n qu\u1ef3, gh\u1ebf xoay ho\u1eb7c gh\u1ebf l\u01b0\u1edbi, gi\u00fap t\u1ea1o n\u00ean t\u1ed5ng th\u1ec3 h\u00e0i h\u00f2a, hi\u1ec7n \u0111\u1ea1i v\u00e0 chuy\u00ean nghi\u1ec7p cho ph\u00f2ng h\u1ecdp. C\u00e1c \u0111\u01b0\u1eddng bo m\u00e9p b\u00e0n \u0111\u01b0\u1ee3c x\u1eed l\u00fd t\u1ec9 m\u1ec9, v\u1eeba \u0111\u1ea3m b\u1ea3o an to\u00e0n khi s\u1eed d\u1ee5ng, v\u1eeba mang l\u1ea1i c\u1ea3m gi\u00e1c tinh t\u1ebf, sang tr\u1ecdng cho t\u1ed5ng th\u1ec3 s\u1ea3n ph\u1ea9m.<\/p>\n<p data-start=\"2897\" data-end=\"3230\">Nh\u1edd \u01b0u \u0111i\u1ec3m v\u1ec1 ch\u1ea5t li\u1ec7u v\u00e0 thi\u1ebft k\u1ebf, <strong data-start=\"2935\" data-end=\"2956\">b\u00e0n h\u1ecdp ATH1810OV<\/strong> \u0111\u1eb7c bi\u1ec7t ph\u00f9 h\u1ee3p v\u1edbi <strong data-start=\"2978\" data-end=\"3074\">c\u00e1c v\u0103n ph\u00f2ng doanh nghi\u1ec7p v\u1eeba v\u00e0 nh\u1ecf, c\u01a1 quan h\u00e0nh ch\u00ednh, tr\u01b0\u1eddng h\u1ecdc ho\u1eb7c trung t\u00e2m \u0111\u00e0o t\u1ea1o<\/strong>. S\u1ea3n ph\u1ea9m kh\u00f4ng ch\u1ec9 \u0111\u00e1p \u1ee9ng t\u1ed1t nhu c\u1ea7u h\u1ecdp nh\u00f3m, h\u1ed9i \u00fd m\u00e0 c\u00f2n g\u00f3p ph\u1ea7n n\u00e2ng cao h\u00ecnh \u1ea3nh chuy\u00ean nghi\u1ec7p cho doanh nghi\u1ec7p trong m\u1eaft \u0111\u1ed1i t\u00e1c v\u00e0 kh\u00e1ch h\u00e0ng.<\/p>\n<p data-start=\"3232\" data-end=\"3545\">Vi\u1ec7c s\u1eed d\u1ee5ng g\u1ed7 c\u00f4ng nghi\u1ec7p Melamine gi\u00fap b\u00e0n <strong data-start=\"3278\" data-end=\"3335\">ch\u1ed1ng cong v\u00eanh, m\u1ed1i m\u1ecdt v\u00e0 th\u00e2n thi\u1ec7n v\u1edbi m\u00f4i tr\u01b0\u1eddng<\/strong>, \u0111\u1ed3ng th\u1eddi \u0111\u1ea3m b\u1ea3o tu\u1ed5i th\u1ecd l\u00e2u d\u00e0i m\u00e0 v\u1eabn gi\u1eef \u0111\u01b0\u1ee3c chi ph\u00ed h\u1ee3p l\u00fd. \u0110\u00e2y l\u00e0 l\u1ef1a ch\u1ecdn l\u00fd t\u01b0\u1edfng cho nh\u1eefng doanh nghi\u1ec7p mu\u1ed1n \u0111\u1ea7u t\u01b0 m\u1ed9t m\u1eabu b\u00e0n h\u1ecdp <strong data-start=\"3480\" data-end=\"3542\">b\u1ec1n \u0111\u1eb9p, d\u1ec5 s\u1eed d\u1ee5ng, chi ph\u00ed h\u1ee3p l\u00fd v\u00e0 c\u00f3 t\u00ednh th\u1ea9m m\u1ef9 cao<\/strong>.<\/p>\n<p data-start=\"3547\" data-end=\"3799\" data-is-last-node=\"\" data-is-only-node=\"\">V\u1edbi t\u1ea5t c\u1ea3 nh\u1eefng \u01b0u \u0111i\u1ec3m v\u1ec1 thi\u1ebft k\u1ebf, ch\u1ea5t li\u1ec7u v\u00e0 c\u00f4ng n\u0103ng, <strong data-start=\"3609\" data-end=\"3640\">b\u00e0n h\u1ecdp v\u0103n ph\u00f2ng ATH1810OV<\/strong> kh\u00f4ng ch\u1ec9 l\u00e0 n\u01a1i di\u1ec5n ra c\u00e1c cu\u1ed9c h\u1ecdp quan tr\u1ecdng m\u00e0 c\u00f2n l\u00e0 \u0111i\u1ec3m nh\u1ea5n gi\u00fap kh\u00f4ng gian v\u0103n ph\u00f2ng tr\u1edf n\u00ean <strong data-start=\"3744\" data-end=\"3798\">chuy\u00ean nghi\u1ec7p, tinh t\u1ebf v\u00e0 hi\u1ec7n \u0111\u1ea1i h\u01a1n bao gi\u1edd h\u1ebft<\/strong>.<\/p>\n","protected":false},"excerpt":{"rendered":"<p data-start=\"35\" data-end=\"353\">B\u00e0n h\u1ecdp v\u0103n ph\u00f2ng ATH1810OV l\u00e0 m\u1eabu b\u00e0n h\u1ecdp hi\u1ec7n \u0111\u1ea1i v\u1edbi <strong data-start=\"122\" data-end=\"143\">m\u1eb7t b\u00e0n h\u00ecnh oval<\/strong> tinh t\u1ebf, \u0111\u01b0\u1ee3c ch\u1ebf t\u00e1c t\u1eeb <strong data-start=\"169\" data-end=\"208\">g\u1ed7 c\u00f4ng nghi\u1ec7p ph\u1ee7 Melamine cao c\u1ea5p<\/strong>. Thi\u1ebft k\u1ebf bo tr\u00f2n \u1edf hai \u0111\u1ea7u b\u00e0n gi\u00fap kh\u00f4ng gian ph\u00f2ng h\u1ecdp tr\u1edf n\u00ean m\u1ec1m m\u1ea1i, sang tr\u1ecdng v\u00e0 t\u1ea1o c\u1ea3m gi\u00e1c g\u1ea7n g\u0169i h\u01a1n gi\u1eefa c\u00e1c th\u00e0nh vi\u00ean tham d\u1ef1.<\/p>\n<p data-start=\"355\" data-end=\"479\">K\u00edch th\u01b0\u1edbc:<br data-start=\"366\" data-end=\"369\" \/>W1800 x D1000 x H750 mm &#8211; <span style=\"color: #ed1c24; font-size: 120%;\"><strong>1.884.000 \u0111<\/strong><\/span><br data-start=\"403\" data-end=\"406\" \/>W2000 x D1000 x H750 mm &#8211; <span style=\"color: #ed1c24; font-size: 120%;\"><strong>2.105.000 \u0111<\/strong><\/span><br data-start=\"440\" data-end=\"443\" \/>W2400 x D1200 x H750 mm &#8211; <span style=\"color: #ed1c24; font-size: 120%;\"><strong>2.455.000 \u0111<\/strong><\/span><\/p>\n<p data-start=\"481\" data-end=\"631\">Xu\u1ea5t x\u1ee9: S\u1ea3n ph\u1ea9m c\u1ee7a <strong data-start=\"503\" data-end=\"531\">C\u00f4ng ty N\u1ed8I TH\u1ea4T THE ONE<\/strong> \u2013 Ph\u00e2n ph\u1ed1i b\u1edfi <strong data-start=\"548\" data-end=\"584\">C\u00d4NG TY TNHH SXTM TTNT H\u1eeeU TH\u1ecaNH<\/strong><br data-start=\"584\" data-end=\"587\" \/>B\u1ea3o h\u00e0nh: 12 th\u00e1ng theo ti\u00eau chu\u1ea9n nh\u00e0 m\u00e1y<\/p>\n<p data-start=\"633\" data-end=\"787\"><span style=\"color: #ed1c24;\"><em data-start=\"633\" data-end=\"785\">L\u01b0u \u00fd: Gi\u00e1 tr\u00ean ch\u01b0a bao g\u1ed3m VAT v\u00e0 ph\u00ed v\u1eadn chuy\u1ec3n. Gi\u00e1 s\u1ea3n ph\u1ea9m c\u00f3 th\u1ec3 thay \u0111\u1ed5i theo t\u1eebng th\u1eddi \u0111i\u1ec3m, vui l\u00f2ng li\u00ean h\u1ec7 \u0111\u1ec3 nh\u1eadn t\u01b0 v\u1ea5n \u01b0u \u0111\u00e3i t\u1ed1t nh\u1ea5t.<\/em><\/span><\/p>\n","protected":false},"featured_media":4082,"comment_status":"open","ping_status":"closed","template":"","meta":[],"product_brand":[],"product_cat":[17,178],"product_tag":[],"class_list":{"0":"post-4081","1":"product","2":"type-product","3":"status-publish","4":"has-post-thumbnail","6":"product_cat-noi-that-van-phong","7":"product_cat-ban-hop-van-phong","9":"first","10":"instock","11":"shipping-taxable","12":"purchasable","13":"product-type-simple"},"_links":{"self":[{"href":"https:\/\/noithathuuthinh.vn\/zh-hans\/wp-json\/wp\/v2\/product\/4081","targetHints":{"allow":["GET"]}}],"collection":[{"href":"https:\/\/noithathuuthinh.vn\/zh-hans\/wp-json\/wp\/v2\/product"}],"about":[{"href":"https:\/\/noithathuuthinh.vn\/zh-hans\/wp-json\/wp\/v2\/types\/product"}],"replies":[{"embeddable":true,"href":"https:\/\/noithathuuthinh.vn\/zh-hans\/wp-json\/wp\/v2\/comments?post=4081"}],"wp:featuredmedia":[{"embeddable":true,"href":"https:\/\/noithathuuthinh.vn\/zh-hans\/wp-json\/wp\/v2\/media\/4082"}],"wp:attachment":[{"href":"https:\/\/noithathuuthinh.vn\/zh-hans\/wp-json\/wp\/v2\/media?parent=4081"}],"wp:term":[{"taxonomy":"product_brand","embeddable":true,"href":"https:\/\/noithathuuthinh.vn\/zh-hans\/wp-json\/wp\/v2\/product_brand?post=4081"},{"taxonomy":"product_cat","embeddable":true,"href":"https:\/\/noithathuuthinh.vn\/zh-hans\/wp-json\/wp\/v2\/product_cat?post=4081"},{"taxonomy":"product_tag","embeddable":true,"href":"https:\/\/noithathuuthinh.vn\/zh-hans\/wp-json\/wp\/v2\/product_tag?post=4081"}],"curies":[{"name":"wp","href":"https:\/\/api.w.org\/{rel}","templated":true}]}}