{"id":4087,"date":"2025-10-25T14:36:07","date_gmt":"2025-10-25T07:36:07","guid":{"rendered":"https:\/\/noithathuuthinh.vn\/?post_type=product&#038;p=4087"},"modified":"2025-10-25T14:36:07","modified_gmt":"2025-10-25T07:36:07","slug":"ban-hop-van-phong-ath2812cn","status":"publish","type":"product","link":"https:\/\/noithathuuthinh.vn\/zh-hans\/san-pham\/ban-hop-van-phong-ath2812cn\/","title":{"rendered":"B\u00e0n h\u1ecdp v\u0103n ph\u00f2ng ATH2812CN"},"content":{"rendered":"<p data-start=\"835\" data-end=\"1269\">B\u00e0n h\u1ecdp v\u0103n ph\u00f2ng ATH2812CN l\u00e0 l\u1ef1a ch\u1ecdn ho\u00e0n h\u1ea3o d\u00e0nh cho c\u00e1c doanh nghi\u1ec7p mong mu\u1ed1n s\u1edf h\u1eefu m\u1ed9t kh\u00f4ng gian h\u1ecdp ti\u1ec7n nghi, hi\u1ec7n \u0111\u1ea1i v\u00e0 th\u1ec3 hi\u1ec7n \u0111\u01b0\u1ee3c phong c\u00e1ch chuy\u00ean nghi\u1ec7p. S\u1ea3n ph\u1ea9m \u0111\u01b0\u1ee3c thi\u1ebft k\u1ebf v\u1edbi ki\u1ec3u d\u00e1ng t\u1ed1i gi\u1ea3n nh\u01b0ng tinh t\u1ebf, c\u00f3 th\u1ec3 s\u1eed d\u1ee5ng v\u1edbi hai d\u1ea1ng m\u1eb7t b\u00e0n l\u00e0 h\u00ecnh ch\u1eef nh\u1eadt ho\u1eb7c oval, mang l\u1ea1i s\u1ef1 linh ho\u1ea1t trong vi\u1ec7c b\u1ed1 tr\u00ed v\u00e0 ph\u00f9 h\u1ee3p v\u1edbi nhi\u1ec1u phong c\u00e1ch n\u1ed9i th\u1ea5t kh\u00e1c nhau.<\/p>\n<p data-start=\"1271\" data-end=\"1676\">M\u1eb7t b\u00e0n \u0111\u01b0\u1ee3c l\u00e0m t\u1eeb g\u1ed7 c\u00f4ng nghi\u1ec7p ph\u1ee7 Melamine cao c\u1ea5p \u2013 ch\u1ea5t li\u1ec7u \u0111\u01b0\u1ee3c \u01b0a chu\u1ed9ng trong c\u00e1c d\u00f2ng n\u1ed9i th\u1ea5t v\u0103n ph\u00f2ng hi\u1ec7n nay nh\u1edd kh\u1ea3 n\u0103ng ch\u1ed1ng tr\u1ea7y x\u01b0\u1edbc, ch\u1ed1ng \u1ea9m m\u1ed1c v\u00e0 b\u00e1m b\u1ee5i. B\u1ec1 m\u1eb7t b\u00e0n nh\u1eb5n m\u1ecbn, d\u1ec5 v\u1ec7 sinh v\u00e0 gi\u1eef \u0111\u01b0\u1ee3c v\u1ebb \u0111\u1eb9p b\u1ec1n b\u1ec9 theo th\u1eddi gian. C\u00e1c chi ti\u1ebft gh\u00e9p n\u1ed1i gi\u1eefa hai t\u1ea5m m\u1eb7t b\u00e0n \u0111\u01b0\u1ee3c x\u1eed l\u00fd tinh t\u1ebf, kh\u00edt ch\u1eb7t, \u0111\u1ea3m b\u1ea3o \u0111\u1ed9 ch\u1eafc ch\u1eafn v\u00e0 th\u1ea9m m\u1ef9 cao, gi\u00fap s\u1ea3n ph\u1ea9m v\u1eeba b\u1ec1n v\u1eeba sang tr\u1ecdng.<\/p>\n<p data-start=\"1678\" data-end=\"2034\">Thi\u1ebft k\u1ebf c\u1ee7a b\u00e0n h\u1ecdp ATH2812CN ch\u00fa tr\u1ecdng \u0111\u1ebfn s\u1ef1 v\u1eefng ch\u00e3i v\u00e0 \u1ed5n \u0111\u1ecbnh khi s\u1eed d\u1ee5ng. Ph\u1ea7n ch\u00e2n b\u00e0n \u0111\u01b0\u1ee3c l\u00e0m t\u1eeb g\u1ed7 \u0111\u1ed3ng b\u1ed9, c\u00f3 k\u1ebft c\u1ea5u v\u1eefng v\u00e0ng, \u0111\u1ea3m b\u1ea3o kh\u1ea3 n\u0103ng ch\u1ecbu l\u1ef1c t\u1ed1t khi ph\u1ee5c v\u1ee5 cho nhi\u1ec1u ng\u01b0\u1eddi c\u00f9ng l\u00fac. C\u00e1c chi ti\u1ebft g\u00f3c c\u1ea1nh c\u1ee7a b\u00e0n \u0111\u01b0\u1ee3c bo nh\u1eb9, t\u1ea1o c\u1ea3m gi\u00e1c m\u1ec1m m\u1ea1i v\u00e0 an to\u00e0n cho ng\u01b0\u1eddi s\u1eed d\u1ee5ng, \u0111\u1ed3ng th\u1eddi gi\u00fap t\u1ed5ng th\u1ec3 b\u00e0n tr\u00f4ng thanh tho\u00e1t h\u01a1n.<\/p>\n<p data-start=\"2036\" data-end=\"2335\">V\u1edbi k\u00edch th\u01b0\u1edbc W2800 x D1200 x H750 mm, b\u00e0n h\u1ecdp ATH2812CN th\u00edch h\u1ee3p cho t\u1eeb 8\u201310 ng\u01b0\u1eddi ng\u1ed3i, \u0111\u00e1p \u1ee9ng t\u1ed1t nhu c\u1ea7u c\u1ee7a c\u00e1c doanh nghi\u1ec7p v\u1eeba v\u00e0 nh\u1ecf. B\u1ec1 m\u1eb7t b\u00e0n r\u1ed9ng r\u00e3i cho ph\u00e9p ng\u01b0\u1eddi d\u00f9ng \u0111\u1eb7t m\u00e1y t\u00ednh x\u00e1ch tay, t\u00e0i li\u1ec7u, ly n\u01b0\u1edbc ho\u1eb7c c\u00e1c v\u1eadt d\u1ee5ng c\u1ea7n thi\u1ebft kh\u00e1c m\u00e0 v\u1eabn gi\u1eef \u0111\u01b0\u1ee3c s\u1ef1 g\u1ecdn g\u00e0ng, ng\u0103n n\u1eafp.<\/p>\n<p data-start=\"2337\" data-end=\"2698\">M\u1ed9t \u01b0u \u0111i\u1ec3m n\u1ed5i b\u1eadt kh\u00e1c c\u1ee7a s\u1ea3n ph\u1ea9m l\u00e0 kh\u1ea3 n\u0103ng ph\u1ed1i h\u1ee3p linh ho\u1ea1t v\u1edbi nhi\u1ec1u d\u00f2ng gh\u1ebf h\u1ecdp kh\u00e1c nhau nh\u01b0 gh\u1ebf ch\u00e2n qu\u1ef3, gh\u1ebf l\u01b0ng trung hay gh\u1ebf xoay, t\u00f9y theo phong c\u00e1ch v\u00e0 kh\u00f4ng gian s\u1eed d\u1ee5ng. M\u00e0u s\u1eafc v\u00e2n g\u1ed7 t\u1ef1 nhi\u00ean c\u00f9ng l\u1edbp ph\u1ee7 Melamine gi\u00fap b\u00e0n d\u1ec5 d\u00e0ng h\u00f2a h\u1ee3p v\u1edbi c\u00e1c v\u1eadt d\u1ee5ng n\u1ed9i th\u1ea5t kh\u00e1c trong ph\u00f2ng, t\u1ea1o n\u00ean t\u1ed5ng th\u1ec3 \u0111\u1ed3ng b\u1ed9, chuy\u00ean nghi\u1ec7p v\u00e0 hi\u1ec7n \u0111\u1ea1i.<\/p>\n<p data-start=\"2700\" data-end=\"3129\">B\u00e0n h\u1ecdp v\u0103n ph\u00f2ng ATH2812CN kh\u00f4ng ch\u1ec9 l\u00e0 s\u1ea3n ph\u1ea9m n\u1ed9i th\u1ea5t, m\u00e0 c\u00f2n l\u00e0 y\u1ebfu t\u1ed1 g\u00f3p ph\u1ea7n th\u1ec3 hi\u1ec7n v\u0103n h\u00f3a doanh nghi\u1ec7p. M\u1ed9t chi\u1ebfc b\u00e0n h\u1ecdp \u0111\u1eb9p, ch\u1ea5t l\u01b0\u1ee3ng v\u00e0 ti\u1ec7n d\u1ee5ng s\u1ebd gi\u00fap c\u00e1c bu\u1ed5i h\u1ecdp tr\u1edf n\u00ean hi\u1ec7u qu\u1ea3, tho\u1ea3i m\u00e1i v\u00e0 t\u1ea1o \u0111\u01b0\u1ee3c \u1ea5n t\u01b0\u1ee3ng t\u1ed1t v\u1edbi \u0111\u1ed1i t\u00e1c, kh\u00e1ch h\u00e0ng. Ngo\u00e0i ra, v\u1edbi phi\u00ean b\u1ea3n m\u1eb7t b\u00e0n h\u00ecnh oval, kh\u00f4ng gian h\u1ecdp tr\u1edf n\u00ean m\u1ec1m m\u1ea1i, c\u1edfi m\u1edf h\u01a1n \u2013 r\u1ea5t ph\u00f9 h\u1ee3p cho nh\u1eefng cu\u1ed9c th\u1ea3o lu\u1eadn mang t\u00ednh h\u1ee3p t\u00e1c v\u00e0 trao \u0111\u1ed5i s\u00e1ng t\u1ea1o.<\/p>\n<p data-start=\"3131\" data-end=\"3458\" data-is-last-node=\"\" data-is-only-node=\"\">N\u1ebfu b\u1ea1n \u0111ang t\u00ecm ki\u1ebfm m\u1ed9t m\u1eabu b\u00e0n h\u1ecdp mang phong c\u00e1ch hi\u1ec7n \u0111\u1ea1i, b\u1ec1n \u0111\u1eb9p v\u00e0 c\u00f3 gi\u00e1 th\u00e0nh h\u1ee3p l\u00fd, <strong data-start=\"3227\" data-end=\"3258\">b\u00e0n h\u1ecdp v\u0103n ph\u00f2ng ATH2812CN<\/strong> ch\u00ednh l\u00e0 l\u1ef1a ch\u1ecdn l\u00fd t\u01b0\u1edfng. S\u1ea3n ph\u1ea9m v\u1eeba \u0111\u00e1p \u1ee9ng t\u1ed1t y\u00eau c\u1ea7u c\u00f4ng n\u0103ng, v\u1eeba g\u00f3p ph\u1ea7n n\u00e2ng t\u1ea7m h\u00ecnh \u1ea3nh chuy\u00ean nghi\u1ec7p cho kh\u00f4ng gian l\u00e0m vi\u1ec7c, mang l\u1ea1i tr\u1ea3i nghi\u1ec7m s\u1eed d\u1ee5ng t\u1ed1i \u01b0u cho m\u1ecdi doanh nghi\u1ec7p.<\/p>\n","protected":false},"excerpt":{"rendered":"<p data-start=\"35\" data-end=\"481\">B\u00e0n h\u1ecdp v\u0103n ph\u00f2ng ATH2812CN l\u00e0 m\u1eabu b\u00e0n h\u1ecdp g\u1ed7 c\u00f4ng nghi\u1ec7p Melamine hi\u1ec7n \u0111\u1ea1i, c\u00f3 thi\u1ebft k\u1ebf m\u1eb7t b\u00e0n h\u00ecnh ch\u1eef nh\u1eadt ho\u1eb7c oval t\u00f9y ch\u1ecdn, mang l\u1ea1i s\u1ef1 linh ho\u1ea1t cho t\u1eebng kh\u00f4ng gian l\u00e0m vi\u1ec7c. M\u1eb7t b\u00e0n \u0111\u01b0\u1ee3c gh\u00e9p t\u1eeb hai t\u1ea5m g\u1ed7 li\u1ec1n m\u1ea1ch, t\u1ea1o n\u00ean t\u1ed5ng th\u1ec3 ch\u1eafc ch\u1eafn, sang tr\u1ecdng v\u00e0 c\u00f3 t\u00ednh th\u1ea9m m\u1ef9 cao. S\u1ea3n ph\u1ea9m ph\u00f9 h\u1ee3p v\u1edbi c\u00e1c ph\u00f2ng h\u1ecdp quy m\u00f4 v\u1eeba, gi\u00fap t\u1ed1i \u01b0u di\u1ec7n t\u00edch v\u00e0 t\u1ea1o c\u1ea3m gi\u00e1c chuy\u00ean nghi\u1ec7p cho kh\u00f4ng gian v\u0103n ph\u00f2ng.<\/p>\n<p data-start=\"483\" data-end=\"520\">K\u00edch th\u01b0\u1edbc:<br \/>\nW2800 x D1200 x H750 mm &#8211; <span style=\"color: #ed1c24; font-size: 120%;\"><strong>3.262.000 \u0111<\/strong><\/span><br \/>\nW3000 x D1200 x H750 mm &#8211; <span style=\"color: #ed1c24; font-size: 120%;\"><strong>3.750.000 \u0111<\/strong><\/span><br \/>\nW4800 x D1200 x H750 mm &#8211; <span style=\"color: #ed1c24; font-size: 120%;\"><strong>4.864.000 \u0111<\/strong><\/span><\/p>\n<p data-start=\"522\" data-end=\"672\">Xu\u1ea5t x\u1ee9: S\u1ea3n ph\u1ea9m c\u1ee7a <strong data-start=\"544\" data-end=\"572\">C\u00f4ng ty N\u1ed8I TH\u1ea4T THE ONE<\/strong> \u2013 Ph\u00e2n ph\u1ed1i b\u1edfi <strong data-start=\"589\" data-end=\"625\">C\u00d4NG TY TNHH SXTM TTNT H\u1eeeU TH\u1ecaNH<\/strong><br data-start=\"625\" data-end=\"628\" \/>B\u1ea3o h\u00e0nh: 12 th\u00e1ng theo ti\u00eau chu\u1ea9n nh\u00e0 m\u00e1y<\/p>\n<p data-start=\"674\" data-end=\"828\"><span style=\"color: #ed1c24;\"><em data-start=\"674\" data-end=\"826\">L\u01b0u \u00fd: Gi\u00e1 tr\u00ean ch\u01b0a bao g\u1ed3m VAT v\u00e0 ph\u00ed v\u1eadn chuy\u1ec3n. Gi\u00e1 s\u1ea3n ph\u1ea9m c\u00f3 th\u1ec3 thay \u0111\u1ed5i theo t\u1eebng th\u1eddi \u0111i\u1ec3m, vui l\u00f2ng li\u00ean h\u1ec7 \u0111\u1ec3 nh\u1eadn t\u01b0 v\u1ea5n \u01b0u \u0111\u00e3i t\u1ed1t nh\u1ea5t.<\/em><\/span><\/p>\n","protected":false},"featured_media":4088,"comment_status":"open","ping_status":"closed","template":"","meta":[],"product_brand":[],"product_cat":[17,178],"product_tag":[],"class_list":{"0":"post-4087","1":"product","2":"type-product","3":"status-publish","4":"has-post-thumbnail","6":"product_cat-noi-that-van-phong","7":"product_cat-ban-hop-van-phong","9":"first","10":"instock","11":"taxable","12":"shipping-taxable","13":"purchasable","14":"product-type-simple"},"_links":{"self":[{"href":"https:\/\/noithathuuthinh.vn\/zh-hans\/wp-json\/wp\/v2\/product\/4087","targetHints":{"allow":["GET"]}}],"collection":[{"href":"https:\/\/noithathuuthinh.vn\/zh-hans\/wp-json\/wp\/v2\/product"}],"about":[{"href":"https:\/\/noithathuuthinh.vn\/zh-hans\/wp-json\/wp\/v2\/types\/product"}],"replies":[{"embeddable":true,"href":"https:\/\/noithathuuthinh.vn\/zh-hans\/wp-json\/wp\/v2\/comments?post=4087"}],"wp:featuredmedia":[{"embeddable":true,"href":"https:\/\/noithathuuthinh.vn\/zh-hans\/wp-json\/wp\/v2\/media\/4088"}],"wp:attachment":[{"href":"https:\/\/noithathuuthinh.vn\/zh-hans\/wp-json\/wp\/v2\/media?parent=4087"}],"wp:term":[{"taxonomy":"product_brand","embeddable":true,"href":"https:\/\/noithathuuthinh.vn\/zh-hans\/wp-json\/wp\/v2\/product_brand?post=4087"},{"taxonomy":"product_cat","embeddable":true,"href":"https:\/\/noithathuuthinh.vn\/zh-hans\/wp-json\/wp\/v2\/product_cat?post=4087"},{"taxonomy":"product_tag","embeddable":true,"href":"https:\/\/noithathuuthinh.vn\/zh-hans\/wp-json\/wp\/v2\/product_tag?post=4087"}],"curies":[{"name":"wp","href":"https:\/\/api.w.org\/{rel}","templated":true}]}}