{"id":4093,"date":"2025-10-25T15:05:51","date_gmt":"2025-10-25T08:05:51","guid":{"rendered":"https:\/\/noithathuuthinh.vn\/?post_type=product&#038;p=4093"},"modified":"2025-10-25T15:05:51","modified_gmt":"2025-10-25T08:05:51","slug":"ban-hop-van-phong-ath5115","status":"publish","type":"product","link":"https:\/\/noithathuuthinh.vn\/zh-hans\/san-pham\/ban-hop-van-phong-ath5115\/","title":{"rendered":"B\u00e0n h\u1ecdp v\u0103n ph\u00f2ng ATH5115"},"content":{"rendered":"<p data-start=\"751\" data-end=\"1307\">B\u00e0n h\u1ecdp v\u0103n ph\u00f2ng ATH5115 l\u00e0 l\u1ef1a ch\u1ecdn ho\u00e0n h\u1ea3o cho c\u00e1c doanh nghi\u1ec7p \u0111ang t\u00ecm ki\u1ebfm m\u1ed9t m\u1eabu b\u00e0n h\u1ecdp cao c\u1ea5p, mang l\u1ea1i kh\u00f4ng gian sang tr\u1ecdng, chuy\u00ean nghi\u1ec7p v\u00e0 ti\u1ec7n nghi. V\u1edbi thi\u1ebft k\u1ebf d\u1ea1ng <strong data-start=\"978\" data-end=\"1002\">b\u00e0n qu\u00e2y r\u1ed7ng \u1edf gi\u1eefa<\/strong>, m\u1eabu b\u00e0n n\u00e0y kh\u00f4ng ch\u1ec9 gi\u00fap t\u1ed1i \u01b0u di\u1ec7n t\u00edch m\u00e0 c\u00f2n t\u1ea1o c\u1ea3m gi\u00e1c tho\u00e1ng \u0111\u00e3ng, t\u0103ng kh\u1ea3 n\u0103ng t\u01b0\u01a1ng t\u00e1c gi\u1eefa c\u00e1c th\u00e0nh vi\u00ean trong cu\u1ed9c h\u1ecdp. Ki\u1ec3u d\u00e1ng thanh tho\u00e1t, \u0111\u01b0\u1eddng n\u00e9t m\u1ec1m m\u1ea1i c\u00f9ng s\u1ef1 k\u1ebft h\u1ee3p h\u00e0i h\u00f2a gi\u1eefa c\u00f4ng n\u0103ng v\u00e0 th\u1ea9m m\u1ef9 khi\u1ebfn s\u1ea3n ph\u1ea9m tr\u1edf th\u00e0nh \u0111i\u1ec3m nh\u1ea5n n\u1ed5i b\u1eadt trong m\u1ecdi kh\u00f4ng gian h\u1ed9i ngh\u1ecb.<\/p>\n<p data-start=\"1309\" data-end=\"1833\">\u0110i\u1ec3m \u0111\u1eb7c tr\u01b0ng c\u1ee7a b\u00e0n h\u1ecdp ATH5115 l\u00e0 <strong data-start=\"1347\" data-end=\"1370\">ph\u1ea7n r\u1ed7ng trung t\u00e2m<\/strong> \u2014 m\u1ed9t chi ti\u1ebft thi\u1ebft k\u1ebf th\u00f4ng minh gi\u00fap lu\u1ed3ng \u00e1nh s\u00e1ng v\u00e0 kh\u00f4ng kh\u00ed l\u01b0u th\u00f4ng d\u1ec5 d\u00e0ng h\u01a1n. Ph\u1ea7n r\u1ed7ng n\u00e0y c\u0169ng l\u00e0 v\u1ecb tr\u00ed l\u00fd t\u01b0\u1edfng \u0111\u1ec3 trang tr\u00ed hoa, c\u00e2y xanh ho\u1eb7c \u0111\u1eb7t bi\u1ec3u t\u01b0\u1ee3ng th\u01b0\u01a1ng hi\u1ec7u, gi\u00fap ph\u00f2ng h\u1ecdp th\u00eam sinh \u0111\u1ed9ng v\u00e0 mang \u00fd ngh\u0129a phong th\u1ee7y t\u00edch c\u1ef1c. Ngay b\u00ean d\u01b0\u1edbi, b\u00e0n \u0111\u01b0\u1ee3c trang b\u1ecb <strong data-start=\"1660\" data-end=\"1676\">\u0111\u1ee3t t\u00e0i li\u1ec7u<\/strong> ti\u1ec7n d\u1ee5ng, gi\u00fap ng\u01b0\u1eddi d\u00f9ng c\u00f3 th\u1ec3 s\u1eafp x\u1ebfp h\u1ed3 s\u01a1, t\u00e0i li\u1ec7u, laptop hay thi\u1ebft b\u1ecb tr\u00ecnh chi\u1ebfu m\u1ed9t c\u00e1ch ng\u0103n n\u1eafp, t\u0103ng t\u00ednh chuy\u00ean nghi\u1ec7p trong t\u1eebng bu\u1ed5i h\u1ecdp.<\/p>\n<p data-start=\"1835\" data-end=\"2220\">B\u00e0n \u0111\u01b0\u1ee3c ch\u1ebf t\u00e1c t\u1eeb <strong data-start=\"1855\" data-end=\"1894\">g\u1ed7 c\u00f4ng nghi\u1ec7p ph\u1ee7 Melamine cao c\u1ea5p<\/strong>, mang l\u1ea1i b\u1ec1 m\u1eb7t m\u1ecbn \u0111\u1eb9p, kh\u1ea3 n\u0103ng ch\u1ed1ng tr\u1ea7y x\u01b0\u1edbc, ch\u1ed1ng \u1ea9m m\u1ed1c v\u00e0 d\u1ec5 d\u00e0ng v\u1ec7 sinh. L\u1edbp ph\u1ee7 Melamine c\u00f2n gi\u00fap s\u1ea3n ph\u1ea9m gi\u1eef \u0111\u01b0\u1ee3c m\u00e0u s\u1eafc b\u1ec1n \u0111\u1eb9p theo th\u1eddi gian, ph\u00f9 h\u1ee3p v\u1edbi nhi\u1ec1u phong c\u00e1ch n\u1ed9i th\u1ea5t hi\u1ec7n \u0111\u1ea1i. C\u00e1c chi ti\u1ebft gh\u00e9p n\u1ed1i \u0111\u01b0\u1ee3c x\u1eed l\u00fd tinh t\u1ebf, \u0111\u1ea3m b\u1ea3o \u0111\u1ed9 ch\u1eafc ch\u1eafn, \u1ed5n \u0111\u1ecbnh v\u00e0 t\u00ednh \u0111\u1ed3ng nh\u1ea5t cho to\u00e0n b\u1ed9 k\u1ebft c\u1ea5u b\u00e0n.<\/p>\n<p data-start=\"2222\" data-end=\"2624\">Ph\u1ea7n <strong data-start=\"2227\" data-end=\"2245\">\u0111\u1ee3t hoa \u1edf gi\u1eefa<\/strong> l\u00e0 m\u1ed9t \u0111i\u1ec3m nh\u1ea5n tinh t\u1ebf, t\u1ea1o s\u1ef1 m\u1ec1m m\u1ea1i v\u00e0 sang tr\u1ecdng cho kh\u00f4ng gian h\u1ecdp. Thi\u1ebft k\u1ebf n\u00e0y kh\u00f4ng ch\u1ec9 mang y\u1ebfu t\u1ed1 th\u1ea9m m\u1ef9 m\u00e0 c\u00f2n gi\u00fap tinh th\u1ea7n ng\u01b0\u1eddi tham d\u1ef1 tr\u1edf n\u00ean tho\u1ea3i m\u00e1i h\u01a1n trong c\u00e1c bu\u1ed5i l\u00e0m vi\u1ec7c c\u0103ng th\u1eb3ng. K\u1ebft h\u1ee3p v\u1edbi \u0111\u00f3 l\u00e0 h\u1ec7 th\u1ed1ng <strong data-start=\"2485\" data-end=\"2512\">ch\u00e2n b\u00e0n gh\u00e9p v\u1eefng ch\u1eafc<\/strong>, \u0111\u1ea3m b\u1ea3o \u0111\u1ed9 \u1ed5n \u0111\u1ecbnh cao v\u00e0 kh\u1ea3 n\u0103ng ch\u1ecbu l\u1ef1c t\u1ed1t, th\u00edch h\u1ee3p s\u1eed d\u1ee5ng cho nhi\u1ec1u n\u0103m li\u1ec1n m\u00e0 kh\u00f4ng lo bi\u1ebfn d\u1ea1ng.<\/p>\n<p data-start=\"2626\" data-end=\"3061\">V\u1edbi k\u00edch th\u01b0\u1edbc l\u1edbn <strong data-start=\"2645\" data-end=\"2672\">W5100 x D1500 x H750 mm<\/strong>, b\u00e0n h\u1ecdp v\u0103n ph\u00f2ng ATH5115 ph\u00f9 h\u1ee3p v\u1edbi c\u00e1c ph\u00f2ng h\u1ecdp c\u00f3 quy m\u00f4 t\u1eeb 12\u201318 ng\u01b0\u1eddi. Thi\u1ebft k\u1ebf d\u1ea1ng qu\u00e2y r\u1ed7ng mang \u0111\u1ebfn t\u1ea7m nh\u00ecn m\u1edf, gi\u00fap m\u1ecdi ng\u01b0\u1eddi d\u1ec5 d\u00e0ng trao \u0111\u1ed5i, th\u1ea3o lu\u1eadn v\u00e0 n\u1eafm b\u1eaft th\u00f4ng tin trong c\u00e1c cu\u1ed9c h\u1ecdp t\u1eadp trung. Ki\u1ec3u d\u00e1ng b\u00e0n hi\u1ec7n \u0111\u1ea1i, c\u00e2n \u0111\u1ed1i gi\u00fap d\u1ec5 d\u00e0ng ph\u1ed1i h\u1ee3p v\u1edbi nhi\u1ec1u lo\u1ea1i <strong data-start=\"2961\" data-end=\"2995\">gh\u1ebf h\u1ecdp ch\u00e2n qu\u1ef3 ho\u1eb7c gh\u1ebf xoay<\/strong> mang phong c\u00e1ch chuy\u00ean nghi\u1ec7p, \u0111\u1ed3ng b\u1ed9 v\u1edbi t\u1ed5ng th\u1ec3 kh\u00f4ng gian.<\/p>\n<p data-start=\"3063\" data-end=\"3408\">Kh\u00f4ng ch\u1ec9 d\u1eebng l\u1ea1i \u1edf y\u1ebfu t\u1ed1 c\u00f4ng n\u0103ng, b\u00e0n h\u1ecdp ATH5115 c\u00f2n th\u1ec3 hi\u1ec7n s\u1ef1 tinh t\u1ebf trong t\u1eebng chi ti\u1ebft nh\u1ecf. T\u1eeb ph\u1ea7n m\u00e9p b\u00e0n \u0111\u01b0\u1ee3c bo tr\u00f2n an to\u00e0n, b\u1ec1 m\u1eb7t v\u00e2n g\u1ed7 t\u1ef1 nhi\u00ean sang tr\u1ecdng cho \u0111\u1ebfn \u0111\u1ed9 cao ti\u00eau chu\u1ea9n 750 mm gi\u00fap ng\u01b0\u1eddi d\u00f9ng ng\u1ed3i tho\u1ea3i m\u00e1i trong th\u1eddi gian d\u00e0i \u2014 t\u1ea5t c\u1ea3 \u0111\u1ec1u \u0111\u01b0\u1ee3c t\u00ednh to\u00e1n k\u1ef9 l\u01b0\u1ee1ng nh\u1eb1m mang l\u1ea1i tr\u1ea3i nghi\u1ec7m s\u1eed d\u1ee5ng t\u1ed1i \u01b0u nh\u1ea5t.<\/p>\n<p data-start=\"3410\" data-end=\"3725\">S\u1ea3n ph\u1ea9m l\u00e0 s\u1ef1 l\u1ef1a ch\u1ecdn ho\u00e0n h\u1ea3o cho <strong data-start=\"3447\" data-end=\"3559\">ph\u00f2ng h\u1ecdp gi\u00e1m \u0111\u1ed1c, ph\u00f2ng h\u1ed9i \u0111\u1ed3ng, ho\u1eb7c ph\u00f2ng h\u1ecdp l\u1edbn t\u1ea1i doanh nghi\u1ec7p, c\u01a1 quan nh\u00e0 n\u01b0\u1edbc, t\u1ed5 ch\u1ee9c t\u00e0i ch\u00ednh<\/strong>,\u2026 B\u00e0n h\u1ecdp v\u0103n ph\u00f2ng ATH5115 kh\u00f4ng ch\u1ec9 l\u00e0 n\u01a1i di\u1ec5n ra c\u00e1c bu\u1ed5i h\u1ecdp quan tr\u1ecdng m\u00e0 c\u00f2n g\u00f3p ph\u1ea7n th\u1ec3 hi\u1ec7n h\u00ecnh \u1ea3nh chuy\u00ean nghi\u1ec7p, \u0111\u1eb3ng c\u1ea5p v\u00e0 t\u1ea7m v\u00f3c c\u1ee7a doanh nghi\u1ec7p.<\/p>\n<p data-start=\"3727\" data-end=\"4033\" data-is-last-node=\"\" data-is-only-node=\"\">N\u1ebfu b\u1ea1n \u0111ang t\u00ecm ki\u1ebfm m\u1ed9t m\u1eabu b\u00e0n h\u1ecdp mang phong c\u00e1ch hi\u1ec7n \u0111\u1ea1i, b\u1ec1n \u0111\u1eb9p v\u00e0 th\u1ec3 hi\u1ec7n \u0111\u1eb3ng c\u1ea5p cho kh\u00f4ng gian l\u00e0m vi\u1ec7c, <strong data-start=\"3845\" data-end=\"3874\">b\u00e0n h\u1ecdp v\u0103n ph\u00f2ng ATH5115<\/strong> ch\u1eafc ch\u1eafn l\u00e0 l\u1ef1a ch\u1ecdn l\u00fd t\u01b0\u1edfng, k\u1ebft h\u1ee3p h\u00e0i h\u00f2a gi\u1eefa t\u00ednh ti\u1ec7n nghi v\u00e0 v\u1ebb \u0111\u1eb9p sang tr\u1ecdng, x\u1ee9ng \u0111\u00e1ng \u0111\u1ed3ng h\u00e0nh c\u00f9ng doanh nghi\u1ec7p trong m\u1ecdi cu\u1ed9c h\u1ecdp th\u00e0nh c\u00f4ng.<\/p>\n","protected":false},"excerpt":{"rendered":"<p data-start=\"33\" data-end=\"397\">B\u00e0n h\u1ecdp v\u0103n ph\u00f2ng ATH5115 l\u00e0 m\u1eabu b\u00e0n h\u1ecdp qu\u00e2y r\u1ed7ng gi\u1eefa hi\u1ec7n \u0111\u1ea1i, \u0111\u01b0\u1ee3c thi\u1ebft k\u1ebf ti\u1ec7n l\u1ee3i v\u1edbi <strong data-start=\"157\" data-end=\"173\">\u0111\u1ee3t t\u00e0i li\u1ec7u<\/strong> v\u00e0 <strong data-start=\"177\" data-end=\"208\">\u0111\u1ee3t hoa trang tr\u00ed trung t\u00e2m<\/strong>, mang \u0111\u1ebfn s\u1ef1 c\u00e2n \u0111\u1ed1i v\u00e0 t\u00ednh th\u1ea9m m\u1ef9 cao cho kh\u00f4ng gian ph\u00f2ng h\u1ecdp. Thi\u1ebft k\u1ebf d\u1ea1ng qu\u00e2y gi\u00fap ng\u01b0\u1eddi ng\u1ed3i d\u1ec5 d\u00e0ng trao \u0111\u1ed5i, t\u01b0\u01a1ng t\u00e1c, \u0111\u1ed3ng th\u1eddi t\u1ea1o c\u1ea3m gi\u00e1c m\u1edf, th\u00f4ng tho\u00e1ng cho kh\u00f4ng gian.<\/p>\n<p data-start=\"399\" data-end=\"436\">K\u00edch th\u01b0\u1edbc: W5100 x D1500 x H750 mm<\/p>\n<p data-start=\"438\" data-end=\"588\">Xu\u1ea5t x\u1ee9: S\u1ea3n ph\u1ea9m c\u1ee7a <strong data-start=\"460\" data-end=\"488\">C\u00f4ng ty N\u1ed8I TH\u1ea4T THE ONE<\/strong> \u2013 Ph\u00e2n ph\u1ed1i b\u1edfi <strong data-start=\"505\" data-end=\"541\">C\u00d4NG TY TNHH SXTM TTNT H\u1eeeU TH\u1ecaNH<\/strong><br data-start=\"541\" data-end=\"544\" \/>B\u1ea3o h\u00e0nh: 12 th\u00e1ng theo ti\u00eau chu\u1ea9n nh\u00e0 m\u00e1y<\/p>\n<p data-start=\"590\" data-end=\"744\"><span style=\"color: #ed1c24;\"><em data-start=\"590\" data-end=\"742\">L\u01b0u \u00fd: Gi\u00e1 tr\u00ean ch\u01b0a bao g\u1ed3m VAT v\u00e0 ph\u00ed v\u1eadn chuy\u1ec3n. Gi\u00e1 s\u1ea3n ph\u1ea9m c\u00f3 th\u1ec3 thay \u0111\u1ed5i theo t\u1eebng th\u1eddi \u0111i\u1ec3m, vui l\u00f2ng li\u00ean h\u1ec7 \u0111\u1ec3 nh\u1eadn t\u01b0 v\u1ea5n \u01b0u \u0111\u00e3i t\u1ed1t nh\u1ea5t.<\/em><\/span><\/p>\n","protected":false},"featured_media":4094,"comment_status":"open","ping_status":"closed","template":"","meta":[],"product_brand":[],"product_cat":[17,178],"product_tag":[],"class_list":{"0":"post-4093","1":"product","2":"type-product","3":"status-publish","4":"has-post-thumbnail","6":"product_cat-noi-that-van-phong","7":"product_cat-ban-hop-van-phong","9":"first","10":"instock","11":"taxable","12":"shipping-taxable","13":"purchasable","14":"product-type-simple"},"_links":{"self":[{"href":"https:\/\/noithathuuthinh.vn\/zh-hans\/wp-json\/wp\/v2\/product\/4093","targetHints":{"allow":["GET"]}}],"collection":[{"href":"https:\/\/noithathuuthinh.vn\/zh-hans\/wp-json\/wp\/v2\/product"}],"about":[{"href":"https:\/\/noithathuuthinh.vn\/zh-hans\/wp-json\/wp\/v2\/types\/product"}],"replies":[{"embeddable":true,"href":"https:\/\/noithathuuthinh.vn\/zh-hans\/wp-json\/wp\/v2\/comments?post=4093"}],"wp:featuredmedia":[{"embeddable":true,"href":"https:\/\/noithathuuthinh.vn\/zh-hans\/wp-json\/wp\/v2\/media\/4094"}],"wp:attachment":[{"href":"https:\/\/noithathuuthinh.vn\/zh-hans\/wp-json\/wp\/v2\/media?parent=4093"}],"wp:term":[{"taxonomy":"product_brand","embeddable":true,"href":"https:\/\/noithathuuthinh.vn\/zh-hans\/wp-json\/wp\/v2\/product_brand?post=4093"},{"taxonomy":"product_cat","embeddable":true,"href":"https:\/\/noithathuuthinh.vn\/zh-hans\/wp-json\/wp\/v2\/product_cat?post=4093"},{"taxonomy":"product_tag","embeddable":true,"href":"https:\/\/noithathuuthinh.vn\/zh-hans\/wp-json\/wp\/v2\/product_tag?post=4093"}],"curies":[{"name":"wp","href":"https:\/\/api.w.org\/{rel}","templated":true}]}}