{"id":4095,"date":"2025-10-25T15:12:34","date_gmt":"2025-10-25T08:12:34","guid":{"rendered":"https:\/\/noithathuuthinh.vn\/?post_type=product&#038;p=4095"},"modified":"2025-10-25T15:12:34","modified_gmt":"2025-10-25T08:12:34","slug":"tu-ho-so-m3dv1","status":"publish","type":"product","link":"https:\/\/noithathuuthinh.vn\/zh-hans\/san-pham\/tu-ho-so-m3dv1\/","title":{"rendered":"T\u1ee7 h\u1ed3 s\u01a1 M3DV1"},"content":{"rendered":"<p data-start=\"697\" data-end=\"1121\">T\u1ee7 h\u1ed3 s\u01a1 M3DV1 thu\u1ed9c d\u00f2ng h\u1ed9c di \u0111\u1ed9ng cao c\u1ea5p c\u1ee7a N\u1ed9i th\u1ea5t The One, \u0111\u01b0\u1ee3c thi\u1ebft k\u1ebf h\u01b0\u1edbng \u0111\u1ebfn s\u1ef1 ti\u1ec7n l\u1ee3i v\u00e0 hi\u1ec7n \u0111\u1ea1i cho kh\u00f4ng gian l\u00e0m vi\u1ec7c chuy\u00ean nghi\u1ec7p. V\u1edbi ki\u1ec3u d\u00e1ng nh\u1ecf g\u1ecdn, ch\u1ea5t li\u1ec7u b\u1ec1n \u0111\u1eb9p v\u00e0 kh\u1ea3 n\u0103ng di chuy\u1ec3n linh ho\u1ea1t, s\u1ea3n ph\u1ea9m mang l\u1ea1i gi\u1ea3i ph\u00e1p l\u01b0u tr\u1eef t\u1ed1i \u01b0u cho m\u1ecdi v\u0103n ph\u00f2ng, \u0111\u1eb7c bi\u1ec7t ph\u00f9 h\u1ee3p v\u1edbi c\u00e1c v\u1ecb tr\u00ed b\u00e0n l\u00e0m vi\u1ec7c c\u00e1 nh\u00e2n, khu h\u00e0nh ch\u00ednh ho\u1eb7c ph\u00f2ng gi\u00e1m \u0111\u1ed1c.<\/p>\n<p data-start=\"1123\" data-end=\"1601\">\u0110i\u1ec3m n\u1ed5i b\u1eadt c\u1ee7a <strong data-start=\"1140\" data-end=\"1158\">t\u1ee7 h\u1ed3 s\u01a1 M3DV1<\/strong> n\u1eb1m \u1edf thi\u1ebft k\u1ebf 3 ng\u0103n k\u00e9o \u0111\u1ed9c l\u1eadp, gi\u00fap ng\u01b0\u1eddi d\u00f9ng d\u1ec5 d\u00e0ng ph\u00e2n lo\u1ea1i t\u00e0i li\u1ec7u, h\u1ed3 s\u01a1, v\u1eadt d\u1ee5ng c\u00e1 nh\u00e2n ho\u1eb7c v\u0103n ph\u00f2ng ph\u1ea9m. C\u00e1c ng\u0103n k\u00e9o \u0111\u01b0\u1ee3c trang b\u1ecb h\u1ec7 ray tr\u01b0\u1ee3t \u00eam \u00e1i, \u0111\u1ea3m b\u1ea3o thao t\u00e1c k\u00e9o \u2013 \u0111\u1ea9y nh\u1eb9 nh\u00e0ng, kh\u00f4ng g\u00e2y ti\u1ebfng \u1ed3n, \u0111\u1ed3ng th\u1eddi gi\u00fap k\u00e9o d\u00e0i tu\u1ed5i th\u1ecd cho s\u1ea3n ph\u1ea9m. B\u00ean c\u1ea1nh \u0111\u00f3, h\u1ec7 kh\u00f3a d\u00e0n th\u00f4ng minh \u0111\u01b0\u1ee3c t\u00edch h\u1ee3p gi\u00fap ng\u01b0\u1eddi s\u1eed d\u1ee5ng c\u00f3 th\u1ec3 kh\u00f3a c\u00f9ng l\u00fac nhi\u1ec1u ng\u0103n k\u00e9o, n\u00e2ng cao t\u00ednh b\u1ea3o m\u1eadt v\u00e0 ti\u1ec7n d\u1ee5ng trong qu\u00e1 tr\u00ecnh s\u1eed d\u1ee5ng.<\/p>\n<p data-start=\"1603\" data-end=\"2056\">V\u1ec1 ch\u1ea5t li\u1ec7u, <strong data-start=\"1617\" data-end=\"1626\">M3DV1<\/strong> \u0111\u01b0\u1ee3c s\u1ea3n xu\u1ea5t t\u1eeb g\u1ed7 Veneer t\u1ef1 nhi\u00ean ho\u1eb7c k\u1ebft h\u1ee3p Veneer v\u1edbi Melamine m\u1eb7t trong. L\u1edbp Veneer t\u1ea1o n\u00ean v\u1ebb \u0111\u1eb9p tinh t\u1ebf, sang tr\u1ecdng v\u1edbi v\u00e2n g\u1ed7 th\u1eadt, mang l\u1ea1i c\u1ea3m gi\u00e1c g\u1ea7n g\u0169i v\u00e0 cao c\u1ea5p. Trong khi \u0111\u00f3, l\u1edbp Melamine m\u1eb7t trong c\u00f3 kh\u1ea3 n\u0103ng ch\u1ed1ng \u1ea9m, ch\u1ed1ng tr\u1ea7y x\u01b0\u1edbc t\u1ed1t, gi\u00fap duy tr\u00ec v\u1ebb m\u1edbi l\u00e2u d\u00e0i v\u00e0 d\u1ec5 d\u00e0ng v\u1ec7 sinh. S\u1ef1 k\u1ebft h\u1ee3p n\u00e0y kh\u00f4ng ch\u1ec9 gi\u00fap s\u1ea3n ph\u1ea9m c\u00f3 t\u00ednh th\u1ea9m m\u1ef9 cao m\u00e0 c\u00f2n \u0111\u1ea3m b\u1ea3o \u0111\u1ed9 b\u1ec1n b\u1ec9 v\u01b0\u1ee3t tr\u1ed9i trong qu\u00e1 tr\u00ecnh s\u1eed d\u1ee5ng.<\/p>\n<p data-start=\"2058\" data-end=\"2507\">Ki\u1ec3u d\u00e1ng c\u1ee7a <strong data-start=\"2072\" data-end=\"2090\">t\u1ee7 h\u1ed3 s\u01a1 M3DV1<\/strong> \u0111\u01b0\u1ee3c thi\u1ebft k\u1ebf theo phong c\u00e1ch t\u1ed1i gi\u1ea3n, hi\u1ec7n \u0111\u1ea1i v\u1edbi c\u00e1c \u0111\u01b0\u1eddng n\u00e9t vu\u00f4ng v\u1eafn, tinh t\u1ebf, ph\u00f9 h\u1ee3p v\u1edbi nhi\u1ec1u kh\u00f4ng gian n\u1ed9i th\u1ea5t v\u0103n ph\u00f2ng kh\u00e1c nhau. Nh\u1edd trang b\u1ecb h\u1ec7 th\u1ed1ng b\u00e1nh xe ch\u1eafc ch\u1eafn, t\u1ee7 c\u00f3 th\u1ec3 d\u1ec5 d\u00e0ng di chuy\u1ec3n \u0111\u1ebfn v\u1ecb tr\u00ed mong mu\u1ed1n, thu\u1eadn ti\u1ec7n cho vi\u1ec7c s\u1eafp x\u1ebfp ho\u1eb7c d\u1ecdn d\u1eb9p kh\u00f4ng gian l\u00e0m vi\u1ec7c. D\u00f9 nh\u1ecf g\u1ecdn, M3DV1 v\u1eabn \u0111\u1ea3m b\u1ea3o c\u00f4ng n\u0103ng l\u01b0u tr\u1eef \u0111\u1ea7y \u0111\u1ee7, gi\u00fap b\u00e0n l\u00e0m vi\u1ec7c lu\u00f4n g\u1ecdn g\u00e0ng, chuy\u00ean nghi\u1ec7p v\u00e0 khoa h\u1ecdc.<\/p>\n<p data-start=\"2509\" data-end=\"2752\">S\u1ea3n ph\u1ea9m \u0111\u1eb7c bi\u1ec7t ph\u00f9 h\u1ee3p khi k\u1ebft h\u1ee3p c\u00f9ng c\u00e1c m\u1eabu b\u00e0n Veneer c\u1ee7a d\u00f2ng gi\u00e1m \u0111\u1ed1c ho\u1eb7c b\u00e0n ch\u00e2n s\u1eaft Melamine hi\u1ec7n \u0111\u1ea1i. Khi b\u1ed1 tr\u00ed \u0111\u1ed3ng b\u1ed9, kh\u00f4ng gian l\u00e0m vi\u1ec7c tr\u1edf n\u00ean h\u00e0i h\u00f2a, \u0111\u1eb3ng c\u1ea5p v\u00e0 t\u1ea1o \u1ea5n t\u01b0\u1ee3ng chuy\u00ean nghi\u1ec7p v\u1edbi kh\u00e1ch h\u00e0ng ho\u1eb7c \u0111\u1ed1i t\u00e1c.<\/p>\n<p data-start=\"2754\" data-end=\"3118\" data-is-last-node=\"\" data-is-only-node=\"\">T\u1ee7 h\u1ed3 s\u01a1 M3DV1 kh\u00f4ng ch\u1ec9 l\u00e0 m\u1ed9t v\u1eadt d\u1ee5ng l\u01b0u tr\u1eef m\u00e0 c\u00f2n l\u00e0 chi ti\u1ebft g\u00f3p ph\u1ea7n ho\u00e0n thi\u1ec7n kh\u00f4ng gian n\u1ed9i th\u1ea5t v\u0103n ph\u00f2ng, mang l\u1ea1i s\u1ef1 tinh t\u1ebf v\u00e0 phong c\u00e1ch cho ng\u01b0\u1eddi s\u1eed d\u1ee5ng. V\u1edbi \u0111\u1ed9 b\u1ec1n cao, thi\u1ebft k\u1ebf th\u00f4ng minh v\u00e0 t\u00ednh \u1ee9ng d\u1ee5ng linh ho\u1ea1t, \u0111\u00e2y l\u00e0 l\u1ef1a ch\u1ecdn l\u00fd t\u01b0\u1edfng cho nh\u1eefng ai \u0111ang t\u00ecm ki\u1ebfm m\u1ed9t m\u1eabu h\u1ed9c di \u0111\u1ed9ng v\u1eeba \u0111\u1eb9p, v\u1eeba ti\u1ec7n nghi cho m\u00f4i tr\u01b0\u1eddng l\u00e0m vi\u1ec7c hi\u1ec7n \u0111\u1ea1i.<\/p>\n","protected":false},"excerpt":{"rendered":"<p data-start=\"22\" data-end=\"347\">T\u1ee7 h\u1ed3 s\u01a1 M3DV1 l\u00e0 m\u1eabu h\u1ed9c di \u0111\u1ed9ng ti\u1ec7n d\u1ee5ng g\u1ed3m 3 ng\u0103n k\u00e9o, \u0111\u01b0\u1ee3c s\u1ea3n xu\u1ea5t t\u1eeb ch\u1ea5t li\u1ec7u g\u1ed7 Veneer cao c\u1ea5p ho\u1eb7c Veneer k\u1ebft h\u1ee3p Melamine m\u1eb7t trong, mang \u0111\u1ebfn v\u1ebb \u0111\u1eb9p sang tr\u1ecdng v\u00e0 \u0111\u1ed9 b\u1ec1n v\u01b0\u1ee3t tr\u1ed9i. S\u1ea3n ph\u1ea9m s\u1eed d\u1ee5ng h\u1ec7 thanh kh\u00f3a d\u00e0n hi\u1ec7n \u0111\u1ea1i gi\u00fap b\u1ea3o m\u1eadt t\u1ed1t v\u00e0 thu\u1eadn ti\u1ec7n trong qu\u00e1 tr\u00ecnh s\u1eed d\u1ee5ng.<\/p>\n<p data-start=\"349\" data-end=\"690\">K\u00edch th\u01b0\u1edbc: W400 x D500 x H620 mm<\/p>\n<p data-start=\"349\" data-end=\"690\">G\u1ed7 Veneer\u00a0 &#8211; <span style=\"color: #ed1c24; font-size: 120%;\"><strong>1.942.000 \u0111<\/strong><\/span><br \/>\nVeneer k\u1ebft h\u1ee3p Melamine &#8211; <span style=\"color: #ed1c24; font-size: 120%;\"><strong>1.524.000 \u0111<\/strong><\/span><\/p>\n<p data-start=\"349\" data-end=\"690\">Xu\u1ea5t x\u1ee9: S\u1ea3n ph\u1ea9m c\u1ee7a c\u00f4ng ty <strong data-start=\"415\" data-end=\"435\">N\u1ed8I TH\u1ea4T THE ONE<\/strong> \u2013 Ph\u00e2n ph\u1ed1i b\u1edfi <strong data-start=\"452\" data-end=\"488\">C\u00d4NG TY TNHH SXTM TTNT H\u1eeeU TH\u1ecaNH<\/strong><br data-start=\"488\" data-end=\"491\" \/>B\u1ea3o h\u00e0nh: 12 th\u00e1ng theo ti\u00eau chu\u1ea9n nh\u00e0 m\u00e1y<br data-start=\"533\" data-end=\"536\" \/><span style=\"color: #ed1c24;\"><em data-start=\"536\" data-end=\"688\">L\u01b0u \u00fd: Gi\u00e1 tr\u00ean ch\u01b0a bao g\u1ed3m VAT v\u00e0 ph\u00ed v\u1eadn chuy\u1ec3n. Gi\u00e1 s\u1ea3n ph\u1ea9m c\u00f3 th\u1ec3 thay \u0111\u1ed5i theo t\u1eebng th\u1eddi \u0111i\u1ec3m, vui l\u00f2ng li\u00ean h\u1ec7 \u0111\u1ec3 nh\u1eadn t\u01b0 v\u1ea5n \u01b0u \u0111\u00e3i t\u1ed1t nh\u1ea5t.<\/em><\/span><\/p>\n","protected":false},"featured_media":4096,"comment_status":"open","ping_status":"closed","template":"","meta":[],"product_brand":[],"product_cat":[17,760],"product_tag":[],"class_list":{"0":"post-4095","1":"product","2":"type-product","3":"status-publish","4":"has-post-thumbnail","6":"product_cat-noi-that-van-phong","7":"product_cat-tu-go-van-phong","9":"first","10":"instock","11":"taxable","12":"shipping-taxable","13":"purchasable","14":"product-type-simple"},"_links":{"self":[{"href":"https:\/\/noithathuuthinh.vn\/zh-hans\/wp-json\/wp\/v2\/product\/4095","targetHints":{"allow":["GET"]}}],"collection":[{"href":"https:\/\/noithathuuthinh.vn\/zh-hans\/wp-json\/wp\/v2\/product"}],"about":[{"href":"https:\/\/noithathuuthinh.vn\/zh-hans\/wp-json\/wp\/v2\/types\/product"}],"replies":[{"embeddable":true,"href":"https:\/\/noithathuuthinh.vn\/zh-hans\/wp-json\/wp\/v2\/comments?post=4095"}],"wp:featuredmedia":[{"embeddable":true,"href":"https:\/\/noithathuuthinh.vn\/zh-hans\/wp-json\/wp\/v2\/media\/4096"}],"wp:attachment":[{"href":"https:\/\/noithathuuthinh.vn\/zh-hans\/wp-json\/wp\/v2\/media?parent=4095"}],"wp:term":[{"taxonomy":"product_brand","embeddable":true,"href":"https:\/\/noithathuuthinh.vn\/zh-hans\/wp-json\/wp\/v2\/product_brand?post=4095"},{"taxonomy":"product_cat","embeddable":true,"href":"https:\/\/noithathuuthinh.vn\/zh-hans\/wp-json\/wp\/v2\/product_cat?post=4095"},{"taxonomy":"product_tag","embeddable":true,"href":"https:\/\/noithathuuthinh.vn\/zh-hans\/wp-json\/wp\/v2\/product_tag?post=4095"}],"curies":[{"name":"wp","href":"https:\/\/api.w.org\/{rel}","templated":true}]}}