{"id":4099,"date":"2025-10-25T15:25:14","date_gmt":"2025-10-25T08:25:14","guid":{"rendered":"https:\/\/noithathuuthinh.vn\/?post_type=product&#038;p=4099"},"modified":"2025-10-25T15:25:14","modified_gmt":"2025-10-25T08:25:14","slug":"tu-ho-so-m3d","status":"publish","type":"product","link":"https:\/\/noithathuuthinh.vn\/zh-hans\/san-pham\/tu-ho-so-m3d\/","title":{"rendered":"T\u1ee7 h\u1ed3 s\u01a1 M3D"},"content":{"rendered":"<p data-start=\"723\" data-end=\"1103\">T\u1ee7 h\u1ed3 s\u01a1 M3D l\u00e0 d\u00f2ng h\u1ed9c di \u0111\u1ed9ng cao c\u1ea5p \u0111\u01b0\u1ee3c thi\u1ebft k\u1ebf nh\u1eb1m \u0111\u00e1p \u1ee9ng nhu c\u1ea7u l\u01b0u tr\u1eef linh ho\u1ea1t, sang tr\u1ecdng v\u00e0 an to\u00e0n trong m\u00f4i tr\u01b0\u1eddng l\u00e0m vi\u1ec7c hi\u1ec7n \u0111\u1ea1i. V\u1edbi thi\u1ebft k\u1ebf nh\u1ecf g\u1ecdn, m\u00e0u s\u1eafc trang nh\u00e3 c\u00f9ng ch\u1ea5t li\u1ec7u g\u1ed7 s\u01a1n PU b\u00f3ng m\u1ecbn, s\u1ea3n ph\u1ea9m kh\u00f4ng ch\u1ec9 gi\u00fap s\u1eafp x\u1ebfp t\u00e0i li\u1ec7u khoa h\u1ecdc m\u00e0 c\u00f2n g\u00f3p ph\u1ea7n n\u00e2ng t\u1ea7m th\u1ea9m m\u1ef9 cho kh\u00f4ng gian v\u0103n ph\u00f2ng.<\/p>\n<p data-start=\"1105\" data-end=\"1623\">\u0110i\u1ec3m n\u1ed5i b\u1eadt c\u1ee7a <strong data-start=\"1122\" data-end=\"1138\">t\u1ee7 h\u1ed3 s\u01a1 M3D<\/strong> l\u00e0 c\u1ea5u tr\u00fac g\u1ed3m <strong data-start=\"1155\" data-end=\"1178\">3 ng\u0103n k\u00e9o r\u1ed9ng r\u00e3i<\/strong>, cho ph\u00e9p ng\u01b0\u1eddi d\u00f9ng d\u1ec5 d\u00e0ng ph\u00e2n lo\u1ea1i v\u00e0 l\u01b0u tr\u1eef t\u00e0i li\u1ec7u, gi\u1ea5y t\u1edd, h\u1ed3 s\u01a1 ho\u1eb7c c\u00e1c v\u1eadt d\u1ee5ng v\u0103n ph\u00f2ng kh\u00e1c nhau. M\u1ed7i ng\u0103n k\u00e9o \u0111\u1ec1u \u0111\u01b0\u1ee3c thi\u1ebft k\u1ebf ch\u1eafc ch\u1eafn, v\u1eadn h\u00e0nh nh\u1eb9 nh\u00e0ng nh\u1edd h\u1ec7 th\u1ed1ng ray tr\u01b0\u1ee3t ch\u1ea5t l\u01b0\u1ee3ng cao, gi\u00fap k\u00e9o \u2013 \u0111\u1ea9y \u00eam \u00e1i, h\u1ea1n ch\u1ebf ti\u1ebfng \u1ed3n v\u00e0 \u0111\u1ea3m b\u1ea3o \u0111\u1ed9 b\u1ec1n s\u1eed d\u1ee5ng l\u00e2u d\u00e0i. H\u1ec7 th\u1ed1ng <strong data-start=\"1476\" data-end=\"1488\">kh\u00f3a d\u00e0n<\/strong> th\u00f4ng minh cho ph\u00e9p kh\u00f3a \u0111\u1ed3ng th\u1eddi to\u00e0n b\u1ed9 c\u00e1c ng\u0103n ch\u1ec9 b\u1eb1ng m\u1ed9t thao t\u00e1c, mang l\u1ea1i s\u1ef1 an to\u00e0n v\u00e0 ti\u1ec7n l\u1ee3i t\u1ed1i \u0111a cho ng\u01b0\u1eddi s\u1eed d\u1ee5ng.<\/p>\n<p data-start=\"1625\" data-end=\"1973\">V\u1ec1 ch\u1ea5t li\u1ec7u, <strong data-start=\"1639\" data-end=\"1646\">M3D<\/strong> \u0111\u01b0\u1ee3c l\u00e0m ho\u00e0n to\u00e0n t\u1eeb <strong data-start=\"1669\" data-end=\"1690\">g\u1ed7 s\u01a1n PU cao c\u1ea5p<\/strong> \u2013 m\u1ed9t trong nh\u1eefng v\u1eadt li\u1ec7u ph\u1ed5 bi\u1ebfn trong d\u00f2ng n\u1ed9i th\u1ea5t v\u0103n ph\u00f2ng h\u1ea1ng sang. L\u1edbp s\u01a1n PU kh\u00f4ng ch\u1ec9 gi\u00fap b\u1ec1 m\u1eb7t g\u1ed7 s\u00e1ng b\u00f3ng, m\u1ecbn m\u00e0ng m\u00e0 c\u00f2n t\u1ea1o l\u1edbp b\u1ea3o v\u1ec7 ch\u1ed1ng tr\u1ea7y x\u01b0\u1edbc, \u1ea9m m\u1ed1c v\u00e0 b\u00e1m b\u1ee5i hi\u1ec7u qu\u1ea3. \u0110i\u1ec1u n\u00e0y gi\u00fap t\u1ee7 lu\u00f4n gi\u1eef \u0111\u01b0\u1ee3c v\u1ebb \u0111\u1eb9p nh\u01b0 m\u1edbi d\u00f9 tr\u1ea3i qua th\u1eddi gian d\u00e0i s\u1eed d\u1ee5ng.<\/p>\n<p data-start=\"1975\" data-end=\"2453\">Thi\u1ebft k\u1ebf t\u1ed5ng th\u1ec3 c\u1ee7a <strong data-start=\"1997\" data-end=\"2013\">t\u1ee7 h\u1ed3 s\u01a1 M3D<\/strong> h\u01b0\u1edbng \u0111\u1ebfn s\u1ef1 tinh gi\u1ea3n v\u00e0 t\u00ednh \u1ee9ng d\u1ee5ng cao. C\u00e1c \u0111\u01b0\u1eddng n\u00e9t vu\u00f4ng v\u1ee9c, c\u00e2n \u0111\u1ed1i th\u1ec3 hi\u1ec7n phong c\u00e1ch hi\u1ec7n \u0111\u1ea1i, d\u1ec5 d\u00e0ng ph\u1ed1i h\u1ee3p v\u1edbi nhi\u1ec1u ki\u1ec3u b\u00e0n l\u00e0m vi\u1ec7c kh\u00e1c nhau, t\u1eeb b\u00e0n gi\u00e1m \u0111\u1ed1c s\u01a1n PU sang tr\u1ecdng \u0111\u1ebfn b\u00e0n ch\u00e2n s\u1eaft ho\u1eb7c b\u00e0n c\u1ee5m nh\u00e2n vi\u00ean. Nh\u1edd thi\u1ebft k\u1ebf <strong data-start=\"2266\" data-end=\"2299\">di \u0111\u1ed9ng linh ho\u1ea1t v\u1edbi b\u00e1nh xe<\/strong>, s\u1ea3n ph\u1ea9m c\u00f3 th\u1ec3 d\u1ec5 d\u00e0ng di chuy\u1ec3n \u0111\u1ebfn b\u1ea5t k\u1ef3 v\u1ecb tr\u00ed n\u00e0o trong v\u0103n ph\u00f2ng m\u00e0 kh\u00f4ng c\u1ea7n t\u1ed1n nhi\u1ec1u c\u00f4ng s\u1ee9c, \u0111\u1ed3ng th\u1eddi v\u1eabn \u0111\u1ea3m b\u1ea3o s\u1ef1 g\u1ecdn g\u00e0ng v\u00e0 th\u1ea9m m\u1ef9.<\/p>\n<p data-start=\"2455\" data-end=\"2717\">Kh\u00f4ng ch\u1ec9 d\u1eebng l\u1ea1i \u1edf c\u00f4ng n\u0103ng l\u01b0u tr\u1eef, <strong data-start=\"2495\" data-end=\"2502\">M3D<\/strong> c\u00f2n mang \u0111\u1ebfn c\u1ea3m gi\u00e1c chuy\u00ean nghi\u1ec7p v\u00e0 tinh t\u1ebf cho ng\u01b0\u1eddi s\u1eed d\u1ee5ng. \u0110\u00e2y l\u00e0 m\u1ed9t chi ti\u1ebft nh\u1ecf nh\u01b0ng c\u00f3 \u1ea3nh h\u01b0\u1edfng l\u1edbn trong vi\u1ec7c t\u1ea1o d\u1ef1ng kh\u00f4ng gian l\u00e0m vi\u1ec7c khoa h\u1ecdc, ng\u0103n n\u1eafp v\u00e0 th\u1ec3 hi\u1ec7n phong c\u00e1ch qu\u1ea3n l\u00fd hi\u1ec7n \u0111\u1ea1i.<\/p>\n<p data-start=\"2719\" data-end=\"3079\">V\u1edbi <strong data-start=\"2723\" data-end=\"2768\">k\u00edch th\u01b0\u1edbc g\u1ecdn g\u00e0ng W400 x D500 x H620 mm<\/strong>, <strong data-start=\"2770\" data-end=\"2786\">t\u1ee7 h\u1ed3 s\u01a1 M3D<\/strong> d\u1ec5 d\u00e0ng b\u1ed1 tr\u00ed d\u01b0\u1edbi b\u00e0n l\u00e0m vi\u1ec7c ho\u1eb7c \u1edf g\u00f3c ph\u00f2ng m\u00e0 kh\u00f4ng chi\u1ebfm nhi\u1ec1u di\u1ec7n t\u00edch. S\u1ea3n ph\u1ea9m ph\u00f9 h\u1ee3p v\u1edbi m\u1ecdi \u0111\u1ed1i t\u01b0\u1ee3ng s\u1eed d\u1ee5ng \u2013 t\u1eeb nh\u00e2n vi\u00ean v\u0103n ph\u00f2ng, tr\u01b0\u1edfng ph\u00f2ng \u0111\u1ebfn gi\u00e1m \u0111\u1ed1c \u2013 v\u00e0 c\u00f3 th\u1ec3 k\u1ebft h\u1ee3p \u0111\u1ed3ng b\u1ed9 v\u1edbi c\u00e1c d\u00f2ng b\u00e0n PU c\u00f9ng m\u00e3, t\u1ea1o n\u00ean m\u1ed9t kh\u00f4ng gian l\u00e0m vi\u1ec7c \u0111\u1ed3ng nh\u1ea5t v\u00e0 sang tr\u1ecdng.<\/p>\n<p data-start=\"3081\" data-end=\"3468\" data-is-last-node=\"\" data-is-only-node=\"\">Nh\u1edd s\u1ef1 k\u1ebft h\u1ee3p ho\u00e0n h\u1ea3o gi\u1eefa <strong data-start=\"3110\" data-end=\"3175\">ch\u1ea5t li\u1ec7u cao c\u1ea5p, thi\u1ebft k\u1ebf ti\u1ec7n d\u1ee5ng v\u00e0 t\u00ednh th\u1ea9m m\u1ef9 tinh t\u1ebf<\/strong>, <strong data-start=\"3177\" data-end=\"3193\">t\u1ee7 h\u1ed3 s\u01a1 M3D<\/strong> l\u00e0 l\u1ef1a ch\u1ecdn t\u1ed1i \u01b0u cho c\u00e1c doanh nghi\u1ec7p, t\u1ed5 ch\u1ee9c ho\u1eb7c c\u00e1 nh\u00e2n mu\u1ed1n x\u00e2y d\u1ef1ng h\u00ecnh \u1ea3nh v\u0103n ph\u00f2ng hi\u1ec7n \u0111\u1ea1i v\u00e0 chuy\u00ean nghi\u1ec7p. \u0110\u00e2y l\u00e0 d\u00f2ng s\u1ea3n ph\u1ea9m kh\u00f4ng ch\u1ec9 ph\u1ee5c v\u1ee5 nhu c\u1ea7u l\u01b0u tr\u1eef m\u00e0 c\u00f2n g\u00f3p ph\u1ea7n n\u00e2ng t\u1ea7m kh\u00f4ng gian l\u00e0m vi\u1ec7c \u2013 th\u1ec3 hi\u1ec7n \u0111\u1eb3ng c\u1ea5p v\u00e0 gu th\u1ea9m m\u1ef9 c\u1ee7a ng\u01b0\u1eddi s\u1eed d\u1ee5ng.<\/p>\n","protected":false},"excerpt":{"rendered":"<p data-start=\"20\" data-end=\"373\">T\u1ee7 h\u1ed3 s\u01a1 M3D l\u00e0 m\u1eabu h\u1ed9c g\u1ed7 s\u01a1n PU cao c\u1ea5p, thi\u1ebft k\u1ebf d\u1ea1ng di \u0111\u1ed9ng v\u1edbi 3 ng\u0103n k\u00e9o ti\u1ec7n d\u1ee5ng v\u00e0 h\u1ec7 th\u1ed1ng kh\u00f3a d\u00e0n an to\u00e0n. S\u1ea3n ph\u1ea9m mang l\u1ea1i s\u1ef1 g\u1ecdn g\u00e0ng v\u00e0 ti\u1ec7n nghi cho kh\u00f4ng gian l\u00e0m vi\u1ec7c, ph\u00f9 h\u1ee3p v\u1edbi nhi\u1ec1u lo\u1ea1i b\u00e0n v\u0103n ph\u00f2ng kh\u00e1c nhau, \u0111\u1eb7c bi\u1ec7t l\u00e0 c\u00e1c m\u1eabu b\u00e0n gi\u00e1m \u0111\u1ed1c ho\u1eb7c b\u00e0n tr\u01b0\u1edfng ph\u00f2ng c\u00f9ng t\u00f4ng m\u00e0u Veneer ho\u1eb7c PU.<\/p>\n<p data-start=\"375\" data-end=\"716\">K\u00edch th\u01b0\u1edbc: W400 x D500 x H620 mm<br data-start=\"408\" data-end=\"411\" \/>Xu\u1ea5t x\u1ee9: S\u1ea3n ph\u1ea9m c\u1ee7a c\u00f4ng ty <strong data-start=\"441\" data-end=\"461\">N\u1ed8I TH\u1ea4T THE ONE<\/strong> \u2013 Ph\u00e2n ph\u1ed1i b\u1edfi <strong data-start=\"478\" data-end=\"514\">C\u00d4NG TY TNHH SXTM TTNT H\u1eeeU TH\u1ecaNH<\/strong><br data-start=\"514\" data-end=\"517\" \/>B\u1ea3o h\u00e0nh: 12 th\u00e1ng theo ti\u00eau chu\u1ea9n nh\u00e0 m\u00e1y<br data-start=\"559\" data-end=\"562\" \/><span style=\"color: #ed1c24;\"><em data-start=\"562\" data-end=\"714\" data-is-only-node=\"\">L\u01b0u \u00fd: Gi\u00e1 tr\u00ean ch\u01b0a bao g\u1ed3m VAT v\u00e0 ph\u00ed v\u1eadn chuy\u1ec3n. Gi\u00e1 s\u1ea3n ph\u1ea9m c\u00f3 th\u1ec3 thay \u0111\u1ed5i theo t\u1eebng th\u1eddi \u0111i\u1ec3m, vui l\u00f2ng li\u00ean h\u1ec7 \u0111\u1ec3 nh\u1eadn t\u01b0 v\u1ea5n \u01b0u \u0111\u00e3i t\u1ed1t nh\u1ea5t.<\/em><\/span><\/p>\n","protected":false},"featured_media":4100,"comment_status":"open","ping_status":"closed","template":"","meta":[],"product_brand":[],"product_cat":[17,760],"product_tag":[],"class_list":{"0":"post-4099","1":"product","2":"type-product","3":"status-publish","4":"has-post-thumbnail","6":"product_cat-noi-that-van-phong","7":"product_cat-tu-go-van-phong","9":"first","10":"instock","11":"taxable","12":"shipping-taxable","13":"purchasable","14":"product-type-simple"},"_links":{"self":[{"href":"https:\/\/noithathuuthinh.vn\/zh-hans\/wp-json\/wp\/v2\/product\/4099","targetHints":{"allow":["GET"]}}],"collection":[{"href":"https:\/\/noithathuuthinh.vn\/zh-hans\/wp-json\/wp\/v2\/product"}],"about":[{"href":"https:\/\/noithathuuthinh.vn\/zh-hans\/wp-json\/wp\/v2\/types\/product"}],"replies":[{"embeddable":true,"href":"https:\/\/noithathuuthinh.vn\/zh-hans\/wp-json\/wp\/v2\/comments?post=4099"}],"wp:featuredmedia":[{"embeddable":true,"href":"https:\/\/noithathuuthinh.vn\/zh-hans\/wp-json\/wp\/v2\/media\/4100"}],"wp:attachment":[{"href":"https:\/\/noithathuuthinh.vn\/zh-hans\/wp-json\/wp\/v2\/media?parent=4099"}],"wp:term":[{"taxonomy":"product_brand","embeddable":true,"href":"https:\/\/noithathuuthinh.vn\/zh-hans\/wp-json\/wp\/v2\/product_brand?post=4099"},{"taxonomy":"product_cat","embeddable":true,"href":"https:\/\/noithathuuthinh.vn\/zh-hans\/wp-json\/wp\/v2\/product_cat?post=4099"},{"taxonomy":"product_tag","embeddable":true,"href":"https:\/\/noithathuuthinh.vn\/zh-hans\/wp-json\/wp\/v2\/product_tag?post=4099"}],"curies":[{"name":"wp","href":"https:\/\/api.w.org\/{rel}","templated":true}]}}