{"id":4101,"date":"2025-10-25T15:40:32","date_gmt":"2025-10-25T08:40:32","guid":{"rendered":"https:\/\/noithathuuthinh.vn\/?post_type=product&#038;p=4101"},"modified":"2025-10-25T15:40:59","modified_gmt":"2025-10-25T08:40:59","slug":"tu-ho-so-m1d1f","status":"publish","type":"product","link":"https:\/\/noithathuuthinh.vn\/zh-hans\/san-pham\/tu-ho-so-m1d1f\/","title":{"rendered":"T\u1ee7 h\u1ed3 s\u01a1 M1D1F"},"content":{"rendered":"<p data-start=\"702\" data-end=\"1100\">T\u1ee7 h\u1ed3 s\u01a1 M1D1F l\u00e0 d\u00f2ng h\u1ed9c di \u0111\u1ed9ng s\u01a1n PU \u0111\u01b0\u1ee3c thi\u1ebft k\u1ebf tinh t\u1ebf, \u0111\u00e1p \u1ee9ng ho\u00e0n h\u1ea3o nhu c\u1ea7u l\u01b0u tr\u1eef g\u1ecdn g\u00e0ng v\u00e0 th\u1ea9m m\u1ef9 cao trong c\u00e1c kh\u00f4ng gian l\u00e0m vi\u1ec7c hi\u1ec7n \u0111\u1ea1i. V\u1edbi c\u1ea5u tr\u00fac nh\u1ecf g\u1ecdn c\u00f9ng m\u00e0u s\u1eafc sang tr\u1ecdng, s\u1ea3n ph\u1ea9m d\u1ec5 d\u00e0ng k\u1ebft h\u1ee3p v\u1edbi nhi\u1ec1u lo\u1ea1i b\u00e0n v\u0103n ph\u00f2ng kh\u00e1c nhau, \u0111\u1eb7c bi\u1ec7t l\u00e0 c\u00e1c d\u00f2ng b\u00e0n gi\u00e1m \u0111\u1ed1c ho\u1eb7c b\u00e0n tr\u01b0\u1edfng ph\u00f2ng s\u1eed d\u1ee5ng c\u00f9ng t\u00f4ng s\u01a1n PU.<\/p>\n<p data-start=\"1102\" data-end=\"1471\">\u0110i\u1ec3m n\u1ed5i b\u1eadt c\u1ee7a <strong data-start=\"1119\" data-end=\"1137\">t\u1ee7 h\u1ed3 s\u01a1 M1D1F<\/strong> n\u1eb1m \u1edf thi\u1ebft k\u1ebf <strong data-start=\"1153\" data-end=\"1177\">2 ng\u0103n k\u00e9o ti\u1ec7n d\u1ee5ng<\/strong>, gi\u00fap ng\u01b0\u1eddi d\u00f9ng c\u00f3 th\u1ec3 s\u1eafp x\u1ebfp t\u00e0i li\u1ec7u, h\u1ed3 s\u01a1, \u0111\u1ed3 d\u00f9ng v\u0103n ph\u00f2ng m\u1ed9t c\u00e1ch khoa h\u1ecdc. Ng\u0103n k\u00e9o tr\u00ean th\u00edch h\u1ee3p cho c\u00e1c v\u1eadt d\u1ee5ng c\u00e1 nh\u00e2n nh\u1ecf g\u1ecdn, trong khi ng\u0103n k\u00e9o d\u01b0\u1edbi c\u00f3 k\u00edch th\u01b0\u1edbc l\u1edbn h\u01a1n, \u0111\u1ee7 s\u1ee9c ch\u1ee9a c\u00e1c t\u1eadp h\u1ed3 s\u01a1, file t\u00e0i li\u1ec7u kh\u1ed5 A4 ho\u1eb7c A5, ph\u1ee5c v\u1ee5 t\u1ed1i \u0111a nhu c\u1ea7u c\u00f4ng vi\u1ec7c h\u1eb1ng ng\u00e0y.<\/p>\n<p data-start=\"1473\" data-end=\"1857\">S\u1ea3n ph\u1ea9m \u0111\u01b0\u1ee3c trang b\u1ecb <strong data-start=\"1496\" data-end=\"1517\">h\u1ec7 th\u1ed1ng kh\u00f3a d\u00e0n<\/strong> cao c\u1ea5p, gi\u00fap kh\u00f3a \u0111\u1ed3ng th\u1eddi nhi\u1ec1u ng\u0103n ch\u1ec9 b\u1eb1ng m\u1ed9t thao t\u00e1c, \u0111\u1ea3m b\u1ea3o an to\u00e0n cho t\u00e0i li\u1ec7u quan tr\u1ecdng v\u00e0 mang l\u1ea1i s\u1ef1 ti\u1ec7n l\u1ee3i t\u1ed1i \u0111a. C\u00f9ng v\u1edbi \u0111\u00f3 l\u00e0 <strong data-start=\"1668\" data-end=\"1699\">b\u00e1nh xe di chuy\u1ec3n linh ho\u1ea1t<\/strong>, cho ph\u00e9p ng\u01b0\u1eddi d\u00f9ng d\u1ec5 d\u00e0ng thay \u0111\u1ed5i v\u1ecb tr\u00ed h\u1ed9c m\u00e0 kh\u00f4ng c\u1ea7n nh\u1ea5c hay t\u1ed1n nhi\u1ec1u s\u1ee9c l\u1ef1c, ph\u00f9 h\u1ee3p v\u1edbi kh\u00f4ng gian l\u00e0m vi\u1ec7c th\u01b0\u1eddng xuy\u00ean b\u1ed1 tr\u00ed l\u1ea1i n\u1ed9i th\u1ea5t.<\/p>\n<p data-start=\"1859\" data-end=\"2213\">V\u1ec1 ch\u1ea5t li\u1ec7u, <strong data-start=\"1873\" data-end=\"1891\">t\u1ee7 h\u1ed3 s\u01a1 M1D1F<\/strong> \u0111\u01b0\u1ee3c l\u00e0m t\u1eeb <strong data-start=\"1904\" data-end=\"1925\">g\u1ed7 s\u01a1n PU cao c\u1ea5p<\/strong>, b\u1ec1 m\u1eb7t \u0111\u01b0\u1ee3c ph\u1ee7 l\u1edbp s\u01a1n m\u1ecbn v\u00e0 b\u00f3ng, mang l\u1ea1i v\u1ebb \u0111\u1eb9p sang tr\u1ecdng, \u0111\u1ed3ng th\u1eddi gi\u00fap ch\u1ed1ng tr\u1ea7y x\u01b0\u1edbc, \u1ea9m m\u1ed1c v\u00e0 b\u1ee5i b\u1ea9n hi\u1ec7u qu\u1ea3. M\u00e0u s\u1eafc g\u1ed7 t\u1ef1 nhi\u00ean k\u1ebft h\u1ee3p c\u00f9ng \u0111\u01b0\u1eddng n\u00e9t thi\u1ebft k\u1ebf tinh t\u1ebf t\u1ea1o n\u00ean m\u1ed9t s\u1ea3n ph\u1ea9m h\u00e0i h\u00f2a gi\u1eefa c\u00f4ng n\u0103ng v\u00e0 t\u00ednh th\u1ea9m m\u1ef9, g\u00f3p ph\u1ea7n n\u00e2ng t\u1ea7m kh\u00f4ng gian l\u00e0m vi\u1ec7c.<\/p>\n<p data-start=\"2215\" data-end=\"2623\">Thi\u1ebft k\u1ebf t\u1ed5ng th\u1ec3 c\u1ee7a <strong data-start=\"2237\" data-end=\"2246\">M1D1F<\/strong> h\u01b0\u1edbng \u0111\u1ebfn phong c\u00e1ch hi\u1ec7n \u0111\u1ea1i nh\u01b0ng v\u1eabn gi\u1eef \u0111\u01b0\u1ee3c n\u00e9t sang tr\u1ecdng truy\u1ec1n th\u1ed1ng c\u1ee7a n\u1ed9i th\u1ea5t s\u01a1n PU. C\u00e1c \u0111\u01b0\u1eddng vi\u1ec1n \u0111\u01b0\u1ee3c gia c\u00f4ng t\u1ec9 m\u1ec9, g\u00f3c c\u1ea1nh bo nh\u1eb9 t\u1ea1o c\u1ea3m gi\u00e1c m\u1ec1m m\u1ea1i v\u00e0 an to\u00e0n trong qu\u00e1 tr\u00ecnh s\u1eed d\u1ee5ng. H\u1ed9c c\u00f3 k\u00edch th\u01b0\u1edbc <strong data-start=\"2472\" data-end=\"2497\">W400 x D500 x H620 mm<\/strong>, r\u1ea5t g\u1ecdn g\u00e0ng, d\u1ec5 d\u00e0ng \u0111\u1eb7t d\u01b0\u1edbi b\u00e0n l\u00e0m vi\u1ec7c m\u00e0 kh\u00f4ng chi\u1ebfm nhi\u1ec1u di\u1ec7n t\u00edch, \u0111\u1ed3ng th\u1eddi v\u1eabn \u0111\u1ea3m b\u1ea3o kh\u1ea3 n\u0103ng ch\u1ee9a \u0111\u1ed3 t\u1ed1i \u01b0u.<\/p>\n<p data-start=\"2625\" data-end=\"2981\">Kh\u00f4ng ch\u1ec9 l\u00e0 v\u1eadt d\u1ee5ng l\u01b0u tr\u1eef, <strong data-start=\"2656\" data-end=\"2674\">t\u1ee7 h\u1ed3 s\u01a1 M1D1F<\/strong> c\u00f2n \u0111\u00f3ng vai tr\u00f2 nh\u01b0 m\u1ed9t chi ti\u1ebft n\u1ed9i th\u1ea5t g\u00f3p ph\u1ea7n th\u1ec3 hi\u1ec7n phong c\u00e1ch chuy\u00ean nghi\u1ec7p c\u1ee7a doanh nghi\u1ec7p. Vi\u1ec7c trang b\u1ecb m\u1ed9t m\u1eabu h\u1ed9c di \u0111\u1ed9ng ch\u1ea5t l\u01b0\u1ee3ng cao nh\u01b0 M1D1F s\u1ebd gi\u00fap kh\u00f4ng gian l\u00e0m vi\u1ec7c tr\u1edf n\u00ean g\u1ecdn g\u00e0ng, khoa h\u1ecdc h\u01a1n, \u0111\u1ed3ng th\u1eddi t\u1ea1o \u1ea5n t\u01b0\u1ee3ng t\u1ed1t v\u1edbi \u0111\u1ed1i t\u00e1c v\u00e0 kh\u00e1ch h\u00e0ng khi \u0111\u1ebfn tham quan v\u0103n ph\u00f2ng.<\/p>\n<p data-start=\"2983\" data-end=\"3314\" data-is-last-node=\"\" data-is-only-node=\"\">Nh\u1edd s\u1ef1 k\u1ebft h\u1ee3p gi\u1eefa <strong data-start=\"3003\" data-end=\"3063\">ch\u1ea5t li\u1ec7u b\u1ec1n \u0111\u1eb9p, thi\u1ebft k\u1ebf ti\u1ec7n \u00edch v\u00e0 t\u00ednh th\u1ea9m m\u1ef9 cao<\/strong>, <strong data-start=\"3065\" data-end=\"3083\">t\u1ee7 h\u1ed3 s\u01a1 M1D1F<\/strong> l\u00e0 l\u1ef1a ch\u1ecdn l\u00fd t\u01b0\u1edfng cho nh\u1eefng ai \u0111ang t\u00ecm ki\u1ebfm m\u1ed9t gi\u1ea3i ph\u00e1p l\u01b0u tr\u1eef nh\u1ecf g\u1ecdn, linh ho\u1ea1t v\u00e0 \u0111\u1eb3ng c\u1ea5p. S\u1ea3n ph\u1ea9m h\u1ee9a h\u1eb9n mang l\u1ea1i s\u1ef1 ti\u1ec7n nghi t\u1ed1i \u0111a, gi\u00fap ng\u01b0\u1eddi d\u00f9ng t\u1ed5 ch\u1ee9c kh\u00f4ng gian l\u00e0m vi\u1ec7c khoa h\u1ecdc, hi\u1ec7u qu\u1ea3 v\u00e0 \u0111\u1ea7y phong c\u00e1ch.<\/p>\n","protected":false},"excerpt":{"rendered":"<p data-start=\"22\" data-end=\"352\">T\u1ee7 h\u1ed3 s\u01a1 M1D1F l\u00e0 m\u1eabu h\u1ed9c g\u1ed7 s\u01a1n PU cao c\u1ea5p, thi\u1ebft k\u1ebf d\u1ea1ng di \u0111\u1ed9ng v\u1edbi 2 ng\u0103n k\u00e9o ti\u1ec7n d\u1ee5ng, trong \u0111\u00f3 ng\u0103n l\u1edbn c\u00f3 th\u1ec3 l\u01b0u tr\u1eef \u0111\u01b0\u1ee3c h\u1ed3 s\u01a1 kh\u1ed5 A4. S\u1ea3n ph\u1ea9m s\u1eed d\u1ee5ng h\u1ec7 th\u1ed1ng kh\u00f3a d\u00e0n hi\u1ec7n \u0111\u1ea1i, \u0111\u1ea3m b\u1ea3o an to\u00e0n v\u00e0 ti\u1ec7n l\u1ee3i khi s\u1eed d\u1ee5ng, ph\u00f9 h\u1ee3p cho c\u00e1c v\u0103n ph\u00f2ng sang tr\u1ecdng ho\u1eb7c ph\u00f2ng l\u00e0m vi\u1ec7c gi\u00e1m \u0111\u1ed1c.<\/p>\n<p data-start=\"354\" data-end=\"695\">K\u00edch th\u01b0\u1edbc: W400 x D500 x H620 mm<br data-start=\"387\" data-end=\"390\" \/>Xu\u1ea5t x\u1ee9: S\u1ea3n ph\u1ea9m c\u1ee7a c\u00f4ng ty <strong data-start=\"420\" data-end=\"440\">N\u1ed8I TH\u1ea4T THE ONE<\/strong> \u2013 Ph\u00e2n ph\u1ed1i b\u1edfi <strong data-start=\"457\" data-end=\"493\">C\u00d4NG TY TNHH SXTM TTNT H\u1eeeU TH\u1ecaNH<\/strong><br data-start=\"493\" data-end=\"496\" \/>B\u1ea3o h\u00e0nh: 12 th\u00e1ng theo ti\u00eau chu\u1ea9n nh\u00e0 m\u00e1y<br data-start=\"538\" data-end=\"541\" data-is-only-node=\"\" \/><span style=\"color: #ed1c24;\"><em data-start=\"541\" data-end=\"693\">L\u01b0u \u00fd: Gi\u00e1 tr\u00ean ch\u01b0a bao g\u1ed3m VAT v\u00e0 ph\u00ed v\u1eadn chuy\u1ec3n. Gi\u00e1 s\u1ea3n ph\u1ea9m c\u00f3 th\u1ec3 thay \u0111\u1ed5i theo t\u1eebng th\u1eddi \u0111i\u1ec3m, vui l\u00f2ng li\u00ean h\u1ec7 \u0111\u1ec3 nh\u1eadn t\u01b0 v\u1ea5n \u01b0u \u0111\u00e3i t\u1ed1t nh\u1ea5t.<\/em><\/span><\/p>\n","protected":false},"featured_media":4102,"comment_status":"open","ping_status":"closed","template":"","meta":[],"product_brand":[],"product_cat":[17,760],"product_tag":[],"class_list":{"0":"post-4101","1":"product","2":"type-product","3":"status-publish","4":"has-post-thumbnail","6":"product_cat-noi-that-van-phong","7":"product_cat-tu-go-van-phong","9":"first","10":"instock","11":"taxable","12":"shipping-taxable","13":"purchasable","14":"product-type-simple"},"_links":{"self":[{"href":"https:\/\/noithathuuthinh.vn\/zh-hans\/wp-json\/wp\/v2\/product\/4101","targetHints":{"allow":["GET"]}}],"collection":[{"href":"https:\/\/noithathuuthinh.vn\/zh-hans\/wp-json\/wp\/v2\/product"}],"about":[{"href":"https:\/\/noithathuuthinh.vn\/zh-hans\/wp-json\/wp\/v2\/types\/product"}],"replies":[{"embeddable":true,"href":"https:\/\/noithathuuthinh.vn\/zh-hans\/wp-json\/wp\/v2\/comments?post=4101"}],"wp:featuredmedia":[{"embeddable":true,"href":"https:\/\/noithathuuthinh.vn\/zh-hans\/wp-json\/wp\/v2\/media\/4102"}],"wp:attachment":[{"href":"https:\/\/noithathuuthinh.vn\/zh-hans\/wp-json\/wp\/v2\/media?parent=4101"}],"wp:term":[{"taxonomy":"product_brand","embeddable":true,"href":"https:\/\/noithathuuthinh.vn\/zh-hans\/wp-json\/wp\/v2\/product_brand?post=4101"},{"taxonomy":"product_cat","embeddable":true,"href":"https:\/\/noithathuuthinh.vn\/zh-hans\/wp-json\/wp\/v2\/product_cat?post=4101"},{"taxonomy":"product_tag","embeddable":true,"href":"https:\/\/noithathuuthinh.vn\/zh-hans\/wp-json\/wp\/v2\/product_tag?post=4101"}],"curies":[{"name":"wp","href":"https:\/\/api.w.org\/{rel}","templated":true}]}}