{"id":4103,"date":"2025-10-25T15:50:34","date_gmt":"2025-10-25T08:50:34","guid":{"rendered":"https:\/\/noithathuuthinh.vn\/?post_type=product&#038;p=4103"},"modified":"2025-10-25T15:50:34","modified_gmt":"2025-10-25T08:50:34","slug":"tu-ho-so-m1d1o","status":"publish","type":"product","link":"https:\/\/noithathuuthinh.vn\/zh-hans\/san-pham\/tu-ho-so-m1d1o\/","title":{"rendered":"T\u1ee7 h\u1ed3 s\u01a1 M1D1O"},"content":{"rendered":"<p data-start=\"713\" data-end=\"1162\">T\u1ee7 h\u1ed3 s\u01a1 M1D1O l\u00e0 l\u1ef1a ch\u1ecdn l\u00fd t\u01b0\u1edfng cho nh\u1eefng ai \u0111ang t\u00ecm ki\u1ebfm m\u1ed9t m\u1eabu h\u1ed9c di \u0111\u1ed9ng s\u01a1n PU v\u1eeba sang tr\u1ecdng, v\u1eeba ti\u1ec7n \u00edch. V\u1edbi ki\u1ec3u d\u00e1ng nh\u1ecf g\u1ecdn nh\u01b0ng tinh t\u1ebf, s\u1ea3n ph\u1ea9m kh\u00f4ng ch\u1ec9 gi\u00fap t\u1ed1i \u01b0u kh\u00f4ng gian l\u00e0m vi\u1ec7c m\u00e0 c\u00f2n t\u1ea1o \u0111i\u1ec3m nh\u1ea5n th\u1ea9m m\u1ef9 cho v\u0103n ph\u00f2ng. \u0110\u00e2y l\u00e0 d\u00f2ng t\u1ee7 \u0111\u01b0\u1ee3c thi\u1ebft k\u1ebf ph\u00f9 h\u1ee3p \u0111\u1ec3 k\u1ebft h\u1ee3p v\u1edbi c\u00e1c m\u1eabu b\u00e0n l\u00e0m vi\u1ec7c cao c\u1ea5p c\u00f9ng t\u00f4ng m\u00e0u g\u1ed7 s\u01a1n PU, \u0111\u1eb7c bi\u1ec7t l\u00e0 b\u00e0n gi\u00e1m \u0111\u1ed1c ho\u1eb7c b\u00e0n tr\u01b0\u1edfng ph\u00f2ng.<\/p>\n<p data-start=\"1164\" data-end=\"1640\">\u0110i\u1ec3m n\u1ed5i b\u1eadt c\u1ee7a <strong data-start=\"1181\" data-end=\"1199\">t\u1ee7 h\u1ed3 s\u01a1 M1D1O<\/strong> n\u1eb1m \u1edf <strong data-start=\"1206\" data-end=\"1242\">thi\u1ebft k\u1ebf 1 c\u00e1nh m\u1edf v\u00e0 1 ng\u0103n k\u00e9o<\/strong>, mang \u0111\u1ebfn s\u1ef1 linh ho\u1ea1t t\u1ed1i \u0111a trong l\u01b0u tr\u1eef. Ng\u0103n k\u00e9o d\u01b0\u1edbi c\u00f3 th\u1ec3 d\u00f9ng \u0111\u1ec3 ch\u1ee9a h\u1ed3 s\u01a1, t\u00e0i li\u1ec7u kh\u1ed5 A4 ho\u1eb7c c\u00e1c v\u1eadt d\u1ee5ng c\u00e1 nh\u00e2n, trong khi khoang c\u00e1nh m\u1edf ph\u00eda tr\u00ean r\u1ed9ng r\u00e3i, thu\u1eadn ti\u1ec7n cho vi\u1ec7c c\u1ea5t gi\u1eef c\u00e1c v\u1eadt ph\u1ea9m l\u1edbn h\u01a1n nh\u01b0 h\u1ed9p t\u00e0i li\u1ec7u, thi\u1ebft b\u1ecb v\u0103n ph\u00f2ng nh\u1ecf ho\u1eb7c \u0111\u1ed3 d\u00f9ng c\u00e1 nh\u00e2n. S\u1ef1 ph\u00e2n chia kh\u00f4ng gian h\u1ee3p l\u00fd gi\u00fap ng\u01b0\u1eddi d\u00f9ng d\u1ec5 d\u00e0ng t\u1ed5 ch\u1ee9c, s\u1eafp x\u1ebfp \u0111\u1ed3 \u0111\u1ea1c m\u1ed9t c\u00e1ch khoa h\u1ecdc v\u00e0 ng\u0103n n\u1eafp.<\/p>\n<p data-start=\"1642\" data-end=\"2025\">S\u1ea3n ph\u1ea9m \u0111\u01b0\u1ee3c ch\u1ebf t\u00e1c t\u1eeb <strong data-start=\"1667\" data-end=\"1698\">ch\u1ea5t li\u1ec7u g\u1ed7 s\u01a1n PU cao c\u1ea5p<\/strong>, b\u1ec1 m\u1eb7t \u0111\u01b0\u1ee3c x\u1eed l\u00fd k\u1ef9 l\u01b0\u1ee1ng, s\u01a1n ph\u1ee7 nhi\u1ec1u l\u1edbp gi\u00fap t\u0103ng \u0111\u1ed9 b\u1ec1n v\u00e0 kh\u1ea3 n\u0103ng ch\u1ed1ng tr\u1ea7y x\u01b0\u1edbc, \u1ea9m m\u1ed1c. L\u1edbp s\u01a1n b\u00f3ng m\u1ecbn kh\u00f4ng ch\u1ec9 t\u00f4n l\u00ean v\u1ebb \u0111\u1eb9p sang tr\u1ecdng m\u00e0 c\u00f2n gi\u00fap v\u1ec7 sinh d\u1ec5 d\u00e0ng h\u01a1n trong qu\u00e1 tr\u00ecnh s\u1eed d\u1ee5ng. M\u00e0u s\u1eafc g\u1ed7 t\u1ef1 nhi\u00ean, h\u00e0i h\u00f2a, ph\u00f9 h\u1ee3p v\u1edbi nhi\u1ec1u phong c\u00e1ch n\u1ed9i th\u1ea5t v\u0103n ph\u00f2ng kh\u00e1c nhau, t\u1eeb c\u1ed5 \u0111i\u1ec3n \u0111\u1ebfn hi\u1ec7n \u0111\u1ea1i.<\/p>\n<p data-start=\"2027\" data-end=\"2386\">M\u1ed9t \u01b0u \u0111i\u1ec3m kh\u00e1c c\u1ee7a <strong data-start=\"2048\" data-end=\"2066\">t\u1ee7 h\u1ed3 s\u01a1 M1D1O<\/strong> l\u00e0 <strong data-start=\"2070\" data-end=\"2099\">thi\u1ebft k\u1ebf di \u0111\u1ed9ng ti\u1ec7n l\u1ee3i<\/strong>. B\u00ean d\u01b0\u1edbi h\u1ed9c \u0111\u01b0\u1ee3c trang b\u1ecb <strong data-start=\"2128\" data-end=\"2149\">b\u00e1nh xe linh ho\u1ea1t<\/strong>, cho ph\u00e9p di chuy\u1ec3n d\u1ec5 d\u00e0ng trong kh\u00f4ng gian l\u00e0m vi\u1ec7c m\u00e0 kh\u00f4ng c\u1ea7n t\u1ed1n nhi\u1ec1u s\u1ee9c l\u1ef1c. Nh\u1edd \u0111\u00f3, ng\u01b0\u1eddi d\u00f9ng c\u00f3 th\u1ec3 thay \u0111\u1ed5i b\u1ed1 c\u1ee5c n\u1ed9i th\u1ea5t ho\u1eb7c k\u00e9o h\u1ed9c ra g\u1ea7n khu v\u1ef1c l\u00e0m vi\u1ec7c khi c\u1ea7n, sau \u0111\u00f3 \u0111\u1ea9y g\u1ecdn v\u00e0o d\u01b0\u1edbi b\u00e0n \u0111\u1ec3 ti\u1ebft ki\u1ec7m di\u1ec7n t\u00edch.<\/p>\n<p data-start=\"2388\" data-end=\"2687\">K\u00edch th\u01b0\u1edbc <strong data-start=\"2399\" data-end=\"2424\">W400 x D500 x H620 mm<\/strong> gi\u00fap s\u1ea3n ph\u1ea9m v\u1eeba v\u1eb7n \u0111\u1eb7t d\u01b0\u1edbi h\u1ea7u h\u1ebft c\u00e1c lo\u1ea1i b\u00e0n l\u00e0m vi\u1ec7c ti\u00eau chu\u1ea9n, kh\u00f4ng chi\u1ebfm nhi\u1ec1u kh\u00f4ng gian nh\u01b0ng v\u1eabn \u0111\u1ea3m b\u1ea3o s\u1ee9c ch\u1ee9a \u0111\u00e1ng k\u1ec3. C\u00e1c chi ti\u1ebft c\u1ee7a t\u1ee7 \u0111\u01b0\u1ee3c gia c\u00f4ng tinh x\u1ea3o, \u0111\u01b0\u1eddng vi\u1ec1n bo nh\u1eb9 t\u1ea1o c\u1ea3m gi\u00e1c m\u1ec1m m\u1ea1i, \u0111\u1ed3ng th\u1eddi t\u0103ng \u0111\u1ed9 an to\u00e0n khi s\u1eed d\u1ee5ng.<\/p>\n<p data-start=\"2689\" data-end=\"3015\"><strong data-start=\"2689\" data-end=\"2707\">T\u1ee7 h\u1ed3 s\u01a1 M1D1O<\/strong> kh\u00f4ng ch\u1ec9 l\u00e0 m\u1ed9t s\u1ea3n ph\u1ea9m l\u01b0u tr\u1eef th\u00f4ng th\u01b0\u1eddng m\u00e0 c\u00f2n th\u1ec3 hi\u1ec7n phong c\u00e1ch chuy\u00ean nghi\u1ec7p, \u0111\u1eb3ng c\u1ea5p c\u1ee7a ng\u01b0\u1eddi d\u00f9ng. V\u1edbi ch\u1ea5t li\u1ec7u b\u1ec1n \u0111\u1eb9p, m\u00e0u s\u1eafc sang tr\u1ecdng v\u00e0 t\u00ednh n\u0103ng di \u0111\u1ed9ng linh ho\u1ea1t, \u0111\u00e2y l\u00e0 l\u1ef1a ch\u1ecdn ho\u00e0n h\u1ea3o cho c\u00e1c kh\u00f4ng gian l\u00e0m vi\u1ec7c hi\u1ec7n \u0111\u1ea1i, gi\u00fap v\u0103n ph\u00f2ng lu\u00f4n g\u1ecdn g\u00e0ng, ng\u0103n n\u1eafp v\u00e0 \u0111\u1ea7y tinh t\u1ebf.<\/p>\n<p data-start=\"3017\" data-end=\"3209\" data-is-last-node=\"\" data-is-only-node=\"\">N\u1ebfu b\u1ea1n \u0111ang t\u00ecm m\u1ed9t chi\u1ebfc h\u1ed9c t\u1ee7 nh\u1ecf g\u1ecdn, c\u00f3 thi\u1ebft k\u1ebf hi\u1ec7n \u0111\u1ea1i, d\u1ec5 k\u1ebft h\u1ee3p v\u1edbi nhi\u1ec1u m\u1eabu b\u00e0n v\u00e0 \u0111\u00e1p \u1ee9ng nhu c\u1ea7u s\u1eed d\u1ee5ng \u0111a n\u0103ng, th\u00ec <strong data-start=\"3151\" data-end=\"3169\">t\u1ee7 h\u1ed3 s\u01a1 M1D1O<\/strong> ch\u1eafc ch\u1eafn l\u00e0 s\u1ea3n ph\u1ea9m kh\u00f4ng th\u1ec3 b\u1ecf qua.<\/p>\n","protected":false},"excerpt":{"rendered":"<p data-start=\"22\" data-end=\"363\">T\u1ee7 h\u1ed3 s\u01a1 M1D1O l\u00e0 m\u1eabu h\u1ed9c g\u1ed7 s\u01a1n PU cao c\u1ea5p, thi\u1ebft k\u1ebf d\u1ea1ng di \u0111\u1ed9ng v\u1edbi 1 c\u00e1nh m\u1edf ti\u1ec7n d\u1ee5ng \u1edf ph\u1ea7n tr\u00ean v\u00e0 1 ng\u0103n k\u00e9o r\u1ed9ng b\u00ean d\u01b0\u1edbi. S\u1ea3n ph\u1ea9m mang phong c\u00e1ch hi\u1ec7n \u0111\u1ea1i, nh\u1ecf g\u1ecdn nh\u01b0ng v\u1eabn \u0111\u1ea3m b\u1ea3o t\u1ed1i \u0111a c\u00f4ng n\u0103ng l\u01b0u tr\u1eef, th\u00edch h\u1ee3p s\u1eed d\u1ee5ng trong ph\u00f2ng l\u00e0m vi\u1ec7c gi\u00e1m \u0111\u1ed1c, tr\u01b0\u1edfng ph\u00f2ng ho\u1eb7c c\u00e1c v\u0103n ph\u00f2ng cao c\u1ea5p.<\/p>\n<p data-start=\"365\" data-end=\"706\">K\u00edch th\u01b0\u1edbc: W400 x D500 x H620 mm<br data-start=\"398\" data-end=\"401\" \/>Xu\u1ea5t x\u1ee9: S\u1ea3n ph\u1ea9m c\u1ee7a c\u00f4ng ty <strong data-start=\"431\" data-end=\"451\">N\u1ed8I TH\u1ea4T THE ONE<\/strong> \u2013 Ph\u00e2n ph\u1ed1i b\u1edfi <strong data-start=\"468\" data-end=\"504\">C\u00d4NG TY TNHH SXTM TTNT H\u1eeeU TH\u1ecaNH<\/strong><br data-start=\"504\" data-end=\"507\" \/>B\u1ea3o h\u00e0nh: 12 th\u00e1ng theo ti\u00eau chu\u1ea9n nh\u00e0 m\u00e1y<br data-start=\"549\" data-end=\"552\" \/><span style=\"color: #ed1c24;\"><em data-start=\"552\" data-end=\"704\">L\u01b0u \u00fd: Gi\u00e1 tr\u00ean ch\u01b0a bao g\u1ed3m VAT v\u00e0 ph\u00ed v\u1eadn chuy\u1ec3n. Gi\u00e1 s\u1ea3n ph\u1ea9m c\u00f3 th\u1ec3 thay \u0111\u1ed5i theo t\u1eebng th\u1eddi \u0111i\u1ec3m, vui l\u00f2ng li\u00ean h\u1ec7 \u0111\u1ec3 nh\u1eadn t\u01b0 v\u1ea5n \u01b0u \u0111\u00e3i t\u1ed1t nh\u1ea5t.<\/em><\/span><\/p>\n","protected":false},"featured_media":4104,"comment_status":"open","ping_status":"closed","template":"","meta":[],"product_brand":[],"product_cat":[17,760],"product_tag":[],"class_list":{"0":"post-4103","1":"product","2":"type-product","3":"status-publish","4":"has-post-thumbnail","6":"product_cat-noi-that-van-phong","7":"product_cat-tu-go-van-phong","9":"first","10":"instock","11":"taxable","12":"shipping-taxable","13":"purchasable","14":"product-type-simple"},"_links":{"self":[{"href":"https:\/\/noithathuuthinh.vn\/zh-hans\/wp-json\/wp\/v2\/product\/4103","targetHints":{"allow":["GET"]}}],"collection":[{"href":"https:\/\/noithathuuthinh.vn\/zh-hans\/wp-json\/wp\/v2\/product"}],"about":[{"href":"https:\/\/noithathuuthinh.vn\/zh-hans\/wp-json\/wp\/v2\/types\/product"}],"replies":[{"embeddable":true,"href":"https:\/\/noithathuuthinh.vn\/zh-hans\/wp-json\/wp\/v2\/comments?post=4103"}],"wp:featuredmedia":[{"embeddable":true,"href":"https:\/\/noithathuuthinh.vn\/zh-hans\/wp-json\/wp\/v2\/media\/4104"}],"wp:attachment":[{"href":"https:\/\/noithathuuthinh.vn\/zh-hans\/wp-json\/wp\/v2\/media?parent=4103"}],"wp:term":[{"taxonomy":"product_brand","embeddable":true,"href":"https:\/\/noithathuuthinh.vn\/zh-hans\/wp-json\/wp\/v2\/product_brand?post=4103"},{"taxonomy":"product_cat","embeddable":true,"href":"https:\/\/noithathuuthinh.vn\/zh-hans\/wp-json\/wp\/v2\/product_cat?post=4103"},{"taxonomy":"product_tag","embeddable":true,"href":"https:\/\/noithathuuthinh.vn\/zh-hans\/wp-json\/wp\/v2\/product_tag?post=4103"}],"curies":[{"name":"wp","href":"https:\/\/api.w.org\/{rel}","templated":true}]}}