{"id":4112,"date":"2025-10-25T16:03:21","date_gmt":"2025-10-25T09:03:21","guid":{"rendered":"https:\/\/noithathuuthinh.vn\/?post_type=product&#038;p=4112"},"modified":"2025-10-25T16:03:21","modified_gmt":"2025-10-25T09:03:21","slug":"tu-ho-so-hrh3d","status":"publish","type":"product","link":"https:\/\/noithathuuthinh.vn\/zh-hans\/san-pham\/tu-ho-so-hrh3d\/","title":{"rendered":"T\u1ee7 h\u1ed3 s\u01a1 HRH3D"},"content":{"rendered":"<p data-start=\"839\" data-end=\"1334\">T\u1ee7 h\u1ed3 s\u01a1 HRH3D l\u00e0 gi\u1ea3i ph\u00e1p l\u01b0u tr\u1eef g\u1ecdn g\u00e0ng v\u00e0 hi\u1ec7u qu\u1ea3 cho m\u1ecdi kh\u00f4ng gian l\u00e0m vi\u1ec7c hi\u1ec7n \u0111\u1ea1i. V\u1edbi thi\u1ebft k\u1ebf 3 ng\u0103n k\u00e9o ti\u1ec7n d\u1ee5ng, t\u1ee7 cho ph\u00e9p ng\u01b0\u1eddi d\u00f9ng d\u1ec5 d\u00e0ng s\u1eafp x\u1ebfp, ph\u00e2n lo\u1ea1i v\u00e0 b\u1ea3o qu\u1ea3n h\u1ed3 s\u01a1, t\u00e0i li\u1ec7u theo t\u1eebng nh\u00f3m c\u00f4ng vi\u1ec7c ho\u1eb7c ph\u00f2ng ban kh\u00e1c nhau. S\u1ea3n ph\u1ea9m \u0111\u01b0\u1ee3c l\u00e0m t\u1eeb g\u1ed7 c\u00f4ng nghi\u1ec7p ph\u1ee7 Melamine \u2013 ch\u1ea5t li\u1ec7u n\u1ed5i ti\u1ebfng v\u1edbi kh\u1ea3 n\u0103ng ch\u1ed1ng tr\u1ea7y x\u01b0\u1edbc, ch\u1ed1ng \u1ea9m v\u00e0 ch\u1ed1ng b\u00e1m b\u1ee5i, gi\u00fap t\u1ee7 lu\u00f4n gi\u1eef \u0111\u01b0\u1ee3c v\u1ebb \u0111\u1eb9p s\u00e1ng m\u1edbi sau th\u1eddi gian d\u00e0i s\u1eed d\u1ee5ng.<\/p>\n<p data-start=\"1336\" data-end=\"1793\">C\u1ea5u tr\u00fac t\u1ee7 HRH3D \u0111\u01b0\u1ee3c t\u1ed1i \u01b0u v\u1ec1 c\u00f4ng n\u0103ng v\u00e0 \u0111\u1ed9 b\u1ec1n. Ba ng\u0103n k\u00e9o \u0111\u01b0\u1ee3c thi\u1ebft k\u1ebf v\u1edbi k\u00edch th\u01b0\u1edbc \u0111\u1ed3ng \u0111\u1ec1u, mang \u0111\u1ebfn kh\u00f4ng gian l\u01b0u tr\u1eef h\u1ee3p l\u00fd, thu\u1eadn ti\u1ec7n cho vi\u1ec7c s\u1eafp x\u1ebfp t\u00e0i li\u1ec7u. H\u1ec7 th\u1ed1ng ray tr\u01b0\u1ee3t kim lo\u1ea1i ch\u1ea5t l\u01b0\u1ee3ng cao gi\u00fap ng\u0103n k\u00e9o v\u1eadn h\u00e0nh \u00eam \u00e1i, kh\u00f4ng g\u00e2y ti\u1ebfng \u1ed3n khi \u0111\u00f3ng m\u1edf. \u0110\u1eb7c bi\u1ec7t, h\u1ec7 th\u1ed1ng kh\u00f3a d\u00e0n th\u00f4ng minh gi\u00fap ng\u01b0\u1eddi d\u00f9ng c\u00f3 th\u1ec3 kh\u00f3a c\u00f9ng l\u00fac c\u00e1c ng\u0103n k\u00e9o, \u0111\u1ea3m b\u1ea3o t\u00ednh an to\u00e0n cho t\u00e0i li\u1ec7u quan tr\u1ecdng m\u00e0 v\u1eabn ti\u1ebft ki\u1ec7m th\u1eddi gian thao t\u00e1c.<\/p>\n<p data-start=\"1795\" data-end=\"2122\">V\u1ec1 thi\u1ebft k\u1ebf, t\u1ee7 h\u1ed3 s\u01a1 HRH3D mang phong c\u00e1ch hi\u1ec7n \u0111\u1ea1i, vu\u00f4ng v\u1ee9c v\u00e0 g\u1ecdn g\u00e0ng, d\u1ec5 d\u00e0ng b\u1ed1 tr\u00ed c\u00f9ng c\u00e1c m\u1eabu b\u00e0n l\u00e0m vi\u1ec7c kh\u00e1c nhau nh\u01b0 b\u00e0n nh\u00e2n vi\u00ean, b\u00e0n tr\u01b0\u1edfng ph\u00f2ng hay b\u00e0n gi\u00e1m \u0111\u1ed1c. M\u00e0u s\u1eafc Melamine trang nh\u00e3 mang l\u1ea1i s\u1ef1 h\u00e0i h\u00f2a cho kh\u00f4ng gian, \u0111\u1ed3ng th\u1eddi th\u1ec3 hi\u1ec7n phong th\u00e1i chuy\u00ean nghi\u1ec7p v\u00e0 tinh t\u1ebf c\u1ee7a m\u00f4i tr\u01b0\u1eddng v\u0103n ph\u00f2ng.<\/p>\n<p data-start=\"2124\" data-end=\"2521\">Nh\u1edd k\u00edch th\u01b0\u1edbc nh\u1ecf g\u1ecdn, HRH3D c\u00f3 th\u1ec3 \u0111\u1eb7t linh ho\u1ea1t b\u00ean d\u01b0\u1edbi b\u00e0n l\u00e0m vi\u1ec7c ho\u1eb7c \u1edf g\u00f3c ph\u00f2ng m\u00e0 kh\u00f4ng chi\u1ebfm nhi\u1ec1u di\u1ec7n t\u00edch. \u0110\u00e2y l\u00e0 l\u1ef1a ch\u1ecdn l\u00fd t\u01b0\u1edfng cho c\u00e1c v\u0103n ph\u00f2ng c\u00f3 kh\u00f4ng gian h\u1ea1n ch\u1ebf nh\u01b0ng c\u1ea7n l\u01b0u tr\u1eef nhi\u1ec1u h\u1ed3 s\u01a1, ch\u1ee9ng t\u1eeb. Ngo\u00e0i ra, ng\u01b0\u1eddi d\u00f9ng c\u00f3 th\u1ec3 d\u1ec5 d\u00e0ng k\u1ebft h\u1ee3p t\u1ee7 HRH3D v\u1edbi c\u00e1c s\u1ea3n ph\u1ea9m c\u00f9ng d\u00f2ng c\u1ee7a N\u1ed9i th\u1ea5t The One \u0111\u1ec3 t\u1ea1o n\u00ean m\u1ed9t h\u1ec7 th\u1ed1ng l\u01b0u tr\u1eef \u0111\u1ed3ng b\u1ed9, th\u1ea9m m\u1ef9 v\u00e0 chuy\u00ean nghi\u1ec7p.<\/p>\n<p data-start=\"2523\" data-end=\"2964\" data-is-last-node=\"\" data-is-only-node=\"\">T\u1ee7 h\u1ed3 s\u01a1 HRH3D kh\u00f4ng ch\u1ec9 \u0111\u00e1p \u1ee9ng nhu c\u1ea7u l\u01b0u tr\u1eef ti\u1ec7n d\u1ee5ng m\u00e0 c\u00f2n g\u00f3p ph\u1ea7n ho\u00e0n thi\u1ec7n kh\u00f4ng gian l\u00e0m vi\u1ec7c hi\u1ec7n \u0111\u1ea1i. V\u1edbi \u0111\u1ed9 b\u1ec1n cao, ki\u1ec3u d\u00e1ng sang tr\u1ecdng c\u00f9ng c\u01a1 ch\u1ebf kh\u00f3a an to\u00e0n, s\u1ea3n ph\u1ea9m mang l\u1ea1i s\u1ef1 y\u00ean t\u00e2m v\u00e0 ti\u1ec7n l\u1ee3i cho ng\u01b0\u1eddi s\u1eed d\u1ee5ng trong m\u1ecdi m\u00f4i tr\u01b0\u1eddng l\u00e0m vi\u1ec7c. N\u1ebfu b\u1ea1n \u0111ang t\u00ecm ki\u1ebfm m\u1ed9t m\u1eabu t\u1ee7 h\u1ed3 s\u01a1 c\u1ed1 \u0111\u1ecbnh nh\u1ecf g\u1ecdn, \u0111a n\u0103ng v\u00e0 th\u1ea9m m\u1ef9, <strong data-start=\"2868\" data-end=\"2886\">t\u1ee7 h\u1ed3 s\u01a1 HRH3D<\/strong> ch\u1eafc ch\u1eafn l\u00e0 l\u1ef1a ch\u1ecdn \u0111\u00e1ng c\u00e2n nh\u1eafc \u0111\u1ec3 n\u00e2ng t\u1ea7m kh\u00f4ng gian v\u0103n ph\u00f2ng c\u1ee7a b\u1ea1n.<\/p>\n","protected":false},"excerpt":{"rendered":"<p data-start=\"22\" data-end=\"489\">T\u1ee7 h\u1ed3 s\u01a1 HRH3D l\u00e0 m\u1eabu h\u1ed9c c\u1ed1 \u0111\u1ecbnh 3 ng\u0103n k\u00e9o ti\u1ec7n l\u1ee3i, \u0111\u01b0\u1ee3c s\u1ea3n xu\u1ea5t t\u1eeb ch\u1ea5t li\u1ec7u g\u1ed7 c\u00f4ng nghi\u1ec7p ph\u1ee7 Melamine cao c\u1ea5p, mang \u0111\u1ebfn \u0111\u1ed9 b\u1ec1n cao v\u00e0 kh\u1ea3 n\u0103ng ch\u1ed1ng tr\u1ea7y x\u01b0\u1edbc, ch\u1ed1ng \u1ea9m hi\u1ec7u qu\u1ea3. S\u1ea3n ph\u1ea9m \u0111\u01b0\u1ee3c thi\u1ebft k\u1ebf nh\u1ecf g\u1ecdn nh\u01b0ng c\u00f3 s\u1ee9c ch\u1ee9a l\u1edbn, ph\u00f9 h\u1ee3p cho vi\u1ec7c l\u01b0u tr\u1eef h\u1ed3 s\u01a1, t\u00e0i li\u1ec7u ho\u1eb7c v\u1eadt d\u1ee5ng v\u0103n ph\u00f2ng. T\u1ee7 \u0111\u01b0\u1ee3c trang b\u1ecb h\u1ec7 th\u1ed1ng kh\u00f3a d\u00e0n an to\u00e0n, gi\u00fap ng\u01b0\u1eddi d\u00f9ng d\u1ec5 d\u00e0ng kh\u00f3a v\u00e0 m\u1edf \u0111\u1ed3ng th\u1eddi to\u00e0n b\u1ed9 ng\u0103n k\u00e9o ch\u1ec9 v\u1edbi m\u1ed9t thao t\u00e1c.<\/p>\n<p data-start=\"491\" data-end=\"832\">K\u00edch th\u01b0\u1edbc: W400 x D480 x H627 mm<br data-start=\"524\" data-end=\"527\" \/>Xu\u1ea5t x\u1ee9: S\u1ea3n ph\u1ea9m c\u1ee7a <strong data-start=\"549\" data-end=\"577\">C\u00f4ng ty N\u1ed8I TH\u1ea4T THE ONE<\/strong> \u2013 Ph\u00e2n ph\u1ed1i b\u1edfi <strong data-start=\"594\" data-end=\"630\">C\u00d4NG TY TNHH SXTM TTNT H\u1eeeU TH\u1ecaNH<\/strong><br data-start=\"630\" data-end=\"633\" \/>B\u1ea3o h\u00e0nh: 12 th\u00e1ng theo ti\u00eau chu\u1ea9n nh\u00e0 m\u00e1y<br data-start=\"675\" data-end=\"678\" data-is-only-node=\"\" \/><span style=\"color: #ed1c24;\"><em data-start=\"678\" data-end=\"830\">L\u01b0u \u00fd: Gi\u00e1 tr\u00ean ch\u01b0a bao g\u1ed3m VAT v\u00e0 ph\u00ed v\u1eadn chuy\u1ec3n. Gi\u00e1 s\u1ea3n ph\u1ea9m c\u00f3 th\u1ec3 thay \u0111\u1ed5i theo t\u1eebng th\u1eddi \u0111i\u1ec3m, vui l\u00f2ng li\u00ean h\u1ec7 \u0111\u1ec3 nh\u1eadn t\u01b0 v\u1ea5n \u01b0u \u0111\u00e3i t\u1ed1t nh\u1ea5t.<\/em><\/span><\/p>\n","protected":false},"featured_media":4113,"comment_status":"open","ping_status":"closed","template":"","meta":[],"product_brand":[],"product_cat":[17,760],"product_tag":[],"class_list":{"0":"post-4112","1":"product","2":"type-product","3":"status-publish","4":"has-post-thumbnail","6":"product_cat-noi-that-van-phong","7":"product_cat-tu-go-van-phong","9":"first","10":"instock","11":"taxable","12":"shipping-taxable","13":"purchasable","14":"product-type-simple"},"_links":{"self":[{"href":"https:\/\/noithathuuthinh.vn\/zh-hans\/wp-json\/wp\/v2\/product\/4112","targetHints":{"allow":["GET"]}}],"collection":[{"href":"https:\/\/noithathuuthinh.vn\/zh-hans\/wp-json\/wp\/v2\/product"}],"about":[{"href":"https:\/\/noithathuuthinh.vn\/zh-hans\/wp-json\/wp\/v2\/types\/product"}],"replies":[{"embeddable":true,"href":"https:\/\/noithathuuthinh.vn\/zh-hans\/wp-json\/wp\/v2\/comments?post=4112"}],"wp:featuredmedia":[{"embeddable":true,"href":"https:\/\/noithathuuthinh.vn\/zh-hans\/wp-json\/wp\/v2\/media\/4113"}],"wp:attachment":[{"href":"https:\/\/noithathuuthinh.vn\/zh-hans\/wp-json\/wp\/v2\/media?parent=4112"}],"wp:term":[{"taxonomy":"product_brand","embeddable":true,"href":"https:\/\/noithathuuthinh.vn\/zh-hans\/wp-json\/wp\/v2\/product_brand?post=4112"},{"taxonomy":"product_cat","embeddable":true,"href":"https:\/\/noithathuuthinh.vn\/zh-hans\/wp-json\/wp\/v2\/product_cat?post=4112"},{"taxonomy":"product_tag","embeddable":true,"href":"https:\/\/noithathuuthinh.vn\/zh-hans\/wp-json\/wp\/v2\/product_tag?post=4112"}],"curies":[{"name":"wp","href":"https:\/\/api.w.org\/{rel}","templated":true}]}}