{"id":4122,"date":"2025-10-25T16:19:22","date_gmt":"2025-10-25T09:19:22","guid":{"rendered":"https:\/\/noithathuuthinh.vn\/?post_type=product&#038;p=4122"},"modified":"2025-10-25T16:19:22","modified_gmt":"2025-10-25T09:19:22","slug":"tu-ho-so-ntm1d1f","status":"publish","type":"product","link":"https:\/\/noithathuuthinh.vn\/zh-hans\/san-pham\/tu-ho-so-ntm1d1f\/","title":{"rendered":"T\u1ee7 h\u1ed3 s\u01a1 NTM1D1F"},"content":{"rendered":"<p data-start=\"817\" data-end=\"1169\">T\u1ee7 h\u1ed3 s\u01a1 NTM1D1F l\u00e0 l\u1ef1a ch\u1ecdn l\u00fd t\u01b0\u1edfng cho nh\u1eefng ai \u0111ang t\u00ecm ki\u1ebfm m\u1ed9t m\u1eabu h\u1ed9c di \u0111\u1ed9ng v\u1eeba th\u1ea9m m\u1ef9, v\u1eeba ti\u1ec7n d\u1ee5ng trong kh\u00f4ng gian l\u00e0m vi\u1ec7c hi\u1ec7n \u0111\u1ea1i. V\u1edbi thi\u1ebft k\u1ebf t\u1ed1i gi\u1ea3n nh\u01b0ng tinh t\u1ebf, s\u1ea3n ph\u1ea9m kh\u00f4ng ch\u1ec9 \u0111\u00e1p \u1ee9ng nhu c\u1ea7u l\u01b0u tr\u1eef h\u1ed3 s\u01a1, t\u00e0i li\u1ec7u m\u00e0 c\u00f2n g\u00f3p ph\u1ea7n ho\u00e0n thi\u1ec7n di\u1ec7n m\u1ea1o chuy\u00ean nghi\u1ec7p cho v\u0103n ph\u00f2ng.<\/p>\n<p data-start=\"1171\" data-end=\"1547\">\u0110\u01b0\u1ee3c s\u1ea3n xu\u1ea5t t\u1eeb <strong data-start=\"1188\" data-end=\"1227\">g\u1ed7 c\u00f4ng nghi\u1ec7p ph\u1ee7 Laminate cao c\u1ea5p<\/strong>, t\u1ee7 h\u1ed3 s\u01a1 NTM1D1F c\u00f3 kh\u1ea3 n\u0103ng ch\u1ecbu va \u0111\u1eadp t\u1ed1t, ch\u1ed1ng tr\u1ea7y x\u01b0\u1edbc v\u00e0 ch\u1ed1ng \u1ea9m hi\u1ec7u qu\u1ea3. L\u1edbp ph\u1ee7 Laminate gi\u00fap b\u1ec1 m\u1eb7t lu\u00f4n s\u00e1ng \u0111\u1eb9p, d\u1ec5 lau ch\u00f9i, \u0111\u1ed3ng th\u1eddi mang l\u1ea1i v\u1ebb hi\u1ec7n \u0111\u1ea1i v\u00e0 sang tr\u1ecdng. \u0110\u00e2y l\u00e0 lo\u1ea1i v\u1eadt li\u1ec7u \u0111\u01b0\u1ee3c \u0111\u00e1nh gi\u00e1 cao trong thi\u1ebft k\u1ebf n\u1ed9i th\u1ea5t v\u0103n ph\u00f2ng nh\u1edd \u0111\u1ed9 b\u1ec1n v\u00e0 kh\u1ea3 n\u0103ng gi\u1eef m\u00e0u v\u01b0\u1ee3t tr\u1ed9i theo th\u1eddi gian.<\/p>\n<p data-start=\"1549\" data-end=\"1838\">S\u1ea3n ph\u1ea9m \u0111\u01b0\u1ee3c thi\u1ebft k\u1ebf v\u1edbi <strong data-start=\"1576\" data-end=\"1599\">2 ng\u0103n k\u00e9o r\u1ed9ng r\u00e3i<\/strong>, \u0111\u00e1p \u1ee9ng nhu c\u1ea7u l\u01b0u tr\u1eef \u0111a d\u1ea1ng \u2013 t\u1eeb h\u1ed3 s\u01a1, t\u00e0i li\u1ec7u \u0111\u1ebfn c\u00e1c v\u1eadt d\u1ee5ng c\u00e1 nh\u00e2n. C\u00e1c ng\u0103n k\u00e9o \u0111\u01b0\u1ee3c trang b\u1ecb <strong data-start=\"1707\" data-end=\"1737\">ray tr\u01b0\u1ee3t kim lo\u1ea1i cao c\u1ea5p<\/strong>, gi\u00fap \u0111\u00f3ng m\u1edf nh\u1eb9 nh\u00e0ng, kh\u00f4ng g\u00e2y ti\u1ebfng \u1ed3n v\u00e0 \u0111\u1ea3m b\u1ea3o \u0111\u1ed9 b\u1ec1n cao trong qu\u00e1 tr\u00ecnh s\u1eed d\u1ee5ng l\u00e2u d\u00e0i.<\/p>\n<p data-start=\"1840\" data-end=\"2141\">\u0110i\u1ec3m n\u1ed5i b\u1eadt c\u1ee7a <strong data-start=\"1857\" data-end=\"1877\">t\u1ee7 h\u1ed3 s\u01a1 NTM1D1F<\/strong> n\u1eb1m \u1edf <strong data-start=\"1884\" data-end=\"1914\">c\u01a1 ch\u1ebf kh\u00f3a d\u00e0n th\u00f4ng minh<\/strong>, cho ph\u00e9p ng\u01b0\u1eddi d\u00f9ng kh\u00f3a \u0111\u1ed3ng th\u1eddi to\u00e0n b\u1ed9 ng\u0103n k\u00e9o ch\u1ec9 b\u1eb1ng m\u1ed9t ch\u00eca kh\u00f3a duy nh\u1ea5t. T\u00ednh n\u0103ng n\u00e0y \u0111\u1eb7c bi\u1ec7t h\u1eefu \u00edch trong m\u00f4i tr\u01b0\u1eddng l\u00e0m vi\u1ec7c chuy\u00ean nghi\u1ec7p, n\u01a1i vi\u1ec7c b\u1ea3o m\u1eadt t\u00e0i li\u1ec7u v\u00e0 t\u00e0i s\u1ea3n c\u00e1 nh\u00e2n l\u00e0 y\u1ebfu t\u1ed1 quan tr\u1ecdng.<\/p>\n<p data-start=\"2143\" data-end=\"2429\">Thi\u1ebft k\u1ebf <strong data-start=\"2152\" data-end=\"2176\">h\u1ed9c di \u0111\u1ed9ng ti\u1ec7n l\u1ee3i<\/strong> v\u1edbi h\u1ec7 th\u1ed1ng b\u00e1nh xe ch\u1ecbu l\u1ef1c gi\u00fap vi\u1ec7c di chuy\u1ec3n tr\u1edf n\u00ean linh ho\u1ea1t v\u00e0 d\u1ec5 d\u00e0ng. Ng\u01b0\u1eddi d\u00f9ng c\u00f3 th\u1ec3 \u0111\u1eb7t t\u1ee7 c\u1ea1nh b\u00e0n l\u00e0m vi\u1ec7c, d\u01b0\u1edbi m\u1eb7t b\u00e0n ho\u1eb7c \u1edf g\u00f3c v\u0103n ph\u00f2ng t\u00f9y theo b\u1ed1 c\u1ee5c kh\u00f4ng gian, gi\u00fap t\u1ed1i \u01b0u di\u1ec7n t\u00edch v\u00e0 mang l\u1ea1i s\u1ef1 thu\u1eadn ti\u1ec7n trong c\u00f4ng vi\u1ec7c.<\/p>\n<p data-start=\"2431\" data-end=\"2761\">B\u00ean c\u1ea1nh c\u00f4ng n\u0103ng v\u01b0\u1ee3t tr\u1ed9i, t\u1ee7 h\u1ed3 s\u01a1 NTM1D1F c\u00f2n \u0111\u01b0\u1ee3c \u0111\u00e1nh gi\u00e1 cao v\u1ec1 m\u1eb7t th\u1ea9m m\u1ef9. \u0110\u01b0\u1eddng n\u00e9t vu\u00f4ng v\u1ee9c, tinh gi\u1ea3n k\u1ebft h\u1ee3p v\u1edbi m\u00e0u g\u1ed7 hi\u1ec7n \u0111\u1ea1i gi\u00fap s\u1ea3n ph\u1ea9m d\u1ec5 d\u00e0ng ph\u1ed1i h\u1ee3p c\u00f9ng c\u00e1c d\u00f2ng b\u00e0n l\u00e0m vi\u1ec7c ch\u00e2n s\u1eaft ho\u1eb7c g\u1ed7 c\u00f4ng nghi\u1ec7p kh\u00e1c c\u1ee7a th\u01b0\u01a1ng hi\u1ec7u <strong data-start=\"2683\" data-end=\"2703\">N\u1ed9i th\u1ea5t The One<\/strong>, t\u1ea1o n\u00ean t\u1ed5ng th\u1ec3 \u0111\u1ed3ng b\u1ed9, chuy\u00ean nghi\u1ec7p v\u00e0 sang tr\u1ecdng.<\/p>\n<p data-start=\"2763\" data-end=\"3073\">V\u1edbi k\u00edch th\u01b0\u1edbc nh\u1ecf g\u1ecdn nh\u01b0ng kh\u00f4ng k\u00e9m ph\u1ea7n ti\u1ec7n \u00edch, <strong data-start=\"2817\" data-end=\"2828\">NTM1D1F<\/strong> l\u00e0 gi\u1ea3i ph\u00e1p ho\u00e0n h\u1ea3o cho kh\u00f4ng gian l\u00e0m vi\u1ec7c hi\u1ec7n \u0111\u1ea1i, \u0111\u00e1p \u1ee9ng c\u1ea3 nhu c\u1ea7u th\u1ea9m m\u1ef9 l\u1eabn c\u00f4ng n\u0103ng l\u01b0u tr\u1eef. S\u1ea3n ph\u1ea9m th\u00edch h\u1ee3p cho nh\u00e2n vi\u00ean v\u0103n ph\u00f2ng, qu\u1ea3n l\u00fd ho\u1eb7c c\u00e1c c\u00e1 nh\u00e2n mong mu\u1ed1n m\u1ed9t kh\u00f4ng gian l\u00e0m vi\u1ec7c g\u1ecdn g\u00e0ng, ng\u0103n n\u1eafp v\u00e0 phong c\u00e1ch.<\/p>\n<p data-start=\"3075\" data-end=\"3302\" data-is-last-node=\"\" data-is-only-node=\"\">N\u1ebfu b\u1ea1n \u0111ang t\u00ecm ki\u1ebfm m\u1ed9t m\u1eabu h\u1ed9c di \u0111\u1ed9ng b\u1ec1n \u0111\u1eb9p, d\u1ec5 s\u1eed d\u1ee5ng v\u00e0 ph\u00f9 h\u1ee3p v\u1edbi m\u1ecdi phong c\u00e1ch n\u1ed9i th\u1ea5t, <strong data-start=\"3177\" data-end=\"3197\">t\u1ee7 h\u1ed3 s\u01a1 NTM1D1F<\/strong> ch\u00ednh l\u00e0 l\u1ef1a ch\u1ecdn \u0111\u00e1ng tin c\u1eady \u2013 mang l\u1ea1i s\u1ef1 ti\u1ec7n nghi v\u00e0 chuy\u00ean nghi\u1ec7p cho kh\u00f4ng gian l\u00e0m vi\u1ec7c c\u1ee7a b\u1ea1n.<\/p>\n","protected":false},"excerpt":{"rendered":"<p data-start=\"24\" data-end=\"467\">T\u1ee7 h\u1ed3 s\u01a1 NTM1D1F l\u00e0 m\u1eabu h\u1ed9c di \u0111\u1ed9ng cao c\u1ea5p \u0111\u01b0\u1ee3c thi\u1ebft k\u1ebf nh\u1ecf g\u1ecdn, hi\u1ec7n \u0111\u1ea1i v\u1edbi 2 ng\u0103n k\u00e9o ti\u1ec7n d\u1ee5ng. S\u1ea3n ph\u1ea9m s\u1eed d\u1ee5ng <strong data-start=\"174\" data-end=\"215\">ch\u1ea5t li\u1ec7u g\u1ed7 c\u00f4ng nghi\u1ec7p ph\u1ee7 Laminate<\/strong> cao c\u1ea5p, c\u00f3 kh\u1ea3 n\u0103ng ch\u1ed1ng tr\u1ea7y x\u01b0\u1edbc, ch\u1ed1ng \u1ea9m m\u1ed1c v\u00e0 d\u1ec5 d\u00e0ng v\u1ec7 sinh trong qu\u00e1 tr\u00ecnh s\u1eed d\u1ee5ng. H\u1ed9c \u0111\u01b0\u1ee3c trang b\u1ecb <strong data-start=\"329\" data-end=\"349\">kh\u00f3a d\u00e0n an to\u00e0n<\/strong>, gi\u00fap ng\u01b0\u1eddi d\u00f9ng d\u1ec5 d\u00e0ng kh\u00f3a to\u00e0n b\u1ed9 ng\u0103n k\u00e9o ch\u1ec9 b\u1eb1ng m\u1ed9t thao t\u00e1c, \u0111\u1ea3m b\u1ea3o an to\u00e0n cho h\u1ed3 s\u01a1 v\u00e0 t\u00e0i s\u1ea3n c\u00e1 nh\u00e2n.<\/p>\n<p data-start=\"469\" data-end=\"810\">K\u00edch th\u01b0\u1edbc: W400 x D480 x H612 mm<br data-start=\"502\" data-end=\"505\" \/>Xu\u1ea5t x\u1ee9: S\u1ea3n ph\u1ea9m c\u1ee7a <strong data-start=\"527\" data-end=\"555\">C\u00f4ng ty N\u1ed8I TH\u1ea4T THE ONE<\/strong> \u2013 Ph\u00e2n ph\u1ed1i b\u1edfi <strong data-start=\"572\" data-end=\"608\">C\u00d4NG TY TNHH SXTM TTNT H\u1eeeU TH\u1ecaNH<\/strong><br data-start=\"608\" data-end=\"611\" \/>B\u1ea3o h\u00e0nh: 12 th\u00e1ng theo ti\u00eau chu\u1ea9n nh\u00e0 m\u00e1y<br data-start=\"653\" data-end=\"656\" \/><span style=\"color: #ed1c24;\"><em data-start=\"656\" data-end=\"808\">L\u01b0u \u00fd: Gi\u00e1 tr\u00ean ch\u01b0a bao g\u1ed3m VAT v\u00e0 ph\u00ed v\u1eadn chuy\u1ec3n. Gi\u00e1 s\u1ea3n ph\u1ea9m c\u00f3 th\u1ec3 thay \u0111\u1ed5i theo t\u1eebng th\u1eddi \u0111i\u1ec3m, vui l\u00f2ng li\u00ean h\u1ec7 \u0111\u1ec3 nh\u1eadn t\u01b0 v\u1ea5n \u01b0u \u0111\u00e3i t\u1ed1t nh\u1ea5t.<\/em><\/span><\/p>\n","protected":false},"featured_media":4123,"comment_status":"open","ping_status":"closed","template":"","meta":[],"product_brand":[],"product_cat":[17,760],"product_tag":[],"class_list":{"0":"post-4122","1":"product","2":"type-product","3":"status-publish","4":"has-post-thumbnail","6":"product_cat-noi-that-van-phong","7":"product_cat-tu-go-van-phong","9":"first","10":"instock","11":"taxable","12":"shipping-taxable","13":"purchasable","14":"product-type-simple"},"_links":{"self":[{"href":"https:\/\/noithathuuthinh.vn\/zh-hans\/wp-json\/wp\/v2\/product\/4122","targetHints":{"allow":["GET"]}}],"collection":[{"href":"https:\/\/noithathuuthinh.vn\/zh-hans\/wp-json\/wp\/v2\/product"}],"about":[{"href":"https:\/\/noithathuuthinh.vn\/zh-hans\/wp-json\/wp\/v2\/types\/product"}],"replies":[{"embeddable":true,"href":"https:\/\/noithathuuthinh.vn\/zh-hans\/wp-json\/wp\/v2\/comments?post=4122"}],"wp:featuredmedia":[{"embeddable":true,"href":"https:\/\/noithathuuthinh.vn\/zh-hans\/wp-json\/wp\/v2\/media\/4123"}],"wp:attachment":[{"href":"https:\/\/noithathuuthinh.vn\/zh-hans\/wp-json\/wp\/v2\/media?parent=4122"}],"wp:term":[{"taxonomy":"product_brand","embeddable":true,"href":"https:\/\/noithathuuthinh.vn\/zh-hans\/wp-json\/wp\/v2\/product_brand?post=4122"},{"taxonomy":"product_cat","embeddable":true,"href":"https:\/\/noithathuuthinh.vn\/zh-hans\/wp-json\/wp\/v2\/product_cat?post=4122"},{"taxonomy":"product_tag","embeddable":true,"href":"https:\/\/noithathuuthinh.vn\/zh-hans\/wp-json\/wp\/v2\/product_tag?post=4122"}],"curies":[{"name":"wp","href":"https:\/\/api.w.org\/{rel}","templated":true}]}}