{"id":4129,"date":"2025-10-25T16:29:01","date_gmt":"2025-10-25T09:29:01","guid":{"rendered":"https:\/\/noithathuuthinh.vn\/?post_type=product&#038;p=4129"},"modified":"2025-10-25T16:29:01","modified_gmt":"2025-10-25T09:29:01","slug":"tu-ho-so-atm3d1","status":"publish","type":"product","link":"https:\/\/noithathuuthinh.vn\/zh-hans\/san-pham\/tu-ho-so-atm3d1\/","title":{"rendered":"T\u1ee7 h\u1ed3 s\u01a1 ATM3D1"},"content":{"rendered":"<p data-start=\"669\" data-end=\"1084\">T\u1ee7 h\u1ed3 s\u01a1 ATM3D1 l\u00e0 m\u1eabu h\u1ed9c di \u0111\u1ed9ng cao c\u1ea5p thu\u1ed9c d\u00f2ng s\u1ea3n ph\u1ea9m v\u0103n ph\u00f2ng hi\u1ec7n \u0111\u1ea1i c\u1ee7a N\u1ed9i th\u1ea5t The One, \u0111\u01b0\u1ee3c thi\u1ebft k\u1ebf \u0111\u1ec3 mang \u0111\u1ebfn s\u1ef1 ti\u1ec7n nghi, an to\u00e0n v\u00e0 tinh t\u1ebf cho kh\u00f4ng gian l\u00e0m vi\u1ec7c. V\u1edbi c\u1ea5u tr\u00fac ba ng\u0103n k\u00e9o r\u1ed9ng r\u00e3i c\u00f9ng h\u1ec7 th\u1ed1ng kh\u00f3a d\u00e0n ch\u1eafc ch\u1eafn, ATM3D1 gi\u00fap ng\u01b0\u1eddi d\u00f9ng d\u1ec5 d\u00e0ng s\u1eafp x\u1ebfp, b\u1ea3o qu\u1ea3n h\u1ed3 s\u01a1, t\u00e0i li\u1ec7u v\u00e0 v\u1eadt d\u1ee5ng c\u00e1 nh\u00e2n m\u1ed9t c\u00e1ch khoa h\u1ecdc v\u00e0 g\u1ecdn g\u00e0ng.<\/p>\n<p data-start=\"1086\" data-end=\"1444\">\u0110i\u1ec3m \u0111\u1eb7c bi\u1ec7t c\u1ee7a <strong data-start=\"1104\" data-end=\"1123\">t\u1ee7 h\u1ed3 s\u01a1 ATM3D1<\/strong> n\u1eb1m \u1edf thi\u1ebft k\u1ebf tay v\u00e1t 2 b\u00ean thay cho tay n\u1eafm truy\u1ec1n th\u1ed1ng. \u0110\u01b0\u1eddng v\u00e1t nh\u1eb9 mang \u0111\u1ebfn c\u1ea3m gi\u00e1c li\u1ec1n m\u1ea1ch, sang tr\u1ecdng v\u00e0 hi\u1ec7n \u0111\u1ea1i h\u01a1n, \u0111\u1ed3ng th\u1eddi gi\u00fap vi\u1ec7c thao t\u00e1c m\u1edf ng\u0103n k\u00e9o tr\u1edf n\u00ean nh\u1eb9 nh\u00e0ng, ti\u1ec7n l\u1ee3i. \u0110\u00e2y l\u00e0 xu h\u01b0\u1edbng thi\u1ebft k\u1ebf \u0111\u01b0\u1ee3c nhi\u1ec1u doanh nghi\u1ec7p l\u1ef1a ch\u1ecdn \u0111\u1ec3 t\u1ed1i \u01b0u h\u00f3a v\u1ebb \u0111\u1eb9p tinh g\u1ecdn, chuy\u00ean nghi\u1ec7p cho v\u0103n ph\u00f2ng.<\/p>\n<p data-start=\"1446\" data-end=\"1796\">S\u1ea3n ph\u1ea9m \u0111\u01b0\u1ee3c ch\u1ebf t\u00e1c t\u1eeb g\u1ed7 c\u00f4ng nghi\u1ec7p ch\u1ea5t l\u01b0\u1ee3ng cao, b\u1ec1 m\u1eb7t ph\u1ee7 Melamine ch\u1ed1ng tr\u1ea7y x\u01b0\u1edbc, ch\u1ed1ng \u1ea9m v\u00e0 d\u1ec5 d\u00e0ng v\u1ec7 sinh. Nh\u1edd \u0111\u00f3, ATM3D1 lu\u00f4n gi\u1eef \u0111\u01b0\u1ee3c v\u1ebb s\u00e1ng b\u00f3ng, b\u1ec1n m\u00e0u theo th\u1eddi gian, ph\u00f9 h\u1ee3p v\u1edbi \u0111i\u1ec1u ki\u1ec7n kh\u00ed h\u1eadu n\u00f3ng \u1ea9m t\u1ea1i Vi\u1ec7t Nam. L\u1edbp ph\u1ee7 Melamine c\u00f2n gi\u00fap b\u1ea3o v\u1ec7 c\u1ed1t g\u1ed7 kh\u1ecfi m\u1ed1i m\u1ecdt, \u0111\u1ea3m b\u1ea3o tu\u1ed5i th\u1ecd l\u00e2u d\u00e0i v\u00e0 t\u00ednh \u1ed5n \u0111\u1ecbnh khi s\u1eed d\u1ee5ng.<\/p>\n<p data-start=\"1798\" data-end=\"2088\">H\u1ec7 th\u1ed1ng kh\u00f3a d\u00e0n th\u00f4ng minh cho ph\u00e9p ng\u01b0\u1eddi d\u00f9ng ch\u1ec9 c\u1ea7n m\u1ed9t thao t\u00e1c \u0111\u1ec3 kh\u00f3a ho\u1eb7c m\u1edf to\u00e0n b\u1ed9 c\u00e1c ng\u0103n k\u00e9o, \u0111\u1ea3m b\u1ea3o an to\u00e0n cho t\u00e0i li\u1ec7u v\u00e0 \u0111\u1ed3 d\u00f9ng c\u00e1 nh\u00e2n. C\u01a1 c\u1ea5u ray tr\u01b0\u1ee3t kim lo\u1ea1i cao c\u1ea5p gi\u00fap ng\u0103n k\u00e9o v\u1eadn h\u00e0nh \u00eam \u00e1i, h\u1ea1n ch\u1ebf ti\u1ebfng \u1ed3n, t\u0103ng \u0111\u1ed9 b\u1ec1n trong qu\u00e1 tr\u00ecnh s\u1eed d\u1ee5ng th\u01b0\u1eddng xuy\u00ean.<\/p>\n<p data-start=\"2090\" data-end=\"2422\">K\u00edch th\u01b0\u1edbc ti\u00eau chu\u1ea9n c\u1ee7a <strong data-start=\"2116\" data-end=\"2126\">ATM3D1<\/strong> (W400 x D480 x H612 mm) gi\u00fap t\u1ee7 d\u1ec5 d\u00e0ng b\u1ed1 tr\u00ed d\u01b0\u1edbi g\u1ea7m b\u00e0n l\u00e0m vi\u1ec7c, b\u00ean c\u1ea1nh b\u00e0n nh\u00e2n vi\u00ean ho\u1eb7c b\u00e0n tr\u01b0\u1edfng ph\u00f2ng. Thi\u1ebft k\u1ebf g\u1ecdn g\u00e0ng, kh\u00f4ng chi\u1ebfm nhi\u1ec1u di\u1ec7n t\u00edch nh\u01b0ng v\u1eabn \u0111\u1ea3m b\u1ea3o dung l\u01b0\u1ee3ng l\u01b0u tr\u1eef l\u1edbn, r\u1ea5t ph\u00f9 h\u1ee3p v\u1edbi nh\u1eefng kh\u00f4ng gian v\u0103n ph\u00f2ng hi\u1ec7n \u0111\u1ea1i, n\u01a1i \u0111\u1ec1 cao s\u1ef1 t\u1ed1i gi\u1ea3n v\u00e0 hi\u1ec7u qu\u1ea3.<\/p>\n<p data-start=\"2424\" data-end=\"2679\">Ngo\u00e0i ra, ph\u1ea7n ch\u00e2n t\u1ee7 \u0111\u01b0\u1ee3c g\u1eafn b\u00e1nh xe di chuy\u1ec3n linh ho\u1ea1t, gi\u00fap ng\u01b0\u1eddi d\u00f9ng thu\u1eadn ti\u1ec7n thay \u0111\u1ed5i v\u1ecb tr\u00ed m\u00e0 kh\u00f4ng c\u1ea7n t\u1ed1n nhi\u1ec1u s\u1ee9c. \u0110\u00e2y l\u00e0 \u01b0u \u0111i\u1ec3m l\u1edbn c\u1ee7a c\u00e1c d\u00f2ng h\u1ed9c di \u0111\u1ed9ng, mang l\u1ea1i s\u1ef1 linh ho\u1ea1t t\u1ed1i \u0111a cho kh\u00f4ng gian v\u0103n ph\u00f2ng n\u0103ng \u0111\u1ed9ng v\u00e0 s\u00e1ng t\u1ea1o.<\/p>\n<p data-start=\"2681\" data-end=\"3015\">V\u1ec1 m\u1eb7t th\u1ea9m m\u1ef9, t\u1ee7 h\u1ed3 s\u01a1 ATM3D1 s\u1edf h\u1eefu ki\u1ec3u d\u00e1ng vu\u00f4ng v\u1eafn, c\u00e2n \u0111\u1ed1i c\u00f9ng m\u00e0u s\u1eafc trang nh\u00e3, d\u1ec5 d\u00e0ng ph\u1ed1i h\u1ee3p v\u1edbi nhi\u1ec1u d\u00f2ng b\u00e0n l\u00e0m vi\u1ec7c kh\u00e1c nhau nh\u01b0 b\u00e0n ch\u00e2n s\u1eaft, b\u00e0n g\u1ed7 c\u00f4ng nghi\u1ec7p hay b\u00e0n tr\u01b0\u1edfng ph\u00f2ng. Khi k\u1ebft h\u1ee3p \u0111\u1ed3ng b\u1ed9, s\u1ea3n ph\u1ea9m g\u00f3p ph\u1ea7n ho\u00e0n thi\u1ec7n t\u1ed5ng th\u1ec3 kh\u00f4ng gian, mang l\u1ea1i v\u1ebb chuy\u00ean nghi\u1ec7p v\u00e0 hi\u1ec7n \u0111\u1ea1i cho n\u01a1i l\u00e0m vi\u1ec7c.<\/p>\n<p data-start=\"3017\" data-end=\"3381\" data-is-last-node=\"\" data-is-only-node=\"\">V\u1edbi nh\u1eefng \u01b0u \u0111i\u1ec3m v\u01b0\u1ee3t tr\u1ed9i v\u1ec1 thi\u1ebft k\u1ebf, ch\u1ea5t li\u1ec7u v\u00e0 c\u00f4ng n\u0103ng, <strong data-start=\"3082\" data-end=\"3101\">t\u1ee7 h\u1ed3 s\u01a1 ATM3D1<\/strong> l\u00e0 l\u1ef1a ch\u1ecdn ho\u00e0n h\u1ea3o cho nh\u1eefng ai \u0111ang t\u00ecm ki\u1ebfm gi\u1ea3i ph\u00e1p l\u01b0u tr\u1eef ti\u1ec7n l\u1ee3i, b\u1ec1n \u0111\u1eb9p v\u00e0 tinh t\u1ebf. S\u1ea3n ph\u1ea9m kh\u00f4ng ch\u1ec9 gi\u00fap s\u1eafp x\u1ebfp h\u1ed3 s\u01a1 g\u1ecdn g\u00e0ng, an to\u00e0n m\u00e0 c\u00f2n g\u00f3p ph\u1ea7n n\u00e2ng t\u1ea7m th\u1ea9m m\u1ef9 cho m\u00f4i tr\u01b0\u1eddng l\u00e0m vi\u1ec7c, th\u1ec3 hi\u1ec7n gu ch\u1ecdn n\u1ed9i th\u1ea5t tinh t\u1ebf v\u00e0 chuy\u00ean nghi\u1ec7p c\u1ee7a ng\u01b0\u1eddi s\u1eed d\u1ee5ng.<\/p>\n","protected":false},"excerpt":{"rendered":"<p data-start=\"23\" data-end=\"319\">T\u1ee7 h\u1ed3 s\u01a1 ATM3D1 l\u00e0 m\u1eabu h\u1ed9c di \u0111\u1ed9ng 3 ng\u0103n k\u00e9o \u0111\u01b0\u1ee3c thi\u1ebft k\u1ebf hi\u1ec7n \u0111\u1ea1i, ti\u1ec7n d\u1ee5ng v\u00e0 mang t\u00ednh th\u1ea9m m\u1ef9 cao. S\u1ea3n ph\u1ea9m s\u1eed d\u1ee5ng kh\u00f3a d\u00e0n an to\u00e0n c\u00f9ng chi ti\u1ebft tay v\u00e1t 2 b\u00ean \u0111\u1ed9c \u0111\u00e1o, t\u1ea1o \u0111i\u1ec3m nh\u1ea5n tinh t\u1ebf, \u0111\u1ed3ng th\u1eddi gi\u00fap thao t\u00e1c m\u1edf \u2013 \u0111\u00f3ng ng\u0103n k\u00e9o d\u1ec5 d\u00e0ng, thu\u1eadn ti\u1ec7n.<\/p>\n<p data-start=\"321\" data-end=\"662\">K\u00edch th\u01b0\u1edbc: W400 x D480 x H612 mm<br data-start=\"354\" data-end=\"357\" \/>Xu\u1ea5t x\u1ee9: S\u1ea3n ph\u1ea9m c\u1ee7a <strong data-start=\"379\" data-end=\"407\">C\u00f4ng ty N\u1ed8I TH\u1ea4T THE ONE<\/strong> \u2013 Ph\u00e2n ph\u1ed1i b\u1edfi <strong data-start=\"424\" data-end=\"460\">C\u00d4NG TY TNHH SXTM TTNT H\u1eeeU TH\u1ecaNH<\/strong><br data-start=\"460\" data-end=\"463\" \/>B\u1ea3o h\u00e0nh: 12 th\u00e1ng theo ti\u00eau chu\u1ea9n nh\u00e0 m\u00e1y<br data-start=\"505\" data-end=\"508\" data-is-only-node=\"\" \/><span style=\"color: #ed1c24;\"><em data-start=\"508\" data-end=\"660\">L\u01b0u \u00fd: Gi\u00e1 tr\u00ean ch\u01b0a bao g\u1ed3m VAT v\u00e0 ph\u00ed v\u1eadn chuy\u1ec3n. Gi\u00e1 s\u1ea3n ph\u1ea9m c\u00f3 th\u1ec3 thay \u0111\u1ed5i theo t\u1eebng th\u1eddi \u0111i\u1ec3m, vui l\u00f2ng li\u00ean h\u1ec7 \u0111\u1ec3 nh\u1eadn t\u01b0 v\u1ea5n \u01b0u \u0111\u00e3i t\u1ed1t nh\u1ea5t.<\/em><\/span><\/p>\n","protected":false},"featured_media":4130,"comment_status":"open","ping_status":"closed","template":"","meta":[],"product_brand":[],"product_cat":[17,760],"product_tag":[],"class_list":{"0":"post-4129","1":"product","2":"type-product","3":"status-publish","4":"has-post-thumbnail","6":"product_cat-noi-that-van-phong","7":"product_cat-tu-go-van-phong","9":"first","10":"instock","11":"taxable","12":"shipping-taxable","13":"purchasable","14":"product-type-simple"},"_links":{"self":[{"href":"https:\/\/noithathuuthinh.vn\/zh-hans\/wp-json\/wp\/v2\/product\/4129","targetHints":{"allow":["GET"]}}],"collection":[{"href":"https:\/\/noithathuuthinh.vn\/zh-hans\/wp-json\/wp\/v2\/product"}],"about":[{"href":"https:\/\/noithathuuthinh.vn\/zh-hans\/wp-json\/wp\/v2\/types\/product"}],"replies":[{"embeddable":true,"href":"https:\/\/noithathuuthinh.vn\/zh-hans\/wp-json\/wp\/v2\/comments?post=4129"}],"wp:featuredmedia":[{"embeddable":true,"href":"https:\/\/noithathuuthinh.vn\/zh-hans\/wp-json\/wp\/v2\/media\/4130"}],"wp:attachment":[{"href":"https:\/\/noithathuuthinh.vn\/zh-hans\/wp-json\/wp\/v2\/media?parent=4129"}],"wp:term":[{"taxonomy":"product_brand","embeddable":true,"href":"https:\/\/noithathuuthinh.vn\/zh-hans\/wp-json\/wp\/v2\/product_brand?post=4129"},{"taxonomy":"product_cat","embeddable":true,"href":"https:\/\/noithathuuthinh.vn\/zh-hans\/wp-json\/wp\/v2\/product_cat?post=4129"},{"taxonomy":"product_tag","embeddable":true,"href":"https:\/\/noithathuuthinh.vn\/zh-hans\/wp-json\/wp\/v2\/product_tag?post=4129"}],"curies":[{"name":"wp","href":"https:\/\/api.w.org\/{rel}","templated":true}]}}