{"id":4133,"date":"2025-10-25T16:34:03","date_gmt":"2025-10-25T09:34:03","guid":{"rendered":"https:\/\/noithathuuthinh.vn\/?post_type=product&#038;p=4133"},"modified":"2025-10-25T16:34:03","modified_gmt":"2025-10-25T09:34:03","slug":"tu-ho-so-atm1d1f","status":"publish","type":"product","link":"https:\/\/noithathuuthinh.vn\/zh-hans\/san-pham\/tu-ho-so-atm1d1f\/","title":{"rendered":"T\u1ee7 h\u1ed3 s\u01a1 ATM1D1F"},"content":{"rendered":"<p data-start=\"679\" data-end=\"1052\">T\u1ee7 h\u1ed3 s\u01a1 ATM1D1F l\u00e0 d\u00f2ng h\u1ed9c di \u0111\u1ed9ng cao c\u1ea5p \u0111\u01b0\u1ee3c thi\u1ebft k\u1ebf nh\u1eb1m \u0111\u00e1p \u1ee9ng nhu c\u1ea7u l\u01b0u tr\u1eef t\u00e0i li\u1ec7u, h\u1ed3 s\u01a1 v\u00e0 v\u1eadt d\u1ee5ng c\u00e1 nh\u00e2n trong c\u00e1c v\u0103n ph\u00f2ng hi\u1ec7n \u0111\u1ea1i. V\u1edbi ki\u1ec3u d\u00e1ng nh\u1ecf g\u1ecdn, thi\u1ebft k\u1ebf ti\u1ec7n d\u1ee5ng c\u00f9ng gam m\u00e0u trang nh\u00e3, s\u1ea3n ph\u1ea9m kh\u00f4ng ch\u1ec9 gi\u00fap t\u1ed1i \u01b0u di\u1ec7n t\u00edch kh\u00f4ng gian m\u00e0 c\u00f2n t\u1ea1o n\u00ean \u0111i\u1ec3m nh\u1ea5n sang tr\u1ecdng cho khu v\u1ef1c l\u00e0m vi\u1ec7c.<\/p>\n<p data-start=\"1054\" data-end=\"1476\">\u0110\u01b0\u1ee3c s\u1ea3n xu\u1ea5t t\u1eeb g\u1ed7 c\u00f4ng nghi\u1ec7p ch\u1ea5t l\u01b0\u1ee3ng cao, b\u1ec1 m\u1eb7t ph\u1ee7 Melamine, <strong data-start=\"1123\" data-end=\"1143\">t\u1ee7 h\u1ed3 s\u01a1 ATM1D1F<\/strong> mang \u0111\u1ebfn kh\u1ea3 n\u0103ng ch\u1ed1ng tr\u1ea7y x\u01b0\u1edbc, ch\u1ed1ng \u1ea9m m\u1ed1c v\u00e0 d\u1ec5 d\u00e0ng v\u1ec7 sinh. L\u1edbp ph\u1ee7 Melamine c\u00f2n gi\u00fap s\u1ea3n ph\u1ea9m gi\u1eef \u0111\u01b0\u1ee3c \u0111\u1ed9 b\u1ec1n m\u00e0u v\u00e0 v\u1ebb \u0111\u1eb9p t\u1ef1 nhi\u00ean theo th\u1eddi gian, \u0111\u1ea3m b\u1ea3o t\u1ee7 lu\u00f4n s\u00e1ng m\u1edbi d\u00f9 s\u1eed d\u1ee5ng l\u00e2u d\u00e0i. C\u1ea5u tr\u00fac v\u1eefng ch\u1eafc v\u00e0 kh\u1ea3 n\u0103ng ch\u1ecbu l\u1ef1c t\u1ed1t gi\u00fap t\u1ee7 ho\u1ea1t \u0111\u1ed9ng \u1ed5n \u0111\u1ecbnh, ph\u1ee5c v\u1ee5 hi\u1ec7u qu\u1ea3 trong m\u00f4i tr\u01b0\u1eddng l\u00e0m vi\u1ec7c c\u01b0\u1eddng \u0111\u1ed9 cao.<\/p>\n<p data-start=\"1478\" data-end=\"1794\">ATM1D1F \u0111\u01b0\u1ee3c thi\u1ebft k\u1ebf v\u1edbi hai ng\u0103n k\u00e9o r\u1ed9ng r\u00e3i, trong \u0111\u00f3 m\u1ed7i ng\u0103n c\u00f3 th\u1ec3 ch\u1ee9a l\u01b0\u1ee3ng l\u1edbn h\u1ed3 s\u01a1 kh\u1ed5 A4, t\u00e0i li\u1ec7u, d\u1ee5ng c\u1ee5 v\u0103n ph\u00f2ng ho\u1eb7c v\u1eadt d\u1ee5ng c\u00e1 nh\u00e2n. S\u1ef1 ph\u00e2n chia h\u1ee3p l\u00fd gi\u1eefa c\u00e1c ng\u0103n gi\u00fap ng\u01b0\u1eddi d\u00f9ng d\u1ec5 d\u00e0ng s\u1eafp x\u1ebfp, ph\u00e2n lo\u1ea1i gi\u1ea5y t\u1edd khoa h\u1ecdc, t\u1eeb \u0111\u00f3 ti\u1ebft ki\u1ec7m th\u1eddi gian t\u00ecm ki\u1ebfm v\u00e0 n\u00e2ng cao hi\u1ec7u qu\u1ea3 l\u00e0m vi\u1ec7c.<\/p>\n<p data-start=\"1796\" data-end=\"2095\">H\u1ec7 th\u1ed1ng kh\u00f3a d\u00e0n \u0111\u01b0\u1ee3c t\u00edch h\u1ee3p th\u00f4ng minh gi\u00fap kh\u00f3a c\u00f9ng l\u00fac to\u00e0n b\u1ed9 c\u00e1c ng\u0103n, mang l\u1ea1i s\u1ef1 an to\u00e0n tuy\u1ec7t \u0111\u1ed1i cho t\u00e0i li\u1ec7u quan tr\u1ecdng. \u0110\u00e2y l\u00e0 m\u1ed9t trong nh\u1eefng \u01b0u \u0111i\u1ec3m n\u1ed5i b\u1eadt khi\u1ebfn <strong data-start=\"1976\" data-end=\"1987\">ATM1D1F<\/strong> tr\u1edf th\u00e0nh l\u1ef1a ch\u1ecdn h\u00e0ng \u0111\u1ea7u c\u1ee7a nhi\u1ec1u doanh nghi\u1ec7p, \u0111\u1eb7c bi\u1ec7t l\u00e0 nh\u1eefng v\u0103n ph\u00f2ng y\u00eau c\u1ea7u t\u00ednh b\u1ea3o m\u1eadt cao.<\/p>\n<p data-start=\"2097\" data-end=\"2473\">Ph\u1ea7n ray tr\u01b0\u1ee3t kim lo\u1ea1i cao c\u1ea5p gi\u00fap c\u00e1c ng\u0103n k\u00e9o v\u1eadn h\u00e0nh nh\u1eb9 nh\u00e0ng, \u00eam \u00e1i, kh\u00f4ng g\u00e2y ti\u1ebfng \u1ed3n khi \u0111\u00f3ng m\u1edf. \u0110i\u1ec1u n\u00e0y g\u00f3p ph\u1ea7n t\u1ea1o n\u00ean m\u00f4i tr\u01b0\u1eddng l\u00e0m vi\u1ec7c y\u00ean t\u0129nh, chuy\u00ean nghi\u1ec7p, \u0111\u1ed3ng th\u1eddi t\u0103ng tu\u1ed5i th\u1ecd cho s\u1ea3n ph\u1ea9m. B\u00ean d\u01b0\u1edbi t\u1ee7 \u0111\u01b0\u1ee3c trang b\u1ecb h\u1ec7 th\u1ed1ng b\u00e1nh xe linh ho\u1ea1t, gi\u00fap ng\u01b0\u1eddi d\u00f9ng d\u1ec5 d\u00e0ng di chuy\u1ec3n t\u1ee7 \u0111\u1ebfn b\u1ea5t k\u1ef3 v\u1ecb tr\u00ed n\u00e0o trong kh\u00f4ng gian l\u00e0m vi\u1ec7c m\u00e0 kh\u00f4ng t\u1ed1n s\u1ee9c.<\/p>\n<p data-start=\"2475\" data-end=\"2843\">V\u1edbi k\u00edch th\u01b0\u1edbc ti\u00eau chu\u1ea9n W400 x D480 x H612 mm, <strong data-start=\"2524\" data-end=\"2544\">t\u1ee7 h\u1ed3 s\u01a1 ATM1D1F<\/strong> c\u00f3 th\u1ec3 \u0111\u1eb7t g\u1ecdn d\u01b0\u1edbi g\u1ea7m b\u00e0n l\u00e0m vi\u1ec7c ho\u1eb7c b\u00ean c\u1ea1nh b\u00e0n nh\u00e2n vi\u00ean, v\u1eeba ti\u1ebft ki\u1ec7m di\u1ec7n t\u00edch v\u1eeba t\u0103ng kh\u1ea3 n\u0103ng l\u01b0u tr\u1eef. Ki\u1ec3u d\u00e1ng vu\u00f4ng v\u1eafn, \u0111\u01b0\u1eddng n\u00e9t s\u1eafc s\u1ea3o k\u1ebft h\u1ee3p c\u00f9ng m\u00e0u g\u1ed7 hi\u1ec7n \u0111\u1ea1i gi\u00fap t\u1ee7 d\u1ec5 d\u00e0ng ph\u1ed1i h\u1ee3p v\u1edbi nhi\u1ec1u lo\u1ea1i b\u00e0n l\u00e0m vi\u1ec7c nh\u01b0 b\u00e0n ch\u00e2n s\u1eaft, b\u00e0n g\u1ed7 c\u00f4ng nghi\u1ec7p hay b\u00e0n tr\u01b0\u1edfng ph\u00f2ng.<\/p>\n<p data-start=\"2845\" data-end=\"3099\">Kh\u00f4ng ch\u1ec9 mang t\u00ednh ti\u1ec7n d\u1ee5ng, ATM1D1F c\u00f2n th\u1ec3 hi\u1ec7n phong c\u00e1ch l\u00e0m vi\u1ec7c chuy\u00ean nghi\u1ec7p v\u00e0 tinh t\u1ebf c\u1ee7a ng\u01b0\u1eddi s\u1eed d\u1ee5ng. \u0110\u00e2y l\u00e0 s\u1ea3n ph\u1ea9m ph\u00f9 h\u1ee3p v\u1edbi nhi\u1ec1u m\u00f4i tr\u01b0\u1eddng kh\u00e1c nhau \u2013 t\u1eeb v\u0103n ph\u00f2ng doanh nghi\u1ec7p, c\u01a1 quan h\u00e0nh ch\u00ednh, \u0111\u1ebfn kh\u00f4ng gian l\u00e0m vi\u1ec7c t\u1ea1i nh\u00e0.<\/p>\n<p data-start=\"3101\" data-end=\"3351\" data-is-last-node=\"\" data-is-only-node=\"\">V\u1edbi s\u1ef1 k\u1ebft h\u1ee3p ho\u00e0n h\u1ea3o gi\u1eefa c\u00f4ng n\u0103ng, ch\u1ea5t li\u1ec7u v\u00e0 thi\u1ebft k\u1ebf th\u1ea9m m\u1ef9, <strong data-start=\"3172\" data-end=\"3192\">t\u1ee7 h\u1ed3 s\u01a1 ATM1D1F<\/strong> l\u00e0 l\u1ef1a ch\u1ecdn l\u00fd t\u01b0\u1edfng gi\u00fap ng\u01b0\u1eddi d\u00f9ng t\u1ed1i \u01b0u kh\u00f4ng gian, n\u00e2ng cao hi\u1ec7u su\u1ea5t l\u00e0m vi\u1ec7c v\u00e0 mang l\u1ea1i c\u1ea3m gi\u00e1c g\u1ecdn g\u00e0ng, ng\u0103n n\u1eafp cho m\u00f4i tr\u01b0\u1eddng v\u0103n ph\u00f2ng hi\u1ec7n \u0111\u1ea1i.<\/p>\n","protected":false},"excerpt":{"rendered":"<p data-start=\"24\" data-end=\"329\">T\u1ee7 h\u1ed3 s\u01a1 ATM1D1F l\u00e0 m\u1eabu h\u1ed9c g\u1ed7 c\u00f4ng nghi\u1ec7p di \u0111\u1ed9ng thi\u1ebft k\u1ebf hi\u1ec7n \u0111\u1ea1i, nh\u1ecf g\u1ecdn v\u1edbi 2 ng\u0103n k\u00e9o ti\u1ec7n d\u1ee5ng, ph\u00f9 h\u1ee3p cho kh\u00f4ng gian l\u00e0m vi\u1ec7c chuy\u00ean nghi\u1ec7p. S\u1ea3n ph\u1ea9m s\u1eed d\u1ee5ng h\u1ec7 th\u1ed1ng kh\u00f3a d\u00e0n an to\u00e0n, gi\u00fap ng\u01b0\u1eddi d\u00f9ng d\u1ec5 d\u00e0ng b\u1ea3o qu\u1ea3n h\u1ed3 s\u01a1 v\u00e0 v\u1eadt d\u1ee5ng c\u00e1 nh\u00e2n m\u1ed9t c\u00e1ch hi\u1ec7u qu\u1ea3.<\/p>\n<p data-start=\"331\" data-end=\"672\">K\u00edch th\u01b0\u1edbc: W400 x D480 x H612 mm<br data-start=\"364\" data-end=\"367\" \/>Xu\u1ea5t x\u1ee9: S\u1ea3n ph\u1ea9m c\u1ee7a <strong data-start=\"389\" data-end=\"417\">C\u00f4ng ty N\u1ed8I TH\u1ea4T THE ONE<\/strong> \u2013 Ph\u00e2n ph\u1ed1i b\u1edfi <strong data-start=\"434\" data-end=\"470\">C\u00d4NG TY TNHH SXTM TTNT H\u1eeeU TH\u1ecaNH<\/strong><br data-start=\"470\" data-end=\"473\" \/>B\u1ea3o h\u00e0nh: 12 th\u00e1ng theo ti\u00eau chu\u1ea9n nh\u00e0 m\u00e1y<br data-start=\"515\" data-end=\"518\" data-is-only-node=\"\" \/><span style=\"color: #ed1c24;\"><em data-start=\"518\" data-end=\"670\">L\u01b0u \u00fd: Gi\u00e1 tr\u00ean ch\u01b0a bao g\u1ed3m VAT v\u00e0 ph\u00ed v\u1eadn chuy\u1ec3n. Gi\u00e1 s\u1ea3n ph\u1ea9m c\u00f3 th\u1ec3 thay \u0111\u1ed5i theo t\u1eebng th\u1eddi \u0111i\u1ec3m, vui l\u00f2ng li\u00ean h\u1ec7 \u0111\u1ec3 nh\u1eadn t\u01b0 v\u1ea5n \u01b0u \u0111\u00e3i t\u1ed1t nh\u1ea5t.<\/em><\/span><\/p>\n","protected":false},"featured_media":4134,"comment_status":"open","ping_status":"closed","template":"","meta":[],"product_brand":[],"product_cat":[17,760],"product_tag":[],"class_list":{"0":"post-4133","1":"product","2":"type-product","3":"status-publish","4":"has-post-thumbnail","6":"product_cat-noi-that-van-phong","7":"product_cat-tu-go-van-phong","9":"first","10":"instock","11":"taxable","12":"shipping-taxable","13":"purchasable","14":"product-type-simple"},"_links":{"self":[{"href":"https:\/\/noithathuuthinh.vn\/zh-hans\/wp-json\/wp\/v2\/product\/4133","targetHints":{"allow":["GET"]}}],"collection":[{"href":"https:\/\/noithathuuthinh.vn\/zh-hans\/wp-json\/wp\/v2\/product"}],"about":[{"href":"https:\/\/noithathuuthinh.vn\/zh-hans\/wp-json\/wp\/v2\/types\/product"}],"replies":[{"embeddable":true,"href":"https:\/\/noithathuuthinh.vn\/zh-hans\/wp-json\/wp\/v2\/comments?post=4133"}],"wp:featuredmedia":[{"embeddable":true,"href":"https:\/\/noithathuuthinh.vn\/zh-hans\/wp-json\/wp\/v2\/media\/4134"}],"wp:attachment":[{"href":"https:\/\/noithathuuthinh.vn\/zh-hans\/wp-json\/wp\/v2\/media?parent=4133"}],"wp:term":[{"taxonomy":"product_brand","embeddable":true,"href":"https:\/\/noithathuuthinh.vn\/zh-hans\/wp-json\/wp\/v2\/product_brand?post=4133"},{"taxonomy":"product_cat","embeddable":true,"href":"https:\/\/noithathuuthinh.vn\/zh-hans\/wp-json\/wp\/v2\/product_cat?post=4133"},{"taxonomy":"product_tag","embeddable":true,"href":"https:\/\/noithathuuthinh.vn\/zh-hans\/wp-json\/wp\/v2\/product_tag?post=4133"}],"curies":[{"name":"wp","href":"https:\/\/api.w.org\/{rel}","templated":true}]}}