{"id":4146,"date":"2025-11-06T10:09:56","date_gmt":"2025-11-06T03:09:56","guid":{"rendered":"https:\/\/noithathuuthinh.vn\/?post_type=product&#038;p=4146"},"modified":"2025-11-06T10:09:56","modified_gmt":"2025-11-06T03:09:56","slug":"tu-ho-so-tpv2","status":"publish","type":"product","link":"https:\/\/noithathuuthinh.vn\/zh-hans\/san-pham\/tu-ho-so-tpv2\/","title":{"rendered":"T\u1ee7 h\u1ed3 s\u01a1 TPV2"},"content":{"rendered":"<p data-start=\"741\" data-end=\"1206\">T\u1ee7 h\u1ed3 s\u01a1 TPV2 thu\u1ed9c d\u00f2ng t\u1ee7 ph\u1ee5 b\u00e0n l\u00e0m vi\u1ec7c cao c\u1ea5p, \u0111\u01b0\u1ee3c thi\u1ebft k\u1ebf h\u01b0\u1edbng \u0111\u1ebfn s\u1ef1 ti\u1ec7n d\u1ee5ng, sang tr\u1ecdng v\u00e0 \u0111\u1ed3ng b\u1ed9 v\u1edbi kh\u00f4ng gian v\u0103n ph\u00f2ng hi\u1ec7n \u0111\u1ea1i. S\u1ea3n ph\u1ea9m \u0111\u01b0\u1ee3c gia c\u00f4ng t\u1eeb ch\u1ea5t li\u1ec7u Veneer t\u1ef1 nhi\u00ean ho\u1eb7c Veneer k\u1ebft h\u1ee3p Melamine m\u1eb7t trong, mang \u0111\u1ebfn s\u1ef1 l\u1ef1a ch\u1ecdn linh ho\u1ea1t cho ng\u01b0\u1eddi d\u00f9ng \u2014 v\u1eeba \u0111\u1ea3m b\u1ea3o v\u1ebb \u0111\u1eb9p t\u1ef1 nhi\u00ean c\u1ee7a g\u1ed7 th\u1eadt, v\u1eeba gi\u1eef \u0111\u01b0\u1ee3c \u0111\u1ed9 b\u1ec1n v\u00e0 kh\u1ea3 n\u0103ng ch\u1ed1ng tr\u1ea7y x\u01b0\u1edbc, \u1ea9m m\u1ed1c v\u01b0\u1ee3t tr\u1ed9i c\u1ee7a v\u1eadt li\u1ec7u c\u00f4ng nghi\u1ec7p.<\/p>\n<p data-start=\"1208\" data-end=\"1570\">V\u1edbi thi\u1ebft k\u1ebf k\u00edch th\u01b0\u1edbc W1600 x D500 x H660 mm, t\u1ee7 h\u1ed3 s\u01a1 TPV2 c\u00f3 kh\u1ea3 n\u0103ng \u0111\u1eb7t song song ho\u1eb7c b\u00ean d\u01b0\u1edbi b\u00e0n l\u00e0m vi\u1ec7c, gi\u00fap m\u1edf r\u1ed9ng di\u1ec7n t\u00edch s\u1eed d\u1ee5ng m\u1eb7t b\u00e0n v\u00e0 t\u1ed1i \u01b0u h\u00f3a kh\u00f4ng gian l\u01b0u tr\u1eef. Ph\u1ea7n b\u1ed1 tr\u00ed c\u00f4ng n\u0103ng th\u00f4ng minh v\u1edbi 2 c\u00e1nh m\u1edf, ng\u0103n k\u00e9o ti\u1ec7n l\u1ee3i v\u00e0 khoang tr\u1ed1ng \u0111\u1ec3 t\u00e0i li\u1ec7u gi\u00fap ng\u01b0\u1eddi d\u00f9ng d\u1ec5 d\u00e0ng ph\u00e2n lo\u1ea1i, s\u1eafp x\u1ebfp h\u1ed3 s\u01a1 m\u1ed9t c\u00e1ch g\u1ecdn g\u00e0ng, khoa h\u1ecdc.<\/p>\n<p data-start=\"1572\" data-end=\"1967\">\u0110i\u1ec3m nh\u1ea5n c\u1ee7a t\u1ee7 h\u1ed3 s\u01a1 TPV2 l\u00e0 thi\u1ebft k\u1ebf tinh t\u1ebf, c\u00e1c chi ti\u1ebft \u0111\u01b0\u1ee3c ho\u00e0n thi\u1ec7n t\u1ec9 m\u1ec9 v\u1edbi \u0111\u01b0\u1eddng v\u00e2n g\u1ed7 Veneer t\u1ef1 nhi\u00ean, mang \u0111\u1ebfn v\u1ebb \u0111\u1eb9p \u1ea5m \u00e1p v\u00e0 \u0111\u1eb3ng c\u1ea5p. Tay n\u1eafm kim lo\u1ea1i c\u00f9ng b\u1ea3n l\u1ec1 gi\u1ea3m ch\u1ea5n gi\u00fap thao t\u00e1c \u0111\u00f3ng m\u1edf nh\u1eb9 nh\u00e0ng, b\u1ec1n b\u1ec9 trong th\u1eddi gian d\u00e0i. Ngo\u00e0i ra, b\u1ec1 m\u1eb7t Veneer \u0111\u01b0\u1ee3c s\u01a1n ph\u1ee7 PU cao c\u1ea5p, gi\u00fap t\u0103ng kh\u1ea3 n\u0103ng ch\u1ed1ng b\u00e1m b\u1ee5i, h\u1ea1n ch\u1ebf tr\u1ea7y x\u01b0\u1edbc v\u00e0 gi\u1eef \u0111\u01b0\u1ee3c m\u00e0u s\u1eafc sang tr\u1ecdng l\u00e2u d\u00e0i.<\/p>\n<p data-start=\"1969\" data-end=\"2293\">\u0110\u1ed1i v\u1edbi phi\u00ean b\u1ea3n k\u1ebft h\u1ee3p Melamine m\u1eb7t trong (VM2), t\u1ee7 kh\u00f4ng ch\u1ec9 gi\u1eef \u0111\u01b0\u1ee3c v\u1ebb ngo\u00e0i sang tr\u1ecdng m\u00e0 c\u00f2n d\u1ec5 v\u1ec7 sinh, nh\u1eb9 h\u01a1n v\u00e0 ph\u00f9 h\u1ee3p v\u1edbi nh\u1eefng v\u0103n ph\u00f2ng c\u00f3 nhu c\u1ea7u s\u1eed d\u1ee5ng th\u01b0\u1eddng xuy\u00ean. S\u1ef1 k\u1ebft h\u1ee3p n\u00e0y t\u1ea1o n\u00ean m\u1ed9t s\u1ea3n ph\u1ea9m v\u1eeba mang gi\u00e1 tr\u1ecb th\u1ea9m m\u1ef9 cao, v\u1eeba ti\u1ebft ki\u1ec7m chi ph\u00ed \u0111\u1ea7u t\u01b0 m\u00e0 v\u1eabn \u0111\u1ea3m b\u1ea3o ch\u1ea5t l\u01b0\u1ee3ng s\u1eed d\u1ee5ng l\u00e2u d\u00e0i.<\/p>\n<p data-start=\"2295\" data-end=\"2661\">T\u1ee7 h\u1ed3 s\u01a1 TPV2 \u0111\u01b0\u1ee3c thi\u1ebft k\u1ebf \u0111\u1ed3ng b\u1ed9 v\u1edbi c\u00e1c d\u00f2ng b\u00e0n l\u00e0m vi\u1ec7c veneer cao c\u1ea5p nh\u01b0 b\u00e0n gi\u00e1m \u0111\u1ed1c Veneer DT, b\u00e0n tr\u01b0\u1edfng ph\u00f2ng C17 veneer ho\u1eb7c b\u00e0n l\u00e0m vi\u1ec7c VM2 c\u00f9ng t\u00f4ng m\u00e0u, gi\u00fap kh\u00f4ng gian l\u00e0m vi\u1ec7c tr\u1edf n\u00ean th\u1ed1ng nh\u1ea5t v\u00e0 chuy\u00ean nghi\u1ec7p h\u01a1n. S\u1ea3n ph\u1ea9m ph\u00f9 h\u1ee3p cho c\u1ea3 ph\u00f2ng gi\u00e1m \u0111\u1ed1c, ph\u00f2ng h\u1ecdp, ho\u1eb7c khu v\u1ef1c l\u00e0m vi\u1ec7c c\u1ee7a nh\u00e2n vi\u00ean c\u00f3 nhu c\u1ea7u l\u01b0u tr\u1eef nhi\u1ec1u h\u1ed3 s\u01a1, t\u00e0i li\u1ec7u.<\/p>\n<p data-start=\"2663\" data-end=\"3006\">M\u1ed9t \u01b0u \u0111i\u1ec3m kh\u00e1c c\u1ee7a t\u1ee7 TPV2 l\u00e0 kh\u1ea3 n\u0103ng ch\u1ecbu l\u1ef1c t\u1ed1t v\u00e0 \u0111\u1ed9 \u1ed5n \u0111\u1ecbnh cao. Nh\u1edd khung k\u1ebft c\u1ea5u v\u1eefng ch\u1eafc, t\u1ee7 c\u00f3 th\u1ec3 ch\u1ee9a kh\u1ed1i l\u01b0\u1ee3ng h\u1ed3 s\u01a1 l\u1edbn m\u00e0 kh\u00f4ng b\u1ecb cong v\u00eanh hay x\u00f4 l\u1ec7ch trong qu\u00e1 tr\u00ecnh s\u1eed d\u1ee5ng. Ngo\u00e0i ra, chi\u1ec1u cao h\u1ee3p l\u00fd (H660 mm) cho ph\u00e9p t\u1ee7 \u0111\u00f3ng vai tr\u00f2 nh\u01b0 m\u1ed9t ph\u1ea7n m\u1edf r\u1ed9ng c\u1ee7a b\u00e0n l\u00e0m vi\u1ec7c, gi\u00fap kh\u00f4ng gian th\u00eam ti\u1ec7n nghi v\u00e0 hi\u1ec7u qu\u1ea3.<\/p>\n<p data-start=\"3008\" data-end=\"3418\">T\u00f4ng m\u00e0u Veneer t\u1ef1 nhi\u00ean mang l\u1ea1i c\u1ea3m gi\u00e1c g\u1ea7n g\u0169i, \u1ea5m \u00e1p, trong khi ki\u1ec3u d\u00e1ng thanh tho\u00e1t v\u00e0 c\u00e2n \u0111\u1ed1i gi\u00fap t\u1ee7 h\u1ed3 s\u01a1 TPV2 d\u1ec5 d\u00e0ng h\u00f2a nh\u1eadp v\u1edbi nhi\u1ec1u phong c\u00e1ch n\u1ed9i th\u1ea5t kh\u00e1c nhau \u2013 t\u1eeb c\u1ed5 \u0111i\u1ec3n \u0111\u1ebfn hi\u1ec7n \u0111\u1ea1i. Khi k\u1ebft h\u1ee3p c\u00f9ng b\u00e0n l\u00e0m vi\u1ec7c veneer, gh\u1ebf da cao c\u1ea5p v\u00e0 ph\u1ee5 ki\u1ec7n v\u0103n ph\u00f2ng \u0111\u1ed3ng b\u1ed9, t\u1ee7 TPV2 kh\u00f4ng ch\u1ec9 l\u00e0 s\u1ea3n ph\u1ea9m l\u01b0u tr\u1eef ti\u1ec7n \u00edch m\u00e0 c\u00f2n g\u00f3p ph\u1ea7n n\u00e2ng t\u1ea7m \u0111\u1eb3ng c\u1ea5p v\u00e0 phong c\u00e1ch c\u1ee7a kh\u00f4ng gian l\u00e0m vi\u1ec7c.<\/p>\n<p data-start=\"3420\" data-end=\"3767\">N\u1ebfu b\u1ea1n \u0111ang t\u00ecm ki\u1ebfm m\u1ed9t m\u1eabu t\u1ee7 ph\u1ee5 b\u00e0n l\u00e0m vi\u1ec7c v\u1eeba \u0111\u1eb9p, v\u1eeba b\u1ec1n, c\u00f3 kh\u1ea3 n\u0103ng k\u1ebft h\u1ee3p h\u00e0i h\u00f2a v\u1edbi nhi\u1ec1u d\u00f2ng b\u00e0n kh\u00e1c nhau, th\u00ec <strong data-start=\"3550\" data-end=\"3567\">t\u1ee7 h\u1ed3 s\u01a1 TPV2<\/strong> ch\u00ednh l\u00e0 l\u1ef1a ch\u1ecdn ho\u00e0n h\u1ea3o. V\u1edbi thi\u1ebft k\u1ebf tinh t\u1ebf, ch\u1ea5t li\u1ec7u cao c\u1ea5p v\u00e0 \u0111\u1ed9 ho\u00e0n thi\u1ec7n cao, s\u1ea3n ph\u1ea9m kh\u00f4ng ch\u1ec9 gi\u00fap t\u1ed1i \u01b0u kh\u00f4ng gian m\u00e0 c\u00f2n th\u1ec3 hi\u1ec7n s\u1ef1 chuy\u00ean nghi\u1ec7p, sang tr\u1ecdng trong t\u1eebng chi ti\u1ebft.<\/p>\n","protected":false},"excerpt":{"rendered":"<p data-start=\"21\" data-end=\"385\">T\u1ee7 h\u1ed3 s\u01a1 TPV2 l\u00e0 m\u1eabu t\u1ee7 ph\u1ee5 b\u00e0n l\u00e0m vi\u1ec7c cao c\u1ea5p, \u0111\u01b0\u1ee3c s\u1ea3n xu\u1ea5t t\u1eeb ch\u1ea5t li\u1ec7u Veneer (V2) ho\u1eb7c Veneer k\u1ebft h\u1ee3p Melamine m\u1eb7t trong (VM2), mang \u0111\u1ebfn v\u1ebb \u0111\u1eb9p sang tr\u1ecdng c\u00f9ng \u0111\u1ed9 b\u1ec1n v\u01b0\u1ee3t tr\u1ed9i. S\u1ea3n ph\u1ea9m c\u00f3 thi\u1ebft k\u1ebf g\u1ed3m 2 c\u00e1nh m\u1edf, ng\u0103n k\u00e9o v\u00e0 khoang ch\u1ee9a t\u00e0i li\u1ec7u, ph\u00f9 h\u1ee3p cho vi\u1ec7c l\u01b0u tr\u1eef h\u1ed3 s\u01a1, gi\u1ea5y t\u1edd v\u00e0 c\u00e1c v\u1eadt d\u1ee5ng v\u0103n ph\u00f2ng c\u1ea7n thi\u1ebft.<\/p>\n<p data-start=\"387\" data-end=\"425\">K\u00edch th\u01b0\u1edbc: W1600 x D500 x H660 (mm)<\/p>\n<p data-start=\"387\" data-end=\"425\">Veneer: <span style=\"color: #ed1c24; font-size: 120%;\"><strong>5.944.000 \u0111<\/strong><\/span><br \/>\nVeneer k\u1ebft h\u1ee3p Melamine: <span style=\"color: #ed1c24; font-size: 120%;\"><strong>3.750.000 \u0111<\/strong><\/span><\/p>\n<p data-start=\"427\" data-end=\"532\">Xu\u1ea5t x\u1ee9: S\u1ea3n ph\u1ea9m c\u1ee7a <strong data-start=\"449\" data-end=\"477\">C\u00f4ng ty N\u1ed8I TH\u1ea4T THE ONE<\/strong> \u2013 Ph\u00e2n ph\u1ed1i b\u1edfi <strong data-start=\"494\" data-end=\"530\">C\u00d4NG TY TNHH SXTM TTNT H\u1eeeU TH\u1ecaNH<\/strong><\/p>\n<p data-start=\"534\" data-end=\"578\">B\u1ea3o h\u00e0nh: 12 th\u00e1ng theo ti\u00eau chu\u1ea9n nh\u00e0 m\u00e1y<\/p>\n<p data-start=\"580\" data-end=\"734\"><em data-start=\"580\" data-end=\"732\">L\u01b0u \u00fd: Gi\u00e1 tr\u00ean ch\u01b0a bao g\u1ed3m VAT v\u00e0 ph\u00ed v\u1eadn chuy\u1ec3n. Gi\u00e1 s\u1ea3n ph\u1ea9m c\u00f3 th\u1ec3 thay \u0111\u1ed5i theo t\u1eebng th\u1eddi \u0111i\u1ec3m, vui l\u00f2ng li\u00ean h\u1ec7 \u0111\u1ec3 nh\u1eadn t\u01b0 v\u1ea5n \u01b0u \u0111\u00e3i t\u1ed1t nh\u1ea5t.<\/em><\/p>\n","protected":false},"featured_media":4147,"comment_status":"open","ping_status":"closed","template":"","meta":[],"product_brand":[],"product_cat":[17,760],"product_tag":[],"class_list":{"0":"post-4146","1":"product","2":"type-product","3":"status-publish","4":"has-post-thumbnail","6":"product_cat-noi-that-van-phong","7":"product_cat-tu-go-van-phong","9":"first","10":"instock","11":"shipping-taxable","12":"purchasable","13":"product-type-simple"},"_links":{"self":[{"href":"https:\/\/noithathuuthinh.vn\/zh-hans\/wp-json\/wp\/v2\/product\/4146","targetHints":{"allow":["GET"]}}],"collection":[{"href":"https:\/\/noithathuuthinh.vn\/zh-hans\/wp-json\/wp\/v2\/product"}],"about":[{"href":"https:\/\/noithathuuthinh.vn\/zh-hans\/wp-json\/wp\/v2\/types\/product"}],"replies":[{"embeddable":true,"href":"https:\/\/noithathuuthinh.vn\/zh-hans\/wp-json\/wp\/v2\/comments?post=4146"}],"wp:featuredmedia":[{"embeddable":true,"href":"https:\/\/noithathuuthinh.vn\/zh-hans\/wp-json\/wp\/v2\/media\/4147"}],"wp:attachment":[{"href":"https:\/\/noithathuuthinh.vn\/zh-hans\/wp-json\/wp\/v2\/media?parent=4146"}],"wp:term":[{"taxonomy":"product_brand","embeddable":true,"href":"https:\/\/noithathuuthinh.vn\/zh-hans\/wp-json\/wp\/v2\/product_brand?post=4146"},{"taxonomy":"product_cat","embeddable":true,"href":"https:\/\/noithathuuthinh.vn\/zh-hans\/wp-json\/wp\/v2\/product_cat?post=4146"},{"taxonomy":"product_tag","embeddable":true,"href":"https:\/\/noithathuuthinh.vn\/zh-hans\/wp-json\/wp\/v2\/product_tag?post=4146"}],"curies":[{"name":"wp","href":"https:\/\/api.w.org\/{rel}","templated":true}]}}