{"id":4150,"date":"2025-11-06T10:25:04","date_gmt":"2025-11-06T03:25:04","guid":{"rendered":"https:\/\/noithathuuthinh.vn\/?post_type=product&#038;p=4150"},"modified":"2025-11-06T10:25:05","modified_gmt":"2025-11-06T03:25:05","slug":"tu-ho-so-tpv3","status":"publish","type":"product","link":"https:\/\/noithathuuthinh.vn\/zh-hans\/san-pham\/tu-ho-so-tpv3\/","title":{"rendered":"T\u1ee7 h\u1ed3 s\u01a1 TPV3"},"content":{"rendered":"<p data-start=\"707\" data-end=\"1158\">T\u1ee7 h\u1ed3 s\u01a1 TPV3 thu\u1ed9c d\u00f2ng t\u1ee7 ph\u1ee5 di \u0111\u1ed9ng cao c\u1ea5p \u0111\u01b0\u1ee3c thi\u1ebft k\u1ebf h\u01b0\u1edbng t\u1edbi s\u1ef1 ti\u1ec7n d\u1ee5ng, sang tr\u1ecdng v\u00e0 \u0111\u1ed3ng b\u1ed9 v\u1edbi c\u00e1c d\u00f2ng b\u00e0n l\u00e0m vi\u1ec7c veneer hi\u1ec7n \u0111\u1ea1i. V\u1edbi ch\u1ea5t li\u1ec7u veneer t\u1ef1 nhi\u00ean ho\u1eb7c veneer k\u1ebft h\u1ee3p melamine m\u1eb7t trong, s\u1ea3n ph\u1ea9m mang \u0111\u1ebfn l\u1ef1a ch\u1ecdn linh ho\u1ea1t cho ng\u01b0\u1eddi d\u00f9ng \u2014 v\u1eeba \u0111\u1ea3m b\u1ea3o th\u1ea9m m\u1ef9 tinh t\u1ebf c\u1ee7a g\u1ed7 th\u1eadt, v\u1eeba n\u00e2ng cao kh\u1ea3 n\u0103ng ch\u1ed1ng \u1ea9m, ch\u1ed1ng tr\u1ea7y x\u01b0\u1edbc v\u00e0 d\u1ec5 d\u00e0ng v\u1ec7 sinh trong qu\u00e1 tr\u00ecnh s\u1eed d\u1ee5ng.<\/p>\n<p data-start=\"1160\" data-end=\"1530\">T\u1ee7 h\u1ed3 s\u01a1 TPV3 c\u00f3 k\u00edch th\u01b0\u1edbc W1200 x D440 x H660 mm, nh\u1ecf g\u1ecdn nh\u01b0ng t\u1ed1i \u01b0u v\u1ec1 c\u00f4ng n\u0103ng. Thi\u1ebft k\u1ebf di \u0111\u1ed9ng gi\u00fap ng\u01b0\u1eddi d\u00f9ng d\u1ec5 d\u00e0ng b\u1ed1 tr\u00ed ho\u1eb7c di chuy\u1ec3n s\u1ea3n ph\u1ea9m \u0111\u1ebfn nhi\u1ec1u v\u1ecb tr\u00ed kh\u00e1c nhau trong v\u0103n ph\u00f2ng. V\u1edbi b\u1ed1 c\u1ee5c g\u1ed3m c\u00e1nh m\u1edf, ng\u0103n k\u00e9o v\u00e0 khoang \u0111\u1ec3 t\u00e0i li\u1ec7u, t\u1ee7 \u0111\u00e1p \u1ee9ng nhu c\u1ea7u l\u01b0u tr\u1eef \u0111a d\u1ea1ng \u2013 t\u1eeb h\u1ed3 s\u01a1, t\u00e0i li\u1ec7u, v\u1eadt d\u1ee5ng c\u00e1 nh\u00e2n cho \u0111\u1ebfn thi\u1ebft b\u1ecb v\u0103n ph\u00f2ng nh\u1ecf g\u1ecdn.<\/p>\n<p data-start=\"1532\" data-end=\"1945\">Ph\u1ea7n m\u1eb7t t\u1ee7 \u0111\u01b0\u1ee3c ph\u1ee7 veneer t\u1ef1 nhi\u00ean, mang \u0111\u1ebfn v\u1ebb \u0111\u1eb9p \u1ea5m \u00e1p v\u00e0 sang tr\u1ecdng. V\u00e2n g\u1ed7 s\u1eafc n\u00e9t, tinh t\u1ebf, \u0111\u01b0\u1ee3c x\u1eed l\u00fd k\u1ef9 c\u00e0ng qua nhi\u1ec1u c\u00f4ng \u0111o\u1ea1n gi\u00fap t\u0103ng \u0111\u1ed9 b\u00f3ng m\u1ecbn v\u00e0 kh\u1ea3 n\u0103ng ch\u1ed1ng b\u00e1m b\u1ee5i. V\u1edbi phi\u00ean b\u1ea3n veneer k\u1ebft h\u1ee3p melamine m\u1eb7t trong, s\u1ea3n ph\u1ea9m tr\u1edf n\u00ean nh\u1eb9 h\u01a1n, d\u1ec5 b\u1ea3o d\u01b0\u1ee1ng h\u01a1n m\u00e0 v\u1eabn gi\u1eef \u0111\u01b0\u1ee3c n\u00e9t sang tr\u1ecdng v\u1ed1n c\u00f3. L\u1edbp melamine b\u00ean trong gi\u00fap ch\u1ed1ng \u1ea9m hi\u1ec7u qu\u1ea3, r\u1ea5t ph\u00f9 h\u1ee3p v\u1edbi kh\u00ed h\u1eadu n\u00f3ng \u1ea9m t\u1ea1i Vi\u1ec7t Nam.<\/p>\n<p data-start=\"1947\" data-end=\"2386\">\u0110i\u1ec3m n\u1ed5i b\u1eadt c\u1ee7a t\u1ee7 h\u1ed3 s\u01a1 TPV3 l\u00e0 thi\u1ebft k\u1ebf linh ho\u1ea1t v\u00e0 t\u00ednh \u1ee9ng d\u1ee5ng cao. Nh\u1edd c\u00f3 h\u1ec7 th\u1ed1ng b\u00e1nh xe ch\u1ecbu l\u1ef1c ch\u1eafc ch\u1eafn, t\u1ee7 c\u00f3 th\u1ec3 di chuy\u1ec3n d\u1ec5 d\u00e0ng trong kh\u00f4ng gian l\u00e0m vi\u1ec7c m\u00e0 kh\u00f4ng l\u00e0m tr\u1ea7y x\u01b0\u1edbc s\u00e0n. \u0110\u00e2y l\u00e0 l\u1ef1a ch\u1ecdn l\u00fd t\u01b0\u1edfng cho nh\u1eefng v\u0103n ph\u00f2ng c\u1ea7n s\u1eafp x\u1ebfp linh ho\u1ea1t ho\u1eb7c th\u01b0\u1eddng xuy\u00ean thay \u0111\u1ed5i b\u1ed1 c\u1ee5c l\u00e0m vi\u1ec7c. B\u00ean c\u1ea1nh \u0111\u00f3, c\u00e1c ng\u0103n k\u00e9o \u0111\u01b0\u1ee3c trang b\u1ecb ray bi tr\u01b0\u1ee3t \u00eam \u00e1i, thao t\u00e1c m\u1edf \u2013 \u0111\u00f3ng nh\u1eb9 nh\u00e0ng, t\u1ea1o c\u1ea3m gi\u00e1c tho\u1ea3i m\u00e1i khi s\u1eed d\u1ee5ng.<\/p>\n<p data-start=\"2388\" data-end=\"2791\">T\u1ee7 h\u1ed3 s\u01a1 TPV3 c\u00f2n ghi \u0111i\u1ec3m nh\u1edd v\u00e0o s\u1ef1 k\u1ebft h\u1ee3p h\u00e0i h\u00f2a gi\u1eefa c\u00f4ng n\u0103ng v\u00e0 th\u1ea9m m\u1ef9. V\u1edbi thi\u1ebft k\u1ebf t\u1ed1i gi\u1ea3n nh\u01b0ng tinh t\u1ebf, s\u1ea3n ph\u1ea9m ph\u00f9 h\u1ee3p v\u1edbi nhi\u1ec1u kh\u00f4ng gian kh\u00e1c nhau: t\u1eeb ph\u00f2ng gi\u00e1m \u0111\u1ed1c, ph\u00f2ng tr\u01b0\u1edfng ph\u00f2ng \u0111\u1ebfn v\u0103n ph\u00f2ng nh\u00e2n vi\u00ean cao c\u1ea5p. Khi k\u1ebft h\u1ee3p c\u00f9ng b\u00e0n l\u00e0m vi\u1ec7c veneer ho\u1eb7c b\u00e0n gi\u00e1m \u0111\u1ed1c c\u00f9ng t\u00f4ng m\u00e0u, t\u1ee7 TPV3 g\u00f3p ph\u1ea7n ho\u00e0n thi\u1ec7n t\u1ed5ng th\u1ec3 kh\u00f4ng gian, mang \u0111\u1ebfn c\u1ea3m gi\u00e1c chuy\u00ean nghi\u1ec7p v\u00e0 \u0111\u1eb3ng c\u1ea5p.<\/p>\n<p data-start=\"2793\" data-end=\"3143\">Ngo\u00e0i ra, chi\u1ec1u cao h\u1ee3p l\u00fd c\u1ee7a t\u1ee7 (H660 mm) gi\u00fap ng\u01b0\u1eddi d\u00f9ng c\u00f3 th\u1ec3 \u0111\u1eb7t t\u1ee7 d\u01b0\u1edbi b\u00e0n l\u00e0m vi\u1ec7c \u0111\u1ec3 m\u1edf r\u1ed9ng di\u1ec7n t\u00edch s\u1eed d\u1ee5ng, ho\u1eb7c \u0111\u1eb7t c\u1ea1nh b\u00e0n nh\u01b0 m\u1ed9t ph\u1ea7n n\u1ed1i li\u1ec1n m\u1eb7t b\u00e0n ch\u00ednh, v\u1eeba ti\u1ec7n l\u1ee3i v\u1eeba t\u0103ng t\u00ednh th\u1ea9m m\u1ef9. Ph\u1ea7n khoang tr\u1ed1ng c\u00f3 th\u1ec3 d\u00f9ng \u0111\u1ec3 ch\u1ee9a m\u00e1y in, h\u1ed9p t\u00e0i li\u1ec7u ho\u1eb7c c\u00e1c v\u1eadt d\u1ee5ng c\u00e1 nh\u00e2n, gi\u00fap kh\u00f4ng gian l\u00e0m vi\u1ec7c lu\u00f4n g\u1ecdn g\u00e0ng, ng\u0103n n\u1eafp.<\/p>\n<p data-start=\"3145\" data-end=\"3476\">V\u1edbi thi\u1ebft k\u1ebf di \u0111\u1ed9ng, ch\u1ea5t li\u1ec7u cao c\u1ea5p v\u00e0 \u0111\u1ed9 ho\u00e0n thi\u1ec7n tinh t\u1ebf, <strong data-start=\"3211\" data-end=\"3228\">t\u1ee7 h\u1ed3 s\u01a1 TPV3<\/strong> kh\u00f4ng ch\u1ec9 l\u00e0 m\u1ed9t s\u1ea3n ph\u1ea9m l\u01b0u tr\u1eef th\u00f4ng minh m\u00e0 c\u00f2n l\u00e0 \u0111i\u1ec3m nh\u1ea5n sang tr\u1ecdng cho m\u1ecdi v\u0103n ph\u00f2ng. \u0110\u00e2y l\u00e0 l\u1ef1a ch\u1ecdn ho\u00e0n h\u1ea3o d\u00e0nh cho nh\u1eefng ai \u0111ang t\u00ecm ki\u1ebfm m\u1ed9t m\u1eabu t\u1ee7 ph\u1ee5 v\u1eeba \u0111\u1eb9p m\u1eaft, v\u1eeba ti\u1ec7n \u00edch, l\u1ea1i ph\u00f9 h\u1ee3p v\u1edbi nhi\u1ec1u phong c\u00e1ch n\u1ed9i th\u1ea5t hi\u1ec7n \u0111\u1ea1i.<\/p>\n","protected":false},"excerpt":{"rendered":"<p data-start=\"21\" data-end=\"351\">T\u1ee7 h\u1ed3 s\u01a1 TPV3 l\u00e0 m\u1eabu t\u1ee7 ph\u1ee5 di \u0111\u1ed9ng cao c\u1ea5p, \u0111\u01b0\u1ee3c thi\u1ebft k\u1ebf v\u1edbi ch\u1ea5t li\u1ec7u veneer ho\u1eb7c veneer k\u1ebft h\u1ee3p melamine m\u1eb7t trong, mang l\u1ea1i v\u1ebb \u0111\u1eb9p sang tr\u1ecdng c\u00f9ng \u0111\u1ed9 b\u1ec1n s\u1eed d\u1ee5ng l\u00e2u d\u00e0i. S\u1ea3n ph\u1ea9m g\u1ed3m c\u00e1nh m\u1edf, ng\u0103n k\u00e9o v\u00e0 khoang \u0111\u1ec3 t\u00e0i li\u1ec7u, \u0111\u00e1p \u1ee9ng t\u1ed1i \u0111a nhu c\u1ea7u l\u01b0u tr\u1eef trong kh\u00f4ng gian v\u0103n ph\u00f2ng hi\u1ec7n \u0111\u1ea1i.<\/p>\n<p data-start=\"353\" data-end=\"391\">K\u00edch th\u01b0\u1edbc: W1200 x D440 x H660 (mm)<\/p>\n<p data-start=\"353\" data-end=\"391\">Veneer: <span style=\"color: #ed1c24; font-size: 120%;\"><strong>3.750.000 \u0111<\/strong><\/span><br \/>\nVeneer k\u1ebft h\u1ee3p Melamine: <span style=\"color: #ed1c24; font-size: 120%;\"><strong>2.360.000 \u0111<\/strong><\/span><\/p>\n<p data-start=\"393\" data-end=\"498\">Xu\u1ea5t x\u1ee9: S\u1ea3n ph\u1ea9m c\u1ee7a <strong data-start=\"415\" data-end=\"443\">C\u00f4ng ty N\u1ed8I TH\u1ea4T THE ONE<\/strong> \u2013 Ph\u00e2n ph\u1ed1i b\u1edfi <strong data-start=\"460\" data-end=\"496\">C\u00d4NG TY TNHH SXTM TTNT H\u1eeeU TH\u1ecaNH<\/strong><\/p>\n<p data-start=\"500\" data-end=\"544\">B\u1ea3o h\u00e0nh: 12 th\u00e1ng theo ti\u00eau chu\u1ea9n nh\u00e0 m\u00e1y<\/p>\n<p data-start=\"546\" data-end=\"700\"><em data-start=\"546\" data-end=\"698\">L\u01b0u \u00fd: Gi\u00e1 tr\u00ean ch\u01b0a bao g\u1ed3m VAT v\u00e0 ph\u00ed v\u1eadn chuy\u1ec3n. Gi\u00e1 s\u1ea3n ph\u1ea9m c\u00f3 th\u1ec3 thay \u0111\u1ed5i theo t\u1eebng th\u1eddi \u0111i\u1ec3m, vui l\u00f2ng li\u00ean h\u1ec7 \u0111\u1ec3 nh\u1eadn t\u01b0 v\u1ea5n \u01b0u \u0111\u00e3i t\u1ed1t nh\u1ea5t.<\/em><\/p>\n","protected":false},"featured_media":4151,"comment_status":"open","ping_status":"closed","template":"","meta":[],"product_brand":[],"product_cat":[17,760],"product_tag":[],"class_list":{"0":"post-4150","1":"product","2":"type-product","3":"status-publish","4":"has-post-thumbnail","6":"product_cat-noi-that-van-phong","7":"product_cat-tu-go-van-phong","9":"first","10":"instock","11":"shipping-taxable","12":"purchasable","13":"product-type-simple"},"_links":{"self":[{"href":"https:\/\/noithathuuthinh.vn\/zh-hans\/wp-json\/wp\/v2\/product\/4150","targetHints":{"allow":["GET"]}}],"collection":[{"href":"https:\/\/noithathuuthinh.vn\/zh-hans\/wp-json\/wp\/v2\/product"}],"about":[{"href":"https:\/\/noithathuuthinh.vn\/zh-hans\/wp-json\/wp\/v2\/types\/product"}],"replies":[{"embeddable":true,"href":"https:\/\/noithathuuthinh.vn\/zh-hans\/wp-json\/wp\/v2\/comments?post=4150"}],"wp:featuredmedia":[{"embeddable":true,"href":"https:\/\/noithathuuthinh.vn\/zh-hans\/wp-json\/wp\/v2\/media\/4151"}],"wp:attachment":[{"href":"https:\/\/noithathuuthinh.vn\/zh-hans\/wp-json\/wp\/v2\/media?parent=4150"}],"wp:term":[{"taxonomy":"product_brand","embeddable":true,"href":"https:\/\/noithathuuthinh.vn\/zh-hans\/wp-json\/wp\/v2\/product_brand?post=4150"},{"taxonomy":"product_cat","embeddable":true,"href":"https:\/\/noithathuuthinh.vn\/zh-hans\/wp-json\/wp\/v2\/product_cat?post=4150"},{"taxonomy":"product_tag","embeddable":true,"href":"https:\/\/noithathuuthinh.vn\/zh-hans\/wp-json\/wp\/v2\/product_tag?post=4150"}],"curies":[{"name":"wp","href":"https:\/\/api.w.org\/{rel}","templated":true}]}}