{"id":4158,"date":"2025-11-06T10:43:46","date_gmt":"2025-11-06T03:43:46","guid":{"rendered":"https:\/\/noithathuuthinh.vn\/?post_type=product&#038;p=4158"},"modified":"2025-11-06T10:44:23","modified_gmt":"2025-11-06T03:44:23","slug":"tu-ho-so-tp04","status":"publish","type":"product","link":"https:\/\/noithathuuthinh.vn\/zh-hans\/san-pham\/tu-ho-so-tp04\/","title":{"rendered":"T\u1ee7 h\u1ed3 s\u01a1 TP04"},"content":{"rendered":"<p data-start=\"723\" data-end=\"1158\">T\u1ee7 h\u1ed3 s\u01a1 TP04 l\u00e0 d\u00f2ng t\u1ee7 ph\u1ee5 di \u0111\u1ed9ng s\u01a1n PU hi\u1ec7n \u0111\u1ea1i, \u0111\u01b0\u1ee3c thi\u1ebft k\u1ebf d\u00e0nh cho c\u00e1c kh\u00f4ng gian v\u0103n ph\u00f2ng cao c\u1ea5p nh\u01b0 ph\u00f2ng gi\u00e1m \u0111\u1ed1c, ph\u00f2ng tr\u01b0\u1edfng ph\u00f2ng hay khu v\u1ef1c l\u00e0m vi\u1ec7c chuy\u00ean nghi\u1ec7p. V\u1edbi c\u1ea5u tr\u00fac c\u00f4ng n\u0103ng g\u1ed3m 1 c\u00e1nh m\u1edf, ng\u0103n k\u00e9o v\u00e0 khoang t\u00e0i li\u1ec7u c\u00f3 \u0111\u1ee3t di \u0111\u1ed9ng, s\u1ea3n ph\u1ea9m mang \u0111\u1ebfn gi\u1ea3i ph\u00e1p l\u01b0u tr\u1eef khoa h\u1ecdc, gi\u00fap ng\u01b0\u1eddi d\u00f9ng d\u1ec5 d\u00e0ng s\u1eafp x\u1ebfp h\u1ed3 s\u01a1 v\u00e0 v\u1eadt d\u1ee5ng v\u0103n ph\u00f2ng m\u1ed9t c\u00e1ch g\u1ecdn g\u00e0ng.<\/p>\n<p data-start=\"1160\" data-end=\"1529\">Ch\u1ea5t li\u1ec7u g\u1ed7 s\u01a1n PU cao c\u1ea5p c\u1ee7a t\u1ee7 h\u1ed3 s\u01a1 TP04 mang l\u1ea1i \u0111\u1ed9 b\u1ec1n v\u01b0\u1ee3t tr\u1ed9i c\u00f9ng v\u1ebb \u0111\u1eb9p tinh t\u1ebf, sang tr\u1ecdng. To\u00e0n b\u1ed9 b\u1ec1 m\u1eb7t g\u1ed7 \u0111\u01b0\u1ee3c s\u01a1n ph\u1ee7 PU nhi\u1ec1u l\u1edbp, t\u1ea1o \u0111\u1ed9 b\u00f3ng m\u1ecbn v\u00e0 m\u00e0u s\u1eafc \u0111\u1ed3ng \u0111\u1ec1u, gi\u00fap b\u1ea3o v\u1ec7 g\u1ed7 kh\u1ecfi \u1ea9m m\u1ed1c, tr\u1ea7y x\u01b0\u1edbc v\u00e0 t\u00e1c \u0111\u1ed9ng c\u1ee7a m\u00f4i tr\u01b0\u1eddng. Nh\u1edd \u0111\u00f3, s\u1ea3n ph\u1ea9m kh\u00f4ng ch\u1ec9 c\u00f3 tu\u1ed5i th\u1ecd cao m\u00e0 c\u00f2n lu\u00f4n gi\u1eef \u0111\u01b0\u1ee3c v\u1ebb m\u1edbi m\u1ebb, s\u00e1ng b\u00f3ng trong su\u1ed1t qu\u00e1 tr\u00ecnh s\u1eed d\u1ee5ng.<\/p>\n<p data-start=\"1531\" data-end=\"1972\">V\u1edbi k\u00edch th\u01b0\u1edbc W1400 x D400 x H660 mm, t\u1ee7 h\u1ed3 s\u01a1 TP04 c\u00f3 thi\u1ebft k\u1ebf nh\u1ecf g\u1ecdn nh\u01b0ng \u0111\u01b0\u1ee3c t\u1ed1i \u01b0u c\u00f4ng n\u0103ng. Ph\u1ea7n c\u00e1nh m\u1edf gi\u00fap ng\u01b0\u1eddi d\u00f9ng d\u1ec5 d\u00e0ng l\u01b0u tr\u1eef c\u00e1c t\u00e0i li\u1ec7u, h\u1ed3 s\u01a1 quan tr\u1ecdng c\u1ea7n b\u1ea3o m\u1eadt ho\u1eb7c nh\u1eefng v\u1eadt d\u1ee5ng \u00edt s\u1eed d\u1ee5ng. Ng\u0103n k\u00e9o \u0111\u01b0\u1ee3c b\u1ed1 tr\u00ed ti\u1ec7n l\u1ee3i \u0111\u1ec3 ch\u1ee9a c\u00e1c v\u1eadt d\u1ee5ng nh\u1ecf, trong khi khoang \u0111\u1ec3 t\u00e0i li\u1ec7u c\u00f3 \u0111\u1ee3t di \u0111\u1ed9ng cho ph\u00e9p \u0111i\u1ec1u ch\u1ec9nh linh ho\u1ea1t theo nhu c\u1ea7u \u2014 gi\u00fap t\u0103ng kh\u1ea3 n\u0103ng ch\u1ee9a \u0111\u1ef1ng v\u00e0 t\u1eadn d\u1ee5ng t\u1ed1i \u0111a kh\u00f4ng gian b\u00ean trong t\u1ee7.<\/p>\n<p data-start=\"1974\" data-end=\"2353\">M\u1ed9t \u01b0u \u0111i\u1ec3m n\u1ed5i b\u1eadt c\u1ee7a t\u1ee7 TP04 l\u00e0 kh\u1ea3 n\u0103ng di chuy\u1ec3n linh ho\u1ea1t nh\u1edd \u0111\u01b0\u1ee3c trang b\u1ecb h\u1ec7 th\u1ed1ng b\u00e1nh xe ch\u1ecbu l\u1ef1c ch\u1eafc ch\u1eafn. \u0110i\u1ec1u n\u00e0y gi\u00fap ng\u01b0\u1eddi d\u00f9ng d\u1ec5 d\u00e0ng thay \u0111\u1ed5i v\u1ecb tr\u00ed t\u1ee7 khi c\u1ea7n b\u1ed1 tr\u00ed l\u1ea1i v\u0103n ph\u00f2ng m\u00e0 kh\u00f4ng t\u1ed1n nhi\u1ec1u c\u00f4ng s\u1ee9c. Thi\u1ebft k\u1ebf di \u0111\u1ed9ng c\u0169ng ph\u00f9 h\u1ee3p v\u1edbi xu h\u01b0\u1edbng v\u0103n ph\u00f2ng m\u1edf, n\u01a1i c\u00e1c v\u1ecb tr\u00ed l\u00e0m vi\u1ec7c th\u01b0\u1eddng xuy\u00ean \u0111\u01b0\u1ee3c \u0111i\u1ec1u ch\u1ec9nh \u0111\u1ec3 t\u1ed1i \u01b0u hi\u1ec7u qu\u1ea3 s\u1eed d\u1ee5ng kh\u00f4ng gian.<\/p>\n<p data-start=\"2355\" data-end=\"2706\">V\u1ec1 th\u1ea9m m\u1ef9, t\u1ee7 h\u1ed3 s\u01a1 TP04 mang phong c\u00e1ch hi\u1ec7n \u0111\u1ea1i, tinh gi\u1ea3n nh\u01b0ng v\u1eabn to\u00e1t l\u00ean s\u1ef1 sang tr\u1ecdng nh\u1edd l\u1edbp s\u01a1n PU cao c\u1ea5p v\u00e0 \u0111\u01b0\u1eddng n\u00e9t thi\u1ebft k\u1ebf m\u1ec1m m\u1ea1i. M\u00e0u s\u1eafc g\u1ed7 t\u1ef1 nhi\u00ean \u0111\u01b0\u1ee3c x\u1eed l\u00fd k\u1ef9 l\u01b0\u1ee1ng, k\u1ebft h\u1ee3p c\u00f9ng tay n\u1eafm kim lo\u1ea1i thanh m\u1ea3nh t\u1ea1o \u0111i\u1ec3m nh\u1ea5n tinh t\u1ebf, gi\u00fap s\u1ea3n ph\u1ea9m d\u1ec5 d\u00e0ng h\u00f2a h\u1ee3p v\u1edbi c\u00e1c d\u00f2ng b\u00e0n l\u00e0m vi\u1ec7c veneer ho\u1eb7c b\u00e0n gi\u00e1m \u0111\u1ed1c c\u00f9ng t\u00f4ng m\u00e0u.<\/p>\n<p data-start=\"2708\" data-end=\"2997\">T\u1ee7 TP04 kh\u00f4ng ch\u1ec9 l\u00e0 v\u1eadt d\u1ee5ng l\u01b0u tr\u1eef m\u00e0 c\u00f2n c\u00f3 th\u1ec3 s\u1eed d\u1ee5ng nh\u01b0 ph\u1ea7n m\u1edf r\u1ed9ng cho b\u00e0n l\u00e0m vi\u1ec7c, gi\u00fap t\u0103ng di\u1ec7n t\u00edch s\u1eed d\u1ee5ng m\u1eb7t b\u00e0n. Khi k\u1ebft h\u1ee3p c\u00f9ng b\u00e0n gi\u00e1m \u0111\u1ed1c ho\u1eb7c b\u00e0n tr\u01b0\u1edfng ph\u00f2ng s\u01a1n PU, s\u1ea3n ph\u1ea9m g\u00f3p ph\u1ea7n t\u1ea1o n\u00ean t\u1ed5ng th\u1ec3 kh\u00f4ng gian l\u00e0m vi\u1ec7c sang tr\u1ecdng, chuy\u00ean nghi\u1ec7p v\u00e0 th\u1ed1ng nh\u1ea5t.<\/p>\n<p data-start=\"2999\" data-end=\"3295\">V\u1edbi thi\u1ebft k\u1ebf th\u00f4ng minh, ch\u1ea5t li\u1ec7u b\u1ec1n \u0111\u1eb9p v\u00e0 t\u00ednh \u1ee9ng d\u1ee5ng cao, <strong data-start=\"3064\" data-end=\"3081\">t\u1ee7 h\u1ed3 s\u01a1 TP04<\/strong> l\u00e0 l\u1ef1a ch\u1ecdn l\u00fd t\u01b0\u1edfng cho nh\u1eefng ai mong mu\u1ed1n s\u1edf h\u1eefu m\u1ed9t s\u1ea3n ph\u1ea9m v\u1eeba \u0111\u1eb9p m\u1eaft, v\u1eeba ti\u1ec7n \u00edch. T\u1ee7 kh\u00f4ng ch\u1ec9 h\u1ed7 tr\u1ee3 t\u1ed1i \u01b0u h\u00f3a kh\u00f4ng gian l\u00e0m vi\u1ec7c m\u00e0 c\u00f2n kh\u1eb3ng \u0111\u1ecbnh phong c\u00e1ch v\u00e0 gu th\u1ea9m m\u1ef9 tinh t\u1ebf c\u1ee7a ng\u01b0\u1eddi s\u1eed d\u1ee5ng.<\/p>\n","protected":false},"excerpt":{"rendered":"<p data-start=\"21\" data-end=\"369\">T\u1ee7 h\u1ed3 s\u01a1 TP04 l\u00e0 m\u1eabu t\u1ee7 ph\u1ee5 di \u0111\u1ed9ng g\u1ed7 s\u01a1n PU cao c\u1ea5p, \u0111\u01b0\u1ee3c thi\u1ebft k\u1ebf tinh t\u1ebf v\u1edbi 1 c\u00e1nh m\u1edf, ng\u0103n k\u00e9o v\u00e0 khoang \u0111\u1ec3 t\u00e0i li\u1ec7u c\u00f3 \u0111\u1ee3t di \u0111\u1ed9ng, mang \u0111\u1ebfn s\u1ef1 ti\u1ec7n d\u1ee5ng v\u00e0 linh ho\u1ea1t trong qu\u00e1 tr\u00ecnh s\u1eed d\u1ee5ng. S\u1ea3n ph\u1ea9m kh\u00f4ng ch\u1ec9 \u0111\u00e1p \u1ee9ng nhu c\u1ea7u l\u01b0u tr\u1eef h\u1ed3 s\u01a1 m\u00e0 c\u00f2n g\u00f3p ph\u1ea7n t\u0103ng t\u00ednh th\u1ea9m m\u1ef9 cho kh\u00f4ng gian l\u00e0m vi\u1ec7c hi\u1ec7n \u0111\u1ea1i.<\/p>\n<p data-start=\"371\" data-end=\"407\">K\u00edch th\u01b0\u1edbc: W1400 x D400 x H660 mm<\/p>\n<p data-start=\"409\" data-end=\"514\">Xu\u1ea5t x\u1ee9: S\u1ea3n ph\u1ea9m c\u1ee7a <strong data-start=\"431\" data-end=\"459\">C\u00f4ng ty N\u1ed8I TH\u1ea4T THE ONE<\/strong> \u2013 Ph\u00e2n ph\u1ed1i b\u1edfi <strong data-start=\"476\" data-end=\"512\">C\u00d4NG TY TNHH SXTM TTNT H\u1eeeU TH\u1ecaNH<\/strong><\/p>\n<p data-start=\"516\" data-end=\"560\">B\u1ea3o h\u00e0nh: 12 th\u00e1ng theo ti\u00eau chu\u1ea9n nh\u00e0 m\u00e1y<\/p>\n<p data-start=\"562\" data-end=\"716\"><span style=\"color: #ed1c24;\"><em data-start=\"562\" data-end=\"714\">L\u01b0u \u00fd: Gi\u00e1 tr\u00ean ch\u01b0a bao g\u1ed3m VAT v\u00e0 ph\u00ed v\u1eadn chuy\u1ec3n. Gi\u00e1 s\u1ea3n ph\u1ea9m c\u00f3 th\u1ec3 thay \u0111\u1ed5i theo t\u1eebng th\u1eddi \u0111i\u1ec3m, vui l\u00f2ng li\u00ean h\u1ec7 \u0111\u1ec3 nh\u1eadn t\u01b0 v\u1ea5n \u01b0u \u0111\u00e3i t\u1ed1t nh\u1ea5t.<\/em><\/span><\/p>\n","protected":false},"featured_media":4159,"comment_status":"open","ping_status":"closed","template":"","meta":[],"product_brand":[],"product_cat":[17,760],"product_tag":[],"class_list":{"0":"post-4158","1":"product","2":"type-product","3":"status-publish","4":"has-post-thumbnail","6":"product_cat-noi-that-van-phong","7":"product_cat-tu-go-van-phong","9":"first","10":"instock","11":"shipping-taxable","12":"purchasable","13":"product-type-simple"},"_links":{"self":[{"href":"https:\/\/noithathuuthinh.vn\/zh-hans\/wp-json\/wp\/v2\/product\/4158","targetHints":{"allow":["GET"]}}],"collection":[{"href":"https:\/\/noithathuuthinh.vn\/zh-hans\/wp-json\/wp\/v2\/product"}],"about":[{"href":"https:\/\/noithathuuthinh.vn\/zh-hans\/wp-json\/wp\/v2\/types\/product"}],"replies":[{"embeddable":true,"href":"https:\/\/noithathuuthinh.vn\/zh-hans\/wp-json\/wp\/v2\/comments?post=4158"}],"wp:featuredmedia":[{"embeddable":true,"href":"https:\/\/noithathuuthinh.vn\/zh-hans\/wp-json\/wp\/v2\/media\/4159"}],"wp:attachment":[{"href":"https:\/\/noithathuuthinh.vn\/zh-hans\/wp-json\/wp\/v2\/media?parent=4158"}],"wp:term":[{"taxonomy":"product_brand","embeddable":true,"href":"https:\/\/noithathuuthinh.vn\/zh-hans\/wp-json\/wp\/v2\/product_brand?post=4158"},{"taxonomy":"product_cat","embeddable":true,"href":"https:\/\/noithathuuthinh.vn\/zh-hans\/wp-json\/wp\/v2\/product_cat?post=4158"},{"taxonomy":"product_tag","embeddable":true,"href":"https:\/\/noithathuuthinh.vn\/zh-hans\/wp-json\/wp\/v2\/product_tag?post=4158"}],"curies":[{"name":"wp","href":"https:\/\/api.w.org\/{rel}","templated":true}]}}