{"id":4162,"date":"2025-11-06T11:22:34","date_gmt":"2025-11-06T04:22:34","guid":{"rendered":"https:\/\/noithathuuthinh.vn\/?post_type=product&#038;p=4162"},"modified":"2025-11-06T11:22:34","modified_gmt":"2025-11-06T04:22:34","slug":"tu-ho-so-tp05","status":"publish","type":"product","link":"https:\/\/noithathuuthinh.vn\/zh-hans\/san-pham\/tu-ho-so-tp05\/","title":{"rendered":"T\u1ee7 h\u1ed3 s\u01a1 TP05"},"content":{"rendered":"<p data-start=\"659\" data-end=\"1056\">T\u1ee7 h\u1ed3 s\u01a1 TP05 thu\u1ed9c d\u00f2ng t\u1ee7 ph\u1ee5 di \u0111\u1ed9ng cao c\u1ea5p c\u1ee7a N\u1ed9i th\u1ea5t The One, \u0111\u01b0\u1ee3c thi\u1ebft k\u1ebf tinh t\u1ebf v\u1edbi phong c\u00e1ch hi\u1ec7n \u0111\u1ea1i, v\u1eeba mang \u0111\u1ebfn s\u1ef1 ti\u1ec7n nghi v\u1eeba t\u1ea1o \u0111i\u1ec3m nh\u1ea5n sang tr\u1ecdng cho kh\u00f4ng gian l\u00e0m vi\u1ec7c. V\u1edbi ch\u1ea5t li\u1ec7u g\u1ed7 s\u01a1n PU b\u00f3ng m\u1ecbn, t\u1ee7 kh\u00f4ng ch\u1ec9 c\u00f3 v\u1ebb ngo\u00e0i \u0111\u1eb9p m\u1eaft m\u00e0 c\u00f2n c\u00f3 kh\u1ea3 n\u0103ng ch\u1ed1ng \u1ea9m, ch\u1ed1ng tr\u1ea7y x\u01b0\u1edbc v\u00e0 d\u1ec5 d\u00e0ng lau ch\u00f9i trong qu\u00e1 tr\u00ecnh s\u1eed d\u1ee5ng.<\/p>\n<p data-start=\"1058\" data-end=\"1514\">C\u1ea5u tr\u00fac c\u1ee7a t\u1ee7 \u0111\u01b0\u1ee3c b\u1ed1 tr\u00ed khoa h\u1ecdc, bao g\u1ed3m m\u1ed9t c\u00e1nh m\u1edf b\u00ean ngo\u00e0i c\u00f9ng gi\u00fap ng\u01b0\u1eddi d\u00f9ng d\u1ec5 d\u00e0ng s\u1eafp x\u1ebfp h\u1ed3 s\u01a1, t\u00e0i li\u1ec7u th\u01b0\u1eddng xuy\u00ean s\u1eed d\u1ee5ng. Ph\u1ea7n khoang gi\u1eefa \u0111\u01b0\u1ee3c trang b\u1ecb c\u00e1nh l\u00f9a \u2013 m\u1ed9t thi\u1ebft k\u1ebf th\u00f4ng minh gi\u00fap ti\u1ebft ki\u1ec7m di\u1ec7n t\u00edch khi m\u1edf t\u1ee7, \u0111\u1eb7c bi\u1ec7t ph\u00f9 h\u1ee3p v\u1edbi nh\u1eefng v\u0103n ph\u00f2ng c\u00f3 kh\u00f4ng gian h\u1ea1n ch\u1ebf. B\u00ean c\u1ea1nh \u0111\u00f3, khoang \u0111\u1ec3 t\u00e0i li\u1ec7u c\u00f3 \u0111\u1ee3t di \u0111\u1ed9ng \u1edf ph\u00eda trong gi\u00fap ng\u01b0\u1eddi d\u00f9ng linh ho\u1ea1t \u0111i\u1ec1u ch\u1ec9nh chi\u1ec1u cao c\u00e1c ng\u0103n t\u00f9y theo nhu c\u1ea7u l\u01b0u tr\u1eef th\u1ef1c t\u1ebf.<\/p>\n<p data-start=\"1516\" data-end=\"1845\">T\u1ee7 h\u1ed3 s\u01a1 TP05 kh\u00f4ng ch\u1ec9 ph\u1ee5c v\u1ee5 ch\u1ee9c n\u0103ng l\u01b0u tr\u1eef, m\u00e0 c\u00f2n c\u00f3 th\u1ec3 \u0111\u01b0\u1ee3c s\u1eed d\u1ee5ng nh\u01b0 m\u1ed9t t\u1ee7 ph\u1ee5 \u0111\u1eb7t b\u00ean c\u1ea1nh b\u00e0n l\u00e0m vi\u1ec7c, t\u1ea1o n\u00ean m\u1ed9t kh\u00f4ng gian l\u00e0m vi\u1ec7c g\u1ecdn g\u00e0ng, ng\u0103n n\u1eafp v\u00e0 chuy\u00ean nghi\u1ec7p. Nh\u1edd thi\u1ebft k\u1ebf di \u0111\u1ed9ng, ng\u01b0\u1eddi d\u00f9ng c\u00f3 th\u1ec3 d\u1ec5 d\u00e0ng di chuy\u1ec3n t\u1ee7 \u0111\u1ebfn c\u00e1c v\u1ecb tr\u00ed kh\u00e1c nhau trong v\u0103n ph\u00f2ng m\u00e0 kh\u00f4ng c\u1ea7n t\u1ed1n qu\u00e1 nhi\u1ec1u c\u00f4ng s\u1ee9c.<\/p>\n<p data-start=\"1847\" data-end=\"2141\">M\u1ed9t \u01b0u \u0111i\u1ec3m kh\u00e1c c\u1ee7a s\u1ea3n ph\u1ea9m ch\u00ednh l\u00e0 l\u1edbp s\u01a1n PU cao c\u1ea5p \u0111\u01b0\u1ee3c x\u1eed l\u00fd qua nhi\u1ec1u c\u00f4ng \u0111o\u1ea1n t\u1ec9 m\u1ec9, gi\u00fap b\u1ec1 m\u1eb7t g\u1ed7 lu\u00f4n s\u00e1ng b\u00f3ng, gi\u1eef m\u00e0u l\u00e2u d\u00e0i v\u00e0 kh\u00f4ng b\u1ecb bong tr\u00f3c sau th\u1eddi gian d\u00e0i s\u1eed d\u1ee5ng. C\u00e1c chi ti\u1ebft tay n\u1eafm, b\u1ea3n l\u1ec1 v\u00e0 ray tr\u01b0\u1ee3t \u0111\u01b0\u1ee3c gia c\u00f4ng ch\u00ednh x\u00e1c, \u0111\u1ea3m b\u1ea3o \u0111\u1ed9 b\u1ec1n v\u00e0 v\u1eadn h\u00e0nh \u00eam \u00e1i.<\/p>\n<p data-start=\"2143\" data-end=\"2449\">T\u1ee7 h\u1ed3 s\u01a1 TP05 l\u00e0 l\u1ef1a ch\u1ecdn l\u00fd t\u01b0\u1edfng cho c\u00e1c v\u0103n ph\u00f2ng hi\u1ec7n \u0111\u1ea1i, ph\u00f2ng gi\u00e1m \u0111\u1ed1c, ho\u1eb7c khu v\u1ef1c l\u00e0m vi\u1ec7c c\u1ea7n t\u00ednh th\u1ea9m m\u1ef9 cao. V\u1edbi ki\u1ec3u d\u00e1ng thanh l\u1ecbch v\u00e0 c\u00f4ng n\u0103ng v\u01b0\u1ee3t tr\u1ed9i, s\u1ea3n ph\u1ea9m n\u00e0y mang \u0111\u1ebfn s\u1ef1 ti\u1ec7n l\u1ee3i t\u1ed1i \u0111a cho ng\u01b0\u1eddi s\u1eed d\u1ee5ng, \u0111\u1ed3ng th\u1eddi g\u00f3p ph\u1ea7n kh\u1eb3ng \u0111\u1ecbnh phong c\u00e1ch chuy\u00ean nghi\u1ec7p c\u1ee7a doanh nghi\u1ec7p.<\/p>\n<p data-start=\"2451\" data-end=\"2695\" data-is-last-node=\"\" data-is-only-node=\"\">N\u1ebfu b\u1ea1n \u0111ang t\u00ecm ki\u1ebfm m\u1ed9t m\u1eabu t\u1ee7 ph\u1ee5 v\u1eeba \u0111\u1eb9p, v\u1eeba ti\u1ec7n d\u1ee5ng v\u00e0 c\u00f3 tu\u1ed5i th\u1ecd cao, <strong data-start=\"2531\" data-end=\"2548\">t\u1ee7 h\u1ed3 s\u01a1 TP05<\/strong> ch\u1eafc ch\u1eafn l\u00e0 s\u1ef1 l\u1ef1a ch\u1ecdn ho\u00e0n h\u1ea3o, \u0111\u00e1p \u1ee9ng tr\u1ecdn v\u1eb9n c\u00e1c ti\u00eau ch\u00ed v\u1ec1 ch\u1ea5t l\u01b0\u1ee3ng, c\u00f4ng n\u0103ng v\u00e0 th\u1ea9m m\u1ef9 trong kh\u00f4ng gian n\u1ed9i th\u1ea5t v\u0103n ph\u00f2ng hi\u1ec7n \u0111\u1ea1i.<\/p>\n","protected":false},"excerpt":{"rendered":"<p data-start=\"21\" data-end=\"307\">T\u1ee7 h\u1ed3 s\u01a1 TP05 l\u00e0 m\u1eabu t\u1ee7 ph\u1ee5 di \u0111\u1ed9ng \u0111\u01b0\u1ee3c thi\u1ebft k\u1ebf sang tr\u1ecdng v\u1edbi ch\u1ea5t li\u1ec7u g\u1ed7 s\u01a1n PU cao c\u1ea5p. S\u1ea3n ph\u1ea9m c\u00f3 1 c\u00e1nh m\u1edf b\u00ean ngo\u00e0i c\u00f9ng, \u1edf gi\u1eefa l\u00e0 khoang c\u00e1nh l\u00f9a ti\u1ec7n d\u1ee5ng v\u00e0 1 khoang \u0111\u1ec3 t\u00e0i li\u1ec7u c\u00f3 \u0111\u1ee3t di \u0111\u1ed9ng, gi\u00fap t\u1ed1i \u01b0u kh\u00f4ng gian l\u01b0u tr\u1eef cho v\u0103n ph\u00f2ng.<\/p>\n<p data-start=\"309\" data-end=\"496\">K\u00edch th\u01b0\u1edbc: W1400 x D400 x H660 mm<br data-start=\"343\" data-end=\"346\" \/>Xu\u1ea5t x\u1ee9: S\u1ea3n ph\u1ea9m c\u1ee7a c\u00f4ng ty <strong data-start=\"376\" data-end=\"396\">N\u1ed8I TH\u1ea4T THE ONE<\/strong> \u2013 Ph\u00e2n ph\u1ed1i b\u1edfi <strong data-start=\"413\" data-end=\"449\">C\u00d4NG TY TNHH SXTM TTNT H\u1eeeU TH\u1ecaNH<\/strong><br data-start=\"449\" data-end=\"452\" \/>B\u1ea3o h\u00e0nh: 12 th\u00e1ng theo ti\u00eau chu\u1ea9n nh\u00e0 m\u00e1y<\/p>\n<p data-start=\"498\" data-end=\"652\"><span style=\"color: #ed1c24;\"><em data-start=\"498\" data-end=\"650\">L\u01b0u \u00fd: Gi\u00e1 tr\u00ean ch\u01b0a bao g\u1ed3m VAT v\u00e0 ph\u00ed v\u1eadn chuy\u1ec3n. Gi\u00e1 s\u1ea3n ph\u1ea9m c\u00f3 th\u1ec3 thay \u0111\u1ed5i theo t\u1eebng th\u1eddi \u0111i\u1ec3m, vui l\u00f2ng li\u00ean h\u1ec7 \u0111\u1ec3 nh\u1eadn t\u01b0 v\u1ea5n \u01b0u \u0111\u00e3i t\u1ed1t nh\u1ea5t.<\/em><\/span><\/p>\n","protected":false},"featured_media":4163,"comment_status":"open","ping_status":"closed","template":"","meta":[],"product_brand":[],"product_cat":[17,760],"product_tag":[],"class_list":{"0":"post-4162","1":"product","2":"type-product","3":"status-publish","4":"has-post-thumbnail","6":"product_cat-noi-that-van-phong","7":"product_cat-tu-go-van-phong","9":"first","10":"instock","11":"shipping-taxable","12":"purchasable","13":"product-type-simple"},"_links":{"self":[{"href":"https:\/\/noithathuuthinh.vn\/zh-hans\/wp-json\/wp\/v2\/product\/4162","targetHints":{"allow":["GET"]}}],"collection":[{"href":"https:\/\/noithathuuthinh.vn\/zh-hans\/wp-json\/wp\/v2\/product"}],"about":[{"href":"https:\/\/noithathuuthinh.vn\/zh-hans\/wp-json\/wp\/v2\/types\/product"}],"replies":[{"embeddable":true,"href":"https:\/\/noithathuuthinh.vn\/zh-hans\/wp-json\/wp\/v2\/comments?post=4162"}],"wp:featuredmedia":[{"embeddable":true,"href":"https:\/\/noithathuuthinh.vn\/zh-hans\/wp-json\/wp\/v2\/media\/4163"}],"wp:attachment":[{"href":"https:\/\/noithathuuthinh.vn\/zh-hans\/wp-json\/wp\/v2\/media?parent=4162"}],"wp:term":[{"taxonomy":"product_brand","embeddable":true,"href":"https:\/\/noithathuuthinh.vn\/zh-hans\/wp-json\/wp\/v2\/product_brand?post=4162"},{"taxonomy":"product_cat","embeddable":true,"href":"https:\/\/noithathuuthinh.vn\/zh-hans\/wp-json\/wp\/v2\/product_cat?post=4162"},{"taxonomy":"product_tag","embeddable":true,"href":"https:\/\/noithathuuthinh.vn\/zh-hans\/wp-json\/wp\/v2\/product_tag?post=4162"}],"curies":[{"name":"wp","href":"https:\/\/api.w.org\/{rel}","templated":true}]}}