{"id":4166,"date":"2025-11-06T11:30:05","date_gmt":"2025-11-06T04:30:05","guid":{"rendered":"https:\/\/noithathuuthinh.vn\/?post_type=product&#038;p=4166"},"modified":"2025-11-06T11:34:25","modified_gmt":"2025-11-06T04:34:25","slug":"tu-ho-so-tp06h1","status":"publish","type":"product","link":"https:\/\/noithathuuthinh.vn\/zh-hans\/san-pham\/tu-ho-so-tp06h1\/","title":{"rendered":"T\u1ee7 h\u1ed3 s\u01a1 TP06H1"},"content":{"rendered":"<p data-start=\"656\" data-end=\"1003\">T\u1ee7 h\u1ed3 s\u01a1 TP06H1 l\u00e0 l\u1ef1a ch\u1ecdn l\u00fd t\u01b0\u1edfng d\u00e0nh cho nh\u1eefng v\u0103n ph\u00f2ng hi\u1ec7n \u0111\u1ea1i c\u1ea7n m\u1ed9t gi\u1ea3i ph\u00e1p l\u01b0u tr\u1eef g\u1ecdn g\u00e0ng v\u00e0 tinh t\u1ebf. V\u1edbi thi\u1ebft k\u1ebf nh\u1ecf g\u1ecdn, t\u1ee7 d\u1ec5 d\u00e0ng di chuy\u1ec3n v\u00e0 b\u1ed1 tr\u00ed trong nhi\u1ec1u kh\u00f4ng gian kh\u00e1c nhau, \u0111\u1eb7c bi\u1ec7t ph\u00f9 h\u1ee3p khi \u0111\u1eb7t b\u00ean c\u1ea1nh b\u00e0n l\u00e0m vi\u1ec7c, t\u1ea1o n\u00ean m\u1ed9t c\u1ee5m n\u1ed9i th\u1ea5t \u0111\u1ed3ng b\u1ed9 v\u00e0 chuy\u00ean nghi\u1ec7p.<\/p>\n<p data-start=\"1005\" data-end=\"1373\">S\u1ea3n ph\u1ea9m \u0111\u01b0\u1ee3c s\u1ea3n xu\u1ea5t t\u1eeb g\u1ed7 s\u01a1n PU cao c\u1ea5p, n\u1ed5i b\u1eadt v\u1edbi b\u1ec1 m\u1eb7t nh\u1eb5n m\u1ecbn, m\u00e0u s\u1eafc sang tr\u1ecdng v\u00e0 kh\u1ea3 n\u0103ng ch\u1ed1ng \u1ea9m, ch\u1ed1ng tr\u1ea7y x\u01b0\u1edbc hi\u1ec7u qu\u1ea3. L\u1edbp s\u01a1n \u0111\u01b0\u1ee3c x\u1eed l\u00fd qua nhi\u1ec1u c\u00f4ng \u0111o\u1ea1n t\u1ec9 m\u1ec9 gi\u00fap gi\u1eef m\u00e0u b\u1ec1n l\u00e2u, kh\u00f4ng bong tr\u00f3c hay ng\u1ea3 v\u00e0ng theo th\u1eddi gian. \u0110\u00e2y ch\u00ednh l\u00e0 \u01b0u \u0111i\u1ec3m n\u1ed5i b\u1eadt gi\u00fap <strong data-start=\"1292\" data-end=\"1311\">t\u1ee7 h\u1ed3 s\u01a1 TP06H1<\/strong> lu\u00f4n gi\u1eef \u0111\u01b0\u1ee3c v\u1ebb \u0111\u1eb9p b\u1ec1n b\u1ec9 d\u00f9 s\u1eed d\u1ee5ng trong th\u1eddi gian d\u00e0i.<\/p>\n<p data-start=\"1375\" data-end=\"1800\">V\u1ec1 c\u1ea5u t\u1ea1o, t\u1ee7 \u0111\u01b0\u1ee3c chia th\u00e0nh nhi\u1ec1u khoang ch\u1ee9c n\u0103ng kh\u00e1c nhau. Ph\u1ea7n c\u00e1nh m\u1edf th\u00edch h\u1ee3p \u0111\u1ec3 l\u01b0u tr\u1eef t\u00e0i li\u1ec7u, s\u1ed5 s\u00e1ch ho\u1eb7c v\u1eadt d\u1ee5ng c\u00e1 nh\u00e2n \u00edt s\u1eed d\u1ee5ng th\u01b0\u1eddng xuy\u00ean. Ng\u0103n k\u00e9o gi\u00fap ng\u01b0\u1eddi d\u00f9ng d\u1ec5 d\u00e0ng s\u1eafp x\u1ebfp c\u00e1c lo\u1ea1i gi\u1ea5y t\u1edd, h\u1ed3 s\u01a1 quan tr\u1ecdng v\u00e0 \u0111\u1ea3m b\u1ea3o an to\u00e0n khi c\u1ea7n kh\u00f3a l\u1ea1i. B\u00ean c\u1ea1nh \u0111\u00f3, khoang \u0111\u1ec3 t\u00e0i li\u1ec7u c\u00f3 \u0111\u1ee3t di \u0111\u1ed9ng cho ph\u00e9p \u0111i\u1ec1u ch\u1ec9nh linh ho\u1ea1t \u0111\u1ed9 cao, gi\u00fap t\u1eadn d\u1ee5ng t\u1ed1i \u0111a kh\u00f4ng gian l\u01b0u tr\u1eef theo nhu c\u1ea7u th\u1ef1c t\u1ebf.<\/p>\n<p data-start=\"1802\" data-end=\"2127\">Thi\u1ebft k\u1ebf t\u1ed5ng th\u1ec3 c\u1ee7a <strong data-start=\"1824\" data-end=\"1843\">t\u1ee7 h\u1ed3 s\u01a1 TP06H1<\/strong> h\u01b0\u1edbng \u0111\u1ebfn s\u1ef1 ti\u1ec7n nghi v\u00e0 th\u1ea9m m\u1ef9. C\u00e1c chi ti\u1ebft nh\u01b0 tay n\u1eafm, b\u1ea3n l\u1ec1, ray tr\u01b0\u1ee3t \u0111\u1ec1u \u0111\u01b0\u1ee3c gia c\u00f4ng ch\u00ednh x\u00e1c, \u0111\u1ea3m b\u1ea3o \u0111\u00f3ng m\u1edf nh\u1eb9 nh\u00e0ng v\u00e0 b\u1ec1n b\u1ec9 trong qu\u00e1 tr\u00ecnh s\u1eed d\u1ee5ng. Ch\u00e2n t\u1ee7 c\u00f3 b\u00e1nh xe di chuy\u1ec3n linh ho\u1ea1t, gi\u00fap ng\u01b0\u1eddi d\u00f9ng d\u1ec5 d\u00e0ng thay \u0111\u1ed5i v\u1ecb tr\u00ed m\u00e0 kh\u00f4ng c\u1ea7n t\u1ed1n nhi\u1ec1u c\u00f4ng s\u1ee9c.<\/p>\n<p data-start=\"2129\" data-end=\"2385\">Kh\u00f4ng ch\u1ec9 l\u00e0 v\u1eadt d\u1ee5ng l\u01b0u tr\u1eef, t\u1ee7 TP06H1 c\u00f2n g\u00f3p ph\u1ea7n n\u00e2ng t\u1ea7m kh\u00f4ng gian l\u00e0m vi\u1ec7c, th\u1ec3 hi\u1ec7n phong c\u00e1ch hi\u1ec7n \u0111\u1ea1i v\u00e0 chuy\u00ean nghi\u1ec7p. Khi k\u1ebft h\u1ee3p c\u00f9ng b\u00e0n gi\u00e1m \u0111\u1ed1c ho\u1eb7c b\u00e0n nh\u00e2n vi\u00ean c\u00f9ng t\u00f4ng m\u00e0u, t\u1ee7 t\u1ea1o n\u00ean t\u1ed5ng th\u1ec3 n\u1ed9i th\u1ea5t h\u00e0i h\u00f2a, \u0111\u1ed3ng nh\u1ea5t v\u00e0 \u0111\u1eb9p m\u1eaft.<\/p>\n<p data-start=\"2387\" data-end=\"2597\" data-is-last-node=\"\" data-is-only-node=\"\">Nh\u1edd s\u1ef1 k\u1ebft h\u1ee3p gi\u1eefa c\u00f4ng n\u0103ng, \u0111\u1ed9 b\u1ec1n v\u00e0 t\u00ednh th\u1ea9m m\u1ef9, <strong data-start=\"2442\" data-end=\"2461\">t\u1ee7 h\u1ed3 s\u01a1 TP06H1<\/strong> l\u00e0 l\u1ef1a ch\u1ecdn ho\u00e0n h\u1ea3o cho c\u00e1c v\u0103n ph\u00f2ng, doanh nghi\u1ec7p hay c\u00e1 nh\u00e2n mu\u1ed1n s\u1edf h\u1eefu m\u1ed9t kh\u00f4ng gian l\u00e0m vi\u1ec7c ti\u1ec7n nghi, sang tr\u1ecdng v\u00e0 hi\u1ec7u qu\u1ea3.<\/p>\n","protected":false},"excerpt":{"rendered":"<p data-start=\"23\" data-end=\"304\">T\u1ee7 h\u1ed3 s\u01a1 TP06H1 l\u00e0 m\u1eabu t\u1ee7 ph\u1ee5 di \u0111\u1ed9ng \u0111\u01b0\u1ee3c thi\u1ebft k\u1ebf hi\u1ec7n \u0111\u1ea1i, s\u1ea3n xu\u1ea5t t\u1eeb ch\u1ea5t li\u1ec7u g\u1ed7 s\u01a1n PU cao c\u1ea5p. S\u1ea3n ph\u1ea9m c\u00f3 c\u00e1nh m\u1edf, ng\u0103n k\u00e9o v\u00e0 khoang \u0111\u1ec3 t\u00e0i li\u1ec7u c\u00f3 \u0111\u1ee3t di \u0111\u1ed9ng, mang \u0111\u1ebfn kh\u1ea3 n\u0103ng l\u01b0u tr\u1eef linh ho\u1ea1t v\u00e0 ti\u1ec7n d\u1ee5ng cho m\u1ecdi kh\u00f4ng gian l\u00e0m vi\u1ec7c.<\/p>\n<p data-start=\"306\" data-end=\"493\">K\u00edch th\u01b0\u1edbc: W1200 x D400 x H660 mm<br data-start=\"340\" data-end=\"343\" \/>Xu\u1ea5t x\u1ee9: S\u1ea3n ph\u1ea9m c\u1ee7a c\u00f4ng ty <strong data-start=\"373\" data-end=\"393\">N\u1ed8I TH\u1ea4T THE ONE<\/strong> \u2013 Ph\u00e2n ph\u1ed1i b\u1edfi <strong data-start=\"410\" data-end=\"446\">C\u00d4NG TY TNHH SXTM TTNT H\u1eeeU TH\u1ecaNH<\/strong><br data-start=\"446\" data-end=\"449\" \/>B\u1ea3o h\u00e0nh: 12 th\u00e1ng theo ti\u00eau chu\u1ea9n nh\u00e0 m\u00e1y<\/p>\n<p data-start=\"495\" data-end=\"649\"><span style=\"color: #ed1c24;\"><em data-start=\"495\" data-end=\"647\">L\u01b0u \u00fd: Gi\u00e1 tr\u00ean ch\u01b0a bao g\u1ed3m VAT v\u00e0 ph\u00ed v\u1eadn chuy\u1ec3n. Gi\u00e1 s\u1ea3n ph\u1ea9m c\u00f3 th\u1ec3 thay \u0111\u1ed5i theo t\u1eebng th\u1eddi \u0111i\u1ec3m, vui l\u00f2ng li\u00ean h\u1ec7 \u0111\u1ec3 nh\u1eadn t\u01b0 v\u1ea5n \u01b0u \u0111\u00e3i t\u1ed1t nh\u1ea5t.<\/em><\/span><\/p>\n","protected":false},"featured_media":4167,"comment_status":"open","ping_status":"closed","template":"","meta":[],"product_brand":[],"product_cat":[17,760],"product_tag":[],"class_list":{"0":"post-4166","1":"product","2":"type-product","3":"status-publish","4":"has-post-thumbnail","6":"product_cat-noi-that-van-phong","7":"product_cat-tu-go-van-phong","9":"first","10":"instock","11":"shipping-taxable","12":"purchasable","13":"product-type-simple"},"_links":{"self":[{"href":"https:\/\/noithathuuthinh.vn\/zh-hans\/wp-json\/wp\/v2\/product\/4166","targetHints":{"allow":["GET"]}}],"collection":[{"href":"https:\/\/noithathuuthinh.vn\/zh-hans\/wp-json\/wp\/v2\/product"}],"about":[{"href":"https:\/\/noithathuuthinh.vn\/zh-hans\/wp-json\/wp\/v2\/types\/product"}],"replies":[{"embeddable":true,"href":"https:\/\/noithathuuthinh.vn\/zh-hans\/wp-json\/wp\/v2\/comments?post=4166"}],"wp:featuredmedia":[{"embeddable":true,"href":"https:\/\/noithathuuthinh.vn\/zh-hans\/wp-json\/wp\/v2\/media\/4167"}],"wp:attachment":[{"href":"https:\/\/noithathuuthinh.vn\/zh-hans\/wp-json\/wp\/v2\/media?parent=4166"}],"wp:term":[{"taxonomy":"product_brand","embeddable":true,"href":"https:\/\/noithathuuthinh.vn\/zh-hans\/wp-json\/wp\/v2\/product_brand?post=4166"},{"taxonomy":"product_cat","embeddable":true,"href":"https:\/\/noithathuuthinh.vn\/zh-hans\/wp-json\/wp\/v2\/product_cat?post=4166"},{"taxonomy":"product_tag","embeddable":true,"href":"https:\/\/noithathuuthinh.vn\/zh-hans\/wp-json\/wp\/v2\/product_tag?post=4166"}],"curies":[{"name":"wp","href":"https:\/\/api.w.org\/{rel}","templated":true}]}}