{"id":4170,"date":"2025-11-06T11:44:09","date_gmt":"2025-11-06T04:44:09","guid":{"rendered":"https:\/\/noithathuuthinh.vn\/?post_type=product&#038;p=4170"},"modified":"2025-11-06T11:44:09","modified_gmt":"2025-11-06T04:44:09","slug":"tu-ho-so-tp06h2","status":"publish","type":"product","link":"https:\/\/noithathuuthinh.vn\/zh-hans\/san-pham\/tu-ho-so-tp06h2\/","title":{"rendered":"T\u1ee7 h\u1ed3 s\u01a1 TP06H2"},"content":{"rendered":"<p data-start=\"732\" data-end=\"1070\">T\u1ee7 h\u1ed3 s\u01a1 TP06H2 l\u00e0 m\u1ed9t trong nh\u1eefng m\u1eabu t\u1ee7 ph\u1ee5 di \u0111\u1ed9ng cao c\u1ea5p thu\u1ed9c d\u00f2ng s\u1ea3n ph\u1ea9m g\u1ed7 s\u01a1n PU c\u1ee7a N\u1ed9i th\u1ea5t The One. V\u1edbi thi\u1ebft k\u1ebf tinh t\u1ebf, k\u00edch th\u01b0\u1edbc nh\u1ecf g\u1ecdn v\u00e0 t\u00ednh \u1ee9ng d\u1ee5ng cao, s\u1ea3n ph\u1ea9m n\u00e0y \u0111\u01b0\u1ee3c nhi\u1ec1u doanh nghi\u1ec7p l\u1ef1a ch\u1ecdn \u0111\u1ec3 t\u1ed1i \u01b0u kh\u00f4ng gian l\u00e0m vi\u1ec7c m\u00e0 v\u1eabn \u0111\u1ea3m b\u1ea3o t\u00ednh th\u1ea9m m\u1ef9 v\u00e0 c\u00f4ng n\u0103ng.<\/p>\n<p data-start=\"1072\" data-end=\"1449\">T\u1ee7 \u0111\u01b0\u1ee3c ch\u1ebf t\u00e1c t\u1eeb g\u1ed7 s\u01a1n PU cao c\u1ea5p, qua quy tr\u00ecnh x\u1eed l\u00fd c\u00f4ng ngh\u1ec7 hi\u1ec7n \u0111\u1ea1i gi\u00fap b\u1ec1 m\u1eb7t t\u1ee7 c\u00f3 \u0111\u1ed9 b\u00f3ng m\u1ecbn, sang tr\u1ecdng v\u00e0 ch\u1ed1ng \u1ea9m hi\u1ec7u qu\u1ea3. L\u1edbp s\u01a1n PU kh\u00f4ng ch\u1ec9 t\u1ea1o n\u00ean m\u00e0u s\u1eafc h\u00e0i h\u00f2a m\u00e0 c\u00f2n gi\u00fap b\u1ea3o v\u1ec7 c\u1ed1t g\u1ed7 kh\u1ecfi t\u00e1c \u0111\u1ed9ng c\u1ee7a m\u00f4i tr\u01b0\u1eddng, h\u1ea1n ch\u1ebf bong tr\u00f3c v\u00e0 phai m\u00e0u theo th\u1eddi gian. Nh\u1edd \u0111\u00f3, <strong data-start=\"1368\" data-end=\"1387\">t\u1ee7 h\u1ed3 s\u01a1 TP06H2<\/strong> lu\u00f4n gi\u1eef \u0111\u01b0\u1ee3c v\u1ebb \u0111\u1eb9p b\u1ec1n b\u1ec9 v\u00e0 \u0111\u1eb3ng c\u1ea5p d\u00f9 s\u1eed d\u1ee5ng l\u00e2u d\u00e0i.<\/p>\n<p data-start=\"1451\" data-end=\"1780\">C\u1ea5u tr\u00fac c\u1ee7a t\u1ee7 \u0111\u01b0\u1ee3c chia th\u00e0nh c\u00e1c ng\u0103n khoa h\u1ecdc: ph\u1ea7n ng\u0103n k\u00e9o thu\u1eadn ti\u1ec7n cho vi\u1ec7c l\u01b0u tr\u1eef c\u00e1c lo\u1ea1i gi\u1ea5y t\u1edd, h\u1ed3 s\u01a1 nh\u1ecf g\u1ecdn; khoang c\u00e1nh m\u1edf gi\u00fap b\u1ea3o qu\u1ea3n t\u00e0i li\u1ec7u, s\u1ed5 s\u00e1ch ho\u1eb7c v\u1eadt d\u1ee5ng \u00edt d\u00f9ng; ngo\u00e0i ra, khoang \u0111\u1ec3 t\u00e0i li\u1ec7u c\u00f3 \u0111\u1ee3t di \u0111\u1ed9ng cho ph\u00e9p ng\u01b0\u1eddi d\u00f9ng d\u1ec5 d\u00e0ng thay \u0111\u1ed5i chi\u1ec1u cao c\u00e1c ng\u0103n \u0111\u1ec3 ph\u00f9 h\u1ee3p v\u1edbi nhu c\u1ea7u th\u1ef1c t\u1ebf.<\/p>\n<p data-start=\"1782\" data-end=\"2102\">\u0110i\u1ec3m n\u1ed5i b\u1eadt c\u1ee7a <strong data-start=\"1799\" data-end=\"1818\">t\u1ee7 h\u1ed3 s\u01a1 TP06H2<\/strong> l\u00e0 thi\u1ebft k\u1ebf di \u0111\u1ed9ng ti\u1ec7n l\u1ee3i. Nh\u1edd h\u1ec7 th\u1ed1ng b\u00e1nh xe ch\u1eafc ch\u1eafn, t\u1ee7 c\u00f3 th\u1ec3 \u0111\u01b0\u1ee3c di chuy\u1ec3n linh ho\u1ea1t trong v\u0103n ph\u00f2ng m\u00e0 kh\u00f4ng g\u00e2y ti\u1ebfng \u1ed3n hay tr\u1ea7y x\u01b0\u1edbc s\u00e0n. \u0110i\u1ec1u n\u00e0y \u0111\u1eb7c bi\u1ec7t h\u1eefu \u00edch khi b\u1ed1 tr\u00ed l\u1ea1i kh\u00f4ng gian l\u00e0m vi\u1ec7c ho\u1eb7c c\u1ea7n linh ho\u1ea1t trong vi\u1ec7c s\u1eed d\u1ee5ng t\u1ee7 \u1edf nhi\u1ec1u v\u1ecb tr\u00ed kh\u00e1c nhau.<\/p>\n<p data-start=\"2104\" data-end=\"2426\">Kh\u00f4ng ch\u1ec9 mang \u0111\u1ebfn s\u1ef1 ti\u1ec7n d\u1ee5ng, TP06H2 c\u00f2n th\u1ec3 hi\u1ec7n phong c\u00e1ch n\u1ed9i th\u1ea5t hi\u1ec7n \u0111\u1ea1i nh\u1edd c\u00e1c \u0111\u01b0\u1eddng n\u00e9t vu\u00f4ng v\u1ee9c, thanh l\u1ecbch v\u00e0 m\u00e0u s\u01a1n t\u1ef1 nhi\u00ean tinh t\u1ebf. Khi k\u1ebft h\u1ee3p c\u00f9ng b\u00e0n l\u00e0m vi\u1ec7c, b\u00e0n gi\u00e1m \u0111\u1ed1c hay t\u1ee7 h\u1ed3 s\u01a1 l\u1edbn c\u00f9ng ch\u1ea5t li\u1ec7u, s\u1ea3n ph\u1ea9m t\u1ea1o n\u00ean m\u1ed9t t\u1ed5ng th\u1ec3 th\u1ed1ng nh\u1ea5t, h\u00e0i h\u00f2a v\u00e0 chuy\u00ean nghi\u1ec7p cho kh\u00f4ng gian v\u0103n ph\u00f2ng.<\/p>\n<p data-start=\"2428\" data-end=\"2778\" data-is-last-node=\"\" data-is-only-node=\"\">V\u1edbi s\u1ef1 k\u1ebft h\u1ee3p ho\u00e0n h\u1ea3o gi\u1eefa ch\u1ea5t l\u01b0\u1ee3ng, thi\u1ebft k\u1ebf v\u00e0 t\u00ednh linh ho\u1ea1t, <strong data-start=\"2497\" data-end=\"2516\">t\u1ee7 h\u1ed3 s\u01a1 TP06H2<\/strong> l\u00e0 l\u1ef1a ch\u1ecdn t\u1ed1i \u01b0u cho nh\u1eefng ai mu\u1ed1n n\u00e2ng c\u1ea5p kh\u00f4ng gian l\u00e0m vi\u1ec7c c\u1ee7a m\u00ecnh tr\u1edf n\u00ean ti\u1ec7n nghi, sang tr\u1ecdng v\u00e0 khoa h\u1ecdc h\u01a1n. \u0110\u00e2y l\u00e0 gi\u1ea3i ph\u00e1p l\u01b0u tr\u1eef th\u00f4ng minh, b\u1ec1n \u0111\u1eb9p theo th\u1eddi gian, ph\u00f9 h\u1ee3p cho c\u1ea3 doanh nghi\u1ec7p v\u00e0 c\u00e1 nh\u00e2n y\u00eau th\u00edch phong c\u00e1ch n\u1ed9i th\u1ea5t hi\u1ec7n \u0111\u1ea1i.<\/p>\n","protected":false},"excerpt":{"rendered":"<p data-start=\"23\" data-end=\"380\">T\u1ee7 h\u1ed3 s\u01a1 TP06H2 l\u00e0 m\u1eabu t\u1ee7 ph\u1ee5 di \u0111\u1ed9ng \u0111\u01b0\u1ee3c thi\u1ebft k\u1ebf sang tr\u1ecdng, s\u1eed d\u1ee5ng ch\u1ea5t li\u1ec7u g\u1ed7 s\u01a1n PU cao c\u1ea5p, mang l\u1ea1i v\u1ebb \u0111\u1eb9p hi\u1ec7n \u0111\u1ea1i v\u00e0 tinh t\u1ebf cho kh\u00f4ng gian l\u00e0m vi\u1ec7c. S\u1ea3n ph\u1ea9m \u0111\u01b0\u1ee3c trang b\u1ecb c\u00e1nh m\u1edf, ng\u0103n k\u00e9o v\u00e0 khoang \u0111\u1ec3 t\u00e0i li\u1ec7u c\u00f3 \u0111\u1ee3t di \u0111\u1ed9ng, gi\u00fap ng\u01b0\u1eddi d\u00f9ng thu\u1eadn ti\u1ec7n trong vi\u1ec7c s\u1eafp x\u1ebfp h\u1ed3 s\u01a1, gi\u1ea5y t\u1edd v\u00e0 v\u1eadt d\u1ee5ng v\u0103n ph\u00f2ng.<\/p>\n<p data-start=\"382\" data-end=\"569\">K\u00edch th\u01b0\u1edbc: W1200 x D400 x H760 mm<br data-start=\"416\" data-end=\"419\" \/>Xu\u1ea5t x\u1ee9: S\u1ea3n ph\u1ea9m c\u1ee7a c\u00f4ng ty <strong data-start=\"449\" data-end=\"469\">N\u1ed8I TH\u1ea4T THE ONE<\/strong> \u2013 Ph\u00e2n ph\u1ed1i b\u1edfi <strong data-start=\"486\" data-end=\"522\">C\u00d4NG TY TNHH SXTM TTNT H\u1eeeU TH\u1ecaNH<\/strong><br data-start=\"522\" data-end=\"525\" \/>B\u1ea3o h\u00e0nh: 12 th\u00e1ng theo ti\u00eau chu\u1ea9n nh\u00e0 m\u00e1y<\/p>\n<p data-start=\"571\" data-end=\"725\"><span style=\"color: #ed1c24;\"><em data-start=\"571\" data-end=\"723\">L\u01b0u \u00fd: Gi\u00e1 tr\u00ean ch\u01b0a bao g\u1ed3m VAT v\u00e0 ph\u00ed v\u1eadn chuy\u1ec3n. Gi\u00e1 s\u1ea3n ph\u1ea9m c\u00f3 th\u1ec3 thay \u0111\u1ed5i theo t\u1eebng th\u1eddi \u0111i\u1ec3m, vui l\u00f2ng li\u00ean h\u1ec7 \u0111\u1ec3 nh\u1eadn t\u01b0 v\u1ea5n \u01b0u \u0111\u00e3i t\u1ed1t nh\u1ea5t.<\/em><\/span><\/p>\n","protected":false},"featured_media":4171,"comment_status":"open","ping_status":"closed","template":"","meta":[],"product_brand":[],"product_cat":[17,760],"product_tag":[],"class_list":{"0":"post-4170","1":"product","2":"type-product","3":"status-publish","4":"has-post-thumbnail","6":"product_cat-noi-that-van-phong","7":"product_cat-tu-go-van-phong","9":"first","10":"instock","11":"shipping-taxable","12":"purchasable","13":"product-type-simple"},"_links":{"self":[{"href":"https:\/\/noithathuuthinh.vn\/zh-hans\/wp-json\/wp\/v2\/product\/4170","targetHints":{"allow":["GET"]}}],"collection":[{"href":"https:\/\/noithathuuthinh.vn\/zh-hans\/wp-json\/wp\/v2\/product"}],"about":[{"href":"https:\/\/noithathuuthinh.vn\/zh-hans\/wp-json\/wp\/v2\/types\/product"}],"replies":[{"embeddable":true,"href":"https:\/\/noithathuuthinh.vn\/zh-hans\/wp-json\/wp\/v2\/comments?post=4170"}],"wp:featuredmedia":[{"embeddable":true,"href":"https:\/\/noithathuuthinh.vn\/zh-hans\/wp-json\/wp\/v2\/media\/4171"}],"wp:attachment":[{"href":"https:\/\/noithathuuthinh.vn\/zh-hans\/wp-json\/wp\/v2\/media?parent=4170"}],"wp:term":[{"taxonomy":"product_brand","embeddable":true,"href":"https:\/\/noithathuuthinh.vn\/zh-hans\/wp-json\/wp\/v2\/product_brand?post=4170"},{"taxonomy":"product_cat","embeddable":true,"href":"https:\/\/noithathuuthinh.vn\/zh-hans\/wp-json\/wp\/v2\/product_cat?post=4170"},{"taxonomy":"product_tag","embeddable":true,"href":"https:\/\/noithathuuthinh.vn\/zh-hans\/wp-json\/wp\/v2\/product_tag?post=4170"}],"curies":[{"name":"wp","href":"https:\/\/api.w.org\/{rel}","templated":true}]}}