{"id":4174,"date":"2025-11-06T11:49:27","date_gmt":"2025-11-06T04:49:27","guid":{"rendered":"https:\/\/noithathuuthinh.vn\/?post_type=product&#038;p=4174"},"modified":"2025-11-06T11:49:28","modified_gmt":"2025-11-06T04:49:28","slug":"tu-ho-so-luxtp02bx","status":"publish","type":"product","link":"https:\/\/noithathuuthinh.vn\/zh-hans\/san-pham\/tu-ho-so-luxtp02bx\/","title":{"rendered":"T\u1ee7 h\u1ed3 s\u01a1 LUXTP02BX"},"content":{"rendered":"<p data-start=\"758\" data-end=\"1149\">T\u1ee7 h\u1ed3 s\u01a1 LUXTP02BX l\u00e0 l\u1ef1a ch\u1ecdn ho\u00e0n h\u1ea3o d\u00e0nh cho nh\u1eefng v\u0103n ph\u00f2ng hi\u1ec7n \u0111\u1ea1i \u0111ang t\u00ecm ki\u1ebfm m\u1ed9t gi\u1ea3i ph\u00e1p l\u01b0u tr\u1eef v\u1eeba ti\u1ec7n l\u1ee3i, v\u1eeba th\u1ec3 hi\u1ec7n s\u1ef1 tinh t\u1ebf trong thi\u1ebft k\u1ebf. Thu\u1ed9c d\u00f2ng LUXURY cao c\u1ea5p c\u1ee7a N\u1ed9i th\u1ea5t The One, s\u1ea3n ph\u1ea9m kh\u00f4ng ch\u1ec9 \u0111\u00e1p \u1ee9ng t\u1ed1t nhu c\u1ea7u c\u00f4ng n\u0103ng m\u00e0 c\u00f2n g\u00f3p ph\u1ea7n n\u00e2ng t\u1ea7m kh\u00f4ng gian l\u00e0m vi\u1ec7c v\u1edbi phong c\u00e1ch sang tr\u1ecdng, chuy\u00ean nghi\u1ec7p.<\/p>\n<p data-start=\"1151\" data-end=\"1496\">T\u1ee7 \u0111\u01b0\u1ee3c ch\u1ebf t\u00e1c t\u1eeb <strong data-start=\"1170\" data-end=\"1209\">g\u1ed7 c\u00f4ng nghi\u1ec7p ph\u1ee7 Melamine cao c\u1ea5p<\/strong>, c\u00f3 kh\u1ea3 n\u0103ng ch\u1ed1ng tr\u1ea7y x\u01b0\u1edbc, ch\u1ed1ng th\u1ea5m n\u01b0\u1edbc v\u00e0 h\u1ea1n ch\u1ebf b\u00e1m b\u1ee5i hi\u1ec7u qu\u1ea3. B\u1ec1 m\u1eb7t t\u1ee7 ph\u1eb3ng m\u1ecbn, d\u1ec5 lau ch\u00f9i, gi\u00fap duy tr\u00ec v\u1ebb \u0111\u1eb9p m\u1edbi l\u00e2u d\u00e0i. Ch\u1ea5t li\u1ec7u n\u00e0y kh\u00f4ng ch\u1ec9 \u0111\u1ea3m b\u1ea3o \u0111\u1ed9 b\u1ec1n theo th\u1eddi gian m\u00e0 c\u00f2n th\u00e2n thi\u1ec7n v\u1edbi m\u00f4i tr\u01b0\u1eddng, th\u00edch h\u1ee3p cho kh\u00f4ng gian l\u00e0m vi\u1ec7c hi\u1ec7n \u0111\u1ea1i, n\u0103ng \u0111\u1ed9ng.<\/p>\n<p data-start=\"1498\" data-end=\"1783\">V\u1edbi k\u00edch th\u01b0\u1edbc <strong data-start=\"1513\" data-end=\"1539\">W1200 x D400 x H610 mm<\/strong>, t\u1ee7 h\u1ed3 s\u01a1 LUXTP02BX \u0111\u01b0\u1ee3c thi\u1ebft k\u1ebf nh\u1ecf g\u1ecdn, t\u1ed1i \u01b0u di\u1ec7n t\u00edch s\u1eed d\u1ee5ng. S\u1ea3n ph\u1ea9m th\u01b0\u1eddng \u0111\u01b0\u1ee3c b\u1ed1 tr\u00ed \u0111\u1eb7t b\u00ean c\u1ea1nh ho\u1eb7c d\u01b0\u1edbi b\u00e0n l\u00e0m vi\u1ec7c, t\u1ea1o th\u00e0nh m\u1ed9t c\u1ee5m n\u1ed9i th\u1ea5t \u0111\u1ed3ng b\u1ed9 gi\u00fap ng\u01b0\u1eddi d\u00f9ng d\u1ec5 d\u00e0ng thao t\u00e1c v\u00e0 l\u01b0u tr\u1eef t\u00e0i li\u1ec7u ngay trong t\u1ea7m tay.<\/p>\n<p data-start=\"1785\" data-end=\"2109\">\u0110i\u1ec3m n\u1ed5i b\u1eadt c\u1ee7a <strong data-start=\"1802\" data-end=\"1824\">t\u1ee7 h\u1ed3 s\u01a1 LUXTP02BX<\/strong> n\u1eb1m \u1edf t\u00ednh c\u01a1 \u0111\u1ed9ng cao. T\u1ee7 \u0111\u01b0\u1ee3c trang b\u1ecb h\u1ec7 th\u1ed1ng b\u00e1nh xe ch\u1ecbu l\u1ef1c, gi\u00fap di chuy\u1ec3n d\u1ec5 d\u00e0ng gi\u1eefa c\u00e1c khu v\u1ef1c l\u00e0m vi\u1ec7c m\u00e0 kh\u00f4ng g\u00e2y tr\u1ea7y x\u01b0\u1edbc s\u00e0n hay ti\u1ebfng \u1ed3n. Thi\u1ebft k\u1ebf th\u00f4ng minh n\u00e0y \u0111\u1eb7c bi\u1ec7t ph\u00f9 h\u1ee3p v\u1edbi nh\u1eefng v\u0103n ph\u00f2ng th\u01b0\u1eddng xuy\u00ean thay \u0111\u1ed5i b\u1ed1 c\u1ee5c ho\u1eb7c c\u00f3 nhu c\u1ea7u s\u1eafp x\u1ebfp linh ho\u1ea1t.<\/p>\n<p data-start=\"2111\" data-end=\"2419\">Ngo\u00e0i t\u00ednh ti\u1ec7n d\u1ee5ng, s\u1ea3n ph\u1ea9m c\u00f2n g\u00e2y \u1ea5n t\u01b0\u1ee3ng b\u1edfi <strong data-start=\"2163\" data-end=\"2226\">ki\u1ec3u d\u00e1ng hi\u1ec7n \u0111\u1ea1i, \u0111\u01b0\u1eddng n\u00e9t vu\u00f4ng v\u1ee9c, m\u00e0u s\u1eafc thanh l\u1ecbch<\/strong> ph\u00f9 h\u1ee3p v\u1edbi nhi\u1ec1u phong c\u00e1ch n\u1ed9i th\u1ea5t. Khi k\u1ebft h\u1ee3p c\u00f9ng b\u00e0n tr\u01b0\u1edfng ph\u00f2ng, b\u00e0n gi\u00e1m \u0111\u1ed1c ho\u1eb7c b\u00e0n nh\u00e2n vi\u00ean thu\u1ed9c c\u00f9ng d\u00f2ng LUX, t\u1ee7 t\u1ea1o n\u00ean t\u1ed5ng th\u1ec3 n\u1ed9i th\u1ea5t h\u00e0i h\u00f2a, \u0111\u1ed3ng nh\u1ea5t v\u00e0 th\u1ea9m m\u1ef9 cao.<\/p>\n<p data-start=\"2421\" data-end=\"2767\">T\u1ee7 h\u1ed3 s\u01a1 LUXTP02BX kh\u00f4ng ch\u1ec9 l\u00e0 n\u01a1i l\u01b0u tr\u1eef h\u1ed3 s\u01a1, t\u00e0i li\u1ec7u g\u1ecdn g\u00e0ng, m\u00e0 c\u00f2n gi\u00fap t\u0103ng t\u00ednh chuy\u00ean nghi\u1ec7p v\u00e0 sang tr\u1ecdng cho v\u0103n ph\u00f2ng. S\u1ef1 k\u1ebft h\u1ee3p gi\u1eefa thi\u1ebft k\u1ebf tinh t\u1ebf, ch\u1ea5t li\u1ec7u cao c\u1ea5p v\u00e0 t\u00ednh n\u0103ng linh ho\u1ea1t \u0111\u00e3 gi\u00fap s\u1ea3n ph\u1ea9m tr\u1edf th\u00e0nh m\u1ed9t trong nh\u1eefng l\u1ef1a ch\u1ecdn h\u00e0ng \u0111\u1ea7u cho c\u00e1c doanh nghi\u1ec7p, t\u1ed5 ch\u1ee9c ho\u1eb7c c\u00e1 nh\u00e2n y\u00eau th\u00edch phong c\u00e1ch hi\u1ec7n \u0111\u1ea1i.<\/p>\n<p data-start=\"2769\" data-end=\"2949\" data-is-last-node=\"\" data-is-only-node=\"\">V\u1edbi <strong data-start=\"2773\" data-end=\"2795\">t\u1ee7 h\u1ed3 s\u01a1 LUXTP02BX<\/strong>, kh\u00f4ng gian l\u00e0m vi\u1ec7c c\u1ee7a b\u1ea1n s\u1ebd tr\u1edf n\u00ean g\u1ecdn g\u00e0ng, ti\u1ec7n nghi v\u00e0 \u0111\u1eb3ng c\u1ea5p h\u01a1n bao gi\u1edd h\u1ebft \u2013 m\u1ed9t gi\u1ea3i ph\u00e1p l\u01b0u tr\u1eef ho\u00e0n h\u1ea3o cho m\u00f4i tr\u01b0\u1eddng c\u00f4ng s\u1edf hi\u1ec7n \u0111\u1ea1i.<\/p>\n","protected":false},"excerpt":{"rendered":"<p data-start=\"26\" data-end=\"406\">T\u1ee7 h\u1ed3 s\u01a1 LUXTP02BX l\u00e0 m\u1eabu t\u1ee7 ph\u1ee5 di \u0111\u1ed9ng thu\u1ed9c d\u00f2ng s\u1ea3n ph\u1ea9m cao c\u1ea5p LUXURY c\u1ee7a N\u1ed9i th\u1ea5t The One, \u0111\u01b0\u1ee3c s\u1ea3n xu\u1ea5t t\u1eeb g\u1ed7 c\u00f4ng nghi\u1ec7p ph\u1ee7 Melamine ch\u1ea5t l\u01b0\u1ee3ng cao, mang l\u1ea1i v\u1ebb \u0111\u1eb9p sang tr\u1ecdng, hi\u1ec7n \u0111\u1ea1i v\u00e0 b\u1ec1n b\u1ec9 theo th\u1eddi gian. Thi\u1ebft k\u1ebf nh\u1ecf g\u1ecdn, tinh t\u1ebf gi\u00fap s\u1ea3n ph\u1ea9m d\u1ec5 d\u00e0ng k\u1ebft h\u1ee3p c\u00f9ng b\u00e0n l\u00e0m vi\u1ec7c, t\u1ea1o n\u00ean kh\u00f4ng gian v\u0103n ph\u00f2ng ti\u1ec7n nghi v\u00e0 \u0111\u1ed3ng b\u1ed9.<\/p>\n<p data-start=\"408\" data-end=\"595\">K\u00edch th\u01b0\u1edbc: W1200 x D400 x H610 mm<br data-start=\"442\" data-end=\"445\" \/>Xu\u1ea5t x\u1ee9: S\u1ea3n ph\u1ea9m c\u1ee7a c\u00f4ng ty <strong data-start=\"475\" data-end=\"495\">N\u1ed8I TH\u1ea4T THE ONE<\/strong> \u2013 Ph\u00e2n ph\u1ed1i b\u1edfi <strong data-start=\"512\" data-end=\"548\">C\u00d4NG TY TNHH SXTM TTNT H\u1eeeU TH\u1ecaNH<\/strong><br data-start=\"548\" data-end=\"551\" \/>B\u1ea3o h\u00e0nh: 12 th\u00e1ng theo ti\u00eau chu\u1ea9n nh\u00e0 m\u00e1y<\/p>\n<p data-start=\"597\" data-end=\"751\"><em data-start=\"597\" data-end=\"749\">L\u01b0u \u00fd: Gi\u00e1 tr\u00ean ch\u01b0a bao g\u1ed3m VAT v\u00e0 ph\u00ed v\u1eadn chuy\u1ec3n. Gi\u00e1 s\u1ea3n ph\u1ea9m c\u00f3 th\u1ec3 thay \u0111\u1ed5i theo t\u1eebng th\u1eddi \u0111i\u1ec3m, vui l\u00f2ng li\u00ean h\u1ec7 \u0111\u1ec3 nh\u1eadn t\u01b0 v\u1ea5n \u01b0u \u0111\u00e3i t\u1ed1t nh\u1ea5t.<\/em><\/p>\n","protected":false},"featured_media":4175,"comment_status":"open","ping_status":"closed","template":"","meta":[],"product_brand":[],"product_cat":[17,760],"product_tag":[],"class_list":{"0":"post-4174","1":"product","2":"type-product","3":"status-publish","4":"has-post-thumbnail","6":"product_cat-noi-that-van-phong","7":"product_cat-tu-go-van-phong","9":"first","10":"instock","11":"taxable","12":"shipping-taxable","13":"purchasable","14":"product-type-simple"},"_links":{"self":[{"href":"https:\/\/noithathuuthinh.vn\/zh-hans\/wp-json\/wp\/v2\/product\/4174","targetHints":{"allow":["GET"]}}],"collection":[{"href":"https:\/\/noithathuuthinh.vn\/zh-hans\/wp-json\/wp\/v2\/product"}],"about":[{"href":"https:\/\/noithathuuthinh.vn\/zh-hans\/wp-json\/wp\/v2\/types\/product"}],"replies":[{"embeddable":true,"href":"https:\/\/noithathuuthinh.vn\/zh-hans\/wp-json\/wp\/v2\/comments?post=4174"}],"wp:featuredmedia":[{"embeddable":true,"href":"https:\/\/noithathuuthinh.vn\/zh-hans\/wp-json\/wp\/v2\/media\/4175"}],"wp:attachment":[{"href":"https:\/\/noithathuuthinh.vn\/zh-hans\/wp-json\/wp\/v2\/media?parent=4174"}],"wp:term":[{"taxonomy":"product_brand","embeddable":true,"href":"https:\/\/noithathuuthinh.vn\/zh-hans\/wp-json\/wp\/v2\/product_brand?post=4174"},{"taxonomy":"product_cat","embeddable":true,"href":"https:\/\/noithathuuthinh.vn\/zh-hans\/wp-json\/wp\/v2\/product_cat?post=4174"},{"taxonomy":"product_tag","embeddable":true,"href":"https:\/\/noithathuuthinh.vn\/zh-hans\/wp-json\/wp\/v2\/product_tag?post=4174"}],"curies":[{"name":"wp","href":"https:\/\/api.w.org\/{rel}","templated":true}]}}