{"id":4178,"date":"2025-11-06T11:53:45","date_gmt":"2025-11-06T04:53:45","guid":{"rendered":"https:\/\/noithathuuthinh.vn\/?post_type=product&#038;p=4178"},"modified":"2025-11-06T11:53:46","modified_gmt":"2025-11-06T04:53:46","slug":"tu-ho-so-hrtp01","status":"publish","type":"product","link":"https:\/\/noithathuuthinh.vn\/zh-hans\/san-pham\/tu-ho-so-hrtp01\/","title":{"rendered":"T\u1ee7 h\u1ed3 s\u01a1 HRTP01"},"content":{"rendered":"<p data-start=\"683\" data-end=\"1018\">T\u1ee7 h\u1ed3 s\u01a1 HRTP01 l\u00e0 m\u1ed9t trong nh\u1eefng m\u1eabu t\u1ee7 ph\u1ee5 hi\u1ec7n \u0111\u1ea1i \u0111\u01b0\u1ee3c \u01b0a chu\u1ed9ng trong c\u00e1c kh\u00f4ng gian l\u00e0m vi\u1ec7c chuy\u00ean nghi\u1ec7p. V\u1edbi ki\u1ec3u d\u00e1ng tinh t\u1ebf, ch\u1ea5t li\u1ec7u b\u1ec1n \u0111\u1eb9p v\u00e0 thi\u1ebft k\u1ebf ti\u1ec7n d\u1ee5ng, s\u1ea3n ph\u1ea9m kh\u00f4ng ch\u1ec9 gi\u00fap l\u01b0u tr\u1eef h\u1ed3 s\u01a1, t\u00e0i li\u1ec7u hi\u1ec7u qu\u1ea3 m\u00e0 c\u00f2n g\u00f3p ph\u1ea7n ho\u00e0n thi\u1ec7n t\u1ed5ng th\u1ec3 n\u1ed9i th\u1ea5t v\u0103n ph\u00f2ng.<\/p>\n<p data-start=\"1020\" data-end=\"1446\">T\u1ee7 \u0111\u01b0\u1ee3c ch\u1ebf t\u00e1c t\u1eeb <strong data-start=\"1039\" data-end=\"1078\">g\u1ed7 c\u00f4ng nghi\u1ec7p ph\u1ee7 Melamine cao c\u1ea5p<\/strong>, mang \u0111\u1ebfn \u0111\u1ed9 b\u1ec1n v\u01b0\u1ee3t tr\u1ed9i, kh\u1ea3 n\u0103ng ch\u1ed1ng tr\u1ea7y x\u01b0\u1edbc, ch\u1ed1ng th\u1ea5m v\u00e0 ch\u1ed1ng cong v\u00eanh hi\u1ec7u qu\u1ea3. B\u1ec1 m\u1eb7t Melamine nh\u1eb5n m\u1ecbn, d\u1ec5 d\u00e0ng v\u1ec7 sinh, \u0111\u1ed3ng th\u1eddi mang l\u1ea1i v\u1ebb \u0111\u1eb9p sang tr\u1ecdng, hi\u1ec7n \u0111\u1ea1i cho s\u1ea3n ph\u1ea9m. M\u00e0u s\u1eafc t\u01b0\u01a1i s\u00e1ng, t\u1ef1 nhi\u00ean c\u1ee7a ch\u1ea5t li\u1ec7u gi\u00fap <strong data-start=\"1324\" data-end=\"1343\">t\u1ee7 h\u1ed3 s\u01a1 HRTP01<\/strong> d\u1ec5 d\u00e0ng ph\u1ed1i h\u1ee3p v\u1edbi nhi\u1ec1u d\u00f2ng b\u00e0n l\u00e0m vi\u1ec7c, b\u00e0n gi\u00e1m \u0111\u1ed1c ho\u1eb7c t\u1ee7 h\u1ed3 s\u01a1 kh\u00e1c trong c\u00f9ng kh\u00f4ng gian.<\/p>\n<p data-start=\"1448\" data-end=\"1822\">V\u1ec1 thi\u1ebft k\u1ebf, HRTP01 \u0111\u01b0\u1ee3c chia th\u00e0nh 2 khu v\u1ef1c ch\u00ednh. <strong data-start=\"1501\" data-end=\"1535\">Khoang gi\u1eefa s\u1eed d\u1ee5ng 2 c\u00e1nh l\u00f9a<\/strong> gi\u00fap vi\u1ec7c m\u1edf t\u1ee7 tr\u1edf n\u00ean ti\u1ec7n l\u1ee3i h\u01a1n trong kh\u00f4ng gian h\u1eb9p, kh\u00f4ng c\u1ea7n di\u1ec7n t\u00edch ph\u00eda tr\u01b0\u1edbc \u0111\u1ec3 m\u1edf c\u00e1nh nh\u01b0 t\u1ee7 truy\u1ec1n th\u1ed1ng. <strong data-start=\"1658\" data-end=\"1699\">Khoang ngo\u00e0i v\u1edbi 1 c\u00e1nh m\u1edf ri\u00eang bi\u1ec7t<\/strong> cho ph\u00e9p l\u01b0u tr\u1eef nh\u1eefng t\u00e0i li\u1ec7u quan tr\u1ecdng ho\u1eb7c \u0111\u1ed3 d\u00f9ng c\u00e1 nh\u00e2n, \u0111\u1ea3m b\u1ea3o s\u1ef1 ri\u00eang t\u01b0 v\u00e0 an to\u00e0n trong qu\u00e1 tr\u00ecnh s\u1eed d\u1ee5ng.<\/p>\n<p data-start=\"1824\" data-end=\"2126\">T\u1ee7 c\u00f3 k\u00edch th\u01b0\u1edbc <strong data-start=\"1841\" data-end=\"1867\">W1200 x D400 x H627 mm<\/strong>, nh\u1ecf g\u1ecdn nh\u01b0ng v\u1eabn \u0111\u1ea3m b\u1ea3o s\u1ee9c ch\u1ee9a l\u1edbn, ph\u00f9 h\u1ee3p \u0111\u1eb7t c\u1ea1nh ho\u1eb7c d\u01b0\u1edbi b\u00e0n l\u00e0m vi\u1ec7c, v\u1eeba ti\u1ec7n d\u1ee5ng v\u1eeba gi\u00fap t\u1ed1i \u01b0u kh\u00f4ng gian. V\u1edbi ki\u1ec3u d\u00e1ng c\u1ed1 \u0111\u1ecbnh, t\u1ee7 c\u00f3 \u0111\u1ed9 \u1ed5n \u0111\u1ecbnh cao, kh\u00f4ng b\u1ecb x\u00ea d\u1ecbch trong qu\u00e1 tr\u00ecnh s\u1eed d\u1ee5ng, mang l\u1ea1i c\u1ea3m gi\u00e1c ch\u1eafc ch\u1eafn v\u00e0 chuy\u00ean nghi\u1ec7p.<\/p>\n<p data-start=\"2128\" data-end=\"2396\">C\u00e1c chi ti\u1ebft c\u1ee7a <strong data-start=\"2145\" data-end=\"2164\">t\u1ee7 h\u1ed3 s\u01a1 HRTP01<\/strong> \u0111\u01b0\u1ee3c gia c\u00f4ng t\u1ec9 m\u1ec9, t\u1eeb b\u1ea3n l\u1ec1, tay n\u1eafm cho \u0111\u1ebfn ray tr\u01b0\u1ee3t c\u00e1nh l\u00f9a, t\u1ea5t c\u1ea3 \u0111\u1ec1u \u0111\u1ea3m b\u1ea3o \u0111\u1ed9 b\u1ec1n v\u00e0 ho\u1ea1t \u0111\u1ed9ng \u00eam \u00e1i. C\u1ea5u tr\u00fac ch\u1eafc ch\u1eafn gi\u00fap t\u1ee7 ch\u1ecbu l\u1ef1c t\u1ed1t, ph\u00f9 h\u1ee3p cho vi\u1ec7c l\u01b0u tr\u1eef s\u1ed1 l\u01b0\u1ee3ng l\u1edbn t\u00e0i li\u1ec7u, h\u1ed3 s\u01a1, v\u1eadt d\u1ee5ng v\u0103n ph\u00f2ng.<\/p>\n<p data-start=\"2398\" data-end=\"2691\">B\u00ean c\u1ea1nh c\u00f4ng n\u0103ng l\u01b0u tr\u1eef, HRTP01 c\u00f2n l\u00e0 \u0111i\u1ec3m nh\u1ea5n th\u1ea9m m\u1ef9 cho kh\u00f4ng gian l\u00e0m vi\u1ec7c. V\u1edbi phong c\u00e1ch hi\u1ec7n \u0111\u1ea1i, \u0111\u01b0\u1eddng n\u00e9t g\u1ecdn g\u00e0ng v\u00e0 m\u00e0u s\u1eafc tinh t\u1ebf, s\u1ea3n ph\u1ea9m mang l\u1ea1i s\u1ef1 chuy\u00ean nghi\u1ec7p, sang tr\u1ecdng v\u00e0 \u0111\u1ed3ng b\u1ed9 khi k\u1ebft h\u1ee3p v\u1edbi c\u00e1c m\u1eabu b\u00e0n nh\u00e2n vi\u00ean, b\u00e0n tr\u01b0\u1edfng ph\u00f2ng ho\u1eb7c b\u00e0n gi\u00e1m \u0111\u1ed1c c\u00f9ng d\u00f2ng.<\/p>\n<p data-start=\"2693\" data-end=\"2981\" data-is-last-node=\"\" data-is-only-node=\"\">N\u1ebfu b\u1ea1n \u0111ang t\u00ecm ki\u1ebfm m\u1ed9t m\u1eabu t\u1ee7 ph\u1ee5 nh\u1ecf g\u1ecdn, b\u1ec1n \u0111\u1eb9p, \u0111\u00e1p \u1ee9ng c\u1ea3 y\u1ebfu t\u1ed1 c\u00f4ng n\u0103ng v\u00e0 th\u1ea9m m\u1ef9, th\u00ec <strong data-start=\"2792\" data-end=\"2811\">t\u1ee7 h\u1ed3 s\u01a1 HRTP01<\/strong> ch\u1eafc ch\u1eafn l\u00e0 l\u1ef1a ch\u1ecdn ho\u00e0n h\u1ea3o. S\u1ea3n ph\u1ea9m kh\u00f4ng ch\u1ec9 gi\u00fap kh\u00f4ng gian l\u00e0m vi\u1ec7c th\u00eam g\u1ecdn g\u00e0ng m\u00e0 c\u00f2n th\u1ec3 hi\u1ec7n phong c\u00e1ch tinh t\u1ebf, hi\u1ec7n \u0111\u1ea1i v\u00e0 chuy\u00ean nghi\u1ec7p c\u1ee7a doanh nghi\u1ec7p.<\/p>\n","protected":false},"excerpt":{"rendered":"<p data-start=\"23\" data-end=\"331\">T\u1ee7 h\u1ed3 s\u01a1 HRTP01 l\u00e0 m\u1eabu t\u1ee7 ph\u1ee5 c\u1ed1 \u0111\u1ecbnh \u0111\u01b0\u1ee3c thi\u1ebft k\u1ebf hi\u1ec7n \u0111\u1ea1i, s\u1eed d\u1ee5ng ch\u1ea5t li\u1ec7u g\u1ed7 c\u00f4ng nghi\u1ec7p ph\u1ee7 Melamine cao c\u1ea5p. S\u1ea3n ph\u1ea9m g\u1ed3m khoang gi\u1eefa c\u00f3 2 c\u00e1nh l\u00f9a ti\u1ec7n l\u1ee3i v\u00e0 khoang ngo\u00e0i c\u00f3 1 c\u00e1nh m\u1edf, gi\u00fap ng\u01b0\u1eddi d\u00f9ng d\u1ec5 d\u00e0ng s\u1eafp x\u1ebfp v\u00e0 l\u01b0u tr\u1eef t\u00e0i li\u1ec7u m\u1ed9t c\u00e1ch khoa h\u1ecdc, g\u1ecdn g\u00e0ng.<\/p>\n<p data-start=\"333\" data-end=\"520\">K\u00edch th\u01b0\u1edbc: W1200 x D400 x H627 mm<br data-start=\"367\" data-end=\"370\" \/>Xu\u1ea5t x\u1ee9: S\u1ea3n ph\u1ea9m c\u1ee7a c\u00f4ng ty <strong data-start=\"400\" data-end=\"420\">N\u1ed8I TH\u1ea4T THE ONE<\/strong> \u2013 Ph\u00e2n ph\u1ed1i b\u1edfi <strong data-start=\"437\" data-end=\"473\">C\u00d4NG TY TNHH SXTM TTNT H\u1eeeU TH\u1ecaNH<\/strong><br data-start=\"473\" data-end=\"476\" \/>B\u1ea3o h\u00e0nh: 12 th\u00e1ng theo ti\u00eau chu\u1ea9n nh\u00e0 m\u00e1y<\/p>\n<p data-start=\"522\" data-end=\"676\"><span style=\"color: #ed1c24;\"><em data-start=\"522\" data-end=\"674\">L\u01b0u \u00fd: Gi\u00e1 tr\u00ean ch\u01b0a bao g\u1ed3m VAT v\u00e0 ph\u00ed v\u1eadn chuy\u1ec3n. Gi\u00e1 s\u1ea3n ph\u1ea9m c\u00f3 th\u1ec3 thay \u0111\u1ed5i theo t\u1eebng th\u1eddi \u0111i\u1ec3m, vui l\u00f2ng li\u00ean h\u1ec7 \u0111\u1ec3 nh\u1eadn t\u01b0 v\u1ea5n \u01b0u \u0111\u00e3i t\u1ed1t nh\u1ea5t.<\/em><\/span><\/p>\n","protected":false},"featured_media":4179,"comment_status":"open","ping_status":"closed","template":"","meta":[],"product_brand":[],"product_cat":[17,760],"product_tag":[],"class_list":{"0":"post-4178","1":"product","2":"type-product","3":"status-publish","4":"has-post-thumbnail","6":"product_cat-noi-that-van-phong","7":"product_cat-tu-go-van-phong","9":"first","10":"instock","11":"taxable","12":"shipping-taxable","13":"purchasable","14":"product-type-simple"},"_links":{"self":[{"href":"https:\/\/noithathuuthinh.vn\/zh-hans\/wp-json\/wp\/v2\/product\/4178","targetHints":{"allow":["GET"]}}],"collection":[{"href":"https:\/\/noithathuuthinh.vn\/zh-hans\/wp-json\/wp\/v2\/product"}],"about":[{"href":"https:\/\/noithathuuthinh.vn\/zh-hans\/wp-json\/wp\/v2\/types\/product"}],"replies":[{"embeddable":true,"href":"https:\/\/noithathuuthinh.vn\/zh-hans\/wp-json\/wp\/v2\/comments?post=4178"}],"wp:featuredmedia":[{"embeddable":true,"href":"https:\/\/noithathuuthinh.vn\/zh-hans\/wp-json\/wp\/v2\/media\/4179"}],"wp:attachment":[{"href":"https:\/\/noithathuuthinh.vn\/zh-hans\/wp-json\/wp\/v2\/media?parent=4178"}],"wp:term":[{"taxonomy":"product_brand","embeddable":true,"href":"https:\/\/noithathuuthinh.vn\/zh-hans\/wp-json\/wp\/v2\/product_brand?post=4178"},{"taxonomy":"product_cat","embeddable":true,"href":"https:\/\/noithathuuthinh.vn\/zh-hans\/wp-json\/wp\/v2\/product_cat?post=4178"},{"taxonomy":"product_tag","embeddable":true,"href":"https:\/\/noithathuuthinh.vn\/zh-hans\/wp-json\/wp\/v2\/product_tag?post=4178"}],"curies":[{"name":"wp","href":"https:\/\/api.w.org\/{rel}","templated":true}]}}