{"id":4184,"date":"2025-11-06T12:02:09","date_gmt":"2025-11-06T05:02:09","guid":{"rendered":"https:\/\/noithathuuthinh.vn\/?post_type=product&#038;p=4184"},"modified":"2025-11-06T12:02:09","modified_gmt":"2025-11-06T05:02:09","slug":"tu-ho-so-hrtp02bx","status":"publish","type":"product","link":"https:\/\/noithathuuthinh.vn\/zh-hans\/san-pham\/tu-ho-so-hrtp02bx\/","title":{"rendered":"T\u1ee7 h\u1ed3 s\u01a1 HRTP02BX"},"content":{"rendered":"<p data-start=\"661\" data-end=\"1006\">T\u1ee7 h\u1ed3 s\u01a1 HRTP02BX l\u00e0 m\u1eabu t\u1ee7 ph\u1ee5 di \u0111\u1ed9ng hi\u1ec7n \u0111\u1ea1i, \u0111\u01b0\u1ee3c thi\u1ebft k\u1ebf nh\u1eb1m mang \u0111\u1ebfn s\u1ef1 ti\u1ec7n d\u1ee5ng, linh ho\u1ea1t v\u00e0 t\u00ednh th\u1ea9m m\u1ef9 cao cho kh\u00f4ng gian l\u00e0m vi\u1ec7c. V\u1edbi k\u1ebft c\u1ea5u ch\u1eafc ch\u1eafn t\u1eeb g\u1ed7 c\u00f4ng nghi\u1ec7p ph\u1ee7 melamine cao c\u1ea5p, s\u1ea3n ph\u1ea9m mang l\u1ea1i v\u1ebb ngo\u00e0i sang tr\u1ecdng, \u0111\u1ed3ng th\u1eddi \u0111\u1ea3m b\u1ea3o \u0111\u1ed9 b\u1ec1n v\u00e0 kh\u1ea3 n\u0103ng s\u1eed d\u1ee5ng l\u00e2u d\u00e0i.<\/p>\n<p data-start=\"1008\" data-end=\"1459\">\u0110i\u1ec3m n\u1ed5i b\u1eadt c\u1ee7a t\u1ee7 HRTP02BX n\u1eb1m \u1edf thi\u1ebft k\u1ebf th\u00f4ng minh g\u1ed3m <strong data-start=\"1067\" data-end=\"1112\">hai khoang c\u00e1nh m\u1edf v\u00e0 m\u1ed9t ng\u0103n k\u00e9o \u1edf gi\u1eefa<\/strong>, gi\u00fap ng\u01b0\u1eddi d\u00f9ng d\u1ec5 d\u00e0ng ph\u00e2n lo\u1ea1i t\u00e0i li\u1ec7u, s\u1ed5 s\u00e1ch ho\u1eb7c v\u1eadt d\u1ee5ng c\u00e1 nh\u00e2n m\u1ed9t c\u00e1ch khoa h\u1ecdc. Khoang c\u00e1nh m\u1edf c\u00f3 kh\u00f4ng gian r\u1ed9ng r\u00e3i, th\u00edch h\u1ee3p \u0111\u1ec3 l\u01b0u tr\u1eef c\u00e1c lo\u1ea1i h\u1ed3 s\u01a1 kh\u1ed5 l\u1edbn ho\u1eb7c c\u00e1c v\u1eadt d\u1ee5ng \u00edt d\u00f9ng \u0111\u1ebfn, trong khi ng\u0103n k\u00e9o trung t\u00e2m gi\u00fap c\u1ea5t gi\u1eef nh\u1eefng \u0111\u1ed3 d\u00f9ng nh\u1ecf g\u1ecdn, th\u01b0\u1eddng xuy\u00ean s\u1eed d\u1ee5ng, mang l\u1ea1i s\u1ef1 thu\u1eadn ti\u1ec7n trong c\u00f4ng vi\u1ec7c h\u00e0ng ng\u00e0y.<\/p>\n<p data-start=\"1461\" data-end=\"1918\">Ch\u1ea5t li\u1ec7u <strong data-start=\"1471\" data-end=\"1502\">g\u1ed7 c\u00f4ng nghi\u1ec7p ph\u1ee7 melamine<\/strong> kh\u00f4ng ch\u1ec9 c\u00f3 kh\u1ea3 n\u0103ng ch\u1ed1ng tr\u1ea7y x\u01b0\u1edbc, ch\u1ed1ng \u1ea9m v\u00e0 d\u1ec5 lau ch\u00f9i m\u00e0 c\u00f2n gi\u00fap t\u1ee7 lu\u00f4n gi\u1eef \u0111\u01b0\u1ee3c v\u1ebb s\u00e1ng b\u00f3ng, b\u1ec1n m\u00e0u theo th\u1eddi gian. M\u00e0u s\u1eafc t\u1ee7 \u0111\u01b0\u1ee3c l\u1ef1a ch\u1ecdn theo phong c\u00e1ch hi\u1ec7n \u0111\u1ea1i, ph\u00f9 h\u1ee3p v\u1edbi nhi\u1ec1u ki\u1ec3u kh\u00f4ng gian l\u00e0m vi\u1ec7c t\u1eeb truy\u1ec1n th\u1ed1ng \u0111\u1ebfn t\u1ed1i gi\u1ea3n. \u0110\u01b0\u1eddng n\u00e9t thi\u1ebft k\u1ebf vu\u00f4ng v\u1ee9c, tinh g\u1ecdn gi\u00fap t\u1ee7 HRTP02BX d\u1ec5 d\u00e0ng k\u1ebft h\u1ee3p v\u1edbi c\u00e1c m\u1eabu b\u00e0n l\u00e0m vi\u1ec7c c\u00f9ng ch\u1ea5t li\u1ec7u, t\u1ea1o n\u00ean m\u1ed9t t\u1ed5ng th\u1ec3 \u0111\u1ed3ng b\u1ed9 v\u00e0 chuy\u00ean nghi\u1ec7p.<\/p>\n<p data-start=\"1920\" data-end=\"2366\">L\u00e0 <strong data-start=\"1923\" data-end=\"1941\">t\u1ee7 ph\u1ee5 di \u0111\u1ed9ng<\/strong>, s\u1ea3n ph\u1ea9m \u0111\u01b0\u1ee3c trang b\u1ecb h\u1ec7 th\u1ed1ng b\u00e1nh xe linh ho\u1ea1t gi\u00fap vi\u1ec7c di chuy\u1ec3n tr\u1edf n\u00ean d\u1ec5 d\u00e0ng v\u00e0 ti\u1ec7n l\u1ee3i. Ng\u01b0\u1eddi d\u00f9ng c\u00f3 th\u1ec3 linh ho\u1ea1t b\u1ed1 tr\u00ed t\u1ee7 \u1edf b\u1ea5t k\u1ef3 v\u1ecb tr\u00ed n\u00e0o trong v\u0103n ph\u00f2ng \u2013 \u0111\u1eb7t b\u00ean c\u1ea1nh b\u00e0n l\u00e0m vi\u1ec7c, d\u01b0\u1edbi g\u1ea7m b\u00e0n ho\u1eb7c di chuy\u1ec3n \u0111\u1ebfn khu v\u1ef1c l\u01b0u tr\u1eef kh\u00e1c khi c\u1ea7n \u2013 m\u00e0 kh\u00f4ng t\u1ed1n nhi\u1ec1u c\u00f4ng s\u1ee9c. B\u00e1nh xe \u0111\u01b0\u1ee3c thi\u1ebft k\u1ebf b\u1ec1n b\u1ec9, ch\u1ecbu t\u1ea3i t\u1ed1t, \u0111\u1ed3ng th\u1eddi c\u00f3 kh\u1ea3 n\u0103ng kh\u00f3a c\u1ed1 \u0111\u1ecbnh khi c\u1ea7n thi\u1ebft \u0111\u1ec3 \u0111\u1ea3m b\u1ea3o \u0111\u1ed9 an to\u00e0n khi s\u1eed d\u1ee5ng.<\/p>\n<p data-start=\"2368\" data-end=\"2700\">T\u1ee7 h\u1ed3 s\u01a1 HRTP02BX kh\u00f4ng ch\u1ec9 ph\u1ee5c v\u1ee5 nhu c\u1ea7u l\u01b0u tr\u1eef m\u00e0 c\u00f2n g\u00f3p ph\u1ea7n <strong data-start=\"2436\" data-end=\"2457\">t\u0103ng t\u00ednh th\u1ea9m m\u1ef9<\/strong> cho kh\u00f4ng gian l\u00e0m vi\u1ec7c. V\u1edbi thi\u1ebft k\u1ebf g\u1ecdn g\u00e0ng, chi\u1ec1u cao 610mm ph\u00f9 h\u1ee3p v\u1edbi h\u1ea7u h\u1ebft c\u00e1c lo\u1ea1i b\u00e0n l\u00e0m vi\u1ec7c ti\u00eau chu\u1ea9n, s\u1ea3n ph\u1ea9m c\u00f3 th\u1ec3 \u0111\u01b0\u1ee3c b\u1ed1 tr\u00ed k\u1ebft h\u1ee3p \u0111\u1ec3 m\u1edf r\u1ed9ng di\u1ec7n t\u00edch m\u1eb7t b\u00e0n ho\u1eb7c t\u1ea1o kh\u00f4ng gian l\u01b0u tr\u1eef ti\u1ec7n d\u1ee5ng ngay trong t\u1ea7m tay.<\/p>\n<p data-start=\"2702\" data-end=\"3069\">S\u1ef1 k\u1ebft h\u1ee3p h\u00e0i h\u00f2a gi\u1eefa c\u00f4ng n\u0103ng v\u00e0 thi\u1ebft k\u1ebf gi\u00fap <strong data-start=\"2753\" data-end=\"2774\">t\u1ee7 h\u1ed3 s\u01a1 HRTP02BX<\/strong> tr\u1edf th\u00e0nh l\u1ef1a ch\u1ecdn l\u00fd t\u01b0\u1edfng cho v\u0103n ph\u00f2ng hi\u1ec7n \u0111\u1ea1i, n\u01a1i \u0111\u1ec1 cao s\u1ef1 ng\u0103n n\u1eafp v\u00e0 ti\u1ec7n nghi. M\u1ed7i chi ti\u1ebft tr\u00ean s\u1ea3n ph\u1ea9m \u0111\u1ec1u \u0111\u01b0\u1ee3c ho\u00e0n thi\u1ec7n t\u1ec9 m\u1ec9 \u2013 t\u1eeb tay n\u1eafm kim lo\u1ea1i tinh t\u1ebf, b\u1ea3n l\u1ec1 ch\u1eafc ch\u1eafn \u0111\u1ebfn b\u1ec1 m\u1eb7t ph\u1ee7 melamine b\u00f3ng m\u1ecbn \u2013 t\u1ea5t c\u1ea3 c\u00f9ng t\u1ea1o n\u00ean m\u1ed9t t\u1ed5ng th\u1ec3 h\u00e0i h\u00f2a, b\u1ec1n \u0111\u1eb9p v\u00e0 chuy\u00ean nghi\u1ec7p.<\/p>\n<p data-start=\"3071\" data-end=\"3469\" data-is-last-node=\"\" data-is-only-node=\"\">V\u1edbi phong c\u00e1ch t\u1ed1i gi\u1ea3n, m\u00e0u s\u1eafc trang nh\u00e3 v\u00e0 kh\u1ea3 n\u0103ng di chuy\u1ec3n linh ho\u1ea1t, <strong data-start=\"3147\" data-end=\"3168\">t\u1ee7 h\u1ed3 s\u01a1 HRTP02BX<\/strong> kh\u00f4ng ch\u1ec9 l\u00e0 v\u1eadt d\u1ee5ng h\u1ed7 tr\u1ee3 l\u01b0u tr\u1eef t\u00e0i li\u1ec7u hi\u1ec7u qu\u1ea3 m\u00e0 c\u00f2n l\u00e0 \u0111i\u1ec3m nh\u1ea5n sang tr\u1ecdng cho kh\u00f4ng gian l\u00e0m vi\u1ec7c. \u0110\u00e2y ch\u1eafc ch\u1eafn l\u00e0 s\u1ef1 l\u1ef1a ch\u1ecdn ho\u00e0n h\u1ea3o cho nh\u1eefng ai mu\u1ed1n s\u1edf h\u1eefu m\u1ed9t m\u1eabu t\u1ee7 v\u1eeba ti\u1ec7n \u00edch, v\u1eeba mang t\u00ednh th\u1ea9m m\u1ef9 cao, g\u00f3p ph\u1ea7n n\u00e2ng t\u1ea7m h\u00ecnh \u1ea3nh v\u0103n ph\u00f2ng hi\u1ec7n \u0111\u1ea1i, n\u0103ng \u0111\u1ed9ng v\u00e0 chuy\u00ean nghi\u1ec7p.<\/p>\n","protected":false},"excerpt":{"rendered":"<p data-start=\"25\" data-end=\"310\">T\u1ee7 h\u1ed3 s\u01a1 HRTP02BX l\u00e0 m\u1eabu t\u1ee7 ph\u1ee5 di \u0111\u1ed9ng \u0111\u01b0\u1ee3c thi\u1ebft k\u1ebf b\u1eb1ng g\u1ed7 c\u00f4ng nghi\u1ec7p cao c\u1ea5p, g\u1ed3m hai khoang c\u00e1nh m\u1edf ti\u1ec7n d\u1ee5ng v\u00e0 m\u1ed9t ng\u0103n k\u00e9o \u1edf gi\u1eefa, mang \u0111\u1ebfn kh\u1ea3 n\u0103ng l\u01b0u tr\u1eef linh ho\u1ea1t v\u00e0 \u0111\u00e1p \u1ee9ng t\u1ed1t nhu c\u1ea7u s\u1eafp x\u1ebfp t\u00e0i li\u1ec7u trong kh\u00f4ng gian v\u0103n ph\u00f2ng hi\u1ec7n \u0111\u1ea1i.<\/p>\n<p data-start=\"312\" data-end=\"654\">K\u00edch th\u01b0\u1edbc: W1200 x D400 x H610 mm<br data-start=\"346\" data-end=\"349\" \/>Xu\u1ea5t x\u1ee9: S\u1ea3n ph\u1ea9m c\u1ee7a c\u00f4ng ty <strong data-start=\"379\" data-end=\"399\">N\u1ed8I TH\u1ea4T THE ONE<\/strong> \u2013 Ph\u00e2n ph\u1ed1i b\u1edfi <strong data-start=\"416\" data-end=\"452\">C\u00d4NG TY TNHH SXTM TTNT H\u1eeeU TH\u1ecaNH<\/strong><br data-start=\"452\" data-end=\"455\" \/>B\u1ea3o h\u00e0nh: 12 th\u00e1ng theo ti\u00eau chu\u1ea9n nh\u00e0 m\u00e1y<br data-start=\"497\" data-end=\"500\" data-is-only-node=\"\" \/><span style=\"color: #ed1c24;\"><em data-start=\"500\" data-end=\"652\">L\u01b0u \u00fd: Gi\u00e1 tr\u00ean ch\u01b0a bao g\u1ed3m VAT v\u00e0 ph\u00ed v\u1eadn chuy\u1ec3n. Gi\u00e1 s\u1ea3n ph\u1ea9m c\u00f3 th\u1ec3 thay \u0111\u1ed5i theo t\u1eebng th\u1eddi \u0111i\u1ec3m, vui l\u00f2ng li\u00ean h\u1ec7 \u0111\u1ec3 nh\u1eadn t\u01b0 v\u1ea5n \u01b0u \u0111\u00e3i t\u1ed1t nh\u1ea5t.<\/em><\/span><\/p>\n","protected":false},"featured_media":4185,"comment_status":"open","ping_status":"closed","template":"","meta":[],"product_brand":[],"product_cat":[17,760],"product_tag":[],"class_list":{"0":"post-4184","1":"product","2":"type-product","3":"status-publish","4":"has-post-thumbnail","6":"product_cat-noi-that-van-phong","7":"product_cat-tu-go-van-phong","9":"first","10":"instock","11":"taxable","12":"shipping-taxable","13":"purchasable","14":"product-type-simple"},"_links":{"self":[{"href":"https:\/\/noithathuuthinh.vn\/zh-hans\/wp-json\/wp\/v2\/product\/4184","targetHints":{"allow":["GET"]}}],"collection":[{"href":"https:\/\/noithathuuthinh.vn\/zh-hans\/wp-json\/wp\/v2\/product"}],"about":[{"href":"https:\/\/noithathuuthinh.vn\/zh-hans\/wp-json\/wp\/v2\/types\/product"}],"replies":[{"embeddable":true,"href":"https:\/\/noithathuuthinh.vn\/zh-hans\/wp-json\/wp\/v2\/comments?post=4184"}],"wp:featuredmedia":[{"embeddable":true,"href":"https:\/\/noithathuuthinh.vn\/zh-hans\/wp-json\/wp\/v2\/media\/4185"}],"wp:attachment":[{"href":"https:\/\/noithathuuthinh.vn\/zh-hans\/wp-json\/wp\/v2\/media?parent=4184"}],"wp:term":[{"taxonomy":"product_brand","embeddable":true,"href":"https:\/\/noithathuuthinh.vn\/zh-hans\/wp-json\/wp\/v2\/product_brand?post=4184"},{"taxonomy":"product_cat","embeddable":true,"href":"https:\/\/noithathuuthinh.vn\/zh-hans\/wp-json\/wp\/v2\/product_cat?post=4184"},{"taxonomy":"product_tag","embeddable":true,"href":"https:\/\/noithathuuthinh.vn\/zh-hans\/wp-json\/wp\/v2\/product_tag?post=4184"}],"curies":[{"name":"wp","href":"https:\/\/api.w.org\/{rel}","templated":true}]}}