{"id":4186,"date":"2025-11-06T13:27:49","date_gmt":"2025-11-06T06:27:49","guid":{"rendered":"https:\/\/noithathuuthinh.vn\/?post_type=product&#038;p=4186"},"modified":"2025-11-06T13:27:50","modified_gmt":"2025-11-06T06:27:50","slug":"tu-ho-so-dc2000v2","status":"publish","type":"product","link":"https:\/\/noithathuuthinh.vn\/zh-hans\/san-pham\/tu-ho-so-dc2000v2\/","title":{"rendered":"T\u1ee7 h\u1ed3 s\u01a1 DC2000V2"},"content":{"rendered":"<p data-start=\"820\" data-end=\"1243\">T\u1ee7 h\u1ed3 s\u01a1 DC2000V2 l\u00e0 d\u00f2ng t\u1ee7 t\u00e0i li\u1ec7u cao c\u1ea5p thu\u1ed9c b\u1ed9 s\u01b0u t\u1eadp Veneer c\u1ee7a <strong data-start=\"936\" data-end=\"956\">N\u1ed9i th\u1ea5t The One<\/strong>, \u0111\u01b0\u1ee3c thi\u1ebft k\u1ebf d\u00e0nh ri\u00eang cho kh\u00f4ng gian v\u0103n ph\u00f2ng l\u00e3nh \u0111\u1ea1o, ph\u00f2ng gi\u00e1m \u0111\u1ed1c ho\u1eb7c ph\u00f2ng h\u1ecdp sang tr\u1ecdng. V\u1edbi ch\u1ea5t li\u1ec7u Veneer t\u1ef1 nhi\u00ean v\u00e0 t\u00f9y ch\u1ecdn Veneer k\u1ebft h\u1ee3p Melamine m\u1eb7t trong, s\u1ea3n ph\u1ea9m mang \u0111\u1ebfn v\u1ebb \u0111\u1eb9p \u0111\u1eb3ng c\u1ea5p, b\u1ec1n b\u1ec9 v\u00e0 ph\u00f9 h\u1ee3p v\u1edbi nhi\u1ec1u phong c\u00e1ch n\u1ed9i th\u1ea5t hi\u1ec7n \u0111\u1ea1i l\u1eabn c\u1ed5 \u0111i\u1ec3n.<\/p>\n<p data-start=\"1245\" data-end=\"1446\">\u0110i\u1ec3m n\u1ed5i b\u1eadt c\u1ee7a <strong data-start=\"1262\" data-end=\"1283\">t\u1ee7 h\u1ed3 s\u01a1 DC2000V2<\/strong> n\u1eb1m \u1edf k\u1ebft c\u1ea5u 4 khoang b\u1ed1 tr\u00ed khoa h\u1ecdc, gi\u00fap ng\u01b0\u1eddi d\u00f9ng c\u00f3 th\u1ec3 v\u1eeba l\u01b0u tr\u1eef, v\u1eeba tr\u01b0ng b\u00e0y t\u00e0i li\u1ec7u v\u00e0 v\u1eadt ph\u1ea9m trang tr\u00ed. Ph\u1ea7n tr\u00ean t\u1ee7 \u0111\u01b0\u1ee3c chia th\u00e0nh 3 khoang:<\/p>\n<ul data-start=\"1447\" data-end=\"1970\">\n<li data-start=\"1447\" data-end=\"1549\">\n<p data-start=\"1449\" data-end=\"1549\"><strong data-start=\"1449\" data-end=\"1468\">Khoang b\u00ean tr\u00e1i<\/strong> c\u00f3 c\u00e1nh d\u00e0i v\u00e0 su\u1ed1t treo \u00e1o, gi\u00fap treo g\u1ecdn g\u00e0ng \u00e1o kho\u00e1c, vest ho\u1eb7c \u0111\u1ed3ng ph\u1ee5c.<\/p>\n<\/li>\n<li data-start=\"1550\" data-end=\"1673\">\n<p data-start=\"1552\" data-end=\"1673\"><strong data-start=\"1552\" data-end=\"1571\">Khoang b\u00ean ph\u1ea3i<\/strong> l\u00e0 khoang c\u00e1nh d\u00e0i chia th\u00e0nh 2 \u0111\u1ee3t, th\u00edch h\u1ee3p \u0111\u1ec3 t\u00e0i li\u1ec7u, h\u1ed9p h\u1ed3 s\u01a1 ho\u1eb7c c\u00e1c v\u1eadt d\u1ee5ng h\u00e0nh ch\u00ednh.<\/p>\n<\/li>\n<li data-start=\"1674\" data-end=\"1970\">\n<p data-start=\"1676\" data-end=\"1970\"><strong data-start=\"1676\" data-end=\"1691\">Khoang gi\u1eefa<\/strong> \u0111\u01b0\u1ee3c thi\u1ebft k\u1ebf m\u1edf, c\u00f3 \u0111\u1ee3t \u0111\u1ec3 tr\u01b0ng b\u00e0y v\u1eadt ph\u1ea9m nh\u01b0 c\u00fap l\u01b0u ni\u1ec7m, k\u1ef7 ni\u1ec7m ch\u01b0\u01a1ng ho\u1eb7c t\u00e0i li\u1ec7u th\u01b0\u1eddng d\u00f9ng.<br data-start=\"1798\" data-end=\"1801\" \/>Ph\u1ea7n d\u01b0\u1edbi c\u1ee7a t\u1ee7 g\u1ed3m <strong data-start=\"1822\" data-end=\"1835\">4 c\u00e1nh m\u1edf<\/strong>, chia th\u00e0nh nhi\u1ec1u ng\u0103n ch\u1ee9a r\u1ed9ng r\u00e3i, \u0111\u1ea3m b\u1ea3o kh\u1ea3 n\u0103ng l\u01b0u tr\u1eef t\u1ed1i \u0111a m\u00e0 v\u1eabn gi\u1eef \u0111\u01b0\u1ee3c s\u1ef1 g\u1ecdn g\u00e0ng, th\u1ea9m m\u1ef9 cho kh\u00f4ng gian v\u0103n ph\u00f2ng.<\/p>\n<\/li>\n<\/ul>\n<p data-start=\"1972\" data-end=\"2378\">V\u1ec1 ch\u1ea5t li\u1ec7u, <strong data-start=\"1986\" data-end=\"2002\">phi\u00ean b\u1ea3n V2<\/strong> \u0111\u01b0\u1ee3c l\u00e0m ho\u00e0n to\u00e0n b\u1eb1ng <strong data-start=\"2027\" data-end=\"2048\">g\u1ed7 Veneer cao c\u1ea5p<\/strong>, ph\u1ee7 b\u00f3ng b\u1ec1 m\u1eb7t b\u1eb1ng s\u01a1n PU, t\u1ea1o n\u00ean v\u1ebb sang tr\u1ecdng t\u1ef1 nhi\u00ean c\u1ee7a v\u00e2n g\u1ed7 th\u1eadt, \u0111\u1ed3ng th\u1eddi gi\u00fap ch\u1ed1ng tr\u1ea7y x\u01b0\u1edbc, ch\u1ed1ng \u1ea9m v\u00e0 t\u0103ng tu\u1ed5i th\u1ecd s\u1ea3n ph\u1ea9m. Trong khi \u0111\u00f3, <strong data-start=\"2209\" data-end=\"2226\">phi\u00ean b\u1ea3n VM2<\/strong> c\u00f3 m\u1eb7t ngo\u00e0i ph\u1ee7 Veneer sang tr\u1ecdng k\u1ebft h\u1ee3p m\u1eb7t trong b\u1eb1ng Melamine gi\u00fap t\u0103ng \u0111\u1ed9 b\u1ec1n, d\u1ec5 v\u1ec7 sinh v\u00e0 ti\u1ebft ki\u1ec7m chi ph\u00ed m\u00e0 v\u1eabn \u0111\u1ea3m b\u1ea3o t\u00ednh th\u1ea9m m\u1ef9 cao.<\/p>\n<p data-start=\"2380\" data-end=\"2679\">Thi\u1ebft k\u1ebf c\u1ee7a <strong data-start=\"2393\" data-end=\"2414\">t\u1ee7 h\u1ed3 s\u01a1 DC2000V2<\/strong> h\u01b0\u1edbng \u0111\u1ebfn s\u1ef1 tinh t\u1ebf v\u00e0 chuy\u00ean nghi\u1ec7p. \u0110\u01b0\u1eddng n\u00e9t vu\u00f4ng v\u1ee9c, b\u1ec1 m\u1eb7t nh\u1eb5n m\u1ecbn c\u00f9ng t\u00f4ng m\u00e0u g\u1ed7 t\u1ef1 nhi\u00ean mang l\u1ea1i c\u1ea3m gi\u00e1c \u1ea5m c\u00fang v\u00e0 quy\u1ec1n l\u1ef1c cho kh\u00f4ng gian. Tay n\u1eafm kim lo\u1ea1i s\u00e1ng b\u00f3ng k\u1ebft h\u1ee3p b\u1ea3n l\u1ec1 cao c\u1ea5p \u0111\u1ea3m b\u1ea3o s\u1ef1 b\u1ec1n b\u1ec9 v\u00e0 ti\u1ec7n d\u1ee5ng trong qu\u00e1 tr\u00ecnh \u0111\u00f3ng m\u1edf.<\/p>\n<p data-start=\"2681\" data-end=\"2988\">S\u1ea3n ph\u1ea9m c\u00f3 k\u00edch th\u01b0\u1edbc <strong data-start=\"2704\" data-end=\"2731\">W2000 x D450 x H2000 mm<\/strong>, l\u00e0 l\u1ef1a ch\u1ecdn ho\u00e0n h\u1ea3o cho c\u00e1c ph\u00f2ng l\u00e3nh \u0111\u1ea1o c\u00f3 di\u1ec7n t\u00edch r\u1ed9ng, gi\u00fap kh\u00f4ng gian tr\u1edf n\u00ean ng\u0103n n\u1eafp, \u0111\u1ed3ng b\u1ed9 v\u00e0 sang tr\u1ecdng h\u01a1n. Ngo\u00e0i c\u00f4ng n\u0103ng l\u01b0u tr\u1eef, t\u1ee7 c\u00f2n \u0111\u01b0\u1ee3c xem nh\u01b0 m\u1ed9t \u0111i\u1ec3m nh\u1ea5n trang tr\u00ed tinh t\u1ebf, t\u00f4n l\u00ean phong c\u00e1ch chuy\u00ean nghi\u1ec7p c\u1ee7a ng\u01b0\u1eddi s\u1eed d\u1ee5ng.<\/p>\n<p data-start=\"2990\" data-end=\"3256\"><strong data-start=\"2990\" data-end=\"3011\">T\u1ee7 h\u1ed3 s\u01a1 DC2000V2<\/strong> kh\u00f4ng ch\u1ec9 \u0111\u00e1p \u1ee9ng nhu c\u1ea7u l\u01b0u tr\u1eef t\u00e0i li\u1ec7u, h\u1ed3 s\u01a1 m\u00e0 c\u00f2n mang \u00fd ngh\u0129a phong th\u1ee7y v\u00e0 th\u1ea9m m\u1ef9 cao. V\u1edbi thi\u1ebft k\u1ebf c\u00e2n \u0111\u1ed1i, v\u1eadt li\u1ec7u g\u1ed7 t\u1ef1 nhi\u00ean, s\u1ea3n ph\u1ea9m t\u1ea1o n\u00ean kh\u00f4ng gian l\u00e0m vi\u1ec7c trang nh\u00e3, th\u1ec3 hi\u1ec7n \u0111\u1eb3ng c\u1ea5p v\u00e0 gu th\u1ea9m m\u1ef9 tinh t\u1ebf c\u1ee7a ch\u1ee7 nh\u00e2n.<\/p>\n<p data-start=\"3258\" data-end=\"3559\" data-is-last-node=\"\" data-is-only-node=\"\">N\u1ebfu b\u1ea1n \u0111ang t\u00ecm ki\u1ebfm m\u1ed9t m\u1eabu <strong data-start=\"3288\" data-end=\"3333\">t\u1ee7 h\u1ed3 s\u01a1 sang tr\u1ecdng, ti\u1ec7n d\u1ee5ng v\u00e0 b\u1ec1n \u0111\u1eb9p<\/strong> cho ph\u00f2ng gi\u00e1m \u0111\u1ed1c ho\u1eb7c ph\u00f2ng h\u1ecdp cao c\u1ea5p, <strong data-start=\"3377\" data-end=\"3398\">t\u1ee7 h\u1ed3 s\u01a1 DC2000V2<\/strong> ch\u00ednh l\u00e0 l\u1ef1a ch\u1ecdn l\u00fd t\u01b0\u1edfng. S\u1ea3n ph\u1ea9m mang \u0111\u1ebfn s\u1ef1 h\u00e0i h\u00f2a gi\u1eefa c\u00f4ng n\u0103ng v\u00e0 th\u1ea9m m\u1ef9, g\u00f3p ph\u1ea7n ho\u00e0n thi\u1ec7n kh\u00f4ng gian l\u00e0m vi\u1ec7c \u0111\u1eb3ng c\u1ea5p, chuy\u00ean nghi\u1ec7p v\u00e0 hi\u1ec7n \u0111\u1ea1i.<\/p>\n","protected":false},"excerpt":{"rendered":"<p data-start=\"25\" data-end=\"468\">T\u1ee7 h\u1ed3 s\u01a1 DC2000V2 l\u00e0 m\u1eabu t\u1ee7 t\u00e0i li\u1ec7u cao c\u1ea5p \u0111\u01b0\u1ee3c thi\u1ebft k\u1ebf v\u1edbi hai t\u00f9y ch\u1ecdn ch\u1ea5t li\u1ec7u: <strong data-start=\"143\" data-end=\"168\">Veneer to\u00e0n ph\u1ea7n (V2)<\/strong> ho\u1eb7c <strong data-start=\"174\" data-end=\"217\">Veneer k\u1ebft h\u1ee3p Melamine m\u1eb7t trong (VM2)<\/strong>. S\u1ea3n ph\u1ea9m g\u1ed3m 4 khoang ti\u1ec7n d\u1ee5ng \u2013 ph\u1ea7n tr\u00ean c\u00f3 1 khoang c\u00e1nh d\u00e0i treo \u00e1o, 1 khoang c\u00e1nh d\u00e0i c\u00f3 2 \u0111\u1ee3t \u0111\u1ec3 t\u00e0i li\u1ec7u, khoang gi\u1eefa c\u00f3 \u0111\u1ee3t m\u1edf tr\u01b0ng b\u00e0y, v\u00e0 ph\u1ea7n d\u01b0\u1edbi g\u1ed3m 4 c\u00e1nh m\u1edf, \u0111\u00e1p \u1ee9ng linh ho\u1ea1t nhu c\u1ea7u l\u01b0u tr\u1eef v\u00e0 tr\u01b0ng b\u00e0y trong v\u0103n ph\u00f2ng l\u00e3nh \u0111\u1ea1o.<\/p>\n<p data-start=\"470\" data-end=\"813\">K\u00edch th\u01b0\u1edbc: W2000 x D450 x H2000 mm<\/p>\n<p data-start=\"470\" data-end=\"813\">Veneer: <span style=\"color: #ed1c24; font-size: 120%;\"><strong>13.387.000 \u0111<\/strong><\/span><br \/>\nVeneer k\u1ebft h\u1ee3p Melamine: <span style=\"font-size: 120%; color: #ed1c24;\"><strong>9.955.000 \u0111<\/strong><\/span><\/p>\n<p data-start=\"470\" data-end=\"813\">Xu\u1ea5t x\u1ee9: S\u1ea3n ph\u1ea9m c\u1ee7a c\u00f4ng ty <strong data-start=\"538\" data-end=\"558\">N\u1ed8I TH\u1ea4T THE ONE<\/strong> \u2013 Ph\u00e2n ph\u1ed1i b\u1edfi <strong data-start=\"575\" data-end=\"611\">C\u00d4NG TY TNHH SXTM TTNT H\u1eeeU TH\u1ecaNH<\/strong><br data-start=\"611\" data-end=\"614\" \/>B\u1ea3o h\u00e0nh: 12 th\u00e1ng theo ti\u00eau chu\u1ea9n nh\u00e0 m\u00e1y<br data-start=\"656\" data-end=\"659\" \/><span style=\"color: #ed1c24;\"><em data-start=\"659\" data-end=\"811\" data-is-only-node=\"\">L\u01b0u \u00fd: Gi\u00e1 tr\u00ean ch\u01b0a bao g\u1ed3m VAT v\u00e0 ph\u00ed v\u1eadn chuy\u1ec3n. Gi\u00e1 s\u1ea3n ph\u1ea9m c\u00f3 th\u1ec3 thay \u0111\u1ed5i theo t\u1eebng th\u1eddi \u0111i\u1ec3m, vui l\u00f2ng li\u00ean h\u1ec7 \u0111\u1ec3 nh\u1eadn t\u01b0 v\u1ea5n \u01b0u \u0111\u00e3i t\u1ed1t nh\u1ea5t.<\/em><\/span><\/p>\n","protected":false},"featured_media":4187,"comment_status":"open","ping_status":"closed","template":"","meta":[],"product_brand":[],"product_cat":[17,760],"product_tag":[],"class_list":{"0":"post-4186","1":"product","2":"type-product","3":"status-publish","4":"has-post-thumbnail","6":"product_cat-noi-that-van-phong","7":"product_cat-tu-go-van-phong","9":"first","10":"instock","11":"taxable","12":"shipping-taxable","13":"purchasable","14":"product-type-simple"},"_links":{"self":[{"href":"https:\/\/noithathuuthinh.vn\/zh-hans\/wp-json\/wp\/v2\/product\/4186","targetHints":{"allow":["GET"]}}],"collection":[{"href":"https:\/\/noithathuuthinh.vn\/zh-hans\/wp-json\/wp\/v2\/product"}],"about":[{"href":"https:\/\/noithathuuthinh.vn\/zh-hans\/wp-json\/wp\/v2\/types\/product"}],"replies":[{"embeddable":true,"href":"https:\/\/noithathuuthinh.vn\/zh-hans\/wp-json\/wp\/v2\/comments?post=4186"}],"wp:featuredmedia":[{"embeddable":true,"href":"https:\/\/noithathuuthinh.vn\/zh-hans\/wp-json\/wp\/v2\/media\/4187"}],"wp:attachment":[{"href":"https:\/\/noithathuuthinh.vn\/zh-hans\/wp-json\/wp\/v2\/media?parent=4186"}],"wp:term":[{"taxonomy":"product_brand","embeddable":true,"href":"https:\/\/noithathuuthinh.vn\/zh-hans\/wp-json\/wp\/v2\/product_brand?post=4186"},{"taxonomy":"product_cat","embeddable":true,"href":"https:\/\/noithathuuthinh.vn\/zh-hans\/wp-json\/wp\/v2\/product_cat?post=4186"},{"taxonomy":"product_tag","embeddable":true,"href":"https:\/\/noithathuuthinh.vn\/zh-hans\/wp-json\/wp\/v2\/product_tag?post=4186"}],"curies":[{"name":"wp","href":"https:\/\/api.w.org\/{rel}","templated":true}]}}