{"id":4190,"date":"2025-11-06T13:36:30","date_gmt":"2025-11-06T06:36:30","guid":{"rendered":"https:\/\/noithathuuthinh.vn\/?post_type=product&#038;p=4190"},"modified":"2025-11-06T13:36:30","modified_gmt":"2025-11-06T06:36:30","slug":"tu-ho-so-dc1350v4","status":"publish","type":"product","link":"https:\/\/noithathuuthinh.vn\/zh-hans\/san-pham\/tu-ho-so-dc1350v4\/","title":{"rendered":"T\u1ee7 h\u1ed3 s\u01a1 DC1350V4"},"content":{"rendered":"<p data-start=\"898\" data-end=\"1314\">T\u1ee7 h\u1ed3 s\u01a1 DC1350V4 l\u00e0 m\u1ed9t trong nh\u1eefng m\u1eabu t\u1ee7 t\u00e0i li\u1ec7u sang tr\u1ecdng v\u00e0 \u0111\u1eb3ng c\u1ea5p nh\u1ea5t thu\u1ed9c d\u00f2ng s\u1ea3n ph\u1ea9m Veneer cao c\u1ea5p c\u1ee7a <strong data-start=\"1060\" data-end=\"1080\">N\u1ed9i th\u1ea5t The One<\/strong>. V\u1edbi ki\u1ec3u d\u00e1ng tinh t\u1ebf, thi\u1ebft k\u1ebf h\u00e0i h\u00f2a v\u00e0 t\u00ednh n\u0103ng s\u1eed d\u1ee5ng v\u01b0\u1ee3t tr\u1ed9i, s\u1ea3n ph\u1ea9m mang \u0111\u1ebfn gi\u1ea3i ph\u00e1p l\u01b0u tr\u1eef l\u00fd t\u01b0\u1edfng cho c\u00e1c v\u0103n ph\u00f2ng l\u00e3nh \u0111\u1ea1o, ph\u00f2ng gi\u00e1m \u0111\u1ed1c ho\u1eb7c kh\u00f4ng gian l\u00e0m vi\u1ec7c chuy\u00ean nghi\u1ec7p c\u1ea7n s\u1ef1 trang tr\u1ecdng v\u00e0 hi\u1ec7n \u0111\u1ea1i.<\/p>\n<p data-start=\"1316\" data-end=\"1819\">\u0110i\u1ec3m nh\u1ea5n c\u1ee7a <strong data-start=\"1330\" data-end=\"1351\">t\u1ee7 h\u1ed3 s\u01a1 DC1350V4<\/strong> n\u1eb1m \u1edf thi\u1ebft k\u1ebf <strong data-start=\"1367\" data-end=\"1379\">3 khoang<\/strong> \u0111\u01b0\u1ee3c b\u1ed1 tr\u00ed th\u00f4ng minh, gi\u00fap t\u1eadn d\u1ee5ng t\u1ed1i \u0111a di\u1ec7n t\u00edch l\u01b0u tr\u1eef m\u00e0 v\u1eabn \u0111\u1ea3m b\u1ea3o s\u1ef1 c\u00e2n \u0111\u1ed1i v\u00e0 th\u1ea9m m\u1ef9 cao. Ph\u1ea7n <strong data-start=\"1490\" data-end=\"1501\">tr\u00ean t\u1ee7<\/strong> \u0111\u01b0\u1ee3c chia l\u00e0m 3 khoang \u2013 trong \u0111\u00f3 <strong data-start=\"1536\" data-end=\"1559\">2 khoang khung k\u00ednh<\/strong> d\u00f9ng \u0111\u1ec3 tr\u01b0ng b\u00e0y h\u1ed3 s\u01a1, c\u00fap l\u01b0u ni\u1ec7m, b\u1eb1ng khen hay v\u1eadt ph\u1ea9m trang tr\u00ed, t\u1ea1o n\u00ean kh\u00f4ng gian sang tr\u1ecdng v\u00e0 th\u1ec3 hi\u1ec7n d\u1ea5u \u1ea5n ri\u00eang c\u1ee7a doanh nghi\u1ec7p. <strong data-start=\"1706\" data-end=\"1724\">Khoang c\u00f2n l\u1ea1i<\/strong> l\u00e0 khoang c\u00e1nh d\u00e0i, c\u00f3 th\u1ec3 s\u1eed d\u1ee5ng \u0111\u1ec3 treo \u00e1o vest, \u0111\u1ed3ng ph\u1ee5c ho\u1eb7c c\u1ea5t gi\u1eef t\u00e0i li\u1ec7u kh\u1ed5 l\u1edbn.<\/p>\n<p data-start=\"1821\" data-end=\"2085\">Ph\u1ea7n <strong data-start=\"1826\" data-end=\"1837\">d\u01b0\u1edbi t\u1ee7<\/strong> g\u1ed3m <strong data-start=\"1842\" data-end=\"1859\">3 c\u00e1nh g\u1ed7 k\u00edn<\/strong>, gi\u00fap ng\u01b0\u1eddi d\u00f9ng d\u1ec5 d\u00e0ng l\u01b0u tr\u1eef h\u1ed3 s\u01a1, t\u00e0i li\u1ec7u ho\u1eb7c v\u1eadt d\u1ee5ng n\u1ed9i b\u1ed9 m\u1ed9t c\u00e1ch g\u1ecdn g\u00e0ng, k\u00edn \u0111\u00e1o. C\u1ea5u tr\u00fac ch\u1eafc ch\u1eafn, b\u1ea3n l\u1ec1 cao c\u1ea5p c\u00f9ng tay n\u1eafm kim lo\u1ea1i s\u00e1ng b\u00f3ng t\u1ea1o c\u1ea3m gi\u00e1c sang tr\u1ecdng v\u00e0 b\u1ec1n b\u1ec9 trong qu\u00e1 tr\u00ecnh s\u1eed d\u1ee5ng.<\/p>\n<p data-start=\"2087\" data-end=\"2200\">V\u1ec1 ch\u1ea5t li\u1ec7u, <strong data-start=\"2101\" data-end=\"2122\">t\u1ee7 h\u1ed3 s\u01a1 DC1350V4<\/strong> \u0111\u01b0\u1ee3c s\u1ea3n xu\u1ea5t v\u1edbi hai phi\u00ean b\u1ea3n ph\u00f9 h\u1ee3p v\u1edbi nhu c\u1ea7u v\u00e0 ng\u00e2n s\u00e1ch kh\u00e1c nhau:<\/p>\n<ul data-start=\"2201\" data-end=\"2601\">\n<li data-start=\"2201\" data-end=\"2416\">\n<p data-start=\"2203\" data-end=\"2416\"><strong data-start=\"2203\" data-end=\"2219\">Phi\u00ean b\u1ea3n V4<\/strong>: L\u00e0 m\u1eabu <strong data-start=\"2228\" data-end=\"2251\">t\u1ee7 Veneer to\u00e0n ph\u1ea7n<\/strong>, \u0111\u01b0\u1ee3c ph\u1ee7 s\u01a1n PU cao c\u1ea5p gi\u00fap t\u00f4n l\u00ean v\u1ebb \u0111\u1eb9p t\u1ef1 nhi\u00ean c\u1ee7a v\u00e2n g\u1ed7 th\u1eadt. B\u1ec1 m\u1eb7t Veneer c\u00f3 \u0111\u1ed9 b\u00f3ng m\u1ecbn, sang tr\u1ecdng v\u00e0 c\u00f3 kh\u1ea3 n\u0103ng ch\u1ed1ng tr\u1ea7y x\u01b0\u1edbc, ch\u1ed1ng \u1ea9m hi\u1ec7u qu\u1ea3.<\/p>\n<\/li>\n<li data-start=\"2417\" data-end=\"2601\">\n<p data-start=\"2419\" data-end=\"2601\"><strong data-start=\"2419\" data-end=\"2436\">Phi\u00ean b\u1ea3n VM4<\/strong>: L\u00e0 s\u1ef1 k\u1ebft h\u1ee3p gi\u1eefa <strong data-start=\"2457\" data-end=\"2477\">Veneer m\u1eb7t ngo\u00e0i<\/strong> v\u00e0 <strong data-start=\"2481\" data-end=\"2503\">Melamine m\u1eb7t trong<\/strong>, mang \u0111\u1ebfn l\u1ef1a ch\u1ecdn kinh t\u1ebf h\u01a1n nh\u01b0ng v\u1eabn gi\u1eef \u0111\u01b0\u1ee3c t\u00ednh th\u1ea9m m\u1ef9 cao c\u00f9ng \u0111\u1ed9 b\u1ec1n s\u1eed d\u1ee5ng l\u00e2u d\u00e0i.<\/p>\n<\/li>\n<\/ul>\n<p data-start=\"2603\" data-end=\"2916\">K\u00edch th\u01b0\u1edbc <strong data-start=\"2614\" data-end=\"2641\">W1350 x D430 x H2000 mm<\/strong> gi\u00fap t\u1ee7 DC1350V4 v\u1eeba v\u1eb7n v\u1edbi nhi\u1ec1u kh\u00f4ng gian v\u0103n ph\u00f2ng m\u00e0 kh\u00f4ng chi\u1ebfm qu\u00e1 nhi\u1ec1u di\u1ec7n t\u00edch. M\u00e0u g\u1ed7 t\u1ef1 nhi\u00ean mang s\u1eafc \u1ea5m \u00e1p, ph\u00f9 h\u1ee3p v\u1edbi nhi\u1ec1u phong c\u00e1ch thi\u1ebft k\u1ebf n\u1ed9i th\u1ea5t t\u1eeb c\u1ed5 \u0111i\u1ec3n \u0111\u1ebfn hi\u1ec7n \u0111\u1ea1i, \u0111\u1ed3ng th\u1eddi g\u00f3p ph\u1ea7n th\u1ec3 hi\u1ec7n s\u1ef1 chuy\u00ean nghi\u1ec7p v\u00e0 \u0111\u1eb3ng c\u1ea5p c\u1ee7a ng\u01b0\u1eddi l\u00e3nh \u0111\u1ea1o.<\/p>\n<p data-start=\"2918\" data-end=\"3312\">V\u1edbi <strong data-start=\"2922\" data-end=\"2984\">thi\u1ebft k\u1ebf tinh t\u1ebf, ch\u1ea5t li\u1ec7u b\u1ec1n \u0111\u1eb9p v\u00e0 c\u00f4ng n\u0103ng linh ho\u1ea1t<\/strong>, <strong data-start=\"2986\" data-end=\"3007\">t\u1ee7 h\u1ed3 s\u01a1 DC1350V4<\/strong> kh\u00f4ng ch\u1ec9 l\u00e0 n\u01a1i l\u01b0u tr\u1eef h\u1ed3 s\u01a1, t\u00e0i li\u1ec7u g\u1ecdn g\u00e0ng m\u00e0 c\u00f2n l\u00e0 \u0111i\u1ec3m nh\u1ea5n trang tr\u00ed tinh t\u1ebf, th\u1ec3 hi\u1ec7n phong c\u00e1ch v\u00e0 v\u1ecb th\u1ebf c\u1ee7a doanh nghi\u1ec7p. S\u1ea3n ph\u1ea9m ph\u00f9 h\u1ee3p s\u1eed d\u1ee5ng trong ph\u00f2ng gi\u00e1m \u0111\u1ed1c, ph\u00f2ng h\u1ecdp ho\u1eb7c khu v\u1ef1c l\u00e0m vi\u1ec7c cao c\u1ea5p, mang l\u1ea1i s\u1ef1 h\u00e0i h\u00f2a v\u00e0 \u0111\u1ed3ng b\u1ed9 khi k\u1ebft h\u1ee3p c\u00f9ng c\u00e1c m\u1eabu b\u00e0n Veneer c\u00f9ng d\u00f2ng.<\/p>\n<p data-start=\"3314\" data-end=\"3590\" data-is-last-node=\"\" data-is-only-node=\"\">N\u1ebfu b\u1ea1n \u0111ang t\u00ecm ki\u1ebfm m\u1ed9t <strong data-start=\"3340\" data-end=\"3384\">m\u1eabu t\u1ee7 h\u1ed3 s\u01a1 v\u1eeba sang tr\u1ecdng v\u1eeba ti\u1ec7n \u00edch<\/strong>, th\u00ec <strong data-start=\"3390\" data-end=\"3411\">t\u1ee7 h\u1ed3 s\u01a1 DC1350V4<\/strong> ch\u00ednh l\u00e0 l\u1ef1a ch\u1ecdn ho\u00e0n h\u1ea3o. S\u1ea3n ph\u1ea9m kh\u00f4ng ch\u1ec9 g\u00f3p ph\u1ea7n t\u1ed1i \u01b0u h\u00f3a kh\u00f4ng gian l\u00e0m vi\u1ec7c m\u00e0 c\u00f2n n\u00e2ng t\u1ea7m h\u00ecnh \u1ea3nh doanh nghi\u1ec7p, kh\u1eb3ng \u0111\u1ecbnh gu th\u1ea9m m\u1ef9 v\u00e0 \u0111\u1eb3ng c\u1ea5p c\u1ee7a ng\u01b0\u1eddi s\u1eed d\u1ee5ng.<\/p>\n","protected":false},"excerpt":{"rendered":"<p data-start=\"25\" data-end=\"398\">T\u1ee7 h\u1ed3 s\u01a1 DC1350V4 l\u00e0 m\u1eabu t\u1ee7 t\u00e0i li\u1ec7u cao c\u1ea5p thu\u1ed9c d\u00f2ng s\u1ea3n ph\u1ea9m Veneer c\u1ee7a N\u1ed9i th\u1ea5t The One, \u0111\u01b0\u1ee3c thi\u1ebft k\u1ebf tinh t\u1ebf v\u1edbi b\u1ed1 c\u1ee5c 3 khoang ti\u1ec7n d\u1ee5ng. Ph\u1ea7n tr\u00ean g\u1ed3m 2 khoang c\u00e1nh khung k\u00ednh v\u00e0 1 khoang c\u00e1nh d\u00e0i \u0111\u1ec3 treo \u00e1o ho\u1eb7c c\u1ea5t gi\u1eef t\u00e0i li\u1ec7u, trong khi ph\u1ea7n d\u01b0\u1edbi c\u00f3 3 c\u00e1nh g\u1ed7 gi\u00fap t\u0103ng kh\u00f4ng gian l\u01b0u tr\u1eef v\u00e0 \u0111\u1ea3m b\u1ea3o s\u1ef1 g\u1ecdn g\u00e0ng cho v\u0103n ph\u00f2ng.<\/p>\n<p data-start=\"400\" data-end=\"435\">S\u1ea3n ph\u1ea9m c\u00f3 2 l\u1ef1a ch\u1ecdn ch\u1ea5t li\u1ec7u:<\/p>\n<ul data-start=\"436\" data-end=\"546\">\n<li data-start=\"436\" data-end=\"466\">\n<p data-start=\"438\" data-end=\"466\"><strong data-start=\"438\" data-end=\"445\">V4:<\/strong> T\u1ee7 Veneer to\u00e0n b\u1ed9.<\/p>\n<\/li>\n<li data-start=\"467\" data-end=\"546\">\n<p data-start=\"469\" data-end=\"546\"><strong data-start=\"469\" data-end=\"477\">VM4:<\/strong> T\u1ee7 Veneer k\u1ebft h\u1ee3p Melamine \u2013 m\u1eb7t ngo\u00e0i Veneer, m\u1eb7t trong Melamine.<\/p>\n<\/li>\n<\/ul>\n<p data-start=\"548\" data-end=\"891\">K\u00edch th\u01b0\u1edbc: W1350 x D430 x H2000 mm<\/p>\n<p data-start=\"548\" data-end=\"891\">Veneer: <span style=\"color: #ed1c24; font-size: 120%;\"><strong>11.728.000 \u0111<\/strong><\/span><br \/>\nVeneer k\u1ebft h\u1ee3p Melamine: <span style=\"font-size: 120%; color: #ed1c24;\"><strong>7.682.000 \u0111<\/strong><\/span><\/p>\n<p data-start=\"548\" data-end=\"891\">Xu\u1ea5t x\u1ee9: S\u1ea3n ph\u1ea9m c\u1ee7a c\u00f4ng ty <strong data-start=\"616\" data-end=\"636\">N\u1ed8I TH\u1ea4T THE ONE<\/strong> \u2013 Ph\u00e2n ph\u1ed1i b\u1edfi <strong data-start=\"653\" data-end=\"689\">C\u00d4NG TY TNHH SXTM TTNT H\u1eeeU TH\u1ecaNH<\/strong><br data-start=\"689\" data-end=\"692\" \/>B\u1ea3o h\u00e0nh: 12 th\u00e1ng theo ti\u00eau chu\u1ea9n nh\u00e0 m\u00e1y<br data-start=\"734\" data-end=\"737\" \/><span style=\"color: #ed1c24;\"><em data-start=\"737\" data-end=\"889\" data-is-only-node=\"\">L\u01b0u \u00fd: Gi\u00e1 tr\u00ean ch\u01b0a bao g\u1ed3m VAT v\u00e0 ph\u00ed v\u1eadn chuy\u1ec3n. Gi\u00e1 s\u1ea3n ph\u1ea9m c\u00f3 th\u1ec3 thay \u0111\u1ed5i theo t\u1eebng th\u1eddi \u0111i\u1ec3m, vui l\u00f2ng li\u00ean h\u1ec7 \u0111\u1ec3 nh\u1eadn t\u01b0 v\u1ea5n \u01b0u \u0111\u00e3i t\u1ed1t nh\u1ea5t.<\/em><\/span><\/p>\n","protected":false},"featured_media":4191,"comment_status":"open","ping_status":"closed","template":"","meta":[],"product_brand":[],"product_cat":[17,760],"product_tag":[],"class_list":{"0":"post-4190","1":"product","2":"type-product","3":"status-publish","4":"has-post-thumbnail","6":"product_cat-noi-that-van-phong","7":"product_cat-tu-go-van-phong","9":"first","10":"instock","11":"taxable","12":"shipping-taxable","13":"purchasable","14":"product-type-simple"},"_links":{"self":[{"href":"https:\/\/noithathuuthinh.vn\/zh-hans\/wp-json\/wp\/v2\/product\/4190","targetHints":{"allow":["GET"]}}],"collection":[{"href":"https:\/\/noithathuuthinh.vn\/zh-hans\/wp-json\/wp\/v2\/product"}],"about":[{"href":"https:\/\/noithathuuthinh.vn\/zh-hans\/wp-json\/wp\/v2\/types\/product"}],"replies":[{"embeddable":true,"href":"https:\/\/noithathuuthinh.vn\/zh-hans\/wp-json\/wp\/v2\/comments?post=4190"}],"wp:featuredmedia":[{"embeddable":true,"href":"https:\/\/noithathuuthinh.vn\/zh-hans\/wp-json\/wp\/v2\/media\/4191"}],"wp:attachment":[{"href":"https:\/\/noithathuuthinh.vn\/zh-hans\/wp-json\/wp\/v2\/media?parent=4190"}],"wp:term":[{"taxonomy":"product_brand","embeddable":true,"href":"https:\/\/noithathuuthinh.vn\/zh-hans\/wp-json\/wp\/v2\/product_brand?post=4190"},{"taxonomy":"product_cat","embeddable":true,"href":"https:\/\/noithathuuthinh.vn\/zh-hans\/wp-json\/wp\/v2\/product_cat?post=4190"},{"taxonomy":"product_tag","embeddable":true,"href":"https:\/\/noithathuuthinh.vn\/zh-hans\/wp-json\/wp\/v2\/product_tag?post=4190"}],"curies":[{"name":"wp","href":"https:\/\/api.w.org\/{rel}","templated":true}]}}