{"id":4193,"date":"2025-11-06T14:03:51","date_gmt":"2025-11-06T07:03:51","guid":{"rendered":"https:\/\/noithathuuthinh.vn\/?post_type=product&#038;p=4193"},"modified":"2025-11-06T14:03:51","modified_gmt":"2025-11-06T07:03:51","slug":"tu-ho-so-dc1840v5","status":"publish","type":"product","link":"https:\/\/noithathuuthinh.vn\/zh-hans\/san-pham\/tu-ho-so-dc1840v5\/","title":{"rendered":"T\u1ee7 h\u1ed3 s\u01a1 DC1840V5"},"content":{"rendered":"<p data-start=\"925\" data-end=\"1347\">T\u1ee7 h\u1ed3 s\u01a1 DC1840V5 l\u00e0 m\u1eabu t\u1ee7 t\u00e0i li\u1ec7u sang tr\u1ecdng, mang \u0111\u1eadm phong c\u00e1ch c\u1ee7a d\u00f2ng s\u1ea3n ph\u1ea9m Veneer cao c\u1ea5p, \u0111\u01b0\u1ee3c thi\u1ebft k\u1ebf d\u00e0nh ri\u00eang cho kh\u00f4ng gian l\u00e0m vi\u1ec7c c\u1ee7a l\u00e3nh \u0111\u1ea1o, gi\u00e1m \u0111\u1ed1c ho\u1eb7c ph\u00f2ng h\u1ecdp l\u1edbn. S\u1ef1 k\u1ebft h\u1ee3p gi\u1eefa v\u1eadt li\u1ec7u t\u1ef1 nhi\u00ean v\u00e0 thi\u1ebft k\u1ebf hi\u1ec7n \u0111\u1ea1i gi\u00fap s\u1ea3n ph\u1ea9m kh\u00f4ng ch\u1ec9 \u0111\u00e1p \u1ee9ng nhu c\u1ea7u l\u01b0u tr\u1eef t\u00e0i li\u1ec7u m\u00e0 c\u00f2n th\u1ec3 hi\u1ec7n s\u1ef1 chuy\u00ean nghi\u1ec7p, tinh t\u1ebf v\u00e0 \u0111\u1eb3ng c\u1ea5p c\u1ee7a doanh nghi\u1ec7p.<\/p>\n<p data-start=\"1349\" data-end=\"1545\">\u0110i\u1ec3m nh\u1ea5n c\u1ee7a <strong data-start=\"1363\" data-end=\"1384\">t\u1ee7 h\u1ed3 s\u01a1 DC1840V5<\/strong> n\u1eb1m \u1edf c\u1ea5u tr\u00fac <strong data-start=\"1400\" data-end=\"1421\">4 khoang khoa h\u1ecdc<\/strong>, v\u1eeba ti\u1ec7n d\u1ee5ng v\u1eeba t\u1ea1o c\u1ea3m gi\u00e1c c\u00e2n \u0111\u1ed1i, h\u00e0i h\u00f2a cho t\u1ed5ng th\u1ec3. Ph\u1ea7n <strong data-start=\"1490\" data-end=\"1501\">tr\u00ean t\u1ee7<\/strong> \u0111\u01b0\u1ee3c chia th\u00e0nh nhi\u1ec1u khu v\u1ef1c ri\u00eang bi\u1ec7t:<\/p>\n<ul data-start=\"1546\" data-end=\"2034\">\n<li data-start=\"1546\" data-end=\"1693\">\n<p data-start=\"1548\" data-end=\"1693\">Hai <strong data-start=\"1552\" data-end=\"1571\">khoang c\u00e1nh d\u00e0i<\/strong> d\u00f9ng \u0111\u1ec3 treo \u00e1o, vest, \u0111\u1ed3ng ph\u1ee5c \u2013 mang l\u1ea1i s\u1ef1 ti\u1ec7n l\u1ee3i cho l\u00e3nh \u0111\u1ea1o ho\u1eb7c nh\u00e2n vi\u00ean v\u0103n ph\u00f2ng trong qu\u00e1 tr\u00ecnh l\u00e0m vi\u1ec7c.<\/p>\n<\/li>\n<li data-start=\"1694\" data-end=\"2034\">\n<p data-start=\"1696\" data-end=\"2034\">Hai <strong data-start=\"1700\" data-end=\"1719\">c\u00e1nh khung k\u00ednh<\/strong> d\u00f9ng \u0111\u1ec3 tr\u01b0ng b\u00e0y t\u00e0i li\u1ec7u, k\u1ef7 ni\u1ec7m ch\u01b0\u01a1ng, c\u00fap l\u01b0u ni\u1ec7m ho\u1eb7c c\u00e1c v\u1eadt ph\u1ea9m trang tr\u00ed, gi\u00fap kh\u00f4ng gian l\u00e0m vi\u1ec7c tr\u1edf n\u00ean sang tr\u1ecdng v\u00e0 chuy\u00ean nghi\u1ec7p h\u01a1n.<br data-start=\"1871\" data-end=\"1874\" \/>Ph\u1ea7n <strong data-start=\"1879\" data-end=\"1890\">d\u01b0\u1edbi t\u1ee7<\/strong> g\u1ed3m hai <strong data-start=\"1899\" data-end=\"1917\">c\u00e1nh g\u1ed7 m\u1edf k\u00edn<\/strong>, ph\u00f9 h\u1ee3p cho vi\u1ec7c l\u01b0u tr\u1eef t\u00e0i li\u1ec7u, h\u1ed3 s\u01a1 ho\u1eb7c v\u1eadt d\u1ee5ng c\u00e1 nh\u00e2n, gi\u00fap gi\u1eef cho v\u0103n ph\u00f2ng lu\u00f4n g\u1ecdn g\u00e0ng v\u00e0 ng\u0103n n\u1eafp.<\/p>\n<\/li>\n<\/ul>\n<p data-start=\"2036\" data-end=\"2100\">V\u1ec1 ch\u1ea5t li\u1ec7u, <strong data-start=\"2050\" data-end=\"2071\">t\u1ee7 h\u1ed3 s\u01a1 DC1840V5<\/strong> c\u00f3 hai l\u1ef1a ch\u1ecdn linh ho\u1ea1t:<\/p>\n<ul data-start=\"2101\" data-end=\"2596\">\n<li data-start=\"2101\" data-end=\"2368\">\n<p data-start=\"2103\" data-end=\"2368\"><strong data-start=\"2103\" data-end=\"2119\">Phi\u00ean b\u1ea3n V5<\/strong>: \u0110\u01b0\u1ee3c s\u1ea3n xu\u1ea5t <strong data-start=\"2135\" data-end=\"2167\">to\u00e0n b\u1ed9 b\u1eb1ng Veneer t\u1ef1 nhi\u00ean<\/strong> ho\u1eb7c <strong data-start=\"2173\" data-end=\"2200\">Veneer k\u1ebft h\u1ee3p Melamine<\/strong>, t\u1ea1o n\u00ean v\u1ebb ngo\u00e0i sang tr\u1ecdng, v\u00e2n g\u1ed7 th\u1eadt t\u1ef1 nhi\u00ean v\u00e0 c\u1ea3m gi\u00e1c \u1ea5m c\u00fang. L\u1edbp s\u01a1n PU ph\u1ee7 b\u00f3ng gi\u00fap t\u0103ng \u0111\u1ed9 b\u1ec1n, ch\u1ed1ng tr\u1ea7y x\u01b0\u1edbc, ch\u1ed1ng \u1ea9m v\u00e0 b\u1ea3o v\u1ec7 b\u1ec1 m\u1eb7t t\u1ee7 hi\u1ec7u qu\u1ea3.<\/p>\n<\/li>\n<li data-start=\"2369\" data-end=\"2596\">\n<p data-start=\"2371\" data-end=\"2596\"><strong data-start=\"2371\" data-end=\"2388\">Phi\u00ean b\u1ea3n VM5<\/strong>: L\u00e0 l\u1ef1a ch\u1ecdn ti\u1ebft ki\u1ec7m h\u01a1n, v\u1edbi <strong data-start=\"2421\" data-end=\"2445\">m\u1eb7t ngo\u00e0i ph\u1ee7 Veneer<\/strong> sang tr\u1ecdng k\u1ebft h\u1ee3p <strong data-start=\"2465\" data-end=\"2495\">m\u1eb7t trong s\u1eed d\u1ee5ng Melamine<\/strong>, gi\u00fap t\u0103ng kh\u1ea3 n\u0103ng ch\u1ed1ng \u1ea9m, d\u1ec5 lau ch\u00f9i v\u00e0 v\u1eabn gi\u1eef \u0111\u01b0\u1ee3c v\u1ebb \u0111\u1eb9p t\u1ef1 nhi\u00ean c\u1ee7a g\u1ed7 th\u1eadt \u1edf b\u00ean ngo\u00e0i.<\/p>\n<\/li>\n<\/ul>\n<p data-start=\"2598\" data-end=\"2856\">K\u00edch th\u01b0\u1edbc <strong data-start=\"2609\" data-end=\"2636\">W1800 x D455 x H2000 mm<\/strong> ph\u00f9 h\u1ee3p v\u1edbi nhi\u1ec1u kh\u00f4ng gian v\u0103n ph\u00f2ng kh\u00e1c nhau, \u0111\u1eb7c bi\u1ec7t l\u00e0 ph\u00f2ng gi\u00e1m \u0111\u1ed1c, ph\u00f2ng h\u1ecdp ho\u1eb7c khu v\u1ef1c l\u01b0u tr\u1eef l\u1edbn. V\u1edbi chi\u1ec1u cao 2m, t\u1ee7 mang l\u1ea1i kh\u1ea3 n\u0103ng l\u01b0u tr\u1eef v\u01b0\u1ee3t tr\u1ed9i trong khi v\u1eabn gi\u1eef \u0111\u01b0\u1ee3c s\u1ef1 g\u1ecdn g\u00e0ng v\u00e0 tinh t\u1ebf.<\/p>\n<p data-start=\"2858\" data-end=\"3288\">B\u00ean c\u1ea1nh c\u00f4ng n\u0103ng l\u01b0u tr\u1eef, <strong data-start=\"2886\" data-end=\"2907\">t\u1ee7 h\u1ed3 s\u01a1 DC1840V5<\/strong> c\u00f2n l\u00e0 \u0111i\u1ec3m nh\u1ea5n n\u1ed9i th\u1ea5t n\u1ed5i b\u1eadt, g\u00f3p ph\u1ea7n t\u1ea1o n\u00ean s\u1ef1 chuy\u00ean nghi\u1ec7p v\u00e0 sang tr\u1ecdng cho kh\u00f4ng gian l\u00e0m vi\u1ec7c. M\u00e0u s\u1eafc Veneer t\u1ef1 nhi\u00ean k\u1ebft h\u1ee3p c\u00f9ng nh\u1eefng chi ti\u1ebft kim lo\u1ea1i s\u00e1ng b\u00f3ng nh\u01b0 tay n\u1eafm, b\u1ea3n l\u1ec1 gi\u00fap t\u1ee7 tr\u1edf n\u00ean hi\u1ec7n \u0111\u1ea1i v\u00e0 cao c\u1ea5p h\u01a1n. \u0110\u1eb7c bi\u1ec7t, b\u1ec1 m\u1eb7t t\u1ee7 \u0111\u01b0\u1ee3c x\u1eed l\u00fd t\u1ec9 m\u1ec9, \u0111\u1ea3m b\u1ea3o \u0111\u1ed9 nh\u1eb5n m\u1ecbn, \u0111\u1ec1u m\u00e0u v\u00e0 \u0111\u1ed9 b\u00f3ng ho\u00e0n h\u1ea3o, th\u1ec3 hi\u1ec7n s\u1ef1 tinh t\u1ebf trong t\u1eebng \u0111\u01b0\u1eddng n\u00e9t gia c\u00f4ng.<\/p>\n<p data-start=\"3290\" data-end=\"3632\">S\u1ea3n ph\u1ea9m \u0111\u01b0\u1ee3c s\u1ea3n xu\u1ea5t theo ti\u00eau chu\u1ea9n ch\u1ea5t l\u01b0\u1ee3ng cao c\u1ee7a <strong data-start=\"3348\" data-end=\"3368\">N\u1ed9i th\u1ea5t The One<\/strong>, \u0111\u1ea3m b\u1ea3o \u0111\u1ed9 b\u1ec1n, kh\u1ea3 n\u0103ng ch\u1ecbu l\u1ef1c v\u00e0 t\u00ednh \u1ed5n \u0111\u1ecbnh khi s\u1eed d\u1ee5ng l\u00e2u d\u00e0i. V\u1edbi kh\u1ea3 n\u0103ng k\u1ebft h\u1ee3p ho\u00e0n h\u1ea3o gi\u1eefa <strong data-start=\"3476\" data-end=\"3508\">t\u00ednh n\u0103ng, th\u1ea9m m\u1ef9 v\u00e0 \u0111\u1ed9 b\u1ec1n<\/strong>, <strong data-start=\"3510\" data-end=\"3531\">t\u1ee7 h\u1ed3 s\u01a1 DC1840V5<\/strong> l\u00e0 l\u1ef1a ch\u1ecdn l\u00fd t\u01b0\u1edfng cho nh\u1eefng ai \u0111ang t\u00ecm ki\u1ebfm m\u1ed9t m\u1eabu t\u1ee7 t\u00e0i li\u1ec7u v\u1eeba sang tr\u1ecdng, v\u1eeba ti\u1ec7n nghi.<\/p>\n<p data-start=\"3634\" data-end=\"3980\" data-is-last-node=\"\" data-is-only-node=\"\">D\u00f9 \u0111\u01b0\u1ee3c \u0111\u1eb7t trong ph\u00f2ng gi\u00e1m \u0111\u1ed1c, ph\u00f2ng h\u1ecdp hay khu v\u1ef1c l\u00e0m vi\u1ec7c chung, <strong data-start=\"3706\" data-end=\"3727\">t\u1ee7 h\u1ed3 s\u01a1 DC1840V5<\/strong> v\u1eabn lu\u00f4n n\u1ed5i b\u1eadt v\u1edbi v\u1ebb \u0111\u1eb9p t\u1ef1 nhi\u00ean c\u1ee7a g\u1ed7 Veneer, \u0111em l\u1ea1i c\u1ea3m gi\u00e1c \u1ea5m \u00e1p, g\u1ea7n g\u0169i nh\u01b0ng kh\u00f4ng k\u00e9m ph\u1ea7n \u0111\u1eb3ng c\u1ea5p. \u0110\u00e2y ch\u1eafc ch\u1eafn l\u00e0 s\u1ea3n ph\u1ea9m n\u1ed9i th\u1ea5t l\u00fd t\u01b0\u1edfng, gi\u00fap ho\u00e0n thi\u1ec7n kh\u00f4ng gian l\u00e0m vi\u1ec7c chuy\u00ean nghi\u1ec7p, \u0111\u1ed3ng th\u1eddi n\u00e2ng t\u1ea7m h\u00ecnh \u1ea3nh doanh nghi\u1ec7p.<\/p>\n","protected":false},"excerpt":{"rendered":"<p data-start=\"25\" data-end=\"390\">T\u1ee7 h\u1ed3 s\u01a1 DC1840V5 l\u00e0 m\u1eabu t\u1ee7 t\u00e0i li\u1ec7u cao c\u1ea5p thu\u1ed9c d\u00f2ng s\u1ea3n ph\u1ea9m Veneer sang tr\u1ecdng c\u1ee7a <strong data-start=\"143\" data-end=\"163\">N\u1ed9i th\u1ea5t The One<\/strong>, \u0111\u01b0\u1ee3c thi\u1ebft k\u1ebf v\u1edbi b\u1ed1 c\u1ee5c 4 khoang ti\u1ec7n d\u1ee5ng. Ph\u1ea7n tr\u00ean c\u00f3 2 khoang c\u00e1nh d\u00e0i d\u00f9ng \u0111\u1ec3 treo \u00e1o, 2 c\u00e1nh khung k\u00ednh tr\u01b0ng b\u00e0y t\u00e0i li\u1ec7u ho\u1eb7c v\u1eadt ph\u1ea9m trang tr\u00ed; ph\u1ea7n d\u01b0\u1edbi g\u1ed3m 2 c\u00e1nh m\u1edf k\u00edn gi\u00fap l\u01b0u tr\u1eef h\u1ed3 s\u01a1 g\u1ecdn g\u00e0ng v\u00e0 ng\u0103n n\u1eafp.<\/p>\n<p data-start=\"392\" data-end=\"427\">S\u1ea3n ph\u1ea9m c\u00f3 2 t\u00f9y ch\u1ecdn ch\u1ea5t li\u1ec7u:<\/p>\n<ul data-start=\"428\" data-end=\"573\">\n<li data-start=\"428\" data-end=\"484\">\n<p data-start=\"430\" data-end=\"484\"><strong data-start=\"430\" data-end=\"437\">V5:<\/strong> Veneer to\u00e0n b\u1ed9 ho\u1eb7c Veneer k\u1ebft h\u1ee3p Melamine.<\/p>\n<\/li>\n<li data-start=\"485\" data-end=\"573\">\n<p data-start=\"487\" data-end=\"573\"><strong data-start=\"487\" data-end=\"495\">VM5:<\/strong> Veneer k\u1ebft h\u1ee3p Melamine \u2013 m\u1eb7t ngo\u00e0i ph\u1ee7 Veneer, m\u1eb7t trong s\u1eed d\u1ee5ng Melamine.<\/p>\n<\/li>\n<\/ul>\n<p data-start=\"575\" data-end=\"918\">K\u00edch th\u01b0\u1edbc: W1800 x D455 x H2000 mm<\/p>\n<p data-start=\"575\" data-end=\"918\">Veneer: <span style=\"color: #ed1c24; font-size: 120%;\"><strong>15.569.000 \u0111<\/strong><\/span><br \/>\nVeneer k\u1ebft h\u1ee3p Melamine: <span style=\"font-size: 120%; color: #ed1c24;\"><strong>9.932.000 \u0111<\/strong><\/span><\/p>\n<p data-start=\"575\" data-end=\"918\">Xu\u1ea5t x\u1ee9: S\u1ea3n ph\u1ea9m c\u1ee7a c\u00f4ng ty <strong data-start=\"643\" data-end=\"663\">N\u1ed8I TH\u1ea4T THE ONE<\/strong> \u2013 Ph\u00e2n ph\u1ed1i b\u1edfi <strong data-start=\"680\" data-end=\"716\">C\u00d4NG TY TNHH SXTM TTNT H\u1eeeU TH\u1ecaNH<\/strong><br data-start=\"716\" data-end=\"719\" \/>B\u1ea3o h\u00e0nh: 12 th\u00e1ng theo ti\u00eau chu\u1ea9n nh\u00e0 m\u00e1y<br data-start=\"761\" data-end=\"764\" \/><span style=\"color: #ed1c24;\"><em data-start=\"764\" data-end=\"916\">L\u01b0u \u00fd: Gi\u00e1 tr\u00ean ch\u01b0a bao g\u1ed3m VAT v\u00e0 ph\u00ed v\u1eadn chuy\u1ec3n. Gi\u00e1 s\u1ea3n ph\u1ea9m c\u00f3 th\u1ec3 thay \u0111\u1ed5i theo t\u1eebng th\u1eddi \u0111i\u1ec3m, vui l\u00f2ng li\u00ean h\u1ec7 \u0111\u1ec3 nh\u1eadn t\u01b0 v\u1ea5n \u01b0u \u0111\u00e3i t\u1ed1t nh\u1ea5t.<\/em><\/span><\/p>\n","protected":false},"featured_media":4194,"comment_status":"open","ping_status":"closed","template":"","meta":[],"product_brand":[],"product_cat":[17,760],"product_tag":[],"class_list":{"0":"post-4193","1":"product","2":"type-product","3":"status-publish","4":"has-post-thumbnail","6":"product_cat-noi-that-van-phong","7":"product_cat-tu-go-van-phong","9":"first","10":"instock","11":"taxable","12":"shipping-taxable","13":"purchasable","14":"product-type-simple"},"_links":{"self":[{"href":"https:\/\/noithathuuthinh.vn\/zh-hans\/wp-json\/wp\/v2\/product\/4193","targetHints":{"allow":["GET"]}}],"collection":[{"href":"https:\/\/noithathuuthinh.vn\/zh-hans\/wp-json\/wp\/v2\/product"}],"about":[{"href":"https:\/\/noithathuuthinh.vn\/zh-hans\/wp-json\/wp\/v2\/types\/product"}],"replies":[{"embeddable":true,"href":"https:\/\/noithathuuthinh.vn\/zh-hans\/wp-json\/wp\/v2\/comments?post=4193"}],"wp:featuredmedia":[{"embeddable":true,"href":"https:\/\/noithathuuthinh.vn\/zh-hans\/wp-json\/wp\/v2\/media\/4194"}],"wp:attachment":[{"href":"https:\/\/noithathuuthinh.vn\/zh-hans\/wp-json\/wp\/v2\/media?parent=4193"}],"wp:term":[{"taxonomy":"product_brand","embeddable":true,"href":"https:\/\/noithathuuthinh.vn\/zh-hans\/wp-json\/wp\/v2\/product_brand?post=4193"},{"taxonomy":"product_cat","embeddable":true,"href":"https:\/\/noithathuuthinh.vn\/zh-hans\/wp-json\/wp\/v2\/product_cat?post=4193"},{"taxonomy":"product_tag","embeddable":true,"href":"https:\/\/noithathuuthinh.vn\/zh-hans\/wp-json\/wp\/v2\/product_tag?post=4193"}],"curies":[{"name":"wp","href":"https:\/\/api.w.org\/{rel}","templated":true}]}}