{"id":4207,"date":"2025-11-06T15:53:49","date_gmt":"2025-11-06T08:53:49","guid":{"rendered":"https:\/\/noithathuuthinh.vn\/?post_type=product&#038;p=4207"},"modified":"2025-11-06T15:53:49","modified_gmt":"2025-11-06T08:53:49","slug":"tu-ho-so-dc940h2","status":"publish","type":"product","link":"https:\/\/noithathuuthinh.vn\/zh-hans\/san-pham\/tu-ho-so-dc940h2\/","title":{"rendered":"T\u1ee7 h\u1ed3 s\u01a1 DC940H2"},"content":{"rendered":"<p data-start=\"751\" data-end=\"1154\">T\u1ee7 h\u1ed3 s\u01a1 DC940H2 l\u00e0 m\u1ed9t trong nh\u1eefng m\u1eabu t\u1ee7 t\u00e0i li\u1ec7u \u0111\u01b0\u1ee3c y\u00eau th\u00edch trong d\u00f2ng s\u1ea3n ph\u1ea9m g\u1ed7 s\u01a1n PU c\u1ee7a <strong data-start=\"894\" data-end=\"914\">N\u1ed9i th\u1ea5t The One<\/strong>, n\u1ed5i b\u1eadt v\u1edbi ki\u1ec3u d\u00e1ng nh\u1ecf g\u1ecdn, c\u00f4ng n\u0103ng l\u01b0u tr\u1eef th\u00f4ng minh v\u00e0 v\u1ebb ngo\u00e0i sang tr\u1ecdng, tinh t\u1ebf. V\u1edbi thi\u1ebft k\u1ebf cao c\u1ea5p, t\u1ee7 kh\u00f4ng ch\u1ec9 \u0111\u00e1p \u1ee9ng nhu c\u1ea7u c\u1ea5t tr\u1eef h\u1ed3 s\u01a1 m\u00e0 c\u00f2n g\u00f3p ph\u1ea7n ho\u00e0n thi\u1ec7n v\u1ebb chuy\u00ean nghi\u1ec7p, \u0111\u1eb3ng c\u1ea5p cho kh\u00f4ng gian l\u00e0m vi\u1ec7c.<\/p>\n<p data-start=\"1156\" data-end=\"1541\">C\u1ea5u tr\u00fac c\u1ee7a <strong data-start=\"1169\" data-end=\"1189\">t\u1ee7 h\u1ed3 s\u01a1 DC940H2<\/strong> \u0111\u01b0\u1ee3c chia th\u00e0nh <strong data-start=\"1206\" data-end=\"1222\">2 ph\u1ea7n ch\u00ednh<\/strong>: ph\u1ea7n tr\u00ean l\u00e0 <strong data-start=\"1237\" data-end=\"1258\">2 c\u00e1nh khung k\u00ednh<\/strong> trong su\u1ed1t, \u0111\u01b0\u1ee3c gia c\u1ed1 ch\u1eafc ch\u1eafn b\u1eb1ng khung g\u1ed7 s\u01a1n PU, cho ph\u00e9p ng\u01b0\u1eddi d\u00f9ng tr\u01b0ng b\u00e0y t\u00e0i li\u1ec7u, b\u1eb1ng khen, c\u00fap l\u01b0u ni\u1ec7m ho\u1eb7c c\u00e1c v\u1eadt ph\u1ea9m trang tr\u00ed, t\u1ea1o \u0111i\u1ec3m nh\u1ea5n sang tr\u1ecdng v\u00e0 g\u1ecdn g\u00e0ng cho v\u0103n ph\u00f2ng. C\u00e1c c\u00e1nh k\u00ednh s\u1eed d\u1ee5ng b\u1ea3n l\u1ec1 cao c\u1ea5p, \u0111\u00f3ng m\u1edf nh\u1eb9 nh\u00e0ng, b\u1ec1n b\u1ec9 theo th\u1eddi gian.<\/p>\n<p data-start=\"1543\" data-end=\"1855\"><strong data-start=\"1543\" data-end=\"1556\">Ph\u1ea7n d\u01b0\u1edbi<\/strong> c\u1ee7a t\u1ee7 g\u1ed3m <strong data-start=\"1568\" data-end=\"1604\">3 ng\u0103n k\u00e9o b\u1ed1 tr\u00ed theo chi\u1ec1u d\u1ecdc<\/strong>, v\u1edbi k\u00edch th\u01b0\u1edbc r\u1ed9ng r\u00e3i, r\u1ea5t ph\u00f9 h\u1ee3p \u0111\u1ec3 l\u01b0u tr\u1eef h\u1ed3 s\u01a1, t\u00e0i li\u1ec7u, gi\u1ea5y t\u1edd ho\u1eb7c c\u00e1c v\u1eadt d\u1ee5ng v\u0103n ph\u00f2ng ph\u1ea9m. H\u1ec7 th\u1ed1ng ray tr\u01b0\u1ee3t kim lo\u1ea1i ch\u1ea5t l\u01b0\u1ee3ng cao gi\u00fap ng\u0103n k\u00e9o v\u1eadn h\u00e0nh tr\u01a1n tru, d\u1ec5 d\u00e0ng \u0111\u00f3ng m\u1edf, mang l\u1ea1i tr\u1ea3i nghi\u1ec7m s\u1eed d\u1ee5ng ti\u1ec7n l\u1ee3i v\u00e0 \u00eam \u00e1i.<\/p>\n<p data-start=\"1857\" data-end=\"2251\">V\u1edbi <strong data-start=\"1861\" data-end=\"1898\">k\u00edch th\u01b0\u1edbc W900 x D400 x H2000 mm<\/strong>, t\u1ee7 DC940H2 c\u00f3 thi\u1ebft k\u1ebf c\u00e2n \u0111\u1ed1i, kh\u00f4ng chi\u1ebfm qu\u00e1 nhi\u1ec1u di\u1ec7n t\u00edch, ph\u00f9 h\u1ee3p v\u1edbi h\u1ea7u h\u1ebft c\u00e1c kh\u00f4ng gian v\u0103n ph\u00f2ng hi\u1ec7n \u0111\u1ea1i, \u0111\u1eb7c bi\u1ec7t l\u00e0 ph\u00f2ng l\u00e3nh \u0111\u1ea1o, ph\u00f2ng h\u00e0nh ch\u00ednh, ph\u00f2ng k\u1ebf to\u00e1n ho\u1eb7c khu v\u1ef1c ti\u1ebfp kh\u00e1ch. T\u1ee7 \u0111\u01b0\u1ee3c l\u00e0m t\u1eeb <strong data-start=\"2120\" data-end=\"2153\">g\u1ed7 c\u00f4ng nghi\u1ec7p s\u01a1n PU cao c\u1ea5p<\/strong>, b\u1ec1 m\u1eb7t x\u1eed l\u00fd k\u1ef9 l\u01b0\u1ee1ng gi\u00fap ch\u1ed1ng \u1ea9m, ch\u1ed1ng tr\u1ea7y x\u01b0\u1edbc, \u0111\u1ed3ng th\u1eddi mang l\u1ea1i \u0111\u1ed9 b\u00f3ng \u0111\u1eb9p t\u1ef1 nhi\u00ean.<\/p>\n<p data-start=\"2253\" data-end=\"2564\">M\u1ed9t trong nh\u1eefng \u0111i\u1ec3m n\u1ed5i b\u1eadt c\u1ee7a t\u1ee7 h\u1ed3 s\u01a1 DC940H2 l\u00e0 <strong data-start=\"2306\" data-end=\"2350\">t\u00ednh th\u1ea9m m\u1ef9 tinh t\u1ebf trong t\u1eebng chi ti\u1ebft<\/strong>. C\u00e1c \u0111\u01b0\u1eddng n\u00e9t vu\u00f4ng v\u1ee9c, s\u1eafc s\u1ea3o k\u1ebft h\u1ee3p v\u1edbi gam m\u00e0u g\u1ed7 t\u1ef1 nhi\u00ean sang tr\u1ecdng t\u1ea1o n\u00ean s\u1ef1 h\u00e0i h\u00f2a cho kh\u00f4ng gian. L\u1edbp s\u01a1n PU kh\u00f4ng ch\u1ec9 b\u1ea3o v\u1ec7 b\u1ec1 m\u1eb7t t\u1ee7 m\u00e0 c\u00f2n gi\u00fap m\u00e0u s\u1eafc b\u1ec1n \u0111\u1eb9p, kh\u00f4ng b\u1ecb phai m\u1edd theo th\u1eddi gian.<\/p>\n<p data-start=\"2566\" data-end=\"2924\">Nh\u1edd thi\u1ebft k\u1ebf th\u00f4ng minh, t\u1ee7 DC940H2 gi\u00fap ng\u01b0\u1eddi d\u00f9ng <strong data-start=\"2618\" data-end=\"2649\">ph\u00e2n lo\u1ea1i t\u00e0i li\u1ec7u khoa h\u1ecdc<\/strong>: t\u00e0i li\u1ec7u quan tr\u1ecdng c\u00f3 th\u1ec3 \u0111\u01b0\u1ee3c c\u1ea5t trong ng\u0103n k\u00e9o kh\u00f3a k\u00edn, trong khi t\u00e0i li\u1ec7u tham kh\u1ea3o ho\u1eb7c v\u1eadt ph\u1ea9m tr\u01b0ng b\u00e0y \u0111\u01b0\u1ee3c \u0111\u1eb7t \u1edf khoang k\u00ednh ph\u00eda tr\u00ean \u0111\u1ec3 d\u1ec5 d\u00e0ng quan s\u00e1t v\u00e0 l\u1ea5y ra khi c\u1ea7n. C\u00e1ch b\u1ed1 tr\u00ed n\u00e0y v\u1eeba ti\u1ec7n d\u1ee5ng v\u1eeba \u0111\u1ea3m b\u1ea3o t\u00ednh chuy\u00ean nghi\u1ec7p cho kh\u00f4ng gian l\u00e0m vi\u1ec7c.<\/p>\n<p data-start=\"2926\" data-end=\"3230\">Ngo\u00e0i c\u00f4ng n\u0103ng ch\u00ednh l\u00e0 l\u01b0u tr\u1eef h\u1ed3 s\u01a1, <strong data-start=\"2966\" data-end=\"2980\">t\u1ee7 DC940H2<\/strong> c\u00f2n mang l\u1ea1i gi\u00e1 tr\u1ecb th\u1ea9m m\u1ef9 cao khi k\u1ebft h\u1ee3p v\u1edbi c\u00e1c m\u1eabu b\u00e0n gi\u00e1m \u0111\u1ed1c, b\u00e0n l\u00e0m vi\u1ec7c ho\u1eb7c t\u1ee7 ph\u1ee5 c\u00f9ng d\u00f2ng <strong data-start=\"3087\" data-end=\"3105\">DC Veneer \u2013 PU<\/strong> c\u1ee7a <strong data-start=\"3110\" data-end=\"3130\">N\u1ed9i th\u1ea5t The One<\/strong>. S\u1ef1 \u0111\u1ed3ng b\u1ed9 trong ch\u1ea5t li\u1ec7u v\u00e0 thi\u1ebft k\u1ebf gi\u00fap kh\u00f4ng gian tr\u1edf n\u00ean h\u00e0i h\u00f2a, tinh t\u1ebf v\u00e0 \u0111\u1eb3ng c\u1ea5p h\u01a1n.<\/p>\n<p data-start=\"3232\" data-end=\"3544\" data-is-last-node=\"\" data-is-only-node=\"\">N\u1ebfu b\u1ea1n \u0111ang t\u00ecm ki\u1ebfm m\u1ed9t m\u1eabu t\u1ee7 h\u1ed3 s\u01a1 v\u1eeba <strong data-start=\"3275\" data-end=\"3297\">ti\u1ec7n d\u1ee5ng, b\u1ec1n \u0111\u1eb9p<\/strong>, v\u1eeba <strong data-start=\"3303\" data-end=\"3348\">mang phong c\u00e1ch hi\u1ec7n \u0111\u1ea1i v\u00e0 chuy\u00ean nghi\u1ec7p<\/strong>, th\u00ec <strong data-start=\"3354\" data-end=\"3374\">t\u1ee7 h\u1ed3 s\u01a1 DC940H2<\/strong> ch\u00ednh l\u00e0 l\u1ef1a ch\u1ecdn ho\u00e0n h\u1ea3o. S\u1ea3n ph\u1ea9m kh\u00f4ng ch\u1ec9 gi\u00fap t\u1ed1i \u01b0u h\u00f3a kh\u00f4ng gian l\u01b0u tr\u1eef m\u00e0 c\u00f2n g\u00f3p ph\u1ea7n kh\u1eb3ng \u0111\u1ecbnh h\u00ecnh \u1ea3nh chuy\u00ean nghi\u1ec7p v\u00e0 \u0111\u1eb3ng c\u1ea5p cho doanh nghi\u1ec7p c\u1ee7a b\u1ea1n.<\/p>\n","protected":false},"excerpt":{"rendered":"<p data-start=\"24\" data-end=\"399\">T\u1ee7 h\u1ed3 s\u01a1 DC940H2 l\u00e0 m\u1eabu t\u1ee7 t\u00e0i li\u1ec7u g\u1ed7 c\u00f4ng nghi\u1ec7p s\u01a1n PU cao c\u1ea5p, \u0111\u01b0\u1ee3c thi\u1ebft k\u1ebf v\u1edbi 2 khoang ti\u1ec7n d\u1ee5ng. Ph\u1ea7n tr\u00ean g\u1ed3m <strong data-start=\"174\" data-end=\"195\">2 c\u00e1nh khung k\u00ednh<\/strong> sang tr\u1ecdng gi\u00fap tr\u01b0ng b\u00e0y t\u00e0i li\u1ec7u ho\u1eb7c v\u1eadt ph\u1ea9m trang tr\u00ed, trong khi ph\u1ea7n d\u01b0\u1edbi b\u1ed1 tr\u00ed <strong data-start=\"283\" data-end=\"297\">3 ng\u0103n k\u00e9o<\/strong> r\u1ed9ng r\u00e3i, gi\u00fap ng\u01b0\u1eddi d\u00f9ng l\u01b0u tr\u1eef h\u1ed3 s\u01a1, gi\u1ea5y t\u1edd, v\u1eadt d\u1ee5ng v\u0103n ph\u00f2ng m\u1ed9t c\u00e1ch ng\u0103n n\u1eafp v\u00e0 khoa h\u1ecdc.<\/p>\n<p data-start=\"401\" data-end=\"588\">K\u00edch th\u01b0\u1edbc: W900 x D400 x H2000 mm<br data-start=\"435\" data-end=\"438\" \/>Xu\u1ea5t x\u1ee9: S\u1ea3n ph\u1ea9m c\u1ee7a <strong data-start=\"460\" data-end=\"488\">C\u00f4ng ty N\u1ed8I TH\u1ea4T THE ONE<\/strong> \u2013 Ph\u00e2n ph\u1ed1i b\u1edfi <strong data-start=\"505\" data-end=\"541\">C\u00d4NG TY TNHH SXTM TTNT H\u1eeeU TH\u1ecaNH<\/strong><br data-start=\"541\" data-end=\"544\" \/>B\u1ea3o h\u00e0nh: 12 th\u00e1ng theo ti\u00eau chu\u1ea9n nh\u00e0 m\u00e1y<\/p>\n<p data-start=\"590\" data-end=\"744\"><span style=\"color: #ed1c24;\"><em data-start=\"590\" data-end=\"742\">L\u01b0u \u00fd: Gi\u00e1 tr\u00ean ch\u01b0a bao g\u1ed3m VAT v\u00e0 ph\u00ed v\u1eadn chuy\u1ec3n. Gi\u00e1 s\u1ea3n ph\u1ea9m c\u00f3 th\u1ec3 thay \u0111\u1ed5i theo t\u1eebng th\u1eddi \u0111i\u1ec3m, vui l\u00f2ng li\u00ean h\u1ec7 \u0111\u1ec3 nh\u1eadn t\u01b0 v\u1ea5n \u01b0u \u0111\u00e3i t\u1ed1t nh\u1ea5t.<\/em><\/span><\/p>\n","protected":false},"featured_media":4208,"comment_status":"open","ping_status":"closed","template":"","meta":[],"product_brand":[],"product_cat":[17,760],"product_tag":[],"class_list":{"0":"post-4207","1":"product","2":"type-product","3":"status-publish","4":"has-post-thumbnail","6":"product_cat-noi-that-van-phong","7":"product_cat-tu-go-van-phong","9":"first","10":"instock","11":"taxable","12":"shipping-taxable","13":"purchasable","14":"product-type-simple"},"_links":{"self":[{"href":"https:\/\/noithathuuthinh.vn\/zh-hans\/wp-json\/wp\/v2\/product\/4207","targetHints":{"allow":["GET"]}}],"collection":[{"href":"https:\/\/noithathuuthinh.vn\/zh-hans\/wp-json\/wp\/v2\/product"}],"about":[{"href":"https:\/\/noithathuuthinh.vn\/zh-hans\/wp-json\/wp\/v2\/types\/product"}],"replies":[{"embeddable":true,"href":"https:\/\/noithathuuthinh.vn\/zh-hans\/wp-json\/wp\/v2\/comments?post=4207"}],"wp:featuredmedia":[{"embeddable":true,"href":"https:\/\/noithathuuthinh.vn\/zh-hans\/wp-json\/wp\/v2\/media\/4208"}],"wp:attachment":[{"href":"https:\/\/noithathuuthinh.vn\/zh-hans\/wp-json\/wp\/v2\/media?parent=4207"}],"wp:term":[{"taxonomy":"product_brand","embeddable":true,"href":"https:\/\/noithathuuthinh.vn\/zh-hans\/wp-json\/wp\/v2\/product_brand?post=4207"},{"taxonomy":"product_cat","embeddable":true,"href":"https:\/\/noithathuuthinh.vn\/zh-hans\/wp-json\/wp\/v2\/product_cat?post=4207"},{"taxonomy":"product_tag","embeddable":true,"href":"https:\/\/noithathuuthinh.vn\/zh-hans\/wp-json\/wp\/v2\/product_tag?post=4207"}],"curies":[{"name":"wp","href":"https:\/\/api.w.org\/{rel}","templated":true}]}}