{"id":4216,"date":"2025-11-06T16:11:26","date_gmt":"2025-11-06T09:11:26","guid":{"rendered":"https:\/\/noithathuuthinh.vn\/?post_type=product&#038;p=4216"},"modified":"2025-11-06T16:11:26","modified_gmt":"2025-11-06T09:11:26","slug":"tu-ho-so-dc1340h1","status":"publish","type":"product","link":"https:\/\/noithathuuthinh.vn\/zh-hans\/san-pham\/tu-ho-so-dc1340h1\/","title":{"rendered":"T\u1ee7 h\u1ed3 s\u01a1 DC1340H1"},"content":{"rendered":"<p data-start=\"661\" data-end=\"1005\">T\u1ee7 h\u1ed3 s\u01a1 DC1340H1 l\u00e0 l\u1ef1a ch\u1ecdn ho\u00e0n h\u1ea3o cho c\u00e1c v\u0103n ph\u00f2ng hi\u1ec7n \u0111\u1ea1i c\u1ea7n gi\u1ea3i ph\u00e1p l\u01b0u tr\u1eef k\u1ebft h\u1ee3p ti\u1ec7n nghi v\u00e0 th\u1ea9m m\u1ef9. V\u1edbi thi\u1ebft k\u1ebf 3 khoang khoa h\u1ecdc, m\u1eabu t\u1ee7 n\u00e0y mang \u0111\u1ebfn kh\u1ea3 n\u0103ng s\u1eafp x\u1ebfp, ph\u00e2n lo\u1ea1i t\u00e0i li\u1ec7u v\u00e0 v\u1eadt d\u1ee5ng c\u00e1 nh\u00e2n m\u1ed9t c\u00e1ch t\u1ed1i \u01b0u, \u0111\u1ed3ng th\u1eddi t\u1ea1o n\u00ean v\u1ebb sang tr\u1ecdng cho kh\u00f4ng gian l\u00e0m vi\u1ec7c.<\/p>\n<p data-start=\"1007\" data-end=\"1436\">Ph\u1ea7n tr\u00ean c\u1ee7a t\u1ee7 h\u1ed3 s\u01a1 DC1340H1 \u0111\u01b0\u1ee3c chia th\u00e0nh ba khoang ri\u00eang bi\u1ec7t. Hai khoang b\u00ean s\u1eed d\u1ee5ng khung c\u00e1nh k\u00ednh trong su\u1ed1t, gi\u00fap ng\u01b0\u1eddi d\u00f9ng d\u1ec5 d\u00e0ng quan s\u00e1t v\u00e0 t\u00ecm ki\u1ebfm t\u00e0i li\u1ec7u, \u0111\u1ed3ng th\u1eddi t\u1ea1o c\u1ea3m gi\u00e1c nh\u1eb9 nh\u00e0ng, tho\u00e1ng \u0111\u00e3ng cho t\u1ed5ng th\u1ec3 s\u1ea3n ph\u1ea9m. Khoang c\u00f2n l\u1ea1i \u0111\u01b0\u1ee3c thi\u1ebft k\u1ebf d\u1ea1ng t\u1ee7 \u00e1o c\u00f3 thanh treo ti\u1ec7n d\u1ee5ng, ph\u00f9 h\u1ee3p cho l\u00e3nh \u0111\u1ea1o ho\u1eb7c nh\u00e2n vi\u00ean c\u00f3 nhu c\u1ea7u c\u1ea5t gi\u1eef \u00e1o kho\u00e1c, vest ho\u1eb7c c\u00e1c v\u1eadt d\u1ee5ng c\u00e1 nh\u00e2n kh\u00e1c trong v\u0103n ph\u00f2ng.<\/p>\n<p data-start=\"1438\" data-end=\"1793\">Ph\u1ea7n d\u01b0\u1edbi c\u1ee7a t\u1ee7 g\u1ed3m ba ng\u0103n k\u00e9o \u0111\u1eb7t gi\u1eefa, hai b\u00ean l\u00e0 hai c\u00e1nh m\u1edf c\u00f3 \u0111\u1ee3t chia ng\u0103n b\u00ean trong. Thi\u1ebft k\u1ebf n\u00e0y gi\u00fap ng\u01b0\u1eddi d\u00f9ng c\u00f3 th\u1ec3 l\u01b0u tr\u1eef t\u00e0i li\u1ec7u m\u1eadt, h\u1ed3 s\u01a1 quan tr\u1ecdng ho\u1eb7c v\u1eadt d\u1ee5ng c\u1ea7n \u0111\u01b0\u1ee3c b\u1ea3o qu\u1ea3n ri\u00eang bi\u1ec7t. C\u00e1c ng\u0103n k\u00e9o tr\u01b0\u1ee3t \u00eam \u00e1i, c\u00e1nh m\u1edf s\u1eed d\u1ee5ng b\u1ea3n l\u1ec1 kim lo\u1ea1i ch\u1eafc ch\u1eafn, \u0111\u1ea3m b\u1ea3o \u0111\u1ed9 b\u1ec1n cao v\u00e0 thao t\u00e1c thu\u1eadn ti\u1ec7n trong su\u1ed1t qu\u00e1 tr\u00ecnh s\u1eed d\u1ee5ng.<\/p>\n<p data-start=\"1795\" data-end=\"2195\">T\u1ee7 h\u1ed3 s\u01a1 DC1340H1 \u0111\u01b0\u1ee3c ch\u1ebf t\u00e1c t\u1eeb g\u1ed7 c\u00f4ng nghi\u1ec7p cao c\u1ea5p ph\u1ee7 Melamine, c\u00f3 kh\u1ea3 n\u0103ng ch\u1ed1ng tr\u1ea7y x\u01b0\u1edbc, ch\u1ed1ng \u1ea9m m\u1ed1c v\u00e0 d\u1ec5 lau ch\u00f9i. B\u1ec1 m\u1eb7t g\u1ed7 l\u00e1ng m\u1ecbn, m\u00e0u s\u1eafc v\u00e2n g\u1ed7 tinh t\u1ebf gi\u00fap s\u1ea3n ph\u1ea9m ph\u00f9 h\u1ee3p v\u1edbi nhi\u1ec1u phong c\u00e1ch n\u1ed9i th\u1ea5t kh\u00e1c nhau \u2014 t\u1eeb hi\u1ec7n \u0111\u1ea1i \u0111\u1ebfn c\u1ed5 \u0111i\u1ec3n. Nh\u1edd \u0111\u00f3, t\u1ee7 kh\u00f4ng ch\u1ec9 l\u00e0 m\u00f3n \u0111\u1ed3 n\u1ed9i th\u1ea5t h\u1eefu d\u1ee5ng m\u00e0 c\u00f2n l\u00e0 \u0111i\u1ec3m nh\u1ea5n trang tr\u00ed g\u00f3p ph\u1ea7n t\u00f4n l\u00ean v\u1ebb chuy\u00ean nghi\u1ec7p c\u1ee7a kh\u00f4ng gian l\u00e0m vi\u1ec7c.<\/p>\n<p data-start=\"2197\" data-end=\"2551\">V\u1edbi k\u00edch th\u01b0\u1edbc W1350 x D400 x H2000 mm, t\u1ee7 DC1340H1 c\u00f3 th\u1ec3 \u0111\u1eb7t \u0111\u1ed9c l\u1eadp ho\u1eb7c k\u1ebft h\u1ee3p c\u00f9ng c\u00e1c m\u1eabu b\u00e0n gi\u00e1m \u0111\u1ed1c, b\u00e0n l\u00e0m vi\u1ec7c ho\u1eb7c t\u1ee7 ph\u1ee5 c\u1ee7a The One \u0111\u1ec3 t\u1ea1o th\u00e0nh m\u1ed9t h\u1ec7 th\u1ed1ng n\u1ed9i th\u1ea5t \u0111\u1ed3ng b\u1ed9. Thi\u1ebft k\u1ebf v\u1eeba \u0111\u1ee7 r\u1ed9ng \u0111\u1ec3 ch\u1ee9a l\u01b0\u1ee3ng l\u1edbn h\u1ed3 s\u01a1 nh\u01b0ng v\u1eabn \u0111\u1ea3m b\u1ea3o s\u1ef1 g\u1ecdn g\u00e0ng, ti\u1ebft ki\u1ec7m di\u1ec7n t\u00edch \u2013 r\u1ea5t ph\u00f9 h\u1ee3p cho c\u00e1c v\u0103n ph\u00f2ng c\u00f3 di\u1ec7n t\u00edch trung b\u00ecnh \u0111\u1ebfn l\u1edbn.<\/p>\n<p data-start=\"2553\" data-end=\"2898\">Kh\u00f4ng ch\u1ec9 d\u1eebng l\u1ea1i \u1edf c\u00f4ng n\u0103ng l\u01b0u tr\u1eef, t\u1ee7 h\u1ed3 s\u01a1 DC1340H1 c\u00f2n th\u1ec3 hi\u1ec7n s\u1ef1 tinh t\u1ebf trong t\u1eebng chi ti\u1ebft nh\u1ecf. Tay n\u1eafm kim lo\u1ea1i m\u1ea1 s\u00e1ng, c\u00e1c \u0111\u01b0\u1eddng vi\u1ec1n \u0111\u01b0\u1ee3c gia c\u00f4ng t\u1ec9 m\u1ec9, k\u1ebft c\u1ea5u c\u00e2n \u0111\u1ed1i gi\u1eefa c\u00e1c khoang mang l\u1ea1i c\u1ea3m gi\u00e1c ch\u1eafc ch\u1eafn v\u00e0 h\u00e0i h\u00f2a. S\u1ea3n ph\u1ea9m v\u1eeba mang t\u00ednh \u1ee9ng d\u1ee5ng cao, v\u1eeba th\u1ec3 hi\u1ec7n phong c\u00e1ch chuy\u00ean nghi\u1ec7p, hi\u1ec7n \u0111\u1ea1i cho doanh nghi\u1ec7p.<\/p>\n<p data-start=\"2900\" data-end=\"3197\" data-is-last-node=\"\" data-is-only-node=\"\">V\u1edbi s\u1ef1 k\u1ebft h\u1ee3p h\u00e0i h\u00f2a gi\u1eefa thi\u1ebft k\u1ebf \u0111a n\u0103ng, ch\u1ea5t li\u1ec7u b\u1ec1n \u0111\u1eb9p v\u00e0 t\u00ednh th\u1ea9m m\u1ef9 cao, <strong data-start=\"2985\" data-end=\"3006\">t\u1ee7 h\u1ed3 s\u01a1 DC1340H1<\/strong> l\u00e0 l\u1ef1a ch\u1ecdn l\u00fd t\u01b0\u1edfng cho m\u1ecdi kh\u00f4ng gian v\u0103n ph\u00f2ng. S\u1ea3n ph\u1ea9m gi\u00fap t\u1ed1i \u01b0u h\u00f3a vi\u1ec7c l\u01b0u tr\u1eef, b\u1ea3o qu\u1ea3n h\u1ed3 s\u01a1, \u0111\u1ed3ng th\u1eddi g\u00f3p ph\u1ea7n t\u1ea1o d\u1ef1ng h\u00ecnh \u1ea3nh chuy\u00ean nghi\u1ec7p, sang tr\u1ecdng cho doanh nghi\u1ec7p b\u1ea1n.<\/p>\n","protected":false},"excerpt":{"rendered":"<p data-start=\"25\" data-end=\"309\">T\u1ee7 h\u1ed3 s\u01a1 DC1340H1 l\u00e0 m\u1eabu t\u1ee7 t\u00e0i li\u1ec7u thi\u1ebft k\u1ebf ti\u1ec7n d\u1ee5ng g\u1ed3m 3 khoang, trong \u0111\u00f3 ph\u1ea7n tr\u00ean c\u00f3 2 c\u00e1nh k\u00ednh \u0111\u1ec3 t\u00e0i li\u1ec7u v\u00e0 1 khoang treo \u00e1o, ph\u1ea7n d\u01b0\u1edbi b\u1ed1 tr\u00ed 3 ng\u0103n k\u00e9o c\u00f9ng 2 c\u00e1nh m\u1edf gi\u00fap ng\u01b0\u1eddi d\u00f9ng c\u00f3 th\u1ec3 l\u01b0u tr\u1eef linh ho\u1ea1t nhi\u1ec1u lo\u1ea1i v\u1eadt d\u1ee5ng kh\u00e1c nhau.<\/p>\n<p data-start=\"311\" data-end=\"654\">K\u00edch th\u01b0\u1edbc: W1350 x D400 x H2000 mm<br data-start=\"346\" data-end=\"349\" \/>Xu\u1ea5t x\u1ee9: S\u1ea3n ph\u1ea9m c\u1ee7a <strong data-start=\"371\" data-end=\"399\">C\u00f4ng ty N\u1ed8I TH\u1ea4T THE ONE<\/strong> \u2013 Ph\u00e2n ph\u1ed1i b\u1edfi <strong data-start=\"416\" data-end=\"452\">C\u00d4NG TY TNHH SXTM TTNT H\u1eeeU TH\u1ecaNH<\/strong><br data-start=\"452\" data-end=\"455\" \/>B\u1ea3o h\u00e0nh: 12 th\u00e1ng theo ti\u00eau chu\u1ea9n nh\u00e0 m\u00e1y<br data-start=\"497\" data-end=\"500\" data-is-only-node=\"\" \/><span style=\"color: #ed1c24;\"><em data-start=\"500\" data-end=\"652\">L\u01b0u \u00fd: Gi\u00e1 tr\u00ean ch\u01b0a bao g\u1ed3m VAT v\u00e0 ph\u00ed v\u1eadn chuy\u1ec3n. Gi\u00e1 s\u1ea3n ph\u1ea9m c\u00f3 th\u1ec3 thay \u0111\u1ed5i theo t\u1eebng th\u1eddi \u0111i\u1ec3m, vui l\u00f2ng li\u00ean h\u1ec7 \u0111\u1ec3 nh\u1eadn t\u01b0 v\u1ea5n \u01b0u \u0111\u00e3i t\u1ed1t nh\u1ea5t.<\/em><\/span><\/p>\n","protected":false},"featured_media":4218,"comment_status":"open","ping_status":"closed","template":"","meta":[],"product_brand":[],"product_cat":[17,760],"product_tag":[],"class_list":{"0":"post-4216","1":"product","2":"type-product","3":"status-publish","4":"has-post-thumbnail","6":"product_cat-noi-that-van-phong","7":"product_cat-tu-go-van-phong","9":"first","10":"instock","11":"taxable","12":"shipping-taxable","13":"purchasable","14":"product-type-simple"},"_links":{"self":[{"href":"https:\/\/noithathuuthinh.vn\/zh-hans\/wp-json\/wp\/v2\/product\/4216","targetHints":{"allow":["GET"]}}],"collection":[{"href":"https:\/\/noithathuuthinh.vn\/zh-hans\/wp-json\/wp\/v2\/product"}],"about":[{"href":"https:\/\/noithathuuthinh.vn\/zh-hans\/wp-json\/wp\/v2\/types\/product"}],"replies":[{"embeddable":true,"href":"https:\/\/noithathuuthinh.vn\/zh-hans\/wp-json\/wp\/v2\/comments?post=4216"}],"wp:featuredmedia":[{"embeddable":true,"href":"https:\/\/noithathuuthinh.vn\/zh-hans\/wp-json\/wp\/v2\/media\/4218"}],"wp:attachment":[{"href":"https:\/\/noithathuuthinh.vn\/zh-hans\/wp-json\/wp\/v2\/media?parent=4216"}],"wp:term":[{"taxonomy":"product_brand","embeddable":true,"href":"https:\/\/noithathuuthinh.vn\/zh-hans\/wp-json\/wp\/v2\/product_brand?post=4216"},{"taxonomy":"product_cat","embeddable":true,"href":"https:\/\/noithathuuthinh.vn\/zh-hans\/wp-json\/wp\/v2\/product_cat?post=4216"},{"taxonomy":"product_tag","embeddable":true,"href":"https:\/\/noithathuuthinh.vn\/zh-hans\/wp-json\/wp\/v2\/product_tag?post=4216"}],"curies":[{"name":"wp","href":"https:\/\/api.w.org\/{rel}","templated":true}]}}