{"id":4220,"date":"2025-11-06T16:42:32","date_gmt":"2025-11-06T09:42:32","guid":{"rendered":"https:\/\/noithathuuthinh.vn\/?post_type=product&#038;p=4220"},"modified":"2025-11-06T16:42:32","modified_gmt":"2025-11-06T09:42:32","slug":"tu-ho-so-dc1350h1","status":"publish","type":"product","link":"https:\/\/noithathuuthinh.vn\/zh-hans\/san-pham\/tu-ho-so-dc1350h1\/","title":{"rendered":"T\u1ee7 h\u1ed3 s\u01a1 DC1350H1"},"content":{"rendered":"<p data-start=\"722\" data-end=\"1135\">T\u1ee7 h\u1ed3 s\u01a1 DC1350H1 l\u00e0 m\u1ed9t trong nh\u1eefng m\u1eabu t\u1ee7 t\u00e0i li\u1ec7u cao c\u1ea5p c\u1ee7a N\u1ed9i th\u1ea5t The One, \u0111\u01b0\u1ee3c thi\u1ebft k\u1ebf h\u01b0\u1edbng \u0111\u1ebfn s\u1ef1 sang tr\u1ecdng v\u00e0 ti\u1ec7n nghi trong kh\u00f4ng gian l\u00e0m vi\u1ec7c. V\u1edbi ki\u1ec3u d\u00e1ng c\u00e2n \u0111\u1ed1i, \u0111\u01b0\u1eddng n\u00e9t thanh l\u1ecbch v\u00e0 ch\u1ea5t li\u1ec7u g\u1ed7 cao c\u1ea5p, s\u1ea3n ph\u1ea9m kh\u00f4ng ch\u1ec9 \u0111\u00e1p \u1ee9ng t\u1ed1t nhu c\u1ea7u l\u01b0u tr\u1eef m\u00e0 c\u00f2n gi\u00fap n\u00e2ng t\u1ea7m di\u1ec7n m\u1ea1o v\u0103n ph\u00f2ng, th\u1ec3 hi\u1ec7n phong c\u00e1ch chuy\u00ean nghi\u1ec7p c\u1ee7a doanh nghi\u1ec7p.<\/p>\n<p data-start=\"1137\" data-end=\"1517\">Ph\u1ea7n tr\u00ean c\u1ee7a t\u1ee7 h\u1ed3 s\u01a1 DC1350H1 g\u1ed3m hai khoang s\u1eed d\u1ee5ng khung c\u00e1nh k\u00ednh trong su\u1ed1t gi\u00fap ng\u01b0\u1eddi d\u00f9ng d\u1ec5 d\u00e0ng quan s\u00e1t t\u00e0i li\u1ec7u, \u0111\u1ed3ng th\u1eddi c\u00f3 th\u1ec3 tr\u01b0ng b\u00e0y c\u00e1c v\u1eadt d\u1ee5ng trang tr\u00ed, b\u1eb1ng khen ho\u1eb7c s\u1ea3n ph\u1ea9m m\u1eabu. Khoang c\u00f2n l\u1ea1i \u0111\u01b0\u1ee3c thi\u1ebft k\u1ebf ri\u00eang \u0111\u1ec3 treo \u00e1o, gi\u00fap ng\u01b0\u1eddi d\u00f9ng thu\u1eadn ti\u1ec7n trong vi\u1ec7c c\u1ea5t gi\u1eef vest, \u00e1o kho\u00e1c hay \u0111\u1ed3ng ph\u1ee5c m\u00e0 kh\u00f4ng b\u1ecb nh\u0103n ho\u1eb7c chi\u1ebfm di\u1ec7n t\u00edch b\u00e0n l\u00e0m vi\u1ec7c.<\/p>\n<p data-start=\"1519\" data-end=\"1867\">Ph\u1ea7n d\u01b0\u1edbi c\u1ee7a t\u1ee7 \u0111\u01b0\u1ee3c chia th\u00e0nh 3 ng\u0103n k\u00e9o trung t\u00e2m v\u00e0 hai c\u00e1nh m\u1edf hai b\u00ean, t\u1ea1o n\u00ean kh\u00f4ng gian l\u01b0u tr\u1eef \u0111a d\u1ea1ng. C\u00e1c ng\u0103n k\u00e9o c\u00f3 ray tr\u01b0\u1ee3t \u00eam, \u0111\u1ed9 b\u1ec1n cao, th\u00edch h\u1ee3p \u0111\u1ec3 ch\u1ee9a gi\u1ea5y t\u1edd, h\u1ed3 s\u01a1 nh\u1ecf g\u1ecdn ho\u1eb7c v\u1eadt d\u1ee5ng c\u00e1 nh\u00e2n. Hai c\u00e1nh m\u1edf v\u1edbi \u0111\u1ee3t chia ng\u0103n r\u1ed9ng r\u00e3i gi\u00fap s\u1eafp x\u1ebfp t\u00e0i li\u1ec7u theo t\u1eebng danh m\u1ee5c, \u0111\u1ed3ng th\u1eddi \u0111\u1ea3m b\u1ea3o t\u00ednh b\u1ea3o m\u1eadt khi c\u1ea7n thi\u1ebft.<\/p>\n<p data-start=\"1869\" data-end=\"2263\">T\u1ee7 h\u1ed3 s\u01a1 DC1350H1 \u0111\u01b0\u1ee3c ch\u1ebf t\u00e1c t\u1eeb g\u1ed7 c\u00f4ng nghi\u1ec7p ph\u1ee7 Melamine cao c\u1ea5p ho\u1eb7c s\u01a1n PU (t\u00f9y d\u00f2ng s\u1ea3n ph\u1ea9m), mang l\u1ea1i kh\u1ea3 n\u0103ng ch\u1ed1ng tr\u1ea7y x\u01b0\u1edbc, ch\u1ed1ng \u1ea9m v\u00e0 d\u1ec5 d\u00e0ng v\u1ec7 sinh. B\u1ec1 m\u1eb7t g\u1ed7 c\u00f3 m\u00e0u s\u1eafc sang tr\u1ecdng, v\u00e2n g\u1ed7 tinh t\u1ebf v\u00e0 \u0111\u1ed9 b\u00f3ng nh\u1eb9, t\u1ea1o c\u1ea3m gi\u00e1c \u1ea5m \u00e1p nh\u01b0ng v\u1eabn gi\u1eef \u0111\u01b0\u1ee3c n\u00e9t hi\u1ec7n \u0111\u1ea1i, ph\u00f9 h\u1ee3p v\u1edbi nhi\u1ec1u kh\u00f4ng gian n\u1ed9i th\u1ea5t v\u0103n ph\u00f2ng \u2013 t\u1eeb ph\u00f2ng gi\u00e1m \u0111\u1ed1c, tr\u01b0\u1edfng ph\u00f2ng cho \u0111\u1ebfn khu v\u1ef1c h\u00e0nh ch\u00ednh.<\/p>\n<p data-start=\"2265\" data-end=\"2540\">V\u1edbi k\u00edch th\u01b0\u1edbc W1350 x D450 x H2000 mm, t\u1ee7 DC1350H1 c\u00f3 s\u1ee9c ch\u1ee9a l\u1edbn nh\u01b0ng v\u1eabn \u0111\u1ea3m b\u1ea3o s\u1ef1 g\u1ecdn g\u00e0ng khi \u0111\u1eb7t trong v\u0103n ph\u00f2ng. Thi\u1ebft k\u1ebf t\u1ee7 \u0111\u1ee9ng cao gi\u00fap t\u1eadn d\u1ee5ng t\u1ed1i \u0111a chi\u1ec1u cao kh\u00f4ng gian m\u00e0 kh\u00f4ng chi\u1ebfm nhi\u1ec1u di\u1ec7n t\u00edch s\u00e0n, nh\u1edd \u0111\u00f3 t\u1ed1i \u01b0u h\u00f3a b\u1ed1 c\u1ee5c t\u1ed5ng th\u1ec3 cho khu l\u00e0m vi\u1ec7c.<\/p>\n<p data-start=\"2542\" data-end=\"2827\">B\u00ean c\u1ea1nh c\u00f4ng n\u0103ng l\u01b0u tr\u1eef hi\u1ec7u qu\u1ea3, t\u1ee7 h\u1ed3 s\u01a1 DC1350H1 c\u00f2n l\u00e0 \u0111i\u1ec3m nh\u1ea5n th\u1ea9m m\u1ef9 v\u1edbi b\u1ed1 c\u1ee5c h\u00e0i h\u00f2a gi\u1eefa ph\u1ea7n k\u00ednh v\u00e0 ph\u1ea7n g\u1ed7, tay n\u1eafm kim lo\u1ea1i m\u1ea1 s\u00e1ng v\u00e0 \u0111\u01b0\u1eddng vi\u1ec1n tinh x\u1ea3o. T\u1ea5t c\u1ea3 t\u1ea1o n\u00ean m\u1ed9t s\u1ea3n ph\u1ea9m v\u1eeba b\u1ec1n b\u1ec9, v\u1eeba \u0111\u1eb9p m\u1eaft, th\u1ec3 hi\u1ec7n \u0111\u1eb3ng c\u1ea5p v\u00e0 s\u1ef1 chuy\u00ean nghi\u1ec7p c\u1ee7a doanh nghi\u1ec7p.<\/p>\n<p data-start=\"2829\" data-end=\"3126\" data-is-last-node=\"\" data-is-only-node=\"\">N\u1ebfu b\u1ea1n \u0111ang t\u00ecm ki\u1ebfm m\u1ed9t m\u1eabu t\u1ee7 t\u00e0i li\u1ec7u c\u00f3 thi\u1ebft k\u1ebf sang tr\u1ecdng, nhi\u1ec1u c\u00f4ng n\u0103ng v\u00e0 \u0111\u1ed9 b\u1ec1n cao, <strong data-start=\"2926\" data-end=\"2947\">t\u1ee7 h\u1ed3 s\u01a1 DC1350H1<\/strong> ch\u00ednh l\u00e0 l\u1ef1a ch\u1ecdn ho\u00e0n h\u1ea3o. S\u1ea3n ph\u1ea9m kh\u00f4ng ch\u1ec9 \u0111\u00e1p \u1ee9ng nhu c\u1ea7u l\u01b0u tr\u1eef m\u00e0 c\u00f2n g\u00f3p ph\u1ea7n x\u00e2y d\u1ef1ng kh\u00f4ng gian l\u00e0m vi\u1ec7c hi\u1ec7n \u0111\u1ea1i, ti\u1ec7n nghi v\u00e0 \u0111\u1ea7y t\u00ednh th\u1ea9m m\u1ef9 cho v\u0103n ph\u00f2ng c\u1ee7a b\u1ea1n.<\/p>\n","protected":false},"excerpt":{"rendered":"<p data-start=\"25\" data-end=\"370\">T\u1ee7 h\u1ed3 s\u01a1 DC1350H1 l\u00e0 m\u1eabu t\u1ee7 t\u00e0i li\u1ec7u thi\u1ebft k\u1ebf ti\u1ec7n \u00edch v\u1edbi 3 khoang b\u1ed1 tr\u00ed khoa h\u1ecdc, ph\u1ea7n tr\u00ean g\u1ed3m 2 c\u00e1nh k\u00ednh \u0111\u1ec3 tr\u01b0ng b\u00e0y ho\u1eb7c l\u01b0u tr\u1eef t\u00e0i li\u1ec7u, c\u00f9ng 1 khoang treo \u00e1o ti\u1ec7n d\u1ee5ng; ph\u1ea7n d\u01b0\u1edbi \u0111\u01b0\u1ee3c trang b\u1ecb 3 ng\u0103n k\u00e9o v\u00e0 2 c\u00e1nh m\u1edf gi\u00fap ng\u01b0\u1eddi d\u00f9ng d\u1ec5 d\u00e0ng s\u1eafp x\u1ebfp h\u1ed3 s\u01a1, v\u1eadt d\u1ee5ng v\u0103n ph\u00f2ng ng\u0103n n\u1eafp v\u00e0 chuy\u00ean nghi\u1ec7p.<\/p>\n<p data-start=\"372\" data-end=\"715\">K\u00edch th\u01b0\u1edbc: W1350 x D450 x H2000 mm<br data-start=\"407\" data-end=\"410\" \/>Xu\u1ea5t x\u1ee9: S\u1ea3n ph\u1ea9m c\u1ee7a <strong data-start=\"432\" data-end=\"460\">C\u00f4ng ty N\u1ed8I TH\u1ea4T THE ONE<\/strong> \u2013 Ph\u00e2n ph\u1ed1i b\u1edfi <strong data-start=\"477\" data-end=\"513\">C\u00d4NG TY TNHH SXTM TTNT H\u1eeeU TH\u1ecaNH<\/strong><br data-start=\"513\" data-end=\"516\" \/>B\u1ea3o h\u00e0nh: 12 th\u00e1ng theo ti\u00eau chu\u1ea9n nh\u00e0 m\u00e1y<br data-start=\"558\" data-end=\"561\" data-is-only-node=\"\" \/><span style=\"color: #ed1c24;\"><em data-start=\"561\" data-end=\"713\">L\u01b0u \u00fd: Gi\u00e1 tr\u00ean ch\u01b0a bao g\u1ed3m VAT v\u00e0 ph\u00ed v\u1eadn chuy\u1ec3n. Gi\u00e1 s\u1ea3n ph\u1ea9m c\u00f3 th\u1ec3 thay \u0111\u1ed5i theo t\u1eebng th\u1eddi \u0111i\u1ec3m, vui l\u00f2ng li\u00ean h\u1ec7 \u0111\u1ec3 nh\u1eadn t\u01b0 v\u1ea5n \u01b0u \u0111\u00e3i t\u1ed1t nh\u1ea5t.<\/em><\/span><\/p>\n","protected":false},"featured_media":4221,"comment_status":"open","ping_status":"closed","template":"","meta":[],"product_brand":[],"product_cat":[17,760],"product_tag":[],"class_list":{"0":"post-4220","1":"product","2":"type-product","3":"status-publish","4":"has-post-thumbnail","6":"product_cat-noi-that-van-phong","7":"product_cat-tu-go-van-phong","9":"first","10":"instock","11":"taxable","12":"shipping-taxable","13":"purchasable","14":"product-type-simple"},"_links":{"self":[{"href":"https:\/\/noithathuuthinh.vn\/zh-hans\/wp-json\/wp\/v2\/product\/4220","targetHints":{"allow":["GET"]}}],"collection":[{"href":"https:\/\/noithathuuthinh.vn\/zh-hans\/wp-json\/wp\/v2\/product"}],"about":[{"href":"https:\/\/noithathuuthinh.vn\/zh-hans\/wp-json\/wp\/v2\/types\/product"}],"replies":[{"embeddable":true,"href":"https:\/\/noithathuuthinh.vn\/zh-hans\/wp-json\/wp\/v2\/comments?post=4220"}],"wp:featuredmedia":[{"embeddable":true,"href":"https:\/\/noithathuuthinh.vn\/zh-hans\/wp-json\/wp\/v2\/media\/4221"}],"wp:attachment":[{"href":"https:\/\/noithathuuthinh.vn\/zh-hans\/wp-json\/wp\/v2\/media?parent=4220"}],"wp:term":[{"taxonomy":"product_brand","embeddable":true,"href":"https:\/\/noithathuuthinh.vn\/zh-hans\/wp-json\/wp\/v2\/product_brand?post=4220"},{"taxonomy":"product_cat","embeddable":true,"href":"https:\/\/noithathuuthinh.vn\/zh-hans\/wp-json\/wp\/v2\/product_cat?post=4220"},{"taxonomy":"product_tag","embeddable":true,"href":"https:\/\/noithathuuthinh.vn\/zh-hans\/wp-json\/wp\/v2\/product_tag?post=4220"}],"curies":[{"name":"wp","href":"https:\/\/api.w.org\/{rel}","templated":true}]}}