{"id":4223,"date":"2025-11-06T16:45:48","date_gmt":"2025-11-06T09:45:48","guid":{"rendered":"https:\/\/noithathuuthinh.vn\/?post_type=product&#038;p=4223"},"modified":"2025-11-06T16:45:48","modified_gmt":"2025-11-06T09:45:48","slug":"tu-ho-so-dc1840h1","status":"publish","type":"product","link":"https:\/\/noithathuuthinh.vn\/zh-hans\/san-pham\/tu-ho-so-dc1840h1\/","title":{"rendered":"T\u1ee7 h\u1ed3 s\u01a1 DC1840H1"},"content":{"rendered":"<p data-start=\"714\" data-end=\"1080\">T\u1ee7 h\u1ed3 s\u01a1 DC1840H1 l\u00e0 m\u1ed9t trong nh\u1eefng m\u1eabu t\u1ee7 t\u00e0i li\u1ec7u sang tr\u1ecdng v\u00e0 ti\u1ec7n nghi nh\u1ea5t c\u1ee7a d\u00f2ng t\u1ee7 v\u0103n ph\u00f2ng cao c\u1ea5p \u0111\u1ebfn t\u1eeb th\u01b0\u01a1ng hi\u1ec7u <strong data-start=\"887\" data-end=\"907\">N\u1ed9i th\u1ea5t The One<\/strong>. V\u1edbi ki\u1ec3u d\u00e1ng b\u1ec1 th\u1ebf, thi\u1ebft k\u1ebf tinh t\u1ebf c\u00f9ng c\u00f4ng n\u0103ng v\u01b0\u1ee3t tr\u1ed9i, s\u1ea3n ph\u1ea9m gi\u00fap t\u1ed1i \u01b0u h\u00f3a kh\u00f4ng gian l\u01b0u tr\u1eef, mang \u0111\u1ebfn s\u1ef1 ng\u0103n n\u1eafp v\u00e0 th\u1ea9m m\u1ef9 cho m\u1ecdi v\u0103n ph\u00f2ng l\u00e0m vi\u1ec7c.<\/p>\n<p data-start=\"1082\" data-end=\"1564\">Ph\u1ea7n tr\u00ean c\u1ee7a t\u1ee7 h\u1ed3 s\u01a1 DC1840H1 \u0111\u01b0\u1ee3c chia th\u00e0nh b\u1ed1n khoang, trong \u0111\u00f3 hai khoang c\u00e1nh khung k\u00ednh l\u00e0 n\u01a1i l\u00fd t\u01b0\u1edfng \u0111\u1ec3 tr\u01b0ng b\u00e0y, l\u01b0u tr\u1eef t\u00e0i li\u1ec7u, h\u1ed3 s\u01a1 ho\u1eb7c v\u1eadt ph\u1ea9m trang tr\u00ed nh\u01b0 c\u00fap, b\u1eb1ng khen, mang \u0111\u1ebfn v\u1ebb chuy\u00ean nghi\u1ec7p v\u00e0 g\u1ecdn g\u00e0ng cho kh\u00f4ng gian l\u00e0m vi\u1ec7c. Hai khoang c\u00f2n l\u1ea1i \u0111\u01b0\u1ee3c thi\u1ebft k\u1ebf ri\u00eang \u0111\u1ec3 treo \u00e1o ho\u1eb7c c\u1ea5t gi\u1eef c\u00e1c v\u1eadt d\u1ee5ng c\u00e1 nh\u00e2n, t\u1ea1o s\u1ef1 ti\u1ec7n l\u1ee3i t\u1ed1i \u0111a cho ng\u01b0\u1eddi d\u00f9ng, \u0111\u1eb7c bi\u1ec7t l\u00e0 c\u00e1c v\u1ecb l\u00e3nh \u0111\u1ea1o, tr\u01b0\u1edfng ph\u00f2ng th\u01b0\u1eddng xuy\u00ean c\u1ea7n thay \u0111\u1ed5i trang ph\u1ee5c trong ng\u00e0y l\u00e0m vi\u1ec7c.<\/p>\n<p data-start=\"1566\" data-end=\"1971\">Ph\u1ea7n d\u01b0\u1edbi c\u1ee7a t\u1ee7 DC1840H1 g\u1ed3m b\u1ed1n ng\u0103n k\u00e9o c\u00f9ng hai c\u00e1nh m\u1edf \u0111\u01b0\u1ee3c s\u1eafp x\u1ebfp khoa h\u1ecdc, gi\u00fap ph\u00e2n chia khu v\u1ef1c l\u01b0u tr\u1eef h\u1ee3p l\u00fd. C\u00e1c ng\u0103n k\u00e9o \u0111\u01b0\u1ee3c trang b\u1ecb ray tr\u01b0\u1ee3t cao c\u1ea5p, v\u1eadn h\u00e0nh \u00eam \u00e1i, ph\u00f9 h\u1ee3p \u0111\u1ec3 c\u1ea5t gi\u1eef h\u1ed3 s\u01a1, gi\u1ea5y t\u1edd ho\u1eb7c c\u00e1c v\u1eadt d\u1ee5ng nh\u1ecf g\u1ecdn c\u1ea7n \u0111\u01b0\u1ee3c s\u1eafp x\u1ebfp ng\u0103n n\u1eafp. Hai khoang c\u00e1nh m\u1edf c\u00f3 \u0111\u1ee3t chia b\u00ean trong t\u1ea1o kh\u00f4ng gian r\u1ed9ng h\u01a1n, gi\u00fap l\u01b0u tr\u1eef t\u00e0i li\u1ec7u, s\u1ed5 s\u00e1ch ho\u1eb7c h\u1ed9p l\u01b0u tr\u1eef v\u1edbi dung t\u00edch l\u1edbn.<\/p>\n<p data-start=\"1973\" data-end=\"2310\">T\u1ee7 h\u1ed3 s\u01a1 DC1840H1 \u0111\u01b0\u1ee3c ch\u1ebf t\u00e1c t\u1eeb g\u1ed7 c\u00f4ng nghi\u1ec7p ch\u1ea5t l\u01b0\u1ee3ng cao, b\u1ec1 m\u1eb7t ph\u1ee7 s\u01a1n PU ho\u1eb7c Melamine (t\u00f9y d\u00f2ng s\u1ea3n ph\u1ea9m), mang l\u1ea1i \u0111\u1ed9 b\u00f3ng m\u1ecbn, kh\u1ea3 n\u0103ng ch\u1ed1ng tr\u1ea7y x\u01b0\u1edbc v\u00e0 ch\u1ed1ng \u1ea9m hi\u1ec7u qu\u1ea3. C\u00e1c chi ti\u1ebft \u0111\u01b0\u1ee3c gia c\u00f4ng t\u1ec9 m\u1ec9, g\u00f3c c\u1ea1nh bo tr\u00f2n tinh t\u1ebf, k\u1ebft h\u1ee3p v\u1edbi tay n\u1eafm kim lo\u1ea1i m\u1ea1 s\u00e1ng gi\u00fap t\u1ed5ng th\u1ec3 s\u1ea3n ph\u1ea9m v\u1eeba hi\u1ec7n \u0111\u1ea1i v\u1eeba sang tr\u1ecdng.<\/p>\n<p data-start=\"2312\" data-end=\"2625\">V\u1edbi k\u00edch th\u01b0\u1edbc <strong data-start=\"2327\" data-end=\"2354\">W1800 x D400 x H2000 mm<\/strong>, t\u1ee7 c\u00f3 s\u1ee9c ch\u1ee9a l\u1edbn, ph\u00f9 h\u1ee3p v\u1edbi nhi\u1ec1u kh\u00f4ng gian v\u0103n ph\u00f2ng t\u1eeb ph\u00f2ng gi\u00e1m \u0111\u1ed1c, ph\u00f2ng h\u1ecdp \u0111\u1ebfn khu v\u1ef1c l\u00e0m vi\u1ec7c chung. Thi\u1ebft k\u1ebf cao, r\u1ed9ng nh\u01b0ng v\u1eabn gi\u1eef \u0111\u01b0\u1ee3c s\u1ef1 thanh tho\u00e1t, kh\u00f4ng t\u1ea1o c\u1ea3m gi\u00e1c c\u1ed3ng k\u1ec1nh, \u0111\u1ed3ng th\u1eddi t\u1eadn d\u1ee5ng t\u1ed1i \u0111a chi\u1ec1u cao kh\u00f4ng gian \u0111\u1ec3 l\u01b0u tr\u1eef hi\u1ec7u qu\u1ea3.<\/p>\n<p data-start=\"2627\" data-end=\"2902\">T\u1ee7 h\u1ed3 s\u01a1 DC1840H1 kh\u00f4ng ch\u1ec9 \u0111\u00e1p \u1ee9ng nhu c\u1ea7u s\u1eafp x\u1ebfp v\u00e0 b\u1ea3o qu\u1ea3n t\u00e0i li\u1ec7u m\u00e0 c\u00f2n \u0111\u00f3ng vai tr\u00f2 nh\u01b0 m\u1ed9t \u0111i\u1ec3m nh\u1ea5n trang tr\u00ed cho v\u0103n ph\u00f2ng. S\u1ef1 k\u1ebft h\u1ee3p h\u00e0i h\u00f2a gi\u1eefa ph\u1ea7n k\u00ednh v\u00e0 ph\u1ea7n g\u1ed7 mang l\u1ea1i c\u1ea3m gi\u00e1c chuy\u00ean nghi\u1ec7p, hi\u1ec7n \u0111\u1ea1i nh\u01b0ng v\u1eabn gi\u1eef n\u00e9t \u1ea5m \u00e1p \u0111\u1eb7c tr\u01b0ng c\u1ee7a n\u1ed9i th\u1ea5t g\u1ed7.<\/p>\n<p data-start=\"2904\" data-end=\"3231\" data-is-last-node=\"\" data-is-only-node=\"\">N\u1ebfu b\u1ea1n \u0111ang t\u00ecm ki\u1ebfm m\u1ed9t m\u1eabu t\u1ee7 t\u00e0i li\u1ec7u c\u00f3 thi\u1ebft k\u1ebf tinh t\u1ebf, nhi\u1ec1u ng\u0103n ti\u1ec7n d\u1ee5ng, ph\u00f9 h\u1ee3p cho kh\u00f4ng gian l\u00e3nh \u0111\u1ea1o ho\u1eb7c v\u0103n ph\u00f2ng cao c\u1ea5p, <strong data-start=\"3045\" data-end=\"3066\">t\u1ee7 h\u1ed3 s\u01a1 DC1840H1<\/strong> ch\u1eafc ch\u1eafn l\u00e0 l\u1ef1a ch\u1ecdn ho\u00e0n h\u1ea3o. S\u1ea3n ph\u1ea9m mang \u0111\u1ebfn s\u1ef1 ti\u1ec7n nghi, sang tr\u1ecdng v\u00e0 b\u1ec1n b\u1ec9 theo th\u1eddi gian, g\u00f3p ph\u1ea7n x\u00e2y d\u1ef1ng h\u00ecnh \u1ea3nh v\u0103n ph\u00f2ng chuy\u00ean nghi\u1ec7p v\u00e0 \u0111\u1eb3ng c\u1ea5p.<\/p>\n","protected":false},"excerpt":{"rendered":"<p data-start=\"25\" data-end=\"362\">T\u1ee7 h\u1ed3 s\u01a1 DC1840H1 l\u00e0 m\u1eabu t\u1ee7 t\u00e0i li\u1ec7u cao c\u1ea5p v\u1edbi thi\u1ebft k\u1ebf g\u1ed3m 4 khoang ti\u1ec7n d\u1ee5ng, mang l\u1ea1i kh\u1ea3 n\u0103ng l\u01b0u tr\u1eef t\u1ed1i \u01b0u cho v\u0103n ph\u00f2ng hi\u1ec7n \u0111\u1ea1i. Ph\u1ea7n tr\u00ean \u0111\u01b0\u1ee3c b\u1ed1 tr\u00ed 2 c\u00e1nh khung k\u00ednh \u0111\u1ec3 t\u00e0i li\u1ec7u v\u00e0 2 khoang treo \u00e1o, ph\u1ea7n d\u01b0\u1edbi g\u1ed3m 4 ng\u0103n k\u00e9o c\u00f9ng hai c\u00e1nh m\u1edf, \u0111\u00e1p \u1ee9ng linh ho\u1ea1t nhu c\u1ea7u s\u1eed d\u1ee5ng c\u1ee7a ng\u01b0\u1eddi d\u00f9ng.<\/p>\n<p data-start=\"364\" data-end=\"707\">K\u00edch th\u01b0\u1edbc: W1800 x D400 x H2000 mm<br data-start=\"399\" data-end=\"402\" \/>Xu\u1ea5t x\u1ee9: S\u1ea3n ph\u1ea9m c\u1ee7a <strong data-start=\"424\" data-end=\"452\">C\u00f4ng ty N\u1ed8I TH\u1ea4T THE ONE<\/strong> \u2013 Ph\u00e2n ph\u1ed1i b\u1edfi <strong data-start=\"469\" data-end=\"505\">C\u00d4NG TY TNHH SXTM TTNT H\u1eeeU TH\u1ecaNH<\/strong><br data-start=\"505\" data-end=\"508\" \/>B\u1ea3o h\u00e0nh: 12 th\u00e1ng theo ti\u00eau chu\u1ea9n nh\u00e0 m\u00e1y<br data-start=\"550\" data-end=\"553\" \/><span style=\"color: #ed1c24;\"><em data-start=\"553\" data-end=\"705\" data-is-only-node=\"\">L\u01b0u \u00fd: Gi\u00e1 tr\u00ean ch\u01b0a bao g\u1ed3m VAT v\u00e0 ph\u00ed v\u1eadn chuy\u1ec3n. Gi\u00e1 s\u1ea3n ph\u1ea9m c\u00f3 th\u1ec3 thay \u0111\u1ed5i theo t\u1eebng th\u1eddi \u0111i\u1ec3m, vui l\u00f2ng li\u00ean h\u1ec7 \u0111\u1ec3 nh\u1eadn t\u01b0 v\u1ea5n \u01b0u \u0111\u00e3i t\u1ed1t nh\u1ea5t.<\/em><\/span><\/p>\n","protected":false},"featured_media":4224,"comment_status":"open","ping_status":"closed","template":"","meta":[],"product_brand":[],"product_cat":[17,760],"product_tag":[],"class_list":{"0":"post-4223","1":"product","2":"type-product","3":"status-publish","4":"has-post-thumbnail","6":"product_cat-noi-that-van-phong","7":"product_cat-tu-go-van-phong","9":"first","10":"instock","11":"taxable","12":"shipping-taxable","13":"purchasable","14":"product-type-simple"},"_links":{"self":[{"href":"https:\/\/noithathuuthinh.vn\/zh-hans\/wp-json\/wp\/v2\/product\/4223","targetHints":{"allow":["GET"]}}],"collection":[{"href":"https:\/\/noithathuuthinh.vn\/zh-hans\/wp-json\/wp\/v2\/product"}],"about":[{"href":"https:\/\/noithathuuthinh.vn\/zh-hans\/wp-json\/wp\/v2\/types\/product"}],"replies":[{"embeddable":true,"href":"https:\/\/noithathuuthinh.vn\/zh-hans\/wp-json\/wp\/v2\/comments?post=4223"}],"wp:featuredmedia":[{"embeddable":true,"href":"https:\/\/noithathuuthinh.vn\/zh-hans\/wp-json\/wp\/v2\/media\/4224"}],"wp:attachment":[{"href":"https:\/\/noithathuuthinh.vn\/zh-hans\/wp-json\/wp\/v2\/media?parent=4223"}],"wp:term":[{"taxonomy":"product_brand","embeddable":true,"href":"https:\/\/noithathuuthinh.vn\/zh-hans\/wp-json\/wp\/v2\/product_brand?post=4223"},{"taxonomy":"product_cat","embeddable":true,"href":"https:\/\/noithathuuthinh.vn\/zh-hans\/wp-json\/wp\/v2\/product_cat?post=4223"},{"taxonomy":"product_tag","embeddable":true,"href":"https:\/\/noithathuuthinh.vn\/zh-hans\/wp-json\/wp\/v2\/product_tag?post=4223"}],"curies":[{"name":"wp","href":"https:\/\/api.w.org\/{rel}","templated":true}]}}