{"id":4225,"date":"2025-11-06T16:48:20","date_gmt":"2025-11-06T09:48:20","guid":{"rendered":"https:\/\/noithathuuthinh.vn\/?post_type=product&#038;p=4225"},"modified":"2025-11-06T16:48:20","modified_gmt":"2025-11-06T09:48:20","slug":"tu-ho-so-dc2200h2","status":"publish","type":"product","link":"https:\/\/noithathuuthinh.vn\/zh-hans\/san-pham\/tu-ho-so-dc2200h2\/","title":{"rendered":"T\u1ee7 h\u1ed3 s\u01a1 DC2200H2"},"content":{"rendered":"<p data-start=\"613\" data-end=\"1066\">T\u1ee7 h\u1ed3 s\u01a1 DC2200H2 thu\u1ed9c d\u00f2ng t\u1ee7 t\u00e0i li\u1ec7u g\u1ed7 s\u01a1n PU cao c\u1ea5p c\u1ee7a th\u01b0\u01a1ng hi\u1ec7u N\u1ed9i th\u1ea5t The One, \u0111\u01b0\u1ee3c thi\u1ebft k\u1ebf tinh t\u1ebf v\u1edbi s\u1ef1 k\u1ebft h\u1ee3p ho\u00e0n h\u1ea3o gi\u1eefa c\u00f4ng n\u0103ng l\u01b0u tr\u1eef v\u00e0 y\u1ebfu t\u1ed1 th\u1ea9m m\u1ef9. V\u1edbi chi\u1ec1u r\u1ed9ng 2m2, chi\u1ec1u s\u00e2u 530mm v\u00e0 chi\u1ec1u cao 2m, s\u1ea3n ph\u1ea9m mang l\u1ea1i kh\u1ea3 n\u0103ng ch\u1ee9a \u0111\u1ef1ng l\u1edbn, \u0111\u00e1p \u1ee9ng t\u1ed1i \u0111a nhu c\u1ea7u s\u1eafp x\u1ebfp h\u1ed3 s\u01a1, t\u00e0i li\u1ec7u v\u00e0 v\u1eadt d\u1ee5ng v\u0103n ph\u00f2ng cho c\u00e1c \u0111\u01a1n v\u1ecb h\u00e0nh ch\u00ednh, doanh nghi\u1ec7p ho\u1eb7c v\u0103n ph\u00f2ng gi\u00e1m \u0111\u1ed1c.<\/p>\n<p data-start=\"1068\" data-end=\"1544\">Ph\u1ea7n b\u1ed1 tr\u00ed c\u1ee7a t\u1ee7 \u0111\u01b0\u1ee3c chia th\u00e0nh nhi\u1ec1u khu v\u1ef1c ch\u1ee9c n\u0103ng r\u00f5 r\u00e0ng. Hai c\u00e1nh ngo\u00e0i c\u1ee7a t\u1ee7 l\u00e0 c\u00e1nh g\u1ed7 \u0111\u1eb7c, t\u1ea1o c\u1ea3m gi\u00e1c ch\u1eafc ch\u1eafn v\u00e0 sang tr\u1ecdng. C\u00e1nh ngo\u00e0i b\u00ean ph\u1ea3i \u0111\u01b0\u1ee3c thi\u1ebft k\u1ebf khoang treo \u00e1o k\u1ebft h\u1ee3p m\u1ed9t \u0111\u1ee3t \u0111\u1ec3 t\u00e0i li\u1ec7u, gi\u00fap ng\u01b0\u1eddi d\u00f9ng thu\u1eadn ti\u1ec7n c\u1ea5t gi\u1eef trang ph\u1ee5c c\u00f4ng s\u1edf ho\u1eb7c \u00e1o kho\u00e1c c\u00e1 nh\u00e2n m\u00e0 v\u1eabn \u0111\u1ea3m b\u1ea3o t\u00ednh g\u1ecdn g\u00e0ng. B\u00ean tr\u00e1i l\u00e0 c\u00e1c khoang chia \u0111\u1ee3t c\u1ed1 \u0111\u1ecbnh v\u00e0 di \u0111\u1ed9ng, r\u1ea5t linh ho\u1ea1t trong vi\u1ec7c s\u1eafp x\u1ebfp t\u00e0i li\u1ec7u, h\u1ed3 s\u01a1 theo t\u1eebng danh m\u1ee5c ho\u1eb7c k\u00edch th\u01b0\u1edbc kh\u00e1c nhau.<\/p>\n<p data-start=\"1546\" data-end=\"1904\">Hai bu\u1ed3ng gi\u1eefa c\u1ee7a t\u1ee7 \u0111\u01b0\u1ee3c thi\u1ebft k\u1ebf th\u00f4ng minh: ph\u1ea7n tr\u00ean l\u00e0 c\u00e1nh k\u00ednh trong su\u1ed1t gi\u00fap d\u1ec5 d\u00e0ng quan s\u00e1t v\u00e0 t\u00ecm ki\u1ebfm h\u1ed3 s\u01a1, \u0111\u1ed3ng th\u1eddi c\u00f3 th\u1ec3 d\u00f9ng \u0111\u1ec3 tr\u01b0ng b\u00e0y t\u00e0i li\u1ec7u, b\u1eb1ng khen, bi\u1ec3u tr\u01b0ng ho\u1eb7c v\u1eadt ph\u1ea9m trang tr\u00ed. Ph\u1ea7n d\u01b0\u1edbi g\u1ed3m 4 ng\u0103n k\u00e9o nh\u1ecf ti\u1ec7n d\u1ee5ng, cho ph\u00e9p l\u01b0u tr\u1eef nh\u1eefng gi\u1ea5y t\u1edd c\u00e1 nh\u00e2n, \u0111\u1ed3 d\u00f9ng v\u0103n ph\u00f2ng ho\u1eb7c c\u00e1c lo\u1ea1i h\u1ed3 s\u01a1 c\u1ea7n b\u1ea3o m\u1eadt ri\u00eang bi\u1ec7t.<\/p>\n<p data-start=\"1906\" data-end=\"2193\">V\u1eadt li\u1ec7u ch\u00ednh c\u1ea5u th\u00e0nh n\u00ean t\u1ee7 h\u1ed3 s\u01a1 DC2200H2 l\u00e0 g\u1ed7 c\u00f4ng nghi\u1ec7p MDF cao c\u1ea5p, b\u1ec1 m\u1eb7t ph\u1ee7 s\u01a1n PU b\u00f3ng m\u1ecbn, c\u00f3 kh\u1ea3 n\u0103ng ch\u1ed1ng tr\u1ea7y x\u01b0\u1edbc, ch\u1ed1ng \u1ea9m v\u00e0 gi\u1eef m\u00e0u t\u1ed1t theo th\u1eddi gian. H\u1ec7 th\u1ed1ng tay n\u1eafm, b\u1ea3n l\u1ec1 v\u00e0 ray tr\u01b0\u1ee3t \u0111\u1ec1u s\u1eed d\u1ee5ng ph\u1ee5 ki\u1ec7n cao c\u1ea5p, gi\u00fap thao t\u00e1c m\u1edf \u2013 \u0111\u00f3ng nh\u1eb9 nh\u00e0ng, b\u1ec1n b\u1ec9.<\/p>\n<p data-start=\"2195\" data-end=\"2514\">V\u1ec1 thi\u1ebft k\u1ebf t\u1ed5ng th\u1ec3, t\u1ee7 DC2200H2 mang phong c\u00e1ch hi\u1ec7n \u0111\u1ea1i nh\u01b0ng v\u1eabn to\u00e1t l\u00ean n\u00e9t sang tr\u1ecdng, chuy\u00ean nghi\u1ec7p. C\u00e1c chi ti\u1ebft \u0111\u01b0\u1ee3c bo vi\u1ec1n tinh t\u1ebf, \u0111\u01b0\u1eddng n\u00e9t h\u00e0i h\u00f2a, m\u00e0u s\u01a1n trang nh\u00e3 ph\u00f9 h\u1ee3p v\u1edbi nhi\u1ec1u phong c\u00e1ch n\u1ed9i th\u1ea5t kh\u00e1c nhau \u2013 t\u1eeb v\u0103n ph\u00f2ng l\u00e3nh \u0111\u1ea1o \u0111\u1ebfn ph\u00f2ng h\u00e0nh ch\u00ednh, ph\u00f2ng h\u1ecdp hay khu v\u1ef1c l\u01b0u tr\u1eef h\u1ed3 s\u01a1 chung.<\/p>\n<p data-start=\"2516\" data-end=\"2785\">Ngo\u00e0i kh\u1ea3 n\u0103ng l\u01b0u tr\u1eef t\u1ed1i \u01b0u, t\u1ee7 c\u00f2n g\u00f3p ph\u1ea7n ho\u00e0n thi\u1ec7n kh\u00f4ng gian l\u00e0m vi\u1ec7c m\u1ed9t c\u00e1ch ch\u1ec9n chu v\u00e0 c\u00f3 t\u1ed5 ch\u1ee9c. S\u1ea3n ph\u1ea9m gi\u00fap ng\u01b0\u1eddi d\u00f9ng d\u1ec5 d\u00e0ng ph\u00e2n lo\u1ea1i v\u00e0 qu\u1ea3n l\u00fd h\u1ed3 s\u01a1 khoa h\u1ecdc, t\u1eeb \u0111\u00f3 n\u00e2ng cao hi\u1ec7u qu\u1ea3 c\u00f4ng vi\u1ec7c v\u00e0 t\u1ea1o d\u1ef1ng h\u00ecnh \u1ea3nh chuy\u00ean nghi\u1ec7p cho doanh nghi\u1ec7p.<\/p>\n<p data-start=\"2787\" data-end=\"3098\" data-is-last-node=\"\" data-is-only-node=\"\">T\u1ee7 h\u1ed3 s\u01a1 DC2200H2 l\u00e0 l\u1ef1a ch\u1ecdn l\u00fd t\u01b0\u1edfng cho nh\u1eefng ai \u0111ang t\u00ecm ki\u1ebfm m\u1ed9t m\u1eabu t\u1ee7 t\u00e0i li\u1ec7u \u0111a n\u0103ng, b\u1ec1n \u0111\u1eb9p v\u00e0 tinh t\u1ebf. V\u1edbi thi\u1ebft k\u1ebf 4 c\u00e1nh ti\u1ec7n l\u1ee3i, nhi\u1ec1u ng\u0103n ch\u1ee9c n\u0103ng v\u00e0 ch\u1ea5t li\u1ec7u g\u1ed7 s\u01a1n PU cao c\u1ea5p, s\u1ea3n ph\u1ea9m kh\u00f4ng ch\u1ec9 mang \u0111\u1ebfn gi\u00e1 tr\u1ecb s\u1eed d\u1ee5ng l\u00e2u d\u00e0i m\u00e0 c\u00f2n l\u00e0 \u0111i\u1ec3m nh\u1ea5n n\u1ed5i b\u1eadt cho kh\u00f4ng gian l\u00e0m vi\u1ec7c hi\u1ec7n \u0111\u1ea1i.<\/p>\n","protected":false},"excerpt":{"rendered":"<p data-start=\"25\" data-end=\"261\">T\u1ee7 h\u1ed3 s\u01a1 DC2200H2 l\u00e0 m\u1eabu t\u1ee7 t\u00e0i li\u1ec7u cao c\u1ea5p \u0111\u01b0\u1ee3c thi\u1ebft k\u1ebf d\u1ea1ng 4 c\u00e1nh ti\u1ec7n d\u1ee5ng, mang phong c\u00e1ch hi\u1ec7n \u0111\u1ea1i v\u00e0 sang tr\u1ecdng, ph\u00f9 h\u1ee3p cho c\u00e1c kh\u00f4ng gian l\u00e0m vi\u1ec7c c\u1ee7a l\u00e3nh \u0111\u1ea1o ho\u1eb7c ph\u00f2ng h\u00e0nh ch\u00ednh \u2013 v\u0103n th\u01b0.<\/p>\n<p data-start=\"263\" data-end=\"606\">K\u00edch th\u01b0\u1edbc: W2200 x D530 x H2000 mm<br data-start=\"298\" data-end=\"301\" \/>Xu\u1ea5t x\u1ee9: S\u1ea3n ph\u1ea9m c\u1ee7a <strong data-start=\"323\" data-end=\"351\">C\u00f4ng ty N\u1ed8I TH\u1ea4T THE ONE<\/strong> \u2013 Ph\u00e2n ph\u1ed1i b\u1edfi <strong data-start=\"368\" data-end=\"404\">C\u00d4NG TY TNHH SXTM TTNT H\u1eeeU TH\u1ecaNH<\/strong><br data-start=\"404\" data-end=\"407\" \/>B\u1ea3o h\u00e0nh: 12 th\u00e1ng theo ti\u00eau chu\u1ea9n nh\u00e0 m\u00e1y<br data-start=\"449\" data-end=\"452\" \/><span style=\"color: #ed1c24;\"><em data-start=\"452\" data-end=\"604\">L\u01b0u \u00fd: Gi\u00e1 tr\u00ean ch\u01b0a bao g\u1ed3m VAT v\u00e0 ph\u00ed v\u1eadn chuy\u1ec3n. Gi\u00e1 s\u1ea3n ph\u1ea9m c\u00f3 th\u1ec3 thay \u0111\u1ed5i theo t\u1eebng th\u1eddi \u0111i\u1ec3m, vui l\u00f2ng li\u00ean h\u1ec7 \u0111\u1ec3 nh\u1eadn t\u01b0 v\u1ea5n \u01b0u \u0111\u00e3i t\u1ed1t nh\u1ea5t.<\/em><\/span><\/p>\n","protected":false},"featured_media":4226,"comment_status":"open","ping_status":"closed","template":"","meta":[],"product_brand":[],"product_cat":[17,760],"product_tag":[],"class_list":{"0":"post-4225","1":"product","2":"type-product","3":"status-publish","4":"has-post-thumbnail","6":"product_cat-noi-that-van-phong","7":"product_cat-tu-go-van-phong","9":"first","10":"instock","11":"taxable","12":"shipping-taxable","13":"purchasable","14":"product-type-simple"},"_links":{"self":[{"href":"https:\/\/noithathuuthinh.vn\/zh-hans\/wp-json\/wp\/v2\/product\/4225","targetHints":{"allow":["GET"]}}],"collection":[{"href":"https:\/\/noithathuuthinh.vn\/zh-hans\/wp-json\/wp\/v2\/product"}],"about":[{"href":"https:\/\/noithathuuthinh.vn\/zh-hans\/wp-json\/wp\/v2\/types\/product"}],"replies":[{"embeddable":true,"href":"https:\/\/noithathuuthinh.vn\/zh-hans\/wp-json\/wp\/v2\/comments?post=4225"}],"wp:featuredmedia":[{"embeddable":true,"href":"https:\/\/noithathuuthinh.vn\/zh-hans\/wp-json\/wp\/v2\/media\/4226"}],"wp:attachment":[{"href":"https:\/\/noithathuuthinh.vn\/zh-hans\/wp-json\/wp\/v2\/media?parent=4225"}],"wp:term":[{"taxonomy":"product_brand","embeddable":true,"href":"https:\/\/noithathuuthinh.vn\/zh-hans\/wp-json\/wp\/v2\/product_brand?post=4225"},{"taxonomy":"product_cat","embeddable":true,"href":"https:\/\/noithathuuthinh.vn\/zh-hans\/wp-json\/wp\/v2\/product_cat?post=4225"},{"taxonomy":"product_tag","embeddable":true,"href":"https:\/\/noithathuuthinh.vn\/zh-hans\/wp-json\/wp\/v2\/product_tag?post=4225"}],"curies":[{"name":"wp","href":"https:\/\/api.w.org\/{rel}","templated":true}]}}